{"id":12155,"date":"2024-04-22T15:26:30","date_gmt":"2024-04-22T13:26:30","guid":{"rendered":"https:\/\/revolutionpadelstore.com\/camiseta-bullpadel-epata-blanco\/"},"modified":"2026-04-08T11:19:49","modified_gmt":"2026-04-08T09:19:49","slug":"camiseta-bullpadel-epata-blanco-2","status":"publish","type":"product","link":"https:\/\/revolutionpadelstore.com\/en\/camiseta-bullpadel-epata-blanco-2\/","title":{"rendered":"CAMISETA BULLPADEL EPATA BLANCO"},"content":{"rendered":"<p>Buy the BULLPADEL EPATA WHITE T-SHIRT at Revolution Padel Store: the best option to look elegant and comfortable on the padel court. Our store offers you the opportunity to purchase this incredible t-shirt from the special line of the International Paddle Federation. With an elegant and functional design, this t-shirt is perfect for standing out on the court and feeling comfortable during your matches.<\/p>\n<p>The BULLPADEL EPATA WHITE T-SHIRT presents a unique design with sublimation on the front area and textured details on the back, which give it a touch of style and distinction. Made with technical polyester and elastic Spandex fabric, this garment provides you with exceptional comfort and great functionality thanks to its Drynamic technology, which reduces humidity and promotes perspiration.<\/p>\n<p>At Revolution Padel Store, we care about offering you high quality products and the BULLPADEL EPATA WHITE T-SHIRT is no exception. Made with the best materials, this shirt guarantees durability and resistance, so you can enjoy it in your padel games for a long time.<\/p>\n<p>Don&#8217;t wait any longer and buy the BULLPADEL EPATA WHITE T-SHIRT at Revolution Padel Store. With our wide range of products and renowned brands in the world of padel, we are your best option to find everything you need to practice your favorite sport. Buy now and stand out on the court with style and comfort!<\/p>\n","protected":false},"excerpt":{"rendered":"<p>T-shirt from the special line of the International Padel Federation with elegant design and Drynamic technology at Revolution Padel Store.<\/p>\n","protected":false},"featured_media":31667,"comment_status":"closed","ping_status":"closed","template":"","meta":{"_acf_changed":false,"_joinchat":[]},"acabado":[],"balance":[],"dureza":[],"forma":[],"jugador":[1198],"marca":[1258],"nivel-de-juego":[],"superficie":[],"tipo-de-juego":[],"product_brand":[],"product_cat":[352,351],"product_tag":[],"class_list":{"0":"post-12155","1":"product","2":"type-product","3":"status-publish","4":"has-post-thumbnail","6":"jugador-woman","7":"marca-bullpadel-en","8":"product_cat-premier-players-clothing","9":"product_cat-ropa-en","11":"first","12":"outofstock","13":"taxable","14":"shipping-taxable","15":"purchasable","16":"product-type-variable"},"acf":[],"yoast_head":"<!-- This site is optimized with the Yoast SEO plugin v27.4 - https:\/\/yoast.com\/product\/yoast-seo-wordpress\/ -->\n<title>CAMISETA BULLPADEL EPATA BLANCO - Revolution Padel Store<\/title>\n<meta name=\"description\" content=\"Camiseta de la l\u00ednea especial de la Federaci\u00f3n Internacional de P\u00e1del con dise\u00f1o elegante y tecnolog\u00eda Drynamic en Revolution Padel Store.\" \/>\n<meta name=\"robots\" content=\"index, follow, max-snippet:-1, max-image-preview:large, max-video-preview:-1\" \/>\n<link rel=\"canonical\" href=\"https:\/\/revolutionpadelstore.com\/en\/camiseta-bullpadel-epata-blanco-2\/\" \/>\n<meta property=\"og:locale\" content=\"en_US\" \/>\n<meta property=\"og:type\" content=\"article\" \/>\n<meta property=\"og:title\" content=\"CAMISETA BULLPADEL EPATA BLANCO - Revolution Padel Store\" \/>\n<meta property=\"og:description\" content=\"Camiseta de la l\u00ednea especial de la Federaci\u00f3n Internacional de P\u00e1del con dise\u00f1o elegante y tecnolog\u00eda Drynamic en Revolution Padel Store.\" \/>\n<meta property=\"og:url\" content=\"https:\/\/revolutionpadelstore.com\/en\/camiseta-bullpadel-epata-blanco-2\/\" \/>\n<meta property=\"og:site_name\" content=\"Revolution Padel Store\" \/>\n<meta property=\"article:modified_time\" content=\"2026-04-08T09:19:49+00:00\" \/>\n<meta property=\"og:image\" content=\"https:\/\/revolutionpadelstore.com\/wp-content\/uploads\/2024\/04\/471783-2-4.jpg\" \/>\n\t<meta property=\"og:image:width\" content=\"1000\" \/>\n\t<meta property=\"og:image:height\" content=\"1188\" \/>\n\t<meta property=\"og:image:type\" content=\"image\/png\" \/>\n<meta name=\"twitter:card\" content=\"summary_large_image\" \/>\n<meta name=\"twitter:label1\" content=\"Est. reading time\" \/>\n\t<meta name=\"twitter:data1\" content=\"2 minutes\" \/>\n<script type=\"application\/ld+json\" class=\"yoast-schema-graph\">{\"@context\":\"https:\\\/\\\/schema.org\",\"@graph\":[{\"@type\":\"WebPage\",\"@id\":\"https:\\\/\\\/revolutionpadelstore.com\\\/en\\\/camiseta-bullpadel-epata-blanco-2\\\/\",\"url\":\"https:\\\/\\\/revolutionpadelstore.com\\\/en\\\/camiseta-bullpadel-epata-blanco-2\\\/\",\"name\":\"CAMISETA BULLPADEL EPATA BLANCO - Revolution Padel Store\",\"isPartOf\":{\"@id\":\"https:\\\/\\\/revolutionpadelstore.com\\\/en\\\/#website\"},\"primaryImageOfPage\":{\"@id\":\"https:\\\/\\\/revolutionpadelstore.com\\\/en\\\/camiseta-bullpadel-epata-blanco-2\\\/#primaryimage\"},\"image\":{\"@id\":\"https:\\\/\\\/revolutionpadelstore.com\\\/en\\\/camiseta-bullpadel-epata-blanco-2\\\/#primaryimage\"},\"thumbnailUrl\":\"https:\\\/\\\/revolutionpadelstore.com\\\/wp-content\\\/uploads\\\/2024\\\/04\\\/471783-2-4.jpg\",\"datePublished\":\"2024-04-22T13:26:30+00:00\",\"dateModified\":\"2026-04-08T09:19:49+00:00\",\"description\":\"Camiseta de la l\u00ednea especial de la Federaci\u00f3n Internacional de P\u00e1del con dise\u00f1o elegante y tecnolog\u00eda Drynamic en Revolution Padel Store.\",\"breadcrumb\":{\"@id\":\"https:\\\/\\\/revolutionpadelstore.com\\\/en\\\/camiseta-bullpadel-epata-blanco-2\\\/#breadcrumb\"},\"inLanguage\":\"en-US\",\"potentialAction\":[{\"@type\":\"ReadAction\",\"target\":[\"https:\\\/\\\/revolutionpadelstore.com\\\/en\\\/camiseta-bullpadel-epata-blanco-2\\\/\"]}]},{\"@type\":\"ImageObject\",\"inLanguage\":\"en-US\",\"@id\":\"https:\\\/\\\/revolutionpadelstore.com\\\/en\\\/camiseta-bullpadel-epata-blanco-2\\\/#primaryimage\",\"url\":\"https:\\\/\\\/revolutionpadelstore.com\\\/wp-content\\\/uploads\\\/2024\\\/04\\\/471783-2-4.jpg\",\"contentUrl\":\"https:\\\/\\\/revolutionpadelstore.com\\\/wp-content\\\/uploads\\\/2024\\\/04\\\/471783-2-4.jpg\",\"width\":1000,\"height\":1188},{\"@type\":\"BreadcrumbList\",\"@id\":\"https:\\\/\\\/revolutionpadelstore.com\\\/en\\\/camiseta-bullpadel-epata-blanco-2\\\/#breadcrumb\",\"itemListElement\":[{\"@type\":\"ListItem\",\"position\":1,\"name\":\"Portada\",\"item\":\"https:\\\/\\\/revolutionpadelstore.com\\\/en\\\/\"},{\"@type\":\"ListItem\",\"position\":2,\"name\":\"Shop\",\"item\":\"https:\\\/\\\/revolutionpadelstore.com\\\/en\\\/shop\\\/\"},{\"@type\":\"ListItem\",\"position\":3,\"name\":\"CAMISETA BULLPADEL EPATA BLANCO\"}]},{\"@type\":\"WebSite\",\"@id\":\"https:\\\/\\\/revolutionpadelstore.com\\\/en\\\/#website\",\"url\":\"https:\\\/\\\/revolutionpadelstore.com\\\/en\\\/\",\"name\":\"Revolution Padel Store\",\"description\":\"\",\"publisher\":{\"@id\":\"https:\\\/\\\/revolutionpadelstore.com\\\/en\\\/#organization\"},\"potentialAction\":[{\"@type\":\"SearchAction\",\"target\":{\"@type\":\"EntryPoint\",\"urlTemplate\":\"https:\\\/\\\/revolutionpadelstore.com\\\/en\\\/?s={search_term_string}\"},\"query-input\":{\"@type\":\"PropertyValueSpecification\",\"valueRequired\":true,\"valueName\":\"search_term_string\"}}],\"inLanguage\":\"en-US\"},{\"@type\":\"Organization\",\"@id\":\"https:\\\/\\\/revolutionpadelstore.com\\\/en\\\/#organization\",\"name\":\"Revolution Padel Store\",\"url\":\"https:\\\/\\\/revolutionpadelstore.com\\\/en\\\/\",\"logo\":{\"@type\":\"ImageObject\",\"inLanguage\":\"en-US\",\"@id\":\"https:\\\/\\\/revolutionpadelstore.com\\\/en\\\/#\\\/schema\\\/logo\\\/image\\\/\",\"url\":\"https:\\\/\\\/revolutionpadelstore.com\\\/wp-content\\\/uploads\\\/2026\\\/02\\\/revolution-padel-store.jpg\",\"contentUrl\":\"https:\\\/\\\/revolutionpadelstore.com\\\/wp-content\\\/uploads\\\/2026\\\/02\\\/revolution-padel-store.jpg\",\"width\":2000,\"height\":2000,\"caption\":\"Revolution Padel Store\"},\"image\":{\"@id\":\"https:\\\/\\\/revolutionpadelstore.com\\\/en\\\/#\\\/schema\\\/logo\\\/image\\\/\"},\"sameAs\":[\"https:\\\/\\\/www.instagram.com\\\/revolutionpadelstore\\\/\"]}]}<\/script>\n<!-- \/ Yoast SEO plugin. -->","yoast_head_json":{"title":"CAMISETA BULLPADEL EPATA BLANCO - Revolution Padel Store","description":"Camiseta de la l\u00ednea especial de la Federaci\u00f3n Internacional de P\u00e1del con dise\u00f1o elegante y tecnolog\u00eda Drynamic en Revolution Padel Store.","robots":{"index":"index","follow":"follow","max-snippet":"max-snippet:-1","max-image-preview":"max-image-preview:large","max-video-preview":"max-video-preview:-1"},"canonical":"https:\/\/revolutionpadelstore.com\/en\/camiseta-bullpadel-epata-blanco-2\/","og_locale":"en_US","og_type":"article","og_title":"CAMISETA BULLPADEL EPATA BLANCO - Revolution Padel Store","og_description":"Camiseta de la l\u00ednea especial de la Federaci\u00f3n Internacional de P\u00e1del con dise\u00f1o elegante y tecnolog\u00eda Drynamic en Revolution Padel Store.","og_url":"https:\/\/revolutionpadelstore.com\/en\/camiseta-bullpadel-epata-blanco-2\/","og_site_name":"Revolution Padel Store","article_modified_time":"2026-04-08T09:19:49+00:00","og_image":[{"width":1000,"height":1188,"url":"https:\/\/revolutionpadelstore.com\/wp-content\/uploads\/2024\/04\/471783-2-4.jpg","type":"image\/png"}],"twitter_card":"summary_large_image","twitter_misc":{"Est. reading time":"2 minutes"},"schema":{"@context":"https:\/\/schema.org","@graph":[{"@type":"WebPage","@id":"https:\/\/revolutionpadelstore.com\/en\/camiseta-bullpadel-epata-blanco-2\/","url":"https:\/\/revolutionpadelstore.com\/en\/camiseta-bullpadel-epata-blanco-2\/","name":"CAMISETA BULLPADEL EPATA BLANCO - Revolution Padel Store","isPartOf":{"@id":"https:\/\/revolutionpadelstore.com\/en\/#website"},"primaryImageOfPage":{"@id":"https:\/\/revolutionpadelstore.com\/en\/camiseta-bullpadel-epata-blanco-2\/#primaryimage"},"image":{"@id":"https:\/\/revolutionpadelstore.com\/en\/camiseta-bullpadel-epata-blanco-2\/#primaryimage"},"thumbnailUrl":"https:\/\/revolutionpadelstore.com\/wp-content\/uploads\/2024\/04\/471783-2-4.jpg","datePublished":"2024-04-22T13:26:30+00:00","dateModified":"2026-04-08T09:19:49+00:00","description":"Camiseta de la l\u00ednea especial de la Federaci\u00f3n Internacional de P\u00e1del con dise\u00f1o elegante y tecnolog\u00eda Drynamic en Revolution Padel Store.","breadcrumb":{"@id":"https:\/\/revolutionpadelstore.com\/en\/camiseta-bullpadel-epata-blanco-2\/#breadcrumb"},"inLanguage":"en-US","potentialAction":[{"@type":"ReadAction","target":["https:\/\/revolutionpadelstore.com\/en\/camiseta-bullpadel-epata-blanco-2\/"]}]},{"@type":"ImageObject","inLanguage":"en-US","@id":"https:\/\/revolutionpadelstore.com\/en\/camiseta-bullpadel-epata-blanco-2\/#primaryimage","url":"https:\/\/revolutionpadelstore.com\/wp-content\/uploads\/2024\/04\/471783-2-4.jpg","contentUrl":"https:\/\/revolutionpadelstore.com\/wp-content\/uploads\/2024\/04\/471783-2-4.jpg","width":1000,"height":1188},{"@type":"BreadcrumbList","@id":"https:\/\/revolutionpadelstore.com\/en\/camiseta-bullpadel-epata-blanco-2\/#breadcrumb","itemListElement":[{"@type":"ListItem","position":1,"name":"Portada","item":"https:\/\/revolutionpadelstore.com\/en\/"},{"@type":"ListItem","position":2,"name":"Shop","item":"https:\/\/revolutionpadelstore.com\/en\/shop\/"},{"@type":"ListItem","position":3,"name":"CAMISETA BULLPADEL EPATA BLANCO"}]},{"@type":"WebSite","@id":"https:\/\/revolutionpadelstore.com\/en\/#website","url":"https:\/\/revolutionpadelstore.com\/en\/","name":"Revolution Padel Store","description":"","publisher":{"@id":"https:\/\/revolutionpadelstore.com\/en\/#organization"},"potentialAction":[{"@type":"SearchAction","target":{"@type":"EntryPoint","urlTemplate":"https:\/\/revolutionpadelstore.com\/en\/?s={search_term_string}"},"query-input":{"@type":"PropertyValueSpecification","valueRequired":true,"valueName":"search_term_string"}}],"inLanguage":"en-US"},{"@type":"Organization","@id":"https:\/\/revolutionpadelstore.com\/en\/#organization","name":"Revolution Padel Store","url":"https:\/\/revolutionpadelstore.com\/en\/","logo":{"@type":"ImageObject","inLanguage":"en-US","@id":"https:\/\/revolutionpadelstore.com\/en\/#\/schema\/logo\/image\/","url":"https:\/\/revolutionpadelstore.com\/wp-content\/uploads\/2026\/02\/revolution-padel-store.jpg","contentUrl":"https:\/\/revolutionpadelstore.com\/wp-content\/uploads\/2026\/02\/revolution-padel-store.jpg","width":2000,"height":2000,"caption":"Revolution Padel Store"},"image":{"@id":"https:\/\/revolutionpadelstore.com\/en\/#\/schema\/logo\/image\/"},"sameAs":["https:\/\/www.instagram.com\/revolutionpadelstore\/"]}]}},"_links":{"self":[{"href":"https:\/\/revolutionpadelstore.com\/en\/wp-json\/wp\/v2\/product\/12155","targetHints":{"allow":["GET"]}}],"collection":[{"href":"https:\/\/revolutionpadelstore.com\/en\/wp-json\/wp\/v2\/product"}],"about":[{"href":"https:\/\/revolutionpadelstore.com\/en\/wp-json\/wp\/v2\/types\/product"}],"replies":[{"embeddable":true,"href":"https:\/\/revolutionpadelstore.com\/en\/wp-json\/wp\/v2\/comments?post=12155"}],"wp:featuredmedia":[{"embeddable":true,"href":"https:\/\/revolutionpadelstore.com\/en\/wp-json\/wp\/v2\/media\/31667"}],"wp:attachment":[{"href":"https:\/\/revolutionpadelstore.com\/en\/wp-json\/wp\/v2\/media?parent=12155"}],"wp:term":[{"taxonomy":"acabado","embeddable":true,"href":"https:\/\/revolutionpadelstore.com\/en\/wp-json\/wp\/v2\/acabado?post=12155"},{"taxonomy":"balance","embeddable":true,"href":"https:\/\/revolutionpadelstore.com\/en\/wp-json\/wp\/v2\/balance?post=12155"},{"taxonomy":"dureza","embeddable":true,"href":"https:\/\/revolutionpadelstore.com\/en\/wp-json\/wp\/v2\/dureza?post=12155"},{"taxonomy":"forma","embeddable":true,"href":"https:\/\/revolutionpadelstore.com\/en\/wp-json\/wp\/v2\/forma?post=12155"},{"taxonomy":"jugador","embeddable":true,"href":"https:\/\/revolutionpadelstore.com\/en\/wp-json\/wp\/v2\/jugador?post=12155"},{"taxonomy":"marca","embeddable":true,"href":"https:\/\/revolutionpadelstore.com\/en\/wp-json\/wp\/v2\/marca?post=12155"},{"taxonomy":"nivel-de-juego","embeddable":true,"href":"https:\/\/revolutionpadelstore.com\/en\/wp-json\/wp\/v2\/nivel-de-juego?post=12155"},{"taxonomy":"superficie","embeddable":true,"href":"https:\/\/revolutionpadelstore.com\/en\/wp-json\/wp\/v2\/superficie?post=12155"},{"taxonomy":"tipo-de-juego","embeddable":true,"href":"https:\/\/revolutionpadelstore.com\/en\/wp-json\/wp\/v2\/tipo-de-juego?post=12155"},{"taxonomy":"product_brand","embeddable":true,"href":"https:\/\/revolutionpadelstore.com\/en\/wp-json\/wp\/v2\/product_brand?post=12155"},{"taxonomy":"product_cat","embeddable":true,"href":"https:\/\/revolutionpadelstore.com\/en\/wp-json\/wp\/v2\/product_cat?post=12155"},{"taxonomy":"product_tag","embeddable":true,"href":"https:\/\/revolutionpadelstore.com\/en\/wp-json\/wp\/v2\/product_tag?post=12155"}],"curies":[{"name":"wp","href":"https:\/\/api.w.org\/{rel}","templated":true}]}}