{"id":12070,"date":"2024-02-29T14:58:33","date_gmt":"2024-02-29T13:58:33","guid":{"rendered":"https:\/\/revolutionpadelstore.com\/adidas-adipower-multiweight-ctrl-3-3-2\/"},"modified":"2026-04-08T16:15:56","modified_gmt":"2026-04-08T14:15:56","slug":"adidas-adipower-multiweight-ctrl-3-3-2","status":"publish","type":"product","link":"https:\/\/revolutionpadelstore.com\/en\/adidas-adipower-multiweight-ctrl-3-3-2\/","title":{"rendered":"ADIDAS ADIPOWER MULTIWEIGHT CTRL 3.3"},"content":{"rendered":"<h2>Adidas Adipower Multiweight CTRL 3.3: Defensive Power in Paddle<\/h2>\n<p>Adidas presents the Adipower Multiweight CTRL 3.3 as a prominent part of its 2024 collection, a perfect option for advanced level padel players, dedicated to the sport with intensity and frequency, seeking to improve their performance in each match.<\/p>\n<p>Its round shape, generous center sweet spot and low balance provide unbeatable control and exceptional handling for agile and fast movements on the court.<\/p>\n<p>The weight of this racket varies between 355 and 365 grams, with the option of adding an additional 9 grams to adjust both the weight and the balance, adapting it to the specific needs of each player and match.<\/p>\n<h3>Durability and Power in every Hit<\/h3>\n<p>In the core, the high-density foam, known as EVA High Memory rubber, enhances higher speed hits. The frame made of carbon fiber ensures optimal strength and durability. The faces, composed of braided 18K carbon fiber filaments, increase the rigidity and resistance of the blade.<\/p>\n<h3>Technologies for Exceptional Gaming<\/h3>\n<p>Structural Reinforcement, with perimeter reinforcements, generates greater resistance to high torsion. Spin Bladel Decal and Smart Holes Curve technologies make it easier for the ball to spin with more spin, improving the player&#8217;s control and degree of spin. In addition, it incorporates Power Embossed Ridge and Dual Exoskeleton technologies, which provide rigidity and reinforce the frame and heart of the racket.<\/p>\n<h2>Adidas Adipower Multiweight CTRL 3.3: Potencia Defensiva en P\u00e1del<\/h2>\n","protected":false},"excerpt":{"rendered":"<p>Adidas Adipower Multiweight CTRL 3.3: Exceptional control and power for advanced players. Round mold, wide sweet spot and low balance. Adjustable weight between 355 and 365 grams. High Memory EVA core, 18k Carbon face, advanced technologies for greater resistance and effect. Ideal for competition.<\/p>\n","protected":false},"featured_media":629,"comment_status":"open","ping_status":"closed","template":"","meta":{"_acf_changed":false,"_joinchat":[]},"acabado":[1088],"balance":[1148],"dureza":[1163],"forma":[1183],"jugador":[1193,1203],"marca":[1233],"nivel-de-juego":[1338],"superficie":[1363],"tipo-de-juego":[1373],"product_brand":[],"product_cat":[303],"product_tag":[],"class_list":{"0":"post-12070","1":"product","2":"type-product","3":"status-publish","4":"has-post-thumbnail","6":"acabado-mate-en","7":"balance-bajo-en","8":"dureza-dura-en","9":"forma-redonda-en","10":"jugador-hombre-en","11":"jugador-multipurpose","12":"marca-adidas-en","13":"superficie-rugosa-en","14":"tipo-de-juego-control-en","15":"product_cat-palas","17":"first","18":"instock","19":"sale","20":"taxable","21":"shipping-taxable","22":"purchasable","23":"product-type-simple"},"acf":[],"yoast_head":"<!-- This site is optimized with the Yoast SEO plugin v27.4 - https:\/\/yoast.com\/product\/yoast-seo-wordpress\/ -->\n<title>ADIDAS ADIPOWER MULTIWEIGHT CTRL 3.3 - Revolution Padel Store<\/title>\n<meta name=\"description\" content=\"Adidas Adipower Multiweight CTRL 3.3: Control excepcional y potencia para jugadores avanzados. Molde redondo, punto dulce amplio y balance bajo. Peso ajustable entre 355 y 365 gramos. N\u00facleo de EVA High Memory, cara de Carbono 18k, tecnolog\u00edas avanzadas para mayor resistencia y efecto. Ideal para competici\u00f3n.\" \/>\n<meta name=\"robots\" content=\"index, follow, max-snippet:-1, max-image-preview:large, max-video-preview:-1\" \/>\n<link rel=\"canonical\" href=\"https:\/\/revolutionpadelstore.com\/en\/adidas-adipower-multiweight-ctrl-3-3-2\/\" \/>\n<meta property=\"og:locale\" content=\"en_US\" \/>\n<meta property=\"og:type\" content=\"article\" \/>\n<meta property=\"og:title\" content=\"Adidas Adipower Multiweight CTRL 3.3\" \/>\n<meta property=\"og:description\" content=\"Adidas Adipower Multiweight CTRL 3.3: Control excepcional y potencia para jugadores avanzados. Molde redondo, punto dulce amplio y balance bajo. Peso ajustable entre 355 y 365 gramos. N\u00facleo de EVA High Memory, cara de Carbono 18k, tecnolog\u00edas avanzadas para mayor resistencia y efecto. Ideal para competici\u00f3n.\" \/>\n<meta property=\"og:url\" content=\"https:\/\/revolutionpadelstore.com\/en\/adidas-adipower-multiweight-ctrl-3-3-2\/\" \/>\n<meta property=\"og:site_name\" content=\"Revolution Padel Store\" \/>\n<meta property=\"article:modified_time\" content=\"2026-04-08T14:15:56+00:00\" \/>\n<meta property=\"og:image\" content=\"https:\/\/revolutionpadelstore.com\/wp-content\/uploads\/2024\/02\/110130_padel_webs_padel_y_grupo_pala_adidas_adipower_multiweight_ctrl_3_3_adrk1_09e6-2.webp\" \/>\n\t<meta property=\"og:image:width\" content=\"1500\" \/>\n\t<meta property=\"og:image:height\" content=\"1500\" \/>\n\t<meta property=\"og:image:type\" content=\"image\/webp\" \/>\n<meta name=\"twitter:card\" content=\"summary_large_image\" \/>\n<meta name=\"twitter:label1\" content=\"Est. reading time\" \/>\n\t<meta name=\"twitter:data1\" content=\"2 minutes\" \/>\n<script type=\"application\/ld+json\" class=\"yoast-schema-graph\">{\"@context\":\"https:\\\/\\\/schema.org\",\"@graph\":[{\"@type\":\"WebPage\",\"@id\":\"https:\\\/\\\/revolutionpadelstore.com\\\/en\\\/adidas-adipower-multiweight-ctrl-3-3-2\\\/\",\"url\":\"https:\\\/\\\/revolutionpadelstore.com\\\/en\\\/adidas-adipower-multiweight-ctrl-3-3-2\\\/\",\"name\":\"ADIDAS ADIPOWER MULTIWEIGHT CTRL 3.3 - Revolution Padel Store\",\"isPartOf\":{\"@id\":\"https:\\\/\\\/revolutionpadelstore.com\\\/en\\\/#website\"},\"primaryImageOfPage\":{\"@id\":\"https:\\\/\\\/revolutionpadelstore.com\\\/en\\\/adidas-adipower-multiweight-ctrl-3-3-2\\\/#primaryimage\"},\"image\":{\"@id\":\"https:\\\/\\\/revolutionpadelstore.com\\\/en\\\/adidas-adipower-multiweight-ctrl-3-3-2\\\/#primaryimage\"},\"thumbnailUrl\":\"https:\\\/\\\/revolutionpadelstore.com\\\/wp-content\\\/uploads\\\/2024\\\/02\\\/110130_padel_webs_padel_y_grupo_pala_adidas_adipower_multiweight_ctrl_3_3_adrk1_09e6-1.webp\",\"datePublished\":\"2024-02-29T13:58:33+00:00\",\"dateModified\":\"2026-04-08T14:15:56+00:00\",\"description\":\"Adidas Adipower Multiweight CTRL 3.3: Control excepcional y potencia para jugadores avanzados. Molde redondo, punto dulce amplio y balance bajo. Peso ajustable entre 355 y 365 gramos. N\u00facleo de EVA High Memory, cara de Carbono 18k, tecnolog\u00edas avanzadas para mayor resistencia y efecto. Ideal para competici\u00f3n.\",\"breadcrumb\":{\"@id\":\"https:\\\/\\\/revolutionpadelstore.com\\\/en\\\/adidas-adipower-multiweight-ctrl-3-3-2\\\/#breadcrumb\"},\"inLanguage\":\"en-US\",\"potentialAction\":[{\"@type\":\"ReadAction\",\"target\":[\"https:\\\/\\\/revolutionpadelstore.com\\\/en\\\/adidas-adipower-multiweight-ctrl-3-3-2\\\/\"]}]},{\"@type\":\"ImageObject\",\"inLanguage\":\"en-US\",\"@id\":\"https:\\\/\\\/revolutionpadelstore.com\\\/en\\\/adidas-adipower-multiweight-ctrl-3-3-2\\\/#primaryimage\",\"url\":\"https:\\\/\\\/revolutionpadelstore.com\\\/wp-content\\\/uploads\\\/2024\\\/02\\\/110130_padel_webs_padel_y_grupo_pala_adidas_adipower_multiweight_ctrl_3_3_adrk1_09e6-1.webp\",\"contentUrl\":\"https:\\\/\\\/revolutionpadelstore.com\\\/wp-content\\\/uploads\\\/2024\\\/02\\\/110130_padel_webs_padel_y_grupo_pala_adidas_adipower_multiweight_ctrl_3_3_adrk1_09e6-1.webp\",\"width\":1500,\"height\":1500,\"caption\":\"ADIDAS ADIPOWER MULTIWEIGHT CTRL 3.3\"},{\"@type\":\"BreadcrumbList\",\"@id\":\"https:\\\/\\\/revolutionpadelstore.com\\\/en\\\/adidas-adipower-multiweight-ctrl-3-3-2\\\/#breadcrumb\",\"itemListElement\":[{\"@type\":\"ListItem\",\"position\":1,\"name\":\"Portada\",\"item\":\"https:\\\/\\\/revolutionpadelstore.com\\\/en\\\/\"},{\"@type\":\"ListItem\",\"position\":2,\"name\":\"Shop\",\"item\":\"https:\\\/\\\/revolutionpadelstore.com\\\/en\\\/shop\\\/\"},{\"@type\":\"ListItem\",\"position\":3,\"name\":\"ADIDAS ADIPOWER MULTIWEIGHT CTRL 3.3\"}]},{\"@type\":\"WebSite\",\"@id\":\"https:\\\/\\\/revolutionpadelstore.com\\\/en\\\/#website\",\"url\":\"https:\\\/\\\/revolutionpadelstore.com\\\/en\\\/\",\"name\":\"Revolution Padel Store\",\"description\":\"\",\"publisher\":{\"@id\":\"https:\\\/\\\/revolutionpadelstore.com\\\/en\\\/#organization\"},\"potentialAction\":[{\"@type\":\"SearchAction\",\"target\":{\"@type\":\"EntryPoint\",\"urlTemplate\":\"https:\\\/\\\/revolutionpadelstore.com\\\/en\\\/?s={search_term_string}\"},\"query-input\":{\"@type\":\"PropertyValueSpecification\",\"valueRequired\":true,\"valueName\":\"search_term_string\"}}],\"inLanguage\":\"en-US\"},{\"@type\":\"Organization\",\"@id\":\"https:\\\/\\\/revolutionpadelstore.com\\\/en\\\/#organization\",\"name\":\"Revolution Padel Store\",\"url\":\"https:\\\/\\\/revolutionpadelstore.com\\\/en\\\/\",\"logo\":{\"@type\":\"ImageObject\",\"inLanguage\":\"en-US\",\"@id\":\"https:\\\/\\\/revolutionpadelstore.com\\\/en\\\/#\\\/schema\\\/logo\\\/image\\\/\",\"url\":\"https:\\\/\\\/revolutionpadelstore.com\\\/wp-content\\\/uploads\\\/2026\\\/02\\\/revolution-padel-store.jpg\",\"contentUrl\":\"https:\\\/\\\/revolutionpadelstore.com\\\/wp-content\\\/uploads\\\/2026\\\/02\\\/revolution-padel-store.jpg\",\"width\":2000,\"height\":2000,\"caption\":\"Revolution Padel Store\"},\"image\":{\"@id\":\"https:\\\/\\\/revolutionpadelstore.com\\\/en\\\/#\\\/schema\\\/logo\\\/image\\\/\"},\"sameAs\":[\"https:\\\/\\\/www.instagram.com\\\/revolutionpadelstore\\\/\"]}]}<\/script>\n<!-- \/ Yoast SEO plugin. -->","yoast_head_json":{"title":"ADIDAS ADIPOWER MULTIWEIGHT CTRL 3.3 - Revolution Padel Store","description":"Adidas Adipower Multiweight CTRL 3.3: Control excepcional y potencia para jugadores avanzados. Molde redondo, punto dulce amplio y balance bajo. Peso ajustable entre 355 y 365 gramos. N\u00facleo de EVA High Memory, cara de Carbono 18k, tecnolog\u00edas avanzadas para mayor resistencia y efecto. Ideal para competici\u00f3n.","robots":{"index":"index","follow":"follow","max-snippet":"max-snippet:-1","max-image-preview":"max-image-preview:large","max-video-preview":"max-video-preview:-1"},"canonical":"https:\/\/revolutionpadelstore.com\/en\/adidas-adipower-multiweight-ctrl-3-3-2\/","og_locale":"en_US","og_type":"article","og_title":"Adidas Adipower Multiweight CTRL 3.3","og_description":"Adidas Adipower Multiweight CTRL 3.3: Control excepcional y potencia para jugadores avanzados. Molde redondo, punto dulce amplio y balance bajo. Peso ajustable entre 355 y 365 gramos. N\u00facleo de EVA High Memory, cara de Carbono 18k, tecnolog\u00edas avanzadas para mayor resistencia y efecto. Ideal para competici\u00f3n.","og_url":"https:\/\/revolutionpadelstore.com\/en\/adidas-adipower-multiweight-ctrl-3-3-2\/","og_site_name":"Revolution Padel Store","article_modified_time":"2026-04-08T14:15:56+00:00","og_image":[{"width":1500,"height":1500,"url":"https:\/\/revolutionpadelstore.com\/wp-content\/uploads\/2024\/02\/110130_padel_webs_padel_y_grupo_pala_adidas_adipower_multiweight_ctrl_3_3_adrk1_09e6-2.webp","type":"image\/webp"}],"twitter_card":"summary_large_image","twitter_misc":{"Est. reading time":"2 minutes"},"schema":{"@context":"https:\/\/schema.org","@graph":[{"@type":"WebPage","@id":"https:\/\/revolutionpadelstore.com\/en\/adidas-adipower-multiweight-ctrl-3-3-2\/","url":"https:\/\/revolutionpadelstore.com\/en\/adidas-adipower-multiweight-ctrl-3-3-2\/","name":"ADIDAS ADIPOWER MULTIWEIGHT CTRL 3.3 - Revolution Padel Store","isPartOf":{"@id":"https:\/\/revolutionpadelstore.com\/en\/#website"},"primaryImageOfPage":{"@id":"https:\/\/revolutionpadelstore.com\/en\/adidas-adipower-multiweight-ctrl-3-3-2\/#primaryimage"},"image":{"@id":"https:\/\/revolutionpadelstore.com\/en\/adidas-adipower-multiweight-ctrl-3-3-2\/#primaryimage"},"thumbnailUrl":"https:\/\/revolutionpadelstore.com\/wp-content\/uploads\/2024\/02\/110130_padel_webs_padel_y_grupo_pala_adidas_adipower_multiweight_ctrl_3_3_adrk1_09e6-1.webp","datePublished":"2024-02-29T13:58:33+00:00","dateModified":"2026-04-08T14:15:56+00:00","description":"Adidas Adipower Multiweight CTRL 3.3: Control excepcional y potencia para jugadores avanzados. Molde redondo, punto dulce amplio y balance bajo. Peso ajustable entre 355 y 365 gramos. N\u00facleo de EVA High Memory, cara de Carbono 18k, tecnolog\u00edas avanzadas para mayor resistencia y efecto. Ideal para competici\u00f3n.","breadcrumb":{"@id":"https:\/\/revolutionpadelstore.com\/en\/adidas-adipower-multiweight-ctrl-3-3-2\/#breadcrumb"},"inLanguage":"en-US","potentialAction":[{"@type":"ReadAction","target":["https:\/\/revolutionpadelstore.com\/en\/adidas-adipower-multiweight-ctrl-3-3-2\/"]}]},{"@type":"ImageObject","inLanguage":"en-US","@id":"https:\/\/revolutionpadelstore.com\/en\/adidas-adipower-multiweight-ctrl-3-3-2\/#primaryimage","url":"https:\/\/revolutionpadelstore.com\/wp-content\/uploads\/2024\/02\/110130_padel_webs_padel_y_grupo_pala_adidas_adipower_multiweight_ctrl_3_3_adrk1_09e6-1.webp","contentUrl":"https:\/\/revolutionpadelstore.com\/wp-content\/uploads\/2024\/02\/110130_padel_webs_padel_y_grupo_pala_adidas_adipower_multiweight_ctrl_3_3_adrk1_09e6-1.webp","width":1500,"height":1500,"caption":"ADIDAS ADIPOWER MULTIWEIGHT CTRL 3.3"},{"@type":"BreadcrumbList","@id":"https:\/\/revolutionpadelstore.com\/en\/adidas-adipower-multiweight-ctrl-3-3-2\/#breadcrumb","itemListElement":[{"@type":"ListItem","position":1,"name":"Portada","item":"https:\/\/revolutionpadelstore.com\/en\/"},{"@type":"ListItem","position":2,"name":"Shop","item":"https:\/\/revolutionpadelstore.com\/en\/shop\/"},{"@type":"ListItem","position":3,"name":"ADIDAS ADIPOWER MULTIWEIGHT CTRL 3.3"}]},{"@type":"WebSite","@id":"https:\/\/revolutionpadelstore.com\/en\/#website","url":"https:\/\/revolutionpadelstore.com\/en\/","name":"Revolution Padel Store","description":"","publisher":{"@id":"https:\/\/revolutionpadelstore.com\/en\/#organization"},"potentialAction":[{"@type":"SearchAction","target":{"@type":"EntryPoint","urlTemplate":"https:\/\/revolutionpadelstore.com\/en\/?s={search_term_string}"},"query-input":{"@type":"PropertyValueSpecification","valueRequired":true,"valueName":"search_term_string"}}],"inLanguage":"en-US"},{"@type":"Organization","@id":"https:\/\/revolutionpadelstore.com\/en\/#organization","name":"Revolution Padel Store","url":"https:\/\/revolutionpadelstore.com\/en\/","logo":{"@type":"ImageObject","inLanguage":"en-US","@id":"https:\/\/revolutionpadelstore.com\/en\/#\/schema\/logo\/image\/","url":"https:\/\/revolutionpadelstore.com\/wp-content\/uploads\/2026\/02\/revolution-padel-store.jpg","contentUrl":"https:\/\/revolutionpadelstore.com\/wp-content\/uploads\/2026\/02\/revolution-padel-store.jpg","width":2000,"height":2000,"caption":"Revolution Padel Store"},"image":{"@id":"https:\/\/revolutionpadelstore.com\/en\/#\/schema\/logo\/image\/"},"sameAs":["https:\/\/www.instagram.com\/revolutionpadelstore\/"]}]}},"_links":{"self":[{"href":"https:\/\/revolutionpadelstore.com\/en\/wp-json\/wp\/v2\/product\/12070","targetHints":{"allow":["GET"]}}],"collection":[{"href":"https:\/\/revolutionpadelstore.com\/en\/wp-json\/wp\/v2\/product"}],"about":[{"href":"https:\/\/revolutionpadelstore.com\/en\/wp-json\/wp\/v2\/types\/product"}],"replies":[{"embeddable":true,"href":"https:\/\/revolutionpadelstore.com\/en\/wp-json\/wp\/v2\/comments?post=12070"}],"wp:featuredmedia":[{"embeddable":true,"href":"https:\/\/revolutionpadelstore.com\/en\/wp-json\/wp\/v2\/media\/629"}],"wp:attachment":[{"href":"https:\/\/revolutionpadelstore.com\/en\/wp-json\/wp\/v2\/media?parent=12070"}],"wp:term":[{"taxonomy":"acabado","embeddable":true,"href":"https:\/\/revolutionpadelstore.com\/en\/wp-json\/wp\/v2\/acabado?post=12070"},{"taxonomy":"balance","embeddable":true,"href":"https:\/\/revolutionpadelstore.com\/en\/wp-json\/wp\/v2\/balance?post=12070"},{"taxonomy":"dureza","embeddable":true,"href":"https:\/\/revolutionpadelstore.com\/en\/wp-json\/wp\/v2\/dureza?post=12070"},{"taxonomy":"forma","embeddable":true,"href":"https:\/\/revolutionpadelstore.com\/en\/wp-json\/wp\/v2\/forma?post=12070"},{"taxonomy":"jugador","embeddable":true,"href":"https:\/\/revolutionpadelstore.com\/en\/wp-json\/wp\/v2\/jugador?post=12070"},{"taxonomy":"marca","embeddable":true,"href":"https:\/\/revolutionpadelstore.com\/en\/wp-json\/wp\/v2\/marca?post=12070"},{"taxonomy":"nivel-de-juego","embeddable":true,"href":"https:\/\/revolutionpadelstore.com\/en\/wp-json\/wp\/v2\/nivel-de-juego?post=12070"},{"taxonomy":"superficie","embeddable":true,"href":"https:\/\/revolutionpadelstore.com\/en\/wp-json\/wp\/v2\/superficie?post=12070"},{"taxonomy":"tipo-de-juego","embeddable":true,"href":"https:\/\/revolutionpadelstore.com\/en\/wp-json\/wp\/v2\/tipo-de-juego?post=12070"},{"taxonomy":"product_brand","embeddable":true,"href":"https:\/\/revolutionpadelstore.com\/en\/wp-json\/wp\/v2\/product_brand?post=12070"},{"taxonomy":"product_cat","embeddable":true,"href":"https:\/\/revolutionpadelstore.com\/en\/wp-json\/wp\/v2\/product_cat?post=12070"},{"taxonomy":"product_tag","embeddable":true,"href":"https:\/\/revolutionpadelstore.com\/en\/wp-json\/wp\/v2\/product_tag?post=12070"}],"curies":[{"name":"wp","href":"https:\/\/api.w.org\/{rel}","templated":true}]}}