{"id":12065,"date":"2024-02-29T15:14:09","date_gmt":"2024-02-29T14:14:09","guid":{"rendered":"https:\/\/revolutionpadelstore.com\/adidas-adipower-multiweight-3-3-2\/"},"modified":"2026-04-08T16:15:19","modified_gmt":"2026-04-08T14:15:19","slug":"adidas-adipower-multiweight-3-3","status":"publish","type":"product","link":"https:\/\/revolutionpadelstore.com\/en\/adidas-adipower-multiweight-3-3\/","title":{"rendered":"ADIDAS ADIPOWER MULTIWEIGHT 3.3"},"content":{"rendered":"<h2>Adidas Adipower Multiweight 3.3, more speed and control<\/h2>\n<p>Designed for high-level padel players who practice the sport frequently and intensely, the <strong>Adidas Adipower Multiweight 3.3<\/strong> provides magnificent control in fast movements.<\/p>\n<p>It has a round shape, its balance is low and the sweet spot is centered, making it ideal if you are looking to improve the feeling of control and easy handling.<\/p>\n<p>Due to the weight system located on the edge rail <strong>Weight &amp; Balance System Multiweight<\/strong>, this racket has the peculiarity of being able to modify its weight, adding up to 9 grams distributed over 7 screws, to adapt the balance to the needs of the moment.<\/p>\n<h3>Optimized resistance<\/h3>\n<p>As for materials, the frame is made of carbon fiber, while intertwined 18K carbon fiber filaments have been used for the faces. This material guarantees great durability, rigidity and resistance.<\/p>\n<p>On the other hand, in the core we find high-density rubber <strong>EVA High Memory<\/strong>, a foam that stands out for providing supreme power in the fastest hits.<\/p>\n<h3>Spin-filled blows<\/h3>\n<p>Likewise, it has an internal carbon rib in the frame called <strong>Power Embossed Ridge<\/strong>, which is responsible for increasing the rigidity of the structure. Thanks to the <strong>Dual Exoskeleton<\/strong> the frame and heart of the racket are reinforced so that the player exerts more force in each blow.<\/p>\n<p>Likewise, to improve durability it includes <strong>Structural Reinforcement<\/strong>, which consists of perimeter reinforcements that resist high torsion.<\/p>\n<p>And with the intention that the player can hit the ball with much more spin and be able to surprise his opponents more easily, it incorporates the <strong>Spin Blade Decal<\/strong> relief and the <strong>Smart Holes Curve<\/strong>, a hole arrangement designed to facilitate the use of effects.<\/p>\n<h2>Adidas Adipower Multiweight 3.3, m\u00e1s velocidad y control<\/h2>\n","protected":false},"excerpt":{"rendered":"<p>Adidas Adipower Multiweight 3.3: Power and control in every blow. With an adjustable Weight &amp; Balance system, this high-performance racket offers optimal resistance and hits full of spin. Designed for advanced players in competition.<\/p>\n","protected":false},"featured_media":646,"comment_status":"open","ping_status":"closed","template":"","meta":{"_acf_changed":false,"_joinchat":[]},"acabado":[1088],"balance":[1138],"dureza":[1158],"forma":[1173],"jugador":[1193,1203],"marca":[1233],"nivel-de-juego":[1338],"superficie":[1363],"tipo-de-juego":[1373],"product_brand":[],"product_cat":[303],"product_tag":[],"class_list":{"0":"post-12065","1":"product","2":"type-product","3":"status-publish","4":"has-post-thumbnail","6":"acabado-mate-en","7":"balance-alto-en","8":"dureza-media-en","9":"forma-diamante-en","10":"jugador-hombre-en","11":"jugador-multipurpose","12":"marca-adidas-en","13":"superficie-rugosa-en","14":"tipo-de-juego-control-en","15":"product_cat-palas","17":"first","18":"instock","19":"sale","20":"taxable","21":"shipping-taxable","22":"purchasable","23":"product-type-simple"},"acf":[],"yoast_head":"<!-- This site is optimized with the Yoast SEO plugin v27.4 - https:\/\/yoast.com\/product\/yoast-seo-wordpress\/ -->\n<title>ADIDAS ADIPOWER MULTIWEIGHT 3.3 - Revolution Padel Store<\/title>\n<meta name=\"description\" content=\"Adidas Adipower Multiweight 3.3: Potencia y control en cada golpe. Con sistema Weight &amp; Balance ajustable, esta pala de alto rendimiento ofrece resistencia \u00f3ptima y golpes llenos de efecto. Dise\u00f1ada para jugadores avanzados en competici\u00f3n.\" \/>\n<meta name=\"robots\" content=\"index, follow, max-snippet:-1, max-image-preview:large, max-video-preview:-1\" \/>\n<link rel=\"canonical\" href=\"https:\/\/revolutionpadelstore.com\/en\/adidas-adipower-multiweight-3-3\/\" \/>\n<meta property=\"og:locale\" content=\"en_US\" \/>\n<meta property=\"og:type\" content=\"article\" \/>\n<meta property=\"og:title\" content=\"Adidas Adipower Multiweight 3.3\" \/>\n<meta property=\"og:description\" content=\"Adidas Adipower Multiweight 3.3: Potencia y control en cada golpe. Con sistema Weight &amp; Balance ajustable, esta pala de alto rendimiento ofrece resistencia \u00f3ptima y golpes llenos de efecto. Dise\u00f1ada para jugadores avanzados en competici\u00f3n.\" \/>\n<meta property=\"og:url\" content=\"https:\/\/revolutionpadelstore.com\/en\/adidas-adipower-multiweight-3-3\/\" \/>\n<meta property=\"og:site_name\" content=\"Revolution Padel Store\" \/>\n<meta property=\"article:modified_time\" content=\"2026-04-08T14:15:19+00:00\" \/>\n<meta property=\"og:image\" content=\"https:\/\/revolutionpadelstore.com\/wp-content\/uploads\/2024\/02\/110129_padel_webs_padel_y_grupo_pala_adidas_adipower_multiweight_3_3_adrk1aa2u0_835a-4.webp\" \/>\n\t<meta property=\"og:image:width\" content=\"1500\" \/>\n\t<meta property=\"og:image:height\" content=\"1500\" \/>\n\t<meta property=\"og:image:type\" content=\"image\/webp\" \/>\n<meta name=\"twitter:card\" content=\"summary_large_image\" \/>\n<meta name=\"twitter:label1\" content=\"Est. reading time\" \/>\n\t<meta name=\"twitter:data1\" content=\"2 minutes\" \/>\n<script type=\"application\/ld+json\" class=\"yoast-schema-graph\">{\"@context\":\"https:\\\/\\\/schema.org\",\"@graph\":[{\"@type\":\"WebPage\",\"@id\":\"https:\\\/\\\/revolutionpadelstore.com\\\/en\\\/adidas-adipower-multiweight-3-3\\\/\",\"url\":\"https:\\\/\\\/revolutionpadelstore.com\\\/en\\\/adidas-adipower-multiweight-3-3\\\/\",\"name\":\"ADIDAS ADIPOWER MULTIWEIGHT 3.3 - Revolution Padel Store\",\"isPartOf\":{\"@id\":\"https:\\\/\\\/revolutionpadelstore.com\\\/en\\\/#website\"},\"primaryImageOfPage\":{\"@id\":\"https:\\\/\\\/revolutionpadelstore.com\\\/en\\\/adidas-adipower-multiweight-3-3\\\/#primaryimage\"},\"image\":{\"@id\":\"https:\\\/\\\/revolutionpadelstore.com\\\/en\\\/adidas-adipower-multiweight-3-3\\\/#primaryimage\"},\"thumbnailUrl\":\"https:\\\/\\\/revolutionpadelstore.com\\\/wp-content\\\/uploads\\\/2024\\\/02\\\/110129_padel_webs_padel_y_grupo_pala_adidas_adipower_multiweight_3_3_adrk1aa2u0_835a-1.webp\",\"datePublished\":\"2024-02-29T14:14:09+00:00\",\"dateModified\":\"2026-04-08T14:15:19+00:00\",\"description\":\"Adidas Adipower Multiweight 3.3: Potencia y control en cada golpe. Con sistema Weight & Balance ajustable, esta pala de alto rendimiento ofrece resistencia \u00f3ptima y golpes llenos de efecto. Dise\u00f1ada para jugadores avanzados en competici\u00f3n.\",\"breadcrumb\":{\"@id\":\"https:\\\/\\\/revolutionpadelstore.com\\\/en\\\/adidas-adipower-multiweight-3-3\\\/#breadcrumb\"},\"inLanguage\":\"en-US\",\"potentialAction\":[{\"@type\":\"ReadAction\",\"target\":[\"https:\\\/\\\/revolutionpadelstore.com\\\/en\\\/adidas-adipower-multiweight-3-3\\\/\"]}]},{\"@type\":\"ImageObject\",\"inLanguage\":\"en-US\",\"@id\":\"https:\\\/\\\/revolutionpadelstore.com\\\/en\\\/adidas-adipower-multiweight-3-3\\\/#primaryimage\",\"url\":\"https:\\\/\\\/revolutionpadelstore.com\\\/wp-content\\\/uploads\\\/2024\\\/02\\\/110129_padel_webs_padel_y_grupo_pala_adidas_adipower_multiweight_3_3_adrk1aa2u0_835a-1.webp\",\"contentUrl\":\"https:\\\/\\\/revolutionpadelstore.com\\\/wp-content\\\/uploads\\\/2024\\\/02\\\/110129_padel_webs_padel_y_grupo_pala_adidas_adipower_multiweight_3_3_adrk1aa2u0_835a-1.webp\",\"width\":1500,\"height\":1500,\"caption\":\"ADIDAS ADIPOWER MULTIWEIGHT 3.3\"},{\"@type\":\"BreadcrumbList\",\"@id\":\"https:\\\/\\\/revolutionpadelstore.com\\\/en\\\/adidas-adipower-multiweight-3-3\\\/#breadcrumb\",\"itemListElement\":[{\"@type\":\"ListItem\",\"position\":1,\"name\":\"Portada\",\"item\":\"https:\\\/\\\/revolutionpadelstore.com\\\/en\\\/\"},{\"@type\":\"ListItem\",\"position\":2,\"name\":\"Shop\",\"item\":\"https:\\\/\\\/revolutionpadelstore.com\\\/en\\\/shop\\\/\"},{\"@type\":\"ListItem\",\"position\":3,\"name\":\"ADIDAS ADIPOWER MULTIWEIGHT 3.3\"}]},{\"@type\":\"WebSite\",\"@id\":\"https:\\\/\\\/revolutionpadelstore.com\\\/en\\\/#website\",\"url\":\"https:\\\/\\\/revolutionpadelstore.com\\\/en\\\/\",\"name\":\"Revolution Padel Store\",\"description\":\"\",\"publisher\":{\"@id\":\"https:\\\/\\\/revolutionpadelstore.com\\\/en\\\/#organization\"},\"potentialAction\":[{\"@type\":\"SearchAction\",\"target\":{\"@type\":\"EntryPoint\",\"urlTemplate\":\"https:\\\/\\\/revolutionpadelstore.com\\\/en\\\/?s={search_term_string}\"},\"query-input\":{\"@type\":\"PropertyValueSpecification\",\"valueRequired\":true,\"valueName\":\"search_term_string\"}}],\"inLanguage\":\"en-US\"},{\"@type\":\"Organization\",\"@id\":\"https:\\\/\\\/revolutionpadelstore.com\\\/en\\\/#organization\",\"name\":\"Revolution Padel Store\",\"url\":\"https:\\\/\\\/revolutionpadelstore.com\\\/en\\\/\",\"logo\":{\"@type\":\"ImageObject\",\"inLanguage\":\"en-US\",\"@id\":\"https:\\\/\\\/revolutionpadelstore.com\\\/en\\\/#\\\/schema\\\/logo\\\/image\\\/\",\"url\":\"https:\\\/\\\/revolutionpadelstore.com\\\/wp-content\\\/uploads\\\/2026\\\/02\\\/revolution-padel-store.jpg\",\"contentUrl\":\"https:\\\/\\\/revolutionpadelstore.com\\\/wp-content\\\/uploads\\\/2026\\\/02\\\/revolution-padel-store.jpg\",\"width\":2000,\"height\":2000,\"caption\":\"Revolution Padel Store\"},\"image\":{\"@id\":\"https:\\\/\\\/revolutionpadelstore.com\\\/en\\\/#\\\/schema\\\/logo\\\/image\\\/\"},\"sameAs\":[\"https:\\\/\\\/www.instagram.com\\\/revolutionpadelstore\\\/\"]}]}<\/script>\n<!-- \/ Yoast SEO plugin. -->","yoast_head_json":{"title":"ADIDAS ADIPOWER MULTIWEIGHT 3.3 - Revolution Padel Store","description":"Adidas Adipower Multiweight 3.3: Potencia y control en cada golpe. Con sistema Weight & Balance ajustable, esta pala de alto rendimiento ofrece resistencia \u00f3ptima y golpes llenos de efecto. Dise\u00f1ada para jugadores avanzados en competici\u00f3n.","robots":{"index":"index","follow":"follow","max-snippet":"max-snippet:-1","max-image-preview":"max-image-preview:large","max-video-preview":"max-video-preview:-1"},"canonical":"https:\/\/revolutionpadelstore.com\/en\/adidas-adipower-multiweight-3-3\/","og_locale":"en_US","og_type":"article","og_title":"Adidas Adipower Multiweight 3.3","og_description":"Adidas Adipower Multiweight 3.3: Potencia y control en cada golpe. Con sistema Weight & Balance ajustable, esta pala de alto rendimiento ofrece resistencia \u00f3ptima y golpes llenos de efecto. Dise\u00f1ada para jugadores avanzados en competici\u00f3n.","og_url":"https:\/\/revolutionpadelstore.com\/en\/adidas-adipower-multiweight-3-3\/","og_site_name":"Revolution Padel Store","article_modified_time":"2026-04-08T14:15:19+00:00","og_image":[{"width":1500,"height":1500,"url":"https:\/\/revolutionpadelstore.com\/wp-content\/uploads\/2024\/02\/110129_padel_webs_padel_y_grupo_pala_adidas_adipower_multiweight_3_3_adrk1aa2u0_835a-4.webp","type":"image\/webp"}],"twitter_card":"summary_large_image","twitter_misc":{"Est. reading time":"2 minutes"},"schema":{"@context":"https:\/\/schema.org","@graph":[{"@type":"WebPage","@id":"https:\/\/revolutionpadelstore.com\/en\/adidas-adipower-multiweight-3-3\/","url":"https:\/\/revolutionpadelstore.com\/en\/adidas-adipower-multiweight-3-3\/","name":"ADIDAS ADIPOWER MULTIWEIGHT 3.3 - Revolution Padel Store","isPartOf":{"@id":"https:\/\/revolutionpadelstore.com\/en\/#website"},"primaryImageOfPage":{"@id":"https:\/\/revolutionpadelstore.com\/en\/adidas-adipower-multiweight-3-3\/#primaryimage"},"image":{"@id":"https:\/\/revolutionpadelstore.com\/en\/adidas-adipower-multiweight-3-3\/#primaryimage"},"thumbnailUrl":"https:\/\/revolutionpadelstore.com\/wp-content\/uploads\/2024\/02\/110129_padel_webs_padel_y_grupo_pala_adidas_adipower_multiweight_3_3_adrk1aa2u0_835a-1.webp","datePublished":"2024-02-29T14:14:09+00:00","dateModified":"2026-04-08T14:15:19+00:00","description":"Adidas Adipower Multiweight 3.3: Potencia y control en cada golpe. Con sistema Weight & Balance ajustable, esta pala de alto rendimiento ofrece resistencia \u00f3ptima y golpes llenos de efecto. Dise\u00f1ada para jugadores avanzados en competici\u00f3n.","breadcrumb":{"@id":"https:\/\/revolutionpadelstore.com\/en\/adidas-adipower-multiweight-3-3\/#breadcrumb"},"inLanguage":"en-US","potentialAction":[{"@type":"ReadAction","target":["https:\/\/revolutionpadelstore.com\/en\/adidas-adipower-multiweight-3-3\/"]}]},{"@type":"ImageObject","inLanguage":"en-US","@id":"https:\/\/revolutionpadelstore.com\/en\/adidas-adipower-multiweight-3-3\/#primaryimage","url":"https:\/\/revolutionpadelstore.com\/wp-content\/uploads\/2024\/02\/110129_padel_webs_padel_y_grupo_pala_adidas_adipower_multiweight_3_3_adrk1aa2u0_835a-1.webp","contentUrl":"https:\/\/revolutionpadelstore.com\/wp-content\/uploads\/2024\/02\/110129_padel_webs_padel_y_grupo_pala_adidas_adipower_multiweight_3_3_adrk1aa2u0_835a-1.webp","width":1500,"height":1500,"caption":"ADIDAS ADIPOWER MULTIWEIGHT 3.3"},{"@type":"BreadcrumbList","@id":"https:\/\/revolutionpadelstore.com\/en\/adidas-adipower-multiweight-3-3\/#breadcrumb","itemListElement":[{"@type":"ListItem","position":1,"name":"Portada","item":"https:\/\/revolutionpadelstore.com\/en\/"},{"@type":"ListItem","position":2,"name":"Shop","item":"https:\/\/revolutionpadelstore.com\/en\/shop\/"},{"@type":"ListItem","position":3,"name":"ADIDAS ADIPOWER MULTIWEIGHT 3.3"}]},{"@type":"WebSite","@id":"https:\/\/revolutionpadelstore.com\/en\/#website","url":"https:\/\/revolutionpadelstore.com\/en\/","name":"Revolution Padel Store","description":"","publisher":{"@id":"https:\/\/revolutionpadelstore.com\/en\/#organization"},"potentialAction":[{"@type":"SearchAction","target":{"@type":"EntryPoint","urlTemplate":"https:\/\/revolutionpadelstore.com\/en\/?s={search_term_string}"},"query-input":{"@type":"PropertyValueSpecification","valueRequired":true,"valueName":"search_term_string"}}],"inLanguage":"en-US"},{"@type":"Organization","@id":"https:\/\/revolutionpadelstore.com\/en\/#organization","name":"Revolution Padel Store","url":"https:\/\/revolutionpadelstore.com\/en\/","logo":{"@type":"ImageObject","inLanguage":"en-US","@id":"https:\/\/revolutionpadelstore.com\/en\/#\/schema\/logo\/image\/","url":"https:\/\/revolutionpadelstore.com\/wp-content\/uploads\/2026\/02\/revolution-padel-store.jpg","contentUrl":"https:\/\/revolutionpadelstore.com\/wp-content\/uploads\/2026\/02\/revolution-padel-store.jpg","width":2000,"height":2000,"caption":"Revolution Padel Store"},"image":{"@id":"https:\/\/revolutionpadelstore.com\/en\/#\/schema\/logo\/image\/"},"sameAs":["https:\/\/www.instagram.com\/revolutionpadelstore\/"]}]}},"_links":{"self":[{"href":"https:\/\/revolutionpadelstore.com\/en\/wp-json\/wp\/v2\/product\/12065","targetHints":{"allow":["GET"]}}],"collection":[{"href":"https:\/\/revolutionpadelstore.com\/en\/wp-json\/wp\/v2\/product"}],"about":[{"href":"https:\/\/revolutionpadelstore.com\/en\/wp-json\/wp\/v2\/types\/product"}],"replies":[{"embeddable":true,"href":"https:\/\/revolutionpadelstore.com\/en\/wp-json\/wp\/v2\/comments?post=12065"}],"wp:featuredmedia":[{"embeddable":true,"href":"https:\/\/revolutionpadelstore.com\/en\/wp-json\/wp\/v2\/media\/646"}],"wp:attachment":[{"href":"https:\/\/revolutionpadelstore.com\/en\/wp-json\/wp\/v2\/media?parent=12065"}],"wp:term":[{"taxonomy":"acabado","embeddable":true,"href":"https:\/\/revolutionpadelstore.com\/en\/wp-json\/wp\/v2\/acabado?post=12065"},{"taxonomy":"balance","embeddable":true,"href":"https:\/\/revolutionpadelstore.com\/en\/wp-json\/wp\/v2\/balance?post=12065"},{"taxonomy":"dureza","embeddable":true,"href":"https:\/\/revolutionpadelstore.com\/en\/wp-json\/wp\/v2\/dureza?post=12065"},{"taxonomy":"forma","embeddable":true,"href":"https:\/\/revolutionpadelstore.com\/en\/wp-json\/wp\/v2\/forma?post=12065"},{"taxonomy":"jugador","embeddable":true,"href":"https:\/\/revolutionpadelstore.com\/en\/wp-json\/wp\/v2\/jugador?post=12065"},{"taxonomy":"marca","embeddable":true,"href":"https:\/\/revolutionpadelstore.com\/en\/wp-json\/wp\/v2\/marca?post=12065"},{"taxonomy":"nivel-de-juego","embeddable":true,"href":"https:\/\/revolutionpadelstore.com\/en\/wp-json\/wp\/v2\/nivel-de-juego?post=12065"},{"taxonomy":"superficie","embeddable":true,"href":"https:\/\/revolutionpadelstore.com\/en\/wp-json\/wp\/v2\/superficie?post=12065"},{"taxonomy":"tipo-de-juego","embeddable":true,"href":"https:\/\/revolutionpadelstore.com\/en\/wp-json\/wp\/v2\/tipo-de-juego?post=12065"},{"taxonomy":"product_brand","embeddable":true,"href":"https:\/\/revolutionpadelstore.com\/en\/wp-json\/wp\/v2\/product_brand?post=12065"},{"taxonomy":"product_cat","embeddable":true,"href":"https:\/\/revolutionpadelstore.com\/en\/wp-json\/wp\/v2\/product_cat?post=12065"},{"taxonomy":"product_tag","embeddable":true,"href":"https:\/\/revolutionpadelstore.com\/en\/wp-json\/wp\/v2\/product_tag?post=12065"}],"curies":[{"name":"wp","href":"https:\/\/api.w.org\/{rel}","templated":true}]}}