{"id":12060,"date":"2024-03-01T14:20:01","date_gmt":"2024-03-01T13:20:01","guid":{"rendered":"https:\/\/revolutionpadelstore.com\/adidas-metalbone-hrd-2024-2\/"},"modified":"2026-04-08T16:14:38","modified_gmt":"2026-04-08T14:14:38","slug":"adidas-metalbone-hrd-2024","status":"publish","type":"product","link":"https:\/\/revolutionpadelstore.com\/en\/adidas-metalbone-hrd-2024\/","title":{"rendered":"ADIDAS METALBONE HRD+ 2024"},"content":{"rendered":"<h2>Adidas Metalbone HRD+ 2024 collection<\/h2>\n<p><strong>Adidas Metalbone HRD+<\/strong>, this Adidas racket model is from the <strong>2024<\/strong> collection. It is a racket with an oversized diamond-shaped body, perfect for professional level players. That is why it is the official racket of <strong>Ale Gal\u00e1n<\/strong>.<\/p>\n<p>With the oversized diamond body and high balance it plays with power. It has more contact surface. Finish with <strong>power and aggressiveness<\/strong> against your rival to score the decisive point.<\/p>\n<p><strong>Weight &amp; Balance System<\/em><\/strong> technology exclusive to Adidas. Add or remove customizable weights to the racket to change its weight and the direction of its balance to modify your playing technique.<\/p>\n<h2>Race for players with power technique<\/h2>\n<p>The frame is made of carbon fiber with excellent strength and durability. The faces have been made with <strong><em>Carbon Aluminized 2 to 1<\/em><\/strong>. 2 to 1 interwoven aluminized carbon fiber that generates a hard and inflexible surface to hit with great power.<\/p>\n<p>In the core is the<strong>EVA rubber<em>High Memory<\/em><\/strong>. This high-density rubber allows you to play with balls that travel at high speed. Also feel how you hit with maximum power.<\/p>\n<p>Get incredible effects with <strong>Spin Blade Decal <\/em>and <em>Smart Holes Curve<\/em><\/strong> technologies. A rough finished surface that increases the amount of spin and the feeling of control over the ball. And achieve effects on all hits thanks to the arrangement of the dies.<\/p>\n<h3>A solid and strong racket<\/h3>\n<p>A resistant and solid racket with <strong>Octagonal Structure<\/em>and <em>Structural Reinforcement<\/em><\/strong> technology. An octagonal carbon tubular and a perimeter reinforcement makes this racket resistant to twisting and has superior durability. And with Metalbone Protector Tape, a custom-designed 3M adhesive protector to protect the racket while you play.<\/p>\n<p>It has an impeccable and minimalist design with the body in black, the logo on the planes, bridge and handle in white and Gal\u00e1n&#8217;s signature in red.<\/p>\n<h2>Adidas Metalbone HRD+ colecci\u00f3n 2024<\/h2>\n","protected":false},"excerpt":{"rendered":"<p>Adidas Metalbone HRD+: Power and control in a racket designed for professional level players. 2024 collection, with an oversized diamond shape and exclusive technologies for surprising effects.<\/p>\n","protected":false},"featured_media":668,"comment_status":"open","ping_status":"closed","template":"","meta":{"_acf_changed":false,"_joinchat":[]},"acabado":[1103],"balance":[1138],"dureza":[1163],"forma":[1173],"jugador":[1193,1203],"marca":[1233],"nivel-de-juego":[1338],"superficie":[1363],"tipo-de-juego":[1393],"product_brand":[],"product_cat":[303],"product_tag":[],"class_list":{"0":"post-12060","1":"product","2":"type-product","3":"status-publish","4":"has-post-thumbnail","6":"acabado-aluminio-carbono-en","7":"balance-alto-en","8":"dureza-dura-en","9":"forma-diamante-en","10":"jugador-hombre-en","11":"jugador-multipurpose","12":"marca-adidas-en","13":"superficie-rugosa-en","14":"tipo-de-juego-avanzado-competicion-en","15":"product_cat-palas","17":"first","18":"outofstock","19":"sale","20":"taxable","21":"shipping-taxable","22":"purchasable","23":"product-type-simple"},"acf":[],"yoast_head":"<!-- This site is optimized with the Yoast SEO plugin v27.6 - https:\/\/yoast.com\/product\/yoast-seo-wordpress\/ -->\n<title>ADIDAS METALBONE HRD+ 2024 - Revolution Padel Store<\/title>\n<meta name=\"description\" content=\"Adidas Metalbone HRD+: Potencia y control en una pala dise\u00f1ada para jugadores de nivel profesional. Colecci\u00f3n 2024, con forma de diamante oversize y tecnolog\u00edas exclusivas para efectos sorprendentes.\" \/>\n<meta name=\"robots\" content=\"index, follow, max-snippet:-1, max-image-preview:large, max-video-preview:-1\" \/>\n<link rel=\"canonical\" href=\"https:\/\/revolutionpadelstore.com\/en\/adidas-metalbone-hrd-2024\/\" \/>\n<meta property=\"og:locale\" content=\"en_US\" \/>\n<meta property=\"og:type\" content=\"article\" \/>\n<meta property=\"og:title\" content=\"ADIDAS METALBONE HRD+ 2024\" \/>\n<meta property=\"og:description\" content=\"Adidas Metalbone HRD+: Potencia y control en una pala dise\u00f1ada para jugadores de nivel profesional. Colecci\u00f3n 2024, con forma de diamante oversize y tecnolog\u00edas exclusivas para efectos sorprendentes.\" \/>\n<meta property=\"og:url\" content=\"https:\/\/revolutionpadelstore.com\/en\/adidas-metalbone-hrd-2024\/\" \/>\n<meta property=\"og:site_name\" content=\"Revolution Padel Store\" \/>\n<meta property=\"article:modified_time\" content=\"2026-04-08T14:14:38+00:00\" \/>\n<meta property=\"og:image\" content=\"https:\/\/revolutionpadelstore.com\/wp-content\/uploads\/2024\/03\/110145_padel_webs_padel_y_grupo_pala_adidas_metalbone_hrd_adrk1aa1u0016f_1500x1_9bd9.webp\" \/>\n\t<meta property=\"og:image:width\" content=\"1500\" \/>\n\t<meta property=\"og:image:height\" content=\"1500\" \/>\n\t<meta property=\"og:image:type\" content=\"image\/webp\" \/>\n<meta name=\"twitter:card\" content=\"summary_large_image\" \/>\n<meta name=\"twitter:label1\" content=\"Est. reading time\" \/>\n\t<meta name=\"twitter:data1\" content=\"2 minutes\" \/>\n<script type=\"application\/ld+json\" class=\"yoast-schema-graph\">{\"@context\":\"https:\\\/\\\/schema.org\",\"@graph\":[{\"@type\":\"WebPage\",\"@id\":\"https:\\\/\\\/revolutionpadelstore.com\\\/en\\\/adidas-metalbone-hrd-2024\\\/\",\"url\":\"https:\\\/\\\/revolutionpadelstore.com\\\/en\\\/adidas-metalbone-hrd-2024\\\/\",\"name\":\"ADIDAS METALBONE HRD+ 2024 - Revolution Padel Store\",\"isPartOf\":{\"@id\":\"https:\\\/\\\/revolutionpadelstore.com\\\/en\\\/#website\"},\"primaryImageOfPage\":{\"@id\":\"https:\\\/\\\/revolutionpadelstore.com\\\/en\\\/adidas-metalbone-hrd-2024\\\/#primaryimage\"},\"image\":{\"@id\":\"https:\\\/\\\/revolutionpadelstore.com\\\/en\\\/adidas-metalbone-hrd-2024\\\/#primaryimage\"},\"thumbnailUrl\":\"https:\\\/\\\/revolutionpadelstore.com\\\/wp-content\\\/uploads\\\/2024\\\/03\\\/110145_padel_webs_padel_y_grupo_pala_adidas_metalbone_hrd_adrk1aa1u0016f_1500x1_9bd9.webp\",\"datePublished\":\"2024-03-01T13:20:01+00:00\",\"dateModified\":\"2026-04-08T14:14:38+00:00\",\"description\":\"Adidas Metalbone HRD+: Potencia y control en una pala dise\u00f1ada para jugadores de nivel profesional. Colecci\u00f3n 2024, con forma de diamante oversize y tecnolog\u00edas exclusivas para efectos sorprendentes.\",\"breadcrumb\":{\"@id\":\"https:\\\/\\\/revolutionpadelstore.com\\\/en\\\/adidas-metalbone-hrd-2024\\\/#breadcrumb\"},\"inLanguage\":\"en-US\",\"potentialAction\":[{\"@type\":\"ReadAction\",\"target\":[\"https:\\\/\\\/revolutionpadelstore.com\\\/en\\\/adidas-metalbone-hrd-2024\\\/\"]}]},{\"@type\":\"ImageObject\",\"inLanguage\":\"en-US\",\"@id\":\"https:\\\/\\\/revolutionpadelstore.com\\\/en\\\/adidas-metalbone-hrd-2024\\\/#primaryimage\",\"url\":\"https:\\\/\\\/revolutionpadelstore.com\\\/wp-content\\\/uploads\\\/2024\\\/03\\\/110145_padel_webs_padel_y_grupo_pala_adidas_metalbone_hrd_adrk1aa1u0016f_1500x1_9bd9.webp\",\"contentUrl\":\"https:\\\/\\\/revolutionpadelstore.com\\\/wp-content\\\/uploads\\\/2024\\\/03\\\/110145_padel_webs_padel_y_grupo_pala_adidas_metalbone_hrd_adrk1aa1u0016f_1500x1_9bd9.webp\",\"width\":1500,\"height\":1500,\"caption\":\"ADIDAS METALBONE HRD+ 2024\"},{\"@type\":\"BreadcrumbList\",\"@id\":\"https:\\\/\\\/revolutionpadelstore.com\\\/en\\\/adidas-metalbone-hrd-2024\\\/#breadcrumb\",\"itemListElement\":[{\"@type\":\"ListItem\",\"position\":1,\"name\":\"Portada\",\"item\":\"https:\\\/\\\/revolutionpadelstore.com\\\/en\\\/\"},{\"@type\":\"ListItem\",\"position\":2,\"name\":\"Shop\",\"item\":\"https:\\\/\\\/revolutionpadelstore.com\\\/en\\\/shop\\\/\"},{\"@type\":\"ListItem\",\"position\":3,\"name\":\"ADIDAS METALBONE HRD+ 2024\"}]},{\"@type\":\"WebSite\",\"@id\":\"https:\\\/\\\/revolutionpadelstore.com\\\/en\\\/#website\",\"url\":\"https:\\\/\\\/revolutionpadelstore.com\\\/en\\\/\",\"name\":\"Revolution Padel Store\",\"description\":\"\",\"publisher\":{\"@id\":\"https:\\\/\\\/revolutionpadelstore.com\\\/en\\\/#organization\"},\"potentialAction\":[{\"@type\":\"SearchAction\",\"target\":{\"@type\":\"EntryPoint\",\"urlTemplate\":\"https:\\\/\\\/revolutionpadelstore.com\\\/en\\\/?s={search_term_string}\"},\"query-input\":{\"@type\":\"PropertyValueSpecification\",\"valueRequired\":true,\"valueName\":\"search_term_string\"}}],\"inLanguage\":\"en-US\"},{\"@type\":\"Organization\",\"@id\":\"https:\\\/\\\/revolutionpadelstore.com\\\/en\\\/#organization\",\"name\":\"Revolution Padel Store\",\"url\":\"https:\\\/\\\/revolutionpadelstore.com\\\/en\\\/\",\"logo\":{\"@type\":\"ImageObject\",\"inLanguage\":\"en-US\",\"@id\":\"https:\\\/\\\/revolutionpadelstore.com\\\/en\\\/#\\\/schema\\\/logo\\\/image\\\/\",\"url\":\"https:\\\/\\\/revolutionpadelstore.com\\\/wp-content\\\/uploads\\\/2026\\\/02\\\/revolution-padel-store.jpg\",\"contentUrl\":\"https:\\\/\\\/revolutionpadelstore.com\\\/wp-content\\\/uploads\\\/2026\\\/02\\\/revolution-padel-store.jpg\",\"width\":2000,\"height\":2000,\"caption\":\"Revolution Padel Store\"},\"image\":{\"@id\":\"https:\\\/\\\/revolutionpadelstore.com\\\/en\\\/#\\\/schema\\\/logo\\\/image\\\/\"},\"sameAs\":[\"https:\\\/\\\/www.instagram.com\\\/revolutionpadelstore\\\/\"]}]}<\/script>\n<!-- \/ Yoast SEO plugin. -->","yoast_head_json":{"title":"ADIDAS METALBONE HRD+ 2024 - Revolution Padel Store","description":"Adidas Metalbone HRD+: Potencia y control en una pala dise\u00f1ada para jugadores de nivel profesional. Colecci\u00f3n 2024, con forma de diamante oversize y tecnolog\u00edas exclusivas para efectos sorprendentes.","robots":{"index":"index","follow":"follow","max-snippet":"max-snippet:-1","max-image-preview":"max-image-preview:large","max-video-preview":"max-video-preview:-1"},"canonical":"https:\/\/revolutionpadelstore.com\/en\/adidas-metalbone-hrd-2024\/","og_locale":"en_US","og_type":"article","og_title":"ADIDAS METALBONE HRD+ 2024","og_description":"Adidas Metalbone HRD+: Potencia y control en una pala dise\u00f1ada para jugadores de nivel profesional. Colecci\u00f3n 2024, con forma de diamante oversize y tecnolog\u00edas exclusivas para efectos sorprendentes.","og_url":"https:\/\/revolutionpadelstore.com\/en\/adidas-metalbone-hrd-2024\/","og_site_name":"Revolution Padel Store","article_modified_time":"2026-04-08T14:14:38+00:00","og_image":[{"width":1500,"height":1500,"url":"https:\/\/revolutionpadelstore.com\/wp-content\/uploads\/2024\/03\/110145_padel_webs_padel_y_grupo_pala_adidas_metalbone_hrd_adrk1aa1u0016f_1500x1_9bd9.webp","type":"image\/webp"}],"twitter_card":"summary_large_image","twitter_misc":{"Est. reading time":"2 minutes"},"schema":{"@context":"https:\/\/schema.org","@graph":[{"@type":"WebPage","@id":"https:\/\/revolutionpadelstore.com\/en\/adidas-metalbone-hrd-2024\/","url":"https:\/\/revolutionpadelstore.com\/en\/adidas-metalbone-hrd-2024\/","name":"ADIDAS METALBONE HRD+ 2024 - Revolution Padel Store","isPartOf":{"@id":"https:\/\/revolutionpadelstore.com\/en\/#website"},"primaryImageOfPage":{"@id":"https:\/\/revolutionpadelstore.com\/en\/adidas-metalbone-hrd-2024\/#primaryimage"},"image":{"@id":"https:\/\/revolutionpadelstore.com\/en\/adidas-metalbone-hrd-2024\/#primaryimage"},"thumbnailUrl":"https:\/\/revolutionpadelstore.com\/wp-content\/uploads\/2024\/03\/110145_padel_webs_padel_y_grupo_pala_adidas_metalbone_hrd_adrk1aa1u0016f_1500x1_9bd9.webp","datePublished":"2024-03-01T13:20:01+00:00","dateModified":"2026-04-08T14:14:38+00:00","description":"Adidas Metalbone HRD+: Potencia y control en una pala dise\u00f1ada para jugadores de nivel profesional. Colecci\u00f3n 2024, con forma de diamante oversize y tecnolog\u00edas exclusivas para efectos sorprendentes.","breadcrumb":{"@id":"https:\/\/revolutionpadelstore.com\/en\/adidas-metalbone-hrd-2024\/#breadcrumb"},"inLanguage":"en-US","potentialAction":[{"@type":"ReadAction","target":["https:\/\/revolutionpadelstore.com\/en\/adidas-metalbone-hrd-2024\/"]}]},{"@type":"ImageObject","inLanguage":"en-US","@id":"https:\/\/revolutionpadelstore.com\/en\/adidas-metalbone-hrd-2024\/#primaryimage","url":"https:\/\/revolutionpadelstore.com\/wp-content\/uploads\/2024\/03\/110145_padel_webs_padel_y_grupo_pala_adidas_metalbone_hrd_adrk1aa1u0016f_1500x1_9bd9.webp","contentUrl":"https:\/\/revolutionpadelstore.com\/wp-content\/uploads\/2024\/03\/110145_padel_webs_padel_y_grupo_pala_adidas_metalbone_hrd_adrk1aa1u0016f_1500x1_9bd9.webp","width":1500,"height":1500,"caption":"ADIDAS METALBONE HRD+ 2024"},{"@type":"BreadcrumbList","@id":"https:\/\/revolutionpadelstore.com\/en\/adidas-metalbone-hrd-2024\/#breadcrumb","itemListElement":[{"@type":"ListItem","position":1,"name":"Portada","item":"https:\/\/revolutionpadelstore.com\/en\/"},{"@type":"ListItem","position":2,"name":"Shop","item":"https:\/\/revolutionpadelstore.com\/en\/shop\/"},{"@type":"ListItem","position":3,"name":"ADIDAS METALBONE HRD+ 2024"}]},{"@type":"WebSite","@id":"https:\/\/revolutionpadelstore.com\/en\/#website","url":"https:\/\/revolutionpadelstore.com\/en\/","name":"Revolution Padel Store","description":"","publisher":{"@id":"https:\/\/revolutionpadelstore.com\/en\/#organization"},"potentialAction":[{"@type":"SearchAction","target":{"@type":"EntryPoint","urlTemplate":"https:\/\/revolutionpadelstore.com\/en\/?s={search_term_string}"},"query-input":{"@type":"PropertyValueSpecification","valueRequired":true,"valueName":"search_term_string"}}],"inLanguage":"en-US"},{"@type":"Organization","@id":"https:\/\/revolutionpadelstore.com\/en\/#organization","name":"Revolution Padel Store","url":"https:\/\/revolutionpadelstore.com\/en\/","logo":{"@type":"ImageObject","inLanguage":"en-US","@id":"https:\/\/revolutionpadelstore.com\/en\/#\/schema\/logo\/image\/","url":"https:\/\/revolutionpadelstore.com\/wp-content\/uploads\/2026\/02\/revolution-padel-store.jpg","contentUrl":"https:\/\/revolutionpadelstore.com\/wp-content\/uploads\/2026\/02\/revolution-padel-store.jpg","width":2000,"height":2000,"caption":"Revolution Padel Store"},"image":{"@id":"https:\/\/revolutionpadelstore.com\/en\/#\/schema\/logo\/image\/"},"sameAs":["https:\/\/www.instagram.com\/revolutionpadelstore\/"]}]}},"_links":{"self":[{"href":"https:\/\/revolutionpadelstore.com\/en\/wp-json\/wp\/v2\/product\/12060","targetHints":{"allow":["GET"]}}],"collection":[{"href":"https:\/\/revolutionpadelstore.com\/en\/wp-json\/wp\/v2\/product"}],"about":[{"href":"https:\/\/revolutionpadelstore.com\/en\/wp-json\/wp\/v2\/types\/product"}],"replies":[{"embeddable":true,"href":"https:\/\/revolutionpadelstore.com\/en\/wp-json\/wp\/v2\/comments?post=12060"}],"wp:featuredmedia":[{"embeddable":true,"href":"https:\/\/revolutionpadelstore.com\/en\/wp-json\/wp\/v2\/media\/668"}],"wp:attachment":[{"href":"https:\/\/revolutionpadelstore.com\/en\/wp-json\/wp\/v2\/media?parent=12060"}],"wp:term":[{"taxonomy":"acabado","embeddable":true,"href":"https:\/\/revolutionpadelstore.com\/en\/wp-json\/wp\/v2\/acabado?post=12060"},{"taxonomy":"balance","embeddable":true,"href":"https:\/\/revolutionpadelstore.com\/en\/wp-json\/wp\/v2\/balance?post=12060"},{"taxonomy":"dureza","embeddable":true,"href":"https:\/\/revolutionpadelstore.com\/en\/wp-json\/wp\/v2\/dureza?post=12060"},{"taxonomy":"forma","embeddable":true,"href":"https:\/\/revolutionpadelstore.com\/en\/wp-json\/wp\/v2\/forma?post=12060"},{"taxonomy":"jugador","embeddable":true,"href":"https:\/\/revolutionpadelstore.com\/en\/wp-json\/wp\/v2\/jugador?post=12060"},{"taxonomy":"marca","embeddable":true,"href":"https:\/\/revolutionpadelstore.com\/en\/wp-json\/wp\/v2\/marca?post=12060"},{"taxonomy":"nivel-de-juego","embeddable":true,"href":"https:\/\/revolutionpadelstore.com\/en\/wp-json\/wp\/v2\/nivel-de-juego?post=12060"},{"taxonomy":"superficie","embeddable":true,"href":"https:\/\/revolutionpadelstore.com\/en\/wp-json\/wp\/v2\/superficie?post=12060"},{"taxonomy":"tipo-de-juego","embeddable":true,"href":"https:\/\/revolutionpadelstore.com\/en\/wp-json\/wp\/v2\/tipo-de-juego?post=12060"},{"taxonomy":"product_brand","embeddable":true,"href":"https:\/\/revolutionpadelstore.com\/en\/wp-json\/wp\/v2\/product_brand?post=12060"},{"taxonomy":"product_cat","embeddable":true,"href":"https:\/\/revolutionpadelstore.com\/en\/wp-json\/wp\/v2\/product_cat?post=12060"},{"taxonomy":"product_tag","embeddable":true,"href":"https:\/\/revolutionpadelstore.com\/en\/wp-json\/wp\/v2\/product_tag?post=12060"}],"curies":[{"name":"wp","href":"https:\/\/api.w.org\/{rel}","templated":true}]}}