{"id":12055,"date":"2024-03-01T14:30:08","date_gmt":"2024-03-01T13:30:08","guid":{"rendered":"https:\/\/revolutionpadelstore.com\/adidas-metalbone-ctrl-3-3-2024-2\/"},"modified":"2026-04-08T16:13:56","modified_gmt":"2026-04-08T14:13:56","slug":"adidas-metalbone-ctrl-3-3-2024","status":"publish","type":"product","link":"https:\/\/revolutionpadelstore.com\/en\/adidas-metalbone-ctrl-3-3-2024\/","title":{"rendered":"ADIDAS METALBONE CTRL 3.3 2024"},"content":{"rendered":"<h2>Adidas Metalbone CTRL 3.3, Lorena Rufo&#8217;s professional choice in 2024<\/h2>\n<p>Designed for professional padel player Lorena Rufo, the <strong>Adidas Metalbone CTRL 3.3<\/strong> is the featured model of the 2024 collection. This high-performance racket is aimed at players with advanced technical skills, offering exceptional control thanks to to its round shape and centered balance.<\/p>\n<p>The <strong>Weight &amp; Balance System<\/strong> allows for unique customization, allowing you to adjust the weight of the racket by adding or eliminating screws, with the possibility of adding up to 12 additional grams.<\/p>\n<h3>High quality construction<\/h3>\n<p>The carbon fiber frame and 2 to 1 Carbon Aluminazed faces provide strength and toughness, offering a rigid feel for powerful hits. The low-density <strong>EVA Soft Performance<\/strong> rubber core provides dynamic output and a comfortable feel with each hit.<\/p>\n<p>The rough surface with <strong>Spin Blade Decal<\/strong> and <strong>Smart Hole Curve<\/strong> die design improve control and spin handling, elevating in-game performance.<\/p>\n<h3>Exceptional rigidity and resistance<\/h3>\n<p>The <strong>Octagonal Structure<\/strong> and <strong>Structural Reinforcement<\/strong> technologies make this racket a solid and resistant option. The octagonal tubular strengthens the body, while the perimeter reinforcement resists twisting during play.<\/p>\n<p>With an attractive sporty design in black and white and blue details, the <strong>Adidas Metalbone CTRL 3.3<\/strong> combines style with exceptional performance.<\/p>\n<h2>Adidas Metalbone CTRL 3.3, la elecci\u00f3n profesional de Lorena Rufo en 2024<\/h2>\n","protected":false},"excerpt":{"rendered":"<p>Adidas Metalbone CTRL 3.3: Lorena Rufo&#8217;s choice for exceptional control in 2024. Adjustable Weight &amp; Balance system, high-quality construction with carbon fiber and EVA Soft Performance. Durable and attractive design for high-performance gamers.<\/p>\n","protected":false},"featured_media":691,"comment_status":"open","ping_status":"closed","template":"","meta":{"_acf_changed":false,"_joinchat":[]},"acabado":[1093],"balance":[1148],"dureza":[1153],"forma":[1183],"jugador":[1193,1203],"marca":[1233],"nivel-de-juego":[1338],"superficie":[1363],"tipo-de-juego":[1373],"product_brand":[],"product_cat":[303],"product_tag":[],"class_list":{"0":"post-12055","1":"product","2":"type-product","3":"status-publish","4":"has-post-thumbnail","6":"acabado-relieve-3d-en","7":"balance-bajo-en","8":"dureza-blanda-en","9":"forma-redonda-en","10":"jugador-hombre-en","11":"jugador-multipurpose","12":"marca-adidas-en","13":"superficie-rugosa-en","14":"tipo-de-juego-control-en","15":"product_cat-palas","17":"first","18":"instock","19":"sale","20":"taxable","21":"shipping-taxable","22":"purchasable","23":"product-type-simple"},"acf":[],"yoast_head":"<!-- This site is optimized with the Yoast SEO plugin v27.4 - https:\/\/yoast.com\/product\/yoast-seo-wordpress\/ -->\n<title>ADIDAS METALBONE CTRL 3.3 2024 - Revolution Padel Store<\/title>\n<meta name=\"description\" content=\"Adidas Metalbone CTRL 3.3: La elecci\u00f3n de Lorena Rufo para un control excepcional en 2024. Sistema Weight &amp; Balance ajustable, construcci\u00f3n de alta calidad con fibra de carbono y EVA Soft Performance. Dise\u00f1o resistente y atractivo para jugadores de alto rendimiento.\" \/>\n<meta name=\"robots\" content=\"index, follow, max-snippet:-1, max-image-preview:large, max-video-preview:-1\" \/>\n<link rel=\"canonical\" href=\"https:\/\/revolutionpadelstore.com\/en\/adidas-metalbone-ctrl-3-3-2024\/\" \/>\n<meta property=\"og:locale\" content=\"en_US\" \/>\n<meta property=\"og:type\" content=\"article\" \/>\n<meta property=\"og:title\" content=\"ADIDAS METALBONE CTRL 3.3 2024\" \/>\n<meta property=\"og:description\" content=\"Adidas Metalbone CTRL 3.3: La elecci\u00f3n de Lorena Rufo para un control excepcional en 2024. Sistema Weight &amp; Balance ajustable, construcci\u00f3n de alta calidad con fibra de carbono y EVA Soft Performance. Dise\u00f1o resistente y atractivo para jugadores de alto rendimiento.\" \/>\n<meta property=\"og:url\" content=\"https:\/\/revolutionpadelstore.com\/en\/adidas-metalbone-ctrl-3-3-2024\/\" \/>\n<meta property=\"og:site_name\" content=\"Revolution Padel Store\" \/>\n<meta property=\"article:modified_time\" content=\"2026-04-08T14:13:56+00:00\" \/>\n<meta property=\"og:image\" content=\"https:\/\/revolutionpadelstore.com\/wp-content\/uploads\/2024\/03\/110144_padel_webs_padel_y_grupo_pala_adidas_metalbone_ctrl_3_3_adrk1ca0u0012f_1_d7a6.webp\" \/>\n\t<meta property=\"og:image:width\" content=\"1500\" \/>\n\t<meta property=\"og:image:height\" content=\"1500\" \/>\n\t<meta property=\"og:image:type\" content=\"image\/webp\" \/>\n<meta name=\"twitter:card\" content=\"summary_large_image\" \/>\n<meta name=\"twitter:label1\" content=\"Est. reading time\" \/>\n\t<meta name=\"twitter:data1\" content=\"2 minutes\" \/>\n<script type=\"application\/ld+json\" class=\"yoast-schema-graph\">{\"@context\":\"https:\\\/\\\/schema.org\",\"@graph\":[{\"@type\":\"WebPage\",\"@id\":\"https:\\\/\\\/revolutionpadelstore.com\\\/en\\\/adidas-metalbone-ctrl-3-3-2024\\\/\",\"url\":\"https:\\\/\\\/revolutionpadelstore.com\\\/en\\\/adidas-metalbone-ctrl-3-3-2024\\\/\",\"name\":\"ADIDAS METALBONE CTRL 3.3 2024 - Revolution Padel Store\",\"isPartOf\":{\"@id\":\"https:\\\/\\\/revolutionpadelstore.com\\\/en\\\/#website\"},\"primaryImageOfPage\":{\"@id\":\"https:\\\/\\\/revolutionpadelstore.com\\\/en\\\/adidas-metalbone-ctrl-3-3-2024\\\/#primaryimage\"},\"image\":{\"@id\":\"https:\\\/\\\/revolutionpadelstore.com\\\/en\\\/adidas-metalbone-ctrl-3-3-2024\\\/#primaryimage\"},\"thumbnailUrl\":\"https:\\\/\\\/revolutionpadelstore.com\\\/wp-content\\\/uploads\\\/2024\\\/03\\\/110144_padel_webs_padel_y_grupo_pala_adidas_metalbone_ctrl_3_3_adrk1ca0u0012f_1_d7a6.webp\",\"datePublished\":\"2024-03-01T13:30:08+00:00\",\"dateModified\":\"2026-04-08T14:13:56+00:00\",\"description\":\"Adidas Metalbone CTRL 3.3: La elecci\u00f3n de Lorena Rufo para un control excepcional en 2024. Sistema Weight & Balance ajustable, construcci\u00f3n de alta calidad con fibra de carbono y EVA Soft Performance. Dise\u00f1o resistente y atractivo para jugadores de alto rendimiento.\",\"breadcrumb\":{\"@id\":\"https:\\\/\\\/revolutionpadelstore.com\\\/en\\\/adidas-metalbone-ctrl-3-3-2024\\\/#breadcrumb\"},\"inLanguage\":\"en-US\",\"potentialAction\":[{\"@type\":\"ReadAction\",\"target\":[\"https:\\\/\\\/revolutionpadelstore.com\\\/en\\\/adidas-metalbone-ctrl-3-3-2024\\\/\"]}]},{\"@type\":\"ImageObject\",\"inLanguage\":\"en-US\",\"@id\":\"https:\\\/\\\/revolutionpadelstore.com\\\/en\\\/adidas-metalbone-ctrl-3-3-2024\\\/#primaryimage\",\"url\":\"https:\\\/\\\/revolutionpadelstore.com\\\/wp-content\\\/uploads\\\/2024\\\/03\\\/110144_padel_webs_padel_y_grupo_pala_adidas_metalbone_ctrl_3_3_adrk1ca0u0012f_1_d7a6.webp\",\"contentUrl\":\"https:\\\/\\\/revolutionpadelstore.com\\\/wp-content\\\/uploads\\\/2024\\\/03\\\/110144_padel_webs_padel_y_grupo_pala_adidas_metalbone_ctrl_3_3_adrk1ca0u0012f_1_d7a6.webp\",\"width\":1500,\"height\":1500,\"caption\":\"ADIDAS METALBONE CTRL 3.3 2024\"},{\"@type\":\"BreadcrumbList\",\"@id\":\"https:\\\/\\\/revolutionpadelstore.com\\\/en\\\/adidas-metalbone-ctrl-3-3-2024\\\/#breadcrumb\",\"itemListElement\":[{\"@type\":\"ListItem\",\"position\":1,\"name\":\"Portada\",\"item\":\"https:\\\/\\\/revolutionpadelstore.com\\\/en\\\/\"},{\"@type\":\"ListItem\",\"position\":2,\"name\":\"Shop\",\"item\":\"https:\\\/\\\/revolutionpadelstore.com\\\/en\\\/shop\\\/\"},{\"@type\":\"ListItem\",\"position\":3,\"name\":\"ADIDAS METALBONE CTRL 3.3 2024\"}]},{\"@type\":\"WebSite\",\"@id\":\"https:\\\/\\\/revolutionpadelstore.com\\\/en\\\/#website\",\"url\":\"https:\\\/\\\/revolutionpadelstore.com\\\/en\\\/\",\"name\":\"Revolution Padel Store\",\"description\":\"\",\"publisher\":{\"@id\":\"https:\\\/\\\/revolutionpadelstore.com\\\/en\\\/#organization\"},\"potentialAction\":[{\"@type\":\"SearchAction\",\"target\":{\"@type\":\"EntryPoint\",\"urlTemplate\":\"https:\\\/\\\/revolutionpadelstore.com\\\/en\\\/?s={search_term_string}\"},\"query-input\":{\"@type\":\"PropertyValueSpecification\",\"valueRequired\":true,\"valueName\":\"search_term_string\"}}],\"inLanguage\":\"en-US\"},{\"@type\":\"Organization\",\"@id\":\"https:\\\/\\\/revolutionpadelstore.com\\\/en\\\/#organization\",\"name\":\"Revolution Padel Store\",\"url\":\"https:\\\/\\\/revolutionpadelstore.com\\\/en\\\/\",\"logo\":{\"@type\":\"ImageObject\",\"inLanguage\":\"en-US\",\"@id\":\"https:\\\/\\\/revolutionpadelstore.com\\\/en\\\/#\\\/schema\\\/logo\\\/image\\\/\",\"url\":\"https:\\\/\\\/revolutionpadelstore.com\\\/wp-content\\\/uploads\\\/2026\\\/02\\\/revolution-padel-store.jpg\",\"contentUrl\":\"https:\\\/\\\/revolutionpadelstore.com\\\/wp-content\\\/uploads\\\/2026\\\/02\\\/revolution-padel-store.jpg\",\"width\":2000,\"height\":2000,\"caption\":\"Revolution Padel Store\"},\"image\":{\"@id\":\"https:\\\/\\\/revolutionpadelstore.com\\\/en\\\/#\\\/schema\\\/logo\\\/image\\\/\"},\"sameAs\":[\"https:\\\/\\\/www.instagram.com\\\/revolutionpadelstore\\\/\"]}]}<\/script>\n<!-- \/ Yoast SEO plugin. -->","yoast_head_json":{"title":"ADIDAS METALBONE CTRL 3.3 2024 - Revolution Padel Store","description":"Adidas Metalbone CTRL 3.3: La elecci\u00f3n de Lorena Rufo para un control excepcional en 2024. Sistema Weight & Balance ajustable, construcci\u00f3n de alta calidad con fibra de carbono y EVA Soft Performance. Dise\u00f1o resistente y atractivo para jugadores de alto rendimiento.","robots":{"index":"index","follow":"follow","max-snippet":"max-snippet:-1","max-image-preview":"max-image-preview:large","max-video-preview":"max-video-preview:-1"},"canonical":"https:\/\/revolutionpadelstore.com\/en\/adidas-metalbone-ctrl-3-3-2024\/","og_locale":"en_US","og_type":"article","og_title":"ADIDAS METALBONE CTRL 3.3 2024","og_description":"Adidas Metalbone CTRL 3.3: La elecci\u00f3n de Lorena Rufo para un control excepcional en 2024. Sistema Weight & Balance ajustable, construcci\u00f3n de alta calidad con fibra de carbono y EVA Soft Performance. Dise\u00f1o resistente y atractivo para jugadores de alto rendimiento.","og_url":"https:\/\/revolutionpadelstore.com\/en\/adidas-metalbone-ctrl-3-3-2024\/","og_site_name":"Revolution Padel Store","article_modified_time":"2026-04-08T14:13:56+00:00","og_image":[{"width":1500,"height":1500,"url":"https:\/\/revolutionpadelstore.com\/wp-content\/uploads\/2024\/03\/110144_padel_webs_padel_y_grupo_pala_adidas_metalbone_ctrl_3_3_adrk1ca0u0012f_1_d7a6.webp","type":"image\/webp"}],"twitter_card":"summary_large_image","twitter_misc":{"Est. reading time":"2 minutes"},"schema":{"@context":"https:\/\/schema.org","@graph":[{"@type":"WebPage","@id":"https:\/\/revolutionpadelstore.com\/en\/adidas-metalbone-ctrl-3-3-2024\/","url":"https:\/\/revolutionpadelstore.com\/en\/adidas-metalbone-ctrl-3-3-2024\/","name":"ADIDAS METALBONE CTRL 3.3 2024 - Revolution Padel Store","isPartOf":{"@id":"https:\/\/revolutionpadelstore.com\/en\/#website"},"primaryImageOfPage":{"@id":"https:\/\/revolutionpadelstore.com\/en\/adidas-metalbone-ctrl-3-3-2024\/#primaryimage"},"image":{"@id":"https:\/\/revolutionpadelstore.com\/en\/adidas-metalbone-ctrl-3-3-2024\/#primaryimage"},"thumbnailUrl":"https:\/\/revolutionpadelstore.com\/wp-content\/uploads\/2024\/03\/110144_padel_webs_padel_y_grupo_pala_adidas_metalbone_ctrl_3_3_adrk1ca0u0012f_1_d7a6.webp","datePublished":"2024-03-01T13:30:08+00:00","dateModified":"2026-04-08T14:13:56+00:00","description":"Adidas Metalbone CTRL 3.3: La elecci\u00f3n de Lorena Rufo para un control excepcional en 2024. Sistema Weight & Balance ajustable, construcci\u00f3n de alta calidad con fibra de carbono y EVA Soft Performance. Dise\u00f1o resistente y atractivo para jugadores de alto rendimiento.","breadcrumb":{"@id":"https:\/\/revolutionpadelstore.com\/en\/adidas-metalbone-ctrl-3-3-2024\/#breadcrumb"},"inLanguage":"en-US","potentialAction":[{"@type":"ReadAction","target":["https:\/\/revolutionpadelstore.com\/en\/adidas-metalbone-ctrl-3-3-2024\/"]}]},{"@type":"ImageObject","inLanguage":"en-US","@id":"https:\/\/revolutionpadelstore.com\/en\/adidas-metalbone-ctrl-3-3-2024\/#primaryimage","url":"https:\/\/revolutionpadelstore.com\/wp-content\/uploads\/2024\/03\/110144_padel_webs_padel_y_grupo_pala_adidas_metalbone_ctrl_3_3_adrk1ca0u0012f_1_d7a6.webp","contentUrl":"https:\/\/revolutionpadelstore.com\/wp-content\/uploads\/2024\/03\/110144_padel_webs_padel_y_grupo_pala_adidas_metalbone_ctrl_3_3_adrk1ca0u0012f_1_d7a6.webp","width":1500,"height":1500,"caption":"ADIDAS METALBONE CTRL 3.3 2024"},{"@type":"BreadcrumbList","@id":"https:\/\/revolutionpadelstore.com\/en\/adidas-metalbone-ctrl-3-3-2024\/#breadcrumb","itemListElement":[{"@type":"ListItem","position":1,"name":"Portada","item":"https:\/\/revolutionpadelstore.com\/en\/"},{"@type":"ListItem","position":2,"name":"Shop","item":"https:\/\/revolutionpadelstore.com\/en\/shop\/"},{"@type":"ListItem","position":3,"name":"ADIDAS METALBONE CTRL 3.3 2024"}]},{"@type":"WebSite","@id":"https:\/\/revolutionpadelstore.com\/en\/#website","url":"https:\/\/revolutionpadelstore.com\/en\/","name":"Revolution Padel Store","description":"","publisher":{"@id":"https:\/\/revolutionpadelstore.com\/en\/#organization"},"potentialAction":[{"@type":"SearchAction","target":{"@type":"EntryPoint","urlTemplate":"https:\/\/revolutionpadelstore.com\/en\/?s={search_term_string}"},"query-input":{"@type":"PropertyValueSpecification","valueRequired":true,"valueName":"search_term_string"}}],"inLanguage":"en-US"},{"@type":"Organization","@id":"https:\/\/revolutionpadelstore.com\/en\/#organization","name":"Revolution Padel Store","url":"https:\/\/revolutionpadelstore.com\/en\/","logo":{"@type":"ImageObject","inLanguage":"en-US","@id":"https:\/\/revolutionpadelstore.com\/en\/#\/schema\/logo\/image\/","url":"https:\/\/revolutionpadelstore.com\/wp-content\/uploads\/2026\/02\/revolution-padel-store.jpg","contentUrl":"https:\/\/revolutionpadelstore.com\/wp-content\/uploads\/2026\/02\/revolution-padel-store.jpg","width":2000,"height":2000,"caption":"Revolution Padel Store"},"image":{"@id":"https:\/\/revolutionpadelstore.com\/en\/#\/schema\/logo\/image\/"},"sameAs":["https:\/\/www.instagram.com\/revolutionpadelstore\/"]}]}},"_links":{"self":[{"href":"https:\/\/revolutionpadelstore.com\/en\/wp-json\/wp\/v2\/product\/12055","targetHints":{"allow":["GET"]}}],"collection":[{"href":"https:\/\/revolutionpadelstore.com\/en\/wp-json\/wp\/v2\/product"}],"about":[{"href":"https:\/\/revolutionpadelstore.com\/en\/wp-json\/wp\/v2\/types\/product"}],"replies":[{"embeddable":true,"href":"https:\/\/revolutionpadelstore.com\/en\/wp-json\/wp\/v2\/comments?post=12055"}],"wp:featuredmedia":[{"embeddable":true,"href":"https:\/\/revolutionpadelstore.com\/en\/wp-json\/wp\/v2\/media\/691"}],"wp:attachment":[{"href":"https:\/\/revolutionpadelstore.com\/en\/wp-json\/wp\/v2\/media?parent=12055"}],"wp:term":[{"taxonomy":"acabado","embeddable":true,"href":"https:\/\/revolutionpadelstore.com\/en\/wp-json\/wp\/v2\/acabado?post=12055"},{"taxonomy":"balance","embeddable":true,"href":"https:\/\/revolutionpadelstore.com\/en\/wp-json\/wp\/v2\/balance?post=12055"},{"taxonomy":"dureza","embeddable":true,"href":"https:\/\/revolutionpadelstore.com\/en\/wp-json\/wp\/v2\/dureza?post=12055"},{"taxonomy":"forma","embeddable":true,"href":"https:\/\/revolutionpadelstore.com\/en\/wp-json\/wp\/v2\/forma?post=12055"},{"taxonomy":"jugador","embeddable":true,"href":"https:\/\/revolutionpadelstore.com\/en\/wp-json\/wp\/v2\/jugador?post=12055"},{"taxonomy":"marca","embeddable":true,"href":"https:\/\/revolutionpadelstore.com\/en\/wp-json\/wp\/v2\/marca?post=12055"},{"taxonomy":"nivel-de-juego","embeddable":true,"href":"https:\/\/revolutionpadelstore.com\/en\/wp-json\/wp\/v2\/nivel-de-juego?post=12055"},{"taxonomy":"superficie","embeddable":true,"href":"https:\/\/revolutionpadelstore.com\/en\/wp-json\/wp\/v2\/superficie?post=12055"},{"taxonomy":"tipo-de-juego","embeddable":true,"href":"https:\/\/revolutionpadelstore.com\/en\/wp-json\/wp\/v2\/tipo-de-juego?post=12055"},{"taxonomy":"product_brand","embeddable":true,"href":"https:\/\/revolutionpadelstore.com\/en\/wp-json\/wp\/v2\/product_brand?post=12055"},{"taxonomy":"product_cat","embeddable":true,"href":"https:\/\/revolutionpadelstore.com\/en\/wp-json\/wp\/v2\/product_cat?post=12055"},{"taxonomy":"product_tag","embeddable":true,"href":"https:\/\/revolutionpadelstore.com\/en\/wp-json\/wp\/v2\/product_tag?post=12055"}],"curies":[{"name":"wp","href":"https:\/\/api.w.org\/{rel}","templated":true}]}}