{"id":119539,"date":"2024-11-20T23:53:44","date_gmt":"2024-11-20T22:53:44","guid":{"rendered":"https:\/\/revolutionpadelstore.com\/head-gravity-team-light-2024\/"},"modified":"2026-04-08T10:15:25","modified_gmt":"2026-04-08T08:15:25","slug":"head-gravity-team-light-2024-2","status":"publish","type":"product","link":"https:\/\/revolutionpadelstore.com\/en\/head-gravity-team-light-2024-2\/","title":{"rendered":"HEAD GRAVITY TEAM LIGHT 2024"},"content":{"rendered":"<p><strong> Head Gravity Team Light 2024: Control and comfort in each blow <\/strong><\/p>\n<p>Head&#8217;s Gravity Team Team 2024 is distinguished by offering a play experience based on control, lightness and comfort in each blow. Its round and widely sweet design facilitates greater precision in the shots, allowing the players to perform to the maximum in the defensive exchanges from the bottom of the track.<\/p>\n<p>With only 340 grams of weight, this model is the lightest of the Gravity range, which provides a more comfortable and accessible game experience, allowing easy and effortless handling. Its lightweight also reduces the risk of injuries.<\/p>\n<p><strong> Pala Gravity Team Light 2024, perfect for occasional players <\/strong><\/p>\n<p>This light shovel of Head is ideal for intermediate players or those who practice occasionally, and seek to maintain total control during the game. Its round shape, wide sweet point, lightweight and FOAM control core allow exceptional precision and control.<\/p>\n<p><strong> characteristics and technologies of the Head Gravity Team Light <\/strong><\/p>\n<p>-Foam control nucleus that offers tolerance, precision and an expanded sweet point<\/p>\n<p>-Carbon and graphene marco that provides high resistance and durability<\/p>\n<p>-Tailored Frame technology for higher performance, greater tolerance and gameplay<\/p>\n<p>-Preate fiberglass plans that offer a soft touch, large ball outlet and excellent comfort<\/p>\n<p>-Imphraxibility and feeling of impact thanks to the Traphene 360+ technology<\/p>\n<p>-Tegrated Carbon Protector (IPS) that reduces scratches and blows<\/p>\n<p>-Peso of 340 grams and round shape for greater manageability and precision<\/p>\n<p><strong> I already get the Head Gravity Team Light 2024 in Revolution Padel Store <\/strong><\/p>\n<p>Enjoy a comfortable and simple game with the Head Gravity Team Light 2024, a round shovel with wide sweet point, designed to provide manageability and control to intermediate or occasional players who wish to improve their game from the bottom of the track.<strong>Head Gravity Team Light 2024: Control y Comodidad en Cada Golpe<\/strong><\/p>\n","protected":false},"excerpt":{"rendered":"<p>Round blade with wide sweet and lightweight Head Gravity Team Light 2024. With fiberglass planes for good ball output and FOAM control nucleus.<\/p>\n","protected":false},"featured_media":119514,"comment_status":"open","ping_status":"closed","template":"","meta":{"_acf_changed":false,"_joinchat":[]},"acabado":[1088],"balance":[1148],"dureza":[1153],"forma":[1183],"jugador":[1198],"marca":[1223],"nivel-de-juego":[1353],"superficie":[1358],"tipo-de-juego":[1373],"product_brand":[],"product_cat":[303],"product_tag":[],"class_list":{"0":"post-119539","1":"product","2":"type-product","3":"status-publish","4":"has-post-thumbnail","6":"acabado-mate-en","7":"balance-bajo-en","8":"dureza-blanda-en","9":"forma-redonda-en","10":"jugador-woman","11":"marca-head-en","12":"superficie-lisa-en","13":"tipo-de-juego-control-en","14":"product_cat-palas","16":"first","17":"outofstock","18":"sale","19":"taxable","20":"shipping-taxable","21":"purchasable","22":"product-type-simple"},"acf":[],"yoast_head":"<!-- This site is optimized with the Yoast SEO plugin v27.4 - https:\/\/yoast.com\/product\/yoast-seo-wordpress\/ -->\n<title>HEAD GRAVITY TEAM LIGHT 2024 - Revolution Padel Store<\/title>\n<meta name=\"description\" content=\"La pala Gravity Team 2024 de Head se distingue por ofrecer una experiencia de juego basada en el control, ligereza y confort en cada golpe. Su dise\u00f1o de forma redonda y amplio punto dulce facilita una mayor precisi\u00f3n en los disparos, permitiendo a los jugadores rendir al m\u00e1ximo en los intercambios defensivos desde el fondo de la pista.\" \/>\n<meta name=\"robots\" content=\"index, follow, max-snippet:-1, max-image-preview:large, max-video-preview:-1\" \/>\n<link rel=\"canonical\" href=\"https:\/\/revolutionpadelstore.com\/en\/head-gravity-team-light-2024-2\/\" \/>\n<meta property=\"og:locale\" content=\"en_US\" \/>\n<meta property=\"og:type\" content=\"article\" \/>\n<meta property=\"og:title\" content=\"HEAD GRAVITY TEAM LIGHT 2024 - Revolution Padel Store\" \/>\n<meta property=\"og:description\" content=\"La pala Gravity Team 2024 de Head se distingue por ofrecer una experiencia de juego basada en el control, ligereza y confort en cada golpe. Su dise\u00f1o de forma redonda y amplio punto dulce facilita una mayor precisi\u00f3n en los disparos, permitiendo a los jugadores rendir al m\u00e1ximo en los intercambios defensivos desde el fondo de la pista.\" \/>\n<meta property=\"og:url\" content=\"https:\/\/revolutionpadelstore.com\/en\/head-gravity-team-light-2024-2\/\" \/>\n<meta property=\"og:site_name\" content=\"Revolution Padel Store\" \/>\n<meta property=\"article:modified_time\" content=\"2026-04-08T08:15:25+00:00\" \/>\n<meta property=\"og:image\" content=\"https:\/\/revolutionpadelstore.com\/wp-content\/uploads\/2024\/11\/113829_pala_de_padel_gravity_team_light_2024_224064_1000x1000_1_1899.webp\" \/>\n\t<meta property=\"og:image:width\" content=\"1000\" \/>\n\t<meta property=\"og:image:height\" content=\"1000\" \/>\n\t<meta property=\"og:image:type\" content=\"image\/webp\" \/>\n<meta name=\"twitter:card\" content=\"summary_large_image\" \/>\n<meta name=\"twitter:label1\" content=\"Est. reading time\" \/>\n\t<meta name=\"twitter:data1\" content=\"2 minutes\" \/>\n<script type=\"application\/ld+json\" class=\"yoast-schema-graph\">{\"@context\":\"https:\\\/\\\/schema.org\",\"@graph\":[{\"@type\":\"WebPage\",\"@id\":\"https:\\\/\\\/revolutionpadelstore.com\\\/en\\\/head-gravity-team-light-2024-2\\\/\",\"url\":\"https:\\\/\\\/revolutionpadelstore.com\\\/en\\\/head-gravity-team-light-2024-2\\\/\",\"name\":\"HEAD GRAVITY TEAM LIGHT 2024 - Revolution Padel Store\",\"isPartOf\":{\"@id\":\"https:\\\/\\\/revolutionpadelstore.com\\\/en\\\/#website\"},\"primaryImageOfPage\":{\"@id\":\"https:\\\/\\\/revolutionpadelstore.com\\\/en\\\/head-gravity-team-light-2024-2\\\/#primaryimage\"},\"image\":{\"@id\":\"https:\\\/\\\/revolutionpadelstore.com\\\/en\\\/head-gravity-team-light-2024-2\\\/#primaryimage\"},\"thumbnailUrl\":\"https:\\\/\\\/revolutionpadelstore.com\\\/wp-content\\\/uploads\\\/2024\\\/11\\\/113829_pala_de_padel_gravity_team_light_2024_224064_1000x1000_1_1899.webp\",\"datePublished\":\"2024-11-20T22:53:44+00:00\",\"dateModified\":\"2026-04-08T08:15:25+00:00\",\"description\":\"La pala Gravity Team 2024 de Head se distingue por ofrecer una experiencia de juego basada en el control, ligereza y confort en cada golpe. Su dise\u00f1o de forma redonda y amplio punto dulce facilita una mayor precisi\u00f3n en los disparos, permitiendo a los jugadores rendir al m\u00e1ximo en los intercambios defensivos desde el fondo de la pista.\",\"breadcrumb\":{\"@id\":\"https:\\\/\\\/revolutionpadelstore.com\\\/en\\\/head-gravity-team-light-2024-2\\\/#breadcrumb\"},\"inLanguage\":\"en-US\",\"potentialAction\":[{\"@type\":\"ReadAction\",\"target\":[\"https:\\\/\\\/revolutionpadelstore.com\\\/en\\\/head-gravity-team-light-2024-2\\\/\"]}]},{\"@type\":\"ImageObject\",\"inLanguage\":\"en-US\",\"@id\":\"https:\\\/\\\/revolutionpadelstore.com\\\/en\\\/head-gravity-team-light-2024-2\\\/#primaryimage\",\"url\":\"https:\\\/\\\/revolutionpadelstore.com\\\/wp-content\\\/uploads\\\/2024\\\/11\\\/113829_pala_de_padel_gravity_team_light_2024_224064_1000x1000_1_1899.webp\",\"contentUrl\":\"https:\\\/\\\/revolutionpadelstore.com\\\/wp-content\\\/uploads\\\/2024\\\/11\\\/113829_pala_de_padel_gravity_team_light_2024_224064_1000x1000_1_1899.webp\",\"width\":1000,\"height\":1000},{\"@type\":\"BreadcrumbList\",\"@id\":\"https:\\\/\\\/revolutionpadelstore.com\\\/en\\\/head-gravity-team-light-2024-2\\\/#breadcrumb\",\"itemListElement\":[{\"@type\":\"ListItem\",\"position\":1,\"name\":\"Portada\",\"item\":\"https:\\\/\\\/revolutionpadelstore.com\\\/en\\\/\"},{\"@type\":\"ListItem\",\"position\":2,\"name\":\"Shop\",\"item\":\"https:\\\/\\\/revolutionpadelstore.com\\\/en\\\/shop\\\/\"},{\"@type\":\"ListItem\",\"position\":3,\"name\":\"HEAD GRAVITY TEAM LIGHT 2024\"}]},{\"@type\":\"WebSite\",\"@id\":\"https:\\\/\\\/revolutionpadelstore.com\\\/en\\\/#website\",\"url\":\"https:\\\/\\\/revolutionpadelstore.com\\\/en\\\/\",\"name\":\"Revolution Padel Store\",\"description\":\"\",\"publisher\":{\"@id\":\"https:\\\/\\\/revolutionpadelstore.com\\\/en\\\/#organization\"},\"potentialAction\":[{\"@type\":\"SearchAction\",\"target\":{\"@type\":\"EntryPoint\",\"urlTemplate\":\"https:\\\/\\\/revolutionpadelstore.com\\\/en\\\/?s={search_term_string}\"},\"query-input\":{\"@type\":\"PropertyValueSpecification\",\"valueRequired\":true,\"valueName\":\"search_term_string\"}}],\"inLanguage\":\"en-US\"},{\"@type\":\"Organization\",\"@id\":\"https:\\\/\\\/revolutionpadelstore.com\\\/en\\\/#organization\",\"name\":\"Revolution Padel Store\",\"url\":\"https:\\\/\\\/revolutionpadelstore.com\\\/en\\\/\",\"logo\":{\"@type\":\"ImageObject\",\"inLanguage\":\"en-US\",\"@id\":\"https:\\\/\\\/revolutionpadelstore.com\\\/en\\\/#\\\/schema\\\/logo\\\/image\\\/\",\"url\":\"https:\\\/\\\/revolutionpadelstore.com\\\/wp-content\\\/uploads\\\/2026\\\/02\\\/revolution-padel-store.jpg\",\"contentUrl\":\"https:\\\/\\\/revolutionpadelstore.com\\\/wp-content\\\/uploads\\\/2026\\\/02\\\/revolution-padel-store.jpg\",\"width\":2000,\"height\":2000,\"caption\":\"Revolution Padel Store\"},\"image\":{\"@id\":\"https:\\\/\\\/revolutionpadelstore.com\\\/en\\\/#\\\/schema\\\/logo\\\/image\\\/\"},\"sameAs\":[\"https:\\\/\\\/www.instagram.com\\\/revolutionpadelstore\\\/\"]}]}<\/script>\n<!-- \/ Yoast SEO plugin. -->","yoast_head_json":{"title":"HEAD GRAVITY TEAM LIGHT 2024 - Revolution Padel Store","description":"La pala Gravity Team 2024 de Head se distingue por ofrecer una experiencia de juego basada en el control, ligereza y confort en cada golpe. Su dise\u00f1o de forma redonda y amplio punto dulce facilita una mayor precisi\u00f3n en los disparos, permitiendo a los jugadores rendir al m\u00e1ximo en los intercambios defensivos desde el fondo de la pista.","robots":{"index":"index","follow":"follow","max-snippet":"max-snippet:-1","max-image-preview":"max-image-preview:large","max-video-preview":"max-video-preview:-1"},"canonical":"https:\/\/revolutionpadelstore.com\/en\/head-gravity-team-light-2024-2\/","og_locale":"en_US","og_type":"article","og_title":"HEAD GRAVITY TEAM LIGHT 2024 - Revolution Padel Store","og_description":"La pala Gravity Team 2024 de Head se distingue por ofrecer una experiencia de juego basada en el control, ligereza y confort en cada golpe. Su dise\u00f1o de forma redonda y amplio punto dulce facilita una mayor precisi\u00f3n en los disparos, permitiendo a los jugadores rendir al m\u00e1ximo en los intercambios defensivos desde el fondo de la pista.","og_url":"https:\/\/revolutionpadelstore.com\/en\/head-gravity-team-light-2024-2\/","og_site_name":"Revolution Padel Store","article_modified_time":"2026-04-08T08:15:25+00:00","og_image":[{"width":1000,"height":1000,"url":"https:\/\/revolutionpadelstore.com\/wp-content\/uploads\/2024\/11\/113829_pala_de_padel_gravity_team_light_2024_224064_1000x1000_1_1899.webp","type":"image\/webp"}],"twitter_card":"summary_large_image","twitter_misc":{"Est. reading time":"2 minutes"},"schema":{"@context":"https:\/\/schema.org","@graph":[{"@type":"WebPage","@id":"https:\/\/revolutionpadelstore.com\/en\/head-gravity-team-light-2024-2\/","url":"https:\/\/revolutionpadelstore.com\/en\/head-gravity-team-light-2024-2\/","name":"HEAD GRAVITY TEAM LIGHT 2024 - Revolution Padel Store","isPartOf":{"@id":"https:\/\/revolutionpadelstore.com\/en\/#website"},"primaryImageOfPage":{"@id":"https:\/\/revolutionpadelstore.com\/en\/head-gravity-team-light-2024-2\/#primaryimage"},"image":{"@id":"https:\/\/revolutionpadelstore.com\/en\/head-gravity-team-light-2024-2\/#primaryimage"},"thumbnailUrl":"https:\/\/revolutionpadelstore.com\/wp-content\/uploads\/2024\/11\/113829_pala_de_padel_gravity_team_light_2024_224064_1000x1000_1_1899.webp","datePublished":"2024-11-20T22:53:44+00:00","dateModified":"2026-04-08T08:15:25+00:00","description":"La pala Gravity Team 2024 de Head se distingue por ofrecer una experiencia de juego basada en el control, ligereza y confort en cada golpe. Su dise\u00f1o de forma redonda y amplio punto dulce facilita una mayor precisi\u00f3n en los disparos, permitiendo a los jugadores rendir al m\u00e1ximo en los intercambios defensivos desde el fondo de la pista.","breadcrumb":{"@id":"https:\/\/revolutionpadelstore.com\/en\/head-gravity-team-light-2024-2\/#breadcrumb"},"inLanguage":"en-US","potentialAction":[{"@type":"ReadAction","target":["https:\/\/revolutionpadelstore.com\/en\/head-gravity-team-light-2024-2\/"]}]},{"@type":"ImageObject","inLanguage":"en-US","@id":"https:\/\/revolutionpadelstore.com\/en\/head-gravity-team-light-2024-2\/#primaryimage","url":"https:\/\/revolutionpadelstore.com\/wp-content\/uploads\/2024\/11\/113829_pala_de_padel_gravity_team_light_2024_224064_1000x1000_1_1899.webp","contentUrl":"https:\/\/revolutionpadelstore.com\/wp-content\/uploads\/2024\/11\/113829_pala_de_padel_gravity_team_light_2024_224064_1000x1000_1_1899.webp","width":1000,"height":1000},{"@type":"BreadcrumbList","@id":"https:\/\/revolutionpadelstore.com\/en\/head-gravity-team-light-2024-2\/#breadcrumb","itemListElement":[{"@type":"ListItem","position":1,"name":"Portada","item":"https:\/\/revolutionpadelstore.com\/en\/"},{"@type":"ListItem","position":2,"name":"Shop","item":"https:\/\/revolutionpadelstore.com\/en\/shop\/"},{"@type":"ListItem","position":3,"name":"HEAD GRAVITY TEAM LIGHT 2024"}]},{"@type":"WebSite","@id":"https:\/\/revolutionpadelstore.com\/en\/#website","url":"https:\/\/revolutionpadelstore.com\/en\/","name":"Revolution Padel Store","description":"","publisher":{"@id":"https:\/\/revolutionpadelstore.com\/en\/#organization"},"potentialAction":[{"@type":"SearchAction","target":{"@type":"EntryPoint","urlTemplate":"https:\/\/revolutionpadelstore.com\/en\/?s={search_term_string}"},"query-input":{"@type":"PropertyValueSpecification","valueRequired":true,"valueName":"search_term_string"}}],"inLanguage":"en-US"},{"@type":"Organization","@id":"https:\/\/revolutionpadelstore.com\/en\/#organization","name":"Revolution Padel Store","url":"https:\/\/revolutionpadelstore.com\/en\/","logo":{"@type":"ImageObject","inLanguage":"en-US","@id":"https:\/\/revolutionpadelstore.com\/en\/#\/schema\/logo\/image\/","url":"https:\/\/revolutionpadelstore.com\/wp-content\/uploads\/2026\/02\/revolution-padel-store.jpg","contentUrl":"https:\/\/revolutionpadelstore.com\/wp-content\/uploads\/2026\/02\/revolution-padel-store.jpg","width":2000,"height":2000,"caption":"Revolution Padel Store"},"image":{"@id":"https:\/\/revolutionpadelstore.com\/en\/#\/schema\/logo\/image\/"},"sameAs":["https:\/\/www.instagram.com\/revolutionpadelstore\/"]}]}},"_links":{"self":[{"href":"https:\/\/revolutionpadelstore.com\/en\/wp-json\/wp\/v2\/product\/119539","targetHints":{"allow":["GET"]}}],"collection":[{"href":"https:\/\/revolutionpadelstore.com\/en\/wp-json\/wp\/v2\/product"}],"about":[{"href":"https:\/\/revolutionpadelstore.com\/en\/wp-json\/wp\/v2\/types\/product"}],"replies":[{"embeddable":true,"href":"https:\/\/revolutionpadelstore.com\/en\/wp-json\/wp\/v2\/comments?post=119539"}],"wp:featuredmedia":[{"embeddable":true,"href":"https:\/\/revolutionpadelstore.com\/en\/wp-json\/wp\/v2\/media\/119514"}],"wp:attachment":[{"href":"https:\/\/revolutionpadelstore.com\/en\/wp-json\/wp\/v2\/media?parent=119539"}],"wp:term":[{"taxonomy":"acabado","embeddable":true,"href":"https:\/\/revolutionpadelstore.com\/en\/wp-json\/wp\/v2\/acabado?post=119539"},{"taxonomy":"balance","embeddable":true,"href":"https:\/\/revolutionpadelstore.com\/en\/wp-json\/wp\/v2\/balance?post=119539"},{"taxonomy":"dureza","embeddable":true,"href":"https:\/\/revolutionpadelstore.com\/en\/wp-json\/wp\/v2\/dureza?post=119539"},{"taxonomy":"forma","embeddable":true,"href":"https:\/\/revolutionpadelstore.com\/en\/wp-json\/wp\/v2\/forma?post=119539"},{"taxonomy":"jugador","embeddable":true,"href":"https:\/\/revolutionpadelstore.com\/en\/wp-json\/wp\/v2\/jugador?post=119539"},{"taxonomy":"marca","embeddable":true,"href":"https:\/\/revolutionpadelstore.com\/en\/wp-json\/wp\/v2\/marca?post=119539"},{"taxonomy":"nivel-de-juego","embeddable":true,"href":"https:\/\/revolutionpadelstore.com\/en\/wp-json\/wp\/v2\/nivel-de-juego?post=119539"},{"taxonomy":"superficie","embeddable":true,"href":"https:\/\/revolutionpadelstore.com\/en\/wp-json\/wp\/v2\/superficie?post=119539"},{"taxonomy":"tipo-de-juego","embeddable":true,"href":"https:\/\/revolutionpadelstore.com\/en\/wp-json\/wp\/v2\/tipo-de-juego?post=119539"},{"taxonomy":"product_brand","embeddable":true,"href":"https:\/\/revolutionpadelstore.com\/en\/wp-json\/wp\/v2\/product_brand?post=119539"},{"taxonomy":"product_cat","embeddable":true,"href":"https:\/\/revolutionpadelstore.com\/en\/wp-json\/wp\/v2\/product_cat?post=119539"},{"taxonomy":"product_tag","embeddable":true,"href":"https:\/\/revolutionpadelstore.com\/en\/wp-json\/wp\/v2\/product_tag?post=119539"}],"curies":[{"name":"wp","href":"https:\/\/api.w.org\/{rel}","templated":true}]}}