{"id":119455,"date":"2024-11-15T08:24:32","date_gmt":"2024-11-15T07:24:32","guid":{"rendered":"https:\/\/revolutionpadelstore.com\/nox-ml10-hexa-black-slate-grey\/"},"modified":"2026-04-08T10:20:00","modified_gmt":"2026-04-08T08:20:00","slug":"nox-ml10-hexa-black-slate-grey-2","status":"publish","type":"product","link":"https:\/\/revolutionpadelstore.com\/en\/nox-ml10-hexa-black-slate-grey-2\/","title":{"rendered":"NOX ML10 HEXA BLACK\/SLATE GREY"},"content":{"rendered":"<p><Div class=\"flex max-w-suppl-colup flex-grow\"><br \/>\n<Div><\/p>\n<div class=\"Flex W-Full Flex-Col Gap-1 Emty: Hidden First: PT- [3px]\">&gt;<\/p>\n<div class=\"Markdown continued W-Full Break-Words Dark: Prose-Invert Dark\">\n<h2> nox ml10 hexa black, incredible firmness and support <\/ h2><br \/>\nName ML10 Hexa Black paddle shoes are designed to offer exceptional firmness and support, designed to revolutionize your track performance. Chosen by Miguel Lamperti for the Premier Padel Spain 2024, these shoes provide higher performance and help minimize the risk of injuries.<\/p>\n<p>Certified by the Inescop Footwear Technology Center in Alicante, the ML10 Hexa of the Luxury Series have a mixed sole that combines spikes and microtacos, which guarantees an excellent grip and versatility in any type of game surface.<\/p>\n<p>To ensure an ideal cushioning and an excellent return of energy, the shoes include a Strobel Foam plant Eva and a pHylon halfway. In addition, the Ortholite template not only improves comfort, but also offers antimicrobial properties to avoid the proliferation of bacteria, maintaining your fresh and comfortable feet.<\/p>\n<p>The lateral system supports stability in each movement, expanding the contact surface with the ground and reducing the risk of sprains. Advanced Gravity Geometry (AGG) technology facilitates fast starts and improves waiting position. It also incorporates the Abraxone lateral reinforcement, which increases abrasion resistance.<\/p>\n<p>With the NOX ML10 Hexa Black, you can improve your performance on the track, enjoy a safer and efficient game, and raise your level to the maximum. Do not miss the opportunity to take your game to the next level!<\/p>\n<p><\/ div><br \/>\n<\/ div><br \/>\n<\/ div><br \/>\n<\/ div><\/p>\n","protected":false},"excerpt":{"rendered":"<p>The Nox ML10 Hexa 2024 are the favorite shoes of the most charismatic player of the paddle circuit, Miguel Lamperti. He trusts them both for their training and for their official parties, ensuring optimal performance and maximum comfort at all times.<\/p>\n","protected":false},"featured_media":110596,"comment_status":"open","ping_status":"closed","template":"","meta":{"_acf_changed":false,"_joinchat":[]},"acabado":[],"balance":[],"dureza":[],"forma":[],"jugador":[1193],"marca":[1263],"nivel-de-juego":[],"superficie":[],"tipo-de-juego":[],"product_brand":[],"product_cat":[829],"product_tag":[],"class_list":{"0":"post-119455","1":"product","2":"type-product","3":"status-publish","4":"has-post-thumbnail","6":"jugador-hombre-en","7":"marca-nox-en","8":"product_cat-sneakers","10":"first","11":"outofstock","12":"sale","13":"taxable","14":"shipping-taxable","15":"purchasable","16":"product-type-variable"},"acf":[],"yoast_head":"<!-- This site is optimized with the Yoast SEO plugin v27.4 - https:\/\/yoast.com\/product\/yoast-seo-wordpress\/ -->\n<title>NOX ML10 HEXA BLACK\/SLATE GREY - Revolution Padel Store<\/title>\n<meta name=\"description\" content=\"Las zapatillas de p\u00e1del Nox ML10 Hexa Negro est\u00e1n dise\u00f1adas para ofrecer una firmeza y soporte excepcionales, pensadas para revolucionar tu rendimiento en la pista. Escogidas por Miguel Lamperti para el Premier Padel Espa\u00f1a 2024, estas zapatillas proporcionan un rendimiento superior y ayudan a minimizar el riesgo de lesiones.\" \/>\n<meta name=\"robots\" content=\"index, follow, max-snippet:-1, max-image-preview:large, max-video-preview:-1\" \/>\n<link rel=\"canonical\" href=\"https:\/\/revolutionpadelstore.com\/en\/nox-ml10-hexa-black-slate-grey-2\/\" \/>\n<meta property=\"og:locale\" content=\"en_US\" \/>\n<meta property=\"og:type\" content=\"article\" \/>\n<meta property=\"og:title\" content=\"NOX ML10 HEXA BLACK\/SLATE GREY - Revolution Padel Store\" \/>\n<meta property=\"og:description\" content=\"Las zapatillas de p\u00e1del Nox ML10 Hexa Negro est\u00e1n dise\u00f1adas para ofrecer una firmeza y soporte excepcionales, pensadas para revolucionar tu rendimiento en la pista. Escogidas por Miguel Lamperti para el Premier Padel Espa\u00f1a 2024, estas zapatillas proporcionan un rendimiento superior y ayudan a minimizar el riesgo de lesiones.\" \/>\n<meta property=\"og:url\" content=\"https:\/\/revolutionpadelstore.com\/en\/nox-ml10-hexa-black-slate-grey-2\/\" \/>\n<meta property=\"og:site_name\" content=\"Revolution Padel Store\" \/>\n<meta property=\"article:modified_time\" content=\"2026-04-08T08:20:00+00:00\" \/>\n<meta property=\"og:image\" content=\"https:\/\/revolutionpadelstore.com\/wp-content\/uploads\/2024\/11\/113140_zapatillas_nox_ml10_hexa_calmlhexblgs_1500x1500_1_4667.webp\" \/>\n\t<meta property=\"og:image:width\" content=\"1500\" \/>\n\t<meta property=\"og:image:height\" content=\"1500\" \/>\n\t<meta property=\"og:image:type\" content=\"image\/webp\" \/>\n<meta name=\"twitter:card\" content=\"summary_large_image\" \/>\n<meta name=\"twitter:label1\" content=\"Est. reading time\" \/>\n\t<meta name=\"twitter:data1\" content=\"2 minutes\" \/>\n<script type=\"application\/ld+json\" class=\"yoast-schema-graph\">{\"@context\":\"https:\\\/\\\/schema.org\",\"@graph\":[{\"@type\":\"WebPage\",\"@id\":\"https:\\\/\\\/revolutionpadelstore.com\\\/en\\\/nox-ml10-hexa-black-slate-grey-2\\\/\",\"url\":\"https:\\\/\\\/revolutionpadelstore.com\\\/en\\\/nox-ml10-hexa-black-slate-grey-2\\\/\",\"name\":\"NOX ML10 HEXA BLACK\\\/SLATE GREY - Revolution Padel Store\",\"isPartOf\":{\"@id\":\"https:\\\/\\\/revolutionpadelstore.com\\\/en\\\/#website\"},\"primaryImageOfPage\":{\"@id\":\"https:\\\/\\\/revolutionpadelstore.com\\\/en\\\/nox-ml10-hexa-black-slate-grey-2\\\/#primaryimage\"},\"image\":{\"@id\":\"https:\\\/\\\/revolutionpadelstore.com\\\/en\\\/nox-ml10-hexa-black-slate-grey-2\\\/#primaryimage\"},\"thumbnailUrl\":\"https:\\\/\\\/revolutionpadelstore.com\\\/wp-content\\\/uploads\\\/2024\\\/11\\\/113140_zapatillas_nox_ml10_hexa_calmlhexblgs_1500x1500_1_4667.webp\",\"datePublished\":\"2024-11-15T07:24:32+00:00\",\"dateModified\":\"2026-04-08T08:20:00+00:00\",\"description\":\"Las zapatillas de p\u00e1del Nox ML10 Hexa Negro est\u00e1n dise\u00f1adas para ofrecer una firmeza y soporte excepcionales, pensadas para revolucionar tu rendimiento en la pista. Escogidas por Miguel Lamperti para el Premier Padel Espa\u00f1a 2024, estas zapatillas proporcionan un rendimiento superior y ayudan a minimizar el riesgo de lesiones.\",\"breadcrumb\":{\"@id\":\"https:\\\/\\\/revolutionpadelstore.com\\\/en\\\/nox-ml10-hexa-black-slate-grey-2\\\/#breadcrumb\"},\"inLanguage\":\"en-US\",\"potentialAction\":[{\"@type\":\"ReadAction\",\"target\":[\"https:\\\/\\\/revolutionpadelstore.com\\\/en\\\/nox-ml10-hexa-black-slate-grey-2\\\/\"]}]},{\"@type\":\"ImageObject\",\"inLanguage\":\"en-US\",\"@id\":\"https:\\\/\\\/revolutionpadelstore.com\\\/en\\\/nox-ml10-hexa-black-slate-grey-2\\\/#primaryimage\",\"url\":\"https:\\\/\\\/revolutionpadelstore.com\\\/wp-content\\\/uploads\\\/2024\\\/11\\\/113140_zapatillas_nox_ml10_hexa_calmlhexblgs_1500x1500_1_4667.webp\",\"contentUrl\":\"https:\\\/\\\/revolutionpadelstore.com\\\/wp-content\\\/uploads\\\/2024\\\/11\\\/113140_zapatillas_nox_ml10_hexa_calmlhexblgs_1500x1500_1_4667.webp\",\"width\":1500,\"height\":1500},{\"@type\":\"BreadcrumbList\",\"@id\":\"https:\\\/\\\/revolutionpadelstore.com\\\/en\\\/nox-ml10-hexa-black-slate-grey-2\\\/#breadcrumb\",\"itemListElement\":[{\"@type\":\"ListItem\",\"position\":1,\"name\":\"Portada\",\"item\":\"https:\\\/\\\/revolutionpadelstore.com\\\/en\\\/\"},{\"@type\":\"ListItem\",\"position\":2,\"name\":\"Shop\",\"item\":\"https:\\\/\\\/revolutionpadelstore.com\\\/en\\\/shop\\\/\"},{\"@type\":\"ListItem\",\"position\":3,\"name\":\"NOX ML10 HEXA BLACK\\\/SLATE GREY\"}]},{\"@type\":\"WebSite\",\"@id\":\"https:\\\/\\\/revolutionpadelstore.com\\\/en\\\/#website\",\"url\":\"https:\\\/\\\/revolutionpadelstore.com\\\/en\\\/\",\"name\":\"Revolution Padel Store\",\"description\":\"\",\"publisher\":{\"@id\":\"https:\\\/\\\/revolutionpadelstore.com\\\/en\\\/#organization\"},\"potentialAction\":[{\"@type\":\"SearchAction\",\"target\":{\"@type\":\"EntryPoint\",\"urlTemplate\":\"https:\\\/\\\/revolutionpadelstore.com\\\/en\\\/?s={search_term_string}\"},\"query-input\":{\"@type\":\"PropertyValueSpecification\",\"valueRequired\":true,\"valueName\":\"search_term_string\"}}],\"inLanguage\":\"en-US\"},{\"@type\":\"Organization\",\"@id\":\"https:\\\/\\\/revolutionpadelstore.com\\\/en\\\/#organization\",\"name\":\"Revolution Padel Store\",\"url\":\"https:\\\/\\\/revolutionpadelstore.com\\\/en\\\/\",\"logo\":{\"@type\":\"ImageObject\",\"inLanguage\":\"en-US\",\"@id\":\"https:\\\/\\\/revolutionpadelstore.com\\\/en\\\/#\\\/schema\\\/logo\\\/image\\\/\",\"url\":\"https:\\\/\\\/revolutionpadelstore.com\\\/wp-content\\\/uploads\\\/2026\\\/02\\\/revolution-padel-store.jpg\",\"contentUrl\":\"https:\\\/\\\/revolutionpadelstore.com\\\/wp-content\\\/uploads\\\/2026\\\/02\\\/revolution-padel-store.jpg\",\"width\":2000,\"height\":2000,\"caption\":\"Revolution Padel Store\"},\"image\":{\"@id\":\"https:\\\/\\\/revolutionpadelstore.com\\\/en\\\/#\\\/schema\\\/logo\\\/image\\\/\"},\"sameAs\":[\"https:\\\/\\\/www.instagram.com\\\/revolutionpadelstore\\\/\"]}]}<\/script>\n<!-- \/ Yoast SEO plugin. -->","yoast_head_json":{"title":"NOX ML10 HEXA BLACK\/SLATE GREY - Revolution Padel Store","description":"Las zapatillas de p\u00e1del Nox ML10 Hexa Negro est\u00e1n dise\u00f1adas para ofrecer una firmeza y soporte excepcionales, pensadas para revolucionar tu rendimiento en la pista. Escogidas por Miguel Lamperti para el Premier Padel Espa\u00f1a 2024, estas zapatillas proporcionan un rendimiento superior y ayudan a minimizar el riesgo de lesiones.","robots":{"index":"index","follow":"follow","max-snippet":"max-snippet:-1","max-image-preview":"max-image-preview:large","max-video-preview":"max-video-preview:-1"},"canonical":"https:\/\/revolutionpadelstore.com\/en\/nox-ml10-hexa-black-slate-grey-2\/","og_locale":"en_US","og_type":"article","og_title":"NOX ML10 HEXA BLACK\/SLATE GREY - Revolution Padel Store","og_description":"Las zapatillas de p\u00e1del Nox ML10 Hexa Negro est\u00e1n dise\u00f1adas para ofrecer una firmeza y soporte excepcionales, pensadas para revolucionar tu rendimiento en la pista. Escogidas por Miguel Lamperti para el Premier Padel Espa\u00f1a 2024, estas zapatillas proporcionan un rendimiento superior y ayudan a minimizar el riesgo de lesiones.","og_url":"https:\/\/revolutionpadelstore.com\/en\/nox-ml10-hexa-black-slate-grey-2\/","og_site_name":"Revolution Padel Store","article_modified_time":"2026-04-08T08:20:00+00:00","og_image":[{"width":1500,"height":1500,"url":"https:\/\/revolutionpadelstore.com\/wp-content\/uploads\/2024\/11\/113140_zapatillas_nox_ml10_hexa_calmlhexblgs_1500x1500_1_4667.webp","type":"image\/webp"}],"twitter_card":"summary_large_image","twitter_misc":{"Est. reading time":"2 minutes"},"schema":{"@context":"https:\/\/schema.org","@graph":[{"@type":"WebPage","@id":"https:\/\/revolutionpadelstore.com\/en\/nox-ml10-hexa-black-slate-grey-2\/","url":"https:\/\/revolutionpadelstore.com\/en\/nox-ml10-hexa-black-slate-grey-2\/","name":"NOX ML10 HEXA BLACK\/SLATE GREY - Revolution Padel Store","isPartOf":{"@id":"https:\/\/revolutionpadelstore.com\/en\/#website"},"primaryImageOfPage":{"@id":"https:\/\/revolutionpadelstore.com\/en\/nox-ml10-hexa-black-slate-grey-2\/#primaryimage"},"image":{"@id":"https:\/\/revolutionpadelstore.com\/en\/nox-ml10-hexa-black-slate-grey-2\/#primaryimage"},"thumbnailUrl":"https:\/\/revolutionpadelstore.com\/wp-content\/uploads\/2024\/11\/113140_zapatillas_nox_ml10_hexa_calmlhexblgs_1500x1500_1_4667.webp","datePublished":"2024-11-15T07:24:32+00:00","dateModified":"2026-04-08T08:20:00+00:00","description":"Las zapatillas de p\u00e1del Nox ML10 Hexa Negro est\u00e1n dise\u00f1adas para ofrecer una firmeza y soporte excepcionales, pensadas para revolucionar tu rendimiento en la pista. Escogidas por Miguel Lamperti para el Premier Padel Espa\u00f1a 2024, estas zapatillas proporcionan un rendimiento superior y ayudan a minimizar el riesgo de lesiones.","breadcrumb":{"@id":"https:\/\/revolutionpadelstore.com\/en\/nox-ml10-hexa-black-slate-grey-2\/#breadcrumb"},"inLanguage":"en-US","potentialAction":[{"@type":"ReadAction","target":["https:\/\/revolutionpadelstore.com\/en\/nox-ml10-hexa-black-slate-grey-2\/"]}]},{"@type":"ImageObject","inLanguage":"en-US","@id":"https:\/\/revolutionpadelstore.com\/en\/nox-ml10-hexa-black-slate-grey-2\/#primaryimage","url":"https:\/\/revolutionpadelstore.com\/wp-content\/uploads\/2024\/11\/113140_zapatillas_nox_ml10_hexa_calmlhexblgs_1500x1500_1_4667.webp","contentUrl":"https:\/\/revolutionpadelstore.com\/wp-content\/uploads\/2024\/11\/113140_zapatillas_nox_ml10_hexa_calmlhexblgs_1500x1500_1_4667.webp","width":1500,"height":1500},{"@type":"BreadcrumbList","@id":"https:\/\/revolutionpadelstore.com\/en\/nox-ml10-hexa-black-slate-grey-2\/#breadcrumb","itemListElement":[{"@type":"ListItem","position":1,"name":"Portada","item":"https:\/\/revolutionpadelstore.com\/en\/"},{"@type":"ListItem","position":2,"name":"Shop","item":"https:\/\/revolutionpadelstore.com\/en\/shop\/"},{"@type":"ListItem","position":3,"name":"NOX ML10 HEXA BLACK\/SLATE GREY"}]},{"@type":"WebSite","@id":"https:\/\/revolutionpadelstore.com\/en\/#website","url":"https:\/\/revolutionpadelstore.com\/en\/","name":"Revolution Padel Store","description":"","publisher":{"@id":"https:\/\/revolutionpadelstore.com\/en\/#organization"},"potentialAction":[{"@type":"SearchAction","target":{"@type":"EntryPoint","urlTemplate":"https:\/\/revolutionpadelstore.com\/en\/?s={search_term_string}"},"query-input":{"@type":"PropertyValueSpecification","valueRequired":true,"valueName":"search_term_string"}}],"inLanguage":"en-US"},{"@type":"Organization","@id":"https:\/\/revolutionpadelstore.com\/en\/#organization","name":"Revolution Padel Store","url":"https:\/\/revolutionpadelstore.com\/en\/","logo":{"@type":"ImageObject","inLanguage":"en-US","@id":"https:\/\/revolutionpadelstore.com\/en\/#\/schema\/logo\/image\/","url":"https:\/\/revolutionpadelstore.com\/wp-content\/uploads\/2026\/02\/revolution-padel-store.jpg","contentUrl":"https:\/\/revolutionpadelstore.com\/wp-content\/uploads\/2026\/02\/revolution-padel-store.jpg","width":2000,"height":2000,"caption":"Revolution Padel Store"},"image":{"@id":"https:\/\/revolutionpadelstore.com\/en\/#\/schema\/logo\/image\/"},"sameAs":["https:\/\/www.instagram.com\/revolutionpadelstore\/"]}]}},"_links":{"self":[{"href":"https:\/\/revolutionpadelstore.com\/en\/wp-json\/wp\/v2\/product\/119455","targetHints":{"allow":["GET"]}}],"collection":[{"href":"https:\/\/revolutionpadelstore.com\/en\/wp-json\/wp\/v2\/product"}],"about":[{"href":"https:\/\/revolutionpadelstore.com\/en\/wp-json\/wp\/v2\/types\/product"}],"replies":[{"embeddable":true,"href":"https:\/\/revolutionpadelstore.com\/en\/wp-json\/wp\/v2\/comments?post=119455"}],"wp:featuredmedia":[{"embeddable":true,"href":"https:\/\/revolutionpadelstore.com\/en\/wp-json\/wp\/v2\/media\/110596"}],"wp:attachment":[{"href":"https:\/\/revolutionpadelstore.com\/en\/wp-json\/wp\/v2\/media?parent=119455"}],"wp:term":[{"taxonomy":"acabado","embeddable":true,"href":"https:\/\/revolutionpadelstore.com\/en\/wp-json\/wp\/v2\/acabado?post=119455"},{"taxonomy":"balance","embeddable":true,"href":"https:\/\/revolutionpadelstore.com\/en\/wp-json\/wp\/v2\/balance?post=119455"},{"taxonomy":"dureza","embeddable":true,"href":"https:\/\/revolutionpadelstore.com\/en\/wp-json\/wp\/v2\/dureza?post=119455"},{"taxonomy":"forma","embeddable":true,"href":"https:\/\/revolutionpadelstore.com\/en\/wp-json\/wp\/v2\/forma?post=119455"},{"taxonomy":"jugador","embeddable":true,"href":"https:\/\/revolutionpadelstore.com\/en\/wp-json\/wp\/v2\/jugador?post=119455"},{"taxonomy":"marca","embeddable":true,"href":"https:\/\/revolutionpadelstore.com\/en\/wp-json\/wp\/v2\/marca?post=119455"},{"taxonomy":"nivel-de-juego","embeddable":true,"href":"https:\/\/revolutionpadelstore.com\/en\/wp-json\/wp\/v2\/nivel-de-juego?post=119455"},{"taxonomy":"superficie","embeddable":true,"href":"https:\/\/revolutionpadelstore.com\/en\/wp-json\/wp\/v2\/superficie?post=119455"},{"taxonomy":"tipo-de-juego","embeddable":true,"href":"https:\/\/revolutionpadelstore.com\/en\/wp-json\/wp\/v2\/tipo-de-juego?post=119455"},{"taxonomy":"product_brand","embeddable":true,"href":"https:\/\/revolutionpadelstore.com\/en\/wp-json\/wp\/v2\/product_brand?post=119455"},{"taxonomy":"product_cat","embeddable":true,"href":"https:\/\/revolutionpadelstore.com\/en\/wp-json\/wp\/v2\/product_cat?post=119455"},{"taxonomy":"product_tag","embeddable":true,"href":"https:\/\/revolutionpadelstore.com\/en\/wp-json\/wp\/v2\/product_tag?post=119455"}],"curies":[{"name":"wp","href":"https:\/\/api.w.org\/{rel}","templated":true}]}}