{"id":119444,"date":"2024-11-15T08:41:05","date_gmt":"2024-11-15T07:41:05","guid":{"rendered":"https:\/\/revolutionpadelstore.com\/paletero-nox-luxury-master-series-blanco-negro\/"},"modified":"2026-04-08T10:19:32","modified_gmt":"2026-04-08T08:19:32","slug":"paletero-nox-luxury-master-series-blanco-negro-2","status":"publish","type":"product","link":"https:\/\/revolutionpadelstore.com\/en\/paletero-nox-luxury-master-series-blanco-negro-2\/","title":{"rendered":"PALETERO NOX LUXURY MASTER SERIES BLANCO NEGRO"},"content":{"rendered":"<p><H2> Paletero nox Luxury Master Series Black Black, Great Resistance <\/ h2><br \/>\nThe Luxury Master Series of Nox, in an elegant black and white color, is designed to offer an unique use experience. Manufactured with state -of -the -art technical materials and high quality textiles, it guarantees great wear resistance and, at the same time, a lighter weight. A perfect combination of durability, style and functionality.<\/p>\n<p>With a capacity of 60 liters and dimensions of 60x30x35 cm, this paletero allows you to transport your entire team without leaving anything behind. Its design includes the backpack option, but with removable handles, which provides great versatility and comfort in transport.<\/p>\n<p><strong> rigid base and ergonomic handle <\/strong><\/p>\n<p>This paletero stands out for its excellent storage capacity, with a main easily accessible compartment, thanks to its side opening, where you can store up to 3 paddle shovels, clothing or any other sports accessory. It also has an ventilated compartment for shoes, allowing efficient air circulation and maintains the rest of your clean and dry equipment.<\/p>\n<p>In addition, the paletero incorporates two side compartments: one with a rigid surface that provides greater protection and another with several pockets to organize your personal objects and access them quickly. It also has a thermal compartment with Nox Thermotch technology, which keeps your paddle blades and other objects sensitive to temperature in optimal conditions.<\/p>\n<p>With the Luxury Master Series of Nox, you will have everything you need to keep your team organized and safe, while enjoying a practical and sophisticated design.<\/p>\n<h2>Paletero Nox Luxury Master Series Blanco Negro, gran resistencia<\/h2>\n","protected":false},"excerpt":{"rendered":"<p>Discover the new Paletero Padel Luxury Master, designed with the best textile and technical material to reduce weight and increase resistance, offering a perfect combination of style, functionality and durability. In black\/white.<\/p>\n","protected":false},"featured_media":110627,"comment_status":"open","ping_status":"closed","template":"","meta":{"_acf_changed":false,"_joinchat":[]},"acabado":[],"balance":[],"dureza":[],"forma":[],"jugador":[],"marca":[1263],"nivel-de-juego":[],"superficie":[],"tipo-de-juego":[],"product_brand":[],"product_cat":[322],"product_tag":[],"class_list":{"0":"post-119444","1":"product","2":"type-product","3":"status-publish","4":"has-post-thumbnail","6":"marca-nox-en","7":"product_cat-bags","9":"first","10":"outofstock","11":"sale","12":"taxable","13":"shipping-taxable","14":"purchasable","15":"product-type-simple"},"acf":[],"yoast_head":"<!-- This site is optimized with the Yoast SEO plugin v27.4 - https:\/\/yoast.com\/product\/yoast-seo-wordpress\/ -->\n<title>PALETERO NOX LUXURY MASTER SERIES BLANCO NEGRO - Revolution Padel Store<\/title>\n<meta name=\"description\" content=\"El Paletero Luxury Master Series de Nox, en un elegante color blanco y negro, est\u00e1 dise\u00f1ado para ofrecer una experiencia de uso inigualable. Fabricado con materiales t\u00e9cnicos de \u00faltima generaci\u00f3n y textiles de alta calidad, garantiza una gran resistencia al desgaste y, al mismo tiempo, un peso m\u00e1s ligero. Una combinaci\u00f3n perfecta de durabilidad, estilo y funcionalidad.\" \/>\n<meta name=\"robots\" content=\"index, follow, max-snippet:-1, max-image-preview:large, max-video-preview:-1\" \/>\n<link rel=\"canonical\" href=\"https:\/\/revolutionpadelstore.com\/en\/paletero-nox-luxury-master-series-blanco-negro-2\/\" \/>\n<meta property=\"og:locale\" content=\"en_US\" \/>\n<meta property=\"og:type\" content=\"article\" \/>\n<meta property=\"og:title\" content=\"PALETERO NOX LUXURY MASTER SERIES BLANCO NEGRO - Revolution Padel Store\" \/>\n<meta property=\"og:description\" content=\"El Paletero Luxury Master Series de Nox, en un elegante color blanco y negro, est\u00e1 dise\u00f1ado para ofrecer una experiencia de uso inigualable. Fabricado con materiales t\u00e9cnicos de \u00faltima generaci\u00f3n y textiles de alta calidad, garantiza una gran resistencia al desgaste y, al mismo tiempo, un peso m\u00e1s ligero. Una combinaci\u00f3n perfecta de durabilidad, estilo y funcionalidad.\" \/>\n<meta property=\"og:url\" content=\"https:\/\/revolutionpadelstore.com\/en\/paletero-nox-luxury-master-series-blanco-negro-2\/\" \/>\n<meta property=\"og:site_name\" content=\"Revolution Padel Store\" \/>\n<meta property=\"article:modified_time\" content=\"2026-04-08T08:19:32+00:00\" \/>\n<meta property=\"og:image\" content=\"https:\/\/revolutionpadelstore.com\/wp-content\/uploads\/2024\/11\/113157_paletero_nox_luxury_master_series_bpluxmaster_1500x1500_1_a40c.webp\" \/>\n\t<meta property=\"og:image:width\" content=\"1500\" \/>\n\t<meta property=\"og:image:height\" content=\"1500\" \/>\n\t<meta property=\"og:image:type\" content=\"image\/webp\" \/>\n<meta name=\"twitter:card\" content=\"summary_large_image\" \/>\n<meta name=\"twitter:label1\" content=\"Est. reading time\" \/>\n\t<meta name=\"twitter:data1\" content=\"1 minute\" \/>\n<script type=\"application\/ld+json\" class=\"yoast-schema-graph\">{\"@context\":\"https:\\\/\\\/schema.org\",\"@graph\":[{\"@type\":\"WebPage\",\"@id\":\"https:\\\/\\\/revolutionpadelstore.com\\\/en\\\/paletero-nox-luxury-master-series-blanco-negro-2\\\/\",\"url\":\"https:\\\/\\\/revolutionpadelstore.com\\\/en\\\/paletero-nox-luxury-master-series-blanco-negro-2\\\/\",\"name\":\"PALETERO NOX LUXURY MASTER SERIES BLANCO NEGRO - Revolution Padel Store\",\"isPartOf\":{\"@id\":\"https:\\\/\\\/revolutionpadelstore.com\\\/en\\\/#website\"},\"primaryImageOfPage\":{\"@id\":\"https:\\\/\\\/revolutionpadelstore.com\\\/en\\\/paletero-nox-luxury-master-series-blanco-negro-2\\\/#primaryimage\"},\"image\":{\"@id\":\"https:\\\/\\\/revolutionpadelstore.com\\\/en\\\/paletero-nox-luxury-master-series-blanco-negro-2\\\/#primaryimage\"},\"thumbnailUrl\":\"https:\\\/\\\/revolutionpadelstore.com\\\/wp-content\\\/uploads\\\/2024\\\/11\\\/113157_paletero_nox_luxury_master_series_bpluxmaster_1500x1500_1_a40c.webp\",\"datePublished\":\"2024-11-15T07:41:05+00:00\",\"dateModified\":\"2026-04-08T08:19:32+00:00\",\"description\":\"El Paletero Luxury Master Series de Nox, en un elegante color blanco y negro, est\u00e1 dise\u00f1ado para ofrecer una experiencia de uso inigualable. Fabricado con materiales t\u00e9cnicos de \u00faltima generaci\u00f3n y textiles de alta calidad, garantiza una gran resistencia al desgaste y, al mismo tiempo, un peso m\u00e1s ligero. Una combinaci\u00f3n perfecta de durabilidad, estilo y funcionalidad.\",\"breadcrumb\":{\"@id\":\"https:\\\/\\\/revolutionpadelstore.com\\\/en\\\/paletero-nox-luxury-master-series-blanco-negro-2\\\/#breadcrumb\"},\"inLanguage\":\"en-US\",\"potentialAction\":[{\"@type\":\"ReadAction\",\"target\":[\"https:\\\/\\\/revolutionpadelstore.com\\\/en\\\/paletero-nox-luxury-master-series-blanco-negro-2\\\/\"]}]},{\"@type\":\"ImageObject\",\"inLanguage\":\"en-US\",\"@id\":\"https:\\\/\\\/revolutionpadelstore.com\\\/en\\\/paletero-nox-luxury-master-series-blanco-negro-2\\\/#primaryimage\",\"url\":\"https:\\\/\\\/revolutionpadelstore.com\\\/wp-content\\\/uploads\\\/2024\\\/11\\\/113157_paletero_nox_luxury_master_series_bpluxmaster_1500x1500_1_a40c.webp\",\"contentUrl\":\"https:\\\/\\\/revolutionpadelstore.com\\\/wp-content\\\/uploads\\\/2024\\\/11\\\/113157_paletero_nox_luxury_master_series_bpluxmaster_1500x1500_1_a40c.webp\",\"width\":1500,\"height\":1500},{\"@type\":\"BreadcrumbList\",\"@id\":\"https:\\\/\\\/revolutionpadelstore.com\\\/en\\\/paletero-nox-luxury-master-series-blanco-negro-2\\\/#breadcrumb\",\"itemListElement\":[{\"@type\":\"ListItem\",\"position\":1,\"name\":\"Portada\",\"item\":\"https:\\\/\\\/revolutionpadelstore.com\\\/en\\\/\"},{\"@type\":\"ListItem\",\"position\":2,\"name\":\"Shop\",\"item\":\"https:\\\/\\\/revolutionpadelstore.com\\\/en\\\/shop\\\/\"},{\"@type\":\"ListItem\",\"position\":3,\"name\":\"PALETERO NOX LUXURY MASTER SERIES BLANCO NEGRO\"}]},{\"@type\":\"WebSite\",\"@id\":\"https:\\\/\\\/revolutionpadelstore.com\\\/en\\\/#website\",\"url\":\"https:\\\/\\\/revolutionpadelstore.com\\\/en\\\/\",\"name\":\"Revolution Padel Store\",\"description\":\"\",\"publisher\":{\"@id\":\"https:\\\/\\\/revolutionpadelstore.com\\\/en\\\/#organization\"},\"potentialAction\":[{\"@type\":\"SearchAction\",\"target\":{\"@type\":\"EntryPoint\",\"urlTemplate\":\"https:\\\/\\\/revolutionpadelstore.com\\\/en\\\/?s={search_term_string}\"},\"query-input\":{\"@type\":\"PropertyValueSpecification\",\"valueRequired\":true,\"valueName\":\"search_term_string\"}}],\"inLanguage\":\"en-US\"},{\"@type\":\"Organization\",\"@id\":\"https:\\\/\\\/revolutionpadelstore.com\\\/en\\\/#organization\",\"name\":\"Revolution Padel Store\",\"url\":\"https:\\\/\\\/revolutionpadelstore.com\\\/en\\\/\",\"logo\":{\"@type\":\"ImageObject\",\"inLanguage\":\"en-US\",\"@id\":\"https:\\\/\\\/revolutionpadelstore.com\\\/en\\\/#\\\/schema\\\/logo\\\/image\\\/\",\"url\":\"https:\\\/\\\/revolutionpadelstore.com\\\/wp-content\\\/uploads\\\/2026\\\/02\\\/revolution-padel-store.jpg\",\"contentUrl\":\"https:\\\/\\\/revolutionpadelstore.com\\\/wp-content\\\/uploads\\\/2026\\\/02\\\/revolution-padel-store.jpg\",\"width\":2000,\"height\":2000,\"caption\":\"Revolution Padel Store\"},\"image\":{\"@id\":\"https:\\\/\\\/revolutionpadelstore.com\\\/en\\\/#\\\/schema\\\/logo\\\/image\\\/\"},\"sameAs\":[\"https:\\\/\\\/www.instagram.com\\\/revolutionpadelstore\\\/\"]}]}<\/script>\n<!-- \/ Yoast SEO plugin. -->","yoast_head_json":{"title":"PALETERO NOX LUXURY MASTER SERIES BLANCO NEGRO - Revolution Padel Store","description":"El Paletero Luxury Master Series de Nox, en un elegante color blanco y negro, est\u00e1 dise\u00f1ado para ofrecer una experiencia de uso inigualable. Fabricado con materiales t\u00e9cnicos de \u00faltima generaci\u00f3n y textiles de alta calidad, garantiza una gran resistencia al desgaste y, al mismo tiempo, un peso m\u00e1s ligero. Una combinaci\u00f3n perfecta de durabilidad, estilo y funcionalidad.","robots":{"index":"index","follow":"follow","max-snippet":"max-snippet:-1","max-image-preview":"max-image-preview:large","max-video-preview":"max-video-preview:-1"},"canonical":"https:\/\/revolutionpadelstore.com\/en\/paletero-nox-luxury-master-series-blanco-negro-2\/","og_locale":"en_US","og_type":"article","og_title":"PALETERO NOX LUXURY MASTER SERIES BLANCO NEGRO - Revolution Padel Store","og_description":"El Paletero Luxury Master Series de Nox, en un elegante color blanco y negro, est\u00e1 dise\u00f1ado para ofrecer una experiencia de uso inigualable. Fabricado con materiales t\u00e9cnicos de \u00faltima generaci\u00f3n y textiles de alta calidad, garantiza una gran resistencia al desgaste y, al mismo tiempo, un peso m\u00e1s ligero. Una combinaci\u00f3n perfecta de durabilidad, estilo y funcionalidad.","og_url":"https:\/\/revolutionpadelstore.com\/en\/paletero-nox-luxury-master-series-blanco-negro-2\/","og_site_name":"Revolution Padel Store","article_modified_time":"2026-04-08T08:19:32+00:00","og_image":[{"width":1500,"height":1500,"url":"https:\/\/revolutionpadelstore.com\/wp-content\/uploads\/2024\/11\/113157_paletero_nox_luxury_master_series_bpluxmaster_1500x1500_1_a40c.webp","type":"image\/webp"}],"twitter_card":"summary_large_image","twitter_misc":{"Est. reading time":"1 minute"},"schema":{"@context":"https:\/\/schema.org","@graph":[{"@type":"WebPage","@id":"https:\/\/revolutionpadelstore.com\/en\/paletero-nox-luxury-master-series-blanco-negro-2\/","url":"https:\/\/revolutionpadelstore.com\/en\/paletero-nox-luxury-master-series-blanco-negro-2\/","name":"PALETERO NOX LUXURY MASTER SERIES BLANCO NEGRO - Revolution Padel Store","isPartOf":{"@id":"https:\/\/revolutionpadelstore.com\/en\/#website"},"primaryImageOfPage":{"@id":"https:\/\/revolutionpadelstore.com\/en\/paletero-nox-luxury-master-series-blanco-negro-2\/#primaryimage"},"image":{"@id":"https:\/\/revolutionpadelstore.com\/en\/paletero-nox-luxury-master-series-blanco-negro-2\/#primaryimage"},"thumbnailUrl":"https:\/\/revolutionpadelstore.com\/wp-content\/uploads\/2024\/11\/113157_paletero_nox_luxury_master_series_bpluxmaster_1500x1500_1_a40c.webp","datePublished":"2024-11-15T07:41:05+00:00","dateModified":"2026-04-08T08:19:32+00:00","description":"El Paletero Luxury Master Series de Nox, en un elegante color blanco y negro, est\u00e1 dise\u00f1ado para ofrecer una experiencia de uso inigualable. Fabricado con materiales t\u00e9cnicos de \u00faltima generaci\u00f3n y textiles de alta calidad, garantiza una gran resistencia al desgaste y, al mismo tiempo, un peso m\u00e1s ligero. Una combinaci\u00f3n perfecta de durabilidad, estilo y funcionalidad.","breadcrumb":{"@id":"https:\/\/revolutionpadelstore.com\/en\/paletero-nox-luxury-master-series-blanco-negro-2\/#breadcrumb"},"inLanguage":"en-US","potentialAction":[{"@type":"ReadAction","target":["https:\/\/revolutionpadelstore.com\/en\/paletero-nox-luxury-master-series-blanco-negro-2\/"]}]},{"@type":"ImageObject","inLanguage":"en-US","@id":"https:\/\/revolutionpadelstore.com\/en\/paletero-nox-luxury-master-series-blanco-negro-2\/#primaryimage","url":"https:\/\/revolutionpadelstore.com\/wp-content\/uploads\/2024\/11\/113157_paletero_nox_luxury_master_series_bpluxmaster_1500x1500_1_a40c.webp","contentUrl":"https:\/\/revolutionpadelstore.com\/wp-content\/uploads\/2024\/11\/113157_paletero_nox_luxury_master_series_bpluxmaster_1500x1500_1_a40c.webp","width":1500,"height":1500},{"@type":"BreadcrumbList","@id":"https:\/\/revolutionpadelstore.com\/en\/paletero-nox-luxury-master-series-blanco-negro-2\/#breadcrumb","itemListElement":[{"@type":"ListItem","position":1,"name":"Portada","item":"https:\/\/revolutionpadelstore.com\/en\/"},{"@type":"ListItem","position":2,"name":"Shop","item":"https:\/\/revolutionpadelstore.com\/en\/shop\/"},{"@type":"ListItem","position":3,"name":"PALETERO NOX LUXURY MASTER SERIES BLANCO NEGRO"}]},{"@type":"WebSite","@id":"https:\/\/revolutionpadelstore.com\/en\/#website","url":"https:\/\/revolutionpadelstore.com\/en\/","name":"Revolution Padel Store","description":"","publisher":{"@id":"https:\/\/revolutionpadelstore.com\/en\/#organization"},"potentialAction":[{"@type":"SearchAction","target":{"@type":"EntryPoint","urlTemplate":"https:\/\/revolutionpadelstore.com\/en\/?s={search_term_string}"},"query-input":{"@type":"PropertyValueSpecification","valueRequired":true,"valueName":"search_term_string"}}],"inLanguage":"en-US"},{"@type":"Organization","@id":"https:\/\/revolutionpadelstore.com\/en\/#organization","name":"Revolution Padel Store","url":"https:\/\/revolutionpadelstore.com\/en\/","logo":{"@type":"ImageObject","inLanguage":"en-US","@id":"https:\/\/revolutionpadelstore.com\/en\/#\/schema\/logo\/image\/","url":"https:\/\/revolutionpadelstore.com\/wp-content\/uploads\/2026\/02\/revolution-padel-store.jpg","contentUrl":"https:\/\/revolutionpadelstore.com\/wp-content\/uploads\/2026\/02\/revolution-padel-store.jpg","width":2000,"height":2000,"caption":"Revolution Padel Store"},"image":{"@id":"https:\/\/revolutionpadelstore.com\/en\/#\/schema\/logo\/image\/"},"sameAs":["https:\/\/www.instagram.com\/revolutionpadelstore\/"]}]}},"_links":{"self":[{"href":"https:\/\/revolutionpadelstore.com\/en\/wp-json\/wp\/v2\/product\/119444","targetHints":{"allow":["GET"]}}],"collection":[{"href":"https:\/\/revolutionpadelstore.com\/en\/wp-json\/wp\/v2\/product"}],"about":[{"href":"https:\/\/revolutionpadelstore.com\/en\/wp-json\/wp\/v2\/types\/product"}],"replies":[{"embeddable":true,"href":"https:\/\/revolutionpadelstore.com\/en\/wp-json\/wp\/v2\/comments?post=119444"}],"wp:featuredmedia":[{"embeddable":true,"href":"https:\/\/revolutionpadelstore.com\/en\/wp-json\/wp\/v2\/media\/110627"}],"wp:attachment":[{"href":"https:\/\/revolutionpadelstore.com\/en\/wp-json\/wp\/v2\/media?parent=119444"}],"wp:term":[{"taxonomy":"acabado","embeddable":true,"href":"https:\/\/revolutionpadelstore.com\/en\/wp-json\/wp\/v2\/acabado?post=119444"},{"taxonomy":"balance","embeddable":true,"href":"https:\/\/revolutionpadelstore.com\/en\/wp-json\/wp\/v2\/balance?post=119444"},{"taxonomy":"dureza","embeddable":true,"href":"https:\/\/revolutionpadelstore.com\/en\/wp-json\/wp\/v2\/dureza?post=119444"},{"taxonomy":"forma","embeddable":true,"href":"https:\/\/revolutionpadelstore.com\/en\/wp-json\/wp\/v2\/forma?post=119444"},{"taxonomy":"jugador","embeddable":true,"href":"https:\/\/revolutionpadelstore.com\/en\/wp-json\/wp\/v2\/jugador?post=119444"},{"taxonomy":"marca","embeddable":true,"href":"https:\/\/revolutionpadelstore.com\/en\/wp-json\/wp\/v2\/marca?post=119444"},{"taxonomy":"nivel-de-juego","embeddable":true,"href":"https:\/\/revolutionpadelstore.com\/en\/wp-json\/wp\/v2\/nivel-de-juego?post=119444"},{"taxonomy":"superficie","embeddable":true,"href":"https:\/\/revolutionpadelstore.com\/en\/wp-json\/wp\/v2\/superficie?post=119444"},{"taxonomy":"tipo-de-juego","embeddable":true,"href":"https:\/\/revolutionpadelstore.com\/en\/wp-json\/wp\/v2\/tipo-de-juego?post=119444"},{"taxonomy":"product_brand","embeddable":true,"href":"https:\/\/revolutionpadelstore.com\/en\/wp-json\/wp\/v2\/product_brand?post=119444"},{"taxonomy":"product_cat","embeddable":true,"href":"https:\/\/revolutionpadelstore.com\/en\/wp-json\/wp\/v2\/product_cat?post=119444"},{"taxonomy":"product_tag","embeddable":true,"href":"https:\/\/revolutionpadelstore.com\/en\/wp-json\/wp\/v2\/product_tag?post=119444"}],"curies":[{"name":"wp","href":"https:\/\/api.w.org\/{rel}","templated":true}]}}