{"id":117704,"date":"2024-11-16T11:39:09","date_gmt":"2024-11-16T10:39:09","guid":{"rendered":"https:\/\/revolutionpadelstore.com\/paletero-bullpadel-bpp25012-hack-petroleo\/"},"modified":"2026-04-08T10:19:11","modified_gmt":"2026-04-08T08:19:11","slug":"paletero-bullpadel-bpp25012-hack-petroleo-2","status":"publish","type":"product","link":"https:\/\/revolutionpadelstore.com\/en\/paletero-bullpadel-bpp25012-hack-petroleo-2\/","title":{"rendered":"PALETERO BULLPADEL BPP25012 HACK PETROLEO"},"content":{"rendered":"<p>The <strong> Paquito Navarro <\/strong> paletero is the perfect complement to the new hack 04. It has a main compartment to store everything you need, it has two thermo compartments with capacity for four blades, and a separate compartment and ventilated for clothes and footwear. The design of the paquito navarro paletero incorporates on the sides a semi -rigid housing that provides greater rigidity and greater protection for blades, in addition, the design of the back has foam pieces that guarantee maximum ventilation and comfort in the back.<strong>Paquito Navarro<\/strong><\/p>\n","protected":false},"excerpt":{"rendered":"<p>The <strong> Paquito Navarro <\/strong> paletero is the perfect complement to the new Hack 04 shovel.<strong>Paquito Navarro<\/strong><\/p>\n","protected":false},"featured_media":110674,"comment_status":"open","ping_status":"closed","template":"","meta":{"_acf_changed":false,"_joinchat":[]},"acabado":[],"balance":[],"dureza":[],"forma":[],"jugador":[],"marca":[1258],"nivel-de-juego":[],"superficie":[],"tipo-de-juego":[],"product_brand":[],"product_cat":[322],"product_tag":[],"class_list":{"0":"post-117704","1":"product","2":"type-product","3":"status-publish","4":"has-post-thumbnail","6":"marca-bullpadel-en","7":"product_cat-bags","9":"first","10":"outofstock","11":"sale","12":"taxable","13":"shipping-taxable","14":"purchasable","15":"product-type-simple"},"acf":[],"yoast_head":"<!-- This site is optimized with the Yoast SEO plugin v27.4 - https:\/\/yoast.com\/product\/yoast-seo-wordpress\/ -->\n<title>PALETERO BULLPADEL BPP25012 HACK PETROLEO - Revolution Padel Store<\/title>\n<meta name=\"description\" content=\"El paletero HACK de Paquito Navarro es el accesorio ideal para complementar la nueva pala Hack 04. Cuenta con un compartimento principal para almacenar lo que necesites, adem\u00e1s de dos bolsillos termo con capacidad para hasta cuatro palas. Tambi\u00e9n incluye un compartimento ventilado y separado para ropa y calzado. Su dise\u00f1o incorpora una estructura semirr\u00edgida en los laterales, lo que otorga mayor rigidez y protecci\u00f3n a las palas. Adem\u00e1s, la espalda del paletero est\u00e1 equipada con piezas de foam que aseguran una ventilaci\u00f3n \u00f3ptima y comodidad durante su uso.\" \/>\n<meta name=\"robots\" content=\"index, follow, max-snippet:-1, max-image-preview:large, max-video-preview:-1\" \/>\n<link rel=\"canonical\" href=\"https:\/\/revolutionpadelstore.com\/en\/paletero-bullpadel-bpp25012-hack-petroleo-2\/\" \/>\n<meta property=\"og:locale\" content=\"en_US\" \/>\n<meta property=\"og:type\" content=\"article\" \/>\n<meta property=\"og:title\" content=\"PALETERO BULLPADEL BPP25012 HACK PETROLEO - Revolution Padel Store\" \/>\n<meta property=\"og:description\" content=\"El paletero HACK de Paquito Navarro es el accesorio ideal para complementar la nueva pala Hack 04. Cuenta con un compartimento principal para almacenar lo que necesites, adem\u00e1s de dos bolsillos termo con capacidad para hasta cuatro palas. Tambi\u00e9n incluye un compartimento ventilado y separado para ropa y calzado. Su dise\u00f1o incorpora una estructura semirr\u00edgida en los laterales, lo que otorga mayor rigidez y protecci\u00f3n a las palas. Adem\u00e1s, la espalda del paletero est\u00e1 equipada con piezas de foam que aseguran una ventilaci\u00f3n \u00f3ptima y comodidad durante su uso.\" \/>\n<meta property=\"og:url\" content=\"https:\/\/revolutionpadelstore.com\/en\/paletero-bullpadel-bpp25012-hack-petroleo-2\/\" \/>\n<meta property=\"og:site_name\" content=\"Revolution Padel Store\" \/>\n<meta property=\"article:modified_time\" content=\"2026-04-08T08:19:11+00:00\" \/>\n<meta property=\"og:image\" content=\"https:\/\/revolutionpadelstore.com\/wp-content\/uploads\/2024\/11\/bolsa-bullpadel-bpp25012-hack-petroleo-1.jpg\" \/>\n\t<meta property=\"og:image:width\" content=\"1000\" \/>\n\t<meta property=\"og:image:height\" content=\"1188\" \/>\n\t<meta property=\"og:image:type\" content=\"image\/jpeg\" \/>\n<meta name=\"twitter:card\" content=\"summary_large_image\" \/>\n<script type=\"application\/ld+json\" class=\"yoast-schema-graph\">{\"@context\":\"https:\\\/\\\/schema.org\",\"@graph\":[{\"@type\":\"WebPage\",\"@id\":\"https:\\\/\\\/revolutionpadelstore.com\\\/en\\\/paletero-bullpadel-bpp25012-hack-petroleo-2\\\/\",\"url\":\"https:\\\/\\\/revolutionpadelstore.com\\\/en\\\/paletero-bullpadel-bpp25012-hack-petroleo-2\\\/\",\"name\":\"PALETERO BULLPADEL BPP25012 HACK PETROLEO - Revolution Padel Store\",\"isPartOf\":{\"@id\":\"https:\\\/\\\/revolutionpadelstore.com\\\/en\\\/#website\"},\"primaryImageOfPage\":{\"@id\":\"https:\\\/\\\/revolutionpadelstore.com\\\/en\\\/paletero-bullpadel-bpp25012-hack-petroleo-2\\\/#primaryimage\"},\"image\":{\"@id\":\"https:\\\/\\\/revolutionpadelstore.com\\\/en\\\/paletero-bullpadel-bpp25012-hack-petroleo-2\\\/#primaryimage\"},\"thumbnailUrl\":\"https:\\\/\\\/revolutionpadelstore.com\\\/wp-content\\\/uploads\\\/2024\\\/11\\\/bolsa-bullpadel-bpp25012-hack-petroleo-1.jpg\",\"datePublished\":\"2024-11-16T10:39:09+00:00\",\"dateModified\":\"2026-04-08T08:19:11+00:00\",\"description\":\"El paletero HACK de Paquito Navarro es el accesorio ideal para complementar la nueva pala Hack 04. Cuenta con un compartimento principal para almacenar lo que necesites, adem\u00e1s de dos bolsillos termo con capacidad para hasta cuatro palas. Tambi\u00e9n incluye un compartimento ventilado y separado para ropa y calzado. Su dise\u00f1o incorpora una estructura semirr\u00edgida en los laterales, lo que otorga mayor rigidez y protecci\u00f3n a las palas. Adem\u00e1s, la espalda del paletero est\u00e1 equipada con piezas de foam que aseguran una ventilaci\u00f3n \u00f3ptima y comodidad durante su uso.\",\"breadcrumb\":{\"@id\":\"https:\\\/\\\/revolutionpadelstore.com\\\/en\\\/paletero-bullpadel-bpp25012-hack-petroleo-2\\\/#breadcrumb\"},\"inLanguage\":\"en-US\",\"potentialAction\":[{\"@type\":\"ReadAction\",\"target\":[\"https:\\\/\\\/revolutionpadelstore.com\\\/en\\\/paletero-bullpadel-bpp25012-hack-petroleo-2\\\/\"]}]},{\"@type\":\"ImageObject\",\"inLanguage\":\"en-US\",\"@id\":\"https:\\\/\\\/revolutionpadelstore.com\\\/en\\\/paletero-bullpadel-bpp25012-hack-petroleo-2\\\/#primaryimage\",\"url\":\"https:\\\/\\\/revolutionpadelstore.com\\\/wp-content\\\/uploads\\\/2024\\\/11\\\/bolsa-bullpadel-bpp25012-hack-petroleo-1.jpg\",\"contentUrl\":\"https:\\\/\\\/revolutionpadelstore.com\\\/wp-content\\\/uploads\\\/2024\\\/11\\\/bolsa-bullpadel-bpp25012-hack-petroleo-1.jpg\",\"width\":1000,\"height\":1188},{\"@type\":\"BreadcrumbList\",\"@id\":\"https:\\\/\\\/revolutionpadelstore.com\\\/en\\\/paletero-bullpadel-bpp25012-hack-petroleo-2\\\/#breadcrumb\",\"itemListElement\":[{\"@type\":\"ListItem\",\"position\":1,\"name\":\"Portada\",\"item\":\"https:\\\/\\\/revolutionpadelstore.com\\\/en\\\/\"},{\"@type\":\"ListItem\",\"position\":2,\"name\":\"Shop\",\"item\":\"https:\\\/\\\/revolutionpadelstore.com\\\/en\\\/shop\\\/\"},{\"@type\":\"ListItem\",\"position\":3,\"name\":\"PALETERO BULLPADEL BPP25012 HACK PETROLEO\"}]},{\"@type\":\"WebSite\",\"@id\":\"https:\\\/\\\/revolutionpadelstore.com\\\/en\\\/#website\",\"url\":\"https:\\\/\\\/revolutionpadelstore.com\\\/en\\\/\",\"name\":\"Revolution Padel Store\",\"description\":\"\",\"publisher\":{\"@id\":\"https:\\\/\\\/revolutionpadelstore.com\\\/en\\\/#organization\"},\"potentialAction\":[{\"@type\":\"SearchAction\",\"target\":{\"@type\":\"EntryPoint\",\"urlTemplate\":\"https:\\\/\\\/revolutionpadelstore.com\\\/en\\\/?s={search_term_string}\"},\"query-input\":{\"@type\":\"PropertyValueSpecification\",\"valueRequired\":true,\"valueName\":\"search_term_string\"}}],\"inLanguage\":\"en-US\"},{\"@type\":\"Organization\",\"@id\":\"https:\\\/\\\/revolutionpadelstore.com\\\/en\\\/#organization\",\"name\":\"Revolution Padel Store\",\"url\":\"https:\\\/\\\/revolutionpadelstore.com\\\/en\\\/\",\"logo\":{\"@type\":\"ImageObject\",\"inLanguage\":\"en-US\",\"@id\":\"https:\\\/\\\/revolutionpadelstore.com\\\/en\\\/#\\\/schema\\\/logo\\\/image\\\/\",\"url\":\"https:\\\/\\\/revolutionpadelstore.com\\\/wp-content\\\/uploads\\\/2026\\\/02\\\/revolution-padel-store.jpg\",\"contentUrl\":\"https:\\\/\\\/revolutionpadelstore.com\\\/wp-content\\\/uploads\\\/2026\\\/02\\\/revolution-padel-store.jpg\",\"width\":2000,\"height\":2000,\"caption\":\"Revolution Padel Store\"},\"image\":{\"@id\":\"https:\\\/\\\/revolutionpadelstore.com\\\/en\\\/#\\\/schema\\\/logo\\\/image\\\/\"},\"sameAs\":[\"https:\\\/\\\/www.instagram.com\\\/revolutionpadelstore\\\/\"]}]}<\/script>\n<!-- \/ Yoast SEO plugin. -->","yoast_head_json":{"title":"PALETERO BULLPADEL BPP25012 HACK PETROLEO - Revolution Padel Store","description":"El paletero HACK de Paquito Navarro es el accesorio ideal para complementar la nueva pala Hack 04. Cuenta con un compartimento principal para almacenar lo que necesites, adem\u00e1s de dos bolsillos termo con capacidad para hasta cuatro palas. Tambi\u00e9n incluye un compartimento ventilado y separado para ropa y calzado. Su dise\u00f1o incorpora una estructura semirr\u00edgida en los laterales, lo que otorga mayor rigidez y protecci\u00f3n a las palas. Adem\u00e1s, la espalda del paletero est\u00e1 equipada con piezas de foam que aseguran una ventilaci\u00f3n \u00f3ptima y comodidad durante su uso.","robots":{"index":"index","follow":"follow","max-snippet":"max-snippet:-1","max-image-preview":"max-image-preview:large","max-video-preview":"max-video-preview:-1"},"canonical":"https:\/\/revolutionpadelstore.com\/en\/paletero-bullpadel-bpp25012-hack-petroleo-2\/","og_locale":"en_US","og_type":"article","og_title":"PALETERO BULLPADEL BPP25012 HACK PETROLEO - Revolution Padel Store","og_description":"El paletero HACK de Paquito Navarro es el accesorio ideal para complementar la nueva pala Hack 04. Cuenta con un compartimento principal para almacenar lo que necesites, adem\u00e1s de dos bolsillos termo con capacidad para hasta cuatro palas. Tambi\u00e9n incluye un compartimento ventilado y separado para ropa y calzado. Su dise\u00f1o incorpora una estructura semirr\u00edgida en los laterales, lo que otorga mayor rigidez y protecci\u00f3n a las palas. Adem\u00e1s, la espalda del paletero est\u00e1 equipada con piezas de foam que aseguran una ventilaci\u00f3n \u00f3ptima y comodidad durante su uso.","og_url":"https:\/\/revolutionpadelstore.com\/en\/paletero-bullpadel-bpp25012-hack-petroleo-2\/","og_site_name":"Revolution Padel Store","article_modified_time":"2026-04-08T08:19:11+00:00","og_image":[{"width":1000,"height":1188,"url":"https:\/\/revolutionpadelstore.com\/wp-content\/uploads\/2024\/11\/bolsa-bullpadel-bpp25012-hack-petroleo-1.jpg","type":"image\/jpeg"}],"twitter_card":"summary_large_image","schema":{"@context":"https:\/\/schema.org","@graph":[{"@type":"WebPage","@id":"https:\/\/revolutionpadelstore.com\/en\/paletero-bullpadel-bpp25012-hack-petroleo-2\/","url":"https:\/\/revolutionpadelstore.com\/en\/paletero-bullpadel-bpp25012-hack-petroleo-2\/","name":"PALETERO BULLPADEL BPP25012 HACK PETROLEO - Revolution Padel Store","isPartOf":{"@id":"https:\/\/revolutionpadelstore.com\/en\/#website"},"primaryImageOfPage":{"@id":"https:\/\/revolutionpadelstore.com\/en\/paletero-bullpadel-bpp25012-hack-petroleo-2\/#primaryimage"},"image":{"@id":"https:\/\/revolutionpadelstore.com\/en\/paletero-bullpadel-bpp25012-hack-petroleo-2\/#primaryimage"},"thumbnailUrl":"https:\/\/revolutionpadelstore.com\/wp-content\/uploads\/2024\/11\/bolsa-bullpadel-bpp25012-hack-petroleo-1.jpg","datePublished":"2024-11-16T10:39:09+00:00","dateModified":"2026-04-08T08:19:11+00:00","description":"El paletero HACK de Paquito Navarro es el accesorio ideal para complementar la nueva pala Hack 04. Cuenta con un compartimento principal para almacenar lo que necesites, adem\u00e1s de dos bolsillos termo con capacidad para hasta cuatro palas. Tambi\u00e9n incluye un compartimento ventilado y separado para ropa y calzado. Su dise\u00f1o incorpora una estructura semirr\u00edgida en los laterales, lo que otorga mayor rigidez y protecci\u00f3n a las palas. Adem\u00e1s, la espalda del paletero est\u00e1 equipada con piezas de foam que aseguran una ventilaci\u00f3n \u00f3ptima y comodidad durante su uso.","breadcrumb":{"@id":"https:\/\/revolutionpadelstore.com\/en\/paletero-bullpadel-bpp25012-hack-petroleo-2\/#breadcrumb"},"inLanguage":"en-US","potentialAction":[{"@type":"ReadAction","target":["https:\/\/revolutionpadelstore.com\/en\/paletero-bullpadel-bpp25012-hack-petroleo-2\/"]}]},{"@type":"ImageObject","inLanguage":"en-US","@id":"https:\/\/revolutionpadelstore.com\/en\/paletero-bullpadel-bpp25012-hack-petroleo-2\/#primaryimage","url":"https:\/\/revolutionpadelstore.com\/wp-content\/uploads\/2024\/11\/bolsa-bullpadel-bpp25012-hack-petroleo-1.jpg","contentUrl":"https:\/\/revolutionpadelstore.com\/wp-content\/uploads\/2024\/11\/bolsa-bullpadel-bpp25012-hack-petroleo-1.jpg","width":1000,"height":1188},{"@type":"BreadcrumbList","@id":"https:\/\/revolutionpadelstore.com\/en\/paletero-bullpadel-bpp25012-hack-petroleo-2\/#breadcrumb","itemListElement":[{"@type":"ListItem","position":1,"name":"Portada","item":"https:\/\/revolutionpadelstore.com\/en\/"},{"@type":"ListItem","position":2,"name":"Shop","item":"https:\/\/revolutionpadelstore.com\/en\/shop\/"},{"@type":"ListItem","position":3,"name":"PALETERO BULLPADEL BPP25012 HACK PETROLEO"}]},{"@type":"WebSite","@id":"https:\/\/revolutionpadelstore.com\/en\/#website","url":"https:\/\/revolutionpadelstore.com\/en\/","name":"Revolution Padel Store","description":"","publisher":{"@id":"https:\/\/revolutionpadelstore.com\/en\/#organization"},"potentialAction":[{"@type":"SearchAction","target":{"@type":"EntryPoint","urlTemplate":"https:\/\/revolutionpadelstore.com\/en\/?s={search_term_string}"},"query-input":{"@type":"PropertyValueSpecification","valueRequired":true,"valueName":"search_term_string"}}],"inLanguage":"en-US"},{"@type":"Organization","@id":"https:\/\/revolutionpadelstore.com\/en\/#organization","name":"Revolution Padel Store","url":"https:\/\/revolutionpadelstore.com\/en\/","logo":{"@type":"ImageObject","inLanguage":"en-US","@id":"https:\/\/revolutionpadelstore.com\/en\/#\/schema\/logo\/image\/","url":"https:\/\/revolutionpadelstore.com\/wp-content\/uploads\/2026\/02\/revolution-padel-store.jpg","contentUrl":"https:\/\/revolutionpadelstore.com\/wp-content\/uploads\/2026\/02\/revolution-padel-store.jpg","width":2000,"height":2000,"caption":"Revolution Padel Store"},"image":{"@id":"https:\/\/revolutionpadelstore.com\/en\/#\/schema\/logo\/image\/"},"sameAs":["https:\/\/www.instagram.com\/revolutionpadelstore\/"]}]}},"_links":{"self":[{"href":"https:\/\/revolutionpadelstore.com\/en\/wp-json\/wp\/v2\/product\/117704","targetHints":{"allow":["GET"]}}],"collection":[{"href":"https:\/\/revolutionpadelstore.com\/en\/wp-json\/wp\/v2\/product"}],"about":[{"href":"https:\/\/revolutionpadelstore.com\/en\/wp-json\/wp\/v2\/types\/product"}],"replies":[{"embeddable":true,"href":"https:\/\/revolutionpadelstore.com\/en\/wp-json\/wp\/v2\/comments?post=117704"}],"wp:featuredmedia":[{"embeddable":true,"href":"https:\/\/revolutionpadelstore.com\/en\/wp-json\/wp\/v2\/media\/110674"}],"wp:attachment":[{"href":"https:\/\/revolutionpadelstore.com\/en\/wp-json\/wp\/v2\/media?parent=117704"}],"wp:term":[{"taxonomy":"acabado","embeddable":true,"href":"https:\/\/revolutionpadelstore.com\/en\/wp-json\/wp\/v2\/acabado?post=117704"},{"taxonomy":"balance","embeddable":true,"href":"https:\/\/revolutionpadelstore.com\/en\/wp-json\/wp\/v2\/balance?post=117704"},{"taxonomy":"dureza","embeddable":true,"href":"https:\/\/revolutionpadelstore.com\/en\/wp-json\/wp\/v2\/dureza?post=117704"},{"taxonomy":"forma","embeddable":true,"href":"https:\/\/revolutionpadelstore.com\/en\/wp-json\/wp\/v2\/forma?post=117704"},{"taxonomy":"jugador","embeddable":true,"href":"https:\/\/revolutionpadelstore.com\/en\/wp-json\/wp\/v2\/jugador?post=117704"},{"taxonomy":"marca","embeddable":true,"href":"https:\/\/revolutionpadelstore.com\/en\/wp-json\/wp\/v2\/marca?post=117704"},{"taxonomy":"nivel-de-juego","embeddable":true,"href":"https:\/\/revolutionpadelstore.com\/en\/wp-json\/wp\/v2\/nivel-de-juego?post=117704"},{"taxonomy":"superficie","embeddable":true,"href":"https:\/\/revolutionpadelstore.com\/en\/wp-json\/wp\/v2\/superficie?post=117704"},{"taxonomy":"tipo-de-juego","embeddable":true,"href":"https:\/\/revolutionpadelstore.com\/en\/wp-json\/wp\/v2\/tipo-de-juego?post=117704"},{"taxonomy":"product_brand","embeddable":true,"href":"https:\/\/revolutionpadelstore.com\/en\/wp-json\/wp\/v2\/product_brand?post=117704"},{"taxonomy":"product_cat","embeddable":true,"href":"https:\/\/revolutionpadelstore.com\/en\/wp-json\/wp\/v2\/product_cat?post=117704"},{"taxonomy":"product_tag","embeddable":true,"href":"https:\/\/revolutionpadelstore.com\/en\/wp-json\/wp\/v2\/product_tag?post=117704"}],"curies":[{"name":"wp","href":"https:\/\/api.w.org\/{rel}","templated":true}]}}