{"id":11324,"date":"2024-03-01T14:38:10","date_gmt":"2024-03-01T13:38:10","guid":{"rendered":"https:\/\/revolutionpadelstore.com\/adidas-cross-it-ctrl-2024-2\/"},"modified":"2026-04-01T12:46:29","modified_gmt":"2026-04-01T10:46:29","slug":"adidas-cross-it-ctrl-2024","status":"publish","type":"product","link":"https:\/\/revolutionpadelstore.com\/en\/adidas-cross-it-ctrl-2024\/","title":{"rendered":"ADIDAS CROSS IT CTRL 2024"},"content":{"rendered":"<h2>Adidas Cross IT CTRL 2024, control racket for professionals<\/h2>\n<p>The new <strong>Adidas Cross IT CTRL 2024<\/strong> is designed to meet the demands of padel players with a high level of play, aspiring to achieve their maximum performance on the court.<\/p>\n<p>With a round shape, low balance and centered sweet spot, this racket guarantees exceptional control by shifting the weight towards the fist. You will hit with precision even in challenging situations.<\/p>\n<h3>High quality materials<\/h3>\n<p>The faces of the Cross IT CTRL are made with Carbon Aluminized 15K, intertwined 15k carbon fiber filaments that provide flexibility, resistance and durability to the racket.<\/p>\n<p>In the core, the high-density EVA High Memory rubber enhances hits on the net, ideal for greater speed. Recommended for players with a higher technical level. The frame, built with carbon fiber, offers lightness and resistance, balancing power and control.<\/p>\n<h3>Improved performance on the track<\/h3>\n<p>The <strong>Spin Blade Mold<\/strong> technology in the planes incorporates a roughness with 3D relief that increases the grip of the ball, generating more spin in each shot.<\/p>\n<p>The <strong>Dynamic Air Flor<\/strong> ensures a continuous air flow in the heart area, improving handling. <strong>Power Extra Grip<\/strong> technology provides greater handle length, generating more inertia and raising the sweet spot.<\/p>\n<p><strong>Structural Reinforcement<\/strong>, durability technology, reinforces resistance to torsions, with perimeter reinforcements.<\/p>\n<h2>Adidas Cross IT CTRL 2024, pala de control para profesionales<\/h2>\n","protected":false},"excerpt":{"rendered":"<p>Adidas Cross IT CTRL 2024: Control racket for professionals. Round shape, low balance and centered sweet spot for exceptional control. 15K Aluminized Carbon faces, Hard Eva core and innovative technologies for optimal performance on the court.<\/p>\n","protected":false},"featured_media":711,"comment_status":"open","ping_status":"closed","template":"","meta":{"_acf_changed":false,"_joinchat":[]},"acabado":[1093],"balance":[1148],"dureza":[1163],"forma":[1183],"jugador":[1193,1203],"marca":[1233],"nivel-de-juego":[1338],"superficie":[1363],"tipo-de-juego":[1373],"product_brand":[],"product_cat":[303],"product_tag":[],"class_list":{"0":"post-11324","1":"product","2":"type-product","3":"status-publish","4":"has-post-thumbnail","6":"acabado-relieve-3d-en","7":"balance-bajo-en","8":"dureza-dura-en","9":"forma-redonda-en","10":"jugador-hombre-en","11":"jugador-multipurpose","12":"marca-adidas-en","13":"superficie-rugosa-en","14":"tipo-de-juego-control-en","15":"product_cat-palas","17":"first","18":"instock","19":"sale","20":"taxable","21":"shipping-taxable","22":"purchasable","23":"product-type-simple"},"acf":[],"yoast_head":"<!-- This site is optimized with the Yoast SEO plugin v27.3 - https:\/\/yoast.com\/product\/yoast-seo-wordpress\/ -->\n<title>ADIDAS CROSS IT CTRL 2024 - Revolution Padel Store<\/title>\n<meta name=\"description\" content=\"Adidas Cross IT CTRL 2024: Pala de control para profesionales. Forma redonda, balance bajo y punto dulce centrado para un control excepcional. Caras de Carbon Aluminized 15K, n\u00facleo Hard Eva y tecnolog\u00edas innovadoras para un rendimiento \u00f3ptimo en la pista.\" \/>\n<meta name=\"robots\" content=\"index, follow, max-snippet:-1, max-image-preview:large, max-video-preview:-1\" \/>\n<link rel=\"canonical\" href=\"https:\/\/revolutionpadelstore.com\/en\/adidas-cross-it-ctrl-2024\/\" \/>\n<meta property=\"og:locale\" content=\"en_US\" \/>\n<meta property=\"og:type\" content=\"article\" \/>\n<meta property=\"og:title\" content=\"ADIDAS CROSS IT CTRL 2024\" \/>\n<meta property=\"og:description\" content=\"Adidas Cross IT CTRL 2024: Pala de control para profesionales. Forma redonda, balance bajo y punto dulce centrado para un control excepcional. Caras de Carbon Aluminized 15K, n\u00facleo Hard Eva y tecnolog\u00edas innovadoras para un rendimiento \u00f3ptimo en la pista.\" \/>\n<meta property=\"og:url\" content=\"https:\/\/revolutionpadelstore.com\/en\/adidas-cross-it-ctrl-2024\/\" \/>\n<meta property=\"og:site_name\" content=\"Revolution Padel Store\" \/>\n<meta property=\"article:modified_time\" content=\"2026-04-01T10:46:29+00:00\" \/>\n<meta property=\"og:image\" content=\"https:\/\/revolutionpadelstore.com\/wp-content\/uploads\/2024\/03\/110133_padel_webs_padel_y_grupo_pala_adidas_cross_it_ctrl_adrk1ca5u0063f_1500x1_2f71.webp\" \/>\n\t<meta property=\"og:image:width\" content=\"1500\" \/>\n\t<meta property=\"og:image:height\" content=\"1500\" \/>\n\t<meta property=\"og:image:type\" content=\"image\/webp\" \/>\n<meta name=\"twitter:card\" content=\"summary_large_image\" \/>\n<meta name=\"twitter:label1\" content=\"Est. reading time\" \/>\n\t<meta name=\"twitter:data1\" content=\"2 minutes\" \/>\n<script type=\"application\/ld+json\" class=\"yoast-schema-graph\">{\"@context\":\"https:\\\/\\\/schema.org\",\"@graph\":[{\"@type\":\"WebPage\",\"@id\":\"https:\\\/\\\/revolutionpadelstore.com\\\/en\\\/adidas-cross-it-ctrl-2024\\\/\",\"url\":\"https:\\\/\\\/revolutionpadelstore.com\\\/en\\\/adidas-cross-it-ctrl-2024\\\/\",\"name\":\"ADIDAS CROSS IT CTRL 2024 - Revolution Padel Store\",\"isPartOf\":{\"@id\":\"https:\\\/\\\/revolutionpadelstore.com\\\/en\\\/#website\"},\"primaryImageOfPage\":{\"@id\":\"https:\\\/\\\/revolutionpadelstore.com\\\/en\\\/adidas-cross-it-ctrl-2024\\\/#primaryimage\"},\"image\":{\"@id\":\"https:\\\/\\\/revolutionpadelstore.com\\\/en\\\/adidas-cross-it-ctrl-2024\\\/#primaryimage\"},\"thumbnailUrl\":\"https:\\\/\\\/revolutionpadelstore.com\\\/wp-content\\\/uploads\\\/2024\\\/03\\\/110133_padel_webs_padel_y_grupo_pala_adidas_cross_it_ctrl_adrk1ca5u0063f_1500x1_2f71.webp\",\"datePublished\":\"2024-03-01T13:38:10+00:00\",\"dateModified\":\"2026-04-01T10:46:29+00:00\",\"description\":\"Adidas Cross IT CTRL 2024: Pala de control para profesionales. Forma redonda, balance bajo y punto dulce centrado para un control excepcional. Caras de Carbon Aluminized 15K, n\u00facleo Hard Eva y tecnolog\u00edas innovadoras para un rendimiento \u00f3ptimo en la pista.\",\"breadcrumb\":{\"@id\":\"https:\\\/\\\/revolutionpadelstore.com\\\/en\\\/adidas-cross-it-ctrl-2024\\\/#breadcrumb\"},\"inLanguage\":\"en-US\",\"potentialAction\":[{\"@type\":\"ReadAction\",\"target\":[\"https:\\\/\\\/revolutionpadelstore.com\\\/en\\\/adidas-cross-it-ctrl-2024\\\/\"]}]},{\"@type\":\"ImageObject\",\"inLanguage\":\"en-US\",\"@id\":\"https:\\\/\\\/revolutionpadelstore.com\\\/en\\\/adidas-cross-it-ctrl-2024\\\/#primaryimage\",\"url\":\"https:\\\/\\\/revolutionpadelstore.com\\\/wp-content\\\/uploads\\\/2024\\\/03\\\/110133_padel_webs_padel_y_grupo_pala_adidas_cross_it_ctrl_adrk1ca5u0063f_1500x1_2f71.webp\",\"contentUrl\":\"https:\\\/\\\/revolutionpadelstore.com\\\/wp-content\\\/uploads\\\/2024\\\/03\\\/110133_padel_webs_padel_y_grupo_pala_adidas_cross_it_ctrl_adrk1ca5u0063f_1500x1_2f71.webp\",\"width\":1500,\"height\":1500,\"caption\":\"ADIDAS CROSS IT CTRL 2024\"},{\"@type\":\"BreadcrumbList\",\"@id\":\"https:\\\/\\\/revolutionpadelstore.com\\\/en\\\/adidas-cross-it-ctrl-2024\\\/#breadcrumb\",\"itemListElement\":[{\"@type\":\"ListItem\",\"position\":1,\"name\":\"Portada\",\"item\":\"https:\\\/\\\/revolutionpadelstore.com\\\/en\\\/\"},{\"@type\":\"ListItem\",\"position\":2,\"name\":\"Shop\",\"item\":\"https:\\\/\\\/revolutionpadelstore.com\\\/en\\\/shop\\\/\"},{\"@type\":\"ListItem\",\"position\":3,\"name\":\"ADIDAS CROSS IT CTRL 2024\"}]},{\"@type\":\"WebSite\",\"@id\":\"https:\\\/\\\/revolutionpadelstore.com\\\/en\\\/#website\",\"url\":\"https:\\\/\\\/revolutionpadelstore.com\\\/en\\\/\",\"name\":\"Revolution Padel Store\",\"description\":\"\",\"publisher\":{\"@id\":\"https:\\\/\\\/revolutionpadelstore.com\\\/en\\\/#organization\"},\"potentialAction\":[{\"@type\":\"SearchAction\",\"target\":{\"@type\":\"EntryPoint\",\"urlTemplate\":\"https:\\\/\\\/revolutionpadelstore.com\\\/en\\\/?s={search_term_string}\"},\"query-input\":{\"@type\":\"PropertyValueSpecification\",\"valueRequired\":true,\"valueName\":\"search_term_string\"}}],\"inLanguage\":\"en-US\"},{\"@type\":\"Organization\",\"@id\":\"https:\\\/\\\/revolutionpadelstore.com\\\/en\\\/#organization\",\"name\":\"Revolution Padel Store\",\"url\":\"https:\\\/\\\/revolutionpadelstore.com\\\/en\\\/\",\"logo\":{\"@type\":\"ImageObject\",\"inLanguage\":\"en-US\",\"@id\":\"https:\\\/\\\/revolutionpadelstore.com\\\/en\\\/#\\\/schema\\\/logo\\\/image\\\/\",\"url\":\"https:\\\/\\\/revolutionpadelstore.com\\\/wp-content\\\/uploads\\\/2026\\\/02\\\/revolution-padel-store.jpg\",\"contentUrl\":\"https:\\\/\\\/revolutionpadelstore.com\\\/wp-content\\\/uploads\\\/2026\\\/02\\\/revolution-padel-store.jpg\",\"width\":2000,\"height\":2000,\"caption\":\"Revolution Padel Store\"},\"image\":{\"@id\":\"https:\\\/\\\/revolutionpadelstore.com\\\/en\\\/#\\\/schema\\\/logo\\\/image\\\/\"},\"sameAs\":[\"https:\\\/\\\/www.instagram.com\\\/revolutionpadelstore\\\/\"]}]}<\/script>\n<!-- \/ Yoast SEO plugin. -->","yoast_head_json":{"title":"ADIDAS CROSS IT CTRL 2024 - Revolution Padel Store","description":"Adidas Cross IT CTRL 2024: Pala de control para profesionales. Forma redonda, balance bajo y punto dulce centrado para un control excepcional. Caras de Carbon Aluminized 15K, n\u00facleo Hard Eva y tecnolog\u00edas innovadoras para un rendimiento \u00f3ptimo en la pista.","robots":{"index":"index","follow":"follow","max-snippet":"max-snippet:-1","max-image-preview":"max-image-preview:large","max-video-preview":"max-video-preview:-1"},"canonical":"https:\/\/revolutionpadelstore.com\/en\/adidas-cross-it-ctrl-2024\/","og_locale":"en_US","og_type":"article","og_title":"ADIDAS CROSS IT CTRL 2024","og_description":"Adidas Cross IT CTRL 2024: Pala de control para profesionales. Forma redonda, balance bajo y punto dulce centrado para un control excepcional. Caras de Carbon Aluminized 15K, n\u00facleo Hard Eva y tecnolog\u00edas innovadoras para un rendimiento \u00f3ptimo en la pista.","og_url":"https:\/\/revolutionpadelstore.com\/en\/adidas-cross-it-ctrl-2024\/","og_site_name":"Revolution Padel Store","article_modified_time":"2026-04-01T10:46:29+00:00","og_image":[{"width":1500,"height":1500,"url":"https:\/\/revolutionpadelstore.com\/wp-content\/uploads\/2024\/03\/110133_padel_webs_padel_y_grupo_pala_adidas_cross_it_ctrl_adrk1ca5u0063f_1500x1_2f71.webp","type":"image\/webp"}],"twitter_card":"summary_large_image","twitter_misc":{"Est. reading time":"2 minutes"},"schema":{"@context":"https:\/\/schema.org","@graph":[{"@type":"WebPage","@id":"https:\/\/revolutionpadelstore.com\/en\/adidas-cross-it-ctrl-2024\/","url":"https:\/\/revolutionpadelstore.com\/en\/adidas-cross-it-ctrl-2024\/","name":"ADIDAS CROSS IT CTRL 2024 - Revolution Padel Store","isPartOf":{"@id":"https:\/\/revolutionpadelstore.com\/en\/#website"},"primaryImageOfPage":{"@id":"https:\/\/revolutionpadelstore.com\/en\/adidas-cross-it-ctrl-2024\/#primaryimage"},"image":{"@id":"https:\/\/revolutionpadelstore.com\/en\/adidas-cross-it-ctrl-2024\/#primaryimage"},"thumbnailUrl":"https:\/\/revolutionpadelstore.com\/wp-content\/uploads\/2024\/03\/110133_padel_webs_padel_y_grupo_pala_adidas_cross_it_ctrl_adrk1ca5u0063f_1500x1_2f71.webp","datePublished":"2024-03-01T13:38:10+00:00","dateModified":"2026-04-01T10:46:29+00:00","description":"Adidas Cross IT CTRL 2024: Pala de control para profesionales. Forma redonda, balance bajo y punto dulce centrado para un control excepcional. Caras de Carbon Aluminized 15K, n\u00facleo Hard Eva y tecnolog\u00edas innovadoras para un rendimiento \u00f3ptimo en la pista.","breadcrumb":{"@id":"https:\/\/revolutionpadelstore.com\/en\/adidas-cross-it-ctrl-2024\/#breadcrumb"},"inLanguage":"en-US","potentialAction":[{"@type":"ReadAction","target":["https:\/\/revolutionpadelstore.com\/en\/adidas-cross-it-ctrl-2024\/"]}]},{"@type":"ImageObject","inLanguage":"en-US","@id":"https:\/\/revolutionpadelstore.com\/en\/adidas-cross-it-ctrl-2024\/#primaryimage","url":"https:\/\/revolutionpadelstore.com\/wp-content\/uploads\/2024\/03\/110133_padel_webs_padel_y_grupo_pala_adidas_cross_it_ctrl_adrk1ca5u0063f_1500x1_2f71.webp","contentUrl":"https:\/\/revolutionpadelstore.com\/wp-content\/uploads\/2024\/03\/110133_padel_webs_padel_y_grupo_pala_adidas_cross_it_ctrl_adrk1ca5u0063f_1500x1_2f71.webp","width":1500,"height":1500,"caption":"ADIDAS CROSS IT CTRL 2024"},{"@type":"BreadcrumbList","@id":"https:\/\/revolutionpadelstore.com\/en\/adidas-cross-it-ctrl-2024\/#breadcrumb","itemListElement":[{"@type":"ListItem","position":1,"name":"Portada","item":"https:\/\/revolutionpadelstore.com\/en\/"},{"@type":"ListItem","position":2,"name":"Shop","item":"https:\/\/revolutionpadelstore.com\/en\/shop\/"},{"@type":"ListItem","position":3,"name":"ADIDAS CROSS IT CTRL 2024"}]},{"@type":"WebSite","@id":"https:\/\/revolutionpadelstore.com\/en\/#website","url":"https:\/\/revolutionpadelstore.com\/en\/","name":"Revolution Padel Store","description":"","publisher":{"@id":"https:\/\/revolutionpadelstore.com\/en\/#organization"},"potentialAction":[{"@type":"SearchAction","target":{"@type":"EntryPoint","urlTemplate":"https:\/\/revolutionpadelstore.com\/en\/?s={search_term_string}"},"query-input":{"@type":"PropertyValueSpecification","valueRequired":true,"valueName":"search_term_string"}}],"inLanguage":"en-US"},{"@type":"Organization","@id":"https:\/\/revolutionpadelstore.com\/en\/#organization","name":"Revolution Padel Store","url":"https:\/\/revolutionpadelstore.com\/en\/","logo":{"@type":"ImageObject","inLanguage":"en-US","@id":"https:\/\/revolutionpadelstore.com\/en\/#\/schema\/logo\/image\/","url":"https:\/\/revolutionpadelstore.com\/wp-content\/uploads\/2026\/02\/revolution-padel-store.jpg","contentUrl":"https:\/\/revolutionpadelstore.com\/wp-content\/uploads\/2026\/02\/revolution-padel-store.jpg","width":2000,"height":2000,"caption":"Revolution Padel Store"},"image":{"@id":"https:\/\/revolutionpadelstore.com\/en\/#\/schema\/logo\/image\/"},"sameAs":["https:\/\/www.instagram.com\/revolutionpadelstore\/"]}]}},"_links":{"self":[{"href":"https:\/\/revolutionpadelstore.com\/en\/wp-json\/wp\/v2\/product\/11324","targetHints":{"allow":["GET"]}}],"collection":[{"href":"https:\/\/revolutionpadelstore.com\/en\/wp-json\/wp\/v2\/product"}],"about":[{"href":"https:\/\/revolutionpadelstore.com\/en\/wp-json\/wp\/v2\/types\/product"}],"replies":[{"embeddable":true,"href":"https:\/\/revolutionpadelstore.com\/en\/wp-json\/wp\/v2\/comments?post=11324"}],"wp:featuredmedia":[{"embeddable":true,"href":"https:\/\/revolutionpadelstore.com\/en\/wp-json\/wp\/v2\/media\/711"}],"wp:attachment":[{"href":"https:\/\/revolutionpadelstore.com\/en\/wp-json\/wp\/v2\/media?parent=11324"}],"wp:term":[{"taxonomy":"acabado","embeddable":true,"href":"https:\/\/revolutionpadelstore.com\/en\/wp-json\/wp\/v2\/acabado?post=11324"},{"taxonomy":"balance","embeddable":true,"href":"https:\/\/revolutionpadelstore.com\/en\/wp-json\/wp\/v2\/balance?post=11324"},{"taxonomy":"dureza","embeddable":true,"href":"https:\/\/revolutionpadelstore.com\/en\/wp-json\/wp\/v2\/dureza?post=11324"},{"taxonomy":"forma","embeddable":true,"href":"https:\/\/revolutionpadelstore.com\/en\/wp-json\/wp\/v2\/forma?post=11324"},{"taxonomy":"jugador","embeddable":true,"href":"https:\/\/revolutionpadelstore.com\/en\/wp-json\/wp\/v2\/jugador?post=11324"},{"taxonomy":"marca","embeddable":true,"href":"https:\/\/revolutionpadelstore.com\/en\/wp-json\/wp\/v2\/marca?post=11324"},{"taxonomy":"nivel-de-juego","embeddable":true,"href":"https:\/\/revolutionpadelstore.com\/en\/wp-json\/wp\/v2\/nivel-de-juego?post=11324"},{"taxonomy":"superficie","embeddable":true,"href":"https:\/\/revolutionpadelstore.com\/en\/wp-json\/wp\/v2\/superficie?post=11324"},{"taxonomy":"tipo-de-juego","embeddable":true,"href":"https:\/\/revolutionpadelstore.com\/en\/wp-json\/wp\/v2\/tipo-de-juego?post=11324"},{"taxonomy":"product_brand","embeddable":true,"href":"https:\/\/revolutionpadelstore.com\/en\/wp-json\/wp\/v2\/product_brand?post=11324"},{"taxonomy":"product_cat","embeddable":true,"href":"https:\/\/revolutionpadelstore.com\/en\/wp-json\/wp\/v2\/product_cat?post=11324"},{"taxonomy":"product_tag","embeddable":true,"href":"https:\/\/revolutionpadelstore.com\/en\/wp-json\/wp\/v2\/product_tag?post=11324"}],"curies":[{"name":"wp","href":"https:\/\/api.w.org\/{rel}","templated":true}]}}