{"id":11170,"date":"2024-06-17T23:43:03","date_gmt":"2024-06-17T21:43:03","guid":{"rendered":"https:\/\/revolutionpadelstore.com\/head-extreme-motion-ltd-paula-josemaria\/"},"modified":"2026-04-12T02:01:51","modified_gmt":"2026-04-12T00:01:51","slug":"head-extreme-motion-ltd-paula-josemaria-2","status":"publish","type":"product","link":"https:\/\/revolutionpadelstore.com\/en\/head-extreme-motion-ltd-paula-josemaria-2\/","title":{"rendered":"HEAD EXTREME MOTION LTD \u2013 PAULA JOSEMAR\u00cdA"},"content":{"rendered":"<p>Based on the Extreme Motion model, with the same features and technologies, the EXTREME MOTION LTD PAULA JOSEMAR\u00cdA racket in its limited edition incorporates an exclusive design for the world number 1, &#8216;Paulita Dinamita&#8217;. Its dynamite character has been incorporated into the design of the blade, as well as in the effect pattern on the 3D decal. As co-designer, Paula chose the colors for this limited edition racket, which includes her signature elegant and exclusive design. This racket, made with a diamond-shaped mold, is perfect for advanced and professional players looking for a racket with manageable power.<\/p>\n<p>\u00b7 Limited edition co-designed by the world number one, Paula Josemar\u00eda<br \/>\n\u00b7 Elegant and exclusive colors chosen by Paula<br \/>\n\u00b7 Design with Paula&#8217;s signature and the character of &#8216;Paulita Dinamita&#8217;<br \/>\n\u00b7 Made for advanced and professional players looking for power and maneuverability<br \/>\n\u00b7 Diamond shaped mold<br \/>\n\u00b7 Based on the Extreme Motion model, with the same features and technologies<br \/>\n\u00b7 Includes for the first time the Pro Spin Strips accessory, new adhesive strips with a rough surface to generate more ball grip and spin<\/p>\n<p>TECHNOLOGIES<\/p>\n<p>Auxetic construction has a unique deformation compared to non-auxetic constructions. Auxetic constructions widen when a &#8220;pull&#8221; force is applied and contract when squeezed. The greater the force applied, the greater the Auxetic reaction.<\/p>\n<p>The POWER FOAM rubber is designed to achieve maximum power and strength, enhancing attacking hits such as smash, X3 or X4.<\/p>\n<p>EXTREME SPIN is a rough 3D decal technology that maximizes spin and grip on the ball.<\/p>\n<p>OPTIMIZED SWEET SPOT technology adapts the hole pattern to each blade to expand the sweet spot area.<\/p>\n<p>SMART BRIDGE technology consists of the individualized construction of the bridge area included in the mold, adapting to the characteristics of each racket based on its playability.<\/p>\n<p>As it does not have a tubular, the racket frame is meticulously designed and custom-built for each racket for optimal performance, allowing the performance of each racket to be maximized.<\/p>\n<p>The new cap is made of soft material that provides a comfortable and soft grip.<\/p>\n<p>With an orange finish, it serves to reduce vibrations and reduce pressure, preventing injuries and blisters on the hands.<\/p>\n<p>Transparent protector that increases the durability of the racket, protecting it from bumps and scratches. It can also be replaced easily, maximizing service life.<\/p>\n<p>Graphene strengthens the frame, provides greater stability and optimizes ball output.<\/p>\n","protected":false},"excerpt":{"rendered":"<p>The limited edition EXTREME MOTION LTD PAULA JOSEMAR\u00cdA racket is committed to an exclusive and elegant design, with unique details, for &#8216;Paulita Dinamita&#8217;, number 1 in the world.<\/p>\n","protected":false},"featured_media":293078,"comment_status":"open","ping_status":"closed","template":"","meta":{"_acf_changed":false,"_joinchat":[]},"acabado":[1093],"balance":[1138,1143],"dureza":[1163,1158],"forma":[1173],"jugador":[1198],"marca":[1223],"nivel-de-juego":[1338],"superficie":[1363],"tipo-de-juego":[1378],"product_brand":[],"product_cat":[303],"product_tag":[],"class_list":{"0":"post-11170","1":"product","2":"type-product","3":"status-publish","4":"has-post-thumbnail","6":"acabado-relieve-3d-en","7":"balance-alto-en","8":"balance-medium","9":"dureza-dura-en","10":"dureza-media-en","11":"forma-diamante-en","12":"jugador-woman","13":"marca-head-en","14":"superficie-rugosa-en","15":"tipo-de-juego-potencia-en","16":"product_cat-palas","18":"first","19":"instock","20":"sale","21":"taxable","22":"shipping-taxable","23":"purchasable","24":"product-type-simple"},"acf":[],"yoast_head":"<!-- This site is optimized with the Yoast SEO plugin v27.4 - https:\/\/yoast.com\/product\/yoast-seo-wordpress\/ -->\n<title>HEAD EXTREME MOTION LTD \u2013 PAULA JOSEMAR\u00cdA - Revolution Padel Store<\/title>\n<meta name=\"description\" content=\"La pala EXTREME MOTION LTD PAULA JOSEMAR\u00cdA de edici\u00f3n limitada apuesta por un dise\u00f1o exclusivo y elegante, con detalles \u00fanicos, para &#039;Paulita Dinamita&#039;, n\u00famero 1 del mundo.\" \/>\n<meta name=\"robots\" content=\"index, follow, max-snippet:-1, max-image-preview:large, max-video-preview:-1\" \/>\n<link rel=\"canonical\" href=\"https:\/\/revolutionpadelstore.com\/en\/head-extreme-motion-ltd-paula-josemaria-2\/\" \/>\n<meta property=\"og:locale\" content=\"en_US\" \/>\n<meta property=\"og:type\" content=\"article\" \/>\n<meta property=\"og:title\" content=\"COMPRAR HEAD EXTREME MOTION LTD - PAULA JOSEMAR\u00cdA\" \/>\n<meta property=\"og:description\" content=\"La pala EXTREME MOTION LTD PAULA JOSEMAR\u00cdA de edici\u00f3n limitada apuesta por un dise\u00f1o exclusivo y elegante, con detalles \u00fanicos, para &#039;Paulita Dinamita&#039;, n\u00famero 1 del mundo.\" \/>\n<meta property=\"og:url\" content=\"https:\/\/revolutionpadelstore.com\/en\/head-extreme-motion-ltd-paula-josemaria-2\/\" \/>\n<meta property=\"og:site_name\" content=\"Revolution Padel Store\" \/>\n<meta property=\"article:modified_time\" content=\"2026-04-12T00:01:51+00:00\" \/>\n<meta property=\"og:image\" content=\"https:\/\/revolutionpadelstore.com\/wp-content\/uploads\/2024\/06\/496.png\" \/>\n\t<meta property=\"og:image:width\" content=\"1500\" \/>\n\t<meta property=\"og:image:height\" content=\"1500\" \/>\n\t<meta property=\"og:image:type\" content=\"image\/png\" \/>\n<meta name=\"twitter:card\" content=\"summary_large_image\" \/>\n<meta name=\"twitter:label1\" content=\"Est. reading time\" \/>\n\t<meta name=\"twitter:data1\" content=\"3 minutes\" \/>\n<script type=\"application\/ld+json\" class=\"yoast-schema-graph\">{\"@context\":\"https:\\\/\\\/schema.org\",\"@graph\":[{\"@type\":\"WebPage\",\"@id\":\"https:\\\/\\\/revolutionpadelstore.com\\\/en\\\/head-extreme-motion-ltd-paula-josemaria-2\\\/\",\"url\":\"https:\\\/\\\/revolutionpadelstore.com\\\/en\\\/head-extreme-motion-ltd-paula-josemaria-2\\\/\",\"name\":\"HEAD EXTREME MOTION LTD \u2013 PAULA JOSEMAR\u00cdA - Revolution Padel Store\",\"isPartOf\":{\"@id\":\"https:\\\/\\\/revolutionpadelstore.com\\\/en\\\/#website\"},\"primaryImageOfPage\":{\"@id\":\"https:\\\/\\\/revolutionpadelstore.com\\\/en\\\/head-extreme-motion-ltd-paula-josemaria-2\\\/#primaryimage\"},\"image\":{\"@id\":\"https:\\\/\\\/revolutionpadelstore.com\\\/en\\\/head-extreme-motion-ltd-paula-josemaria-2\\\/#primaryimage\"},\"thumbnailUrl\":\"https:\\\/\\\/revolutionpadelstore.com\\\/wp-content\\\/uploads\\\/2024\\\/06\\\/496.png\",\"datePublished\":\"2024-06-17T21:43:03+00:00\",\"dateModified\":\"2026-04-12T00:01:51+00:00\",\"description\":\"La pala EXTREME MOTION LTD PAULA JOSEMAR\u00cdA de edici\u00f3n limitada apuesta por un dise\u00f1o exclusivo y elegante, con detalles \u00fanicos, para 'Paulita Dinamita', n\u00famero 1 del mundo.\",\"breadcrumb\":{\"@id\":\"https:\\\/\\\/revolutionpadelstore.com\\\/en\\\/head-extreme-motion-ltd-paula-josemaria-2\\\/#breadcrumb\"},\"inLanguage\":\"en-US\",\"potentialAction\":[{\"@type\":\"ReadAction\",\"target\":[\"https:\\\/\\\/revolutionpadelstore.com\\\/en\\\/head-extreme-motion-ltd-paula-josemaria-2\\\/\"]}]},{\"@type\":\"ImageObject\",\"inLanguage\":\"en-US\",\"@id\":\"https:\\\/\\\/revolutionpadelstore.com\\\/en\\\/head-extreme-motion-ltd-paula-josemaria-2\\\/#primaryimage\",\"url\":\"https:\\\/\\\/revolutionpadelstore.com\\\/wp-content\\\/uploads\\\/2024\\\/06\\\/496.png\",\"contentUrl\":\"https:\\\/\\\/revolutionpadelstore.com\\\/wp-content\\\/uploads\\\/2024\\\/06\\\/496.png\",\"width\":1500,\"height\":1500},{\"@type\":\"BreadcrumbList\",\"@id\":\"https:\\\/\\\/revolutionpadelstore.com\\\/en\\\/head-extreme-motion-ltd-paula-josemaria-2\\\/#breadcrumb\",\"itemListElement\":[{\"@type\":\"ListItem\",\"position\":1,\"name\":\"Portada\",\"item\":\"https:\\\/\\\/revolutionpadelstore.com\\\/en\\\/\"},{\"@type\":\"ListItem\",\"position\":2,\"name\":\"Shop\",\"item\":\"https:\\\/\\\/revolutionpadelstore.com\\\/en\\\/shop\\\/\"},{\"@type\":\"ListItem\",\"position\":3,\"name\":\"HEAD EXTREME MOTION LTD \u2013 PAULA JOSEMAR\u00cdA\"}]},{\"@type\":\"WebSite\",\"@id\":\"https:\\\/\\\/revolutionpadelstore.com\\\/en\\\/#website\",\"url\":\"https:\\\/\\\/revolutionpadelstore.com\\\/en\\\/\",\"name\":\"Revolution Padel Store\",\"description\":\"\",\"publisher\":{\"@id\":\"https:\\\/\\\/revolutionpadelstore.com\\\/en\\\/#organization\"},\"potentialAction\":[{\"@type\":\"SearchAction\",\"target\":{\"@type\":\"EntryPoint\",\"urlTemplate\":\"https:\\\/\\\/revolutionpadelstore.com\\\/en\\\/?s={search_term_string}\"},\"query-input\":{\"@type\":\"PropertyValueSpecification\",\"valueRequired\":true,\"valueName\":\"search_term_string\"}}],\"inLanguage\":\"en-US\"},{\"@type\":\"Organization\",\"@id\":\"https:\\\/\\\/revolutionpadelstore.com\\\/en\\\/#organization\",\"name\":\"Revolution Padel Store\",\"url\":\"https:\\\/\\\/revolutionpadelstore.com\\\/en\\\/\",\"logo\":{\"@type\":\"ImageObject\",\"inLanguage\":\"en-US\",\"@id\":\"https:\\\/\\\/revolutionpadelstore.com\\\/en\\\/#\\\/schema\\\/logo\\\/image\\\/\",\"url\":\"https:\\\/\\\/revolutionpadelstore.com\\\/wp-content\\\/uploads\\\/2026\\\/02\\\/revolution-padel-store.jpg\",\"contentUrl\":\"https:\\\/\\\/revolutionpadelstore.com\\\/wp-content\\\/uploads\\\/2026\\\/02\\\/revolution-padel-store.jpg\",\"width\":2000,\"height\":2000,\"caption\":\"Revolution Padel Store\"},\"image\":{\"@id\":\"https:\\\/\\\/revolutionpadelstore.com\\\/en\\\/#\\\/schema\\\/logo\\\/image\\\/\"},\"sameAs\":[\"https:\\\/\\\/www.instagram.com\\\/revolutionpadelstore\\\/\"]}]}<\/script>\n<!-- \/ Yoast SEO plugin. -->","yoast_head_json":{"title":"HEAD EXTREME MOTION LTD \u2013 PAULA JOSEMAR\u00cdA - Revolution Padel Store","description":"La pala EXTREME MOTION LTD PAULA JOSEMAR\u00cdA de edici\u00f3n limitada apuesta por un dise\u00f1o exclusivo y elegante, con detalles \u00fanicos, para 'Paulita Dinamita', n\u00famero 1 del mundo.","robots":{"index":"index","follow":"follow","max-snippet":"max-snippet:-1","max-image-preview":"max-image-preview:large","max-video-preview":"max-video-preview:-1"},"canonical":"https:\/\/revolutionpadelstore.com\/en\/head-extreme-motion-ltd-paula-josemaria-2\/","og_locale":"en_US","og_type":"article","og_title":"COMPRAR HEAD EXTREME MOTION LTD - PAULA JOSEMAR\u00cdA","og_description":"La pala EXTREME MOTION LTD PAULA JOSEMAR\u00cdA de edici\u00f3n limitada apuesta por un dise\u00f1o exclusivo y elegante, con detalles \u00fanicos, para 'Paulita Dinamita', n\u00famero 1 del mundo.","og_url":"https:\/\/revolutionpadelstore.com\/en\/head-extreme-motion-ltd-paula-josemaria-2\/","og_site_name":"Revolution Padel Store","article_modified_time":"2026-04-12T00:01:51+00:00","og_image":[{"width":1500,"height":1500,"url":"https:\/\/revolutionpadelstore.com\/wp-content\/uploads\/2024\/06\/496.png","type":"image\/png"}],"twitter_card":"summary_large_image","twitter_misc":{"Est. reading time":"3 minutes"},"schema":{"@context":"https:\/\/schema.org","@graph":[{"@type":"WebPage","@id":"https:\/\/revolutionpadelstore.com\/en\/head-extreme-motion-ltd-paula-josemaria-2\/","url":"https:\/\/revolutionpadelstore.com\/en\/head-extreme-motion-ltd-paula-josemaria-2\/","name":"HEAD EXTREME MOTION LTD \u2013 PAULA JOSEMAR\u00cdA - Revolution Padel Store","isPartOf":{"@id":"https:\/\/revolutionpadelstore.com\/en\/#website"},"primaryImageOfPage":{"@id":"https:\/\/revolutionpadelstore.com\/en\/head-extreme-motion-ltd-paula-josemaria-2\/#primaryimage"},"image":{"@id":"https:\/\/revolutionpadelstore.com\/en\/head-extreme-motion-ltd-paula-josemaria-2\/#primaryimage"},"thumbnailUrl":"https:\/\/revolutionpadelstore.com\/wp-content\/uploads\/2024\/06\/496.png","datePublished":"2024-06-17T21:43:03+00:00","dateModified":"2026-04-12T00:01:51+00:00","description":"La pala EXTREME MOTION LTD PAULA JOSEMAR\u00cdA de edici\u00f3n limitada apuesta por un dise\u00f1o exclusivo y elegante, con detalles \u00fanicos, para 'Paulita Dinamita', n\u00famero 1 del mundo.","breadcrumb":{"@id":"https:\/\/revolutionpadelstore.com\/en\/head-extreme-motion-ltd-paula-josemaria-2\/#breadcrumb"},"inLanguage":"en-US","potentialAction":[{"@type":"ReadAction","target":["https:\/\/revolutionpadelstore.com\/en\/head-extreme-motion-ltd-paula-josemaria-2\/"]}]},{"@type":"ImageObject","inLanguage":"en-US","@id":"https:\/\/revolutionpadelstore.com\/en\/head-extreme-motion-ltd-paula-josemaria-2\/#primaryimage","url":"https:\/\/revolutionpadelstore.com\/wp-content\/uploads\/2024\/06\/496.png","contentUrl":"https:\/\/revolutionpadelstore.com\/wp-content\/uploads\/2024\/06\/496.png","width":1500,"height":1500},{"@type":"BreadcrumbList","@id":"https:\/\/revolutionpadelstore.com\/en\/head-extreme-motion-ltd-paula-josemaria-2\/#breadcrumb","itemListElement":[{"@type":"ListItem","position":1,"name":"Portada","item":"https:\/\/revolutionpadelstore.com\/en\/"},{"@type":"ListItem","position":2,"name":"Shop","item":"https:\/\/revolutionpadelstore.com\/en\/shop\/"},{"@type":"ListItem","position":3,"name":"HEAD EXTREME MOTION LTD \u2013 PAULA JOSEMAR\u00cdA"}]},{"@type":"WebSite","@id":"https:\/\/revolutionpadelstore.com\/en\/#website","url":"https:\/\/revolutionpadelstore.com\/en\/","name":"Revolution Padel Store","description":"","publisher":{"@id":"https:\/\/revolutionpadelstore.com\/en\/#organization"},"potentialAction":[{"@type":"SearchAction","target":{"@type":"EntryPoint","urlTemplate":"https:\/\/revolutionpadelstore.com\/en\/?s={search_term_string}"},"query-input":{"@type":"PropertyValueSpecification","valueRequired":true,"valueName":"search_term_string"}}],"inLanguage":"en-US"},{"@type":"Organization","@id":"https:\/\/revolutionpadelstore.com\/en\/#organization","name":"Revolution Padel Store","url":"https:\/\/revolutionpadelstore.com\/en\/","logo":{"@type":"ImageObject","inLanguage":"en-US","@id":"https:\/\/revolutionpadelstore.com\/en\/#\/schema\/logo\/image\/","url":"https:\/\/revolutionpadelstore.com\/wp-content\/uploads\/2026\/02\/revolution-padel-store.jpg","contentUrl":"https:\/\/revolutionpadelstore.com\/wp-content\/uploads\/2026\/02\/revolution-padel-store.jpg","width":2000,"height":2000,"caption":"Revolution Padel Store"},"image":{"@id":"https:\/\/revolutionpadelstore.com\/en\/#\/schema\/logo\/image\/"},"sameAs":["https:\/\/www.instagram.com\/revolutionpadelstore\/"]}]}},"_links":{"self":[{"href":"https:\/\/revolutionpadelstore.com\/en\/wp-json\/wp\/v2\/product\/11170","targetHints":{"allow":["GET"]}}],"collection":[{"href":"https:\/\/revolutionpadelstore.com\/en\/wp-json\/wp\/v2\/product"}],"about":[{"href":"https:\/\/revolutionpadelstore.com\/en\/wp-json\/wp\/v2\/types\/product"}],"replies":[{"embeddable":true,"href":"https:\/\/revolutionpadelstore.com\/en\/wp-json\/wp\/v2\/comments?post=11170"}],"wp:featuredmedia":[{"embeddable":true,"href":"https:\/\/revolutionpadelstore.com\/en\/wp-json\/wp\/v2\/media\/293078"}],"wp:attachment":[{"href":"https:\/\/revolutionpadelstore.com\/en\/wp-json\/wp\/v2\/media?parent=11170"}],"wp:term":[{"taxonomy":"acabado","embeddable":true,"href":"https:\/\/revolutionpadelstore.com\/en\/wp-json\/wp\/v2\/acabado?post=11170"},{"taxonomy":"balance","embeddable":true,"href":"https:\/\/revolutionpadelstore.com\/en\/wp-json\/wp\/v2\/balance?post=11170"},{"taxonomy":"dureza","embeddable":true,"href":"https:\/\/revolutionpadelstore.com\/en\/wp-json\/wp\/v2\/dureza?post=11170"},{"taxonomy":"forma","embeddable":true,"href":"https:\/\/revolutionpadelstore.com\/en\/wp-json\/wp\/v2\/forma?post=11170"},{"taxonomy":"jugador","embeddable":true,"href":"https:\/\/revolutionpadelstore.com\/en\/wp-json\/wp\/v2\/jugador?post=11170"},{"taxonomy":"marca","embeddable":true,"href":"https:\/\/revolutionpadelstore.com\/en\/wp-json\/wp\/v2\/marca?post=11170"},{"taxonomy":"nivel-de-juego","embeddable":true,"href":"https:\/\/revolutionpadelstore.com\/en\/wp-json\/wp\/v2\/nivel-de-juego?post=11170"},{"taxonomy":"superficie","embeddable":true,"href":"https:\/\/revolutionpadelstore.com\/en\/wp-json\/wp\/v2\/superficie?post=11170"},{"taxonomy":"tipo-de-juego","embeddable":true,"href":"https:\/\/revolutionpadelstore.com\/en\/wp-json\/wp\/v2\/tipo-de-juego?post=11170"},{"taxonomy":"product_brand","embeddable":true,"href":"https:\/\/revolutionpadelstore.com\/en\/wp-json\/wp\/v2\/product_brand?post=11170"},{"taxonomy":"product_cat","embeddable":true,"href":"https:\/\/revolutionpadelstore.com\/en\/wp-json\/wp\/v2\/product_cat?post=11170"},{"taxonomy":"product_tag","embeddable":true,"href":"https:\/\/revolutionpadelstore.com\/en\/wp-json\/wp\/v2\/product_tag?post=11170"}],"curies":[{"name":"wp","href":"https:\/\/api.w.org\/{rel}","templated":true}]}}