{"id":11087,"date":"2024-06-18T08:19:32","date_gmt":"2024-06-18T06:19:32","guid":{"rendered":"https:\/\/revolutionpadelstore.com\/metalbone-pro-edt-2024-ale-galan\/"},"modified":"2026-04-08T11:17:17","modified_gmt":"2026-04-08T09:17:17","slug":"adidas-metalbone-pro-edt-2024-ale-galan","status":"publish","type":"product","link":"https:\/\/revolutionpadelstore.com\/en\/adidas-metalbone-pro-edt-2024-ale-galan\/","title":{"rendered":"ADIDAS METALBONE PRO EDT 2024 ALE GALAN"},"content":{"rendered":"<div class=\"elementor-widget Elementor-element Elementor-element-p657a86 Elementor-widget-heading\" data-element_type=\"heading\">\n<div class=\"elementor-widget-container\">\n<h2 class=\"elementor-heading-titleelementor-size-default none\">METALBONE MASTER LTD<\/h2>\n<\/div>\n<\/div>\n<div class=\"elementor-widget Elementor-element Elementor-element-xd2ewci Elementor-widget-text-editor\" data-element_type=\"text-editor\">\n<div class=\"elementor-widget-container\">\n<div class=\"elementor-text-editor rte-content\">\n<p>The PRO-EDT Metalbone by Ale Gal\u00e1n fuses the best technologies of the Madrid player in an exclusive racket for those seeking to dominate the court. Its <strong>Octagonal Structure<\/strong> offers unparalleled rigidity and enormous power, while the roughness <strong>Spin Blade<\/strong> and the layout of the holes <strong>Smart Holes Curv<\/strong>e They allow you to execute shots with dreamy effect.<\/p>\n<p>The Weight &amp; Balance System gives you the power to adjust the weight and balance of the racket to your liking, adapting it to your unique playing style. And the combination of <strong>Carbon Aluminized 2 to 1<\/strong> fiber and <strong>EVA Soft Performance<\/strong> rubber offers you exceptional control and power, allowing you to shine with every hit.<\/p>\n<div class=\"elementor-widget Elementor-element Elementor-element-e1sg3cr Elementor-widget-text-editor\" data-element_type=\"text-editor\">\n<div class=\"elementor-widget-container\">\n<div class=\"elementor-text-editor rte-content\">\n<p>The balance and weights of the racket are modifiable thanks to this innovative technology present only in the highest level rackets. Its removable screw system installed on the bridge of the racket allows you to adjust the weight balance and adapt the behavior to the needs of each player at all times.<\/p>\n<div class=\"elementor-widget Elementor-element Elementor-element-yvqj33e Elementor-widget-text-editor\" data-element_type=\"text-editor\">\n<div class=\"elementor-widget-container\">\n<div class=\"elementor-text-editor rte-content\">\n<p>Located in the frame and heart of the racket, this technology provides the racket with a structure of maximum rigidity. Made up of a carbon tube with eight edges, it generates an internal skeleton that is extremely resistant to the twists to which the blades of the best padel players are exposed.<\/p>\n<div class=\"elementor-widget Elementor-element Elementor-element-quql4dj Elementor-widget-text-editor\" data-element_type=\"text-editor\">\n<div class=\"elementor-widget-container\">\n<div class=\"elementor-text-editor rte-content\">\n<p>The racket incorporates a rough layer on the surface to offer the best effects. Through a drawing of octagonal shapes, it optimizes the creation of rotation movements in the ball.<\/p>\n<\/div>\n<\/div>\n<\/div>\n<\/div>\n<\/div>\n<\/div>\n<\/div>\n<\/div>\n<\/div>\n<\/div>\n<\/div>\n<\/div>\n","protected":false},"excerpt":{"rendered":"<p>METALBONE MASTER LTD The PRO-EDT Metalbone by Ale Gal\u00e1n fuses the best technologies of the Madrid player in an exclusive racket for those seeking to dominate the court. Its Octagonal Structure offers unparalleled rigidity and enormous power, while the roughness Spin Blade and the layout of the holes Smart Holes Curve They allow you to [&hellip;]<\/p>\n","protected":false},"featured_media":8639,"comment_status":"open","ping_status":"closed","template":"","meta":{"_acf_changed":false,"_joinchat":[]},"acabado":[1093],"balance":[1138,1143],"dureza":[1163,1158],"forma":[1173],"jugador":[1193,1203],"marca":[1233],"nivel-de-juego":[1338],"superficie":[1363],"tipo-de-juego":[1388,1378],"product_brand":[],"product_cat":[303],"product_tag":[],"class_list":{"0":"post-11087","1":"product","2":"type-product","3":"status-publish","4":"has-post-thumbnail","6":"acabado-relieve-3d-en","7":"balance-alto-en","8":"balance-medium","9":"dureza-dura-en","10":"dureza-media-en","11":"forma-diamante-en","12":"jugador-hombre-en","13":"jugador-multipurpose","14":"marca-adidas-en","15":"superficie-rugosa-en","16":"tipo-de-juego-multipurpose","17":"tipo-de-juego-potencia-en","18":"product_cat-palas","20":"first","21":"outofstock","22":"sale","23":"taxable","24":"shipping-taxable","25":"purchasable","26":"product-type-simple"},"acf":[],"yoast_head":"<!-- This site is optimized with the Yoast SEO plugin v27.4 - https:\/\/yoast.com\/product\/yoast-seo-wordpress\/ -->\n<title>ADIDAS METALBONE PRO EDT 2024 ALE GALAN - Revolution Padel Store<\/title>\n<meta name=\"description\" content=\"La PRO-EDT Metalbone by Ale Gal\u00e1n fusiona las mejores tecnolog\u00edas del jugador madrile\u00f1o en una pala exclusiva para aquellos que buscan dominar la pista. Su\u00a0Octogonal Structure\u00a0ofrece una rigidez sin igual y una potencia descomunal, mientras que la rugosidad\u00a0Spin Blade\u00a0y la disposici\u00f3n de los agujeros\u00a0Smart Holes Curve te permiten ejecutar golpes con efecto de ensue\u00f1o. El\u00a0Weight &amp; Balance System\u00a0te da el poder de ajustar el peso y el equilibrio de la pala a tu gusto, adapt\u00e1ndola a tu estilo de juego \u00fanico. Y la combinaci\u00f3n de fibra\u00a0Carbon Aluminized 2 to 1\u00a0y goma\u00a0EVA Soft Performance\u00a0te ofrece un control y una potencia excepcionales, permiti\u00e9ndote brillar en cada golpe.\" \/>\n<meta name=\"robots\" content=\"index, follow, max-snippet:-1, max-image-preview:large, max-video-preview:-1\" \/>\n<link rel=\"canonical\" href=\"https:\/\/revolutionpadelstore.com\/en\/adidas-metalbone-pro-edt-2024-ale-galan\/\" \/>\n<meta property=\"og:locale\" content=\"en_US\" \/>\n<meta property=\"og:type\" content=\"article\" \/>\n<meta property=\"og:title\" content=\"COMPRAR METALBONE PRO EDT 2024 ALE GALAN\" \/>\n<meta property=\"og:description\" content=\"La PRO-EDT Metalbone by Ale Gal\u00e1n fusiona las mejores tecnolog\u00edas del jugador madrile\u00f1o en una pala exclusiva para aquellos que buscan dominar la pista. Su\u00a0Octogonal Structure\u00a0ofrece una rigidez sin igual y una potencia descomunal, mientras que la rugosidad\u00a0Spin Blade\u00a0y la disposici\u00f3n de los agujeros\u00a0Smart Holes Curve te permiten ejecutar golpes con efecto de ensue\u00f1o. El\u00a0Weight &amp; Balance System\u00a0te da el poder de ajustar el peso y el equilibrio de la pala a tu gusto, adapt\u00e1ndola a tu estilo de juego \u00fanico. Y la combinaci\u00f3n de fibra\u00a0Carbon Aluminized 2 to 1\u00a0y goma\u00a0EVA Soft Performance\u00a0te ofrece un control y una potencia excepcionales, permiti\u00e9ndote brillar en cada golpe.\" \/>\n<meta property=\"og:url\" content=\"https:\/\/revolutionpadelstore.com\/en\/adidas-metalbone-pro-edt-2024-ale-galan\/\" \/>\n<meta property=\"og:site_name\" content=\"Revolution Padel Store\" \/>\n<meta property=\"article:modified_time\" content=\"2026-04-08T09:17:17+00:00\" \/>\n<meta property=\"og:image\" content=\"https:\/\/revolutionpadelstore.com\/wp-content\/uploads\/2024\/06\/adidas-metalbone-pro-edt-2024.png\" \/>\n\t<meta property=\"og:image:width\" content=\"900\" \/>\n\t<meta property=\"og:image:height\" content=\"900\" \/>\n\t<meta property=\"og:image:type\" content=\"image\/png\" \/>\n<meta name=\"twitter:card\" content=\"summary_large_image\" \/>\n<meta name=\"twitter:label1\" content=\"Est. reading time\" \/>\n\t<meta name=\"twitter:data1\" content=\"2 minutes\" \/>\n<script type=\"application\/ld+json\" class=\"yoast-schema-graph\">{\"@context\":\"https:\\\/\\\/schema.org\",\"@graph\":[{\"@type\":\"WebPage\",\"@id\":\"https:\\\/\\\/revolutionpadelstore.com\\\/en\\\/adidas-metalbone-pro-edt-2024-ale-galan\\\/\",\"url\":\"https:\\\/\\\/revolutionpadelstore.com\\\/en\\\/adidas-metalbone-pro-edt-2024-ale-galan\\\/\",\"name\":\"ADIDAS METALBONE PRO EDT 2024 ALE GALAN - Revolution Padel Store\",\"isPartOf\":{\"@id\":\"https:\\\/\\\/revolutionpadelstore.com\\\/en\\\/#website\"},\"primaryImageOfPage\":{\"@id\":\"https:\\\/\\\/revolutionpadelstore.com\\\/en\\\/adidas-metalbone-pro-edt-2024-ale-galan\\\/#primaryimage\"},\"image\":{\"@id\":\"https:\\\/\\\/revolutionpadelstore.com\\\/en\\\/adidas-metalbone-pro-edt-2024-ale-galan\\\/#primaryimage\"},\"thumbnailUrl\":\"https:\\\/\\\/revolutionpadelstore.com\\\/wp-content\\\/uploads\\\/2024\\\/06\\\/adidas-metalbone-pro-edt-2024.png\",\"datePublished\":\"2024-06-18T06:19:32+00:00\",\"dateModified\":\"2026-04-08T09:17:17+00:00\",\"description\":\"La PRO-EDT Metalbone by Ale Gal\u00e1n fusiona las mejores tecnolog\u00edas del jugador madrile\u00f1o en una pala exclusiva para aquellos que buscan dominar la pista. Su\u00a0Octogonal Structure\u00a0ofrece una rigidez sin igual y una potencia descomunal, mientras que la rugosidad\u00a0Spin Blade\u00a0y la disposici\u00f3n de los agujeros\u00a0Smart Holes Curve te permiten ejecutar golpes con efecto de ensue\u00f1o. El\u00a0Weight & Balance System\u00a0te da el poder de ajustar el peso y el equilibrio de la pala a tu gusto, adapt\u00e1ndola a tu estilo de juego \u00fanico. Y la combinaci\u00f3n de fibra\u00a0Carbon Aluminized 2 to 1\u00a0y goma\u00a0EVA Soft Performance\u00a0te ofrece un control y una potencia excepcionales, permiti\u00e9ndote brillar en cada golpe.\",\"breadcrumb\":{\"@id\":\"https:\\\/\\\/revolutionpadelstore.com\\\/en\\\/adidas-metalbone-pro-edt-2024-ale-galan\\\/#breadcrumb\"},\"inLanguage\":\"en-US\",\"potentialAction\":[{\"@type\":\"ReadAction\",\"target\":[\"https:\\\/\\\/revolutionpadelstore.com\\\/en\\\/adidas-metalbone-pro-edt-2024-ale-galan\\\/\"]}]},{\"@type\":\"ImageObject\",\"inLanguage\":\"en-US\",\"@id\":\"https:\\\/\\\/revolutionpadelstore.com\\\/en\\\/adidas-metalbone-pro-edt-2024-ale-galan\\\/#primaryimage\",\"url\":\"https:\\\/\\\/revolutionpadelstore.com\\\/wp-content\\\/uploads\\\/2024\\\/06\\\/adidas-metalbone-pro-edt-2024.png\",\"contentUrl\":\"https:\\\/\\\/revolutionpadelstore.com\\\/wp-content\\\/uploads\\\/2024\\\/06\\\/adidas-metalbone-pro-edt-2024.png\",\"width\":900,\"height\":900},{\"@type\":\"BreadcrumbList\",\"@id\":\"https:\\\/\\\/revolutionpadelstore.com\\\/en\\\/adidas-metalbone-pro-edt-2024-ale-galan\\\/#breadcrumb\",\"itemListElement\":[{\"@type\":\"ListItem\",\"position\":1,\"name\":\"Portada\",\"item\":\"https:\\\/\\\/revolutionpadelstore.com\\\/en\\\/\"},{\"@type\":\"ListItem\",\"position\":2,\"name\":\"Shop\",\"item\":\"https:\\\/\\\/revolutionpadelstore.com\\\/en\\\/shop\\\/\"},{\"@type\":\"ListItem\",\"position\":3,\"name\":\"ADIDAS METALBONE PRO EDT 2024 ALE GALAN\"}]},{\"@type\":\"WebSite\",\"@id\":\"https:\\\/\\\/revolutionpadelstore.com\\\/en\\\/#website\",\"url\":\"https:\\\/\\\/revolutionpadelstore.com\\\/en\\\/\",\"name\":\"Revolution Padel Store\",\"description\":\"\",\"publisher\":{\"@id\":\"https:\\\/\\\/revolutionpadelstore.com\\\/en\\\/#organization\"},\"potentialAction\":[{\"@type\":\"SearchAction\",\"target\":{\"@type\":\"EntryPoint\",\"urlTemplate\":\"https:\\\/\\\/revolutionpadelstore.com\\\/en\\\/?s={search_term_string}\"},\"query-input\":{\"@type\":\"PropertyValueSpecification\",\"valueRequired\":true,\"valueName\":\"search_term_string\"}}],\"inLanguage\":\"en-US\"},{\"@type\":\"Organization\",\"@id\":\"https:\\\/\\\/revolutionpadelstore.com\\\/en\\\/#organization\",\"name\":\"Revolution Padel Store\",\"url\":\"https:\\\/\\\/revolutionpadelstore.com\\\/en\\\/\",\"logo\":{\"@type\":\"ImageObject\",\"inLanguage\":\"en-US\",\"@id\":\"https:\\\/\\\/revolutionpadelstore.com\\\/en\\\/#\\\/schema\\\/logo\\\/image\\\/\",\"url\":\"https:\\\/\\\/revolutionpadelstore.com\\\/wp-content\\\/uploads\\\/2026\\\/02\\\/revolution-padel-store.jpg\",\"contentUrl\":\"https:\\\/\\\/revolutionpadelstore.com\\\/wp-content\\\/uploads\\\/2026\\\/02\\\/revolution-padel-store.jpg\",\"width\":2000,\"height\":2000,\"caption\":\"Revolution Padel Store\"},\"image\":{\"@id\":\"https:\\\/\\\/revolutionpadelstore.com\\\/en\\\/#\\\/schema\\\/logo\\\/image\\\/\"},\"sameAs\":[\"https:\\\/\\\/www.instagram.com\\\/revolutionpadelstore\\\/\"]}]}<\/script>\n<!-- \/ Yoast SEO plugin. -->","yoast_head_json":{"title":"ADIDAS METALBONE PRO EDT 2024 ALE GALAN - Revolution Padel Store","description":"La PRO-EDT Metalbone by Ale Gal\u00e1n fusiona las mejores tecnolog\u00edas del jugador madrile\u00f1o en una pala exclusiva para aquellos que buscan dominar la pista. Su\u00a0Octogonal Structure\u00a0ofrece una rigidez sin igual y una potencia descomunal, mientras que la rugosidad\u00a0Spin Blade\u00a0y la disposici\u00f3n de los agujeros\u00a0Smart Holes Curve te permiten ejecutar golpes con efecto de ensue\u00f1o. El\u00a0Weight & Balance System\u00a0te da el poder de ajustar el peso y el equilibrio de la pala a tu gusto, adapt\u00e1ndola a tu estilo de juego \u00fanico. Y la combinaci\u00f3n de fibra\u00a0Carbon Aluminized 2 to 1\u00a0y goma\u00a0EVA Soft Performance\u00a0te ofrece un control y una potencia excepcionales, permiti\u00e9ndote brillar en cada golpe.","robots":{"index":"index","follow":"follow","max-snippet":"max-snippet:-1","max-image-preview":"max-image-preview:large","max-video-preview":"max-video-preview:-1"},"canonical":"https:\/\/revolutionpadelstore.com\/en\/adidas-metalbone-pro-edt-2024-ale-galan\/","og_locale":"en_US","og_type":"article","og_title":"COMPRAR METALBONE PRO EDT 2024 ALE GALAN","og_description":"La PRO-EDT Metalbone by Ale Gal\u00e1n fusiona las mejores tecnolog\u00edas del jugador madrile\u00f1o en una pala exclusiva para aquellos que buscan dominar la pista. Su\u00a0Octogonal Structure\u00a0ofrece una rigidez sin igual y una potencia descomunal, mientras que la rugosidad\u00a0Spin Blade\u00a0y la disposici\u00f3n de los agujeros\u00a0Smart Holes Curve te permiten ejecutar golpes con efecto de ensue\u00f1o. El\u00a0Weight & Balance System\u00a0te da el poder de ajustar el peso y el equilibrio de la pala a tu gusto, adapt\u00e1ndola a tu estilo de juego \u00fanico. Y la combinaci\u00f3n de fibra\u00a0Carbon Aluminized 2 to 1\u00a0y goma\u00a0EVA Soft Performance\u00a0te ofrece un control y una potencia excepcionales, permiti\u00e9ndote brillar en cada golpe.","og_url":"https:\/\/revolutionpadelstore.com\/en\/adidas-metalbone-pro-edt-2024-ale-galan\/","og_site_name":"Revolution Padel Store","article_modified_time":"2026-04-08T09:17:17+00:00","og_image":[{"width":900,"height":900,"url":"https:\/\/revolutionpadelstore.com\/wp-content\/uploads\/2024\/06\/adidas-metalbone-pro-edt-2024.png","type":"image\/png"}],"twitter_card":"summary_large_image","twitter_misc":{"Est. reading time":"2 minutes"},"schema":{"@context":"https:\/\/schema.org","@graph":[{"@type":"WebPage","@id":"https:\/\/revolutionpadelstore.com\/en\/adidas-metalbone-pro-edt-2024-ale-galan\/","url":"https:\/\/revolutionpadelstore.com\/en\/adidas-metalbone-pro-edt-2024-ale-galan\/","name":"ADIDAS METALBONE PRO EDT 2024 ALE GALAN - Revolution Padel Store","isPartOf":{"@id":"https:\/\/revolutionpadelstore.com\/en\/#website"},"primaryImageOfPage":{"@id":"https:\/\/revolutionpadelstore.com\/en\/adidas-metalbone-pro-edt-2024-ale-galan\/#primaryimage"},"image":{"@id":"https:\/\/revolutionpadelstore.com\/en\/adidas-metalbone-pro-edt-2024-ale-galan\/#primaryimage"},"thumbnailUrl":"https:\/\/revolutionpadelstore.com\/wp-content\/uploads\/2024\/06\/adidas-metalbone-pro-edt-2024.png","datePublished":"2024-06-18T06:19:32+00:00","dateModified":"2026-04-08T09:17:17+00:00","description":"La PRO-EDT Metalbone by Ale Gal\u00e1n fusiona las mejores tecnolog\u00edas del jugador madrile\u00f1o en una pala exclusiva para aquellos que buscan dominar la pista. Su\u00a0Octogonal Structure\u00a0ofrece una rigidez sin igual y una potencia descomunal, mientras que la rugosidad\u00a0Spin Blade\u00a0y la disposici\u00f3n de los agujeros\u00a0Smart Holes Curve te permiten ejecutar golpes con efecto de ensue\u00f1o. El\u00a0Weight & Balance System\u00a0te da el poder de ajustar el peso y el equilibrio de la pala a tu gusto, adapt\u00e1ndola a tu estilo de juego \u00fanico. Y la combinaci\u00f3n de fibra\u00a0Carbon Aluminized 2 to 1\u00a0y goma\u00a0EVA Soft Performance\u00a0te ofrece un control y una potencia excepcionales, permiti\u00e9ndote brillar en cada golpe.","breadcrumb":{"@id":"https:\/\/revolutionpadelstore.com\/en\/adidas-metalbone-pro-edt-2024-ale-galan\/#breadcrumb"},"inLanguage":"en-US","potentialAction":[{"@type":"ReadAction","target":["https:\/\/revolutionpadelstore.com\/en\/adidas-metalbone-pro-edt-2024-ale-galan\/"]}]},{"@type":"ImageObject","inLanguage":"en-US","@id":"https:\/\/revolutionpadelstore.com\/en\/adidas-metalbone-pro-edt-2024-ale-galan\/#primaryimage","url":"https:\/\/revolutionpadelstore.com\/wp-content\/uploads\/2024\/06\/adidas-metalbone-pro-edt-2024.png","contentUrl":"https:\/\/revolutionpadelstore.com\/wp-content\/uploads\/2024\/06\/adidas-metalbone-pro-edt-2024.png","width":900,"height":900},{"@type":"BreadcrumbList","@id":"https:\/\/revolutionpadelstore.com\/en\/adidas-metalbone-pro-edt-2024-ale-galan\/#breadcrumb","itemListElement":[{"@type":"ListItem","position":1,"name":"Portada","item":"https:\/\/revolutionpadelstore.com\/en\/"},{"@type":"ListItem","position":2,"name":"Shop","item":"https:\/\/revolutionpadelstore.com\/en\/shop\/"},{"@type":"ListItem","position":3,"name":"ADIDAS METALBONE PRO EDT 2024 ALE GALAN"}]},{"@type":"WebSite","@id":"https:\/\/revolutionpadelstore.com\/en\/#website","url":"https:\/\/revolutionpadelstore.com\/en\/","name":"Revolution Padel Store","description":"","publisher":{"@id":"https:\/\/revolutionpadelstore.com\/en\/#organization"},"potentialAction":[{"@type":"SearchAction","target":{"@type":"EntryPoint","urlTemplate":"https:\/\/revolutionpadelstore.com\/en\/?s={search_term_string}"},"query-input":{"@type":"PropertyValueSpecification","valueRequired":true,"valueName":"search_term_string"}}],"inLanguage":"en-US"},{"@type":"Organization","@id":"https:\/\/revolutionpadelstore.com\/en\/#organization","name":"Revolution Padel Store","url":"https:\/\/revolutionpadelstore.com\/en\/","logo":{"@type":"ImageObject","inLanguage":"en-US","@id":"https:\/\/revolutionpadelstore.com\/en\/#\/schema\/logo\/image\/","url":"https:\/\/revolutionpadelstore.com\/wp-content\/uploads\/2026\/02\/revolution-padel-store.jpg","contentUrl":"https:\/\/revolutionpadelstore.com\/wp-content\/uploads\/2026\/02\/revolution-padel-store.jpg","width":2000,"height":2000,"caption":"Revolution Padel Store"},"image":{"@id":"https:\/\/revolutionpadelstore.com\/en\/#\/schema\/logo\/image\/"},"sameAs":["https:\/\/www.instagram.com\/revolutionpadelstore\/"]}]}},"_links":{"self":[{"href":"https:\/\/revolutionpadelstore.com\/en\/wp-json\/wp\/v2\/product\/11087","targetHints":{"allow":["GET"]}}],"collection":[{"href":"https:\/\/revolutionpadelstore.com\/en\/wp-json\/wp\/v2\/product"}],"about":[{"href":"https:\/\/revolutionpadelstore.com\/en\/wp-json\/wp\/v2\/types\/product"}],"replies":[{"embeddable":true,"href":"https:\/\/revolutionpadelstore.com\/en\/wp-json\/wp\/v2\/comments?post=11087"}],"wp:featuredmedia":[{"embeddable":true,"href":"https:\/\/revolutionpadelstore.com\/en\/wp-json\/wp\/v2\/media\/8639"}],"wp:attachment":[{"href":"https:\/\/revolutionpadelstore.com\/en\/wp-json\/wp\/v2\/media?parent=11087"}],"wp:term":[{"taxonomy":"acabado","embeddable":true,"href":"https:\/\/revolutionpadelstore.com\/en\/wp-json\/wp\/v2\/acabado?post=11087"},{"taxonomy":"balance","embeddable":true,"href":"https:\/\/revolutionpadelstore.com\/en\/wp-json\/wp\/v2\/balance?post=11087"},{"taxonomy":"dureza","embeddable":true,"href":"https:\/\/revolutionpadelstore.com\/en\/wp-json\/wp\/v2\/dureza?post=11087"},{"taxonomy":"forma","embeddable":true,"href":"https:\/\/revolutionpadelstore.com\/en\/wp-json\/wp\/v2\/forma?post=11087"},{"taxonomy":"jugador","embeddable":true,"href":"https:\/\/revolutionpadelstore.com\/en\/wp-json\/wp\/v2\/jugador?post=11087"},{"taxonomy":"marca","embeddable":true,"href":"https:\/\/revolutionpadelstore.com\/en\/wp-json\/wp\/v2\/marca?post=11087"},{"taxonomy":"nivel-de-juego","embeddable":true,"href":"https:\/\/revolutionpadelstore.com\/en\/wp-json\/wp\/v2\/nivel-de-juego?post=11087"},{"taxonomy":"superficie","embeddable":true,"href":"https:\/\/revolutionpadelstore.com\/en\/wp-json\/wp\/v2\/superficie?post=11087"},{"taxonomy":"tipo-de-juego","embeddable":true,"href":"https:\/\/revolutionpadelstore.com\/en\/wp-json\/wp\/v2\/tipo-de-juego?post=11087"},{"taxonomy":"product_brand","embeddable":true,"href":"https:\/\/revolutionpadelstore.com\/en\/wp-json\/wp\/v2\/product_brand?post=11087"},{"taxonomy":"product_cat","embeddable":true,"href":"https:\/\/revolutionpadelstore.com\/en\/wp-json\/wp\/v2\/product_cat?post=11087"},{"taxonomy":"product_tag","embeddable":true,"href":"https:\/\/revolutionpadelstore.com\/en\/wp-json\/wp\/v2\/product_tag?post=11087"}],"curies":[{"name":"wp","href":"https:\/\/api.w.org\/{rel}","templated":true}]}}