{"id":11046,"date":"2024-06-18T13:16:46","date_gmt":"2024-06-18T11:16:46","guid":{"rendered":"https:\/\/revolutionpadelstore.com\/cross-it-pro-edt-2024-marta-ortega\/"},"modified":"2026-04-08T11:16:44","modified_gmt":"2026-04-08T09:16:44","slug":"adidas-cross-it-pro-edt-2024-marta-ortega","status":"publish","type":"product","link":"https:\/\/revolutionpadelstore.com\/en\/adidas-cross-it-pro-edt-2024-marta-ortega\/","title":{"rendered":"ADIDAS CROSS IT PRO EDT 2024 MARTA ORTEGA"},"content":{"rendered":"<div class=\"elementor-widget Elementor-element Elementor-element-v9q0wy0 Elementor-widget-heading\" data-element_type=\"heading\">\n<div class=\"elementor-widget-container\">\n<h2 class=\"elementor-heading-titleelementor-size-default none\">CROSS IT PRO EDT<\/h2>\n<\/div>\n<\/div>\n<div class=\"elementor-widget Elementor-element Elementor-element-1chplo7 Elementor-widget-text-editor\" data-element_type=\"text-editor\">\n<div class=\"elementor-widget-container\">\n<div class=\"elementor-text-editor rte-content\">\n<p>The PRO-EDT Cross It Light by Marta Ortega is an exclusive racket designed for players who seek perfection in every point. It incorporates all the revolutionary Cross It technologies, which give you differential value in all aspects of the game. The Extra Power Grip and Dynamic Air Flow system let you unleash overwhelming power, while the Spin Blade Mold helps you execute shots with spin worthy of a professional. <strong>Eleven 13<\/strong> and <strong>Structural Reinforcement<\/strong> technologies guarantee that your racket can withstand the hardest hits, allowing you to play without worries. The composition of 24K Carbon Aluminized fiber and <strong>EVA Soft Energy<\/strong> rubber gives you enviable rigidity, perfect to shine in powerful and precise hits.<\/p>\n<p>Aerodynamics has arrived in the world of padel. This technology reduces air resistance in the neck area of \u200b\u200bthe racket to gain speed when executing blows, especially the most powerful ones.<\/p>\n<p>A new way of arranging the holes that improves the durability and power capacity of the racket. They consist of smaller than usual holes located in the central part of the head. In this way, this central part gains consistency and rigidity.<\/p>\n<p>The grip of the racket is longer than usual. With this, the balance of the racket is concentrated in the head, a factor that allows you to gain more inertia and better behavior in powerful hits.<\/p>\n<\/div>\n<\/div>\n<\/div>\n","protected":false},"excerpt":{"rendered":"<p>The PRO-EDT Cross It Light by Marta Ortega is an exclusive racket designed for players who seek perfection in every point. It incorporates all the revolutionary Cross It technologies, which give you differential value in all aspects of the game.<\/p>\n","protected":false},"featured_media":8656,"comment_status":"open","ping_status":"closed","template":"","meta":{"_acf_changed":false,"_joinchat":[]},"acabado":[1093],"balance":[1138,1143],"dureza":[1163,1158],"forma":[1178],"jugador":[1198],"marca":[1233],"nivel-de-juego":[1338],"superficie":[1363],"tipo-de-juego":[1388,1378],"product_brand":[],"product_cat":[303],"product_tag":[],"class_list":{"0":"post-11046","1":"product","2":"type-product","3":"status-publish","4":"has-post-thumbnail","6":"acabado-relieve-3d-en","7":"balance-alto-en","8":"balance-medium","9":"dureza-dura-en","10":"dureza-media-en","11":"forma-hibrida-en","12":"jugador-woman","13":"marca-adidas-en","14":"superficie-rugosa-en","15":"tipo-de-juego-multipurpose","16":"tipo-de-juego-potencia-en","17":"product_cat-palas","19":"first","20":"outofstock","21":"sale","22":"taxable","23":"shipping-taxable","24":"purchasable","25":"product-type-simple"},"acf":[],"yoast_head":"<!-- This site is optimized with the Yoast SEO plugin v27.4 - https:\/\/yoast.com\/product\/yoast-seo-wordpress\/ -->\n<title>ADIDAS CROSS IT PRO EDT 2024 MARTA ORTEGA - Revolution Padel Store<\/title>\n<meta name=\"description\" content=\"La PRO-EDT Cross It Light by Marta Ortega es una pala exclusiva dise\u00f1ada para jugadoras y jugadores que buscan la perfecci\u00f3n en cada punto. Incorpora todas las revolucionarias tecnolog\u00edas Cross It, que te brindan un valor diferencial en todos los aspectos del juego.\" \/>\n<meta name=\"robots\" content=\"index, follow, max-snippet:-1, max-image-preview:large, max-video-preview:-1\" \/>\n<link rel=\"canonical\" href=\"https:\/\/revolutionpadelstore.com\/en\/adidas-cross-it-pro-edt-2024-marta-ortega\/\" \/>\n<meta property=\"og:locale\" content=\"en_US\" \/>\n<meta property=\"og:type\" content=\"article\" \/>\n<meta property=\"og:title\" content=\"COMPRAR CROSS IT PRO EDT 2024 MARTA ORTEGA\" \/>\n<meta property=\"og:description\" content=\"La PRO-EDT Cross It Light by Marta Ortega es una pala exclusiva dise\u00f1ada para jugadoras y jugadores que buscan la perfecci\u00f3n en cada punto. Incorpora todas las revolucionarias tecnolog\u00edas Cross It, que te brindan un valor diferencial en todos los aspectos del juego.\" \/>\n<meta property=\"og:url\" content=\"https:\/\/revolutionpadelstore.com\/en\/adidas-cross-it-pro-edt-2024-marta-ortega\/\" \/>\n<meta property=\"og:site_name\" content=\"Revolution Padel Store\" \/>\n<meta property=\"article:modified_time\" content=\"2026-04-08T09:16:44+00:00\" \/>\n<meta property=\"og:image\" content=\"https:\/\/revolutionpadelstore.com\/wp-content\/uploads\/2024\/06\/adidas-cross-it-pro-edt-2024.png\" \/>\n\t<meta property=\"og:image:width\" content=\"900\" \/>\n\t<meta property=\"og:image:height\" content=\"900\" \/>\n\t<meta property=\"og:image:type\" content=\"image\/png\" \/>\n<meta name=\"twitter:card\" content=\"summary_large_image\" \/>\n<meta name=\"twitter:label1\" content=\"Est. reading time\" \/>\n\t<meta name=\"twitter:data1\" content=\"2 minutes\" \/>\n<script type=\"application\/ld+json\" class=\"yoast-schema-graph\">{\"@context\":\"https:\\\/\\\/schema.org\",\"@graph\":[{\"@type\":\"WebPage\",\"@id\":\"https:\\\/\\\/revolutionpadelstore.com\\\/en\\\/adidas-cross-it-pro-edt-2024-marta-ortega\\\/\",\"url\":\"https:\\\/\\\/revolutionpadelstore.com\\\/en\\\/adidas-cross-it-pro-edt-2024-marta-ortega\\\/\",\"name\":\"ADIDAS CROSS IT PRO EDT 2024 MARTA ORTEGA - Revolution Padel Store\",\"isPartOf\":{\"@id\":\"https:\\\/\\\/revolutionpadelstore.com\\\/en\\\/#website\"},\"primaryImageOfPage\":{\"@id\":\"https:\\\/\\\/revolutionpadelstore.com\\\/en\\\/adidas-cross-it-pro-edt-2024-marta-ortega\\\/#primaryimage\"},\"image\":{\"@id\":\"https:\\\/\\\/revolutionpadelstore.com\\\/en\\\/adidas-cross-it-pro-edt-2024-marta-ortega\\\/#primaryimage\"},\"thumbnailUrl\":\"https:\\\/\\\/revolutionpadelstore.com\\\/wp-content\\\/uploads\\\/2024\\\/06\\\/adidas-cross-it-pro-edt-2024.png\",\"datePublished\":\"2024-06-18T11:16:46+00:00\",\"dateModified\":\"2026-04-08T09:16:44+00:00\",\"description\":\"La PRO-EDT Cross It Light by Marta Ortega es una pala exclusiva dise\u00f1ada para jugadoras y jugadores que buscan la perfecci\u00f3n en cada punto. Incorpora todas las revolucionarias tecnolog\u00edas Cross It, que te brindan un valor diferencial en todos los aspectos del juego.\",\"breadcrumb\":{\"@id\":\"https:\\\/\\\/revolutionpadelstore.com\\\/en\\\/adidas-cross-it-pro-edt-2024-marta-ortega\\\/#breadcrumb\"},\"inLanguage\":\"en-US\",\"potentialAction\":[{\"@type\":\"ReadAction\",\"target\":[\"https:\\\/\\\/revolutionpadelstore.com\\\/en\\\/adidas-cross-it-pro-edt-2024-marta-ortega\\\/\"]}]},{\"@type\":\"ImageObject\",\"inLanguage\":\"en-US\",\"@id\":\"https:\\\/\\\/revolutionpadelstore.com\\\/en\\\/adidas-cross-it-pro-edt-2024-marta-ortega\\\/#primaryimage\",\"url\":\"https:\\\/\\\/revolutionpadelstore.com\\\/wp-content\\\/uploads\\\/2024\\\/06\\\/adidas-cross-it-pro-edt-2024.png\",\"contentUrl\":\"https:\\\/\\\/revolutionpadelstore.com\\\/wp-content\\\/uploads\\\/2024\\\/06\\\/adidas-cross-it-pro-edt-2024.png\",\"width\":900,\"height\":900},{\"@type\":\"BreadcrumbList\",\"@id\":\"https:\\\/\\\/revolutionpadelstore.com\\\/en\\\/adidas-cross-it-pro-edt-2024-marta-ortega\\\/#breadcrumb\",\"itemListElement\":[{\"@type\":\"ListItem\",\"position\":1,\"name\":\"Portada\",\"item\":\"https:\\\/\\\/revolutionpadelstore.com\\\/en\\\/\"},{\"@type\":\"ListItem\",\"position\":2,\"name\":\"Shop\",\"item\":\"https:\\\/\\\/revolutionpadelstore.com\\\/en\\\/shop\\\/\"},{\"@type\":\"ListItem\",\"position\":3,\"name\":\"ADIDAS CROSS IT PRO EDT 2024 MARTA ORTEGA\"}]},{\"@type\":\"WebSite\",\"@id\":\"https:\\\/\\\/revolutionpadelstore.com\\\/en\\\/#website\",\"url\":\"https:\\\/\\\/revolutionpadelstore.com\\\/en\\\/\",\"name\":\"Revolution Padel Store\",\"description\":\"\",\"publisher\":{\"@id\":\"https:\\\/\\\/revolutionpadelstore.com\\\/en\\\/#organization\"},\"potentialAction\":[{\"@type\":\"SearchAction\",\"target\":{\"@type\":\"EntryPoint\",\"urlTemplate\":\"https:\\\/\\\/revolutionpadelstore.com\\\/en\\\/?s={search_term_string}\"},\"query-input\":{\"@type\":\"PropertyValueSpecification\",\"valueRequired\":true,\"valueName\":\"search_term_string\"}}],\"inLanguage\":\"en-US\"},{\"@type\":\"Organization\",\"@id\":\"https:\\\/\\\/revolutionpadelstore.com\\\/en\\\/#organization\",\"name\":\"Revolution Padel Store\",\"url\":\"https:\\\/\\\/revolutionpadelstore.com\\\/en\\\/\",\"logo\":{\"@type\":\"ImageObject\",\"inLanguage\":\"en-US\",\"@id\":\"https:\\\/\\\/revolutionpadelstore.com\\\/en\\\/#\\\/schema\\\/logo\\\/image\\\/\",\"url\":\"https:\\\/\\\/revolutionpadelstore.com\\\/wp-content\\\/uploads\\\/2026\\\/02\\\/revolution-padel-store.jpg\",\"contentUrl\":\"https:\\\/\\\/revolutionpadelstore.com\\\/wp-content\\\/uploads\\\/2026\\\/02\\\/revolution-padel-store.jpg\",\"width\":2000,\"height\":2000,\"caption\":\"Revolution Padel Store\"},\"image\":{\"@id\":\"https:\\\/\\\/revolutionpadelstore.com\\\/en\\\/#\\\/schema\\\/logo\\\/image\\\/\"},\"sameAs\":[\"https:\\\/\\\/www.instagram.com\\\/revolutionpadelstore\\\/\"]}]}<\/script>\n<!-- \/ Yoast SEO plugin. -->","yoast_head_json":{"title":"ADIDAS CROSS IT PRO EDT 2024 MARTA ORTEGA - Revolution Padel Store","description":"La PRO-EDT Cross It Light by Marta Ortega es una pala exclusiva dise\u00f1ada para jugadoras y jugadores que buscan la perfecci\u00f3n en cada punto. Incorpora todas las revolucionarias tecnolog\u00edas Cross It, que te brindan un valor diferencial en todos los aspectos del juego.","robots":{"index":"index","follow":"follow","max-snippet":"max-snippet:-1","max-image-preview":"max-image-preview:large","max-video-preview":"max-video-preview:-1"},"canonical":"https:\/\/revolutionpadelstore.com\/en\/adidas-cross-it-pro-edt-2024-marta-ortega\/","og_locale":"en_US","og_type":"article","og_title":"COMPRAR CROSS IT PRO EDT 2024 MARTA ORTEGA","og_description":"La PRO-EDT Cross It Light by Marta Ortega es una pala exclusiva dise\u00f1ada para jugadoras y jugadores que buscan la perfecci\u00f3n en cada punto. Incorpora todas las revolucionarias tecnolog\u00edas Cross It, que te brindan un valor diferencial en todos los aspectos del juego.","og_url":"https:\/\/revolutionpadelstore.com\/en\/adidas-cross-it-pro-edt-2024-marta-ortega\/","og_site_name":"Revolution Padel Store","article_modified_time":"2026-04-08T09:16:44+00:00","og_image":[{"width":900,"height":900,"url":"https:\/\/revolutionpadelstore.com\/wp-content\/uploads\/2024\/06\/adidas-cross-it-pro-edt-2024.png","type":"image\/png"}],"twitter_card":"summary_large_image","twitter_misc":{"Est. reading time":"2 minutes"},"schema":{"@context":"https:\/\/schema.org","@graph":[{"@type":"WebPage","@id":"https:\/\/revolutionpadelstore.com\/en\/adidas-cross-it-pro-edt-2024-marta-ortega\/","url":"https:\/\/revolutionpadelstore.com\/en\/adidas-cross-it-pro-edt-2024-marta-ortega\/","name":"ADIDAS CROSS IT PRO EDT 2024 MARTA ORTEGA - Revolution Padel Store","isPartOf":{"@id":"https:\/\/revolutionpadelstore.com\/en\/#website"},"primaryImageOfPage":{"@id":"https:\/\/revolutionpadelstore.com\/en\/adidas-cross-it-pro-edt-2024-marta-ortega\/#primaryimage"},"image":{"@id":"https:\/\/revolutionpadelstore.com\/en\/adidas-cross-it-pro-edt-2024-marta-ortega\/#primaryimage"},"thumbnailUrl":"https:\/\/revolutionpadelstore.com\/wp-content\/uploads\/2024\/06\/adidas-cross-it-pro-edt-2024.png","datePublished":"2024-06-18T11:16:46+00:00","dateModified":"2026-04-08T09:16:44+00:00","description":"La PRO-EDT Cross It Light by Marta Ortega es una pala exclusiva dise\u00f1ada para jugadoras y jugadores que buscan la perfecci\u00f3n en cada punto. Incorpora todas las revolucionarias tecnolog\u00edas Cross It, que te brindan un valor diferencial en todos los aspectos del juego.","breadcrumb":{"@id":"https:\/\/revolutionpadelstore.com\/en\/adidas-cross-it-pro-edt-2024-marta-ortega\/#breadcrumb"},"inLanguage":"en-US","potentialAction":[{"@type":"ReadAction","target":["https:\/\/revolutionpadelstore.com\/en\/adidas-cross-it-pro-edt-2024-marta-ortega\/"]}]},{"@type":"ImageObject","inLanguage":"en-US","@id":"https:\/\/revolutionpadelstore.com\/en\/adidas-cross-it-pro-edt-2024-marta-ortega\/#primaryimage","url":"https:\/\/revolutionpadelstore.com\/wp-content\/uploads\/2024\/06\/adidas-cross-it-pro-edt-2024.png","contentUrl":"https:\/\/revolutionpadelstore.com\/wp-content\/uploads\/2024\/06\/adidas-cross-it-pro-edt-2024.png","width":900,"height":900},{"@type":"BreadcrumbList","@id":"https:\/\/revolutionpadelstore.com\/en\/adidas-cross-it-pro-edt-2024-marta-ortega\/#breadcrumb","itemListElement":[{"@type":"ListItem","position":1,"name":"Portada","item":"https:\/\/revolutionpadelstore.com\/en\/"},{"@type":"ListItem","position":2,"name":"Shop","item":"https:\/\/revolutionpadelstore.com\/en\/shop\/"},{"@type":"ListItem","position":3,"name":"ADIDAS CROSS IT PRO EDT 2024 MARTA ORTEGA"}]},{"@type":"WebSite","@id":"https:\/\/revolutionpadelstore.com\/en\/#website","url":"https:\/\/revolutionpadelstore.com\/en\/","name":"Revolution Padel Store","description":"","publisher":{"@id":"https:\/\/revolutionpadelstore.com\/en\/#organization"},"potentialAction":[{"@type":"SearchAction","target":{"@type":"EntryPoint","urlTemplate":"https:\/\/revolutionpadelstore.com\/en\/?s={search_term_string}"},"query-input":{"@type":"PropertyValueSpecification","valueRequired":true,"valueName":"search_term_string"}}],"inLanguage":"en-US"},{"@type":"Organization","@id":"https:\/\/revolutionpadelstore.com\/en\/#organization","name":"Revolution Padel Store","url":"https:\/\/revolutionpadelstore.com\/en\/","logo":{"@type":"ImageObject","inLanguage":"en-US","@id":"https:\/\/revolutionpadelstore.com\/en\/#\/schema\/logo\/image\/","url":"https:\/\/revolutionpadelstore.com\/wp-content\/uploads\/2026\/02\/revolution-padel-store.jpg","contentUrl":"https:\/\/revolutionpadelstore.com\/wp-content\/uploads\/2026\/02\/revolution-padel-store.jpg","width":2000,"height":2000,"caption":"Revolution Padel Store"},"image":{"@id":"https:\/\/revolutionpadelstore.com\/en\/#\/schema\/logo\/image\/"},"sameAs":["https:\/\/www.instagram.com\/revolutionpadelstore\/"]}]}},"_links":{"self":[{"href":"https:\/\/revolutionpadelstore.com\/en\/wp-json\/wp\/v2\/product\/11046","targetHints":{"allow":["GET"]}}],"collection":[{"href":"https:\/\/revolutionpadelstore.com\/en\/wp-json\/wp\/v2\/product"}],"about":[{"href":"https:\/\/revolutionpadelstore.com\/en\/wp-json\/wp\/v2\/types\/product"}],"replies":[{"embeddable":true,"href":"https:\/\/revolutionpadelstore.com\/en\/wp-json\/wp\/v2\/comments?post=11046"}],"wp:featuredmedia":[{"embeddable":true,"href":"https:\/\/revolutionpadelstore.com\/en\/wp-json\/wp\/v2\/media\/8656"}],"wp:attachment":[{"href":"https:\/\/revolutionpadelstore.com\/en\/wp-json\/wp\/v2\/media?parent=11046"}],"wp:term":[{"taxonomy":"acabado","embeddable":true,"href":"https:\/\/revolutionpadelstore.com\/en\/wp-json\/wp\/v2\/acabado?post=11046"},{"taxonomy":"balance","embeddable":true,"href":"https:\/\/revolutionpadelstore.com\/en\/wp-json\/wp\/v2\/balance?post=11046"},{"taxonomy":"dureza","embeddable":true,"href":"https:\/\/revolutionpadelstore.com\/en\/wp-json\/wp\/v2\/dureza?post=11046"},{"taxonomy":"forma","embeddable":true,"href":"https:\/\/revolutionpadelstore.com\/en\/wp-json\/wp\/v2\/forma?post=11046"},{"taxonomy":"jugador","embeddable":true,"href":"https:\/\/revolutionpadelstore.com\/en\/wp-json\/wp\/v2\/jugador?post=11046"},{"taxonomy":"marca","embeddable":true,"href":"https:\/\/revolutionpadelstore.com\/en\/wp-json\/wp\/v2\/marca?post=11046"},{"taxonomy":"nivel-de-juego","embeddable":true,"href":"https:\/\/revolutionpadelstore.com\/en\/wp-json\/wp\/v2\/nivel-de-juego?post=11046"},{"taxonomy":"superficie","embeddable":true,"href":"https:\/\/revolutionpadelstore.com\/en\/wp-json\/wp\/v2\/superficie?post=11046"},{"taxonomy":"tipo-de-juego","embeddable":true,"href":"https:\/\/revolutionpadelstore.com\/en\/wp-json\/wp\/v2\/tipo-de-juego?post=11046"},{"taxonomy":"product_brand","embeddable":true,"href":"https:\/\/revolutionpadelstore.com\/en\/wp-json\/wp\/v2\/product_brand?post=11046"},{"taxonomy":"product_cat","embeddable":true,"href":"https:\/\/revolutionpadelstore.com\/en\/wp-json\/wp\/v2\/product_cat?post=11046"},{"taxonomy":"product_tag","embeddable":true,"href":"https:\/\/revolutionpadelstore.com\/en\/wp-json\/wp\/v2\/product_tag?post=11046"}],"curies":[{"name":"wp","href":"https:\/\/api.w.org\/{rel}","templated":true}]}}