{"id":11009,"date":"2024-06-18T14:51:16","date_gmt":"2024-06-18T12:51:16","guid":{"rendered":"https:\/\/revolutionpadelstore.com\/adipower-ctrl-mtw-pro-edt-2024-alex-ruiz\/"},"modified":"2026-04-08T11:16:15","modified_gmt":"2026-04-08T09:16:15","slug":"adidas-adipower-ctrl-mtw-pro-edt-2024-alex-ruiz","status":"publish","type":"product","link":"https:\/\/revolutionpadelstore.com\/en\/adidas-adipower-ctrl-mtw-pro-edt-2024-alex-ruiz\/","title":{"rendered":"ADIDAS ADIPOWER CTRL MTW PRO EDT 2024 ALEX RUIZ"},"content":{"rendered":"<div class=\"elementor-widget Elementor-element Elementor-element-hb8cjf9 Elementor-widget-heading\" data-element_type=\"heading\">\n<div class=\"elementor-widget-container\">\n<h2 class=\"elementor-heading-titleelementor-size-default none\">ADIPOWER CTRL MTW PRO EDT<\/h2>\n<\/div>\n<\/div>\n<div class=\"elementor-widget Elementor-element Elementor-element-tv9zqlu Elementor-widget-text-editor\" data-element_type=\"text-editor\">\n<div class=\"elementor-widget-container\">\n<div class=\"elementor-text-editor rte-content\">\n<p>The PRO-EDT Adipower CTRL MTW by \u00c1lex Ruiz is a unique and exclusive model. It brings together all Multiweight technologies and the highest quality materials to achieve excellence. To achieve maximum power, the Power Embossed Ridge and the Dual Exoskeleton provide incomparable rigidity, while the best spin comes from the Spin Blade. <\/strong><\/p>\n<p>The <strong>Weight &amp; Balance<\/strong> System allows you to adjust the weight and balance of the racket to your liking, allowing you to find the perfect balance between power and control. The round shape of the racket offers you absolute control over the ball , allowing you to place it precisely in any corner of the court.<\/p>\n<p>The combination of <strong>18K Carbon fiber<\/strong> and <strong>EVA High Memory<\/strong> rubber provides unsurpassed rigidity, perfect for deploying an overwhelming attacking game.<\/p>\n<p>The balance and weights of the racket are modifiable thanks to this innovative technology present only in the highest level rackets. Its removable screw system installed on the top and sides of the racket head allows you to adjust the weight balance and adapt the behavior to the needs of each player at all times.<\/p>\n<p>Rigidity is an integral characteristic of blades that have this structure reinforcement technology. Double-height carbon ribs spread across the core and frame offer the best performance on the most powerful hits.<\/p>\n<p>The racket has a rough relief on the surface to achieve the best effects. The friction with the ball is high voltage to achieve the most surprising and complicated turns for rivals.<\/p>\n<\/div>\n<\/div>\n<\/div>\n","protected":false},"excerpt":{"rendered":"<p>ADIPOWER CTRL MTW PRO EDT The PRO-EDT Adipower CTRL MTW by \u00c1lex Ruiz is a unique and exclusive model. It brings together all Multiweight technologies and the highest quality materials to achieve excellence. To achieve maximum power, the Power Embossed Ridge and the Dual Exoskeleton provide incomparable rigidity, while the best spin comes from the [&hellip;]<\/p>\n","protected":false},"featured_media":8675,"comment_status":"open","ping_status":"closed","template":"","meta":{"_acf_changed":false,"_joinchat":[]},"acabado":[1093],"balance":[1143],"dureza":[1158],"forma":[1183],"jugador":[1193,1203],"marca":[1233],"nivel-de-juego":[1338],"superficie":[1363],"tipo-de-juego":[1393,1388],"product_brand":[],"product_cat":[303],"product_tag":[],"class_list":{"0":"post-11009","1":"product","2":"type-product","3":"status-publish","4":"has-post-thumbnail","6":"acabado-relieve-3d-en","7":"balance-medium","8":"dureza-media-en","9":"forma-redonda-en","10":"jugador-hombre-en","11":"jugador-multipurpose","12":"marca-adidas-en","13":"superficie-rugosa-en","14":"tipo-de-juego-avanzado-competicion-en","15":"tipo-de-juego-multipurpose","16":"product_cat-palas","18":"first","19":"outofstock","20":"sale","21":"taxable","22":"shipping-taxable","23":"purchasable","24":"product-type-simple"},"acf":[],"yoast_head":"<!-- This site is optimized with the Yoast SEO plugin v27.4 - https:\/\/yoast.com\/product\/yoast-seo-wordpress\/ -->\n<title>ADIDAS ADIPOWER CTRL MTW PRO EDT 2024 ALEX RUIZ - Revolution Padel Store<\/title>\n<meta name=\"description\" content=\"La PRO-EDT Adipower CTRL MTW by \u00c1lex Ruiz es un modelo \u00fanico y exclusivo. Agrupa todas las tecnolog\u00edas de Multiweight y los materiales de mayor calidad para alcanzar la excelencia.\" \/>\n<meta name=\"robots\" content=\"index, follow, max-snippet:-1, max-image-preview:large, max-video-preview:-1\" \/>\n<link rel=\"canonical\" href=\"https:\/\/revolutionpadelstore.com\/en\/adidas-adipower-ctrl-mtw-pro-edt-2024-alex-ruiz\/\" \/>\n<meta property=\"og:locale\" content=\"en_US\" \/>\n<meta property=\"og:type\" content=\"article\" \/>\n<meta property=\"og:title\" content=\"COMPRAR ADIPOWER CTRL MTW PRO EDT 2024 ALEX RUIZ\" \/>\n<meta property=\"og:description\" content=\"La PRO-EDT Adipower CTRL MTW by \u00c1lex Ruiz es un modelo \u00fanico y exclusivo. Agrupa todas las tecnolog\u00edas de Multiweight y los materiales de mayor calidad para alcanzar la excelencia.\" \/>\n<meta property=\"og:url\" content=\"https:\/\/revolutionpadelstore.com\/en\/adidas-adipower-ctrl-mtw-pro-edt-2024-alex-ruiz\/\" \/>\n<meta property=\"og:site_name\" content=\"Revolution Padel Store\" \/>\n<meta property=\"article:modified_time\" content=\"2026-04-08T09:16:15+00:00\" \/>\n<meta property=\"og:image\" content=\"https:\/\/revolutionpadelstore.com\/wp-content\/uploads\/2024\/06\/adidas-adipower-ctrl-mtw-pro-edt-2024.png\" \/>\n\t<meta property=\"og:image:width\" content=\"900\" \/>\n\t<meta property=\"og:image:height\" content=\"900\" \/>\n\t<meta property=\"og:image:type\" content=\"image\/png\" \/>\n<meta name=\"twitter:card\" content=\"summary_large_image\" \/>\n<meta name=\"twitter:label1\" content=\"Est. reading time\" \/>\n\t<meta name=\"twitter:data1\" content=\"2 minutes\" \/>\n<script type=\"application\/ld+json\" class=\"yoast-schema-graph\">{\"@context\":\"https:\\\/\\\/schema.org\",\"@graph\":[{\"@type\":\"WebPage\",\"@id\":\"https:\\\/\\\/revolutionpadelstore.com\\\/en\\\/adidas-adipower-ctrl-mtw-pro-edt-2024-alex-ruiz\\\/\",\"url\":\"https:\\\/\\\/revolutionpadelstore.com\\\/en\\\/adidas-adipower-ctrl-mtw-pro-edt-2024-alex-ruiz\\\/\",\"name\":\"ADIDAS ADIPOWER CTRL MTW PRO EDT 2024 ALEX RUIZ - Revolution Padel Store\",\"isPartOf\":{\"@id\":\"https:\\\/\\\/revolutionpadelstore.com\\\/en\\\/#website\"},\"primaryImageOfPage\":{\"@id\":\"https:\\\/\\\/revolutionpadelstore.com\\\/en\\\/adidas-adipower-ctrl-mtw-pro-edt-2024-alex-ruiz\\\/#primaryimage\"},\"image\":{\"@id\":\"https:\\\/\\\/revolutionpadelstore.com\\\/en\\\/adidas-adipower-ctrl-mtw-pro-edt-2024-alex-ruiz\\\/#primaryimage\"},\"thumbnailUrl\":\"https:\\\/\\\/revolutionpadelstore.com\\\/wp-content\\\/uploads\\\/2024\\\/06\\\/adidas-adipower-ctrl-mtw-pro-edt-2024.png\",\"datePublished\":\"2024-06-18T12:51:16+00:00\",\"dateModified\":\"2026-04-08T09:16:15+00:00\",\"description\":\"La PRO-EDT Adipower CTRL MTW by \u00c1lex Ruiz es un modelo \u00fanico y exclusivo. Agrupa todas las tecnolog\u00edas de Multiweight y los materiales de mayor calidad para alcanzar la excelencia.\",\"breadcrumb\":{\"@id\":\"https:\\\/\\\/revolutionpadelstore.com\\\/en\\\/adidas-adipower-ctrl-mtw-pro-edt-2024-alex-ruiz\\\/#breadcrumb\"},\"inLanguage\":\"en-US\",\"potentialAction\":[{\"@type\":\"ReadAction\",\"target\":[\"https:\\\/\\\/revolutionpadelstore.com\\\/en\\\/adidas-adipower-ctrl-mtw-pro-edt-2024-alex-ruiz\\\/\"]}]},{\"@type\":\"ImageObject\",\"inLanguage\":\"en-US\",\"@id\":\"https:\\\/\\\/revolutionpadelstore.com\\\/en\\\/adidas-adipower-ctrl-mtw-pro-edt-2024-alex-ruiz\\\/#primaryimage\",\"url\":\"https:\\\/\\\/revolutionpadelstore.com\\\/wp-content\\\/uploads\\\/2024\\\/06\\\/adidas-adipower-ctrl-mtw-pro-edt-2024.png\",\"contentUrl\":\"https:\\\/\\\/revolutionpadelstore.com\\\/wp-content\\\/uploads\\\/2024\\\/06\\\/adidas-adipower-ctrl-mtw-pro-edt-2024.png\",\"width\":900,\"height\":900},{\"@type\":\"BreadcrumbList\",\"@id\":\"https:\\\/\\\/revolutionpadelstore.com\\\/en\\\/adidas-adipower-ctrl-mtw-pro-edt-2024-alex-ruiz\\\/#breadcrumb\",\"itemListElement\":[{\"@type\":\"ListItem\",\"position\":1,\"name\":\"Portada\",\"item\":\"https:\\\/\\\/revolutionpadelstore.com\\\/en\\\/\"},{\"@type\":\"ListItem\",\"position\":2,\"name\":\"Shop\",\"item\":\"https:\\\/\\\/revolutionpadelstore.com\\\/en\\\/shop\\\/\"},{\"@type\":\"ListItem\",\"position\":3,\"name\":\"ADIDAS ADIPOWER CTRL MTW PRO EDT 2024 ALEX RUIZ\"}]},{\"@type\":\"WebSite\",\"@id\":\"https:\\\/\\\/revolutionpadelstore.com\\\/en\\\/#website\",\"url\":\"https:\\\/\\\/revolutionpadelstore.com\\\/en\\\/\",\"name\":\"Revolution Padel Store\",\"description\":\"\",\"publisher\":{\"@id\":\"https:\\\/\\\/revolutionpadelstore.com\\\/en\\\/#organization\"},\"potentialAction\":[{\"@type\":\"SearchAction\",\"target\":{\"@type\":\"EntryPoint\",\"urlTemplate\":\"https:\\\/\\\/revolutionpadelstore.com\\\/en\\\/?s={search_term_string}\"},\"query-input\":{\"@type\":\"PropertyValueSpecification\",\"valueRequired\":true,\"valueName\":\"search_term_string\"}}],\"inLanguage\":\"en-US\"},{\"@type\":\"Organization\",\"@id\":\"https:\\\/\\\/revolutionpadelstore.com\\\/en\\\/#organization\",\"name\":\"Revolution Padel Store\",\"url\":\"https:\\\/\\\/revolutionpadelstore.com\\\/en\\\/\",\"logo\":{\"@type\":\"ImageObject\",\"inLanguage\":\"en-US\",\"@id\":\"https:\\\/\\\/revolutionpadelstore.com\\\/en\\\/#\\\/schema\\\/logo\\\/image\\\/\",\"url\":\"https:\\\/\\\/revolutionpadelstore.com\\\/wp-content\\\/uploads\\\/2026\\\/02\\\/revolution-padel-store.jpg\",\"contentUrl\":\"https:\\\/\\\/revolutionpadelstore.com\\\/wp-content\\\/uploads\\\/2026\\\/02\\\/revolution-padel-store.jpg\",\"width\":2000,\"height\":2000,\"caption\":\"Revolution Padel Store\"},\"image\":{\"@id\":\"https:\\\/\\\/revolutionpadelstore.com\\\/en\\\/#\\\/schema\\\/logo\\\/image\\\/\"},\"sameAs\":[\"https:\\\/\\\/www.instagram.com\\\/revolutionpadelstore\\\/\"]}]}<\/script>\n<!-- \/ Yoast SEO plugin. -->","yoast_head_json":{"title":"ADIDAS ADIPOWER CTRL MTW PRO EDT 2024 ALEX RUIZ - Revolution Padel Store","description":"La PRO-EDT Adipower CTRL MTW by \u00c1lex Ruiz es un modelo \u00fanico y exclusivo. Agrupa todas las tecnolog\u00edas de Multiweight y los materiales de mayor calidad para alcanzar la excelencia.","robots":{"index":"index","follow":"follow","max-snippet":"max-snippet:-1","max-image-preview":"max-image-preview:large","max-video-preview":"max-video-preview:-1"},"canonical":"https:\/\/revolutionpadelstore.com\/en\/adidas-adipower-ctrl-mtw-pro-edt-2024-alex-ruiz\/","og_locale":"en_US","og_type":"article","og_title":"COMPRAR ADIPOWER CTRL MTW PRO EDT 2024 ALEX RUIZ","og_description":"La PRO-EDT Adipower CTRL MTW by \u00c1lex Ruiz es un modelo \u00fanico y exclusivo. Agrupa todas las tecnolog\u00edas de Multiweight y los materiales de mayor calidad para alcanzar la excelencia.","og_url":"https:\/\/revolutionpadelstore.com\/en\/adidas-adipower-ctrl-mtw-pro-edt-2024-alex-ruiz\/","og_site_name":"Revolution Padel Store","article_modified_time":"2026-04-08T09:16:15+00:00","og_image":[{"width":900,"height":900,"url":"https:\/\/revolutionpadelstore.com\/wp-content\/uploads\/2024\/06\/adidas-adipower-ctrl-mtw-pro-edt-2024.png","type":"image\/png"}],"twitter_card":"summary_large_image","twitter_misc":{"Est. reading time":"2 minutes"},"schema":{"@context":"https:\/\/schema.org","@graph":[{"@type":"WebPage","@id":"https:\/\/revolutionpadelstore.com\/en\/adidas-adipower-ctrl-mtw-pro-edt-2024-alex-ruiz\/","url":"https:\/\/revolutionpadelstore.com\/en\/adidas-adipower-ctrl-mtw-pro-edt-2024-alex-ruiz\/","name":"ADIDAS ADIPOWER CTRL MTW PRO EDT 2024 ALEX RUIZ - Revolution Padel Store","isPartOf":{"@id":"https:\/\/revolutionpadelstore.com\/en\/#website"},"primaryImageOfPage":{"@id":"https:\/\/revolutionpadelstore.com\/en\/adidas-adipower-ctrl-mtw-pro-edt-2024-alex-ruiz\/#primaryimage"},"image":{"@id":"https:\/\/revolutionpadelstore.com\/en\/adidas-adipower-ctrl-mtw-pro-edt-2024-alex-ruiz\/#primaryimage"},"thumbnailUrl":"https:\/\/revolutionpadelstore.com\/wp-content\/uploads\/2024\/06\/adidas-adipower-ctrl-mtw-pro-edt-2024.png","datePublished":"2024-06-18T12:51:16+00:00","dateModified":"2026-04-08T09:16:15+00:00","description":"La PRO-EDT Adipower CTRL MTW by \u00c1lex Ruiz es un modelo \u00fanico y exclusivo. Agrupa todas las tecnolog\u00edas de Multiweight y los materiales de mayor calidad para alcanzar la excelencia.","breadcrumb":{"@id":"https:\/\/revolutionpadelstore.com\/en\/adidas-adipower-ctrl-mtw-pro-edt-2024-alex-ruiz\/#breadcrumb"},"inLanguage":"en-US","potentialAction":[{"@type":"ReadAction","target":["https:\/\/revolutionpadelstore.com\/en\/adidas-adipower-ctrl-mtw-pro-edt-2024-alex-ruiz\/"]}]},{"@type":"ImageObject","inLanguage":"en-US","@id":"https:\/\/revolutionpadelstore.com\/en\/adidas-adipower-ctrl-mtw-pro-edt-2024-alex-ruiz\/#primaryimage","url":"https:\/\/revolutionpadelstore.com\/wp-content\/uploads\/2024\/06\/adidas-adipower-ctrl-mtw-pro-edt-2024.png","contentUrl":"https:\/\/revolutionpadelstore.com\/wp-content\/uploads\/2024\/06\/adidas-adipower-ctrl-mtw-pro-edt-2024.png","width":900,"height":900},{"@type":"BreadcrumbList","@id":"https:\/\/revolutionpadelstore.com\/en\/adidas-adipower-ctrl-mtw-pro-edt-2024-alex-ruiz\/#breadcrumb","itemListElement":[{"@type":"ListItem","position":1,"name":"Portada","item":"https:\/\/revolutionpadelstore.com\/en\/"},{"@type":"ListItem","position":2,"name":"Shop","item":"https:\/\/revolutionpadelstore.com\/en\/shop\/"},{"@type":"ListItem","position":3,"name":"ADIDAS ADIPOWER CTRL MTW PRO EDT 2024 ALEX RUIZ"}]},{"@type":"WebSite","@id":"https:\/\/revolutionpadelstore.com\/en\/#website","url":"https:\/\/revolutionpadelstore.com\/en\/","name":"Revolution Padel Store","description":"","publisher":{"@id":"https:\/\/revolutionpadelstore.com\/en\/#organization"},"potentialAction":[{"@type":"SearchAction","target":{"@type":"EntryPoint","urlTemplate":"https:\/\/revolutionpadelstore.com\/en\/?s={search_term_string}"},"query-input":{"@type":"PropertyValueSpecification","valueRequired":true,"valueName":"search_term_string"}}],"inLanguage":"en-US"},{"@type":"Organization","@id":"https:\/\/revolutionpadelstore.com\/en\/#organization","name":"Revolution Padel Store","url":"https:\/\/revolutionpadelstore.com\/en\/","logo":{"@type":"ImageObject","inLanguage":"en-US","@id":"https:\/\/revolutionpadelstore.com\/en\/#\/schema\/logo\/image\/","url":"https:\/\/revolutionpadelstore.com\/wp-content\/uploads\/2026\/02\/revolution-padel-store.jpg","contentUrl":"https:\/\/revolutionpadelstore.com\/wp-content\/uploads\/2026\/02\/revolution-padel-store.jpg","width":2000,"height":2000,"caption":"Revolution Padel Store"},"image":{"@id":"https:\/\/revolutionpadelstore.com\/en\/#\/schema\/logo\/image\/"},"sameAs":["https:\/\/www.instagram.com\/revolutionpadelstore\/"]}]}},"_links":{"self":[{"href":"https:\/\/revolutionpadelstore.com\/en\/wp-json\/wp\/v2\/product\/11009","targetHints":{"allow":["GET"]}}],"collection":[{"href":"https:\/\/revolutionpadelstore.com\/en\/wp-json\/wp\/v2\/product"}],"about":[{"href":"https:\/\/revolutionpadelstore.com\/en\/wp-json\/wp\/v2\/types\/product"}],"replies":[{"embeddable":true,"href":"https:\/\/revolutionpadelstore.com\/en\/wp-json\/wp\/v2\/comments?post=11009"}],"wp:featuredmedia":[{"embeddable":true,"href":"https:\/\/revolutionpadelstore.com\/en\/wp-json\/wp\/v2\/media\/8675"}],"wp:attachment":[{"href":"https:\/\/revolutionpadelstore.com\/en\/wp-json\/wp\/v2\/media?parent=11009"}],"wp:term":[{"taxonomy":"acabado","embeddable":true,"href":"https:\/\/revolutionpadelstore.com\/en\/wp-json\/wp\/v2\/acabado?post=11009"},{"taxonomy":"balance","embeddable":true,"href":"https:\/\/revolutionpadelstore.com\/en\/wp-json\/wp\/v2\/balance?post=11009"},{"taxonomy":"dureza","embeddable":true,"href":"https:\/\/revolutionpadelstore.com\/en\/wp-json\/wp\/v2\/dureza?post=11009"},{"taxonomy":"forma","embeddable":true,"href":"https:\/\/revolutionpadelstore.com\/en\/wp-json\/wp\/v2\/forma?post=11009"},{"taxonomy":"jugador","embeddable":true,"href":"https:\/\/revolutionpadelstore.com\/en\/wp-json\/wp\/v2\/jugador?post=11009"},{"taxonomy":"marca","embeddable":true,"href":"https:\/\/revolutionpadelstore.com\/en\/wp-json\/wp\/v2\/marca?post=11009"},{"taxonomy":"nivel-de-juego","embeddable":true,"href":"https:\/\/revolutionpadelstore.com\/en\/wp-json\/wp\/v2\/nivel-de-juego?post=11009"},{"taxonomy":"superficie","embeddable":true,"href":"https:\/\/revolutionpadelstore.com\/en\/wp-json\/wp\/v2\/superficie?post=11009"},{"taxonomy":"tipo-de-juego","embeddable":true,"href":"https:\/\/revolutionpadelstore.com\/en\/wp-json\/wp\/v2\/tipo-de-juego?post=11009"},{"taxonomy":"product_brand","embeddable":true,"href":"https:\/\/revolutionpadelstore.com\/en\/wp-json\/wp\/v2\/product_brand?post=11009"},{"taxonomy":"product_cat","embeddable":true,"href":"https:\/\/revolutionpadelstore.com\/en\/wp-json\/wp\/v2\/product_cat?post=11009"},{"taxonomy":"product_tag","embeddable":true,"href":"https:\/\/revolutionpadelstore.com\/en\/wp-json\/wp\/v2\/product_tag?post=11009"}],"curies":[{"name":"wp","href":"https:\/\/api.w.org\/{rel}","templated":true}]}}