{"id":100228,"date":"2024-11-05T22:54:48","date_gmt":"2024-11-05T21:54:48","guid":{"rendered":"https:\/\/revolutionpadelstore.com\/cajon-72-pelotas-head-padel-pro\/"},"modified":"2026-04-09T14:00:04","modified_gmt":"2026-04-09T12:00:04","slug":"cajon-72-pelotas-head-padel-pro-2","status":"publish","type":"product","link":"https:\/\/revolutionpadelstore.com\/en\/cajon-72-pelotas-head-padel-pro-2\/","title":{"rendered":"CAJON 72 PELOTAS HEAD PADEL PRO+"},"content":{"rendered":"<p>With a core made from a new formula &#8211; which maintains its pressure for longer &#8211; as well as a new felt developed exclusively for padel, the HEAD PADEL PRO+ is now more durable. Plus, its thinner wall makes it easier to control. Popular among the most demanding players looking for exceptional control, it is the official ball of the Spanish Paddle Federation and is packaged in a more sustainable way with a new design that makes the tube more ecological and easy to recycle.<\/p>\n<p>\u00b7 Excellent control<br \/>\n\u00b7 Official ball of the Spanish Paddle Federation<br \/>\n\u00b7 New core formula that maintains pressure for longer<br \/>\n\u00b7 The new felt has been developed exclusively for padel and improves durability<br \/>\n\u00b7 Thinner wall for greater control<br \/>\n\u00b7 It is easier to recycle a new, more sustainable tube design<br \/>\n\u00b7 Can be made from 35% recycled PET<br \/>\n\u00b7 The sleeve is shorter and is made with polypropylene, a recyclable material<br \/>\n\u00b7 Machines easily detect PET and send the can to the correct recycling stream<\/p>\n","protected":false},"excerpt":{"rendered":"<p>With a core made from a new formula &#8211; which maintains its pressure for longer &#8211; as well as a new felt developed exclusively for padel, the HEAD PADEL PRO+ is now more durable.<\/p>\n","protected":false},"featured_media":100191,"comment_status":"open","ping_status":"closed","template":"","meta":{"_acf_changed":false,"_joinchat":[]},"acabado":[],"balance":[],"dureza":[],"forma":[],"jugador":[],"marca":[1223],"nivel-de-juego":[],"superficie":[],"tipo-de-juego":[],"product_brand":[],"product_cat":[607],"product_tag":[],"class_list":{"0":"post-100228","1":"product","2":"type-product","3":"status-publish","4":"has-post-thumbnail","6":"marca-head-en","7":"product_cat-balls","9":"first","10":"instock","11":"sale","12":"taxable","13":"shipping-taxable","14":"purchasable","15":"product-type-simple"},"acf":[],"yoast_head":"<!-- This site is optimized with the Yoast SEO plugin v27.4 - https:\/\/yoast.com\/product\/yoast-seo-wordpress\/ -->\n<title>CAJON 72 PELOTAS HEAD PADEL PRO+ - Revolution Padel Store<\/title>\n<meta name=\"description\" content=\"Con un n\u00facleo fabricado a partir de una nueva f\u00f3rmula -que mantiene su presi\u00f3n durante m\u00e1s tiempo-, adem\u00e1s de un nuevo fieltro desarrollado exclusivamente para p\u00e1del, la HEAD PADEL PRO+ es ahora m\u00e1s duradera. Adem\u00e1s, su pared m\u00e1s delgada hace que sea m\u00e1s f\u00e1cil de controlar. Popular entre los jugadores m\u00e1s exigentes que buscan un control excepcional, es la pelota oficial de la Federaci\u00f3n Espa\u00f1ola de P\u00e1del y est\u00e1 envasada de forma m\u00e1s sostenible con un nuevo dise\u00f1o que hace que el tubo sea m\u00e1s ecol\u00f3gico y f\u00e1cil de reciclar.\" \/>\n<meta name=\"robots\" content=\"index, follow, max-snippet:-1, max-image-preview:large, max-video-preview:-1\" \/>\n<link rel=\"canonical\" href=\"https:\/\/revolutionpadelstore.com\/en\/cajon-72-pelotas-head-padel-pro-2\/\" \/>\n<meta property=\"og:locale\" content=\"en_US\" \/>\n<meta property=\"og:type\" content=\"article\" \/>\n<meta property=\"og:title\" content=\"CAJON 72 PELOTAS HEAD PADEL PRO+ - Revolution Padel Store\" \/>\n<meta property=\"og:description\" content=\"Con un n\u00facleo fabricado a partir de una nueva f\u00f3rmula -que mantiene su presi\u00f3n durante m\u00e1s tiempo-, adem\u00e1s de un nuevo fieltro desarrollado exclusivamente para p\u00e1del, la HEAD PADEL PRO+ es ahora m\u00e1s duradera. Adem\u00e1s, su pared m\u00e1s delgada hace que sea m\u00e1s f\u00e1cil de controlar. Popular entre los jugadores m\u00e1s exigentes que buscan un control excepcional, es la pelota oficial de la Federaci\u00f3n Espa\u00f1ola de P\u00e1del y est\u00e1 envasada de forma m\u00e1s sostenible con un nuevo dise\u00f1o que hace que el tubo sea m\u00e1s ecol\u00f3gico y f\u00e1cil de reciclar.\" \/>\n<meta property=\"og:url\" content=\"https:\/\/revolutionpadelstore.com\/en\/cajon-72-pelotas-head-padel-pro-2\/\" \/>\n<meta property=\"og:site_name\" content=\"Revolution Padel Store\" \/>\n<meta property=\"article:modified_time\" content=\"2026-04-09T12:00:04+00:00\" \/>\n<meta property=\"og:image\" content=\"https:\/\/revolutionpadelstore.com\/wp-content\/uploads\/2024\/11\/cajon-72-pelotas-24-botes-de-3-uds-head-padel-pro-1000x1000-1.webp\" \/>\n\t<meta property=\"og:image:width\" content=\"1000\" \/>\n\t<meta property=\"og:image:height\" content=\"1000\" \/>\n\t<meta property=\"og:image:type\" content=\"image\/webp\" \/>\n<meta name=\"twitter:card\" content=\"summary_large_image\" \/>\n<meta name=\"twitter:label1\" content=\"Est. reading time\" \/>\n\t<meta name=\"twitter:data1\" content=\"2 minutes\" \/>\n<script type=\"application\/ld+json\" class=\"yoast-schema-graph\">{\"@context\":\"https:\\\/\\\/schema.org\",\"@graph\":[{\"@type\":\"WebPage\",\"@id\":\"https:\\\/\\\/revolutionpadelstore.com\\\/en\\\/cajon-72-pelotas-head-padel-pro-2\\\/\",\"url\":\"https:\\\/\\\/revolutionpadelstore.com\\\/en\\\/cajon-72-pelotas-head-padel-pro-2\\\/\",\"name\":\"CAJON 72 PELOTAS HEAD PADEL PRO+ - Revolution Padel Store\",\"isPartOf\":{\"@id\":\"https:\\\/\\\/revolutionpadelstore.com\\\/en\\\/#website\"},\"primaryImageOfPage\":{\"@id\":\"https:\\\/\\\/revolutionpadelstore.com\\\/en\\\/cajon-72-pelotas-head-padel-pro-2\\\/#primaryimage\"},\"image\":{\"@id\":\"https:\\\/\\\/revolutionpadelstore.com\\\/en\\\/cajon-72-pelotas-head-padel-pro-2\\\/#primaryimage\"},\"thumbnailUrl\":\"https:\\\/\\\/revolutionpadelstore.com\\\/wp-content\\\/uploads\\\/2024\\\/11\\\/cajon-72-pelotas-24-botes-de-3-uds-head-padel-pro-1000x1000-1.webp\",\"datePublished\":\"2024-11-05T21:54:48+00:00\",\"dateModified\":\"2026-04-09T12:00:04+00:00\",\"description\":\"Con un n\u00facleo fabricado a partir de una nueva f\u00f3rmula -que mantiene su presi\u00f3n durante m\u00e1s tiempo-, adem\u00e1s de un nuevo fieltro desarrollado exclusivamente para p\u00e1del, la HEAD PADEL PRO+ es ahora m\u00e1s duradera. Adem\u00e1s, su pared m\u00e1s delgada hace que sea m\u00e1s f\u00e1cil de controlar. Popular entre los jugadores m\u00e1s exigentes que buscan un control excepcional, es la pelota oficial de la Federaci\u00f3n Espa\u00f1ola de P\u00e1del y est\u00e1 envasada de forma m\u00e1s sostenible con un nuevo dise\u00f1o que hace que el tubo sea m\u00e1s ecol\u00f3gico y f\u00e1cil de reciclar.\",\"breadcrumb\":{\"@id\":\"https:\\\/\\\/revolutionpadelstore.com\\\/en\\\/cajon-72-pelotas-head-padel-pro-2\\\/#breadcrumb\"},\"inLanguage\":\"en-US\",\"potentialAction\":[{\"@type\":\"ReadAction\",\"target\":[\"https:\\\/\\\/revolutionpadelstore.com\\\/en\\\/cajon-72-pelotas-head-padel-pro-2\\\/\"]}]},{\"@type\":\"ImageObject\",\"inLanguage\":\"en-US\",\"@id\":\"https:\\\/\\\/revolutionpadelstore.com\\\/en\\\/cajon-72-pelotas-head-padel-pro-2\\\/#primaryimage\",\"url\":\"https:\\\/\\\/revolutionpadelstore.com\\\/wp-content\\\/uploads\\\/2024\\\/11\\\/cajon-72-pelotas-24-botes-de-3-uds-head-padel-pro-1000x1000-1.webp\",\"contentUrl\":\"https:\\\/\\\/revolutionpadelstore.com\\\/wp-content\\\/uploads\\\/2024\\\/11\\\/cajon-72-pelotas-24-botes-de-3-uds-head-padel-pro-1000x1000-1.webp\",\"width\":1000,\"height\":1000},{\"@type\":\"BreadcrumbList\",\"@id\":\"https:\\\/\\\/revolutionpadelstore.com\\\/en\\\/cajon-72-pelotas-head-padel-pro-2\\\/#breadcrumb\",\"itemListElement\":[{\"@type\":\"ListItem\",\"position\":1,\"name\":\"Portada\",\"item\":\"https:\\\/\\\/revolutionpadelstore.com\\\/en\\\/\"},{\"@type\":\"ListItem\",\"position\":2,\"name\":\"Shop\",\"item\":\"https:\\\/\\\/revolutionpadelstore.com\\\/en\\\/shop\\\/\"},{\"@type\":\"ListItem\",\"position\":3,\"name\":\"CAJON 72 PELOTAS HEAD PADEL PRO+\"}]},{\"@type\":\"WebSite\",\"@id\":\"https:\\\/\\\/revolutionpadelstore.com\\\/en\\\/#website\",\"url\":\"https:\\\/\\\/revolutionpadelstore.com\\\/en\\\/\",\"name\":\"Revolution Padel Store\",\"description\":\"\",\"publisher\":{\"@id\":\"https:\\\/\\\/revolutionpadelstore.com\\\/en\\\/#organization\"},\"potentialAction\":[{\"@type\":\"SearchAction\",\"target\":{\"@type\":\"EntryPoint\",\"urlTemplate\":\"https:\\\/\\\/revolutionpadelstore.com\\\/en\\\/?s={search_term_string}\"},\"query-input\":{\"@type\":\"PropertyValueSpecification\",\"valueRequired\":true,\"valueName\":\"search_term_string\"}}],\"inLanguage\":\"en-US\"},{\"@type\":\"Organization\",\"@id\":\"https:\\\/\\\/revolutionpadelstore.com\\\/en\\\/#organization\",\"name\":\"Revolution Padel Store\",\"url\":\"https:\\\/\\\/revolutionpadelstore.com\\\/en\\\/\",\"logo\":{\"@type\":\"ImageObject\",\"inLanguage\":\"en-US\",\"@id\":\"https:\\\/\\\/revolutionpadelstore.com\\\/en\\\/#\\\/schema\\\/logo\\\/image\\\/\",\"url\":\"https:\\\/\\\/revolutionpadelstore.com\\\/wp-content\\\/uploads\\\/2026\\\/02\\\/revolution-padel-store.jpg\",\"contentUrl\":\"https:\\\/\\\/revolutionpadelstore.com\\\/wp-content\\\/uploads\\\/2026\\\/02\\\/revolution-padel-store.jpg\",\"width\":2000,\"height\":2000,\"caption\":\"Revolution Padel Store\"},\"image\":{\"@id\":\"https:\\\/\\\/revolutionpadelstore.com\\\/en\\\/#\\\/schema\\\/logo\\\/image\\\/\"},\"sameAs\":[\"https:\\\/\\\/www.instagram.com\\\/revolutionpadelstore\\\/\"]}]}<\/script>\n<!-- \/ Yoast SEO plugin. -->","yoast_head_json":{"title":"CAJON 72 PELOTAS HEAD PADEL PRO+ - Revolution Padel Store","description":"Con un n\u00facleo fabricado a partir de una nueva f\u00f3rmula -que mantiene su presi\u00f3n durante m\u00e1s tiempo-, adem\u00e1s de un nuevo fieltro desarrollado exclusivamente para p\u00e1del, la HEAD PADEL PRO+ es ahora m\u00e1s duradera. Adem\u00e1s, su pared m\u00e1s delgada hace que sea m\u00e1s f\u00e1cil de controlar. Popular entre los jugadores m\u00e1s exigentes que buscan un control excepcional, es la pelota oficial de la Federaci\u00f3n Espa\u00f1ola de P\u00e1del y est\u00e1 envasada de forma m\u00e1s sostenible con un nuevo dise\u00f1o que hace que el tubo sea m\u00e1s ecol\u00f3gico y f\u00e1cil de reciclar.","robots":{"index":"index","follow":"follow","max-snippet":"max-snippet:-1","max-image-preview":"max-image-preview:large","max-video-preview":"max-video-preview:-1"},"canonical":"https:\/\/revolutionpadelstore.com\/en\/cajon-72-pelotas-head-padel-pro-2\/","og_locale":"en_US","og_type":"article","og_title":"CAJON 72 PELOTAS HEAD PADEL PRO+ - Revolution Padel Store","og_description":"Con un n\u00facleo fabricado a partir de una nueva f\u00f3rmula -que mantiene su presi\u00f3n durante m\u00e1s tiempo-, adem\u00e1s de un nuevo fieltro desarrollado exclusivamente para p\u00e1del, la HEAD PADEL PRO+ es ahora m\u00e1s duradera. Adem\u00e1s, su pared m\u00e1s delgada hace que sea m\u00e1s f\u00e1cil de controlar. Popular entre los jugadores m\u00e1s exigentes que buscan un control excepcional, es la pelota oficial de la Federaci\u00f3n Espa\u00f1ola de P\u00e1del y est\u00e1 envasada de forma m\u00e1s sostenible con un nuevo dise\u00f1o que hace que el tubo sea m\u00e1s ecol\u00f3gico y f\u00e1cil de reciclar.","og_url":"https:\/\/revolutionpadelstore.com\/en\/cajon-72-pelotas-head-padel-pro-2\/","og_site_name":"Revolution Padel Store","article_modified_time":"2026-04-09T12:00:04+00:00","og_image":[{"width":1000,"height":1000,"url":"https:\/\/revolutionpadelstore.com\/wp-content\/uploads\/2024\/11\/cajon-72-pelotas-24-botes-de-3-uds-head-padel-pro-1000x1000-1.webp","type":"image\/webp"}],"twitter_card":"summary_large_image","twitter_misc":{"Est. reading time":"2 minutes"},"schema":{"@context":"https:\/\/schema.org","@graph":[{"@type":"WebPage","@id":"https:\/\/revolutionpadelstore.com\/en\/cajon-72-pelotas-head-padel-pro-2\/","url":"https:\/\/revolutionpadelstore.com\/en\/cajon-72-pelotas-head-padel-pro-2\/","name":"CAJON 72 PELOTAS HEAD PADEL PRO+ - Revolution Padel Store","isPartOf":{"@id":"https:\/\/revolutionpadelstore.com\/en\/#website"},"primaryImageOfPage":{"@id":"https:\/\/revolutionpadelstore.com\/en\/cajon-72-pelotas-head-padel-pro-2\/#primaryimage"},"image":{"@id":"https:\/\/revolutionpadelstore.com\/en\/cajon-72-pelotas-head-padel-pro-2\/#primaryimage"},"thumbnailUrl":"https:\/\/revolutionpadelstore.com\/wp-content\/uploads\/2024\/11\/cajon-72-pelotas-24-botes-de-3-uds-head-padel-pro-1000x1000-1.webp","datePublished":"2024-11-05T21:54:48+00:00","dateModified":"2026-04-09T12:00:04+00:00","description":"Con un n\u00facleo fabricado a partir de una nueva f\u00f3rmula -que mantiene su presi\u00f3n durante m\u00e1s tiempo-, adem\u00e1s de un nuevo fieltro desarrollado exclusivamente para p\u00e1del, la HEAD PADEL PRO+ es ahora m\u00e1s duradera. Adem\u00e1s, su pared m\u00e1s delgada hace que sea m\u00e1s f\u00e1cil de controlar. Popular entre los jugadores m\u00e1s exigentes que buscan un control excepcional, es la pelota oficial de la Federaci\u00f3n Espa\u00f1ola de P\u00e1del y est\u00e1 envasada de forma m\u00e1s sostenible con un nuevo dise\u00f1o que hace que el tubo sea m\u00e1s ecol\u00f3gico y f\u00e1cil de reciclar.","breadcrumb":{"@id":"https:\/\/revolutionpadelstore.com\/en\/cajon-72-pelotas-head-padel-pro-2\/#breadcrumb"},"inLanguage":"en-US","potentialAction":[{"@type":"ReadAction","target":["https:\/\/revolutionpadelstore.com\/en\/cajon-72-pelotas-head-padel-pro-2\/"]}]},{"@type":"ImageObject","inLanguage":"en-US","@id":"https:\/\/revolutionpadelstore.com\/en\/cajon-72-pelotas-head-padel-pro-2\/#primaryimage","url":"https:\/\/revolutionpadelstore.com\/wp-content\/uploads\/2024\/11\/cajon-72-pelotas-24-botes-de-3-uds-head-padel-pro-1000x1000-1.webp","contentUrl":"https:\/\/revolutionpadelstore.com\/wp-content\/uploads\/2024\/11\/cajon-72-pelotas-24-botes-de-3-uds-head-padel-pro-1000x1000-1.webp","width":1000,"height":1000},{"@type":"BreadcrumbList","@id":"https:\/\/revolutionpadelstore.com\/en\/cajon-72-pelotas-head-padel-pro-2\/#breadcrumb","itemListElement":[{"@type":"ListItem","position":1,"name":"Portada","item":"https:\/\/revolutionpadelstore.com\/en\/"},{"@type":"ListItem","position":2,"name":"Shop","item":"https:\/\/revolutionpadelstore.com\/en\/shop\/"},{"@type":"ListItem","position":3,"name":"CAJON 72 PELOTAS HEAD PADEL PRO+"}]},{"@type":"WebSite","@id":"https:\/\/revolutionpadelstore.com\/en\/#website","url":"https:\/\/revolutionpadelstore.com\/en\/","name":"Revolution Padel Store","description":"","publisher":{"@id":"https:\/\/revolutionpadelstore.com\/en\/#organization"},"potentialAction":[{"@type":"SearchAction","target":{"@type":"EntryPoint","urlTemplate":"https:\/\/revolutionpadelstore.com\/en\/?s={search_term_string}"},"query-input":{"@type":"PropertyValueSpecification","valueRequired":true,"valueName":"search_term_string"}}],"inLanguage":"en-US"},{"@type":"Organization","@id":"https:\/\/revolutionpadelstore.com\/en\/#organization","name":"Revolution Padel Store","url":"https:\/\/revolutionpadelstore.com\/en\/","logo":{"@type":"ImageObject","inLanguage":"en-US","@id":"https:\/\/revolutionpadelstore.com\/en\/#\/schema\/logo\/image\/","url":"https:\/\/revolutionpadelstore.com\/wp-content\/uploads\/2026\/02\/revolution-padel-store.jpg","contentUrl":"https:\/\/revolutionpadelstore.com\/wp-content\/uploads\/2026\/02\/revolution-padel-store.jpg","width":2000,"height":2000,"caption":"Revolution Padel Store"},"image":{"@id":"https:\/\/revolutionpadelstore.com\/en\/#\/schema\/logo\/image\/"},"sameAs":["https:\/\/www.instagram.com\/revolutionpadelstore\/"]}]}},"_links":{"self":[{"href":"https:\/\/revolutionpadelstore.com\/en\/wp-json\/wp\/v2\/product\/100228","targetHints":{"allow":["GET"]}}],"collection":[{"href":"https:\/\/revolutionpadelstore.com\/en\/wp-json\/wp\/v2\/product"}],"about":[{"href":"https:\/\/revolutionpadelstore.com\/en\/wp-json\/wp\/v2\/types\/product"}],"replies":[{"embeddable":true,"href":"https:\/\/revolutionpadelstore.com\/en\/wp-json\/wp\/v2\/comments?post=100228"}],"wp:featuredmedia":[{"embeddable":true,"href":"https:\/\/revolutionpadelstore.com\/en\/wp-json\/wp\/v2\/media\/100191"}],"wp:attachment":[{"href":"https:\/\/revolutionpadelstore.com\/en\/wp-json\/wp\/v2\/media?parent=100228"}],"wp:term":[{"taxonomy":"acabado","embeddable":true,"href":"https:\/\/revolutionpadelstore.com\/en\/wp-json\/wp\/v2\/acabado?post=100228"},{"taxonomy":"balance","embeddable":true,"href":"https:\/\/revolutionpadelstore.com\/en\/wp-json\/wp\/v2\/balance?post=100228"},{"taxonomy":"dureza","embeddable":true,"href":"https:\/\/revolutionpadelstore.com\/en\/wp-json\/wp\/v2\/dureza?post=100228"},{"taxonomy":"forma","embeddable":true,"href":"https:\/\/revolutionpadelstore.com\/en\/wp-json\/wp\/v2\/forma?post=100228"},{"taxonomy":"jugador","embeddable":true,"href":"https:\/\/revolutionpadelstore.com\/en\/wp-json\/wp\/v2\/jugador?post=100228"},{"taxonomy":"marca","embeddable":true,"href":"https:\/\/revolutionpadelstore.com\/en\/wp-json\/wp\/v2\/marca?post=100228"},{"taxonomy":"nivel-de-juego","embeddable":true,"href":"https:\/\/revolutionpadelstore.com\/en\/wp-json\/wp\/v2\/nivel-de-juego?post=100228"},{"taxonomy":"superficie","embeddable":true,"href":"https:\/\/revolutionpadelstore.com\/en\/wp-json\/wp\/v2\/superficie?post=100228"},{"taxonomy":"tipo-de-juego","embeddable":true,"href":"https:\/\/revolutionpadelstore.com\/en\/wp-json\/wp\/v2\/tipo-de-juego?post=100228"},{"taxonomy":"product_brand","embeddable":true,"href":"https:\/\/revolutionpadelstore.com\/en\/wp-json\/wp\/v2\/product_brand?post=100228"},{"taxonomy":"product_cat","embeddable":true,"href":"https:\/\/revolutionpadelstore.com\/en\/wp-json\/wp\/v2\/product_cat?post=100228"},{"taxonomy":"product_tag","embeddable":true,"href":"https:\/\/revolutionpadelstore.com\/en\/wp-json\/wp\/v2\/product_tag?post=100228"}],"curies":[{"name":"wp","href":"https:\/\/api.w.org\/{rel}","templated":true}]}}