{"id":100223,"date":"2024-11-05T23:01:52","date_gmt":"2024-11-05T22:01:52","guid":{"rendered":"https:\/\/revolutionpadelstore.com\/cajon-72-pelotas-head-padel-pro-s\/"},"modified":"2026-04-21T14:00:05","modified_gmt":"2026-04-21T12:00:05","slug":"cajon-72-pelotas-head-padel-pro-s-2","status":"publish","type":"product","link":"https:\/\/revolutionpadelstore.com\/en\/cajon-72-pelotas-head-padel-pro-s-2\/","title":{"rendered":"CAJON 72 PELOTAS HEAD PADEL PRO S+"},"content":{"rendered":"<p>Do you want more speed and excitement on the track? The HEAD PADEL PRO S+ ball, with greater hardness and rebound, allows for a much faster game and is easier to get out x3 and x4 with maximum power. For extra durability, the core has been manufactured from a new formula, which means this competition ball will maintain its pressure for longer during the game. The new felt \u2013 developed exclusively for padel \u2013 also improves the durability of the ball so you can continue playing fast for longer. To reduce environmental impact, the HEAD PADEL PRO S+ is supplied in more sustainable packaging, the elements of which can be easily separated for recycling. Designed for faster play<br \/>\n\u00b7 New core formula that maintains pressure for longer<br \/>\n\u00b7 The new felt has been developed exclusively for padel and improves durability<br \/>\n\u00b7 It is easier to recycle a new, more sustainable tube design<br \/>\n\u00b7 Can be made from 35% recycled PET<br \/>\n\u00b7 The sleeve is shorter and is made with polypropylene, a recyclable material<br \/>\n\u00b7 Machines easily detect PET and send the can to the correct recycling stream<\/p>\n","protected":false},"excerpt":{"rendered":"<p><span class=\"ng-binding\">Do you want more speed and excitement on the track? The HEAD PADEL PRO S+ ball, with greater hardness and rebound, allows for a much faster game and is easier to get out x3 and x4 with maximum power<\/span><\/p>\n","protected":false},"featured_media":100197,"comment_status":"open","ping_status":"closed","template":"","meta":{"_acf_changed":false,"_joinchat":[]},"acabado":[],"balance":[],"dureza":[],"forma":[],"jugador":[],"marca":[1223],"nivel-de-juego":[],"superficie":[],"tipo-de-juego":[],"product_brand":[],"product_cat":[607],"product_tag":[],"class_list":{"0":"post-100223","1":"product","2":"type-product","3":"status-publish","4":"has-post-thumbnail","6":"marca-head-en","7":"product_cat-balls","9":"first","10":"instock","11":"sale","12":"taxable","13":"shipping-taxable","14":"purchasable","15":"product-type-simple"},"acf":[],"yoast_head":"<!-- This site is optimized with the Yoast SEO plugin v27.4 - https:\/\/yoast.com\/product\/yoast-seo-wordpress\/ -->\n<title>CAJON 72 PELOTAS HEAD PADEL PRO S+ - Revolution Padel Store<\/title>\n<meta name=\"description\" content=\"\u00bfQuieres m\u00e1s velocidad y emoci\u00f3n en la pista? La pelota HEAD PADEL PRO S+, con mayor dureza y rebote, permite un juego mucho m\u00e1s r\u00e1pido y es m\u00e1s f\u00e1cil sacarla x3 y x4 con la m\u00e1xima potencia. Para un extra de durabilidad, el n\u00facleo se ha fabricado a partir de una nueva f\u00f3rmula, lo que se traduce, en que esta pelota de competici\u00f3n mantendr\u00e1 su presi\u00f3n durante m\u00e1s tiempo durante el juego\" \/>\n<meta name=\"robots\" content=\"index, follow, max-snippet:-1, max-image-preview:large, max-video-preview:-1\" \/>\n<link rel=\"canonical\" href=\"https:\/\/revolutionpadelstore.com\/en\/cajon-72-pelotas-head-padel-pro-s-2\/\" \/>\n<meta property=\"og:locale\" content=\"en_US\" \/>\n<meta property=\"og:type\" content=\"article\" \/>\n<meta property=\"og:title\" content=\"CAJON 72 PELOTAS HEAD PADEL PRO S+ - Revolution Padel Store\" \/>\n<meta property=\"og:description\" content=\"\u00bfQuieres m\u00e1s velocidad y emoci\u00f3n en la pista? La pelota HEAD PADEL PRO S+, con mayor dureza y rebote, permite un juego mucho m\u00e1s r\u00e1pido y es m\u00e1s f\u00e1cil sacarla x3 y x4 con la m\u00e1xima potencia. Para un extra de durabilidad, el n\u00facleo se ha fabricado a partir de una nueva f\u00f3rmula, lo que se traduce, en que esta pelota de competici\u00f3n mantendr\u00e1 su presi\u00f3n durante m\u00e1s tiempo durante el juego\" \/>\n<meta property=\"og:url\" content=\"https:\/\/revolutionpadelstore.com\/en\/cajon-72-pelotas-head-padel-pro-s-2\/\" \/>\n<meta property=\"og:site_name\" content=\"Revolution Padel Store\" \/>\n<meta property=\"article:modified_time\" content=\"2026-04-21T12:00:05+00:00\" \/>\n<meta property=\"og:image\" content=\"https:\/\/revolutionpadelstore.com\/wp-content\/uploads\/2024\/11\/cajon-72-pelotas-24-botes-de-3-uds-head-padel-pro-s-1100x1100-1.webp\" \/>\n\t<meta property=\"og:image:width\" content=\"1100\" \/>\n\t<meta property=\"og:image:height\" content=\"1100\" \/>\n\t<meta property=\"og:image:type\" content=\"image\/webp\" \/>\n<meta name=\"twitter:card\" content=\"summary_large_image\" \/>\n<meta name=\"twitter:label1\" content=\"Est. reading time\" \/>\n\t<meta name=\"twitter:data1\" content=\"1 minute\" \/>\n<script type=\"application\/ld+json\" class=\"yoast-schema-graph\">{\"@context\":\"https:\\\/\\\/schema.org\",\"@graph\":[{\"@type\":\"WebPage\",\"@id\":\"https:\\\/\\\/revolutionpadelstore.com\\\/en\\\/cajon-72-pelotas-head-padel-pro-s-2\\\/\",\"url\":\"https:\\\/\\\/revolutionpadelstore.com\\\/en\\\/cajon-72-pelotas-head-padel-pro-s-2\\\/\",\"name\":\"CAJON 72 PELOTAS HEAD PADEL PRO S+ - Revolution Padel Store\",\"isPartOf\":{\"@id\":\"https:\\\/\\\/revolutionpadelstore.com\\\/en\\\/#website\"},\"primaryImageOfPage\":{\"@id\":\"https:\\\/\\\/revolutionpadelstore.com\\\/en\\\/cajon-72-pelotas-head-padel-pro-s-2\\\/#primaryimage\"},\"image\":{\"@id\":\"https:\\\/\\\/revolutionpadelstore.com\\\/en\\\/cajon-72-pelotas-head-padel-pro-s-2\\\/#primaryimage\"},\"thumbnailUrl\":\"https:\\\/\\\/revolutionpadelstore.com\\\/wp-content\\\/uploads\\\/2024\\\/11\\\/cajon-72-pelotas-24-botes-de-3-uds-head-padel-pro-s-1100x1100-1.webp\",\"datePublished\":\"2024-11-05T22:01:52+00:00\",\"dateModified\":\"2026-04-21T12:00:05+00:00\",\"description\":\"\u00bfQuieres m\u00e1s velocidad y emoci\u00f3n en la pista? La pelota HEAD PADEL PRO S+, con mayor dureza y rebote, permite un juego mucho m\u00e1s r\u00e1pido y es m\u00e1s f\u00e1cil sacarla x3 y x4 con la m\u00e1xima potencia. Para un extra de durabilidad, el n\u00facleo se ha fabricado a partir de una nueva f\u00f3rmula, lo que se traduce, en que esta pelota de competici\u00f3n mantendr\u00e1 su presi\u00f3n durante m\u00e1s tiempo durante el juego\",\"breadcrumb\":{\"@id\":\"https:\\\/\\\/revolutionpadelstore.com\\\/en\\\/cajon-72-pelotas-head-padel-pro-s-2\\\/#breadcrumb\"},\"inLanguage\":\"en-US\",\"potentialAction\":[{\"@type\":\"ReadAction\",\"target\":[\"https:\\\/\\\/revolutionpadelstore.com\\\/en\\\/cajon-72-pelotas-head-padel-pro-s-2\\\/\"]}]},{\"@type\":\"ImageObject\",\"inLanguage\":\"en-US\",\"@id\":\"https:\\\/\\\/revolutionpadelstore.com\\\/en\\\/cajon-72-pelotas-head-padel-pro-s-2\\\/#primaryimage\",\"url\":\"https:\\\/\\\/revolutionpadelstore.com\\\/wp-content\\\/uploads\\\/2024\\\/11\\\/cajon-72-pelotas-24-botes-de-3-uds-head-padel-pro-s-1100x1100-1.webp\",\"contentUrl\":\"https:\\\/\\\/revolutionpadelstore.com\\\/wp-content\\\/uploads\\\/2024\\\/11\\\/cajon-72-pelotas-24-botes-de-3-uds-head-padel-pro-s-1100x1100-1.webp\",\"width\":1100,\"height\":1100},{\"@type\":\"BreadcrumbList\",\"@id\":\"https:\\\/\\\/revolutionpadelstore.com\\\/en\\\/cajon-72-pelotas-head-padel-pro-s-2\\\/#breadcrumb\",\"itemListElement\":[{\"@type\":\"ListItem\",\"position\":1,\"name\":\"Portada\",\"item\":\"https:\\\/\\\/revolutionpadelstore.com\\\/en\\\/\"},{\"@type\":\"ListItem\",\"position\":2,\"name\":\"Shop\",\"item\":\"https:\\\/\\\/revolutionpadelstore.com\\\/en\\\/shop\\\/\"},{\"@type\":\"ListItem\",\"position\":3,\"name\":\"CAJON 72 PELOTAS HEAD PADEL PRO S+\"}]},{\"@type\":\"WebSite\",\"@id\":\"https:\\\/\\\/revolutionpadelstore.com\\\/en\\\/#website\",\"url\":\"https:\\\/\\\/revolutionpadelstore.com\\\/en\\\/\",\"name\":\"Revolution Padel Store\",\"description\":\"\",\"publisher\":{\"@id\":\"https:\\\/\\\/revolutionpadelstore.com\\\/en\\\/#organization\"},\"potentialAction\":[{\"@type\":\"SearchAction\",\"target\":{\"@type\":\"EntryPoint\",\"urlTemplate\":\"https:\\\/\\\/revolutionpadelstore.com\\\/en\\\/?s={search_term_string}\"},\"query-input\":{\"@type\":\"PropertyValueSpecification\",\"valueRequired\":true,\"valueName\":\"search_term_string\"}}],\"inLanguage\":\"en-US\"},{\"@type\":\"Organization\",\"@id\":\"https:\\\/\\\/revolutionpadelstore.com\\\/en\\\/#organization\",\"name\":\"Revolution Padel Store\",\"url\":\"https:\\\/\\\/revolutionpadelstore.com\\\/en\\\/\",\"logo\":{\"@type\":\"ImageObject\",\"inLanguage\":\"en-US\",\"@id\":\"https:\\\/\\\/revolutionpadelstore.com\\\/en\\\/#\\\/schema\\\/logo\\\/image\\\/\",\"url\":\"https:\\\/\\\/revolutionpadelstore.com\\\/wp-content\\\/uploads\\\/2026\\\/02\\\/revolution-padel-store.jpg\",\"contentUrl\":\"https:\\\/\\\/revolutionpadelstore.com\\\/wp-content\\\/uploads\\\/2026\\\/02\\\/revolution-padel-store.jpg\",\"width\":2000,\"height\":2000,\"caption\":\"Revolution Padel Store\"},\"image\":{\"@id\":\"https:\\\/\\\/revolutionpadelstore.com\\\/en\\\/#\\\/schema\\\/logo\\\/image\\\/\"},\"sameAs\":[\"https:\\\/\\\/www.instagram.com\\\/revolutionpadelstore\\\/\"]}]}<\/script>\n<!-- \/ Yoast SEO plugin. -->","yoast_head_json":{"title":"CAJON 72 PELOTAS HEAD PADEL PRO S+ - Revolution Padel Store","description":"\u00bfQuieres m\u00e1s velocidad y emoci\u00f3n en la pista? La pelota HEAD PADEL PRO S+, con mayor dureza y rebote, permite un juego mucho m\u00e1s r\u00e1pido y es m\u00e1s f\u00e1cil sacarla x3 y x4 con la m\u00e1xima potencia. Para un extra de durabilidad, el n\u00facleo se ha fabricado a partir de una nueva f\u00f3rmula, lo que se traduce, en que esta pelota de competici\u00f3n mantendr\u00e1 su presi\u00f3n durante m\u00e1s tiempo durante el juego","robots":{"index":"index","follow":"follow","max-snippet":"max-snippet:-1","max-image-preview":"max-image-preview:large","max-video-preview":"max-video-preview:-1"},"canonical":"https:\/\/revolutionpadelstore.com\/en\/cajon-72-pelotas-head-padel-pro-s-2\/","og_locale":"en_US","og_type":"article","og_title":"CAJON 72 PELOTAS HEAD PADEL PRO S+ - Revolution Padel Store","og_description":"\u00bfQuieres m\u00e1s velocidad y emoci\u00f3n en la pista? La pelota HEAD PADEL PRO S+, con mayor dureza y rebote, permite un juego mucho m\u00e1s r\u00e1pido y es m\u00e1s f\u00e1cil sacarla x3 y x4 con la m\u00e1xima potencia. Para un extra de durabilidad, el n\u00facleo se ha fabricado a partir de una nueva f\u00f3rmula, lo que se traduce, en que esta pelota de competici\u00f3n mantendr\u00e1 su presi\u00f3n durante m\u00e1s tiempo durante el juego","og_url":"https:\/\/revolutionpadelstore.com\/en\/cajon-72-pelotas-head-padel-pro-s-2\/","og_site_name":"Revolution Padel Store","article_modified_time":"2026-04-21T12:00:05+00:00","og_image":[{"width":1100,"height":1100,"url":"https:\/\/revolutionpadelstore.com\/wp-content\/uploads\/2024\/11\/cajon-72-pelotas-24-botes-de-3-uds-head-padel-pro-s-1100x1100-1.webp","type":"image\/webp"}],"twitter_card":"summary_large_image","twitter_misc":{"Est. reading time":"1 minute"},"schema":{"@context":"https:\/\/schema.org","@graph":[{"@type":"WebPage","@id":"https:\/\/revolutionpadelstore.com\/en\/cajon-72-pelotas-head-padel-pro-s-2\/","url":"https:\/\/revolutionpadelstore.com\/en\/cajon-72-pelotas-head-padel-pro-s-2\/","name":"CAJON 72 PELOTAS HEAD PADEL PRO S+ - Revolution Padel Store","isPartOf":{"@id":"https:\/\/revolutionpadelstore.com\/en\/#website"},"primaryImageOfPage":{"@id":"https:\/\/revolutionpadelstore.com\/en\/cajon-72-pelotas-head-padel-pro-s-2\/#primaryimage"},"image":{"@id":"https:\/\/revolutionpadelstore.com\/en\/cajon-72-pelotas-head-padel-pro-s-2\/#primaryimage"},"thumbnailUrl":"https:\/\/revolutionpadelstore.com\/wp-content\/uploads\/2024\/11\/cajon-72-pelotas-24-botes-de-3-uds-head-padel-pro-s-1100x1100-1.webp","datePublished":"2024-11-05T22:01:52+00:00","dateModified":"2026-04-21T12:00:05+00:00","description":"\u00bfQuieres m\u00e1s velocidad y emoci\u00f3n en la pista? La pelota HEAD PADEL PRO S+, con mayor dureza y rebote, permite un juego mucho m\u00e1s r\u00e1pido y es m\u00e1s f\u00e1cil sacarla x3 y x4 con la m\u00e1xima potencia. Para un extra de durabilidad, el n\u00facleo se ha fabricado a partir de una nueva f\u00f3rmula, lo que se traduce, en que esta pelota de competici\u00f3n mantendr\u00e1 su presi\u00f3n durante m\u00e1s tiempo durante el juego","breadcrumb":{"@id":"https:\/\/revolutionpadelstore.com\/en\/cajon-72-pelotas-head-padel-pro-s-2\/#breadcrumb"},"inLanguage":"en-US","potentialAction":[{"@type":"ReadAction","target":["https:\/\/revolutionpadelstore.com\/en\/cajon-72-pelotas-head-padel-pro-s-2\/"]}]},{"@type":"ImageObject","inLanguage":"en-US","@id":"https:\/\/revolutionpadelstore.com\/en\/cajon-72-pelotas-head-padel-pro-s-2\/#primaryimage","url":"https:\/\/revolutionpadelstore.com\/wp-content\/uploads\/2024\/11\/cajon-72-pelotas-24-botes-de-3-uds-head-padel-pro-s-1100x1100-1.webp","contentUrl":"https:\/\/revolutionpadelstore.com\/wp-content\/uploads\/2024\/11\/cajon-72-pelotas-24-botes-de-3-uds-head-padel-pro-s-1100x1100-1.webp","width":1100,"height":1100},{"@type":"BreadcrumbList","@id":"https:\/\/revolutionpadelstore.com\/en\/cajon-72-pelotas-head-padel-pro-s-2\/#breadcrumb","itemListElement":[{"@type":"ListItem","position":1,"name":"Portada","item":"https:\/\/revolutionpadelstore.com\/en\/"},{"@type":"ListItem","position":2,"name":"Shop","item":"https:\/\/revolutionpadelstore.com\/en\/shop\/"},{"@type":"ListItem","position":3,"name":"CAJON 72 PELOTAS HEAD PADEL PRO S+"}]},{"@type":"WebSite","@id":"https:\/\/revolutionpadelstore.com\/en\/#website","url":"https:\/\/revolutionpadelstore.com\/en\/","name":"Revolution Padel Store","description":"","publisher":{"@id":"https:\/\/revolutionpadelstore.com\/en\/#organization"},"potentialAction":[{"@type":"SearchAction","target":{"@type":"EntryPoint","urlTemplate":"https:\/\/revolutionpadelstore.com\/en\/?s={search_term_string}"},"query-input":{"@type":"PropertyValueSpecification","valueRequired":true,"valueName":"search_term_string"}}],"inLanguage":"en-US"},{"@type":"Organization","@id":"https:\/\/revolutionpadelstore.com\/en\/#organization","name":"Revolution Padel Store","url":"https:\/\/revolutionpadelstore.com\/en\/","logo":{"@type":"ImageObject","inLanguage":"en-US","@id":"https:\/\/revolutionpadelstore.com\/en\/#\/schema\/logo\/image\/","url":"https:\/\/revolutionpadelstore.com\/wp-content\/uploads\/2026\/02\/revolution-padel-store.jpg","contentUrl":"https:\/\/revolutionpadelstore.com\/wp-content\/uploads\/2026\/02\/revolution-padel-store.jpg","width":2000,"height":2000,"caption":"Revolution Padel Store"},"image":{"@id":"https:\/\/revolutionpadelstore.com\/en\/#\/schema\/logo\/image\/"},"sameAs":["https:\/\/www.instagram.com\/revolutionpadelstore\/"]}]}},"_links":{"self":[{"href":"https:\/\/revolutionpadelstore.com\/en\/wp-json\/wp\/v2\/product\/100223","targetHints":{"allow":["GET"]}}],"collection":[{"href":"https:\/\/revolutionpadelstore.com\/en\/wp-json\/wp\/v2\/product"}],"about":[{"href":"https:\/\/revolutionpadelstore.com\/en\/wp-json\/wp\/v2\/types\/product"}],"replies":[{"embeddable":true,"href":"https:\/\/revolutionpadelstore.com\/en\/wp-json\/wp\/v2\/comments?post=100223"}],"wp:featuredmedia":[{"embeddable":true,"href":"https:\/\/revolutionpadelstore.com\/en\/wp-json\/wp\/v2\/media\/100197"}],"wp:attachment":[{"href":"https:\/\/revolutionpadelstore.com\/en\/wp-json\/wp\/v2\/media?parent=100223"}],"wp:term":[{"taxonomy":"acabado","embeddable":true,"href":"https:\/\/revolutionpadelstore.com\/en\/wp-json\/wp\/v2\/acabado?post=100223"},{"taxonomy":"balance","embeddable":true,"href":"https:\/\/revolutionpadelstore.com\/en\/wp-json\/wp\/v2\/balance?post=100223"},{"taxonomy":"dureza","embeddable":true,"href":"https:\/\/revolutionpadelstore.com\/en\/wp-json\/wp\/v2\/dureza?post=100223"},{"taxonomy":"forma","embeddable":true,"href":"https:\/\/revolutionpadelstore.com\/en\/wp-json\/wp\/v2\/forma?post=100223"},{"taxonomy":"jugador","embeddable":true,"href":"https:\/\/revolutionpadelstore.com\/en\/wp-json\/wp\/v2\/jugador?post=100223"},{"taxonomy":"marca","embeddable":true,"href":"https:\/\/revolutionpadelstore.com\/en\/wp-json\/wp\/v2\/marca?post=100223"},{"taxonomy":"nivel-de-juego","embeddable":true,"href":"https:\/\/revolutionpadelstore.com\/en\/wp-json\/wp\/v2\/nivel-de-juego?post=100223"},{"taxonomy":"superficie","embeddable":true,"href":"https:\/\/revolutionpadelstore.com\/en\/wp-json\/wp\/v2\/superficie?post=100223"},{"taxonomy":"tipo-de-juego","embeddable":true,"href":"https:\/\/revolutionpadelstore.com\/en\/wp-json\/wp\/v2\/tipo-de-juego?post=100223"},{"taxonomy":"product_brand","embeddable":true,"href":"https:\/\/revolutionpadelstore.com\/en\/wp-json\/wp\/v2\/product_brand?post=100223"},{"taxonomy":"product_cat","embeddable":true,"href":"https:\/\/revolutionpadelstore.com\/en\/wp-json\/wp\/v2\/product_cat?post=100223"},{"taxonomy":"product_tag","embeddable":true,"href":"https:\/\/revolutionpadelstore.com\/en\/wp-json\/wp\/v2\/product_tag?post=100223"}],"curies":[{"name":"wp","href":"https:\/\/api.w.org\/{rel}","templated":true}]}}