{"id":99079,"date":"2024-10-13T09:52:44","date_gmt":"2024-10-13T07:52:44","guid":{"rendered":"https:\/\/revolutionpadelstore.com\/starvie-basalto-pro-2025\/"},"modified":"2026-04-08T10:26:36","modified_gmt":"2026-04-08T08:26:36","slug":"starvie-basalto-pro-2025","status":"publish","type":"product","link":"https:\/\/revolutionpadelstore.com\/de\/produkt\/starvie-basalto-pro-2025\/","title":{"rendered":"STARVIE BASALTO PRO 2025"},"content":{"rendered":"<p>Der <strong>StarVie Basalto Pro 2025<\/strong> ist ein High-End-Padelschl\u00e4ger, der Kontrolle und Kraft vereint und sich ideal f\u00fcr fortgeschrittene Spieler eignet. Sein tropfenf\u00f6rmiges, hoch ausbalanciertes Design erm\u00f6glicht eine gr\u00f6\u00dfere Schlagfl\u00e4che und sorgt so f\u00fcr au\u00dfergew\u00f6hnliche Vielseitigkeit auf dem Platz.<\/p>\n<h3>Hervorgehobene Funktionen:<\/h3>\n<p style=\"padding-left: 40px\"><strong>-Polivalence<\/strong>: Perfekt f\u00fcr den Wechsel zwischen kraftvollen Angriffen und kontrollierter Verteidigung und Anpassung an verschiedene Spielstile.<\/p>\n<p style=\"padding-left: 40px\"><strong>-Hochwertige Materialien<\/strong>: Der Schl\u00e4ger besteht aus einer Kombination aus Basalt und 3K Carbon und verf\u00fcgt \u00fcber eine robuste und verschlei\u00dffeste Struktur, die Haltbarkeit und gew\u00e4hrleistet Leistung.<\/p>\n<p style=\"padding-left: 40px\"><strong>-EVA PRO 50 Gummikern<\/strong>: Dieser Hartgummi erm\u00f6glicht kraftvolle und pr\u00e4zise Schl\u00e4ge und optimiert die Kontrolle bei jedem Schlag.<\/p>\n<p style=\"padding-left: 40px\"><strong>-Fortschrittliche Technologie<\/strong>: Das 38-mm-Profil und die Five-Side-Technologie verbessern die Aerodynamik, was die Steifigkeit und Gesamtleistung des Schl\u00e4gers erh\u00f6ht.<\/p>\n<p style=\"padding-left: 40px\"><strong>-Ergonomisches Design<\/strong>: Mit einem asymmetrischen Star Balance-Herz sorgt die Klinge f\u00fcr ein ausgewogenes Gewicht, w\u00e4hrend der Griff mit Noene Inside f\u00fcr Stabilit\u00e4t und komfortablen Halt sorgt. <\/p>\n<h3>Schlussfolgerung<\/h3>\n<p>Der StarVie Basalto Pro 2025 ist ideal f\u00fcr Spieler, die ihre Leistung auf dem Platz maximieren m\u00f6chten. Mit seiner Kombination aus Technologie und Materialien bietet dieser Schl\u00e4ger ein \u00fcberragendes Spielerlebnis und erleichtert sowohl den Angriff als auch die Kontrolle. Wenn Sie Ihre Technik verbessern und Ihr Spiel verbessern m\u00f6chten, ist dieser Schl\u00e4ger eine hervorragende Option. Z\u00f6gern Sie nicht, es auszuprobieren!<strong>StarVie Basalto Pro 2025<\/strong><\/p>\n","protected":false},"excerpt":{"rendered":"<p>StarVie Basalto Pro 2025, Tropfenschl\u00e4ger mit hoher Balance f\u00fcr fortgeschrittene Spieler, die Kraft im Angriff und Kontrolle in der Verteidigung suchen. Raue 3K-Carbon- und Basaltfl\u00e4chen.<\/p>\n","protected":false},"featured_media":98922,"comment_status":"open","ping_status":"closed","template":"","meta":{"_acf_changed":false,"_joinchat":[]},"acabado":[1089],"balance":[1134],"dureza":[1159],"forma":[1184],"jugador":[1189,1199],"marca":[1289],"nivel-de-juego":[1334],"superficie":[1359],"tipo-de-juego":[1384],"product_brand":[],"product_cat":[299],"product_tag":[],"class_list":{"0":"post-99079","1":"product","2":"type-product","3":"status-publish","4":"has-post-thumbnail","6":"acabado-3d-entlasten","7":"balance-hoch","8":"dureza-dura-de","9":"forma-lagrima-de","10":"jugador-mann","11":"jugador-mehrzweck","12":"marca-starvie-de","13":"superficie-rugosa-de","14":"tipo-de-juego-mehrzweck","15":"product_cat-palas-de-padel-de","17":"first","18":"instock","19":"sale","20":"taxable","21":"shipping-taxable","22":"purchasable","23":"product-type-simple"},"acf":[],"yoast_head":"<!-- This site is optimized with the Yoast SEO plugin v27.4 - https:\/\/yoast.com\/product\/yoast-seo-wordpress\/ -->\n<title>STARVIE BASALTO PRO 2025 - Revolution Padel Store<\/title>\n<meta name=\"description\" content=\"La StarVie Basalto Pro 2025 es una pala de p\u00e1del de alta gama que combina control y potencia, ideal para jugadores avanzados. Su dise\u00f1o en forma de l\u00e1grima y con balance alto permite una mayor superficie de golpeo, lo que proporciona una versatilidad excepcional en la cancha.\" \/>\n<meta name=\"robots\" content=\"index, follow, max-snippet:-1, max-image-preview:large, max-video-preview:-1\" \/>\n<link rel=\"canonical\" href=\"https:\/\/revolutionpadelstore.com\/de\/produkt\/starvie-basalto-pro-2025\/\" \/>\n<meta property=\"og:locale\" content=\"de_DE\" \/>\n<meta property=\"og:type\" content=\"article\" \/>\n<meta property=\"og:title\" content=\"STARVIE BASALTO PRO 2025 - Revolution Padel Store\" \/>\n<meta property=\"og:description\" content=\"La StarVie Basalto Pro 2025 es una pala de p\u00e1del de alta gama que combina control y potencia, ideal para jugadores avanzados. Su dise\u00f1o en forma de l\u00e1grima y con balance alto permite una mayor superficie de golpeo, lo que proporciona una versatilidad excepcional en la cancha.\" \/>\n<meta property=\"og:url\" content=\"https:\/\/revolutionpadelstore.com\/de\/produkt\/starvie-basalto-pro-2025\/\" \/>\n<meta property=\"og:site_name\" content=\"Revolution Padel Store\" \/>\n<meta property=\"article:modified_time\" content=\"2026-04-08T08:26:36+00:00\" \/>\n<meta property=\"og:image\" content=\"https:\/\/revolutionpadelstore.com\/wp-content\/uploads\/2024\/10\/114813_pala_starvie_basalto_pro_pstbp21000_1500x1500_1_e87c.webp\" \/>\n\t<meta property=\"og:image:width\" content=\"1500\" \/>\n\t<meta property=\"og:image:height\" content=\"1500\" \/>\n\t<meta property=\"og:image:type\" content=\"image\/webp\" \/>\n<meta name=\"twitter:card\" content=\"summary_large_image\" \/>\n<meta name=\"twitter:label1\" content=\"Gesch\u00e4tzte Lesezeit\" \/>\n\t<meta name=\"twitter:data1\" content=\"2\u00a0Minuten\" \/>\n<script type=\"application\/ld+json\" class=\"yoast-schema-graph\">{\"@context\":\"https:\\\/\\\/schema.org\",\"@graph\":[{\"@type\":\"WebPage\",\"@id\":\"https:\\\/\\\/revolutionpadelstore.com\\\/de\\\/produkt\\\/starvie-basalto-pro-2025\\\/\",\"url\":\"https:\\\/\\\/revolutionpadelstore.com\\\/de\\\/produkt\\\/starvie-basalto-pro-2025\\\/\",\"name\":\"STARVIE BASALTO PRO 2025 - Revolution Padel Store\",\"isPartOf\":{\"@id\":\"https:\\\/\\\/revolutionpadelstore.com\\\/de\\\/#website\"},\"primaryImageOfPage\":{\"@id\":\"https:\\\/\\\/revolutionpadelstore.com\\\/de\\\/produkt\\\/starvie-basalto-pro-2025\\\/#primaryimage\"},\"image\":{\"@id\":\"https:\\\/\\\/revolutionpadelstore.com\\\/de\\\/produkt\\\/starvie-basalto-pro-2025\\\/#primaryimage\"},\"thumbnailUrl\":\"https:\\\/\\\/revolutionpadelstore.com\\\/wp-content\\\/uploads\\\/2024\\\/10\\\/114813_pala_starvie_basalto_pro_pstbp21000_1500x1500_1_e87c.webp\",\"datePublished\":\"2024-10-13T07:52:44+00:00\",\"dateModified\":\"2026-04-08T08:26:36+00:00\",\"description\":\"La StarVie Basalto Pro 2025 es una pala de p\u00e1del de alta gama que combina control y potencia, ideal para jugadores avanzados. Su dise\u00f1o en forma de l\u00e1grima y con balance alto permite una mayor superficie de golpeo, lo que proporciona una versatilidad excepcional en la cancha.\",\"breadcrumb\":{\"@id\":\"https:\\\/\\\/revolutionpadelstore.com\\\/de\\\/produkt\\\/starvie-basalto-pro-2025\\\/#breadcrumb\"},\"inLanguage\":\"de\",\"potentialAction\":[{\"@type\":\"ReadAction\",\"target\":[\"https:\\\/\\\/revolutionpadelstore.com\\\/de\\\/produkt\\\/starvie-basalto-pro-2025\\\/\"]}]},{\"@type\":\"ImageObject\",\"inLanguage\":\"de\",\"@id\":\"https:\\\/\\\/revolutionpadelstore.com\\\/de\\\/produkt\\\/starvie-basalto-pro-2025\\\/#primaryimage\",\"url\":\"https:\\\/\\\/revolutionpadelstore.com\\\/wp-content\\\/uploads\\\/2024\\\/10\\\/114813_pala_starvie_basalto_pro_pstbp21000_1500x1500_1_e87c.webp\",\"contentUrl\":\"https:\\\/\\\/revolutionpadelstore.com\\\/wp-content\\\/uploads\\\/2024\\\/10\\\/114813_pala_starvie_basalto_pro_pstbp21000_1500x1500_1_e87c.webp\",\"width\":1500,\"height\":1500},{\"@type\":\"BreadcrumbList\",\"@id\":\"https:\\\/\\\/revolutionpadelstore.com\\\/de\\\/produkt\\\/starvie-basalto-pro-2025\\\/#breadcrumb\",\"itemListElement\":[{\"@type\":\"ListItem\",\"position\":1,\"name\":\"Portada\",\"item\":\"https:\\\/\\\/revolutionpadelstore.com\\\/de\\\/\"},{\"@type\":\"ListItem\",\"position\":2,\"name\":\"Shop\",\"item\":\"https:\\\/\\\/revolutionpadelstore.com\\\/de\\\/tienda\\\/\"},{\"@type\":\"ListItem\",\"position\":3,\"name\":\"STARVIE BASALTO PRO 2025\"}]},{\"@type\":\"WebSite\",\"@id\":\"https:\\\/\\\/revolutionpadelstore.com\\\/de\\\/#website\",\"url\":\"https:\\\/\\\/revolutionpadelstore.com\\\/de\\\/\",\"name\":\"Revolution Padel Store\",\"description\":\"\",\"publisher\":{\"@id\":\"https:\\\/\\\/revolutionpadelstore.com\\\/de\\\/#organization\"},\"potentialAction\":[{\"@type\":\"SearchAction\",\"target\":{\"@type\":\"EntryPoint\",\"urlTemplate\":\"https:\\\/\\\/revolutionpadelstore.com\\\/de\\\/?s={search_term_string}\"},\"query-input\":{\"@type\":\"PropertyValueSpecification\",\"valueRequired\":true,\"valueName\":\"search_term_string\"}}],\"inLanguage\":\"de\"},{\"@type\":\"Organization\",\"@id\":\"https:\\\/\\\/revolutionpadelstore.com\\\/de\\\/#organization\",\"name\":\"Revolution Padel Store\",\"url\":\"https:\\\/\\\/revolutionpadelstore.com\\\/de\\\/\",\"logo\":{\"@type\":\"ImageObject\",\"inLanguage\":\"de\",\"@id\":\"https:\\\/\\\/revolutionpadelstore.com\\\/de\\\/#\\\/schema\\\/logo\\\/image\\\/\",\"url\":\"https:\\\/\\\/revolutionpadelstore.com\\\/wp-content\\\/uploads\\\/2026\\\/02\\\/revolution-padel-store.jpg\",\"contentUrl\":\"https:\\\/\\\/revolutionpadelstore.com\\\/wp-content\\\/uploads\\\/2026\\\/02\\\/revolution-padel-store.jpg\",\"width\":2000,\"height\":2000,\"caption\":\"Revolution Padel Store\"},\"image\":{\"@id\":\"https:\\\/\\\/revolutionpadelstore.com\\\/de\\\/#\\\/schema\\\/logo\\\/image\\\/\"},\"sameAs\":[\"https:\\\/\\\/www.instagram.com\\\/revolutionpadelstore\\\/\"]}]}<\/script>\n<!-- \/ Yoast SEO plugin. -->","yoast_head_json":{"title":"STARVIE BASALTO PRO 2025 - Revolution Padel Store","description":"La StarVie Basalto Pro 2025 es una pala de p\u00e1del de alta gama que combina control y potencia, ideal para jugadores avanzados. Su dise\u00f1o en forma de l\u00e1grima y con balance alto permite una mayor superficie de golpeo, lo que proporciona una versatilidad excepcional en la cancha.","robots":{"index":"index","follow":"follow","max-snippet":"max-snippet:-1","max-image-preview":"max-image-preview:large","max-video-preview":"max-video-preview:-1"},"canonical":"https:\/\/revolutionpadelstore.com\/de\/produkt\/starvie-basalto-pro-2025\/","og_locale":"de_DE","og_type":"article","og_title":"STARVIE BASALTO PRO 2025 - Revolution Padel Store","og_description":"La StarVie Basalto Pro 2025 es una pala de p\u00e1del de alta gama que combina control y potencia, ideal para jugadores avanzados. Su dise\u00f1o en forma de l\u00e1grima y con balance alto permite una mayor superficie de golpeo, lo que proporciona una versatilidad excepcional en la cancha.","og_url":"https:\/\/revolutionpadelstore.com\/de\/produkt\/starvie-basalto-pro-2025\/","og_site_name":"Revolution Padel Store","article_modified_time":"2026-04-08T08:26:36+00:00","og_image":[{"width":1500,"height":1500,"url":"https:\/\/revolutionpadelstore.com\/wp-content\/uploads\/2024\/10\/114813_pala_starvie_basalto_pro_pstbp21000_1500x1500_1_e87c.webp","type":"image\/webp"}],"twitter_card":"summary_large_image","twitter_misc":{"Gesch\u00e4tzte Lesezeit":"2\u00a0Minuten"},"schema":{"@context":"https:\/\/schema.org","@graph":[{"@type":"WebPage","@id":"https:\/\/revolutionpadelstore.com\/de\/produkt\/starvie-basalto-pro-2025\/","url":"https:\/\/revolutionpadelstore.com\/de\/produkt\/starvie-basalto-pro-2025\/","name":"STARVIE BASALTO PRO 2025 - Revolution Padel Store","isPartOf":{"@id":"https:\/\/revolutionpadelstore.com\/de\/#website"},"primaryImageOfPage":{"@id":"https:\/\/revolutionpadelstore.com\/de\/produkt\/starvie-basalto-pro-2025\/#primaryimage"},"image":{"@id":"https:\/\/revolutionpadelstore.com\/de\/produkt\/starvie-basalto-pro-2025\/#primaryimage"},"thumbnailUrl":"https:\/\/revolutionpadelstore.com\/wp-content\/uploads\/2024\/10\/114813_pala_starvie_basalto_pro_pstbp21000_1500x1500_1_e87c.webp","datePublished":"2024-10-13T07:52:44+00:00","dateModified":"2026-04-08T08:26:36+00:00","description":"La StarVie Basalto Pro 2025 es una pala de p\u00e1del de alta gama que combina control y potencia, ideal para jugadores avanzados. Su dise\u00f1o en forma de l\u00e1grima y con balance alto permite una mayor superficie de golpeo, lo que proporciona una versatilidad excepcional en la cancha.","breadcrumb":{"@id":"https:\/\/revolutionpadelstore.com\/de\/produkt\/starvie-basalto-pro-2025\/#breadcrumb"},"inLanguage":"de","potentialAction":[{"@type":"ReadAction","target":["https:\/\/revolutionpadelstore.com\/de\/produkt\/starvie-basalto-pro-2025\/"]}]},{"@type":"ImageObject","inLanguage":"de","@id":"https:\/\/revolutionpadelstore.com\/de\/produkt\/starvie-basalto-pro-2025\/#primaryimage","url":"https:\/\/revolutionpadelstore.com\/wp-content\/uploads\/2024\/10\/114813_pala_starvie_basalto_pro_pstbp21000_1500x1500_1_e87c.webp","contentUrl":"https:\/\/revolutionpadelstore.com\/wp-content\/uploads\/2024\/10\/114813_pala_starvie_basalto_pro_pstbp21000_1500x1500_1_e87c.webp","width":1500,"height":1500},{"@type":"BreadcrumbList","@id":"https:\/\/revolutionpadelstore.com\/de\/produkt\/starvie-basalto-pro-2025\/#breadcrumb","itemListElement":[{"@type":"ListItem","position":1,"name":"Portada","item":"https:\/\/revolutionpadelstore.com\/de\/"},{"@type":"ListItem","position":2,"name":"Shop","item":"https:\/\/revolutionpadelstore.com\/de\/tienda\/"},{"@type":"ListItem","position":3,"name":"STARVIE BASALTO PRO 2025"}]},{"@type":"WebSite","@id":"https:\/\/revolutionpadelstore.com\/de\/#website","url":"https:\/\/revolutionpadelstore.com\/de\/","name":"Revolution Padel Store","description":"","publisher":{"@id":"https:\/\/revolutionpadelstore.com\/de\/#organization"},"potentialAction":[{"@type":"SearchAction","target":{"@type":"EntryPoint","urlTemplate":"https:\/\/revolutionpadelstore.com\/de\/?s={search_term_string}"},"query-input":{"@type":"PropertyValueSpecification","valueRequired":true,"valueName":"search_term_string"}}],"inLanguage":"de"},{"@type":"Organization","@id":"https:\/\/revolutionpadelstore.com\/de\/#organization","name":"Revolution Padel Store","url":"https:\/\/revolutionpadelstore.com\/de\/","logo":{"@type":"ImageObject","inLanguage":"de","@id":"https:\/\/revolutionpadelstore.com\/de\/#\/schema\/logo\/image\/","url":"https:\/\/revolutionpadelstore.com\/wp-content\/uploads\/2026\/02\/revolution-padel-store.jpg","contentUrl":"https:\/\/revolutionpadelstore.com\/wp-content\/uploads\/2026\/02\/revolution-padel-store.jpg","width":2000,"height":2000,"caption":"Revolution Padel Store"},"image":{"@id":"https:\/\/revolutionpadelstore.com\/de\/#\/schema\/logo\/image\/"},"sameAs":["https:\/\/www.instagram.com\/revolutionpadelstore\/"]}]}},"_links":{"self":[{"href":"https:\/\/revolutionpadelstore.com\/de\/wp-json\/wp\/v2\/product\/99079","targetHints":{"allow":["GET"]}}],"collection":[{"href":"https:\/\/revolutionpadelstore.com\/de\/wp-json\/wp\/v2\/product"}],"about":[{"href":"https:\/\/revolutionpadelstore.com\/de\/wp-json\/wp\/v2\/types\/product"}],"replies":[{"embeddable":true,"href":"https:\/\/revolutionpadelstore.com\/de\/wp-json\/wp\/v2\/comments?post=99079"}],"wp:featuredmedia":[{"embeddable":true,"href":"https:\/\/revolutionpadelstore.com\/de\/wp-json\/wp\/v2\/media\/98922"}],"wp:attachment":[{"href":"https:\/\/revolutionpadelstore.com\/de\/wp-json\/wp\/v2\/media?parent=99079"}],"wp:term":[{"taxonomy":"acabado","embeddable":true,"href":"https:\/\/revolutionpadelstore.com\/de\/wp-json\/wp\/v2\/acabado?post=99079"},{"taxonomy":"balance","embeddable":true,"href":"https:\/\/revolutionpadelstore.com\/de\/wp-json\/wp\/v2\/balance?post=99079"},{"taxonomy":"dureza","embeddable":true,"href":"https:\/\/revolutionpadelstore.com\/de\/wp-json\/wp\/v2\/dureza?post=99079"},{"taxonomy":"forma","embeddable":true,"href":"https:\/\/revolutionpadelstore.com\/de\/wp-json\/wp\/v2\/forma?post=99079"},{"taxonomy":"jugador","embeddable":true,"href":"https:\/\/revolutionpadelstore.com\/de\/wp-json\/wp\/v2\/jugador?post=99079"},{"taxonomy":"marca","embeddable":true,"href":"https:\/\/revolutionpadelstore.com\/de\/wp-json\/wp\/v2\/marca?post=99079"},{"taxonomy":"nivel-de-juego","embeddable":true,"href":"https:\/\/revolutionpadelstore.com\/de\/wp-json\/wp\/v2\/nivel-de-juego?post=99079"},{"taxonomy":"superficie","embeddable":true,"href":"https:\/\/revolutionpadelstore.com\/de\/wp-json\/wp\/v2\/superficie?post=99079"},{"taxonomy":"tipo-de-juego","embeddable":true,"href":"https:\/\/revolutionpadelstore.com\/de\/wp-json\/wp\/v2\/tipo-de-juego?post=99079"},{"taxonomy":"product_brand","embeddable":true,"href":"https:\/\/revolutionpadelstore.com\/de\/wp-json\/wp\/v2\/product_brand?post=99079"},{"taxonomy":"product_cat","embeddable":true,"href":"https:\/\/revolutionpadelstore.com\/de\/wp-json\/wp\/v2\/product_cat?post=99079"},{"taxonomy":"product_tag","embeddable":true,"href":"https:\/\/revolutionpadelstore.com\/de\/wp-json\/wp\/v2\/product_tag?post=99079"}],"curies":[{"name":"wp","href":"https:\/\/api.w.org\/{rel}","templated":true}]}}