{"id":99069,"date":"2024-10-13T10:14:37","date_gmt":"2024-10-13T08:14:37","guid":{"rendered":"https:\/\/revolutionpadelstore.com\/starvie-metheora-dual-2025\/"},"modified":"2026-04-08T10:25:32","modified_gmt":"2026-04-08T08:25:32","slug":"starvie-metheora-dual-2025-1","status":"publish","type":"product","link":"https:\/\/revolutionpadelstore.com\/de\/produkt\/starvie-metheora-dual-2025-1\/","title":{"rendered":"STARVIE METHEORA DUAL 2025"},"content":{"rendered":"<div class=\"flex-shrink-0 flex flex-col relative items-end\">\n<div>\n<div class=\"pt-0\">\n<div class=\"gizmo-bot-avatar flex h-8 w-8 items-center justify-center overflow-hiddenrounded-full\"><\/div>\n<\/div>\n<\/div>\n<\/div>\n<div class=\"group\/conversation-turn relative flex w-full min-w-0 flex-col agent-turn\">\n<div class=\"flex-col gap-1 md:gap-3\">\n<div class=\"flex max-w-full flex-col flex-grow\">\n<div class=\"min-h-8 text-message flex w-full flex-col items-end gap-2 whitespace-normal break-words [.text-message+&amp;]:mt-5\" dir=\"auto\" data-message-author-role=\"assistant\" data-message-id=\"51099bfa-bcfd-4e2d-875d-e80a908e766d\" data-message-model-slug=\"gpt-4o-mini\">\n<div class=\"flex w-full flex-col gap-1 empty:hidden first:pt-[3px]\">\n<div class=\"markdown prose w-full break-words dark:prose-invert dark\">\n<h1>StarVie Metheora Dual 2025<\/h1>\n<p>Der StarVie Metheora Dual 2025 ist ein runder Padelschl\u00e4ger aus der Universe-Reihe, der speziell f\u00fcr die Anforderungen der fortgeschrittensten Spieler entwickelt wurde. Die Kombination aus modernsten Technologien und hochwertigen Materialien bietet ein au\u00dfergew\u00f6hnliches Spielerlebnis. Die 3K-Carbon-Zusammensetzung sorgt sowohl im flachen als auch im r\u00f6hrenf\u00f6rmigen Bereich f\u00fcr hohe Widerstandsf\u00e4higkeit, w\u00e4hrend der Dual-Density-Gummi f\u00fcr einzigartige Vielseitigkeit bei jedem Schlag sorgt.<\/p>\n<p><strong>Ideal f\u00fcr fortgeschrittene Spieler<\/strong><\/p>\n<p>Dieser Schl\u00e4ger ist perfekt f\u00fcr fortgeschrittene Spieler, die eine ausgewogene Leistung auf dem Platz suchen. Dank seines Dual Density-Gummis passt sich der Metheora Dual sowohl an langsame Schl\u00e4ge an, die Komfort bieten, als auch an schnelle Schl\u00e4ge, die f\u00fcr Explosivit\u00e4t sorgen. Dies macht es zu einem idealen Werkzeug f\u00fcr diejenigen, die ein Gleichgewicht zwischen Kontrolle und Kraft ben\u00f6tigen und sich an jede Spielsituation anpassen k\u00f6nnen.<\/p>\n<p><strong>Funktionen und Technologien<\/strong><\/p>\n<p style=\"padding-left: 40px\"><strong>-Body:<\/strong> Rund, mit einem zentrierten Sweet Spot f\u00fcr leichteres Schlagen.<\/p>\n<p style=\"padding-left: 40px\"><strong>-Flat:<\/strong> Hergestellt aus 3K-Carbon, das Haltbarkeit und Stabilit\u00e4t garantiert.<\/p>\n<p style=\"padding-left: 40px\"><strong>-Gummi:<\/strong> EVA Dual Density, das Schichten unterschiedlicher Dichte f\u00fcr eine bessere Anpassungsf\u00e4higkeit kombiniert.<\/p>\n<p style=\"padding-left: 40px\"><strong>-Roughness:<\/strong> Full Plane Effect, ideal, um mehr Spin bei Schl\u00e4gen zu erzeugen.<\/p>\n<p style=\"padding-left: 40px\"><strong>-Star Balance System:<\/strong> Bietet optimale Gewichtsverteilung f\u00fcr komfortableres Handling.<\/p>\n<p style=\"padding-left: 40px\"><strong>-Noene Inside:<\/strong> Absorbiert bis zu 96 % der Vibrationen und sch\u00fctzt so den Arm des Spielers.<\/p>\n<p style=\"padding-left: 40px\"><strong>-Herstellung:<\/strong> 100 % spanisches Produkt.<\/p>\n<p><strong>Au\u00dfergew\u00f6hnliche Leistung<\/strong><\/p>\n<p>Der StarVie Metheora Dual 2025 ist die perfekte Wahl f\u00fcr fortgeschrittene Spieler, die einen kompletten und anpassungsf\u00e4higen Schl\u00e4ger suchen. Mit seinem robusten Design und der Kombination von Technologien ist es eine sichere Investition f\u00fcr alle, die den Platz mit Kontrolle und Kraft dominieren wollen.<\/p>\n<\/div>\n<\/div>\n<\/div>\n<\/div>\n<\/div>\n<\/div>\n","protected":false},"excerpt":{"rendered":"<p>Der StarVie Metheora Dual 2025 bietet mit seinem Dual-Density-Gummi Anpassungsf\u00e4higkeit, Kontrolle, Kraft und Komfort, ideal f\u00fcr fortgeschrittene Spieler, die in allen Phasen des Spiels eine \u00fcberlegene Leistung suchen.<\/p>\n","protected":false},"featured_media":98972,"comment_status":"open","ping_status":"closed","template":"","meta":{"_acf_changed":false,"_joinchat":[]},"acabado":[1089],"balance":[1144],"dureza":[1154],"forma":[1179],"jugador":[1189,1199],"marca":[1289],"nivel-de-juego":[1334],"superficie":[1359],"tipo-de-juego":[1369],"product_brand":[],"product_cat":[299],"product_tag":[],"class_list":{"0":"post-99069","1":"product","2":"type-product","3":"status-publish","4":"has-post-thumbnail","6":"acabado-3d-entlasten","7":"balance-niedrig","8":"dureza-media-de","9":"forma-rund","10":"jugador-mann","11":"jugador-mehrzweck","12":"marca-starvie-de","13":"superficie-rugosa-de","14":"tipo-de-juego-kontrolle","15":"product_cat-palas-de-padel-de","17":"first","18":"instock","19":"sale","20":"taxable","21":"shipping-taxable","22":"purchasable","23":"product-type-simple"},"acf":[],"yoast_head":"<!-- This site is optimized with the Yoast SEO plugin v27.4 - https:\/\/yoast.com\/product\/yoast-seo-wordpress\/ -->\n<title>STARVIE METHEORA DUAL 2025 - Revolution Padel Store<\/title>\n<meta name=\"description\" content=\"La StarVie Metheora Dual 2025 es una pala de p\u00e1del redonda de la gama Universe, dise\u00f1ada para satisfacer las demandas de los jugadores m\u00e1s exigentes y avanzados. Esta pala combina tecnolog\u00edas de vanguardia y materiales de alta calidad que ofrecen una experiencia de juego superior. Su composici\u00f3n en carbono 3K tanto en el plano como en el tubular garantiza una gran resistencia, mientras que su goma Dual Density proporciona una versatilidad \u00fanica en cada golpe.\" \/>\n<meta name=\"robots\" content=\"index, follow, max-snippet:-1, max-image-preview:large, max-video-preview:-1\" \/>\n<link rel=\"canonical\" href=\"https:\/\/revolutionpadelstore.com\/de\/produkt\/starvie-metheora-dual-2025-1\/\" \/>\n<meta property=\"og:locale\" content=\"de_DE\" \/>\n<meta property=\"og:type\" content=\"article\" \/>\n<meta property=\"og:title\" content=\"STARVIE METHEORA DUAL 2025 - Revolution Padel Store\" \/>\n<meta property=\"og:description\" content=\"La StarVie Metheora Dual 2025 es una pala de p\u00e1del redonda de la gama Universe, dise\u00f1ada para satisfacer las demandas de los jugadores m\u00e1s exigentes y avanzados. Esta pala combina tecnolog\u00edas de vanguardia y materiales de alta calidad que ofrecen una experiencia de juego superior. Su composici\u00f3n en carbono 3K tanto en el plano como en el tubular garantiza una gran resistencia, mientras que su goma Dual Density proporciona una versatilidad \u00fanica en cada golpe.\" \/>\n<meta property=\"og:url\" content=\"https:\/\/revolutionpadelstore.com\/de\/produkt\/starvie-metheora-dual-2025-1\/\" \/>\n<meta property=\"og:site_name\" content=\"Revolution Padel Store\" \/>\n<meta property=\"article:modified_time\" content=\"2026-04-08T08:25:32+00:00\" \/>\n<meta property=\"og:image\" content=\"https:\/\/revolutionpadelstore.com\/wp-content\/uploads\/2024\/10\/114822_pala_starvie_metheora_dual_pstmd21000_1500x1500_1_6cc7.webp\" \/>\n\t<meta property=\"og:image:width\" content=\"1500\" \/>\n\t<meta property=\"og:image:height\" content=\"1500\" \/>\n\t<meta property=\"og:image:type\" content=\"image\/webp\" \/>\n<meta name=\"twitter:card\" content=\"summary_large_image\" \/>\n<meta name=\"twitter:label1\" content=\"Gesch\u00e4tzte Lesezeit\" \/>\n\t<meta name=\"twitter:data1\" content=\"2\u00a0Minuten\" \/>\n<script type=\"application\/ld+json\" class=\"yoast-schema-graph\">{\"@context\":\"https:\\\/\\\/schema.org\",\"@graph\":[{\"@type\":\"WebPage\",\"@id\":\"https:\\\/\\\/revolutionpadelstore.com\\\/de\\\/produkt\\\/starvie-metheora-dual-2025-1\\\/\",\"url\":\"https:\\\/\\\/revolutionpadelstore.com\\\/de\\\/produkt\\\/starvie-metheora-dual-2025-1\\\/\",\"name\":\"STARVIE METHEORA DUAL 2025 - Revolution Padel Store\",\"isPartOf\":{\"@id\":\"https:\\\/\\\/revolutionpadelstore.com\\\/de\\\/#website\"},\"primaryImageOfPage\":{\"@id\":\"https:\\\/\\\/revolutionpadelstore.com\\\/de\\\/produkt\\\/starvie-metheora-dual-2025-1\\\/#primaryimage\"},\"image\":{\"@id\":\"https:\\\/\\\/revolutionpadelstore.com\\\/de\\\/produkt\\\/starvie-metheora-dual-2025-1\\\/#primaryimage\"},\"thumbnailUrl\":\"https:\\\/\\\/revolutionpadelstore.com\\\/wp-content\\\/uploads\\\/2024\\\/10\\\/114822_pala_starvie_metheora_dual_pstmd21000_1500x1500_1_6cc7.webp\",\"datePublished\":\"2024-10-13T08:14:37+00:00\",\"dateModified\":\"2026-04-08T08:25:32+00:00\",\"description\":\"La StarVie Metheora Dual 2025 es una pala de p\u00e1del redonda de la gama Universe, dise\u00f1ada para satisfacer las demandas de los jugadores m\u00e1s exigentes y avanzados. Esta pala combina tecnolog\u00edas de vanguardia y materiales de alta calidad que ofrecen una experiencia de juego superior. Su composici\u00f3n en carbono 3K tanto en el plano como en el tubular garantiza una gran resistencia, mientras que su goma Dual Density proporciona una versatilidad \u00fanica en cada golpe.\",\"breadcrumb\":{\"@id\":\"https:\\\/\\\/revolutionpadelstore.com\\\/de\\\/produkt\\\/starvie-metheora-dual-2025-1\\\/#breadcrumb\"},\"inLanguage\":\"de\",\"potentialAction\":[{\"@type\":\"ReadAction\",\"target\":[\"https:\\\/\\\/revolutionpadelstore.com\\\/de\\\/produkt\\\/starvie-metheora-dual-2025-1\\\/\"]}]},{\"@type\":\"ImageObject\",\"inLanguage\":\"de\",\"@id\":\"https:\\\/\\\/revolutionpadelstore.com\\\/de\\\/produkt\\\/starvie-metheora-dual-2025-1\\\/#primaryimage\",\"url\":\"https:\\\/\\\/revolutionpadelstore.com\\\/wp-content\\\/uploads\\\/2024\\\/10\\\/114822_pala_starvie_metheora_dual_pstmd21000_1500x1500_1_6cc7.webp\",\"contentUrl\":\"https:\\\/\\\/revolutionpadelstore.com\\\/wp-content\\\/uploads\\\/2024\\\/10\\\/114822_pala_starvie_metheora_dual_pstmd21000_1500x1500_1_6cc7.webp\",\"width\":1500,\"height\":1500},{\"@type\":\"BreadcrumbList\",\"@id\":\"https:\\\/\\\/revolutionpadelstore.com\\\/de\\\/produkt\\\/starvie-metheora-dual-2025-1\\\/#breadcrumb\",\"itemListElement\":[{\"@type\":\"ListItem\",\"position\":1,\"name\":\"Portada\",\"item\":\"https:\\\/\\\/revolutionpadelstore.com\\\/de\\\/\"},{\"@type\":\"ListItem\",\"position\":2,\"name\":\"Shop\",\"item\":\"https:\\\/\\\/revolutionpadelstore.com\\\/de\\\/tienda\\\/\"},{\"@type\":\"ListItem\",\"position\":3,\"name\":\"STARVIE METHEORA DUAL 2025\"}]},{\"@type\":\"WebSite\",\"@id\":\"https:\\\/\\\/revolutionpadelstore.com\\\/de\\\/#website\",\"url\":\"https:\\\/\\\/revolutionpadelstore.com\\\/de\\\/\",\"name\":\"Revolution Padel Store\",\"description\":\"\",\"publisher\":{\"@id\":\"https:\\\/\\\/revolutionpadelstore.com\\\/de\\\/#organization\"},\"potentialAction\":[{\"@type\":\"SearchAction\",\"target\":{\"@type\":\"EntryPoint\",\"urlTemplate\":\"https:\\\/\\\/revolutionpadelstore.com\\\/de\\\/?s={search_term_string}\"},\"query-input\":{\"@type\":\"PropertyValueSpecification\",\"valueRequired\":true,\"valueName\":\"search_term_string\"}}],\"inLanguage\":\"de\"},{\"@type\":\"Organization\",\"@id\":\"https:\\\/\\\/revolutionpadelstore.com\\\/de\\\/#organization\",\"name\":\"Revolution Padel Store\",\"url\":\"https:\\\/\\\/revolutionpadelstore.com\\\/de\\\/\",\"logo\":{\"@type\":\"ImageObject\",\"inLanguage\":\"de\",\"@id\":\"https:\\\/\\\/revolutionpadelstore.com\\\/de\\\/#\\\/schema\\\/logo\\\/image\\\/\",\"url\":\"https:\\\/\\\/revolutionpadelstore.com\\\/wp-content\\\/uploads\\\/2026\\\/02\\\/revolution-padel-store.jpg\",\"contentUrl\":\"https:\\\/\\\/revolutionpadelstore.com\\\/wp-content\\\/uploads\\\/2026\\\/02\\\/revolution-padel-store.jpg\",\"width\":2000,\"height\":2000,\"caption\":\"Revolution Padel Store\"},\"image\":{\"@id\":\"https:\\\/\\\/revolutionpadelstore.com\\\/de\\\/#\\\/schema\\\/logo\\\/image\\\/\"},\"sameAs\":[\"https:\\\/\\\/www.instagram.com\\\/revolutionpadelstore\\\/\"]}]}<\/script>\n<!-- \/ Yoast SEO plugin. -->","yoast_head_json":{"title":"STARVIE METHEORA DUAL 2025 - Revolution Padel Store","description":"La StarVie Metheora Dual 2025 es una pala de p\u00e1del redonda de la gama Universe, dise\u00f1ada para satisfacer las demandas de los jugadores m\u00e1s exigentes y avanzados. Esta pala combina tecnolog\u00edas de vanguardia y materiales de alta calidad que ofrecen una experiencia de juego superior. Su composici\u00f3n en carbono 3K tanto en el plano como en el tubular garantiza una gran resistencia, mientras que su goma Dual Density proporciona una versatilidad \u00fanica en cada golpe.","robots":{"index":"index","follow":"follow","max-snippet":"max-snippet:-1","max-image-preview":"max-image-preview:large","max-video-preview":"max-video-preview:-1"},"canonical":"https:\/\/revolutionpadelstore.com\/de\/produkt\/starvie-metheora-dual-2025-1\/","og_locale":"de_DE","og_type":"article","og_title":"STARVIE METHEORA DUAL 2025 - Revolution Padel Store","og_description":"La StarVie Metheora Dual 2025 es una pala de p\u00e1del redonda de la gama Universe, dise\u00f1ada para satisfacer las demandas de los jugadores m\u00e1s exigentes y avanzados. Esta pala combina tecnolog\u00edas de vanguardia y materiales de alta calidad que ofrecen una experiencia de juego superior. Su composici\u00f3n en carbono 3K tanto en el plano como en el tubular garantiza una gran resistencia, mientras que su goma Dual Density proporciona una versatilidad \u00fanica en cada golpe.","og_url":"https:\/\/revolutionpadelstore.com\/de\/produkt\/starvie-metheora-dual-2025-1\/","og_site_name":"Revolution Padel Store","article_modified_time":"2026-04-08T08:25:32+00:00","og_image":[{"width":1500,"height":1500,"url":"https:\/\/revolutionpadelstore.com\/wp-content\/uploads\/2024\/10\/114822_pala_starvie_metheora_dual_pstmd21000_1500x1500_1_6cc7.webp","type":"image\/webp"}],"twitter_card":"summary_large_image","twitter_misc":{"Gesch\u00e4tzte Lesezeit":"2\u00a0Minuten"},"schema":{"@context":"https:\/\/schema.org","@graph":[{"@type":"WebPage","@id":"https:\/\/revolutionpadelstore.com\/de\/produkt\/starvie-metheora-dual-2025-1\/","url":"https:\/\/revolutionpadelstore.com\/de\/produkt\/starvie-metheora-dual-2025-1\/","name":"STARVIE METHEORA DUAL 2025 - Revolution Padel Store","isPartOf":{"@id":"https:\/\/revolutionpadelstore.com\/de\/#website"},"primaryImageOfPage":{"@id":"https:\/\/revolutionpadelstore.com\/de\/produkt\/starvie-metheora-dual-2025-1\/#primaryimage"},"image":{"@id":"https:\/\/revolutionpadelstore.com\/de\/produkt\/starvie-metheora-dual-2025-1\/#primaryimage"},"thumbnailUrl":"https:\/\/revolutionpadelstore.com\/wp-content\/uploads\/2024\/10\/114822_pala_starvie_metheora_dual_pstmd21000_1500x1500_1_6cc7.webp","datePublished":"2024-10-13T08:14:37+00:00","dateModified":"2026-04-08T08:25:32+00:00","description":"La StarVie Metheora Dual 2025 es una pala de p\u00e1del redonda de la gama Universe, dise\u00f1ada para satisfacer las demandas de los jugadores m\u00e1s exigentes y avanzados. Esta pala combina tecnolog\u00edas de vanguardia y materiales de alta calidad que ofrecen una experiencia de juego superior. Su composici\u00f3n en carbono 3K tanto en el plano como en el tubular garantiza una gran resistencia, mientras que su goma Dual Density proporciona una versatilidad \u00fanica en cada golpe.","breadcrumb":{"@id":"https:\/\/revolutionpadelstore.com\/de\/produkt\/starvie-metheora-dual-2025-1\/#breadcrumb"},"inLanguage":"de","potentialAction":[{"@type":"ReadAction","target":["https:\/\/revolutionpadelstore.com\/de\/produkt\/starvie-metheora-dual-2025-1\/"]}]},{"@type":"ImageObject","inLanguage":"de","@id":"https:\/\/revolutionpadelstore.com\/de\/produkt\/starvie-metheora-dual-2025-1\/#primaryimage","url":"https:\/\/revolutionpadelstore.com\/wp-content\/uploads\/2024\/10\/114822_pala_starvie_metheora_dual_pstmd21000_1500x1500_1_6cc7.webp","contentUrl":"https:\/\/revolutionpadelstore.com\/wp-content\/uploads\/2024\/10\/114822_pala_starvie_metheora_dual_pstmd21000_1500x1500_1_6cc7.webp","width":1500,"height":1500},{"@type":"BreadcrumbList","@id":"https:\/\/revolutionpadelstore.com\/de\/produkt\/starvie-metheora-dual-2025-1\/#breadcrumb","itemListElement":[{"@type":"ListItem","position":1,"name":"Portada","item":"https:\/\/revolutionpadelstore.com\/de\/"},{"@type":"ListItem","position":2,"name":"Shop","item":"https:\/\/revolutionpadelstore.com\/de\/tienda\/"},{"@type":"ListItem","position":3,"name":"STARVIE METHEORA DUAL 2025"}]},{"@type":"WebSite","@id":"https:\/\/revolutionpadelstore.com\/de\/#website","url":"https:\/\/revolutionpadelstore.com\/de\/","name":"Revolution Padel Store","description":"","publisher":{"@id":"https:\/\/revolutionpadelstore.com\/de\/#organization"},"potentialAction":[{"@type":"SearchAction","target":{"@type":"EntryPoint","urlTemplate":"https:\/\/revolutionpadelstore.com\/de\/?s={search_term_string}"},"query-input":{"@type":"PropertyValueSpecification","valueRequired":true,"valueName":"search_term_string"}}],"inLanguage":"de"},{"@type":"Organization","@id":"https:\/\/revolutionpadelstore.com\/de\/#organization","name":"Revolution Padel Store","url":"https:\/\/revolutionpadelstore.com\/de\/","logo":{"@type":"ImageObject","inLanguage":"de","@id":"https:\/\/revolutionpadelstore.com\/de\/#\/schema\/logo\/image\/","url":"https:\/\/revolutionpadelstore.com\/wp-content\/uploads\/2026\/02\/revolution-padel-store.jpg","contentUrl":"https:\/\/revolutionpadelstore.com\/wp-content\/uploads\/2026\/02\/revolution-padel-store.jpg","width":2000,"height":2000,"caption":"Revolution Padel Store"},"image":{"@id":"https:\/\/revolutionpadelstore.com\/de\/#\/schema\/logo\/image\/"},"sameAs":["https:\/\/www.instagram.com\/revolutionpadelstore\/"]}]}},"_links":{"self":[{"href":"https:\/\/revolutionpadelstore.com\/de\/wp-json\/wp\/v2\/product\/99069","targetHints":{"allow":["GET"]}}],"collection":[{"href":"https:\/\/revolutionpadelstore.com\/de\/wp-json\/wp\/v2\/product"}],"about":[{"href":"https:\/\/revolutionpadelstore.com\/de\/wp-json\/wp\/v2\/types\/product"}],"replies":[{"embeddable":true,"href":"https:\/\/revolutionpadelstore.com\/de\/wp-json\/wp\/v2\/comments?post=99069"}],"wp:featuredmedia":[{"embeddable":true,"href":"https:\/\/revolutionpadelstore.com\/de\/wp-json\/wp\/v2\/media\/98972"}],"wp:attachment":[{"href":"https:\/\/revolutionpadelstore.com\/de\/wp-json\/wp\/v2\/media?parent=99069"}],"wp:term":[{"taxonomy":"acabado","embeddable":true,"href":"https:\/\/revolutionpadelstore.com\/de\/wp-json\/wp\/v2\/acabado?post=99069"},{"taxonomy":"balance","embeddable":true,"href":"https:\/\/revolutionpadelstore.com\/de\/wp-json\/wp\/v2\/balance?post=99069"},{"taxonomy":"dureza","embeddable":true,"href":"https:\/\/revolutionpadelstore.com\/de\/wp-json\/wp\/v2\/dureza?post=99069"},{"taxonomy":"forma","embeddable":true,"href":"https:\/\/revolutionpadelstore.com\/de\/wp-json\/wp\/v2\/forma?post=99069"},{"taxonomy":"jugador","embeddable":true,"href":"https:\/\/revolutionpadelstore.com\/de\/wp-json\/wp\/v2\/jugador?post=99069"},{"taxonomy":"marca","embeddable":true,"href":"https:\/\/revolutionpadelstore.com\/de\/wp-json\/wp\/v2\/marca?post=99069"},{"taxonomy":"nivel-de-juego","embeddable":true,"href":"https:\/\/revolutionpadelstore.com\/de\/wp-json\/wp\/v2\/nivel-de-juego?post=99069"},{"taxonomy":"superficie","embeddable":true,"href":"https:\/\/revolutionpadelstore.com\/de\/wp-json\/wp\/v2\/superficie?post=99069"},{"taxonomy":"tipo-de-juego","embeddable":true,"href":"https:\/\/revolutionpadelstore.com\/de\/wp-json\/wp\/v2\/tipo-de-juego?post=99069"},{"taxonomy":"product_brand","embeddable":true,"href":"https:\/\/revolutionpadelstore.com\/de\/wp-json\/wp\/v2\/product_brand?post=99069"},{"taxonomy":"product_cat","embeddable":true,"href":"https:\/\/revolutionpadelstore.com\/de\/wp-json\/wp\/v2\/product_cat?post=99069"},{"taxonomy":"product_tag","embeddable":true,"href":"https:\/\/revolutionpadelstore.com\/de\/wp-json\/wp\/v2\/product_tag?post=99069"}],"curies":[{"name":"wp","href":"https:\/\/api.w.org\/{rel}","templated":true}]}}