{"id":93771,"date":"2024-10-09T08:31:17","date_gmt":"2024-10-09T06:31:17","guid":{"rendered":"https:\/\/revolutionpadelstore.com\/joma-spin-men-2401-black-2024\/"},"modified":"2026-04-08T10:30:35","modified_gmt":"2026-04-08T08:30:35","slug":"joma-spin-men-2401-black-2024-1","status":"publish","type":"product","link":"https:\/\/revolutionpadelstore.com\/de\/produkt\/joma-spin-men-2401-black-2024-1\/","title":{"rendered":"JOMA SPIN MEN 2401 BLACK 2024"},"content":{"rendered":"<p>Die Joma Spin 2401-Schuhe sind f\u00fcr Padelspieler konzipiert, die leichtes und flexibles Schuhwerk suchen, das gro\u00dfen Komfort und Leistung auf dem Platz bietet.<br \/>\nDiese Schuhe vereinen hervorragende Traktion, D\u00e4mpfung und Atmungsaktivit\u00e4t und erm\u00f6glichen schnelle und pr\u00e4zise Bewegungen.<br \/>\nMit modernem Design und hochwertiger Konstruktion ist der Joma Spin 2401 f\u00fcr Spieler gedacht, die ihr Spiel verbessern m\u00f6chten, ohne auf Komfort zu verzichten.<\/p>\n<p><strong>Eigenschaften:<\/strong><\/p>\n<p>&#8211; Strapazierf\u00e4hige Sohle mit hoher Traktion: Der Joma Spin 2401 verf\u00fcgt \u00fcber eine strapazierf\u00e4hige Gummisohle, die festen Halt auf verschiedenen Oberfl\u00e4chen bietet.<br \/>\nDas Sohlenmuster ist so konzipiert, dass es ein kontrolliertes Gleiten erm\u00f6glicht und Traktion bietet, sodass bei jedem Schritt eine gute Leistung gew\u00e4hrleistet ist.<br \/>\nGummisohle mit DURABILITY- und ROTATION-Technologie.<\/p>\n<p>&#8211; EVA-D\u00e4mpfung f\u00fcr mehr Komfort: Ausgestattet mit einer EVA-Zwischensohle bieten diese Schuhe eine hervorragende Sto\u00dfd\u00e4mpfung, garantieren einen weichen Auftritt und schonen die Gelenke bei schnellen Bewegungen und Spr\u00fcngen.<br \/>\nDiese D\u00e4mpfung sorgt f\u00fcr Komfort bei intensivsten Trainingseinheiten oder l\u00e4ngeren Spielen. Doppelte Phylon-Zwischensohle mit STABILIS.<\/p>\n<p>&#8211; Atmungsaktives Obermaterial: Der obere Teil des Joma Spin 2401 besteht aus leichten und atmungsaktiven Materialien, die eine Luftzirkulation erm\u00f6glichen und Ihre F\u00fc\u00dfe w\u00e4hrend des Spiels k\u00fchl und trocken halten.<br \/>\nDas Design bietet die perfekte Balance zwischen Bel\u00fcftung und Halt und passt sich den schnellen Bewegungen des Spiels an.<br \/>\nAtmungsaktives VTS-Netz.<\/p>\n<p>-Verst\u00e4rkungen in wichtigen Bereichen: Diese Schuhe verf\u00fcgen \u00fcber zus\u00e4tzliche Verst\u00e4rkungen in den Bereichen, die der Abnutzung am st\u00e4rksten ausgesetzt sind, wie z. B. an der Spitze und an den Seiten, was f\u00fcr mehr Haltbarkeit und Widerstandsf\u00e4higkeit sorgt.<br \/>\nDiese Verst\u00e4rkungen sch\u00fctzen die Schuhe bei aggressiven Bewegungen und erh\u00f6hen ihre Lebensdauer.<\/p>\n<p>&#8211; Sichere und anpassbare Passform: Das traditionelle Schn\u00fcrsystem sorgt f\u00fcr eine sichere und bequeme Passform und h\u00e4lt den Fu\u00df bei schnellen seitlichen Bewegungen fest.<br \/>\nDiese individuelle Passform garantiert perfekten Halt und verhindert, dass sich der Fu\u00df in entscheidenden Momenten des Spiels im Schuh bewegt.<\/p>\n<p>&#8211; Sportliches und stilvolles Design: Mit einem modernen und attraktiven Design zeichnet sich der Joma Spin 2401 nicht nur durch seine Leistung auf dem Platz, sondern auch durch seinen Stil aus.<\/p>\n<p><strong>F\u00fcr wen sind sie ideal?<\/strong><\/p>\n<p>Die Joma Spin 2401-Schuhe sind ideal f\u00fcr Padelspieler auf mittlerem bis fortgeschrittenem Niveau, die einen leichten und flexiblen Schuh suchen, der eine hervorragende Kombination aus Komfort und Leistung bietet.<br \/>\nSie sind perfekt f\u00fcr alle, die Geschwindigkeit, Halt und Atmungsaktivit\u00e4t in ihren Schuhen ben\u00f6tigen, um ihre Leistung auf dem Platz zu maximieren.<\/p>\n<p>Abschluss:<\/p>\n<p>Die Joma Spin 2401-Schuhe sind die perfekte Wahl f\u00fcr Spieler, die ein Schuhwerk suchen, das Leichtigkeit, Flexibilit\u00e4t und Komfort bietet, ohne auf Haltbarkeit zu verzichten.<br \/>\nMit seiner griffigen Sohle, der fortschrittlichen D\u00e4mpfung und dem atmungsaktiven Design bieten diese Schuhe alles, was Sie brauchen, um sich in jedem Spiel mit Agilit\u00e4t und Selbstvertrauen zu bewegen.<\/p>\n<p>Entscheiden Sie sich f\u00fcr den Joma Spin 2401 und bringen Sie Ihr Tennis- oder Padelspiel auf die n\u00e4chste Stufe mit einem Schuh, der Leistung, Stil und Komfort vereint!<strong>Caracter\u00edsticas:<\/strong><\/p>\n","protected":false},"excerpt":{"rendered":"<p>Diese Schuhe vereinen hervorragende Traktion, D\u00e4mpfung und Atmungsaktivit\u00e4t und erm\u00f6glichen schnelle und pr\u00e4zise Bewegungen.<br \/>\nMit modernem Design und hochwertiger Konstruktion ist der Joma Spin 2401 bereit f\u00fcr Spieler, die ihr Spiel verbessern m\u00f6chten, ohne auf Komfort zu verzichten.<\/p>\n","protected":false},"featured_media":93259,"comment_status":"open","ping_status":"closed","template":"","meta":{"_acf_changed":false,"_joinchat":[]},"acabado":[],"balance":[],"dureza":[],"forma":[],"jugador":[1189],"marca":[1224],"nivel-de-juego":[],"superficie":[],"tipo-de-juego":[],"product_brand":[],"product_cat":[398],"product_tag":[],"class_list":{"0":"post-93771","1":"product","2":"type-product","3":"status-publish","4":"has-post-thumbnail","6":"jugador-mann","7":"marca-joma-de","8":"product_cat-herren-sneaker","10":"first","11":"outofstock","12":"sale","13":"taxable","14":"shipping-taxable","15":"purchasable","16":"product-type-variable"},"acf":[],"yoast_head":"<!-- This site is optimized with the Yoast SEO plugin v27.4 - https:\/\/yoast.com\/product\/yoast-seo-wordpress\/ -->\n<title>JOMA SPIN MEN 2401 BLACK 2024 - Revolution Padel Store<\/title>\n<meta name=\"description\" content=\"Las Zapatillas Joma Spin 2401 est\u00e1n dise\u00f1adas para jugadores de p\u00e1del que buscan un calzado ligero y flexible que ofrezca gran comodidad y rendimiento en la pista. Estas zapatillas combinan una excelente tracci\u00f3n, amortiguaci\u00f3n y transpirabilidad, permitiendo movimientos r\u00e1pidos y precisos. Con un dise\u00f1o moderno y una construcci\u00f3n de alta calidad, las Joma Spin 2401 est\u00e1n preparadas para jugadores que desean mejorar su juego sin comprometer el confort.\" \/>\n<meta name=\"robots\" content=\"index, follow, max-snippet:-1, max-image-preview:large, max-video-preview:-1\" \/>\n<link rel=\"canonical\" href=\"https:\/\/revolutionpadelstore.com\/de\/produkt\/joma-spin-men-2401-black-2024-1\/\" \/>\n<meta property=\"og:locale\" content=\"de_DE\" \/>\n<meta property=\"og:type\" content=\"article\" \/>\n<meta property=\"og:title\" content=\"JOMA SPIN MEN 2401 BLACK 2024 - Revolution Padel Store\" \/>\n<meta property=\"og:description\" content=\"Las Zapatillas Joma Spin 2401 est\u00e1n dise\u00f1adas para jugadores de p\u00e1del que buscan un calzado ligero y flexible que ofrezca gran comodidad y rendimiento en la pista. Estas zapatillas combinan una excelente tracci\u00f3n, amortiguaci\u00f3n y transpirabilidad, permitiendo movimientos r\u00e1pidos y precisos. Con un dise\u00f1o moderno y una construcci\u00f3n de alta calidad, las Joma Spin 2401 est\u00e1n preparadas para jugadores que desean mejorar su juego sin comprometer el confort.\" \/>\n<meta property=\"og:url\" content=\"https:\/\/revolutionpadelstore.com\/de\/produkt\/joma-spin-men-2401-black-2024-1\/\" \/>\n<meta property=\"og:site_name\" content=\"Revolution Padel Store\" \/>\n<meta property=\"article:modified_time\" content=\"2026-04-08T08:30:35+00:00\" \/>\n<meta property=\"og:image\" content=\"https:\/\/revolutionpadelstore.com\/wp-content\/uploads\/2024\/10\/zapatillas-joma-spin-2401-negro-1-800x800-1.jpg\" \/>\n\t<meta property=\"og:image:width\" content=\"800\" \/>\n\t<meta property=\"og:image:height\" content=\"800\" \/>\n\t<meta property=\"og:image:type\" content=\"image\/jpeg\" \/>\n<meta name=\"twitter:card\" content=\"summary_large_image\" \/>\n<meta name=\"twitter:label1\" content=\"Gesch\u00e4tzte Lesezeit\" \/>\n\t<meta name=\"twitter:data1\" content=\"3\u00a0Minuten\" \/>\n<script type=\"application\/ld+json\" class=\"yoast-schema-graph\">{\"@context\":\"https:\\\/\\\/schema.org\",\"@graph\":[{\"@type\":\"WebPage\",\"@id\":\"https:\\\/\\\/revolutionpadelstore.com\\\/de\\\/produkt\\\/joma-spin-men-2401-black-2024-1\\\/\",\"url\":\"https:\\\/\\\/revolutionpadelstore.com\\\/de\\\/produkt\\\/joma-spin-men-2401-black-2024-1\\\/\",\"name\":\"JOMA SPIN MEN 2401 BLACK 2024 - Revolution Padel Store\",\"isPartOf\":{\"@id\":\"https:\\\/\\\/revolutionpadelstore.com\\\/de\\\/#website\"},\"primaryImageOfPage\":{\"@id\":\"https:\\\/\\\/revolutionpadelstore.com\\\/de\\\/produkt\\\/joma-spin-men-2401-black-2024-1\\\/#primaryimage\"},\"image\":{\"@id\":\"https:\\\/\\\/revolutionpadelstore.com\\\/de\\\/produkt\\\/joma-spin-men-2401-black-2024-1\\\/#primaryimage\"},\"thumbnailUrl\":\"https:\\\/\\\/revolutionpadelstore.com\\\/wp-content\\\/uploads\\\/2024\\\/10\\\/zapatillas-joma-spin-2401-negro-1-800x800-1.jpg\",\"datePublished\":\"2024-10-09T06:31:17+00:00\",\"dateModified\":\"2026-04-08T08:30:35+00:00\",\"description\":\"Las Zapatillas Joma Spin 2401 est\u00e1n dise\u00f1adas para jugadores de p\u00e1del que buscan un calzado ligero y flexible que ofrezca gran comodidad y rendimiento en la pista. Estas zapatillas combinan una excelente tracci\u00f3n, amortiguaci\u00f3n y transpirabilidad, permitiendo movimientos r\u00e1pidos y precisos. Con un dise\u00f1o moderno y una construcci\u00f3n de alta calidad, las Joma Spin 2401 est\u00e1n preparadas para jugadores que desean mejorar su juego sin comprometer el confort.\",\"breadcrumb\":{\"@id\":\"https:\\\/\\\/revolutionpadelstore.com\\\/de\\\/produkt\\\/joma-spin-men-2401-black-2024-1\\\/#breadcrumb\"},\"inLanguage\":\"de\",\"potentialAction\":[{\"@type\":\"ReadAction\",\"target\":[\"https:\\\/\\\/revolutionpadelstore.com\\\/de\\\/produkt\\\/joma-spin-men-2401-black-2024-1\\\/\"]}]},{\"@type\":\"ImageObject\",\"inLanguage\":\"de\",\"@id\":\"https:\\\/\\\/revolutionpadelstore.com\\\/de\\\/produkt\\\/joma-spin-men-2401-black-2024-1\\\/#primaryimage\",\"url\":\"https:\\\/\\\/revolutionpadelstore.com\\\/wp-content\\\/uploads\\\/2024\\\/10\\\/zapatillas-joma-spin-2401-negro-1-800x800-1.jpg\",\"contentUrl\":\"https:\\\/\\\/revolutionpadelstore.com\\\/wp-content\\\/uploads\\\/2024\\\/10\\\/zapatillas-joma-spin-2401-negro-1-800x800-1.jpg\",\"width\":800,\"height\":800},{\"@type\":\"BreadcrumbList\",\"@id\":\"https:\\\/\\\/revolutionpadelstore.com\\\/de\\\/produkt\\\/joma-spin-men-2401-black-2024-1\\\/#breadcrumb\",\"itemListElement\":[{\"@type\":\"ListItem\",\"position\":1,\"name\":\"Portada\",\"item\":\"https:\\\/\\\/revolutionpadelstore.com\\\/de\\\/\"},{\"@type\":\"ListItem\",\"position\":2,\"name\":\"Shop\",\"item\":\"https:\\\/\\\/revolutionpadelstore.com\\\/de\\\/tienda\\\/\"},{\"@type\":\"ListItem\",\"position\":3,\"name\":\"JOMA SPIN MEN 2401 BLACK 2024\"}]},{\"@type\":\"WebSite\",\"@id\":\"https:\\\/\\\/revolutionpadelstore.com\\\/de\\\/#website\",\"url\":\"https:\\\/\\\/revolutionpadelstore.com\\\/de\\\/\",\"name\":\"Revolution Padel Store\",\"description\":\"\",\"publisher\":{\"@id\":\"https:\\\/\\\/revolutionpadelstore.com\\\/de\\\/#organization\"},\"potentialAction\":[{\"@type\":\"SearchAction\",\"target\":{\"@type\":\"EntryPoint\",\"urlTemplate\":\"https:\\\/\\\/revolutionpadelstore.com\\\/de\\\/?s={search_term_string}\"},\"query-input\":{\"@type\":\"PropertyValueSpecification\",\"valueRequired\":true,\"valueName\":\"search_term_string\"}}],\"inLanguage\":\"de\"},{\"@type\":\"Organization\",\"@id\":\"https:\\\/\\\/revolutionpadelstore.com\\\/de\\\/#organization\",\"name\":\"Revolution Padel Store\",\"url\":\"https:\\\/\\\/revolutionpadelstore.com\\\/de\\\/\",\"logo\":{\"@type\":\"ImageObject\",\"inLanguage\":\"de\",\"@id\":\"https:\\\/\\\/revolutionpadelstore.com\\\/de\\\/#\\\/schema\\\/logo\\\/image\\\/\",\"url\":\"https:\\\/\\\/revolutionpadelstore.com\\\/wp-content\\\/uploads\\\/2026\\\/02\\\/revolution-padel-store.jpg\",\"contentUrl\":\"https:\\\/\\\/revolutionpadelstore.com\\\/wp-content\\\/uploads\\\/2026\\\/02\\\/revolution-padel-store.jpg\",\"width\":2000,\"height\":2000,\"caption\":\"Revolution Padel Store\"},\"image\":{\"@id\":\"https:\\\/\\\/revolutionpadelstore.com\\\/de\\\/#\\\/schema\\\/logo\\\/image\\\/\"},\"sameAs\":[\"https:\\\/\\\/www.instagram.com\\\/revolutionpadelstore\\\/\"]}]}<\/script>\n<!-- \/ Yoast SEO plugin. -->","yoast_head_json":{"title":"JOMA SPIN MEN 2401 BLACK 2024 - Revolution Padel Store","description":"Las Zapatillas Joma Spin 2401 est\u00e1n dise\u00f1adas para jugadores de p\u00e1del que buscan un calzado ligero y flexible que ofrezca gran comodidad y rendimiento en la pista. Estas zapatillas combinan una excelente tracci\u00f3n, amortiguaci\u00f3n y transpirabilidad, permitiendo movimientos r\u00e1pidos y precisos. Con un dise\u00f1o moderno y una construcci\u00f3n de alta calidad, las Joma Spin 2401 est\u00e1n preparadas para jugadores que desean mejorar su juego sin comprometer el confort.","robots":{"index":"index","follow":"follow","max-snippet":"max-snippet:-1","max-image-preview":"max-image-preview:large","max-video-preview":"max-video-preview:-1"},"canonical":"https:\/\/revolutionpadelstore.com\/de\/produkt\/joma-spin-men-2401-black-2024-1\/","og_locale":"de_DE","og_type":"article","og_title":"JOMA SPIN MEN 2401 BLACK 2024 - Revolution Padel Store","og_description":"Las Zapatillas Joma Spin 2401 est\u00e1n dise\u00f1adas para jugadores de p\u00e1del que buscan un calzado ligero y flexible que ofrezca gran comodidad y rendimiento en la pista. Estas zapatillas combinan una excelente tracci\u00f3n, amortiguaci\u00f3n y transpirabilidad, permitiendo movimientos r\u00e1pidos y precisos. Con un dise\u00f1o moderno y una construcci\u00f3n de alta calidad, las Joma Spin 2401 est\u00e1n preparadas para jugadores que desean mejorar su juego sin comprometer el confort.","og_url":"https:\/\/revolutionpadelstore.com\/de\/produkt\/joma-spin-men-2401-black-2024-1\/","og_site_name":"Revolution Padel Store","article_modified_time":"2026-04-08T08:30:35+00:00","og_image":[{"width":800,"height":800,"url":"https:\/\/revolutionpadelstore.com\/wp-content\/uploads\/2024\/10\/zapatillas-joma-spin-2401-negro-1-800x800-1.jpg","type":"image\/jpeg"}],"twitter_card":"summary_large_image","twitter_misc":{"Gesch\u00e4tzte Lesezeit":"3\u00a0Minuten"},"schema":{"@context":"https:\/\/schema.org","@graph":[{"@type":"WebPage","@id":"https:\/\/revolutionpadelstore.com\/de\/produkt\/joma-spin-men-2401-black-2024-1\/","url":"https:\/\/revolutionpadelstore.com\/de\/produkt\/joma-spin-men-2401-black-2024-1\/","name":"JOMA SPIN MEN 2401 BLACK 2024 - Revolution Padel Store","isPartOf":{"@id":"https:\/\/revolutionpadelstore.com\/de\/#website"},"primaryImageOfPage":{"@id":"https:\/\/revolutionpadelstore.com\/de\/produkt\/joma-spin-men-2401-black-2024-1\/#primaryimage"},"image":{"@id":"https:\/\/revolutionpadelstore.com\/de\/produkt\/joma-spin-men-2401-black-2024-1\/#primaryimage"},"thumbnailUrl":"https:\/\/revolutionpadelstore.com\/wp-content\/uploads\/2024\/10\/zapatillas-joma-spin-2401-negro-1-800x800-1.jpg","datePublished":"2024-10-09T06:31:17+00:00","dateModified":"2026-04-08T08:30:35+00:00","description":"Las Zapatillas Joma Spin 2401 est\u00e1n dise\u00f1adas para jugadores de p\u00e1del que buscan un calzado ligero y flexible que ofrezca gran comodidad y rendimiento en la pista. Estas zapatillas combinan una excelente tracci\u00f3n, amortiguaci\u00f3n y transpirabilidad, permitiendo movimientos r\u00e1pidos y precisos. Con un dise\u00f1o moderno y una construcci\u00f3n de alta calidad, las Joma Spin 2401 est\u00e1n preparadas para jugadores que desean mejorar su juego sin comprometer el confort.","breadcrumb":{"@id":"https:\/\/revolutionpadelstore.com\/de\/produkt\/joma-spin-men-2401-black-2024-1\/#breadcrumb"},"inLanguage":"de","potentialAction":[{"@type":"ReadAction","target":["https:\/\/revolutionpadelstore.com\/de\/produkt\/joma-spin-men-2401-black-2024-1\/"]}]},{"@type":"ImageObject","inLanguage":"de","@id":"https:\/\/revolutionpadelstore.com\/de\/produkt\/joma-spin-men-2401-black-2024-1\/#primaryimage","url":"https:\/\/revolutionpadelstore.com\/wp-content\/uploads\/2024\/10\/zapatillas-joma-spin-2401-negro-1-800x800-1.jpg","contentUrl":"https:\/\/revolutionpadelstore.com\/wp-content\/uploads\/2024\/10\/zapatillas-joma-spin-2401-negro-1-800x800-1.jpg","width":800,"height":800},{"@type":"BreadcrumbList","@id":"https:\/\/revolutionpadelstore.com\/de\/produkt\/joma-spin-men-2401-black-2024-1\/#breadcrumb","itemListElement":[{"@type":"ListItem","position":1,"name":"Portada","item":"https:\/\/revolutionpadelstore.com\/de\/"},{"@type":"ListItem","position":2,"name":"Shop","item":"https:\/\/revolutionpadelstore.com\/de\/tienda\/"},{"@type":"ListItem","position":3,"name":"JOMA SPIN MEN 2401 BLACK 2024"}]},{"@type":"WebSite","@id":"https:\/\/revolutionpadelstore.com\/de\/#website","url":"https:\/\/revolutionpadelstore.com\/de\/","name":"Revolution Padel Store","description":"","publisher":{"@id":"https:\/\/revolutionpadelstore.com\/de\/#organization"},"potentialAction":[{"@type":"SearchAction","target":{"@type":"EntryPoint","urlTemplate":"https:\/\/revolutionpadelstore.com\/de\/?s={search_term_string}"},"query-input":{"@type":"PropertyValueSpecification","valueRequired":true,"valueName":"search_term_string"}}],"inLanguage":"de"},{"@type":"Organization","@id":"https:\/\/revolutionpadelstore.com\/de\/#organization","name":"Revolution Padel Store","url":"https:\/\/revolutionpadelstore.com\/de\/","logo":{"@type":"ImageObject","inLanguage":"de","@id":"https:\/\/revolutionpadelstore.com\/de\/#\/schema\/logo\/image\/","url":"https:\/\/revolutionpadelstore.com\/wp-content\/uploads\/2026\/02\/revolution-padel-store.jpg","contentUrl":"https:\/\/revolutionpadelstore.com\/wp-content\/uploads\/2026\/02\/revolution-padel-store.jpg","width":2000,"height":2000,"caption":"Revolution Padel Store"},"image":{"@id":"https:\/\/revolutionpadelstore.com\/de\/#\/schema\/logo\/image\/"},"sameAs":["https:\/\/www.instagram.com\/revolutionpadelstore\/"]}]}},"_links":{"self":[{"href":"https:\/\/revolutionpadelstore.com\/de\/wp-json\/wp\/v2\/product\/93771","targetHints":{"allow":["GET"]}}],"collection":[{"href":"https:\/\/revolutionpadelstore.com\/de\/wp-json\/wp\/v2\/product"}],"about":[{"href":"https:\/\/revolutionpadelstore.com\/de\/wp-json\/wp\/v2\/types\/product"}],"replies":[{"embeddable":true,"href":"https:\/\/revolutionpadelstore.com\/de\/wp-json\/wp\/v2\/comments?post=93771"}],"wp:featuredmedia":[{"embeddable":true,"href":"https:\/\/revolutionpadelstore.com\/de\/wp-json\/wp\/v2\/media\/93259"}],"wp:attachment":[{"href":"https:\/\/revolutionpadelstore.com\/de\/wp-json\/wp\/v2\/media?parent=93771"}],"wp:term":[{"taxonomy":"acabado","embeddable":true,"href":"https:\/\/revolutionpadelstore.com\/de\/wp-json\/wp\/v2\/acabado?post=93771"},{"taxonomy":"balance","embeddable":true,"href":"https:\/\/revolutionpadelstore.com\/de\/wp-json\/wp\/v2\/balance?post=93771"},{"taxonomy":"dureza","embeddable":true,"href":"https:\/\/revolutionpadelstore.com\/de\/wp-json\/wp\/v2\/dureza?post=93771"},{"taxonomy":"forma","embeddable":true,"href":"https:\/\/revolutionpadelstore.com\/de\/wp-json\/wp\/v2\/forma?post=93771"},{"taxonomy":"jugador","embeddable":true,"href":"https:\/\/revolutionpadelstore.com\/de\/wp-json\/wp\/v2\/jugador?post=93771"},{"taxonomy":"marca","embeddable":true,"href":"https:\/\/revolutionpadelstore.com\/de\/wp-json\/wp\/v2\/marca?post=93771"},{"taxonomy":"nivel-de-juego","embeddable":true,"href":"https:\/\/revolutionpadelstore.com\/de\/wp-json\/wp\/v2\/nivel-de-juego?post=93771"},{"taxonomy":"superficie","embeddable":true,"href":"https:\/\/revolutionpadelstore.com\/de\/wp-json\/wp\/v2\/superficie?post=93771"},{"taxonomy":"tipo-de-juego","embeddable":true,"href":"https:\/\/revolutionpadelstore.com\/de\/wp-json\/wp\/v2\/tipo-de-juego?post=93771"},{"taxonomy":"product_brand","embeddable":true,"href":"https:\/\/revolutionpadelstore.com\/de\/wp-json\/wp\/v2\/product_brand?post=93771"},{"taxonomy":"product_cat","embeddable":true,"href":"https:\/\/revolutionpadelstore.com\/de\/wp-json\/wp\/v2\/product_cat?post=93771"},{"taxonomy":"product_tag","embeddable":true,"href":"https:\/\/revolutionpadelstore.com\/de\/wp-json\/wp\/v2\/product_tag?post=93771"}],"curies":[{"name":"wp","href":"https:\/\/api.w.org\/{rel}","templated":true}]}}