{"id":93766,"date":"2024-10-11T23:09:27","date_gmt":"2024-10-11T21:09:27","guid":{"rendered":"https:\/\/revolutionpadelstore.com\/starvie-kenta-pro-2025\/"},"modified":"2026-04-08T10:30:05","modified_gmt":"2026-04-08T08:30:05","slug":"starvie-kenta-pro-2025","status":"publish","type":"product","link":"https:\/\/revolutionpadelstore.com\/de\/produkt\/starvie-kenta-pro-2025\/","title":{"rendered":"STARVIE KENTA PRO 2025"},"content":{"rendered":"<p><strong>Starvie Kenta Pro 2025: Kontrollschl\u00e4ger f\u00fcr fortgeschrittene Spieler<\/strong><\/p>\n<p>Der Starvie Kenta Pro 2025 ist ein Padelschl\u00e4ger f\u00fcr alle, die eine raffinierte Spieltechnik suchen. Sein abgerundetes Design bietet einen zentrierten Sweet Spot und sorgt f\u00fcr hervorragende Stabilit\u00e4t und Kontrolle beim Schlagen. Dank seines ausgewogenen Gewichts im Kern bietet er eine ideale Kombination aus Kraft und Pr\u00e4zision, perfekt f\u00fcr erfahrene Spieler.<\/p>\n<p><strong>Entwickelt f\u00fcr technische Spielstile<\/strong><\/p>\n<p>Dieser Schl\u00e4ger ist ideal f\u00fcr Spieler, die eine technische und anspruchsvolle Herangehensweise an ihr Spiel haben. Der Pro 50-Gummi mit seiner h\u00f6heren Dichte verleiht dem Flugzeug zusammen mit den 3K-Carbonschichten eine bemerkenswerte Steifigkeit und erm\u00f6glicht kraftvollere und kontrollierte Schl\u00e4ge. Wenn Sie Wert auf pr\u00e4zises Spiel mit Spin legen, ist der Kenta Pro 2025 die richtige Wahl f\u00fcr fortgeschrittene Leistung.<\/p>\n<p><strong>Funktionen des Starvie Kenta Pro 2025<\/strong><\/p>\n<p style=\"padding-left: 40px\"><strong>-Rundes Design:<\/strong> Bietet optimale Kontrolle und Stabilit\u00e4t.<\/p>\n<p style=\"padding-left: 40px\"><strong>-Pro 50 Gummi:<\/strong> Seine harte Dichte ist ideal f\u00fcr ein technisches Spiel.<\/p>\n<p style=\"padding-left: 40px\"><strong>-3K-Carbonschichten:<\/strong> Sie verleihen jedem Schlag Steifigkeit und Kraft.<\/p>\n<p style=\"padding-left: 40px\"><strong>-Hex Tech-Technologie:<\/strong> Verbessert die Wirkung und Haltbarkeit des Flugzeugs.<\/p>\n<p style=\"padding-left: 40px\"><strong>-Geo Bridge:<\/strong> Erh\u00f6ht das Handling und reduziert Vibrationen.<\/p>\n<p style=\"padding-left: 40px\"><strong>-Reaktive L\u00f6cher:<\/strong> Sie bieten mehr Kraft und Kontrolle sowohl in der Verteidigung als auch im Angriff.<\/p>\n<p style=\"padding-left: 40px\"><strong>-L\u00e4ngerer Handgriff:<\/strong> Mit zus\u00e4tzlichen 1,5 cm an der Manschette f\u00fcr besseren Halt.<\/p>\n<p style=\"padding-left: 40px\"><strong>-Noene Inside:<\/strong> Reduziert die Auswirkungen von Vibrationen um bis zu 96 %.<\/p>\n<p>Der Starvie Kenta Pro 2025 ist die ideale Option, wenn Sie nach einem fortschrittlichen Schl\u00e4ger suchen, der modernste Technologie mit Haltbarkeit und Komfort kombiniert. Verpassen Sie nicht die Gelegenheit, Ihr Spiel mit diesem Schl\u00e4ger f\u00fcr Profis zu verbessern.<strong>Starvie Kenta Pro 2025: Pala de Control para Jugadores Avanzados<\/strong><\/p>\n","protected":false},"excerpt":{"rendered":"<p>Der Starvie Kenta Pro 2025 mit Pro 50-Gummi und doppelten Schichten aus 3K-Carbon bietet fortschrittliche Kontrolle, Kraft und Pr\u00e4zision, ideal f\u00fcr technische Spieler.<\/p>\n","protected":false},"featured_media":93548,"comment_status":"open","ping_status":"closed","template":"","meta":{"_acf_changed":false,"_joinchat":[]},"acabado":[1089],"balance":[1144],"dureza":[1159],"forma":[1179],"jugador":[1189,1199],"marca":[1289],"nivel-de-juego":[1334],"superficie":[1359],"tipo-de-juego":[1369],"product_brand":[],"product_cat":[299],"product_tag":[],"class_list":{"0":"post-93766","1":"product","2":"type-product","3":"status-publish","4":"has-post-thumbnail","6":"acabado-3d-entlasten","7":"balance-niedrig","8":"dureza-dura-de","9":"forma-rund","10":"jugador-mann","11":"jugador-mehrzweck","12":"marca-starvie-de","13":"superficie-rugosa-de","14":"tipo-de-juego-kontrolle","15":"product_cat-palas-de-padel-de","17":"first","18":"instock","19":"sale","20":"taxable","21":"shipping-taxable","22":"purchasable","23":"product-type-simple"},"acf":[],"yoast_head":"<!-- This site is optimized with the Yoast SEO plugin v27.4 - https:\/\/yoast.com\/product\/yoast-seo-wordpress\/ -->\n<title>STARVIE KENTA PRO 2025 - Revolution Padel Store<\/title>\n<meta name=\"description\" content=\"Esta pala es ideal para jugadores que tienen un enfoque t\u00e9cnico y exigente en su juego. La goma Pro 50, con su mayor densidad, junto con las capas de carbono 3K, le otorgan una rigidez notable al plano, lo que permite realizar golpes m\u00e1s potentes y controlados. Si priorizas un juego preciso con efecto, la Kenta Pro 2025 es la elecci\u00f3n adecuada para alcanzar un rendimiento avanzado.\" \/>\n<meta name=\"robots\" content=\"index, follow, max-snippet:-1, max-image-preview:large, max-video-preview:-1\" \/>\n<link rel=\"canonical\" href=\"https:\/\/revolutionpadelstore.com\/de\/produkt\/starvie-kenta-pro-2025\/\" \/>\n<meta property=\"og:locale\" content=\"de_DE\" \/>\n<meta property=\"og:type\" content=\"article\" \/>\n<meta property=\"og:title\" content=\"STARVIE KENTA PRO 2025 - Revolution Padel Store\" \/>\n<meta property=\"og:description\" content=\"Esta pala es ideal para jugadores que tienen un enfoque t\u00e9cnico y exigente en su juego. La goma Pro 50, con su mayor densidad, junto con las capas de carbono 3K, le otorgan una rigidez notable al plano, lo que permite realizar golpes m\u00e1s potentes y controlados. Si priorizas un juego preciso con efecto, la Kenta Pro 2025 es la elecci\u00f3n adecuada para alcanzar un rendimiento avanzado.\" \/>\n<meta property=\"og:url\" content=\"https:\/\/revolutionpadelstore.com\/de\/produkt\/starvie-kenta-pro-2025\/\" \/>\n<meta property=\"og:site_name\" content=\"Revolution Padel Store\" \/>\n<meta property=\"article:modified_time\" content=\"2026-04-08T08:30:05+00:00\" \/>\n<meta property=\"og:image\" content=\"https:\/\/revolutionpadelstore.com\/wp-content\/uploads\/2024\/10\/pala-starvie-kenta-eternal-soft-2025-1-800x800-1.jpg\" \/>\n\t<meta property=\"og:image:width\" content=\"800\" \/>\n\t<meta property=\"og:image:height\" content=\"800\" \/>\n\t<meta property=\"og:image:type\" content=\"image\/jpeg\" \/>\n<meta name=\"twitter:card\" content=\"summary_large_image\" \/>\n<meta name=\"twitter:label1\" content=\"Gesch\u00e4tzte Lesezeit\" \/>\n\t<meta name=\"twitter:data1\" content=\"2\u00a0Minuten\" \/>\n<script type=\"application\/ld+json\" class=\"yoast-schema-graph\">{\"@context\":\"https:\\\/\\\/schema.org\",\"@graph\":[{\"@type\":\"WebPage\",\"@id\":\"https:\\\/\\\/revolutionpadelstore.com\\\/de\\\/produkt\\\/starvie-kenta-pro-2025\\\/\",\"url\":\"https:\\\/\\\/revolutionpadelstore.com\\\/de\\\/produkt\\\/starvie-kenta-pro-2025\\\/\",\"name\":\"STARVIE KENTA PRO 2025 - Revolution Padel Store\",\"isPartOf\":{\"@id\":\"https:\\\/\\\/revolutionpadelstore.com\\\/de\\\/#website\"},\"primaryImageOfPage\":{\"@id\":\"https:\\\/\\\/revolutionpadelstore.com\\\/de\\\/produkt\\\/starvie-kenta-pro-2025\\\/#primaryimage\"},\"image\":{\"@id\":\"https:\\\/\\\/revolutionpadelstore.com\\\/de\\\/produkt\\\/starvie-kenta-pro-2025\\\/#primaryimage\"},\"thumbnailUrl\":\"https:\\\/\\\/revolutionpadelstore.com\\\/wp-content\\\/uploads\\\/2024\\\/10\\\/pala-starvie-kenta-eternal-soft-2025-1-800x800-1.jpg\",\"datePublished\":\"2024-10-11T21:09:27+00:00\",\"dateModified\":\"2026-04-08T08:30:05+00:00\",\"description\":\"Esta pala es ideal para jugadores que tienen un enfoque t\u00e9cnico y exigente en su juego. La goma Pro 50, con su mayor densidad, junto con las capas de carbono 3K, le otorgan una rigidez notable al plano, lo que permite realizar golpes m\u00e1s potentes y controlados. Si priorizas un juego preciso con efecto, la Kenta Pro 2025 es la elecci\u00f3n adecuada para alcanzar un rendimiento avanzado.\",\"breadcrumb\":{\"@id\":\"https:\\\/\\\/revolutionpadelstore.com\\\/de\\\/produkt\\\/starvie-kenta-pro-2025\\\/#breadcrumb\"},\"inLanguage\":\"de\",\"potentialAction\":[{\"@type\":\"ReadAction\",\"target\":[\"https:\\\/\\\/revolutionpadelstore.com\\\/de\\\/produkt\\\/starvie-kenta-pro-2025\\\/\"]}]},{\"@type\":\"ImageObject\",\"inLanguage\":\"de\",\"@id\":\"https:\\\/\\\/revolutionpadelstore.com\\\/de\\\/produkt\\\/starvie-kenta-pro-2025\\\/#primaryimage\",\"url\":\"https:\\\/\\\/revolutionpadelstore.com\\\/wp-content\\\/uploads\\\/2024\\\/10\\\/pala-starvie-kenta-eternal-soft-2025-1-800x800-1.jpg\",\"contentUrl\":\"https:\\\/\\\/revolutionpadelstore.com\\\/wp-content\\\/uploads\\\/2024\\\/10\\\/pala-starvie-kenta-eternal-soft-2025-1-800x800-1.jpg\",\"width\":800,\"height\":800},{\"@type\":\"BreadcrumbList\",\"@id\":\"https:\\\/\\\/revolutionpadelstore.com\\\/de\\\/produkt\\\/starvie-kenta-pro-2025\\\/#breadcrumb\",\"itemListElement\":[{\"@type\":\"ListItem\",\"position\":1,\"name\":\"Portada\",\"item\":\"https:\\\/\\\/revolutionpadelstore.com\\\/de\\\/\"},{\"@type\":\"ListItem\",\"position\":2,\"name\":\"Shop\",\"item\":\"https:\\\/\\\/revolutionpadelstore.com\\\/de\\\/tienda\\\/\"},{\"@type\":\"ListItem\",\"position\":3,\"name\":\"STARVIE KENTA PRO 2025\"}]},{\"@type\":\"WebSite\",\"@id\":\"https:\\\/\\\/revolutionpadelstore.com\\\/de\\\/#website\",\"url\":\"https:\\\/\\\/revolutionpadelstore.com\\\/de\\\/\",\"name\":\"Revolution Padel Store\",\"description\":\"\",\"publisher\":{\"@id\":\"https:\\\/\\\/revolutionpadelstore.com\\\/de\\\/#organization\"},\"potentialAction\":[{\"@type\":\"SearchAction\",\"target\":{\"@type\":\"EntryPoint\",\"urlTemplate\":\"https:\\\/\\\/revolutionpadelstore.com\\\/de\\\/?s={search_term_string}\"},\"query-input\":{\"@type\":\"PropertyValueSpecification\",\"valueRequired\":true,\"valueName\":\"search_term_string\"}}],\"inLanguage\":\"de\"},{\"@type\":\"Organization\",\"@id\":\"https:\\\/\\\/revolutionpadelstore.com\\\/de\\\/#organization\",\"name\":\"Revolution Padel Store\",\"url\":\"https:\\\/\\\/revolutionpadelstore.com\\\/de\\\/\",\"logo\":{\"@type\":\"ImageObject\",\"inLanguage\":\"de\",\"@id\":\"https:\\\/\\\/revolutionpadelstore.com\\\/de\\\/#\\\/schema\\\/logo\\\/image\\\/\",\"url\":\"https:\\\/\\\/revolutionpadelstore.com\\\/wp-content\\\/uploads\\\/2026\\\/02\\\/revolution-padel-store.jpg\",\"contentUrl\":\"https:\\\/\\\/revolutionpadelstore.com\\\/wp-content\\\/uploads\\\/2026\\\/02\\\/revolution-padel-store.jpg\",\"width\":2000,\"height\":2000,\"caption\":\"Revolution Padel Store\"},\"image\":{\"@id\":\"https:\\\/\\\/revolutionpadelstore.com\\\/de\\\/#\\\/schema\\\/logo\\\/image\\\/\"},\"sameAs\":[\"https:\\\/\\\/www.instagram.com\\\/revolutionpadelstore\\\/\"]}]}<\/script>\n<!-- \/ Yoast SEO plugin. -->","yoast_head_json":{"title":"STARVIE KENTA PRO 2025 - Revolution Padel Store","description":"Esta pala es ideal para jugadores que tienen un enfoque t\u00e9cnico y exigente en su juego. La goma Pro 50, con su mayor densidad, junto con las capas de carbono 3K, le otorgan una rigidez notable al plano, lo que permite realizar golpes m\u00e1s potentes y controlados. Si priorizas un juego preciso con efecto, la Kenta Pro 2025 es la elecci\u00f3n adecuada para alcanzar un rendimiento avanzado.","robots":{"index":"index","follow":"follow","max-snippet":"max-snippet:-1","max-image-preview":"max-image-preview:large","max-video-preview":"max-video-preview:-1"},"canonical":"https:\/\/revolutionpadelstore.com\/de\/produkt\/starvie-kenta-pro-2025\/","og_locale":"de_DE","og_type":"article","og_title":"STARVIE KENTA PRO 2025 - Revolution Padel Store","og_description":"Esta pala es ideal para jugadores que tienen un enfoque t\u00e9cnico y exigente en su juego. La goma Pro 50, con su mayor densidad, junto con las capas de carbono 3K, le otorgan una rigidez notable al plano, lo que permite realizar golpes m\u00e1s potentes y controlados. Si priorizas un juego preciso con efecto, la Kenta Pro 2025 es la elecci\u00f3n adecuada para alcanzar un rendimiento avanzado.","og_url":"https:\/\/revolutionpadelstore.com\/de\/produkt\/starvie-kenta-pro-2025\/","og_site_name":"Revolution Padel Store","article_modified_time":"2026-04-08T08:30:05+00:00","og_image":[{"width":800,"height":800,"url":"https:\/\/revolutionpadelstore.com\/wp-content\/uploads\/2024\/10\/pala-starvie-kenta-eternal-soft-2025-1-800x800-1.jpg","type":"image\/jpeg"}],"twitter_card":"summary_large_image","twitter_misc":{"Gesch\u00e4tzte Lesezeit":"2\u00a0Minuten"},"schema":{"@context":"https:\/\/schema.org","@graph":[{"@type":"WebPage","@id":"https:\/\/revolutionpadelstore.com\/de\/produkt\/starvie-kenta-pro-2025\/","url":"https:\/\/revolutionpadelstore.com\/de\/produkt\/starvie-kenta-pro-2025\/","name":"STARVIE KENTA PRO 2025 - Revolution Padel Store","isPartOf":{"@id":"https:\/\/revolutionpadelstore.com\/de\/#website"},"primaryImageOfPage":{"@id":"https:\/\/revolutionpadelstore.com\/de\/produkt\/starvie-kenta-pro-2025\/#primaryimage"},"image":{"@id":"https:\/\/revolutionpadelstore.com\/de\/produkt\/starvie-kenta-pro-2025\/#primaryimage"},"thumbnailUrl":"https:\/\/revolutionpadelstore.com\/wp-content\/uploads\/2024\/10\/pala-starvie-kenta-eternal-soft-2025-1-800x800-1.jpg","datePublished":"2024-10-11T21:09:27+00:00","dateModified":"2026-04-08T08:30:05+00:00","description":"Esta pala es ideal para jugadores que tienen un enfoque t\u00e9cnico y exigente en su juego. La goma Pro 50, con su mayor densidad, junto con las capas de carbono 3K, le otorgan una rigidez notable al plano, lo que permite realizar golpes m\u00e1s potentes y controlados. Si priorizas un juego preciso con efecto, la Kenta Pro 2025 es la elecci\u00f3n adecuada para alcanzar un rendimiento avanzado.","breadcrumb":{"@id":"https:\/\/revolutionpadelstore.com\/de\/produkt\/starvie-kenta-pro-2025\/#breadcrumb"},"inLanguage":"de","potentialAction":[{"@type":"ReadAction","target":["https:\/\/revolutionpadelstore.com\/de\/produkt\/starvie-kenta-pro-2025\/"]}]},{"@type":"ImageObject","inLanguage":"de","@id":"https:\/\/revolutionpadelstore.com\/de\/produkt\/starvie-kenta-pro-2025\/#primaryimage","url":"https:\/\/revolutionpadelstore.com\/wp-content\/uploads\/2024\/10\/pala-starvie-kenta-eternal-soft-2025-1-800x800-1.jpg","contentUrl":"https:\/\/revolutionpadelstore.com\/wp-content\/uploads\/2024\/10\/pala-starvie-kenta-eternal-soft-2025-1-800x800-1.jpg","width":800,"height":800},{"@type":"BreadcrumbList","@id":"https:\/\/revolutionpadelstore.com\/de\/produkt\/starvie-kenta-pro-2025\/#breadcrumb","itemListElement":[{"@type":"ListItem","position":1,"name":"Portada","item":"https:\/\/revolutionpadelstore.com\/de\/"},{"@type":"ListItem","position":2,"name":"Shop","item":"https:\/\/revolutionpadelstore.com\/de\/tienda\/"},{"@type":"ListItem","position":3,"name":"STARVIE KENTA PRO 2025"}]},{"@type":"WebSite","@id":"https:\/\/revolutionpadelstore.com\/de\/#website","url":"https:\/\/revolutionpadelstore.com\/de\/","name":"Revolution Padel Store","description":"","publisher":{"@id":"https:\/\/revolutionpadelstore.com\/de\/#organization"},"potentialAction":[{"@type":"SearchAction","target":{"@type":"EntryPoint","urlTemplate":"https:\/\/revolutionpadelstore.com\/de\/?s={search_term_string}"},"query-input":{"@type":"PropertyValueSpecification","valueRequired":true,"valueName":"search_term_string"}}],"inLanguage":"de"},{"@type":"Organization","@id":"https:\/\/revolutionpadelstore.com\/de\/#organization","name":"Revolution Padel Store","url":"https:\/\/revolutionpadelstore.com\/de\/","logo":{"@type":"ImageObject","inLanguage":"de","@id":"https:\/\/revolutionpadelstore.com\/de\/#\/schema\/logo\/image\/","url":"https:\/\/revolutionpadelstore.com\/wp-content\/uploads\/2026\/02\/revolution-padel-store.jpg","contentUrl":"https:\/\/revolutionpadelstore.com\/wp-content\/uploads\/2026\/02\/revolution-padel-store.jpg","width":2000,"height":2000,"caption":"Revolution Padel Store"},"image":{"@id":"https:\/\/revolutionpadelstore.com\/de\/#\/schema\/logo\/image\/"},"sameAs":["https:\/\/www.instagram.com\/revolutionpadelstore\/"]}]}},"_links":{"self":[{"href":"https:\/\/revolutionpadelstore.com\/de\/wp-json\/wp\/v2\/product\/93766","targetHints":{"allow":["GET"]}}],"collection":[{"href":"https:\/\/revolutionpadelstore.com\/de\/wp-json\/wp\/v2\/product"}],"about":[{"href":"https:\/\/revolutionpadelstore.com\/de\/wp-json\/wp\/v2\/types\/product"}],"replies":[{"embeddable":true,"href":"https:\/\/revolutionpadelstore.com\/de\/wp-json\/wp\/v2\/comments?post=93766"}],"wp:featuredmedia":[{"embeddable":true,"href":"https:\/\/revolutionpadelstore.com\/de\/wp-json\/wp\/v2\/media\/93548"}],"wp:attachment":[{"href":"https:\/\/revolutionpadelstore.com\/de\/wp-json\/wp\/v2\/media?parent=93766"}],"wp:term":[{"taxonomy":"acabado","embeddable":true,"href":"https:\/\/revolutionpadelstore.com\/de\/wp-json\/wp\/v2\/acabado?post=93766"},{"taxonomy":"balance","embeddable":true,"href":"https:\/\/revolutionpadelstore.com\/de\/wp-json\/wp\/v2\/balance?post=93766"},{"taxonomy":"dureza","embeddable":true,"href":"https:\/\/revolutionpadelstore.com\/de\/wp-json\/wp\/v2\/dureza?post=93766"},{"taxonomy":"forma","embeddable":true,"href":"https:\/\/revolutionpadelstore.com\/de\/wp-json\/wp\/v2\/forma?post=93766"},{"taxonomy":"jugador","embeddable":true,"href":"https:\/\/revolutionpadelstore.com\/de\/wp-json\/wp\/v2\/jugador?post=93766"},{"taxonomy":"marca","embeddable":true,"href":"https:\/\/revolutionpadelstore.com\/de\/wp-json\/wp\/v2\/marca?post=93766"},{"taxonomy":"nivel-de-juego","embeddable":true,"href":"https:\/\/revolutionpadelstore.com\/de\/wp-json\/wp\/v2\/nivel-de-juego?post=93766"},{"taxonomy":"superficie","embeddable":true,"href":"https:\/\/revolutionpadelstore.com\/de\/wp-json\/wp\/v2\/superficie?post=93766"},{"taxonomy":"tipo-de-juego","embeddable":true,"href":"https:\/\/revolutionpadelstore.com\/de\/wp-json\/wp\/v2\/tipo-de-juego?post=93766"},{"taxonomy":"product_brand","embeddable":true,"href":"https:\/\/revolutionpadelstore.com\/de\/wp-json\/wp\/v2\/product_brand?post=93766"},{"taxonomy":"product_cat","embeddable":true,"href":"https:\/\/revolutionpadelstore.com\/de\/wp-json\/wp\/v2\/product_cat?post=93766"},{"taxonomy":"product_tag","embeddable":true,"href":"https:\/\/revolutionpadelstore.com\/de\/wp-json\/wp\/v2\/product_tag?post=93766"}],"curies":[{"name":"wp","href":"https:\/\/api.w.org\/{rel}","templated":true}]}}