{"id":93761,"date":"2024-10-11T23:19:37","date_gmt":"2024-10-11T21:19:37","guid":{"rendered":"https:\/\/revolutionpadelstore.com\/starvie-kenta-2025\/"},"modified":"2026-04-08T10:29:33","modified_gmt":"2026-04-08T08:29:33","slug":"starvie-kenta-2025","status":"publish","type":"product","link":"https:\/\/revolutionpadelstore.com\/de\/produkt\/starvie-kenta-2025\/","title":{"rendered":"STARVIE KENTA 2025"},"content":{"rendered":"<p><strong>Starvie Kenta 2025: Die runde Schaufel, die alles hat<\/strong><\/p>\n<p>Der Starvie Kenta 2025 sticht aus der Premium-Reihe der Padelschl\u00e4ger hervor und wurde f\u00fcr diejenigen entwickelt, die ein Gleichgewicht zwischen Kontrolle und Kraft suchen. Sein rundes Design garantiert einen zentrierten Sweet Spot und eine perfekte Balance und macht ihn ideal f\u00fcr jede Art von Schlag, egal ob in der Verteidigung oder im Angriff. Mit einer robusten und dennoch einfach zu handhabenden Konstruktion sind Sie bereit, auf dem Platz zu gl\u00e4nzen!<\/p>\n<p><strong>Perfekt f\u00fcr fortgeschrittene Spieler<\/strong><\/p>\n<p>Wenn Sie auf dem Weg sind, Ihr Spiel zu verbessern und Vielseitigkeit suchen, ist dieser Schl\u00e4ger genau das Richtige f\u00fcr Sie. Ausgestattet mit Soft 30-Gummi bietet es eine unglaubliche Anpassungsf\u00e4higkeit, sodass Sie die Kontrolle behalten, ohne auf Leistung zu verzichten. Seine Leichtigkeit und sein innovatives Design sorgen daf\u00fcr, dass sich jeder Schlag nat\u00fcrlich und angenehm anf\u00fchlt.<\/p>\n<p><strong>Hauptmerkmale des Starvie Kenta 2025<\/strong><\/p>\n<p style=\"padding-left: 40px\"><strong>-Runde Form:<\/strong> Sorgt f\u00fcr bessere Kontrolle bei jedem Spiel.<\/p>\n<p style=\"padding-left: 40px\"><strong>-Soft 30 Gummi:<\/strong> Mit weicher Dichte passt es sich Ihrem Spielstil an.<\/p>\n<p style=\"padding-left: 40px\"><strong>-3K-Carbonschichten:<\/strong> Erh\u00f6hen die Haltbarkeit und Kontrolle.<\/p>\n<p style=\"padding-left: 40px\"><strong>-Hex Tech-Technologie:<\/strong> Verbessert die Wirkung und Pr\u00e4zision Ihrer Treffer.<\/p>\n<p style=\"padding-left: 40px\"><strong>-Geo Bridge:<\/strong> Erleichtert die Handhabung und reduziert Vibrationen.<\/p>\n<p style=\"padding-left: 40px\"><strong>-Reaktive L\u00f6cher:<\/strong> Optimieren Sie Ihre Leistung sowohl im Angriff als auch in der Verteidigung.<\/p>\n<p style=\"padding-left: 40px\"><strong>-L\u00e4ngerer Handgriff:<\/strong> F\u00fcgt zus\u00e4tzliche 1,5 cm f\u00fcr einen bequemeren Griff hinzu.<\/p>\n<p style=\"padding-left: 40px\"><strong>-Noene Inside:<\/strong> Absorbiert bis zu 96 % der Vibrationen und schont so Ihre Handgelenke.<\/p>\n<p>Mit einer Kombination aus fortschrittlicher Technologie und hochwertigen Materialien ist der Starvie Kenta 2025 der ideale Schl\u00e4ger f\u00fcr alle, die ihr Spiel verbessern m\u00f6chten, ohne auf Komfort zu verzichten. Holen Sie es sich und bringen Sie Ihre Leistung auf die n\u00e4chste Stufe!<strong>Starvie Kenta 2025: La Pala Redonda que lo Tiene Todo<\/strong><\/p>\n","protected":false},"excerpt":{"rendered":"<p>Der Starvie Kenta 2025, ein Padelschl\u00e4ger der Premium-Reihe, bietet au\u00dfergew\u00f6hnliche Kontrolle, optimierte Leistung und fortschrittliche Technologien wie Hex Tech und Noene Inside und sorgt so f\u00fcr \u00fcberragende Leistung in jedem Spiel.<\/p>\n","protected":false},"featured_media":93530,"comment_status":"open","ping_status":"closed","template":"","meta":{"_acf_changed":false,"_joinchat":[]},"acabado":[1089],"balance":[1144],"dureza":[1149],"forma":[1179],"jugador":[1189,1199],"marca":[1289],"nivel-de-juego":[1339],"superficie":[1359],"tipo-de-juego":[1369],"product_brand":[],"product_cat":[299],"product_tag":[],"class_list":{"0":"post-93761","1":"product","2":"type-product","3":"status-publish","4":"has-post-thumbnail","6":"acabado-3d-entlasten","7":"balance-niedrig","8":"dureza-blanda-de","9":"forma-rund","10":"jugador-mann","11":"jugador-mehrzweck","12":"marca-starvie-de","13":"superficie-rugosa-de","14":"tipo-de-juego-kontrolle","15":"product_cat-palas-de-padel-de","17":"first","18":"instock","19":"sale","20":"taxable","21":"shipping-taxable","22":"purchasable","23":"product-type-simple"},"acf":[],"yoast_head":"<!-- This site is optimized with the Yoast SEO plugin v27.4 - https:\/\/yoast.com\/product\/yoast-seo-wordpress\/ -->\n<title>STARVIE KENTA 2025 - Revolution Padel Store<\/title>\n<meta name=\"description\" content=\"La Starvie Kenta 2025 se destaca en la gama premium de palas de p\u00e1del, pensada para quienes buscan un equilibrio entre control y potencia. Su dise\u00f1o redondo garantiza un punto dulce centrado y un balance perfecto, lo que la hace ideal para cualquier tipo de golpe, ya sea en defensa o ataque. Con una estructura resistente pero f\u00e1cil de manejar, \u00a1est\u00e1s listo para brillar en la pista!\" \/>\n<meta name=\"robots\" content=\"index, follow, max-snippet:-1, max-image-preview:large, max-video-preview:-1\" \/>\n<link rel=\"canonical\" href=\"https:\/\/revolutionpadelstore.com\/de\/produkt\/starvie-kenta-2025\/\" \/>\n<meta property=\"og:locale\" content=\"de_DE\" \/>\n<meta property=\"og:type\" content=\"article\" \/>\n<meta property=\"og:title\" content=\"STARVIE KENTA 2025 - Revolution Padel Store\" \/>\n<meta property=\"og:description\" content=\"La Starvie Kenta 2025 se destaca en la gama premium de palas de p\u00e1del, pensada para quienes buscan un equilibrio entre control y potencia. Su dise\u00f1o redondo garantiza un punto dulce centrado y un balance perfecto, lo que la hace ideal para cualquier tipo de golpe, ya sea en defensa o ataque. Con una estructura resistente pero f\u00e1cil de manejar, \u00a1est\u00e1s listo para brillar en la pista!\" \/>\n<meta property=\"og:url\" content=\"https:\/\/revolutionpadelstore.com\/de\/produkt\/starvie-kenta-2025\/\" \/>\n<meta property=\"og:site_name\" content=\"Revolution Padel Store\" \/>\n<meta property=\"article:modified_time\" content=\"2026-04-08T08:29:33+00:00\" \/>\n<meta property=\"og:image\" content=\"https:\/\/revolutionpadelstore.com\/wp-content\/uploads\/2024\/10\/pala-starvie-kenta-eternal-pro-2025-1-800x800-1.jpg\" \/>\n\t<meta property=\"og:image:width\" content=\"800\" \/>\n\t<meta property=\"og:image:height\" content=\"800\" \/>\n\t<meta property=\"og:image:type\" content=\"image\/jpeg\" \/>\n<meta name=\"twitter:card\" content=\"summary_large_image\" \/>\n<meta name=\"twitter:label1\" content=\"Gesch\u00e4tzte Lesezeit\" \/>\n\t<meta name=\"twitter:data1\" content=\"2\u00a0Minuten\" \/>\n<script type=\"application\/ld+json\" class=\"yoast-schema-graph\">{\"@context\":\"https:\\\/\\\/schema.org\",\"@graph\":[{\"@type\":\"WebPage\",\"@id\":\"https:\\\/\\\/revolutionpadelstore.com\\\/de\\\/produkt\\\/starvie-kenta-2025\\\/\",\"url\":\"https:\\\/\\\/revolutionpadelstore.com\\\/de\\\/produkt\\\/starvie-kenta-2025\\\/\",\"name\":\"STARVIE KENTA 2025 - Revolution Padel Store\",\"isPartOf\":{\"@id\":\"https:\\\/\\\/revolutionpadelstore.com\\\/de\\\/#website\"},\"primaryImageOfPage\":{\"@id\":\"https:\\\/\\\/revolutionpadelstore.com\\\/de\\\/produkt\\\/starvie-kenta-2025\\\/#primaryimage\"},\"image\":{\"@id\":\"https:\\\/\\\/revolutionpadelstore.com\\\/de\\\/produkt\\\/starvie-kenta-2025\\\/#primaryimage\"},\"thumbnailUrl\":\"https:\\\/\\\/revolutionpadelstore.com\\\/wp-content\\\/uploads\\\/2024\\\/10\\\/pala-starvie-kenta-eternal-pro-2025-1-800x800-1.jpg\",\"datePublished\":\"2024-10-11T21:19:37+00:00\",\"dateModified\":\"2026-04-08T08:29:33+00:00\",\"description\":\"La Starvie Kenta 2025 se destaca en la gama premium de palas de p\u00e1del, pensada para quienes buscan un equilibrio entre control y potencia. Su dise\u00f1o redondo garantiza un punto dulce centrado y un balance perfecto, lo que la hace ideal para cualquier tipo de golpe, ya sea en defensa o ataque. Con una estructura resistente pero f\u00e1cil de manejar, \u00a1est\u00e1s listo para brillar en la pista!\",\"breadcrumb\":{\"@id\":\"https:\\\/\\\/revolutionpadelstore.com\\\/de\\\/produkt\\\/starvie-kenta-2025\\\/#breadcrumb\"},\"inLanguage\":\"de\",\"potentialAction\":[{\"@type\":\"ReadAction\",\"target\":[\"https:\\\/\\\/revolutionpadelstore.com\\\/de\\\/produkt\\\/starvie-kenta-2025\\\/\"]}]},{\"@type\":\"ImageObject\",\"inLanguage\":\"de\",\"@id\":\"https:\\\/\\\/revolutionpadelstore.com\\\/de\\\/produkt\\\/starvie-kenta-2025\\\/#primaryimage\",\"url\":\"https:\\\/\\\/revolutionpadelstore.com\\\/wp-content\\\/uploads\\\/2024\\\/10\\\/pala-starvie-kenta-eternal-pro-2025-1-800x800-1.jpg\",\"contentUrl\":\"https:\\\/\\\/revolutionpadelstore.com\\\/wp-content\\\/uploads\\\/2024\\\/10\\\/pala-starvie-kenta-eternal-pro-2025-1-800x800-1.jpg\",\"width\":800,\"height\":800},{\"@type\":\"BreadcrumbList\",\"@id\":\"https:\\\/\\\/revolutionpadelstore.com\\\/de\\\/produkt\\\/starvie-kenta-2025\\\/#breadcrumb\",\"itemListElement\":[{\"@type\":\"ListItem\",\"position\":1,\"name\":\"Portada\",\"item\":\"https:\\\/\\\/revolutionpadelstore.com\\\/de\\\/\"},{\"@type\":\"ListItem\",\"position\":2,\"name\":\"Shop\",\"item\":\"https:\\\/\\\/revolutionpadelstore.com\\\/de\\\/tienda\\\/\"},{\"@type\":\"ListItem\",\"position\":3,\"name\":\"STARVIE KENTA 2025\"}]},{\"@type\":\"WebSite\",\"@id\":\"https:\\\/\\\/revolutionpadelstore.com\\\/de\\\/#website\",\"url\":\"https:\\\/\\\/revolutionpadelstore.com\\\/de\\\/\",\"name\":\"Revolution Padel Store\",\"description\":\"\",\"publisher\":{\"@id\":\"https:\\\/\\\/revolutionpadelstore.com\\\/de\\\/#organization\"},\"potentialAction\":[{\"@type\":\"SearchAction\",\"target\":{\"@type\":\"EntryPoint\",\"urlTemplate\":\"https:\\\/\\\/revolutionpadelstore.com\\\/de\\\/?s={search_term_string}\"},\"query-input\":{\"@type\":\"PropertyValueSpecification\",\"valueRequired\":true,\"valueName\":\"search_term_string\"}}],\"inLanguage\":\"de\"},{\"@type\":\"Organization\",\"@id\":\"https:\\\/\\\/revolutionpadelstore.com\\\/de\\\/#organization\",\"name\":\"Revolution Padel Store\",\"url\":\"https:\\\/\\\/revolutionpadelstore.com\\\/de\\\/\",\"logo\":{\"@type\":\"ImageObject\",\"inLanguage\":\"de\",\"@id\":\"https:\\\/\\\/revolutionpadelstore.com\\\/de\\\/#\\\/schema\\\/logo\\\/image\\\/\",\"url\":\"https:\\\/\\\/revolutionpadelstore.com\\\/wp-content\\\/uploads\\\/2026\\\/02\\\/revolution-padel-store.jpg\",\"contentUrl\":\"https:\\\/\\\/revolutionpadelstore.com\\\/wp-content\\\/uploads\\\/2026\\\/02\\\/revolution-padel-store.jpg\",\"width\":2000,\"height\":2000,\"caption\":\"Revolution Padel Store\"},\"image\":{\"@id\":\"https:\\\/\\\/revolutionpadelstore.com\\\/de\\\/#\\\/schema\\\/logo\\\/image\\\/\"},\"sameAs\":[\"https:\\\/\\\/www.instagram.com\\\/revolutionpadelstore\\\/\"]}]}<\/script>\n<!-- \/ Yoast SEO plugin. -->","yoast_head_json":{"title":"STARVIE KENTA 2025 - Revolution Padel Store","description":"La Starvie Kenta 2025 se destaca en la gama premium de palas de p\u00e1del, pensada para quienes buscan un equilibrio entre control y potencia. Su dise\u00f1o redondo garantiza un punto dulce centrado y un balance perfecto, lo que la hace ideal para cualquier tipo de golpe, ya sea en defensa o ataque. Con una estructura resistente pero f\u00e1cil de manejar, \u00a1est\u00e1s listo para brillar en la pista!","robots":{"index":"index","follow":"follow","max-snippet":"max-snippet:-1","max-image-preview":"max-image-preview:large","max-video-preview":"max-video-preview:-1"},"canonical":"https:\/\/revolutionpadelstore.com\/de\/produkt\/starvie-kenta-2025\/","og_locale":"de_DE","og_type":"article","og_title":"STARVIE KENTA 2025 - Revolution Padel Store","og_description":"La Starvie Kenta 2025 se destaca en la gama premium de palas de p\u00e1del, pensada para quienes buscan un equilibrio entre control y potencia. Su dise\u00f1o redondo garantiza un punto dulce centrado y un balance perfecto, lo que la hace ideal para cualquier tipo de golpe, ya sea en defensa o ataque. Con una estructura resistente pero f\u00e1cil de manejar, \u00a1est\u00e1s listo para brillar en la pista!","og_url":"https:\/\/revolutionpadelstore.com\/de\/produkt\/starvie-kenta-2025\/","og_site_name":"Revolution Padel Store","article_modified_time":"2026-04-08T08:29:33+00:00","og_image":[{"width":800,"height":800,"url":"https:\/\/revolutionpadelstore.com\/wp-content\/uploads\/2024\/10\/pala-starvie-kenta-eternal-pro-2025-1-800x800-1.jpg","type":"image\/jpeg"}],"twitter_card":"summary_large_image","twitter_misc":{"Gesch\u00e4tzte Lesezeit":"2\u00a0Minuten"},"schema":{"@context":"https:\/\/schema.org","@graph":[{"@type":"WebPage","@id":"https:\/\/revolutionpadelstore.com\/de\/produkt\/starvie-kenta-2025\/","url":"https:\/\/revolutionpadelstore.com\/de\/produkt\/starvie-kenta-2025\/","name":"STARVIE KENTA 2025 - Revolution Padel Store","isPartOf":{"@id":"https:\/\/revolutionpadelstore.com\/de\/#website"},"primaryImageOfPage":{"@id":"https:\/\/revolutionpadelstore.com\/de\/produkt\/starvie-kenta-2025\/#primaryimage"},"image":{"@id":"https:\/\/revolutionpadelstore.com\/de\/produkt\/starvie-kenta-2025\/#primaryimage"},"thumbnailUrl":"https:\/\/revolutionpadelstore.com\/wp-content\/uploads\/2024\/10\/pala-starvie-kenta-eternal-pro-2025-1-800x800-1.jpg","datePublished":"2024-10-11T21:19:37+00:00","dateModified":"2026-04-08T08:29:33+00:00","description":"La Starvie Kenta 2025 se destaca en la gama premium de palas de p\u00e1del, pensada para quienes buscan un equilibrio entre control y potencia. Su dise\u00f1o redondo garantiza un punto dulce centrado y un balance perfecto, lo que la hace ideal para cualquier tipo de golpe, ya sea en defensa o ataque. Con una estructura resistente pero f\u00e1cil de manejar, \u00a1est\u00e1s listo para brillar en la pista!","breadcrumb":{"@id":"https:\/\/revolutionpadelstore.com\/de\/produkt\/starvie-kenta-2025\/#breadcrumb"},"inLanguage":"de","potentialAction":[{"@type":"ReadAction","target":["https:\/\/revolutionpadelstore.com\/de\/produkt\/starvie-kenta-2025\/"]}]},{"@type":"ImageObject","inLanguage":"de","@id":"https:\/\/revolutionpadelstore.com\/de\/produkt\/starvie-kenta-2025\/#primaryimage","url":"https:\/\/revolutionpadelstore.com\/wp-content\/uploads\/2024\/10\/pala-starvie-kenta-eternal-pro-2025-1-800x800-1.jpg","contentUrl":"https:\/\/revolutionpadelstore.com\/wp-content\/uploads\/2024\/10\/pala-starvie-kenta-eternal-pro-2025-1-800x800-1.jpg","width":800,"height":800},{"@type":"BreadcrumbList","@id":"https:\/\/revolutionpadelstore.com\/de\/produkt\/starvie-kenta-2025\/#breadcrumb","itemListElement":[{"@type":"ListItem","position":1,"name":"Portada","item":"https:\/\/revolutionpadelstore.com\/de\/"},{"@type":"ListItem","position":2,"name":"Shop","item":"https:\/\/revolutionpadelstore.com\/de\/tienda\/"},{"@type":"ListItem","position":3,"name":"STARVIE KENTA 2025"}]},{"@type":"WebSite","@id":"https:\/\/revolutionpadelstore.com\/de\/#website","url":"https:\/\/revolutionpadelstore.com\/de\/","name":"Revolution Padel Store","description":"","publisher":{"@id":"https:\/\/revolutionpadelstore.com\/de\/#organization"},"potentialAction":[{"@type":"SearchAction","target":{"@type":"EntryPoint","urlTemplate":"https:\/\/revolutionpadelstore.com\/de\/?s={search_term_string}"},"query-input":{"@type":"PropertyValueSpecification","valueRequired":true,"valueName":"search_term_string"}}],"inLanguage":"de"},{"@type":"Organization","@id":"https:\/\/revolutionpadelstore.com\/de\/#organization","name":"Revolution Padel Store","url":"https:\/\/revolutionpadelstore.com\/de\/","logo":{"@type":"ImageObject","inLanguage":"de","@id":"https:\/\/revolutionpadelstore.com\/de\/#\/schema\/logo\/image\/","url":"https:\/\/revolutionpadelstore.com\/wp-content\/uploads\/2026\/02\/revolution-padel-store.jpg","contentUrl":"https:\/\/revolutionpadelstore.com\/wp-content\/uploads\/2026\/02\/revolution-padel-store.jpg","width":2000,"height":2000,"caption":"Revolution Padel Store"},"image":{"@id":"https:\/\/revolutionpadelstore.com\/de\/#\/schema\/logo\/image\/"},"sameAs":["https:\/\/www.instagram.com\/revolutionpadelstore\/"]}]}},"_links":{"self":[{"href":"https:\/\/revolutionpadelstore.com\/de\/wp-json\/wp\/v2\/product\/93761","targetHints":{"allow":["GET"]}}],"collection":[{"href":"https:\/\/revolutionpadelstore.com\/de\/wp-json\/wp\/v2\/product"}],"about":[{"href":"https:\/\/revolutionpadelstore.com\/de\/wp-json\/wp\/v2\/types\/product"}],"replies":[{"embeddable":true,"href":"https:\/\/revolutionpadelstore.com\/de\/wp-json\/wp\/v2\/comments?post=93761"}],"wp:featuredmedia":[{"embeddable":true,"href":"https:\/\/revolutionpadelstore.com\/de\/wp-json\/wp\/v2\/media\/93530"}],"wp:attachment":[{"href":"https:\/\/revolutionpadelstore.com\/de\/wp-json\/wp\/v2\/media?parent=93761"}],"wp:term":[{"taxonomy":"acabado","embeddable":true,"href":"https:\/\/revolutionpadelstore.com\/de\/wp-json\/wp\/v2\/acabado?post=93761"},{"taxonomy":"balance","embeddable":true,"href":"https:\/\/revolutionpadelstore.com\/de\/wp-json\/wp\/v2\/balance?post=93761"},{"taxonomy":"dureza","embeddable":true,"href":"https:\/\/revolutionpadelstore.com\/de\/wp-json\/wp\/v2\/dureza?post=93761"},{"taxonomy":"forma","embeddable":true,"href":"https:\/\/revolutionpadelstore.com\/de\/wp-json\/wp\/v2\/forma?post=93761"},{"taxonomy":"jugador","embeddable":true,"href":"https:\/\/revolutionpadelstore.com\/de\/wp-json\/wp\/v2\/jugador?post=93761"},{"taxonomy":"marca","embeddable":true,"href":"https:\/\/revolutionpadelstore.com\/de\/wp-json\/wp\/v2\/marca?post=93761"},{"taxonomy":"nivel-de-juego","embeddable":true,"href":"https:\/\/revolutionpadelstore.com\/de\/wp-json\/wp\/v2\/nivel-de-juego?post=93761"},{"taxonomy":"superficie","embeddable":true,"href":"https:\/\/revolutionpadelstore.com\/de\/wp-json\/wp\/v2\/superficie?post=93761"},{"taxonomy":"tipo-de-juego","embeddable":true,"href":"https:\/\/revolutionpadelstore.com\/de\/wp-json\/wp\/v2\/tipo-de-juego?post=93761"},{"taxonomy":"product_brand","embeddable":true,"href":"https:\/\/revolutionpadelstore.com\/de\/wp-json\/wp\/v2\/product_brand?post=93761"},{"taxonomy":"product_cat","embeddable":true,"href":"https:\/\/revolutionpadelstore.com\/de\/wp-json\/wp\/v2\/product_cat?post=93761"},{"taxonomy":"product_tag","embeddable":true,"href":"https:\/\/revolutionpadelstore.com\/de\/wp-json\/wp\/v2\/product_tag?post=93761"}],"curies":[{"name":"wp","href":"https:\/\/api.w.org\/{rel}","templated":true}]}}