{"id":93756,"date":"2024-10-11T23:29:10","date_gmt":"2024-10-11T21:29:10","guid":{"rendered":"https:\/\/revolutionpadelstore.com\/starvie-brava-pro-2025\/"},"modified":"2026-04-08T10:29:03","modified_gmt":"2026-04-08T08:29:03","slug":"starvie-brava-pro-2025","status":"publish","type":"product","link":"https:\/\/revolutionpadelstore.com\/de\/produkt\/starvie-brava-pro-2025\/","title":{"rendered":"STARVIE BRAVA PRO 2025"},"content":{"rendered":"<div class=\"flex max-w-full flex-col flex-grow\">\n<div class=\"min-h-8 text-message flex w-full flex-col items-end gap-2 whitespace-normal break-words [.text-message+&amp;]:mt-5\" dir=\"auto\" data-message-author-role=\"assistant\" data-message-id=\"1ad89067-fc6d-4e6d-8732-53eda61b34f8\" data-message-model-slug=\"gpt-4o-mini\">\n<div class=\"flex w-full flex-col gap-1 empty:hidden first:pt-[3px]\">\n<div class=\"markdown prose w-full break-words dark:prose-invert dark\">\n<p><strong>StarVie Brava Pro 2025: Kontrolle und Power auf der Strecke<\/strong><\/p>\n<p>Der StarVie Brava Pro 2025, Teil der Universe-Kollektion, ist darauf ausgelegt, bei jedem Spiel eine herausragende Leistung zu liefern und einen vielseitigen Spielstil zu erm\u00f6glichen. Seine Tropfenform mit einem Sweet Spot an der Spitze erweitert die Schlagfl\u00e4che und sorgt f\u00fcr mehr Kraft bei Luftschl\u00e4gen.<\/p>\n<p><strong>Ideal f\u00fcr fortgeschrittene Spieler<\/strong><\/p>\n<p>Mit einem robusten Design und hochwertigen Materialien ist der Brava Pro 2025 perfekt f\u00fcr fortgeschrittene Spieler oder Profis, die sich zus\u00e4tzliche Vielseitigkeit in ihrem Spiel w\u00fcnschen. Technische Spieler werden die hervorragende Kontrolle und Kraft ihrer Schl\u00e4ge sowie die bemerkenswerte Ballausbeute zu sch\u00e4tzen wissen. Die raue Textur der Oberfl\u00e4che erleichtert das Auftragen von Drehungen und \u00fcberrascht die Konkurrenz mit seiner Pr\u00e4zision.<\/p>\n<p><strong>Aufbau des StarVie Brava Pro<\/strong><\/p>\n<p style=\"padding-left: 40px\"><strong>-EVA PRO 50 Gummikern:<\/strong> Harte Dichte, optimiert die Geschwindigkeit des Balls und verbessert die Pr\u00e4zision beim Schlagen.<\/p>\n<p style=\"padding-left: 40px\"><strong>-15K Carbon Flats:<\/strong> Sie bieten mehr Komfort, bessere Handhabbarkeit und \u00fcberlegene Flexibilit\u00e4t beim Schlagen.<\/p>\n<p style=\"padding-left: 40px\"><strong>-Raues sternf\u00f6rmiges Finish:<\/strong> Dank des Full-Plane-Effekts k\u00f6nnen Effekte pr\u00e4ziser angewendet werden.<\/p>\n<p style=\"padding-left: 40px\"><strong>-Noene Inside Technology:<\/strong> Verbessert die Absorption von Vibrationen und reduziert die durch St\u00f6\u00dfe erzeugte Energie.<\/p>\n<p style=\"padding-left: 40px\"><strong>-Core Brava System im Herzen:<\/strong> Gleicht das Gewicht aus und minimiert Vibrationen f\u00fcr mehr Stabilit\u00e4t.<\/p>\n<p style=\"padding-left: 40px\"><strong>-Star Balance Piece:<\/strong> Bewegt das Gleichgewicht in Richtung der Faust und verbessert so Beschleunigung, Beweglichkeit und Kontrolle.<\/p>\n<p style=\"padding-left: 40px\"><strong>-F\u00fcnf Seiten im Profil:<\/strong> Erh\u00f6ht die Aerodynamik und Agilit\u00e4t des Schl\u00e4gers.<\/p>\n<p style=\"padding-left: 40px\"><strong>-Gewicht:<\/strong> Zwischen 350 und 380 Gramm.<\/p>\n<p style=\"padding-left: 40px\"><strong>-Handwerkliche Herstellung in Spanien:<\/strong> Gew\u00e4hrleistet Qualit\u00e4t und Liebe zum Detail.<\/p>\n<p>Der StarVie Brava Pro 2025 ist Ihr perfekter Verb\u00fcndeter, wenn Sie einen Schl\u00e4ger suchen, der sich an jede Situation auf dem Platz anpasst und es Ihnen erm\u00f6glicht, sowohl im Angriff als auch in der Verteidigung das Beste zu bieten. Mit seinen rauen 15K-Carbon-Flugzeugen genie\u00dfen Sie mehr Spin und Komfort bei jedem Schlag. Entdecken Sie die Vielseitigkeit, die Sie brauchen, im Revolution Padel Store!<\/p>\n<\/div>\n<\/div>\n<\/div>\n<\/div>\n","protected":false},"excerpt":{"rendered":"<p>StarVie Brava Pro 2025 wurde entwickelt, um technisch versierten Padelspielern die beste Leistung in Verteidigung und Angriff zu gew\u00e4hrleisten. EVA Pro 50 Gummikern.<\/p>\n","protected":false},"featured_media":93512,"comment_status":"open","ping_status":"closed","template":"","meta":{"_acf_changed":false,"_joinchat":[]},"acabado":[1104],"balance":[1134],"dureza":[1159],"forma":[1184],"jugador":[1189,1199],"marca":[1289],"nivel-de-juego":[1334],"superficie":[1359],"tipo-de-juego":[1384],"product_brand":[],"product_cat":[299],"product_tag":[],"class_list":{"0":"post-93756","1":"product","2":"type-product","3":"status-publish","4":"has-post-thumbnail","6":"acabado-rau","7":"balance-hoch","8":"dureza-dura-de","9":"forma-lagrima-de","10":"jugador-mann","11":"jugador-mehrzweck","12":"marca-starvie-de","13":"superficie-rugosa-de","14":"tipo-de-juego-mehrzweck","15":"product_cat-palas-de-padel-de","17":"first","18":"instock","19":"sale","20":"taxable","21":"shipping-taxable","22":"purchasable","23":"product-type-simple"},"acf":[],"yoast_head":"<!-- This site is optimized with the Yoast SEO plugin v27.4 - https:\/\/yoast.com\/product\/yoast-seo-wordpress\/ -->\n<title>STARVIE BRAVA PRO 2025 - Revolution Padel Store<\/title>\n<meta name=\"description\" content=\"La pala de p\u00e1del StarVie Brava Pro 2025, parte de la colecci\u00f3n Universe, est\u00e1 dise\u00f1ada para ofrecer un rendimiento excepcional en todo momento, logrando un juego vers\u00e1til en la pista. Su formato en l\u00e1grima, con un punto dulce t\u00e9cnico en la parte superior, ampl\u00eda la zona de golpeo y potencia los golpes a\u00e9reos con mayor fuerza.\" \/>\n<meta name=\"robots\" content=\"index, follow, max-snippet:-1, max-image-preview:large, max-video-preview:-1\" \/>\n<link rel=\"canonical\" href=\"https:\/\/revolutionpadelstore.com\/de\/produkt\/starvie-brava-pro-2025\/\" \/>\n<meta property=\"og:locale\" content=\"de_DE\" \/>\n<meta property=\"og:type\" content=\"article\" \/>\n<meta property=\"og:title\" content=\"STARVIE BRAVA PRO 2025 - Revolution Padel Store\" \/>\n<meta property=\"og:description\" content=\"La pala de p\u00e1del StarVie Brava Pro 2025, parte de la colecci\u00f3n Universe, est\u00e1 dise\u00f1ada para ofrecer un rendimiento excepcional en todo momento, logrando un juego vers\u00e1til en la pista. Su formato en l\u00e1grima, con un punto dulce t\u00e9cnico en la parte superior, ampl\u00eda la zona de golpeo y potencia los golpes a\u00e9reos con mayor fuerza.\" \/>\n<meta property=\"og:url\" content=\"https:\/\/revolutionpadelstore.com\/de\/produkt\/starvie-brava-pro-2025\/\" \/>\n<meta property=\"og:site_name\" content=\"Revolution Padel Store\" \/>\n<meta property=\"article:modified_time\" content=\"2026-04-08T08:29:03+00:00\" \/>\n<meta property=\"og:image\" content=\"https:\/\/revolutionpadelstore.com\/wp-content\/uploads\/2024\/10\/pala-starvie-brava-soft-2025-1-800x800-1.jpg\" \/>\n\t<meta property=\"og:image:width\" content=\"800\" \/>\n\t<meta property=\"og:image:height\" content=\"800\" \/>\n\t<meta property=\"og:image:type\" content=\"image\/jpeg\" \/>\n<meta name=\"twitter:card\" content=\"summary_large_image\" \/>\n<meta name=\"twitter:label1\" content=\"Gesch\u00e4tzte Lesezeit\" \/>\n\t<meta name=\"twitter:data1\" content=\"2\u00a0Minuten\" \/>\n<script type=\"application\/ld+json\" class=\"yoast-schema-graph\">{\"@context\":\"https:\\\/\\\/schema.org\",\"@graph\":[{\"@type\":\"WebPage\",\"@id\":\"https:\\\/\\\/revolutionpadelstore.com\\\/de\\\/produkt\\\/starvie-brava-pro-2025\\\/\",\"url\":\"https:\\\/\\\/revolutionpadelstore.com\\\/de\\\/produkt\\\/starvie-brava-pro-2025\\\/\",\"name\":\"STARVIE BRAVA PRO 2025 - Revolution Padel Store\",\"isPartOf\":{\"@id\":\"https:\\\/\\\/revolutionpadelstore.com\\\/de\\\/#website\"},\"primaryImageOfPage\":{\"@id\":\"https:\\\/\\\/revolutionpadelstore.com\\\/de\\\/produkt\\\/starvie-brava-pro-2025\\\/#primaryimage\"},\"image\":{\"@id\":\"https:\\\/\\\/revolutionpadelstore.com\\\/de\\\/produkt\\\/starvie-brava-pro-2025\\\/#primaryimage\"},\"thumbnailUrl\":\"https:\\\/\\\/revolutionpadelstore.com\\\/wp-content\\\/uploads\\\/2024\\\/10\\\/pala-starvie-brava-soft-2025-1-800x800-1.jpg\",\"datePublished\":\"2024-10-11T21:29:10+00:00\",\"dateModified\":\"2026-04-08T08:29:03+00:00\",\"description\":\"La pala de p\u00e1del StarVie Brava Pro 2025, parte de la colecci\u00f3n Universe, est\u00e1 dise\u00f1ada para ofrecer un rendimiento excepcional en todo momento, logrando un juego vers\u00e1til en la pista. Su formato en l\u00e1grima, con un punto dulce t\u00e9cnico en la parte superior, ampl\u00eda la zona de golpeo y potencia los golpes a\u00e9reos con mayor fuerza.\",\"breadcrumb\":{\"@id\":\"https:\\\/\\\/revolutionpadelstore.com\\\/de\\\/produkt\\\/starvie-brava-pro-2025\\\/#breadcrumb\"},\"inLanguage\":\"de\",\"potentialAction\":[{\"@type\":\"ReadAction\",\"target\":[\"https:\\\/\\\/revolutionpadelstore.com\\\/de\\\/produkt\\\/starvie-brava-pro-2025\\\/\"]}]},{\"@type\":\"ImageObject\",\"inLanguage\":\"de\",\"@id\":\"https:\\\/\\\/revolutionpadelstore.com\\\/de\\\/produkt\\\/starvie-brava-pro-2025\\\/#primaryimage\",\"url\":\"https:\\\/\\\/revolutionpadelstore.com\\\/wp-content\\\/uploads\\\/2024\\\/10\\\/pala-starvie-brava-soft-2025-1-800x800-1.jpg\",\"contentUrl\":\"https:\\\/\\\/revolutionpadelstore.com\\\/wp-content\\\/uploads\\\/2024\\\/10\\\/pala-starvie-brava-soft-2025-1-800x800-1.jpg\",\"width\":800,\"height\":800},{\"@type\":\"BreadcrumbList\",\"@id\":\"https:\\\/\\\/revolutionpadelstore.com\\\/de\\\/produkt\\\/starvie-brava-pro-2025\\\/#breadcrumb\",\"itemListElement\":[{\"@type\":\"ListItem\",\"position\":1,\"name\":\"Portada\",\"item\":\"https:\\\/\\\/revolutionpadelstore.com\\\/de\\\/\"},{\"@type\":\"ListItem\",\"position\":2,\"name\":\"Shop\",\"item\":\"https:\\\/\\\/revolutionpadelstore.com\\\/de\\\/tienda\\\/\"},{\"@type\":\"ListItem\",\"position\":3,\"name\":\"STARVIE BRAVA PRO 2025\"}]},{\"@type\":\"WebSite\",\"@id\":\"https:\\\/\\\/revolutionpadelstore.com\\\/de\\\/#website\",\"url\":\"https:\\\/\\\/revolutionpadelstore.com\\\/de\\\/\",\"name\":\"Revolution Padel Store\",\"description\":\"\",\"publisher\":{\"@id\":\"https:\\\/\\\/revolutionpadelstore.com\\\/de\\\/#organization\"},\"potentialAction\":[{\"@type\":\"SearchAction\",\"target\":{\"@type\":\"EntryPoint\",\"urlTemplate\":\"https:\\\/\\\/revolutionpadelstore.com\\\/de\\\/?s={search_term_string}\"},\"query-input\":{\"@type\":\"PropertyValueSpecification\",\"valueRequired\":true,\"valueName\":\"search_term_string\"}}],\"inLanguage\":\"de\"},{\"@type\":\"Organization\",\"@id\":\"https:\\\/\\\/revolutionpadelstore.com\\\/de\\\/#organization\",\"name\":\"Revolution Padel Store\",\"url\":\"https:\\\/\\\/revolutionpadelstore.com\\\/de\\\/\",\"logo\":{\"@type\":\"ImageObject\",\"inLanguage\":\"de\",\"@id\":\"https:\\\/\\\/revolutionpadelstore.com\\\/de\\\/#\\\/schema\\\/logo\\\/image\\\/\",\"url\":\"https:\\\/\\\/revolutionpadelstore.com\\\/wp-content\\\/uploads\\\/2026\\\/02\\\/revolution-padel-store.jpg\",\"contentUrl\":\"https:\\\/\\\/revolutionpadelstore.com\\\/wp-content\\\/uploads\\\/2026\\\/02\\\/revolution-padel-store.jpg\",\"width\":2000,\"height\":2000,\"caption\":\"Revolution Padel Store\"},\"image\":{\"@id\":\"https:\\\/\\\/revolutionpadelstore.com\\\/de\\\/#\\\/schema\\\/logo\\\/image\\\/\"},\"sameAs\":[\"https:\\\/\\\/www.instagram.com\\\/revolutionpadelstore\\\/\"]}]}<\/script>\n<!-- \/ Yoast SEO plugin. -->","yoast_head_json":{"title":"STARVIE BRAVA PRO 2025 - Revolution Padel Store","description":"La pala de p\u00e1del StarVie Brava Pro 2025, parte de la colecci\u00f3n Universe, est\u00e1 dise\u00f1ada para ofrecer un rendimiento excepcional en todo momento, logrando un juego vers\u00e1til en la pista. Su formato en l\u00e1grima, con un punto dulce t\u00e9cnico en la parte superior, ampl\u00eda la zona de golpeo y potencia los golpes a\u00e9reos con mayor fuerza.","robots":{"index":"index","follow":"follow","max-snippet":"max-snippet:-1","max-image-preview":"max-image-preview:large","max-video-preview":"max-video-preview:-1"},"canonical":"https:\/\/revolutionpadelstore.com\/de\/produkt\/starvie-brava-pro-2025\/","og_locale":"de_DE","og_type":"article","og_title":"STARVIE BRAVA PRO 2025 - Revolution Padel Store","og_description":"La pala de p\u00e1del StarVie Brava Pro 2025, parte de la colecci\u00f3n Universe, est\u00e1 dise\u00f1ada para ofrecer un rendimiento excepcional en todo momento, logrando un juego vers\u00e1til en la pista. Su formato en l\u00e1grima, con un punto dulce t\u00e9cnico en la parte superior, ampl\u00eda la zona de golpeo y potencia los golpes a\u00e9reos con mayor fuerza.","og_url":"https:\/\/revolutionpadelstore.com\/de\/produkt\/starvie-brava-pro-2025\/","og_site_name":"Revolution Padel Store","article_modified_time":"2026-04-08T08:29:03+00:00","og_image":[{"width":800,"height":800,"url":"https:\/\/revolutionpadelstore.com\/wp-content\/uploads\/2024\/10\/pala-starvie-brava-soft-2025-1-800x800-1.jpg","type":"image\/jpeg"}],"twitter_card":"summary_large_image","twitter_misc":{"Gesch\u00e4tzte Lesezeit":"2\u00a0Minuten"},"schema":{"@context":"https:\/\/schema.org","@graph":[{"@type":"WebPage","@id":"https:\/\/revolutionpadelstore.com\/de\/produkt\/starvie-brava-pro-2025\/","url":"https:\/\/revolutionpadelstore.com\/de\/produkt\/starvie-brava-pro-2025\/","name":"STARVIE BRAVA PRO 2025 - Revolution Padel Store","isPartOf":{"@id":"https:\/\/revolutionpadelstore.com\/de\/#website"},"primaryImageOfPage":{"@id":"https:\/\/revolutionpadelstore.com\/de\/produkt\/starvie-brava-pro-2025\/#primaryimage"},"image":{"@id":"https:\/\/revolutionpadelstore.com\/de\/produkt\/starvie-brava-pro-2025\/#primaryimage"},"thumbnailUrl":"https:\/\/revolutionpadelstore.com\/wp-content\/uploads\/2024\/10\/pala-starvie-brava-soft-2025-1-800x800-1.jpg","datePublished":"2024-10-11T21:29:10+00:00","dateModified":"2026-04-08T08:29:03+00:00","description":"La pala de p\u00e1del StarVie Brava Pro 2025, parte de la colecci\u00f3n Universe, est\u00e1 dise\u00f1ada para ofrecer un rendimiento excepcional en todo momento, logrando un juego vers\u00e1til en la pista. Su formato en l\u00e1grima, con un punto dulce t\u00e9cnico en la parte superior, ampl\u00eda la zona de golpeo y potencia los golpes a\u00e9reos con mayor fuerza.","breadcrumb":{"@id":"https:\/\/revolutionpadelstore.com\/de\/produkt\/starvie-brava-pro-2025\/#breadcrumb"},"inLanguage":"de","potentialAction":[{"@type":"ReadAction","target":["https:\/\/revolutionpadelstore.com\/de\/produkt\/starvie-brava-pro-2025\/"]}]},{"@type":"ImageObject","inLanguage":"de","@id":"https:\/\/revolutionpadelstore.com\/de\/produkt\/starvie-brava-pro-2025\/#primaryimage","url":"https:\/\/revolutionpadelstore.com\/wp-content\/uploads\/2024\/10\/pala-starvie-brava-soft-2025-1-800x800-1.jpg","contentUrl":"https:\/\/revolutionpadelstore.com\/wp-content\/uploads\/2024\/10\/pala-starvie-brava-soft-2025-1-800x800-1.jpg","width":800,"height":800},{"@type":"BreadcrumbList","@id":"https:\/\/revolutionpadelstore.com\/de\/produkt\/starvie-brava-pro-2025\/#breadcrumb","itemListElement":[{"@type":"ListItem","position":1,"name":"Portada","item":"https:\/\/revolutionpadelstore.com\/de\/"},{"@type":"ListItem","position":2,"name":"Shop","item":"https:\/\/revolutionpadelstore.com\/de\/tienda\/"},{"@type":"ListItem","position":3,"name":"STARVIE BRAVA PRO 2025"}]},{"@type":"WebSite","@id":"https:\/\/revolutionpadelstore.com\/de\/#website","url":"https:\/\/revolutionpadelstore.com\/de\/","name":"Revolution Padel Store","description":"","publisher":{"@id":"https:\/\/revolutionpadelstore.com\/de\/#organization"},"potentialAction":[{"@type":"SearchAction","target":{"@type":"EntryPoint","urlTemplate":"https:\/\/revolutionpadelstore.com\/de\/?s={search_term_string}"},"query-input":{"@type":"PropertyValueSpecification","valueRequired":true,"valueName":"search_term_string"}}],"inLanguage":"de"},{"@type":"Organization","@id":"https:\/\/revolutionpadelstore.com\/de\/#organization","name":"Revolution Padel Store","url":"https:\/\/revolutionpadelstore.com\/de\/","logo":{"@type":"ImageObject","inLanguage":"de","@id":"https:\/\/revolutionpadelstore.com\/de\/#\/schema\/logo\/image\/","url":"https:\/\/revolutionpadelstore.com\/wp-content\/uploads\/2026\/02\/revolution-padel-store.jpg","contentUrl":"https:\/\/revolutionpadelstore.com\/wp-content\/uploads\/2026\/02\/revolution-padel-store.jpg","width":2000,"height":2000,"caption":"Revolution Padel Store"},"image":{"@id":"https:\/\/revolutionpadelstore.com\/de\/#\/schema\/logo\/image\/"},"sameAs":["https:\/\/www.instagram.com\/revolutionpadelstore\/"]}]}},"_links":{"self":[{"href":"https:\/\/revolutionpadelstore.com\/de\/wp-json\/wp\/v2\/product\/93756","targetHints":{"allow":["GET"]}}],"collection":[{"href":"https:\/\/revolutionpadelstore.com\/de\/wp-json\/wp\/v2\/product"}],"about":[{"href":"https:\/\/revolutionpadelstore.com\/de\/wp-json\/wp\/v2\/types\/product"}],"replies":[{"embeddable":true,"href":"https:\/\/revolutionpadelstore.com\/de\/wp-json\/wp\/v2\/comments?post=93756"}],"wp:featuredmedia":[{"embeddable":true,"href":"https:\/\/revolutionpadelstore.com\/de\/wp-json\/wp\/v2\/media\/93512"}],"wp:attachment":[{"href":"https:\/\/revolutionpadelstore.com\/de\/wp-json\/wp\/v2\/media?parent=93756"}],"wp:term":[{"taxonomy":"acabado","embeddable":true,"href":"https:\/\/revolutionpadelstore.com\/de\/wp-json\/wp\/v2\/acabado?post=93756"},{"taxonomy":"balance","embeddable":true,"href":"https:\/\/revolutionpadelstore.com\/de\/wp-json\/wp\/v2\/balance?post=93756"},{"taxonomy":"dureza","embeddable":true,"href":"https:\/\/revolutionpadelstore.com\/de\/wp-json\/wp\/v2\/dureza?post=93756"},{"taxonomy":"forma","embeddable":true,"href":"https:\/\/revolutionpadelstore.com\/de\/wp-json\/wp\/v2\/forma?post=93756"},{"taxonomy":"jugador","embeddable":true,"href":"https:\/\/revolutionpadelstore.com\/de\/wp-json\/wp\/v2\/jugador?post=93756"},{"taxonomy":"marca","embeddable":true,"href":"https:\/\/revolutionpadelstore.com\/de\/wp-json\/wp\/v2\/marca?post=93756"},{"taxonomy":"nivel-de-juego","embeddable":true,"href":"https:\/\/revolutionpadelstore.com\/de\/wp-json\/wp\/v2\/nivel-de-juego?post=93756"},{"taxonomy":"superficie","embeddable":true,"href":"https:\/\/revolutionpadelstore.com\/de\/wp-json\/wp\/v2\/superficie?post=93756"},{"taxonomy":"tipo-de-juego","embeddable":true,"href":"https:\/\/revolutionpadelstore.com\/de\/wp-json\/wp\/v2\/tipo-de-juego?post=93756"},{"taxonomy":"product_brand","embeddable":true,"href":"https:\/\/revolutionpadelstore.com\/de\/wp-json\/wp\/v2\/product_brand?post=93756"},{"taxonomy":"product_cat","embeddable":true,"href":"https:\/\/revolutionpadelstore.com\/de\/wp-json\/wp\/v2\/product_cat?post=93756"},{"taxonomy":"product_tag","embeddable":true,"href":"https:\/\/revolutionpadelstore.com\/de\/wp-json\/wp\/v2\/product_tag?post=93756"}],"curies":[{"name":"wp","href":"https:\/\/api.w.org\/{rel}","templated":true}]}}