{"id":93751,"date":"2024-10-12T20:33:28","date_gmt":"2024-10-12T18:33:28","guid":{"rendered":"https:\/\/revolutionpadelstore.com\/starvie-astrum-2025\/"},"modified":"2026-04-08T10:28:34","modified_gmt":"2026-04-08T08:28:34","slug":"starvie-astrum-2025","status":"publish","type":"product","link":"https:\/\/revolutionpadelstore.com\/de\/produkt\/starvie-astrum-2025\/","title":{"rendered":"STARVIE ASTRUM 2025"},"content":{"rendered":"<p><strong>StarVie Astrum 2025: \u00dcberlegene Leistung und Geschwindigkeit im Spiel<\/strong><\/p>\n<p>Der Schl\u00e4ger StarVie Astrum 2025 geh\u00f6rt zur prestigetr\u00e4chtigen Premium-Reihe und hat ein abgerundetes Design mit der optimalen Spitze in der Mitte, was ihn zu einer idealen Option f\u00fcr einen vielseitigen Spielstil macht. Sein Gewicht, das zwischen 350 Gramm variiert, garantiert hervorragende Handhabbarkeit und Komfort.<\/p>\n<p><strong>Entwickelt f\u00fcr fortgeschrittene Spieler<\/strong><\/p>\n<p>Der Astrum 2025 wurde entwickelt, um herausragende Leistung auf dem Platz zu bieten, insbesondere f\u00fcr Spieler mittleren Niveaus, die sowohl Kontrolle als auch Vielseitigkeit bei ihren Schl\u00e4gen maximieren m\u00f6chten. Dieser Schl\u00e4ger passt sich leicht an verschiedene Spielstile an und erm\u00f6glicht eine pr\u00e4zise und effektive Ausf\u00fchrung in verschiedenen Situationen.<\/p>\n<p>Durch die raue Oberfl\u00e4che des Schl\u00e4gers l\u00e4sst sich der Ball leicht mit Spin versehen, was die M\u00f6glichkeit bietet, den Gegner mit strategischen Spielz\u00fcgen zu \u00fcberraschen.<\/p>\n<p><strong>Funktionen und fortschrittliche Technologien des StarVie Astrum<\/strong><\/p>\n<p style=\"padding-left: 40px\"><strong>-Kern:<\/strong> Hergestellt aus EVA Soft 30-Gummi, der eine schnelle und effiziente Reaktion beim Schlagen bietet.<\/p>\n<p style=\"padding-left: 40px\"><strong>-Hochwertige Materialien:<\/strong> Die Flugzeuge bestehen aus zwei Schichten 15K aluminisiertem Carbon und bieten eine weiche Haptik und verbesserten Komfort.<\/p>\n<p style=\"padding-left: 40px\"><strong>-Raue Oberfl\u00e4che:<\/strong> Dank des Full-Plane-Effekts k\u00f6nnen Sie Effekte mit hoher Pr\u00e4zision drucken.<\/p>\n<p style=\"padding-left: 40px\"><strong>-Best\u00e4ndige Struktur:<\/strong> 3K-Carbon-Rohrrahmen, der Haltbarkeit und Steifigkeit gew\u00e4hrleistet.<\/p>\n<p style=\"padding-left: 40px\"><strong>-Optimierte Balance:<\/strong> Die Star Balance-Technologie im Herzen verbessert die Balance des Schl\u00e4gers und erm\u00f6glicht so eine bessere Kontrolle w\u00e4hrend des Spiels.<\/p>\n<p style=\"padding-left: 40px\"><strong>-Erweiterter Schutz:<\/strong> Die Faust ist mit der Noene Inside-Technologie ausgestattet, die 96 % der durch St\u00f6\u00dfe erzeugten negativen Energie reduziert.<\/p>\n<p style=\"padding-left: 40px\"><strong>-Aerodynamisches Design:<\/strong> Die Five Side Tech-Technologie verbessert die Aerodynamik und Steifigkeit des Profils.<\/p>\n<p style=\"padding-left: 40px\"><strong>-Handwerkliche Herstellung:<\/strong> Das Produkt wird zu 100 % in Spanien hergestellt und garantiert Qualit\u00e4t und Liebe zum Detail.<\/p>\n<p style=\"padding-left: 40px\"><strong>-Inklusive Zubeh\u00f6r:<\/strong> Ausgestattet mit einem verstellbaren Sicherheitsseil und einem \u00f6kologischen Turnbeutel.<\/p>\n<p>Kaufen Sie den runden Padelschl\u00e4ger StarVie Astrum 2025 im Revolution Padel Store und steigern Sie Ihre Leistung sowohl bei defensiven Spielen als auch bei kraftvollen Angriffen. Dieser Schl\u00e4ger ist die optimale Wahl f\u00fcr fortgeschrittene Spieler, die in ihrem Spiel ein perfektes Gleichgewicht zwischen Kontrolle und Kraft suchen.<strong>StarVie Astrum 2025: Rendimiento Superior y Velocidad en el Juego<\/strong><\/p>\n","protected":false},"excerpt":{"rendered":"<p>Runder Schl\u00e4ger mit zentriertem Sweet Point StarVie Astrum 2025, der sich darauf konzentriert, Padelspielern mittlerer Leistungsstufe ein vielseitiges Spiel zu bieten. Raue doppelschichtige 15K aluminisierte Carbon-Flugzeuge.<\/p>\n","protected":false},"featured_media":93440,"comment_status":"open","ping_status":"closed","template":"","meta":{"_acf_changed":false,"_joinchat":[]},"acabado":[1089,1104],"balance":[1139],"dureza":[1149],"forma":[1179],"jugador":[1189,1199],"marca":[1289],"nivel-de-juego":[1334],"superficie":[1359],"tipo-de-juego":[1384],"product_brand":[],"product_cat":[299],"product_tag":[],"class_list":{"0":"post-93751","1":"product","2":"type-product","3":"status-publish","4":"has-post-thumbnail","6":"acabado-3d-entlasten","7":"acabado-rau","8":"balance-mittel","9":"dureza-blanda-de","10":"forma-rund","11":"jugador-mann","12":"jugador-mehrzweck","13":"marca-starvie-de","14":"superficie-rugosa-de","15":"tipo-de-juego-mehrzweck","16":"product_cat-palas-de-padel-de","18":"first","19":"instock","20":"sale","21":"taxable","22":"shipping-taxable","23":"purchasable","24":"product-type-simple"},"acf":[],"yoast_head":"<!-- This site is optimized with the Yoast SEO plugin v27.4 - https:\/\/yoast.com\/product\/yoast-seo-wordpress\/ -->\n<title>STARVIE ASTRUM 2025 - Revolution Padel Store<\/title>\n<meta name=\"description\" content=\"La pala de p\u00e1del StarVie Astrum 2025, de la gama Premium, tiene una forma redonda con el punto \u00f3ptimo ubicado en el centro del plano, por lo que es un modelo enfocado en un juego polivalente. La Astrum 2025 proporciona un excelente confort y, gracias a su peso que va desde los 350 gramos, se consigue una f\u00e1cil manejabilidad.\" \/>\n<meta name=\"robots\" content=\"index, follow, max-snippet:-1, max-image-preview:large, max-video-preview:-1\" \/>\n<link rel=\"canonical\" href=\"https:\/\/revolutionpadelstore.com\/de\/produkt\/starvie-astrum-2025\/\" \/>\n<meta property=\"og:locale\" content=\"de_DE\" \/>\n<meta property=\"og:type\" content=\"article\" \/>\n<meta property=\"og:title\" content=\"STARVIE ASTRUM 2025 - Revolution Padel Store\" \/>\n<meta property=\"og:description\" content=\"La pala de p\u00e1del StarVie Astrum 2025, de la gama Premium, tiene una forma redonda con el punto \u00f3ptimo ubicado en el centro del plano, por lo que es un modelo enfocado en un juego polivalente. La Astrum 2025 proporciona un excelente confort y, gracias a su peso que va desde los 350 gramos, se consigue una f\u00e1cil manejabilidad.\" \/>\n<meta property=\"og:url\" content=\"https:\/\/revolutionpadelstore.com\/de\/produkt\/starvie-astrum-2025\/\" \/>\n<meta property=\"og:site_name\" content=\"Revolution Padel Store\" \/>\n<meta property=\"article:modified_time\" content=\"2026-04-08T08:28:34+00:00\" \/>\n<meta property=\"og:image\" content=\"https:\/\/revolutionpadelstore.com\/wp-content\/uploads\/2024\/10\/pala-starvie-astrum-soft-2025-1-800x800-1.jpg\" \/>\n\t<meta property=\"og:image:width\" content=\"800\" \/>\n\t<meta property=\"og:image:height\" content=\"800\" \/>\n\t<meta property=\"og:image:type\" content=\"image\/jpeg\" \/>\n<meta name=\"twitter:card\" content=\"summary_large_image\" \/>\n<meta name=\"twitter:label1\" content=\"Gesch\u00e4tzte Lesezeit\" \/>\n\t<meta name=\"twitter:data1\" content=\"2\u00a0Minuten\" \/>\n<script type=\"application\/ld+json\" class=\"yoast-schema-graph\">{\"@context\":\"https:\\\/\\\/schema.org\",\"@graph\":[{\"@type\":\"WebPage\",\"@id\":\"https:\\\/\\\/revolutionpadelstore.com\\\/de\\\/produkt\\\/starvie-astrum-2025\\\/\",\"url\":\"https:\\\/\\\/revolutionpadelstore.com\\\/de\\\/produkt\\\/starvie-astrum-2025\\\/\",\"name\":\"STARVIE ASTRUM 2025 - Revolution Padel Store\",\"isPartOf\":{\"@id\":\"https:\\\/\\\/revolutionpadelstore.com\\\/de\\\/#website\"},\"primaryImageOfPage\":{\"@id\":\"https:\\\/\\\/revolutionpadelstore.com\\\/de\\\/produkt\\\/starvie-astrum-2025\\\/#primaryimage\"},\"image\":{\"@id\":\"https:\\\/\\\/revolutionpadelstore.com\\\/de\\\/produkt\\\/starvie-astrum-2025\\\/#primaryimage\"},\"thumbnailUrl\":\"https:\\\/\\\/revolutionpadelstore.com\\\/wp-content\\\/uploads\\\/2024\\\/10\\\/pala-starvie-astrum-soft-2025-1-800x800-1.jpg\",\"datePublished\":\"2024-10-12T18:33:28+00:00\",\"dateModified\":\"2026-04-08T08:28:34+00:00\",\"description\":\"La pala de p\u00e1del StarVie Astrum 2025, de la gama Premium, tiene una forma redonda con el punto \u00f3ptimo ubicado en el centro del plano, por lo que es un modelo enfocado en un juego polivalente. La Astrum 2025 proporciona un excelente confort y, gracias a su peso que va desde los 350 gramos, se consigue una f\u00e1cil manejabilidad.\",\"breadcrumb\":{\"@id\":\"https:\\\/\\\/revolutionpadelstore.com\\\/de\\\/produkt\\\/starvie-astrum-2025\\\/#breadcrumb\"},\"inLanguage\":\"de\",\"potentialAction\":[{\"@type\":\"ReadAction\",\"target\":[\"https:\\\/\\\/revolutionpadelstore.com\\\/de\\\/produkt\\\/starvie-astrum-2025\\\/\"]}]},{\"@type\":\"ImageObject\",\"inLanguage\":\"de\",\"@id\":\"https:\\\/\\\/revolutionpadelstore.com\\\/de\\\/produkt\\\/starvie-astrum-2025\\\/#primaryimage\",\"url\":\"https:\\\/\\\/revolutionpadelstore.com\\\/wp-content\\\/uploads\\\/2024\\\/10\\\/pala-starvie-astrum-soft-2025-1-800x800-1.jpg\",\"contentUrl\":\"https:\\\/\\\/revolutionpadelstore.com\\\/wp-content\\\/uploads\\\/2024\\\/10\\\/pala-starvie-astrum-soft-2025-1-800x800-1.jpg\",\"width\":800,\"height\":800},{\"@type\":\"BreadcrumbList\",\"@id\":\"https:\\\/\\\/revolutionpadelstore.com\\\/de\\\/produkt\\\/starvie-astrum-2025\\\/#breadcrumb\",\"itemListElement\":[{\"@type\":\"ListItem\",\"position\":1,\"name\":\"Portada\",\"item\":\"https:\\\/\\\/revolutionpadelstore.com\\\/de\\\/\"},{\"@type\":\"ListItem\",\"position\":2,\"name\":\"Shop\",\"item\":\"https:\\\/\\\/revolutionpadelstore.com\\\/de\\\/tienda\\\/\"},{\"@type\":\"ListItem\",\"position\":3,\"name\":\"STARVIE ASTRUM 2025\"}]},{\"@type\":\"WebSite\",\"@id\":\"https:\\\/\\\/revolutionpadelstore.com\\\/de\\\/#website\",\"url\":\"https:\\\/\\\/revolutionpadelstore.com\\\/de\\\/\",\"name\":\"Revolution Padel Store\",\"description\":\"\",\"publisher\":{\"@id\":\"https:\\\/\\\/revolutionpadelstore.com\\\/de\\\/#organization\"},\"potentialAction\":[{\"@type\":\"SearchAction\",\"target\":{\"@type\":\"EntryPoint\",\"urlTemplate\":\"https:\\\/\\\/revolutionpadelstore.com\\\/de\\\/?s={search_term_string}\"},\"query-input\":{\"@type\":\"PropertyValueSpecification\",\"valueRequired\":true,\"valueName\":\"search_term_string\"}}],\"inLanguage\":\"de\"},{\"@type\":\"Organization\",\"@id\":\"https:\\\/\\\/revolutionpadelstore.com\\\/de\\\/#organization\",\"name\":\"Revolution Padel Store\",\"url\":\"https:\\\/\\\/revolutionpadelstore.com\\\/de\\\/\",\"logo\":{\"@type\":\"ImageObject\",\"inLanguage\":\"de\",\"@id\":\"https:\\\/\\\/revolutionpadelstore.com\\\/de\\\/#\\\/schema\\\/logo\\\/image\\\/\",\"url\":\"https:\\\/\\\/revolutionpadelstore.com\\\/wp-content\\\/uploads\\\/2026\\\/02\\\/revolution-padel-store.jpg\",\"contentUrl\":\"https:\\\/\\\/revolutionpadelstore.com\\\/wp-content\\\/uploads\\\/2026\\\/02\\\/revolution-padel-store.jpg\",\"width\":2000,\"height\":2000,\"caption\":\"Revolution Padel Store\"},\"image\":{\"@id\":\"https:\\\/\\\/revolutionpadelstore.com\\\/de\\\/#\\\/schema\\\/logo\\\/image\\\/\"},\"sameAs\":[\"https:\\\/\\\/www.instagram.com\\\/revolutionpadelstore\\\/\"]}]}<\/script>\n<!-- \/ Yoast SEO plugin. -->","yoast_head_json":{"title":"STARVIE ASTRUM 2025 - Revolution Padel Store","description":"La pala de p\u00e1del StarVie Astrum 2025, de la gama Premium, tiene una forma redonda con el punto \u00f3ptimo ubicado en el centro del plano, por lo que es un modelo enfocado en un juego polivalente. La Astrum 2025 proporciona un excelente confort y, gracias a su peso que va desde los 350 gramos, se consigue una f\u00e1cil manejabilidad.","robots":{"index":"index","follow":"follow","max-snippet":"max-snippet:-1","max-image-preview":"max-image-preview:large","max-video-preview":"max-video-preview:-1"},"canonical":"https:\/\/revolutionpadelstore.com\/de\/produkt\/starvie-astrum-2025\/","og_locale":"de_DE","og_type":"article","og_title":"STARVIE ASTRUM 2025 - Revolution Padel Store","og_description":"La pala de p\u00e1del StarVie Astrum 2025, de la gama Premium, tiene una forma redonda con el punto \u00f3ptimo ubicado en el centro del plano, por lo que es un modelo enfocado en un juego polivalente. La Astrum 2025 proporciona un excelente confort y, gracias a su peso que va desde los 350 gramos, se consigue una f\u00e1cil manejabilidad.","og_url":"https:\/\/revolutionpadelstore.com\/de\/produkt\/starvie-astrum-2025\/","og_site_name":"Revolution Padel Store","article_modified_time":"2026-04-08T08:28:34+00:00","og_image":[{"width":800,"height":800,"url":"https:\/\/revolutionpadelstore.com\/wp-content\/uploads\/2024\/10\/pala-starvie-astrum-soft-2025-1-800x800-1.jpg","type":"image\/jpeg"}],"twitter_card":"summary_large_image","twitter_misc":{"Gesch\u00e4tzte Lesezeit":"2\u00a0Minuten"},"schema":{"@context":"https:\/\/schema.org","@graph":[{"@type":"WebPage","@id":"https:\/\/revolutionpadelstore.com\/de\/produkt\/starvie-astrum-2025\/","url":"https:\/\/revolutionpadelstore.com\/de\/produkt\/starvie-astrum-2025\/","name":"STARVIE ASTRUM 2025 - Revolution Padel Store","isPartOf":{"@id":"https:\/\/revolutionpadelstore.com\/de\/#website"},"primaryImageOfPage":{"@id":"https:\/\/revolutionpadelstore.com\/de\/produkt\/starvie-astrum-2025\/#primaryimage"},"image":{"@id":"https:\/\/revolutionpadelstore.com\/de\/produkt\/starvie-astrum-2025\/#primaryimage"},"thumbnailUrl":"https:\/\/revolutionpadelstore.com\/wp-content\/uploads\/2024\/10\/pala-starvie-astrum-soft-2025-1-800x800-1.jpg","datePublished":"2024-10-12T18:33:28+00:00","dateModified":"2026-04-08T08:28:34+00:00","description":"La pala de p\u00e1del StarVie Astrum 2025, de la gama Premium, tiene una forma redonda con el punto \u00f3ptimo ubicado en el centro del plano, por lo que es un modelo enfocado en un juego polivalente. La Astrum 2025 proporciona un excelente confort y, gracias a su peso que va desde los 350 gramos, se consigue una f\u00e1cil manejabilidad.","breadcrumb":{"@id":"https:\/\/revolutionpadelstore.com\/de\/produkt\/starvie-astrum-2025\/#breadcrumb"},"inLanguage":"de","potentialAction":[{"@type":"ReadAction","target":["https:\/\/revolutionpadelstore.com\/de\/produkt\/starvie-astrum-2025\/"]}]},{"@type":"ImageObject","inLanguage":"de","@id":"https:\/\/revolutionpadelstore.com\/de\/produkt\/starvie-astrum-2025\/#primaryimage","url":"https:\/\/revolutionpadelstore.com\/wp-content\/uploads\/2024\/10\/pala-starvie-astrum-soft-2025-1-800x800-1.jpg","contentUrl":"https:\/\/revolutionpadelstore.com\/wp-content\/uploads\/2024\/10\/pala-starvie-astrum-soft-2025-1-800x800-1.jpg","width":800,"height":800},{"@type":"BreadcrumbList","@id":"https:\/\/revolutionpadelstore.com\/de\/produkt\/starvie-astrum-2025\/#breadcrumb","itemListElement":[{"@type":"ListItem","position":1,"name":"Portada","item":"https:\/\/revolutionpadelstore.com\/de\/"},{"@type":"ListItem","position":2,"name":"Shop","item":"https:\/\/revolutionpadelstore.com\/de\/tienda\/"},{"@type":"ListItem","position":3,"name":"STARVIE ASTRUM 2025"}]},{"@type":"WebSite","@id":"https:\/\/revolutionpadelstore.com\/de\/#website","url":"https:\/\/revolutionpadelstore.com\/de\/","name":"Revolution Padel Store","description":"","publisher":{"@id":"https:\/\/revolutionpadelstore.com\/de\/#organization"},"potentialAction":[{"@type":"SearchAction","target":{"@type":"EntryPoint","urlTemplate":"https:\/\/revolutionpadelstore.com\/de\/?s={search_term_string}"},"query-input":{"@type":"PropertyValueSpecification","valueRequired":true,"valueName":"search_term_string"}}],"inLanguage":"de"},{"@type":"Organization","@id":"https:\/\/revolutionpadelstore.com\/de\/#organization","name":"Revolution Padel Store","url":"https:\/\/revolutionpadelstore.com\/de\/","logo":{"@type":"ImageObject","inLanguage":"de","@id":"https:\/\/revolutionpadelstore.com\/de\/#\/schema\/logo\/image\/","url":"https:\/\/revolutionpadelstore.com\/wp-content\/uploads\/2026\/02\/revolution-padel-store.jpg","contentUrl":"https:\/\/revolutionpadelstore.com\/wp-content\/uploads\/2026\/02\/revolution-padel-store.jpg","width":2000,"height":2000,"caption":"Revolution Padel Store"},"image":{"@id":"https:\/\/revolutionpadelstore.com\/de\/#\/schema\/logo\/image\/"},"sameAs":["https:\/\/www.instagram.com\/revolutionpadelstore\/"]}]}},"_links":{"self":[{"href":"https:\/\/revolutionpadelstore.com\/de\/wp-json\/wp\/v2\/product\/93751","targetHints":{"allow":["GET"]}}],"collection":[{"href":"https:\/\/revolutionpadelstore.com\/de\/wp-json\/wp\/v2\/product"}],"about":[{"href":"https:\/\/revolutionpadelstore.com\/de\/wp-json\/wp\/v2\/types\/product"}],"replies":[{"embeddable":true,"href":"https:\/\/revolutionpadelstore.com\/de\/wp-json\/wp\/v2\/comments?post=93751"}],"wp:featuredmedia":[{"embeddable":true,"href":"https:\/\/revolutionpadelstore.com\/de\/wp-json\/wp\/v2\/media\/93440"}],"wp:attachment":[{"href":"https:\/\/revolutionpadelstore.com\/de\/wp-json\/wp\/v2\/media?parent=93751"}],"wp:term":[{"taxonomy":"acabado","embeddable":true,"href":"https:\/\/revolutionpadelstore.com\/de\/wp-json\/wp\/v2\/acabado?post=93751"},{"taxonomy":"balance","embeddable":true,"href":"https:\/\/revolutionpadelstore.com\/de\/wp-json\/wp\/v2\/balance?post=93751"},{"taxonomy":"dureza","embeddable":true,"href":"https:\/\/revolutionpadelstore.com\/de\/wp-json\/wp\/v2\/dureza?post=93751"},{"taxonomy":"forma","embeddable":true,"href":"https:\/\/revolutionpadelstore.com\/de\/wp-json\/wp\/v2\/forma?post=93751"},{"taxonomy":"jugador","embeddable":true,"href":"https:\/\/revolutionpadelstore.com\/de\/wp-json\/wp\/v2\/jugador?post=93751"},{"taxonomy":"marca","embeddable":true,"href":"https:\/\/revolutionpadelstore.com\/de\/wp-json\/wp\/v2\/marca?post=93751"},{"taxonomy":"nivel-de-juego","embeddable":true,"href":"https:\/\/revolutionpadelstore.com\/de\/wp-json\/wp\/v2\/nivel-de-juego?post=93751"},{"taxonomy":"superficie","embeddable":true,"href":"https:\/\/revolutionpadelstore.com\/de\/wp-json\/wp\/v2\/superficie?post=93751"},{"taxonomy":"tipo-de-juego","embeddable":true,"href":"https:\/\/revolutionpadelstore.com\/de\/wp-json\/wp\/v2\/tipo-de-juego?post=93751"},{"taxonomy":"product_brand","embeddable":true,"href":"https:\/\/revolutionpadelstore.com\/de\/wp-json\/wp\/v2\/product_brand?post=93751"},{"taxonomy":"product_cat","embeddable":true,"href":"https:\/\/revolutionpadelstore.com\/de\/wp-json\/wp\/v2\/product_cat?post=93751"},{"taxonomy":"product_tag","embeddable":true,"href":"https:\/\/revolutionpadelstore.com\/de\/wp-json\/wp\/v2\/product_tag?post=93751"}],"curies":[{"name":"wp","href":"https:\/\/api.w.org\/{rel}","templated":true}]}}