{"id":93746,"date":"2024-10-12T20:43:03","date_gmt":"2024-10-12T18:43:03","guid":{"rendered":"https:\/\/revolutionpadelstore.com\/starvie-brava-2025\/"},"modified":"2026-04-08T10:28:03","modified_gmt":"2026-04-08T08:28:03","slug":"starvie-brava-2025","status":"publish","type":"product","link":"https:\/\/revolutionpadelstore.com\/de\/produkt\/starvie-brava-2025\/","title":{"rendered":"STARVIE BRAVA 2025"},"content":{"rendered":"<p><strong>StarVie Brava 2025: Vielseitigkeit im Spiel<\/strong><\/p>\n<p>Der Padelschl\u00e4ger StarVie Brava 2025, Teil der Universe-Reihe, ist darauf ausgelegt, in allen Spielsituationen au\u00dfergew\u00f6hnliche Leistung zu bieten, was ihn zu einer idealen Option f\u00fcr einen vielseitigen Spielstil macht. Seine Tropfenform mit einem eher technischen Sweet Spot an der Oberseite maximiert die Schlagfl\u00e4che und erm\u00f6glicht es Ihnen, bei Luftschl\u00e4gen bemerkenswerte Kraft zu erzeugen.<\/p>\n<p><strong>Perfekt f\u00fcr fortgeschrittene Spieler<\/strong><\/p>\n<p>Mit seinem innovativen Design und der robusten Konstruktion, hergestellt aus hochwertigen Materialien und fortschrittlichen Technologien, ist der Brava 2025 die erste Wahl f\u00fcr Spieler mittlerer Spielst\u00e4rke, die ihr vielseitiges Spiel verbessern m\u00f6chten.<\/p>\n<p>Die Spieler genie\u00dfen ein hervorragendes Gleichgewicht zwischen Kontrolle und Kraft sowie eine bemerkenswerte Ballausbeute. Die raue Oberfl\u00e4che der Flugzeuge erleichtert die Anwendung von Effekten und erm\u00f6glicht so eine wirkungsvolle \u00dcberraschung des Gegners.<\/p>\n<p><strong>Funktionen und Technologien des StarVie Brava<\/strong><\/p>\n<p style=\"padding-left: 40px\"><strong>-Kern:<\/strong> EVA Soft 30-Gummi, der die Schlagausf\u00fchrung optimiert und die Geschwindigkeit erh\u00f6ht.<\/p>\n<p style=\"padding-left: 40px\"><strong>-Materialien:<\/strong> Flugzeuge aus 15K Carbon, die mehr Komfort, Handlichkeit und Flexibilit\u00e4t beim Schlagen bieten.<\/p>\n<p style=\"padding-left: 40px\"><strong>-Raue Oberfl\u00e4che:<\/strong> Mit dem sternf\u00f6rmigen Full-Plane-Effekt sorgt es f\u00fcr Pr\u00e4zision beim Anwenden von Spin auf den Ball.<\/p>\n<p style=\"padding-left: 40px\"><strong>-Vibrationsabsorption:<\/strong> Die Noene Inside-Technologie reduziert Vibrationsenergie f\u00fcr komfortableres Spielen.<\/p>\n<p style=\"padding-left: 40px\"><strong>-Core Brava:<\/strong> Diese Technologie im Herzen des Schl\u00e4gers verbessert Balance und Pr\u00e4zision und minimiert Vibrationen.<\/p>\n<p style=\"padding-left: 40px\"><strong>-Optimale Balance:<\/strong> Durch die Integration des Star Balance-Teils wird das Gewicht in Richtung der Faust verlagert, wodurch Beschleunigung, Beweglichkeit und Spielgef\u00fchl verbessert werden.<\/ p ><\/p>\n<p style=\"padding-left: 40px\"><strong>-Steifigkeit und Aerodynamik:<\/strong> Die auf das Profil angewendete Five Side-Technologie erh\u00f6ht die Steifigkeit und verbessert die Aerodynamik des Blattes.<\/p>\n<p style=\"padding-left: 40px\"><strong>-Design und Gewicht:<\/strong> Tropfenform, hoher Sweetspot und Gewicht, das zwischen 350 und 380 Gramm variiert.<\/p>\n<p style=\"padding-left: 40px\"><strong>-Artisan Manufacturing:<\/strong> Das Produkt wird zu 100 % in Spanien hergestellt und garantiert Qualit\u00e4t und Liebe zum Detail.<\/p>\n<p>Kaufen Sie den Padelschl\u00e4ger StarVie Brava 2025 im Revolution Padel Store und erleben Sie beispiellose Vielseitigkeit. Bew\u00e4ltigen Sie jede Situation auf der Rennstrecke mit Zuversicht, dank der Kombination aus Kontrolle, Kraft und der fortschrittlichen Technologie seiner rauen 15K-Carbon-Flugzeuge.<strong>StarVie Brava 2025: Versatilidad en el Juego<\/strong><\/p>\n","protected":false},"excerpt":{"rendered":"<p>Tropfenf\u00f6rmiger Schl\u00e4ger mit hoher Balance StarVie Brava 2025, ideal f\u00fcr vielseitige Spieler mittlerer Spielst\u00e4rke. Hobel aus 15K-Carbon mit Vollhobeleffekt.<\/p>\n","protected":false},"featured_media":93512,"comment_status":"open","ping_status":"closed","template":"","meta":{"_acf_changed":false,"_joinchat":[]},"acabado":[1104],"balance":[1134],"dureza":[1149],"forma":[1184],"jugador":[1189,1199],"marca":[1289],"nivel-de-juego":[1339],"superficie":[1359],"tipo-de-juego":[1384],"product_brand":[],"product_cat":[299],"product_tag":[],"class_list":{"0":"post-93746","1":"product","2":"type-product","3":"status-publish","4":"has-post-thumbnail","6":"acabado-rau","7":"balance-hoch","8":"dureza-blanda-de","9":"forma-lagrima-de","10":"jugador-mann","11":"jugador-mehrzweck","12":"marca-starvie-de","13":"superficie-rugosa-de","14":"tipo-de-juego-mehrzweck","15":"product_cat-palas-de-padel-de","17":"first","18":"instock","19":"sale","20":"taxable","21":"shipping-taxable","22":"purchasable","23":"product-type-simple"},"acf":[],"yoast_head":"<!-- This site is optimized with the Yoast SEO plugin v27.4 - https:\/\/yoast.com\/product\/yoast-seo-wordpress\/ -->\n<title>STARVIE BRAVA 2025 - Revolution Padel Store<\/title>\n<meta name=\"description\" content=\"La pala de p\u00e1del StarVie Brava 2025, de la gama Universe, se enfoca en brindar el mejor rendimiento en todo momento para lograr un juego polivalente en el terreno de juego. Su forma de l\u00e1grima, con punto dulce m\u00e1s t\u00e9cnico ubicado en la parte superior, aumenta la superficie de golpeo y permite generar mucha m\u00e1s potencia en el juego a\u00e9reo.\" \/>\n<meta name=\"robots\" content=\"index, follow, max-snippet:-1, max-image-preview:large, max-video-preview:-1\" \/>\n<link rel=\"canonical\" href=\"https:\/\/revolutionpadelstore.com\/de\/produkt\/starvie-brava-2025\/\" \/>\n<meta property=\"og:locale\" content=\"de_DE\" \/>\n<meta property=\"og:type\" content=\"article\" \/>\n<meta property=\"og:title\" content=\"STARVIE BRAVA 2025 - Revolution Padel Store\" \/>\n<meta property=\"og:description\" content=\"La pala de p\u00e1del StarVie Brava 2025, de la gama Universe, se enfoca en brindar el mejor rendimiento en todo momento para lograr un juego polivalente en el terreno de juego. Su forma de l\u00e1grima, con punto dulce m\u00e1s t\u00e9cnico ubicado en la parte superior, aumenta la superficie de golpeo y permite generar mucha m\u00e1s potencia en el juego a\u00e9reo.\" \/>\n<meta property=\"og:url\" content=\"https:\/\/revolutionpadelstore.com\/de\/produkt\/starvie-brava-2025\/\" \/>\n<meta property=\"og:site_name\" content=\"Revolution Padel Store\" \/>\n<meta property=\"article:modified_time\" content=\"2026-04-08T08:28:03+00:00\" \/>\n<meta property=\"og:image\" content=\"https:\/\/revolutionpadelstore.com\/wp-content\/uploads\/2024\/10\/pala-starvie-brava-soft-2025-1-800x800-1.jpg\" \/>\n\t<meta property=\"og:image:width\" content=\"800\" \/>\n\t<meta property=\"og:image:height\" content=\"800\" \/>\n\t<meta property=\"og:image:type\" content=\"image\/jpeg\" \/>\n<meta name=\"twitter:card\" content=\"summary_large_image\" \/>\n<meta name=\"twitter:label1\" content=\"Gesch\u00e4tzte Lesezeit\" \/>\n\t<meta name=\"twitter:data1\" content=\"2\u00a0Minuten\" \/>\n<script type=\"application\/ld+json\" class=\"yoast-schema-graph\">{\"@context\":\"https:\\\/\\\/schema.org\",\"@graph\":[{\"@type\":\"WebPage\",\"@id\":\"https:\\\/\\\/revolutionpadelstore.com\\\/de\\\/produkt\\\/starvie-brava-2025\\\/\",\"url\":\"https:\\\/\\\/revolutionpadelstore.com\\\/de\\\/produkt\\\/starvie-brava-2025\\\/\",\"name\":\"STARVIE BRAVA 2025 - Revolution Padel Store\",\"isPartOf\":{\"@id\":\"https:\\\/\\\/revolutionpadelstore.com\\\/de\\\/#website\"},\"primaryImageOfPage\":{\"@id\":\"https:\\\/\\\/revolutionpadelstore.com\\\/de\\\/produkt\\\/starvie-brava-2025\\\/#primaryimage\"},\"image\":{\"@id\":\"https:\\\/\\\/revolutionpadelstore.com\\\/de\\\/produkt\\\/starvie-brava-2025\\\/#primaryimage\"},\"thumbnailUrl\":\"https:\\\/\\\/revolutionpadelstore.com\\\/wp-content\\\/uploads\\\/2024\\\/10\\\/pala-starvie-brava-soft-2025-1-800x800-1.jpg\",\"datePublished\":\"2024-10-12T18:43:03+00:00\",\"dateModified\":\"2026-04-08T08:28:03+00:00\",\"description\":\"La pala de p\u00e1del StarVie Brava 2025, de la gama Universe, se enfoca en brindar el mejor rendimiento en todo momento para lograr un juego polivalente en el terreno de juego. Su forma de l\u00e1grima, con punto dulce m\u00e1s t\u00e9cnico ubicado en la parte superior, aumenta la superficie de golpeo y permite generar mucha m\u00e1s potencia en el juego a\u00e9reo.\",\"breadcrumb\":{\"@id\":\"https:\\\/\\\/revolutionpadelstore.com\\\/de\\\/produkt\\\/starvie-brava-2025\\\/#breadcrumb\"},\"inLanguage\":\"de\",\"potentialAction\":[{\"@type\":\"ReadAction\",\"target\":[\"https:\\\/\\\/revolutionpadelstore.com\\\/de\\\/produkt\\\/starvie-brava-2025\\\/\"]}]},{\"@type\":\"ImageObject\",\"inLanguage\":\"de\",\"@id\":\"https:\\\/\\\/revolutionpadelstore.com\\\/de\\\/produkt\\\/starvie-brava-2025\\\/#primaryimage\",\"url\":\"https:\\\/\\\/revolutionpadelstore.com\\\/wp-content\\\/uploads\\\/2024\\\/10\\\/pala-starvie-brava-soft-2025-1-800x800-1.jpg\",\"contentUrl\":\"https:\\\/\\\/revolutionpadelstore.com\\\/wp-content\\\/uploads\\\/2024\\\/10\\\/pala-starvie-brava-soft-2025-1-800x800-1.jpg\",\"width\":800,\"height\":800},{\"@type\":\"BreadcrumbList\",\"@id\":\"https:\\\/\\\/revolutionpadelstore.com\\\/de\\\/produkt\\\/starvie-brava-2025\\\/#breadcrumb\",\"itemListElement\":[{\"@type\":\"ListItem\",\"position\":1,\"name\":\"Portada\",\"item\":\"https:\\\/\\\/revolutionpadelstore.com\\\/de\\\/\"},{\"@type\":\"ListItem\",\"position\":2,\"name\":\"Shop\",\"item\":\"https:\\\/\\\/revolutionpadelstore.com\\\/de\\\/tienda\\\/\"},{\"@type\":\"ListItem\",\"position\":3,\"name\":\"STARVIE BRAVA 2025\"}]},{\"@type\":\"WebSite\",\"@id\":\"https:\\\/\\\/revolutionpadelstore.com\\\/de\\\/#website\",\"url\":\"https:\\\/\\\/revolutionpadelstore.com\\\/de\\\/\",\"name\":\"Revolution Padel Store\",\"description\":\"\",\"publisher\":{\"@id\":\"https:\\\/\\\/revolutionpadelstore.com\\\/de\\\/#organization\"},\"potentialAction\":[{\"@type\":\"SearchAction\",\"target\":{\"@type\":\"EntryPoint\",\"urlTemplate\":\"https:\\\/\\\/revolutionpadelstore.com\\\/de\\\/?s={search_term_string}\"},\"query-input\":{\"@type\":\"PropertyValueSpecification\",\"valueRequired\":true,\"valueName\":\"search_term_string\"}}],\"inLanguage\":\"de\"},{\"@type\":\"Organization\",\"@id\":\"https:\\\/\\\/revolutionpadelstore.com\\\/de\\\/#organization\",\"name\":\"Revolution Padel Store\",\"url\":\"https:\\\/\\\/revolutionpadelstore.com\\\/de\\\/\",\"logo\":{\"@type\":\"ImageObject\",\"inLanguage\":\"de\",\"@id\":\"https:\\\/\\\/revolutionpadelstore.com\\\/de\\\/#\\\/schema\\\/logo\\\/image\\\/\",\"url\":\"https:\\\/\\\/revolutionpadelstore.com\\\/wp-content\\\/uploads\\\/2026\\\/02\\\/revolution-padel-store.jpg\",\"contentUrl\":\"https:\\\/\\\/revolutionpadelstore.com\\\/wp-content\\\/uploads\\\/2026\\\/02\\\/revolution-padel-store.jpg\",\"width\":2000,\"height\":2000,\"caption\":\"Revolution Padel Store\"},\"image\":{\"@id\":\"https:\\\/\\\/revolutionpadelstore.com\\\/de\\\/#\\\/schema\\\/logo\\\/image\\\/\"},\"sameAs\":[\"https:\\\/\\\/www.instagram.com\\\/revolutionpadelstore\\\/\"]}]}<\/script>\n<!-- \/ Yoast SEO plugin. -->","yoast_head_json":{"title":"STARVIE BRAVA 2025 - Revolution Padel Store","description":"La pala de p\u00e1del StarVie Brava 2025, de la gama Universe, se enfoca en brindar el mejor rendimiento en todo momento para lograr un juego polivalente en el terreno de juego. Su forma de l\u00e1grima, con punto dulce m\u00e1s t\u00e9cnico ubicado en la parte superior, aumenta la superficie de golpeo y permite generar mucha m\u00e1s potencia en el juego a\u00e9reo.","robots":{"index":"index","follow":"follow","max-snippet":"max-snippet:-1","max-image-preview":"max-image-preview:large","max-video-preview":"max-video-preview:-1"},"canonical":"https:\/\/revolutionpadelstore.com\/de\/produkt\/starvie-brava-2025\/","og_locale":"de_DE","og_type":"article","og_title":"STARVIE BRAVA 2025 - Revolution Padel Store","og_description":"La pala de p\u00e1del StarVie Brava 2025, de la gama Universe, se enfoca en brindar el mejor rendimiento en todo momento para lograr un juego polivalente en el terreno de juego. Su forma de l\u00e1grima, con punto dulce m\u00e1s t\u00e9cnico ubicado en la parte superior, aumenta la superficie de golpeo y permite generar mucha m\u00e1s potencia en el juego a\u00e9reo.","og_url":"https:\/\/revolutionpadelstore.com\/de\/produkt\/starvie-brava-2025\/","og_site_name":"Revolution Padel Store","article_modified_time":"2026-04-08T08:28:03+00:00","og_image":[{"width":800,"height":800,"url":"https:\/\/revolutionpadelstore.com\/wp-content\/uploads\/2024\/10\/pala-starvie-brava-soft-2025-1-800x800-1.jpg","type":"image\/jpeg"}],"twitter_card":"summary_large_image","twitter_misc":{"Gesch\u00e4tzte Lesezeit":"2\u00a0Minuten"},"schema":{"@context":"https:\/\/schema.org","@graph":[{"@type":"WebPage","@id":"https:\/\/revolutionpadelstore.com\/de\/produkt\/starvie-brava-2025\/","url":"https:\/\/revolutionpadelstore.com\/de\/produkt\/starvie-brava-2025\/","name":"STARVIE BRAVA 2025 - Revolution Padel Store","isPartOf":{"@id":"https:\/\/revolutionpadelstore.com\/de\/#website"},"primaryImageOfPage":{"@id":"https:\/\/revolutionpadelstore.com\/de\/produkt\/starvie-brava-2025\/#primaryimage"},"image":{"@id":"https:\/\/revolutionpadelstore.com\/de\/produkt\/starvie-brava-2025\/#primaryimage"},"thumbnailUrl":"https:\/\/revolutionpadelstore.com\/wp-content\/uploads\/2024\/10\/pala-starvie-brava-soft-2025-1-800x800-1.jpg","datePublished":"2024-10-12T18:43:03+00:00","dateModified":"2026-04-08T08:28:03+00:00","description":"La pala de p\u00e1del StarVie Brava 2025, de la gama Universe, se enfoca en brindar el mejor rendimiento en todo momento para lograr un juego polivalente en el terreno de juego. Su forma de l\u00e1grima, con punto dulce m\u00e1s t\u00e9cnico ubicado en la parte superior, aumenta la superficie de golpeo y permite generar mucha m\u00e1s potencia en el juego a\u00e9reo.","breadcrumb":{"@id":"https:\/\/revolutionpadelstore.com\/de\/produkt\/starvie-brava-2025\/#breadcrumb"},"inLanguage":"de","potentialAction":[{"@type":"ReadAction","target":["https:\/\/revolutionpadelstore.com\/de\/produkt\/starvie-brava-2025\/"]}]},{"@type":"ImageObject","inLanguage":"de","@id":"https:\/\/revolutionpadelstore.com\/de\/produkt\/starvie-brava-2025\/#primaryimage","url":"https:\/\/revolutionpadelstore.com\/wp-content\/uploads\/2024\/10\/pala-starvie-brava-soft-2025-1-800x800-1.jpg","contentUrl":"https:\/\/revolutionpadelstore.com\/wp-content\/uploads\/2024\/10\/pala-starvie-brava-soft-2025-1-800x800-1.jpg","width":800,"height":800},{"@type":"BreadcrumbList","@id":"https:\/\/revolutionpadelstore.com\/de\/produkt\/starvie-brava-2025\/#breadcrumb","itemListElement":[{"@type":"ListItem","position":1,"name":"Portada","item":"https:\/\/revolutionpadelstore.com\/de\/"},{"@type":"ListItem","position":2,"name":"Shop","item":"https:\/\/revolutionpadelstore.com\/de\/tienda\/"},{"@type":"ListItem","position":3,"name":"STARVIE BRAVA 2025"}]},{"@type":"WebSite","@id":"https:\/\/revolutionpadelstore.com\/de\/#website","url":"https:\/\/revolutionpadelstore.com\/de\/","name":"Revolution Padel Store","description":"","publisher":{"@id":"https:\/\/revolutionpadelstore.com\/de\/#organization"},"potentialAction":[{"@type":"SearchAction","target":{"@type":"EntryPoint","urlTemplate":"https:\/\/revolutionpadelstore.com\/de\/?s={search_term_string}"},"query-input":{"@type":"PropertyValueSpecification","valueRequired":true,"valueName":"search_term_string"}}],"inLanguage":"de"},{"@type":"Organization","@id":"https:\/\/revolutionpadelstore.com\/de\/#organization","name":"Revolution Padel Store","url":"https:\/\/revolutionpadelstore.com\/de\/","logo":{"@type":"ImageObject","inLanguage":"de","@id":"https:\/\/revolutionpadelstore.com\/de\/#\/schema\/logo\/image\/","url":"https:\/\/revolutionpadelstore.com\/wp-content\/uploads\/2026\/02\/revolution-padel-store.jpg","contentUrl":"https:\/\/revolutionpadelstore.com\/wp-content\/uploads\/2026\/02\/revolution-padel-store.jpg","width":2000,"height":2000,"caption":"Revolution Padel Store"},"image":{"@id":"https:\/\/revolutionpadelstore.com\/de\/#\/schema\/logo\/image\/"},"sameAs":["https:\/\/www.instagram.com\/revolutionpadelstore\/"]}]}},"_links":{"self":[{"href":"https:\/\/revolutionpadelstore.com\/de\/wp-json\/wp\/v2\/product\/93746","targetHints":{"allow":["GET"]}}],"collection":[{"href":"https:\/\/revolutionpadelstore.com\/de\/wp-json\/wp\/v2\/product"}],"about":[{"href":"https:\/\/revolutionpadelstore.com\/de\/wp-json\/wp\/v2\/types\/product"}],"replies":[{"embeddable":true,"href":"https:\/\/revolutionpadelstore.com\/de\/wp-json\/wp\/v2\/comments?post=93746"}],"wp:featuredmedia":[{"embeddable":true,"href":"https:\/\/revolutionpadelstore.com\/de\/wp-json\/wp\/v2\/media\/93512"}],"wp:attachment":[{"href":"https:\/\/revolutionpadelstore.com\/de\/wp-json\/wp\/v2\/media?parent=93746"}],"wp:term":[{"taxonomy":"acabado","embeddable":true,"href":"https:\/\/revolutionpadelstore.com\/de\/wp-json\/wp\/v2\/acabado?post=93746"},{"taxonomy":"balance","embeddable":true,"href":"https:\/\/revolutionpadelstore.com\/de\/wp-json\/wp\/v2\/balance?post=93746"},{"taxonomy":"dureza","embeddable":true,"href":"https:\/\/revolutionpadelstore.com\/de\/wp-json\/wp\/v2\/dureza?post=93746"},{"taxonomy":"forma","embeddable":true,"href":"https:\/\/revolutionpadelstore.com\/de\/wp-json\/wp\/v2\/forma?post=93746"},{"taxonomy":"jugador","embeddable":true,"href":"https:\/\/revolutionpadelstore.com\/de\/wp-json\/wp\/v2\/jugador?post=93746"},{"taxonomy":"marca","embeddable":true,"href":"https:\/\/revolutionpadelstore.com\/de\/wp-json\/wp\/v2\/marca?post=93746"},{"taxonomy":"nivel-de-juego","embeddable":true,"href":"https:\/\/revolutionpadelstore.com\/de\/wp-json\/wp\/v2\/nivel-de-juego?post=93746"},{"taxonomy":"superficie","embeddable":true,"href":"https:\/\/revolutionpadelstore.com\/de\/wp-json\/wp\/v2\/superficie?post=93746"},{"taxonomy":"tipo-de-juego","embeddable":true,"href":"https:\/\/revolutionpadelstore.com\/de\/wp-json\/wp\/v2\/tipo-de-juego?post=93746"},{"taxonomy":"product_brand","embeddable":true,"href":"https:\/\/revolutionpadelstore.com\/de\/wp-json\/wp\/v2\/product_brand?post=93746"},{"taxonomy":"product_cat","embeddable":true,"href":"https:\/\/revolutionpadelstore.com\/de\/wp-json\/wp\/v2\/product_cat?post=93746"},{"taxonomy":"product_tag","embeddable":true,"href":"https:\/\/revolutionpadelstore.com\/de\/wp-json\/wp\/v2\/product_tag?post=93746"}],"curies":[{"name":"wp","href":"https:\/\/api.w.org\/{rel}","templated":true}]}}