{"id":93741,"date":"2024-10-12T20:49:34","date_gmt":"2024-10-12T18:49:34","guid":{"rendered":"https:\/\/revolutionpadelstore.com\/starvie-triton-pro-touch-2025\/"},"modified":"2026-04-08T10:27:33","modified_gmt":"2026-04-08T08:27:33","slug":"starvie-triton-pro-touch-2025-1","status":"publish","type":"product","link":"https:\/\/revolutionpadelstore.com\/de\/produkt\/starvie-triton-pro-touch-2025-1\/","title":{"rendered":"STARVIE TRIT\u00d3N PRO TOUCH 2025"},"content":{"rendered":"<p><strong>StarVie Trit\u00f3n Pro Touch 2025: Tropfenformat f\u00fcr optimale Leistung<\/strong><\/p>\n<p>Der StarVie Trit\u00f3n Pro Touch 2025 ist ein Premium-Padelschl\u00e4ger, der f\u00fcr Spieler entwickelt wurde, die ein au\u00dfergew\u00f6hnliches Gleichgewicht zwischen Kontrolle und Kraft suchen. Seine Tropfenform, kombiniert mit einem eleganten schwarzen Design mit silbernen Details, unterstreicht nicht nur seine moderne \u00c4sthetik, sondern auch seine fortschrittliche Technologie. Der mittelharte Pro Touch-Gummi sorgt f\u00fcr hervorragende Empfindlichkeit, Kontrolle und Kraft bei jedem Schlag.<\/p>\n<p><strong>F\u00fcr fortgeschrittene Spieler gedacht<\/strong><\/p>\n<p>Dieser Schl\u00e4ger richtet sich insbesondere an fortgeschrittene Spieler, insbesondere an solche mit einem offensiven Spielstil, die ihren Angriff und ihre Kontrolle maximieren m\u00f6chten. Die Tropfenform, bei der der Sweetspot zum Kopf hin verschoben ist, erm\u00f6glicht die Erzeugung gr\u00f6\u00dferer Kraft ohne Einbu\u00dfen bei der Pr\u00e4zision. Dar\u00fcber hinaus garantiert die Steifigkeit der beiden Schichten aus 3K-Carbon eine hervorragende Kontrolle, ideal f\u00fcr erfahrene Spieler, die jeden Schlag optimieren m\u00f6chten.<\/p>\n<p><strong>Funktionen und Technologien des StarVie Triton Pro Touch 2025<\/strong><\/p>\n<p style=\"padding-left: 40px\"><strong>-Form:<\/strong> Tropfenf\u00f6rmiges Design mit dem Sweet Spot zum Kopf hin.<\/p>\n<p style=\"padding-left: 40px\"><strong>-Kern:<\/strong> EVA Pro Touch-Gummi mit mittlerer Dichte, der ein Gleichgewicht zwischen Kontrolle und Kraft bietet.<\/p>\n<p style=\"padding-left: 40px\"><strong>-Materialien:<\/strong> Zwei Schichten aus 3K-Carbon, die die Steifigkeit erh\u00f6hen und die Kontrolle und Schlagkraft verbessern.<\/p>\n<p style=\"padding-left: 40px\"><strong>-Plane Roughness:<\/strong> Full-Plane-Effect-Technologie, die die Pr\u00e4zision beim Anwenden von Effekten auf den Ball verbessert.<\/p>\n<p style=\"padding-left: 40px\"><strong>-Verbesserter Griff:<\/strong> L\u00e4ngerer Handgriff, einschlie\u00dflich 1 cm mehr in der Faust f\u00fcr einen bequemeren Griff bei Zweihandschl\u00e4gen.<\/p>\n<p style=\"padding-left: 40px\"><strong>-Vibrationsabsorption:<\/strong> Noene Inside-Technologie, die bis zu 96 % der Vibrationen reduziert und so die Auswirkungen auf den Arm minimiert.<\/p>\n<p style=\"padding-left: 40px\"><strong>-\u00c4sthetik:<\/strong> Modernes Design in Schwarz mit silbernen Details am Rahmen und Logo.<\/p>\n<p>Zusammenfassend ist der StarVie Trit\u00f3n Pro Touch 2025 der ideale Schl\u00e4ger f\u00fcr fortgeschrittene Spieler, die eine hohe Leistung in Bezug auf Kontrolle und Power suchen und dabei innovative Technologie mit einem attraktiven Design verbinden. Wenn Sie Ihr Spielniveau verbessern m\u00f6chten, ist dieser Schl\u00e4ger eine au\u00dfergew\u00f6hnliche Wahl.<strong>StarVie Trit\u00f3n Pro Touch 2025: Formato L\u00e1grima para un Rendimiento \u00d3ptimo<\/strong><\/p>\n","protected":false},"excerpt":{"rendered":"<p>Der StarVie Triton Pro Touch 2025 bietet Kontrolle und Kraft mit fortschrittlicher Technologie f\u00fcr fortgeschrittene Offensivspieler und maximiert jeden Treffer mit Pr\u00e4zision.<\/p>\n","protected":false},"featured_media":93674,"comment_status":"open","ping_status":"closed","template":"","meta":{"_acf_changed":false,"_joinchat":[]},"acabado":[1089],"balance":[1134],"dureza":[1154],"forma":[1184],"jugador":[1189,1199],"marca":[1289],"nivel-de-juego":[1334],"superficie":[1359],"tipo-de-juego":[1384],"product_brand":[],"product_cat":[299],"product_tag":[],"class_list":{"0":"post-93741","1":"product","2":"type-product","3":"status-publish","4":"has-post-thumbnail","6":"acabado-3d-entlasten","7":"balance-hoch","8":"dureza-media-de","9":"forma-lagrima-de","10":"jugador-mann","11":"jugador-mehrzweck","12":"marca-starvie-de","13":"superficie-rugosa-de","14":"tipo-de-juego-mehrzweck","15":"product_cat-palas-de-padel-de","17":"first","18":"instock","19":"sale","20":"taxable","21":"shipping-taxable","22":"purchasable","23":"product-type-simple"},"acf":[],"yoast_head":"<!-- This site is optimized with the Yoast SEO plugin v27.4 - https:\/\/yoast.com\/product\/yoast-seo-wordpress\/ -->\n<title>STARVIE TRIT\u00d3N PRO TOUCH 2025 - Revolution Padel Store<\/title>\n<meta name=\"description\" content=\"La StarVie Trit\u00f3n Pro Touch 2025 es una pala de p\u00e1del premium dise\u00f1ada para aquellos que buscan un equilibrio perfecto entre control y potencia en su juego. Con una forma de l\u00e1grima y un dise\u00f1o en negro con detalles en plata, esta pala destaca por su est\u00e9tica moderna y su avanzada tecnolog\u00eda, incluyendo una novedosa goma Pro Touch de densidad media-dura, que ofrece una excelente combinaci\u00f3n de sensibilidad, control y potencia.\" \/>\n<meta name=\"robots\" content=\"index, follow, max-snippet:-1, max-image-preview:large, max-video-preview:-1\" \/>\n<link rel=\"canonical\" href=\"https:\/\/revolutionpadelstore.com\/de\/produkt\/starvie-triton-pro-touch-2025-1\/\" \/>\n<meta property=\"og:locale\" content=\"de_DE\" \/>\n<meta property=\"og:type\" content=\"article\" \/>\n<meta property=\"og:title\" content=\"STARVIE TRIT\u00d3N PRO TOUCH 2025 - Revolution Padel Store\" \/>\n<meta property=\"og:description\" content=\"La StarVie Trit\u00f3n Pro Touch 2025 es una pala de p\u00e1del premium dise\u00f1ada para aquellos que buscan un equilibrio perfecto entre control y potencia en su juego. Con una forma de l\u00e1grima y un dise\u00f1o en negro con detalles en plata, esta pala destaca por su est\u00e9tica moderna y su avanzada tecnolog\u00eda, incluyendo una novedosa goma Pro Touch de densidad media-dura, que ofrece una excelente combinaci\u00f3n de sensibilidad, control y potencia.\" \/>\n<meta property=\"og:url\" content=\"https:\/\/revolutionpadelstore.com\/de\/produkt\/starvie-triton-pro-touch-2025-1\/\" \/>\n<meta property=\"og:site_name\" content=\"Revolution Padel Store\" \/>\n<meta property=\"article:modified_time\" content=\"2026-04-08T08:27:33+00:00\" \/>\n<meta property=\"og:image\" content=\"https:\/\/revolutionpadelstore.com\/wp-content\/uploads\/2024\/10\/pala-starvie-triton-pro-touch-2025-1-800x800-1.jpg\" \/>\n\t<meta property=\"og:image:width\" content=\"800\" \/>\n\t<meta property=\"og:image:height\" content=\"800\" \/>\n\t<meta property=\"og:image:type\" content=\"image\/jpeg\" \/>\n<meta name=\"twitter:card\" content=\"summary_large_image\" \/>\n<meta name=\"twitter:label1\" content=\"Gesch\u00e4tzte Lesezeit\" \/>\n\t<meta name=\"twitter:data1\" content=\"2\u00a0Minuten\" \/>\n<script type=\"application\/ld+json\" class=\"yoast-schema-graph\">{\"@context\":\"https:\\\/\\\/schema.org\",\"@graph\":[{\"@type\":\"WebPage\",\"@id\":\"https:\\\/\\\/revolutionpadelstore.com\\\/de\\\/produkt\\\/starvie-triton-pro-touch-2025-1\\\/\",\"url\":\"https:\\\/\\\/revolutionpadelstore.com\\\/de\\\/produkt\\\/starvie-triton-pro-touch-2025-1\\\/\",\"name\":\"STARVIE TRIT\u00d3N PRO TOUCH 2025 - Revolution Padel Store\",\"isPartOf\":{\"@id\":\"https:\\\/\\\/revolutionpadelstore.com\\\/de\\\/#website\"},\"primaryImageOfPage\":{\"@id\":\"https:\\\/\\\/revolutionpadelstore.com\\\/de\\\/produkt\\\/starvie-triton-pro-touch-2025-1\\\/#primaryimage\"},\"image\":{\"@id\":\"https:\\\/\\\/revolutionpadelstore.com\\\/de\\\/produkt\\\/starvie-triton-pro-touch-2025-1\\\/#primaryimage\"},\"thumbnailUrl\":\"https:\\\/\\\/revolutionpadelstore.com\\\/wp-content\\\/uploads\\\/2024\\\/10\\\/pala-starvie-triton-pro-touch-2025-1-800x800-1.jpg\",\"datePublished\":\"2024-10-12T18:49:34+00:00\",\"dateModified\":\"2026-04-08T08:27:33+00:00\",\"description\":\"La StarVie Trit\u00f3n Pro Touch 2025 es una pala de p\u00e1del premium dise\u00f1ada para aquellos que buscan un equilibrio perfecto entre control y potencia en su juego. Con una forma de l\u00e1grima y un dise\u00f1o en negro con detalles en plata, esta pala destaca por su est\u00e9tica moderna y su avanzada tecnolog\u00eda, incluyendo una novedosa goma Pro Touch de densidad media-dura, que ofrece una excelente combinaci\u00f3n de sensibilidad, control y potencia.\",\"breadcrumb\":{\"@id\":\"https:\\\/\\\/revolutionpadelstore.com\\\/de\\\/produkt\\\/starvie-triton-pro-touch-2025-1\\\/#breadcrumb\"},\"inLanguage\":\"de\",\"potentialAction\":[{\"@type\":\"ReadAction\",\"target\":[\"https:\\\/\\\/revolutionpadelstore.com\\\/de\\\/produkt\\\/starvie-triton-pro-touch-2025-1\\\/\"]}]},{\"@type\":\"ImageObject\",\"inLanguage\":\"de\",\"@id\":\"https:\\\/\\\/revolutionpadelstore.com\\\/de\\\/produkt\\\/starvie-triton-pro-touch-2025-1\\\/#primaryimage\",\"url\":\"https:\\\/\\\/revolutionpadelstore.com\\\/wp-content\\\/uploads\\\/2024\\\/10\\\/pala-starvie-triton-pro-touch-2025-1-800x800-1.jpg\",\"contentUrl\":\"https:\\\/\\\/revolutionpadelstore.com\\\/wp-content\\\/uploads\\\/2024\\\/10\\\/pala-starvie-triton-pro-touch-2025-1-800x800-1.jpg\",\"width\":800,\"height\":800},{\"@type\":\"BreadcrumbList\",\"@id\":\"https:\\\/\\\/revolutionpadelstore.com\\\/de\\\/produkt\\\/starvie-triton-pro-touch-2025-1\\\/#breadcrumb\",\"itemListElement\":[{\"@type\":\"ListItem\",\"position\":1,\"name\":\"Portada\",\"item\":\"https:\\\/\\\/revolutionpadelstore.com\\\/de\\\/\"},{\"@type\":\"ListItem\",\"position\":2,\"name\":\"Shop\",\"item\":\"https:\\\/\\\/revolutionpadelstore.com\\\/de\\\/tienda\\\/\"},{\"@type\":\"ListItem\",\"position\":3,\"name\":\"STARVIE TRIT\u00d3N PRO TOUCH 2025\"}]},{\"@type\":\"WebSite\",\"@id\":\"https:\\\/\\\/revolutionpadelstore.com\\\/de\\\/#website\",\"url\":\"https:\\\/\\\/revolutionpadelstore.com\\\/de\\\/\",\"name\":\"Revolution Padel Store\",\"description\":\"\",\"publisher\":{\"@id\":\"https:\\\/\\\/revolutionpadelstore.com\\\/de\\\/#organization\"},\"potentialAction\":[{\"@type\":\"SearchAction\",\"target\":{\"@type\":\"EntryPoint\",\"urlTemplate\":\"https:\\\/\\\/revolutionpadelstore.com\\\/de\\\/?s={search_term_string}\"},\"query-input\":{\"@type\":\"PropertyValueSpecification\",\"valueRequired\":true,\"valueName\":\"search_term_string\"}}],\"inLanguage\":\"de\"},{\"@type\":\"Organization\",\"@id\":\"https:\\\/\\\/revolutionpadelstore.com\\\/de\\\/#organization\",\"name\":\"Revolution Padel Store\",\"url\":\"https:\\\/\\\/revolutionpadelstore.com\\\/de\\\/\",\"logo\":{\"@type\":\"ImageObject\",\"inLanguage\":\"de\",\"@id\":\"https:\\\/\\\/revolutionpadelstore.com\\\/de\\\/#\\\/schema\\\/logo\\\/image\\\/\",\"url\":\"https:\\\/\\\/revolutionpadelstore.com\\\/wp-content\\\/uploads\\\/2026\\\/02\\\/revolution-padel-store.jpg\",\"contentUrl\":\"https:\\\/\\\/revolutionpadelstore.com\\\/wp-content\\\/uploads\\\/2026\\\/02\\\/revolution-padel-store.jpg\",\"width\":2000,\"height\":2000,\"caption\":\"Revolution Padel Store\"},\"image\":{\"@id\":\"https:\\\/\\\/revolutionpadelstore.com\\\/de\\\/#\\\/schema\\\/logo\\\/image\\\/\"},\"sameAs\":[\"https:\\\/\\\/www.instagram.com\\\/revolutionpadelstore\\\/\"]}]}<\/script>\n<!-- \/ Yoast SEO plugin. -->","yoast_head_json":{"title":"STARVIE TRIT\u00d3N PRO TOUCH 2025 - Revolution Padel Store","description":"La StarVie Trit\u00f3n Pro Touch 2025 es una pala de p\u00e1del premium dise\u00f1ada para aquellos que buscan un equilibrio perfecto entre control y potencia en su juego. Con una forma de l\u00e1grima y un dise\u00f1o en negro con detalles en plata, esta pala destaca por su est\u00e9tica moderna y su avanzada tecnolog\u00eda, incluyendo una novedosa goma Pro Touch de densidad media-dura, que ofrece una excelente combinaci\u00f3n de sensibilidad, control y potencia.","robots":{"index":"index","follow":"follow","max-snippet":"max-snippet:-1","max-image-preview":"max-image-preview:large","max-video-preview":"max-video-preview:-1"},"canonical":"https:\/\/revolutionpadelstore.com\/de\/produkt\/starvie-triton-pro-touch-2025-1\/","og_locale":"de_DE","og_type":"article","og_title":"STARVIE TRIT\u00d3N PRO TOUCH 2025 - Revolution Padel Store","og_description":"La StarVie Trit\u00f3n Pro Touch 2025 es una pala de p\u00e1del premium dise\u00f1ada para aquellos que buscan un equilibrio perfecto entre control y potencia en su juego. Con una forma de l\u00e1grima y un dise\u00f1o en negro con detalles en plata, esta pala destaca por su est\u00e9tica moderna y su avanzada tecnolog\u00eda, incluyendo una novedosa goma Pro Touch de densidad media-dura, que ofrece una excelente combinaci\u00f3n de sensibilidad, control y potencia.","og_url":"https:\/\/revolutionpadelstore.com\/de\/produkt\/starvie-triton-pro-touch-2025-1\/","og_site_name":"Revolution Padel Store","article_modified_time":"2026-04-08T08:27:33+00:00","og_image":[{"width":800,"height":800,"url":"https:\/\/revolutionpadelstore.com\/wp-content\/uploads\/2024\/10\/pala-starvie-triton-pro-touch-2025-1-800x800-1.jpg","type":"image\/jpeg"}],"twitter_card":"summary_large_image","twitter_misc":{"Gesch\u00e4tzte Lesezeit":"2\u00a0Minuten"},"schema":{"@context":"https:\/\/schema.org","@graph":[{"@type":"WebPage","@id":"https:\/\/revolutionpadelstore.com\/de\/produkt\/starvie-triton-pro-touch-2025-1\/","url":"https:\/\/revolutionpadelstore.com\/de\/produkt\/starvie-triton-pro-touch-2025-1\/","name":"STARVIE TRIT\u00d3N PRO TOUCH 2025 - Revolution Padel Store","isPartOf":{"@id":"https:\/\/revolutionpadelstore.com\/de\/#website"},"primaryImageOfPage":{"@id":"https:\/\/revolutionpadelstore.com\/de\/produkt\/starvie-triton-pro-touch-2025-1\/#primaryimage"},"image":{"@id":"https:\/\/revolutionpadelstore.com\/de\/produkt\/starvie-triton-pro-touch-2025-1\/#primaryimage"},"thumbnailUrl":"https:\/\/revolutionpadelstore.com\/wp-content\/uploads\/2024\/10\/pala-starvie-triton-pro-touch-2025-1-800x800-1.jpg","datePublished":"2024-10-12T18:49:34+00:00","dateModified":"2026-04-08T08:27:33+00:00","description":"La StarVie Trit\u00f3n Pro Touch 2025 es una pala de p\u00e1del premium dise\u00f1ada para aquellos que buscan un equilibrio perfecto entre control y potencia en su juego. Con una forma de l\u00e1grima y un dise\u00f1o en negro con detalles en plata, esta pala destaca por su est\u00e9tica moderna y su avanzada tecnolog\u00eda, incluyendo una novedosa goma Pro Touch de densidad media-dura, que ofrece una excelente combinaci\u00f3n de sensibilidad, control y potencia.","breadcrumb":{"@id":"https:\/\/revolutionpadelstore.com\/de\/produkt\/starvie-triton-pro-touch-2025-1\/#breadcrumb"},"inLanguage":"de","potentialAction":[{"@type":"ReadAction","target":["https:\/\/revolutionpadelstore.com\/de\/produkt\/starvie-triton-pro-touch-2025-1\/"]}]},{"@type":"ImageObject","inLanguage":"de","@id":"https:\/\/revolutionpadelstore.com\/de\/produkt\/starvie-triton-pro-touch-2025-1\/#primaryimage","url":"https:\/\/revolutionpadelstore.com\/wp-content\/uploads\/2024\/10\/pala-starvie-triton-pro-touch-2025-1-800x800-1.jpg","contentUrl":"https:\/\/revolutionpadelstore.com\/wp-content\/uploads\/2024\/10\/pala-starvie-triton-pro-touch-2025-1-800x800-1.jpg","width":800,"height":800},{"@type":"BreadcrumbList","@id":"https:\/\/revolutionpadelstore.com\/de\/produkt\/starvie-triton-pro-touch-2025-1\/#breadcrumb","itemListElement":[{"@type":"ListItem","position":1,"name":"Portada","item":"https:\/\/revolutionpadelstore.com\/de\/"},{"@type":"ListItem","position":2,"name":"Shop","item":"https:\/\/revolutionpadelstore.com\/de\/tienda\/"},{"@type":"ListItem","position":3,"name":"STARVIE TRIT\u00d3N PRO TOUCH 2025"}]},{"@type":"WebSite","@id":"https:\/\/revolutionpadelstore.com\/de\/#website","url":"https:\/\/revolutionpadelstore.com\/de\/","name":"Revolution Padel Store","description":"","publisher":{"@id":"https:\/\/revolutionpadelstore.com\/de\/#organization"},"potentialAction":[{"@type":"SearchAction","target":{"@type":"EntryPoint","urlTemplate":"https:\/\/revolutionpadelstore.com\/de\/?s={search_term_string}"},"query-input":{"@type":"PropertyValueSpecification","valueRequired":true,"valueName":"search_term_string"}}],"inLanguage":"de"},{"@type":"Organization","@id":"https:\/\/revolutionpadelstore.com\/de\/#organization","name":"Revolution Padel Store","url":"https:\/\/revolutionpadelstore.com\/de\/","logo":{"@type":"ImageObject","inLanguage":"de","@id":"https:\/\/revolutionpadelstore.com\/de\/#\/schema\/logo\/image\/","url":"https:\/\/revolutionpadelstore.com\/wp-content\/uploads\/2026\/02\/revolution-padel-store.jpg","contentUrl":"https:\/\/revolutionpadelstore.com\/wp-content\/uploads\/2026\/02\/revolution-padel-store.jpg","width":2000,"height":2000,"caption":"Revolution Padel Store"},"image":{"@id":"https:\/\/revolutionpadelstore.com\/de\/#\/schema\/logo\/image\/"},"sameAs":["https:\/\/www.instagram.com\/revolutionpadelstore\/"]}]}},"_links":{"self":[{"href":"https:\/\/revolutionpadelstore.com\/de\/wp-json\/wp\/v2\/product\/93741","targetHints":{"allow":["GET"]}}],"collection":[{"href":"https:\/\/revolutionpadelstore.com\/de\/wp-json\/wp\/v2\/product"}],"about":[{"href":"https:\/\/revolutionpadelstore.com\/de\/wp-json\/wp\/v2\/types\/product"}],"replies":[{"embeddable":true,"href":"https:\/\/revolutionpadelstore.com\/de\/wp-json\/wp\/v2\/comments?post=93741"}],"wp:featuredmedia":[{"embeddable":true,"href":"https:\/\/revolutionpadelstore.com\/de\/wp-json\/wp\/v2\/media\/93674"}],"wp:attachment":[{"href":"https:\/\/revolutionpadelstore.com\/de\/wp-json\/wp\/v2\/media?parent=93741"}],"wp:term":[{"taxonomy":"acabado","embeddable":true,"href":"https:\/\/revolutionpadelstore.com\/de\/wp-json\/wp\/v2\/acabado?post=93741"},{"taxonomy":"balance","embeddable":true,"href":"https:\/\/revolutionpadelstore.com\/de\/wp-json\/wp\/v2\/balance?post=93741"},{"taxonomy":"dureza","embeddable":true,"href":"https:\/\/revolutionpadelstore.com\/de\/wp-json\/wp\/v2\/dureza?post=93741"},{"taxonomy":"forma","embeddable":true,"href":"https:\/\/revolutionpadelstore.com\/de\/wp-json\/wp\/v2\/forma?post=93741"},{"taxonomy":"jugador","embeddable":true,"href":"https:\/\/revolutionpadelstore.com\/de\/wp-json\/wp\/v2\/jugador?post=93741"},{"taxonomy":"marca","embeddable":true,"href":"https:\/\/revolutionpadelstore.com\/de\/wp-json\/wp\/v2\/marca?post=93741"},{"taxonomy":"nivel-de-juego","embeddable":true,"href":"https:\/\/revolutionpadelstore.com\/de\/wp-json\/wp\/v2\/nivel-de-juego?post=93741"},{"taxonomy":"superficie","embeddable":true,"href":"https:\/\/revolutionpadelstore.com\/de\/wp-json\/wp\/v2\/superficie?post=93741"},{"taxonomy":"tipo-de-juego","embeddable":true,"href":"https:\/\/revolutionpadelstore.com\/de\/wp-json\/wp\/v2\/tipo-de-juego?post=93741"},{"taxonomy":"product_brand","embeddable":true,"href":"https:\/\/revolutionpadelstore.com\/de\/wp-json\/wp\/v2\/product_brand?post=93741"},{"taxonomy":"product_cat","embeddable":true,"href":"https:\/\/revolutionpadelstore.com\/de\/wp-json\/wp\/v2\/product_cat?post=93741"},{"taxonomy":"product_tag","embeddable":true,"href":"https:\/\/revolutionpadelstore.com\/de\/wp-json\/wp\/v2\/product_tag?post=93741"}],"curies":[{"name":"wp","href":"https:\/\/api.w.org\/{rel}","templated":true}]}}