{"id":93736,"date":"2024-10-12T20:55:15","date_gmt":"2024-10-12T18:55:15","guid":{"rendered":"https:\/\/revolutionpadelstore.com\/starvie-triton-pro-2025\/"},"modified":"2026-04-08T10:27:04","modified_gmt":"2026-04-08T08:27:04","slug":"starvie-triton-pro-2025-1","status":"publish","type":"product","link":"https:\/\/revolutionpadelstore.com\/de\/produkt\/starvie-triton-pro-2025-1\/","title":{"rendered":"STARVIE TRIT\u00d3N PRO 2025"},"content":{"rendered":"<p><strong>StarVie Trit\u00f3n Pro 2025: Leistung und Kontrolle im Teardrop-Format<\/strong><\/p>\n<p>Der StarVie Trit\u00f3n Pro 2025 ist ein High-End-Padelschl\u00e4ger mit einer tropfenf\u00f6rmigen Form, die das Gleichgewicht in Richtung des Kopfes verlagert, was ihn zu einer idealen Option f\u00fcr Spieler macht, die die Kraft in ihrem Spiel maximieren m\u00f6chten. Dieses Modell aus der Premium-Linie von StarVie zeichnet sich durch seine Eleganz aus, mit einem schwarzen Design, das raffinierte silberne Details wie den Rahmen, das Logo auf der Oberseite und das symboltr\u00e4chtige Sternlogo im Herzen der Klinge enth\u00e4lt. Es ist das perfekte Werkzeug f\u00fcr alle, die ihre Leistung auf dem Platz steigern m\u00f6chten.<\/p>\n<p><strong>Gerichtet an fortgeschrittene und vielseitige Spieler<\/strong><\/p>\n<p>Dieser Schl\u00e4ger ist besonders f\u00fcr fortgeschrittene Spieler zu empfehlen, die \u00fcber eine verfeinerte Technik verf\u00fcgen und eine Ausr\u00fcstung ben\u00f6tigen, die ihnen bei ihren Angriffsschl\u00e4gen zus\u00e4tzliche M\u00f6glichkeiten bietet. Der mitteldichte Pro 50-Gummi bietet ein hervorragendes Gleichgewicht zwischen Kraft und Kontrolle und erm\u00f6glicht Ihnen pr\u00e4zise und kraftvolle Schl\u00e4ge. Der Trit\u00f3n Pro 2025 ist ideal f\u00fcr alle, die sowohl das Offensivspiel als auch die Kontrolle beherrschen m\u00f6chten, ohne das Gef\u00fchl auf dem Platz zu beeintr\u00e4chtigen.<\/p>\n<p><strong>Funktionen und Technologien des StarVie Triton Pro 2025<\/strong><\/p>\n<p style=\"padding-left: 40px\"><strong>-Form:<\/strong> Tropfenf\u00f6rmig, mit einem Sweet Spot an der Spitze, der kraftvolle Schl\u00e4ge beg\u00fcnstigt.<\/p>\n<p style=\"padding-left: 40px\"><strong>-Kern:<\/strong> EVA Pro 50-Gummi mittlerer Dichte, der Kontrolle und Kraft effektiv kombiniert.<\/p>\n<p style=\"padding-left: 40px\"><strong>-Materialien:<\/strong> Zwei Schichten 3K-Carbon auf den Schlagfl\u00e4chen sorgen f\u00fcr mehr Steifigkeit und Kontrolle.<\/p>\n<p style=\"padding-left: 40px\"><strong>-Plane Roughness:<\/strong> Full Plane Effect-Technologie, die die Pr\u00e4zision beim Anwenden von Effekten auf den Ball verbessert.<\/p>\n<p style=\"padding-left: 40px\"><strong>-Verbesserter Griff:<\/strong> L\u00e4ngerer Handgriff, mit einem zus\u00e4tzlichen 1 cm am Griff f\u00fcr besseren Halt, insbesondere bei R\u00fcckhandschl\u00e4gen.<\/p>\n<p style=\"padding-left: 40px\"><strong>-Vibrationsabsorption:<\/strong> Noene Inside-Technologie, die bis zu 96 % der Vibrationen absorbiert und so die Gelenke des Spielers sch\u00fctzt.<\/p>\n<p style=\"padding-left: 40px\"><strong>-Herstellung:<\/strong> 100 % handgefertigt in Spanien, garantiert Qualit\u00e4t und Liebe zum Detail.<\/p>\n<p style=\"padding-left: 40px\"><strong>-\u00c4sthetik:<\/strong> Elegantes Design in Schwarz mit silbernen Details, die den optischen Reiz verst\u00e4rken.<\/p>\n<p>Zusammenfassend l\u00e4sst sich sagen, dass der StarVie Trit\u00f3n Pro 2025 die perfekte Wahl f\u00fcr anspruchsvolle Spieler ist, die einen Schl\u00e4ger suchen, der Kraft, Pr\u00e4zision und Komfort vereint. Mit seiner fortschrittlichen Technologie und seinem raffinierten Design erm\u00f6glicht Ihnen dieser Schl\u00e4ger ein aggressiveres und effizienteres Spiel.<strong>StarVie Trit\u00f3n Pro 2025: Potencia y Control en Formato L\u00e1grima<\/strong><\/p>\n","protected":false},"excerpt":{"rendered":"<p>Der StarVie Trit\u00f3n Pro 2025 ist ein Premium-Schl\u00e4ger f\u00fcr fortgeschrittene Spieler, die Leistung und Kontrolle suchen, mit 3K-Carbon-Technologie und Pro 50 EVA-Gummi.<\/p>\n","protected":false},"featured_media":93674,"comment_status":"open","ping_status":"closed","template":"","meta":{"_acf_changed":false,"_joinchat":[]},"acabado":[],"balance":[1134],"dureza":[1154],"forma":[1184],"jugador":[1189,1199],"marca":[1289],"nivel-de-juego":[1334],"superficie":[1359],"tipo-de-juego":[1384],"product_brand":[],"product_cat":[299],"product_tag":[],"class_list":{"0":"post-93736","1":"product","2":"type-product","3":"status-publish","4":"has-post-thumbnail","6":"balance-hoch","7":"dureza-media-de","8":"forma-lagrima-de","9":"jugador-mann","10":"jugador-mehrzweck","11":"marca-starvie-de","12":"superficie-rugosa-de","13":"tipo-de-juego-mehrzweck","14":"product_cat-palas-de-padel-de","16":"first","17":"instock","18":"sale","19":"taxable","20":"shipping-taxable","21":"purchasable","22":"product-type-simple"},"acf":[],"yoast_head":"<!-- This site is optimized with the Yoast SEO plugin v27.4 - https:\/\/yoast.com\/product\/yoast-seo-wordpress\/ -->\n<title>STARVIE TRIT\u00d3N PRO 2025 - Revolution Padel Store<\/title>\n<meta name=\"description\" content=\"La StarVie Trit\u00f3n Pro 2025 es una pala de p\u00e1del de alta gama, dise\u00f1ada con un molde en forma de l\u00e1grima que desplaza el balance hacia la cabeza, lo que la convierte en una pala enfocada en la potencia. Este modelo, de la l\u00ednea premium de StarVie, destaca por su elegancia con un dise\u00f1o en negro y detalles en plata que incluyen el marco, el logo en el plano y el logo de la estrella en el coraz\u00f3n de la pala. Es una herramienta ideal para los jugadores que buscan dar un salto en su juego con una pala que ofrece tanto potencia como control.\" \/>\n<meta name=\"robots\" content=\"index, follow, max-snippet:-1, max-image-preview:large, max-video-preview:-1\" \/>\n<link rel=\"canonical\" href=\"https:\/\/revolutionpadelstore.com\/de\/produkt\/starvie-triton-pro-2025-1\/\" \/>\n<meta property=\"og:locale\" content=\"de_DE\" \/>\n<meta property=\"og:type\" content=\"article\" \/>\n<meta property=\"og:title\" content=\"STARVIE TRIT\u00d3N PRO 2025 - Revolution Padel Store\" \/>\n<meta property=\"og:description\" content=\"La StarVie Trit\u00f3n Pro 2025 es una pala de p\u00e1del de alta gama, dise\u00f1ada con un molde en forma de l\u00e1grima que desplaza el balance hacia la cabeza, lo que la convierte en una pala enfocada en la potencia. Este modelo, de la l\u00ednea premium de StarVie, destaca por su elegancia con un dise\u00f1o en negro y detalles en plata que incluyen el marco, el logo en el plano y el logo de la estrella en el coraz\u00f3n de la pala. Es una herramienta ideal para los jugadores que buscan dar un salto en su juego con una pala que ofrece tanto potencia como control.\" \/>\n<meta property=\"og:url\" content=\"https:\/\/revolutionpadelstore.com\/de\/produkt\/starvie-triton-pro-2025-1\/\" \/>\n<meta property=\"og:site_name\" content=\"Revolution Padel Store\" \/>\n<meta property=\"article:modified_time\" content=\"2026-04-08T08:27:04+00:00\" \/>\n<meta property=\"og:image\" content=\"https:\/\/revolutionpadelstore.com\/wp-content\/uploads\/2024\/10\/pala-starvie-triton-pro-touch-2025-1-800x800-1.jpg\" \/>\n\t<meta property=\"og:image:width\" content=\"800\" \/>\n\t<meta property=\"og:image:height\" content=\"800\" \/>\n\t<meta property=\"og:image:type\" content=\"image\/jpeg\" \/>\n<meta name=\"twitter:card\" content=\"summary_large_image\" \/>\n<meta name=\"twitter:label1\" content=\"Gesch\u00e4tzte Lesezeit\" \/>\n\t<meta name=\"twitter:data1\" content=\"2\u00a0Minuten\" \/>\n<script type=\"application\/ld+json\" class=\"yoast-schema-graph\">{\"@context\":\"https:\\\/\\\/schema.org\",\"@graph\":[{\"@type\":\"WebPage\",\"@id\":\"https:\\\/\\\/revolutionpadelstore.com\\\/de\\\/produkt\\\/starvie-triton-pro-2025-1\\\/\",\"url\":\"https:\\\/\\\/revolutionpadelstore.com\\\/de\\\/produkt\\\/starvie-triton-pro-2025-1\\\/\",\"name\":\"STARVIE TRIT\u00d3N PRO 2025 - Revolution Padel Store\",\"isPartOf\":{\"@id\":\"https:\\\/\\\/revolutionpadelstore.com\\\/de\\\/#website\"},\"primaryImageOfPage\":{\"@id\":\"https:\\\/\\\/revolutionpadelstore.com\\\/de\\\/produkt\\\/starvie-triton-pro-2025-1\\\/#primaryimage\"},\"image\":{\"@id\":\"https:\\\/\\\/revolutionpadelstore.com\\\/de\\\/produkt\\\/starvie-triton-pro-2025-1\\\/#primaryimage\"},\"thumbnailUrl\":\"https:\\\/\\\/revolutionpadelstore.com\\\/wp-content\\\/uploads\\\/2024\\\/10\\\/pala-starvie-triton-pro-touch-2025-1-800x800-1.jpg\",\"datePublished\":\"2024-10-12T18:55:15+00:00\",\"dateModified\":\"2026-04-08T08:27:04+00:00\",\"description\":\"La StarVie Trit\u00f3n Pro 2025 es una pala de p\u00e1del de alta gama, dise\u00f1ada con un molde en forma de l\u00e1grima que desplaza el balance hacia la cabeza, lo que la convierte en una pala enfocada en la potencia. Este modelo, de la l\u00ednea premium de StarVie, destaca por su elegancia con un dise\u00f1o en negro y detalles en plata que incluyen el marco, el logo en el plano y el logo de la estrella en el coraz\u00f3n de la pala. Es una herramienta ideal para los jugadores que buscan dar un salto en su juego con una pala que ofrece tanto potencia como control.\",\"breadcrumb\":{\"@id\":\"https:\\\/\\\/revolutionpadelstore.com\\\/de\\\/produkt\\\/starvie-triton-pro-2025-1\\\/#breadcrumb\"},\"inLanguage\":\"de\",\"potentialAction\":[{\"@type\":\"ReadAction\",\"target\":[\"https:\\\/\\\/revolutionpadelstore.com\\\/de\\\/produkt\\\/starvie-triton-pro-2025-1\\\/\"]}]},{\"@type\":\"ImageObject\",\"inLanguage\":\"de\",\"@id\":\"https:\\\/\\\/revolutionpadelstore.com\\\/de\\\/produkt\\\/starvie-triton-pro-2025-1\\\/#primaryimage\",\"url\":\"https:\\\/\\\/revolutionpadelstore.com\\\/wp-content\\\/uploads\\\/2024\\\/10\\\/pala-starvie-triton-pro-touch-2025-1-800x800-1.jpg\",\"contentUrl\":\"https:\\\/\\\/revolutionpadelstore.com\\\/wp-content\\\/uploads\\\/2024\\\/10\\\/pala-starvie-triton-pro-touch-2025-1-800x800-1.jpg\",\"width\":800,\"height\":800},{\"@type\":\"BreadcrumbList\",\"@id\":\"https:\\\/\\\/revolutionpadelstore.com\\\/de\\\/produkt\\\/starvie-triton-pro-2025-1\\\/#breadcrumb\",\"itemListElement\":[{\"@type\":\"ListItem\",\"position\":1,\"name\":\"Portada\",\"item\":\"https:\\\/\\\/revolutionpadelstore.com\\\/de\\\/\"},{\"@type\":\"ListItem\",\"position\":2,\"name\":\"Shop\",\"item\":\"https:\\\/\\\/revolutionpadelstore.com\\\/de\\\/tienda\\\/\"},{\"@type\":\"ListItem\",\"position\":3,\"name\":\"STARVIE TRIT\u00d3N PRO 2025\"}]},{\"@type\":\"WebSite\",\"@id\":\"https:\\\/\\\/revolutionpadelstore.com\\\/de\\\/#website\",\"url\":\"https:\\\/\\\/revolutionpadelstore.com\\\/de\\\/\",\"name\":\"Revolution Padel Store\",\"description\":\"\",\"publisher\":{\"@id\":\"https:\\\/\\\/revolutionpadelstore.com\\\/de\\\/#organization\"},\"potentialAction\":[{\"@type\":\"SearchAction\",\"target\":{\"@type\":\"EntryPoint\",\"urlTemplate\":\"https:\\\/\\\/revolutionpadelstore.com\\\/de\\\/?s={search_term_string}\"},\"query-input\":{\"@type\":\"PropertyValueSpecification\",\"valueRequired\":true,\"valueName\":\"search_term_string\"}}],\"inLanguage\":\"de\"},{\"@type\":\"Organization\",\"@id\":\"https:\\\/\\\/revolutionpadelstore.com\\\/de\\\/#organization\",\"name\":\"Revolution Padel Store\",\"url\":\"https:\\\/\\\/revolutionpadelstore.com\\\/de\\\/\",\"logo\":{\"@type\":\"ImageObject\",\"inLanguage\":\"de\",\"@id\":\"https:\\\/\\\/revolutionpadelstore.com\\\/de\\\/#\\\/schema\\\/logo\\\/image\\\/\",\"url\":\"https:\\\/\\\/revolutionpadelstore.com\\\/wp-content\\\/uploads\\\/2026\\\/02\\\/revolution-padel-store.jpg\",\"contentUrl\":\"https:\\\/\\\/revolutionpadelstore.com\\\/wp-content\\\/uploads\\\/2026\\\/02\\\/revolution-padel-store.jpg\",\"width\":2000,\"height\":2000,\"caption\":\"Revolution Padel Store\"},\"image\":{\"@id\":\"https:\\\/\\\/revolutionpadelstore.com\\\/de\\\/#\\\/schema\\\/logo\\\/image\\\/\"},\"sameAs\":[\"https:\\\/\\\/www.instagram.com\\\/revolutionpadelstore\\\/\"]}]}<\/script>\n<!-- \/ Yoast SEO plugin. -->","yoast_head_json":{"title":"STARVIE TRIT\u00d3N PRO 2025 - Revolution Padel Store","description":"La StarVie Trit\u00f3n Pro 2025 es una pala de p\u00e1del de alta gama, dise\u00f1ada con un molde en forma de l\u00e1grima que desplaza el balance hacia la cabeza, lo que la convierte en una pala enfocada en la potencia. Este modelo, de la l\u00ednea premium de StarVie, destaca por su elegancia con un dise\u00f1o en negro y detalles en plata que incluyen el marco, el logo en el plano y el logo de la estrella en el coraz\u00f3n de la pala. Es una herramienta ideal para los jugadores que buscan dar un salto en su juego con una pala que ofrece tanto potencia como control.","robots":{"index":"index","follow":"follow","max-snippet":"max-snippet:-1","max-image-preview":"max-image-preview:large","max-video-preview":"max-video-preview:-1"},"canonical":"https:\/\/revolutionpadelstore.com\/de\/produkt\/starvie-triton-pro-2025-1\/","og_locale":"de_DE","og_type":"article","og_title":"STARVIE TRIT\u00d3N PRO 2025 - Revolution Padel Store","og_description":"La StarVie Trit\u00f3n Pro 2025 es una pala de p\u00e1del de alta gama, dise\u00f1ada con un molde en forma de l\u00e1grima que desplaza el balance hacia la cabeza, lo que la convierte en una pala enfocada en la potencia. Este modelo, de la l\u00ednea premium de StarVie, destaca por su elegancia con un dise\u00f1o en negro y detalles en plata que incluyen el marco, el logo en el plano y el logo de la estrella en el coraz\u00f3n de la pala. Es una herramienta ideal para los jugadores que buscan dar un salto en su juego con una pala que ofrece tanto potencia como control.","og_url":"https:\/\/revolutionpadelstore.com\/de\/produkt\/starvie-triton-pro-2025-1\/","og_site_name":"Revolution Padel Store","article_modified_time":"2026-04-08T08:27:04+00:00","og_image":[{"width":800,"height":800,"url":"https:\/\/revolutionpadelstore.com\/wp-content\/uploads\/2024\/10\/pala-starvie-triton-pro-touch-2025-1-800x800-1.jpg","type":"image\/jpeg"}],"twitter_card":"summary_large_image","twitter_misc":{"Gesch\u00e4tzte Lesezeit":"2\u00a0Minuten"},"schema":{"@context":"https:\/\/schema.org","@graph":[{"@type":"WebPage","@id":"https:\/\/revolutionpadelstore.com\/de\/produkt\/starvie-triton-pro-2025-1\/","url":"https:\/\/revolutionpadelstore.com\/de\/produkt\/starvie-triton-pro-2025-1\/","name":"STARVIE TRIT\u00d3N PRO 2025 - Revolution Padel Store","isPartOf":{"@id":"https:\/\/revolutionpadelstore.com\/de\/#website"},"primaryImageOfPage":{"@id":"https:\/\/revolutionpadelstore.com\/de\/produkt\/starvie-triton-pro-2025-1\/#primaryimage"},"image":{"@id":"https:\/\/revolutionpadelstore.com\/de\/produkt\/starvie-triton-pro-2025-1\/#primaryimage"},"thumbnailUrl":"https:\/\/revolutionpadelstore.com\/wp-content\/uploads\/2024\/10\/pala-starvie-triton-pro-touch-2025-1-800x800-1.jpg","datePublished":"2024-10-12T18:55:15+00:00","dateModified":"2026-04-08T08:27:04+00:00","description":"La StarVie Trit\u00f3n Pro 2025 es una pala de p\u00e1del de alta gama, dise\u00f1ada con un molde en forma de l\u00e1grima que desplaza el balance hacia la cabeza, lo que la convierte en una pala enfocada en la potencia. Este modelo, de la l\u00ednea premium de StarVie, destaca por su elegancia con un dise\u00f1o en negro y detalles en plata que incluyen el marco, el logo en el plano y el logo de la estrella en el coraz\u00f3n de la pala. Es una herramienta ideal para los jugadores que buscan dar un salto en su juego con una pala que ofrece tanto potencia como control.","breadcrumb":{"@id":"https:\/\/revolutionpadelstore.com\/de\/produkt\/starvie-triton-pro-2025-1\/#breadcrumb"},"inLanguage":"de","potentialAction":[{"@type":"ReadAction","target":["https:\/\/revolutionpadelstore.com\/de\/produkt\/starvie-triton-pro-2025-1\/"]}]},{"@type":"ImageObject","inLanguage":"de","@id":"https:\/\/revolutionpadelstore.com\/de\/produkt\/starvie-triton-pro-2025-1\/#primaryimage","url":"https:\/\/revolutionpadelstore.com\/wp-content\/uploads\/2024\/10\/pala-starvie-triton-pro-touch-2025-1-800x800-1.jpg","contentUrl":"https:\/\/revolutionpadelstore.com\/wp-content\/uploads\/2024\/10\/pala-starvie-triton-pro-touch-2025-1-800x800-1.jpg","width":800,"height":800},{"@type":"BreadcrumbList","@id":"https:\/\/revolutionpadelstore.com\/de\/produkt\/starvie-triton-pro-2025-1\/#breadcrumb","itemListElement":[{"@type":"ListItem","position":1,"name":"Portada","item":"https:\/\/revolutionpadelstore.com\/de\/"},{"@type":"ListItem","position":2,"name":"Shop","item":"https:\/\/revolutionpadelstore.com\/de\/tienda\/"},{"@type":"ListItem","position":3,"name":"STARVIE TRIT\u00d3N PRO 2025"}]},{"@type":"WebSite","@id":"https:\/\/revolutionpadelstore.com\/de\/#website","url":"https:\/\/revolutionpadelstore.com\/de\/","name":"Revolution Padel Store","description":"","publisher":{"@id":"https:\/\/revolutionpadelstore.com\/de\/#organization"},"potentialAction":[{"@type":"SearchAction","target":{"@type":"EntryPoint","urlTemplate":"https:\/\/revolutionpadelstore.com\/de\/?s={search_term_string}"},"query-input":{"@type":"PropertyValueSpecification","valueRequired":true,"valueName":"search_term_string"}}],"inLanguage":"de"},{"@type":"Organization","@id":"https:\/\/revolutionpadelstore.com\/de\/#organization","name":"Revolution Padel Store","url":"https:\/\/revolutionpadelstore.com\/de\/","logo":{"@type":"ImageObject","inLanguage":"de","@id":"https:\/\/revolutionpadelstore.com\/de\/#\/schema\/logo\/image\/","url":"https:\/\/revolutionpadelstore.com\/wp-content\/uploads\/2026\/02\/revolution-padel-store.jpg","contentUrl":"https:\/\/revolutionpadelstore.com\/wp-content\/uploads\/2026\/02\/revolution-padel-store.jpg","width":2000,"height":2000,"caption":"Revolution Padel Store"},"image":{"@id":"https:\/\/revolutionpadelstore.com\/de\/#\/schema\/logo\/image\/"},"sameAs":["https:\/\/www.instagram.com\/revolutionpadelstore\/"]}]}},"_links":{"self":[{"href":"https:\/\/revolutionpadelstore.com\/de\/wp-json\/wp\/v2\/product\/93736","targetHints":{"allow":["GET"]}}],"collection":[{"href":"https:\/\/revolutionpadelstore.com\/de\/wp-json\/wp\/v2\/product"}],"about":[{"href":"https:\/\/revolutionpadelstore.com\/de\/wp-json\/wp\/v2\/types\/product"}],"replies":[{"embeddable":true,"href":"https:\/\/revolutionpadelstore.com\/de\/wp-json\/wp\/v2\/comments?post=93736"}],"wp:featuredmedia":[{"embeddable":true,"href":"https:\/\/revolutionpadelstore.com\/de\/wp-json\/wp\/v2\/media\/93674"}],"wp:attachment":[{"href":"https:\/\/revolutionpadelstore.com\/de\/wp-json\/wp\/v2\/media?parent=93736"}],"wp:term":[{"taxonomy":"acabado","embeddable":true,"href":"https:\/\/revolutionpadelstore.com\/de\/wp-json\/wp\/v2\/acabado?post=93736"},{"taxonomy":"balance","embeddable":true,"href":"https:\/\/revolutionpadelstore.com\/de\/wp-json\/wp\/v2\/balance?post=93736"},{"taxonomy":"dureza","embeddable":true,"href":"https:\/\/revolutionpadelstore.com\/de\/wp-json\/wp\/v2\/dureza?post=93736"},{"taxonomy":"forma","embeddable":true,"href":"https:\/\/revolutionpadelstore.com\/de\/wp-json\/wp\/v2\/forma?post=93736"},{"taxonomy":"jugador","embeddable":true,"href":"https:\/\/revolutionpadelstore.com\/de\/wp-json\/wp\/v2\/jugador?post=93736"},{"taxonomy":"marca","embeddable":true,"href":"https:\/\/revolutionpadelstore.com\/de\/wp-json\/wp\/v2\/marca?post=93736"},{"taxonomy":"nivel-de-juego","embeddable":true,"href":"https:\/\/revolutionpadelstore.com\/de\/wp-json\/wp\/v2\/nivel-de-juego?post=93736"},{"taxonomy":"superficie","embeddable":true,"href":"https:\/\/revolutionpadelstore.com\/de\/wp-json\/wp\/v2\/superficie?post=93736"},{"taxonomy":"tipo-de-juego","embeddable":true,"href":"https:\/\/revolutionpadelstore.com\/de\/wp-json\/wp\/v2\/tipo-de-juego?post=93736"},{"taxonomy":"product_brand","embeddable":true,"href":"https:\/\/revolutionpadelstore.com\/de\/wp-json\/wp\/v2\/product_brand?post=93736"},{"taxonomy":"product_cat","embeddable":true,"href":"https:\/\/revolutionpadelstore.com\/de\/wp-json\/wp\/v2\/product_cat?post=93736"},{"taxonomy":"product_tag","embeddable":true,"href":"https:\/\/revolutionpadelstore.com\/de\/wp-json\/wp\/v2\/product_tag?post=93736"}],"curies":[{"name":"wp","href":"https:\/\/api.w.org\/{rel}","templated":true}]}}