{"id":72943,"date":"2024-07-23T09:04:22","date_gmt":"2024-07-23T07:04:22","guid":{"rendered":"https:\/\/revolutionpadelstore.com\/bullpadel-pearl\/"},"modified":"2026-04-08T11:13:29","modified_gmt":"2026-04-08T09:13:29","slug":"bullpadel-pearl-1","status":"publish","type":"product","link":"https:\/\/revolutionpadelstore.com\/de\/produkt\/bullpadel-pearl-1\/","title":{"rendered":"BULLPADEL PEARL"},"content":{"rendered":"<h2>Bullpadel Pearl Bea Gonz\u00e1lez 2024, Diamant-Padelschl\u00e4ger<\/h2>\n<p>Der Bullpadel Pearl Bea Gonz\u00e1lez 2024 ist der offizielle Schl\u00e4ger der talentierten Spielerin Bea Gonz\u00e1lez, der speziell f\u00fcr die Bullpadel 2024-Kollektion entwickelt wurde. Dieser Schl\u00e4ger zeichnet sich durch sein perfektes Gleichgewicht zwischen Kraft und Kontrolle aus und bietet au\u00dfergew\u00f6hnliche Leistung f\u00fcr die anspruchsvollsten Spieler. Mit einem innovativen Design und modernsten Technologien ist es eine ideale Option f\u00fcr alle, die mit jedem Schlag auf dem Platz hervorstechen m\u00f6chten.<\/p>\n<h2>Bullpadel Pearl Bea Gonz\u00e1lez 2024 Profi-Linie<\/h2>\n<p>Der Bullpadel Pearl Woman eignet sich f\u00fcr fortgeschrittene oder professionelle Spieler und ist perfekt f\u00fcr diejenigen, die ihr Spiel auf die n\u00e4chste Stufe bringen m\u00f6chten. Seine Struktur und Materialien sind darauf ausgelegt, die Leistung in jeder Spielsituation zu maximieren und eine h\u00f6here Pr\u00e4zision und Kraft bei den Schl\u00e4gen zu erm\u00f6glichen. Seine hohe Balance und Diamantform machen ihn ideal f\u00fcr Spieler, die einen Schl\u00e4ger mit gr\u00f6\u00dferer Schlagkraft und Ballausbeute bevorzugen, ohne auf die Kontrolle zu verzichten, die f\u00fcr die technisch anspruchsvollsten Momente des Spiels erforderlich ist.<\/p>\n<h2>Funktionen und Technologien des Bullpadel Pearl Bea Gonz\u00e1lez 2024<\/h2>\n<p>Carbontube: <strong>Rahmen aus 100 % Carbon<\/strong>, bidirektional ineinandergreifend, der maximale mechanische Reaktion bietet.<\/p>\n<p><strong>Fibrix Faces<\/strong>: <strong>Hybridverbindung zwischen X-Glass und Carbon<\/strong>, verschmolzen mit einem elastischen Harz f\u00fcr mehr Flexibilit\u00e4t und Elastizit\u00e4t.<\/p>\n<p><strong>MultiEVA-Kern<\/strong>: 2 <strong>verschiedene EVA-Dichten<\/strong>, der kompaktere \u00e4u\u00dfere f\u00fcr Kraft und der weichere innere f\u00fcr Kontrolle.<\/p>\n<p>Gewicht: <strong>355\u2013365 Gramm<\/strong>, ideal f\u00fcr eine ausgewogene Handhabung.<\/p>\n<p><strong>Pearl Heart<\/strong>: umgekehrte Dreiecksgeometrie f\u00fcr mehr Stabilit\u00e4t.<\/p>\n<p>3DGrain-Technologie:<strong>Polygonale Oberfl\u00e4che<\/strong> der Schlagfl\u00e4chen f\u00fcr ein perfektes Gleichgewicht zwischen Spin und Kontrolle.<\/p>\n<p><em>Protektor<\/em> SYS: <strong>selbstklebende Aluminiumplatten, die es erm\u00f6glichen, die Balance und das Gewicht<\/strong> des Schl\u00e4gers zu ver\u00e4ndern.<\/p>\n<p><em>Vibradrive<\/em>-Technologie: Faustsystem mit hochdichtem Gummi, das die meisten Vibrationen absorbiert.<\/p>\n<p><em>Air React Channel<\/em>-Technologie: <strong>Hohle Struktur, die dem Rahmen Stabilit\u00e4t verleiht<\/strong> f\u00fcr mehr Leistung und Pr\u00e4zision bei Schl\u00e4gen.<\/p>\n<h3>Bullpadel Pearl Bea Gonz\u00e1lez 2024 erh\u00e4ltlich im REVOLUTION PADEL STORE<\/h3>\n<p>Wenn Sie auf der Suche nach einem Schl\u00e4ger sind, mit dem Sie jedes Spiel dominieren k\u00f6nnen, ist der Bullpadel Pearl Bea Gonz\u00e1lez 2024 die perfekte Wahl. Mit seinem innovativen Design und den besten Technologien auf dem Markt bietet Ihnen dieser Schl\u00e4ger eine un\u00fcbertroffene Leistung. Verpassen Sie nicht die Gelegenheit, Ihr Spiel mit einem Tool zu verbessern, das sich an Ihre Bed\u00fcrfnisse anpasst und es Ihnen erm\u00f6glicht, bei jedem Schlag das Beste aus sich herauszuholen. Holen Sie sich das Bullpadel Pearl von Bea Gonz\u00e1lez und erleben Sie den Unterschied auf dem Platz!<\/p>\n<h2>Bullpadel Pearl Bea Gonz\u00e1lez 2024, pala de p\u00e1del diamante<\/h2>\n","protected":false},"excerpt":{"rendered":"<p>Der neue Schl\u00e4ger unseres brandneuen Neuzugangs <strong>Bea Gonz\u00e1lez<\/strong> zeichnet sich vor allem durch seine TRINAMIC-Technologie aus: Das Perlenherz mit umgekehrter Dreiecksgeometrie pr\u00e4sentiert diagonal verschiedene Ein- und Ausg\u00e4nge und erzeugt so dreieckige Volumina. <\/p>\n","protected":false},"featured_media":99935,"comment_status":"open","ping_status":"closed","template":"","meta":{"_acf_changed":false,"_joinchat":[]},"acabado":[1089],"balance":[1134],"dureza":[1154],"forma":[1169],"jugador":[1194],"marca":[1254],"nivel-de-juego":[1334,1344],"superficie":[1359],"tipo-de-juego":[1384],"product_brand":[],"product_cat":[299],"product_tag":[],"class_list":{"0":"post-72943","1":"product","2":"type-product","3":"status-publish","4":"has-post-thumbnail","6":"acabado-3d-entlasten","7":"balance-hoch","8":"dureza-media-de","9":"forma-diamante-de","10":"jugador-frau","11":"marca-bullpadel-de","12":"superficie-rugosa-de","13":"tipo-de-juego-mehrzweck","14":"product_cat-palas-de-padel-de","16":"first","17":"instock","18":"sale","19":"taxable","20":"shipping-taxable","21":"purchasable","22":"product-type-simple"},"acf":[],"yoast_head":"<!-- This site is optimized with the Yoast SEO plugin v27.4 - https:\/\/yoast.com\/product\/yoast-seo-wordpress\/ -->\n<title>BULLPADEL PEARL - Revolution Padel Store<\/title>\n<meta name=\"description\" content=\"La nueva pala de nuestro flamante \u00faltimo fichaje\u00a0Bea Gonz\u00e1lez, destaca sobre todo por la tecnolog\u00eda TRINAMIC: El coraz\u00f3n pearl, con geometr\u00eda triangular invertida, presenta diferentes entradas y salidas en diagonal, generando vol\u00famenes triangulares.\" \/>\n<meta name=\"robots\" content=\"index, follow, max-snippet:-1, max-image-preview:large, max-video-preview:-1\" \/>\n<link rel=\"canonical\" href=\"https:\/\/revolutionpadelstore.com\/de\/produkt\/bullpadel-pearl-1\/\" \/>\n<meta property=\"og:locale\" content=\"de_DE\" \/>\n<meta property=\"og:type\" content=\"article\" \/>\n<meta property=\"og:title\" content=\"COMPRAR BULLPADEL PEARL\" \/>\n<meta property=\"og:description\" content=\"La nueva pala de nuestro flamante \u00faltimo fichaje\u00a0Bea Gonz\u00e1lez, destaca sobre todo por la tecnolog\u00eda TRINAMIC: El coraz\u00f3n pearl, con geometr\u00eda triangular invertida, presenta diferentes entradas y salidas en diagonal, generando vol\u00famenes triangulares.\" \/>\n<meta property=\"og:url\" content=\"https:\/\/revolutionpadelstore.com\/de\/produkt\/bullpadel-pearl-1\/\" \/>\n<meta property=\"og:site_name\" content=\"Revolution Padel Store\" \/>\n<meta property=\"article:modified_time\" content=\"2026-04-08T09:13:29+00:00\" \/>\n<meta property=\"og:image\" content=\"https:\/\/revolutionpadelstore.com\/wp-content\/uploads\/2024\/07\/pala-bullpadel-pearl.jpg\" \/>\n\t<meta property=\"og:image:width\" content=\"1000\" \/>\n\t<meta property=\"og:image:height\" content=\"1188\" \/>\n\t<meta property=\"og:image:type\" content=\"image\/jpeg\" \/>\n<meta name=\"twitter:card\" content=\"summary_large_image\" \/>\n<meta name=\"twitter:label1\" content=\"Gesch\u00e4tzte Lesezeit\" \/>\n\t<meta name=\"twitter:data1\" content=\"3\u00a0Minuten\" \/>\n<script type=\"application\/ld+json\" class=\"yoast-schema-graph\">{\"@context\":\"https:\\\/\\\/schema.org\",\"@graph\":[{\"@type\":\"WebPage\",\"@id\":\"https:\\\/\\\/revolutionpadelstore.com\\\/de\\\/produkt\\\/bullpadel-pearl-1\\\/\",\"url\":\"https:\\\/\\\/revolutionpadelstore.com\\\/de\\\/produkt\\\/bullpadel-pearl-1\\\/\",\"name\":\"BULLPADEL PEARL - Revolution Padel Store\",\"isPartOf\":{\"@id\":\"https:\\\/\\\/revolutionpadelstore.com\\\/de\\\/#website\"},\"primaryImageOfPage\":{\"@id\":\"https:\\\/\\\/revolutionpadelstore.com\\\/de\\\/produkt\\\/bullpadel-pearl-1\\\/#primaryimage\"},\"image\":{\"@id\":\"https:\\\/\\\/revolutionpadelstore.com\\\/de\\\/produkt\\\/bullpadel-pearl-1\\\/#primaryimage\"},\"thumbnailUrl\":\"https:\\\/\\\/revolutionpadelstore.com\\\/wp-content\\\/uploads\\\/2024\\\/09\\\/112922_pala_bullpadel_pearl_bea_gonzalez_473782_mujer_1500x1500_vista1_f424.webp\",\"datePublished\":\"2024-07-23T07:04:22+00:00\",\"dateModified\":\"2026-04-08T09:13:29+00:00\",\"description\":\"La nueva pala de nuestro flamante \u00faltimo fichaje\u00a0Bea Gonz\u00e1lez, destaca sobre todo por la tecnolog\u00eda TRINAMIC: El coraz\u00f3n pearl, con geometr\u00eda triangular invertida, presenta diferentes entradas y salidas en diagonal, generando vol\u00famenes triangulares.\",\"breadcrumb\":{\"@id\":\"https:\\\/\\\/revolutionpadelstore.com\\\/de\\\/produkt\\\/bullpadel-pearl-1\\\/#breadcrumb\"},\"inLanguage\":\"de\",\"potentialAction\":[{\"@type\":\"ReadAction\",\"target\":[\"https:\\\/\\\/revolutionpadelstore.com\\\/de\\\/produkt\\\/bullpadel-pearl-1\\\/\"]}]},{\"@type\":\"ImageObject\",\"inLanguage\":\"de\",\"@id\":\"https:\\\/\\\/revolutionpadelstore.com\\\/de\\\/produkt\\\/bullpadel-pearl-1\\\/#primaryimage\",\"url\":\"https:\\\/\\\/revolutionpadelstore.com\\\/wp-content\\\/uploads\\\/2024\\\/09\\\/112922_pala_bullpadel_pearl_bea_gonzalez_473782_mujer_1500x1500_vista1_f424.webp\",\"contentUrl\":\"https:\\\/\\\/revolutionpadelstore.com\\\/wp-content\\\/uploads\\\/2024\\\/09\\\/112922_pala_bullpadel_pearl_bea_gonzalez_473782_mujer_1500x1500_vista1_f424.webp\",\"width\":1500,\"height\":1500},{\"@type\":\"BreadcrumbList\",\"@id\":\"https:\\\/\\\/revolutionpadelstore.com\\\/de\\\/produkt\\\/bullpadel-pearl-1\\\/#breadcrumb\",\"itemListElement\":[{\"@type\":\"ListItem\",\"position\":1,\"name\":\"Portada\",\"item\":\"https:\\\/\\\/revolutionpadelstore.com\\\/de\\\/\"},{\"@type\":\"ListItem\",\"position\":2,\"name\":\"Shop\",\"item\":\"https:\\\/\\\/revolutionpadelstore.com\\\/de\\\/tienda\\\/\"},{\"@type\":\"ListItem\",\"position\":3,\"name\":\"BULLPADEL PEARL\"}]},{\"@type\":\"WebSite\",\"@id\":\"https:\\\/\\\/revolutionpadelstore.com\\\/de\\\/#website\",\"url\":\"https:\\\/\\\/revolutionpadelstore.com\\\/de\\\/\",\"name\":\"Revolution Padel Store\",\"description\":\"\",\"publisher\":{\"@id\":\"https:\\\/\\\/revolutionpadelstore.com\\\/de\\\/#organization\"},\"potentialAction\":[{\"@type\":\"SearchAction\",\"target\":{\"@type\":\"EntryPoint\",\"urlTemplate\":\"https:\\\/\\\/revolutionpadelstore.com\\\/de\\\/?s={search_term_string}\"},\"query-input\":{\"@type\":\"PropertyValueSpecification\",\"valueRequired\":true,\"valueName\":\"search_term_string\"}}],\"inLanguage\":\"de\"},{\"@type\":\"Organization\",\"@id\":\"https:\\\/\\\/revolutionpadelstore.com\\\/de\\\/#organization\",\"name\":\"Revolution Padel Store\",\"url\":\"https:\\\/\\\/revolutionpadelstore.com\\\/de\\\/\",\"logo\":{\"@type\":\"ImageObject\",\"inLanguage\":\"de\",\"@id\":\"https:\\\/\\\/revolutionpadelstore.com\\\/de\\\/#\\\/schema\\\/logo\\\/image\\\/\",\"url\":\"https:\\\/\\\/revolutionpadelstore.com\\\/wp-content\\\/uploads\\\/2026\\\/02\\\/revolution-padel-store.jpg\",\"contentUrl\":\"https:\\\/\\\/revolutionpadelstore.com\\\/wp-content\\\/uploads\\\/2026\\\/02\\\/revolution-padel-store.jpg\",\"width\":2000,\"height\":2000,\"caption\":\"Revolution Padel Store\"},\"image\":{\"@id\":\"https:\\\/\\\/revolutionpadelstore.com\\\/de\\\/#\\\/schema\\\/logo\\\/image\\\/\"},\"sameAs\":[\"https:\\\/\\\/www.instagram.com\\\/revolutionpadelstore\\\/\"]}]}<\/script>\n<!-- \/ Yoast SEO plugin. -->","yoast_head_json":{"title":"BULLPADEL PEARL - Revolution Padel Store","description":"La nueva pala de nuestro flamante \u00faltimo fichaje\u00a0Bea Gonz\u00e1lez, destaca sobre todo por la tecnolog\u00eda TRINAMIC: El coraz\u00f3n pearl, con geometr\u00eda triangular invertida, presenta diferentes entradas y salidas en diagonal, generando vol\u00famenes triangulares.","robots":{"index":"index","follow":"follow","max-snippet":"max-snippet:-1","max-image-preview":"max-image-preview:large","max-video-preview":"max-video-preview:-1"},"canonical":"https:\/\/revolutionpadelstore.com\/de\/produkt\/bullpadel-pearl-1\/","og_locale":"de_DE","og_type":"article","og_title":"COMPRAR BULLPADEL PEARL","og_description":"La nueva pala de nuestro flamante \u00faltimo fichaje\u00a0Bea Gonz\u00e1lez, destaca sobre todo por la tecnolog\u00eda TRINAMIC: El coraz\u00f3n pearl, con geometr\u00eda triangular invertida, presenta diferentes entradas y salidas en diagonal, generando vol\u00famenes triangulares.","og_url":"https:\/\/revolutionpadelstore.com\/de\/produkt\/bullpadel-pearl-1\/","og_site_name":"Revolution Padel Store","article_modified_time":"2026-04-08T09:13:29+00:00","og_image":[{"width":1000,"height":1188,"url":"https:\/\/revolutionpadelstore.com\/wp-content\/uploads\/2024\/07\/pala-bullpadel-pearl.jpg","type":"image\/jpeg"}],"twitter_card":"summary_large_image","twitter_misc":{"Gesch\u00e4tzte Lesezeit":"3\u00a0Minuten"},"schema":{"@context":"https:\/\/schema.org","@graph":[{"@type":"WebPage","@id":"https:\/\/revolutionpadelstore.com\/de\/produkt\/bullpadel-pearl-1\/","url":"https:\/\/revolutionpadelstore.com\/de\/produkt\/bullpadel-pearl-1\/","name":"BULLPADEL PEARL - Revolution Padel Store","isPartOf":{"@id":"https:\/\/revolutionpadelstore.com\/de\/#website"},"primaryImageOfPage":{"@id":"https:\/\/revolutionpadelstore.com\/de\/produkt\/bullpadel-pearl-1\/#primaryimage"},"image":{"@id":"https:\/\/revolutionpadelstore.com\/de\/produkt\/bullpadel-pearl-1\/#primaryimage"},"thumbnailUrl":"https:\/\/revolutionpadelstore.com\/wp-content\/uploads\/2024\/09\/112922_pala_bullpadel_pearl_bea_gonzalez_473782_mujer_1500x1500_vista1_f424.webp","datePublished":"2024-07-23T07:04:22+00:00","dateModified":"2026-04-08T09:13:29+00:00","description":"La nueva pala de nuestro flamante \u00faltimo fichaje\u00a0Bea Gonz\u00e1lez, destaca sobre todo por la tecnolog\u00eda TRINAMIC: El coraz\u00f3n pearl, con geometr\u00eda triangular invertida, presenta diferentes entradas y salidas en diagonal, generando vol\u00famenes triangulares.","breadcrumb":{"@id":"https:\/\/revolutionpadelstore.com\/de\/produkt\/bullpadel-pearl-1\/#breadcrumb"},"inLanguage":"de","potentialAction":[{"@type":"ReadAction","target":["https:\/\/revolutionpadelstore.com\/de\/produkt\/bullpadel-pearl-1\/"]}]},{"@type":"ImageObject","inLanguage":"de","@id":"https:\/\/revolutionpadelstore.com\/de\/produkt\/bullpadel-pearl-1\/#primaryimage","url":"https:\/\/revolutionpadelstore.com\/wp-content\/uploads\/2024\/09\/112922_pala_bullpadel_pearl_bea_gonzalez_473782_mujer_1500x1500_vista1_f424.webp","contentUrl":"https:\/\/revolutionpadelstore.com\/wp-content\/uploads\/2024\/09\/112922_pala_bullpadel_pearl_bea_gonzalez_473782_mujer_1500x1500_vista1_f424.webp","width":1500,"height":1500},{"@type":"BreadcrumbList","@id":"https:\/\/revolutionpadelstore.com\/de\/produkt\/bullpadel-pearl-1\/#breadcrumb","itemListElement":[{"@type":"ListItem","position":1,"name":"Portada","item":"https:\/\/revolutionpadelstore.com\/de\/"},{"@type":"ListItem","position":2,"name":"Shop","item":"https:\/\/revolutionpadelstore.com\/de\/tienda\/"},{"@type":"ListItem","position":3,"name":"BULLPADEL PEARL"}]},{"@type":"WebSite","@id":"https:\/\/revolutionpadelstore.com\/de\/#website","url":"https:\/\/revolutionpadelstore.com\/de\/","name":"Revolution Padel Store","description":"","publisher":{"@id":"https:\/\/revolutionpadelstore.com\/de\/#organization"},"potentialAction":[{"@type":"SearchAction","target":{"@type":"EntryPoint","urlTemplate":"https:\/\/revolutionpadelstore.com\/de\/?s={search_term_string}"},"query-input":{"@type":"PropertyValueSpecification","valueRequired":true,"valueName":"search_term_string"}}],"inLanguage":"de"},{"@type":"Organization","@id":"https:\/\/revolutionpadelstore.com\/de\/#organization","name":"Revolution Padel Store","url":"https:\/\/revolutionpadelstore.com\/de\/","logo":{"@type":"ImageObject","inLanguage":"de","@id":"https:\/\/revolutionpadelstore.com\/de\/#\/schema\/logo\/image\/","url":"https:\/\/revolutionpadelstore.com\/wp-content\/uploads\/2026\/02\/revolution-padel-store.jpg","contentUrl":"https:\/\/revolutionpadelstore.com\/wp-content\/uploads\/2026\/02\/revolution-padel-store.jpg","width":2000,"height":2000,"caption":"Revolution Padel Store"},"image":{"@id":"https:\/\/revolutionpadelstore.com\/de\/#\/schema\/logo\/image\/"},"sameAs":["https:\/\/www.instagram.com\/revolutionpadelstore\/"]}]}},"_links":{"self":[{"href":"https:\/\/revolutionpadelstore.com\/de\/wp-json\/wp\/v2\/product\/72943","targetHints":{"allow":["GET"]}}],"collection":[{"href":"https:\/\/revolutionpadelstore.com\/de\/wp-json\/wp\/v2\/product"}],"about":[{"href":"https:\/\/revolutionpadelstore.com\/de\/wp-json\/wp\/v2\/types\/product"}],"replies":[{"embeddable":true,"href":"https:\/\/revolutionpadelstore.com\/de\/wp-json\/wp\/v2\/comments?post=72943"}],"wp:featuredmedia":[{"embeddable":true,"href":"https:\/\/revolutionpadelstore.com\/de\/wp-json\/wp\/v2\/media\/99935"}],"wp:attachment":[{"href":"https:\/\/revolutionpadelstore.com\/de\/wp-json\/wp\/v2\/media?parent=72943"}],"wp:term":[{"taxonomy":"acabado","embeddable":true,"href":"https:\/\/revolutionpadelstore.com\/de\/wp-json\/wp\/v2\/acabado?post=72943"},{"taxonomy":"balance","embeddable":true,"href":"https:\/\/revolutionpadelstore.com\/de\/wp-json\/wp\/v2\/balance?post=72943"},{"taxonomy":"dureza","embeddable":true,"href":"https:\/\/revolutionpadelstore.com\/de\/wp-json\/wp\/v2\/dureza?post=72943"},{"taxonomy":"forma","embeddable":true,"href":"https:\/\/revolutionpadelstore.com\/de\/wp-json\/wp\/v2\/forma?post=72943"},{"taxonomy":"jugador","embeddable":true,"href":"https:\/\/revolutionpadelstore.com\/de\/wp-json\/wp\/v2\/jugador?post=72943"},{"taxonomy":"marca","embeddable":true,"href":"https:\/\/revolutionpadelstore.com\/de\/wp-json\/wp\/v2\/marca?post=72943"},{"taxonomy":"nivel-de-juego","embeddable":true,"href":"https:\/\/revolutionpadelstore.com\/de\/wp-json\/wp\/v2\/nivel-de-juego?post=72943"},{"taxonomy":"superficie","embeddable":true,"href":"https:\/\/revolutionpadelstore.com\/de\/wp-json\/wp\/v2\/superficie?post=72943"},{"taxonomy":"tipo-de-juego","embeddable":true,"href":"https:\/\/revolutionpadelstore.com\/de\/wp-json\/wp\/v2\/tipo-de-juego?post=72943"},{"taxonomy":"product_brand","embeddable":true,"href":"https:\/\/revolutionpadelstore.com\/de\/wp-json\/wp\/v2\/product_brand?post=72943"},{"taxonomy":"product_cat","embeddable":true,"href":"https:\/\/revolutionpadelstore.com\/de\/wp-json\/wp\/v2\/product_cat?post=72943"},{"taxonomy":"product_tag","embeddable":true,"href":"https:\/\/revolutionpadelstore.com\/de\/wp-json\/wp\/v2\/product_tag?post=72943"}],"curies":[{"name":"wp","href":"https:\/\/api.w.org\/{rel}","templated":true}]}}