{"id":72938,"date":"2024-07-24T13:19:13","date_gmt":"2024-07-24T11:19:13","guid":{"rendered":"https:\/\/revolutionpadelstore.com\/wilson-blade-pro-v3\/"},"modified":"2026-04-08T11:10:52","modified_gmt":"2026-04-08T09:10:52","slug":"wilson-blade-pro-v3-1","status":"publish","type":"product","link":"https:\/\/revolutionpadelstore.com\/de\/produkt\/wilson-blade-pro-v3-1\/","title":{"rendered":"WILSON BLADE PRO V3"},"content":{"rendered":"<h2>Wilson Blade Pro V3 Padel<\/h2>\n<p>Der<strong>Wilson Blade Pro V3<\/strong> ist die neueste Innovation bei Padelschl\u00e4gern und wurde entwickelt, um bei jedem Schlag herausragende Leistung zu bieten. Dieser Schl\u00e4ger, der sich durch seine kraftvolle Tropfenform auszeichnet, bietet eine explosive Kombination aus Kraft und Stabilit\u00e4t, ideal f\u00fcr alle, die das Spielfeld mit Kraft und Pr\u00e4zision dominieren m\u00f6chten. Sein elegantes gr\u00fcnes Design mit dem markanten schwarzen Wilson-Logo ist nicht nur optisch ansprechend, sondern unterstreicht auch die Qualit\u00e4t und das fortschrittliche Design dieses Modells.<\/p>\n<h2>Wilson Blade Pro V3 Padel f\u00fcr fortgeschrittene Spieler<\/h2>\n<p>Dieser Schl\u00e4ger eignet sich besonders f\u00fcr fortgeschrittene und wettkampforientierte Spieler, die ihr Spiel auf die n\u00e4chste Stufe heben m\u00f6chten. Der Wilson Blade Pro V3 ist perfekt f\u00fcr alle, die einen aggressiven Spielstil haben und einen Schl\u00e4ger ben\u00f6tigen, der hohen Schl\u00e4gen standh\u00e4lt, ohne die Kontrolle zu beeintr\u00e4chtigen. Sein Design ist so konzipiert, dass es beim Aufprall ein festeres und sensibleres Gef\u00fchl vermittelt und so f\u00fcr mehr Kraft und Stabilit\u00e4t sorgt, selbst bei au\u00dfermittigen Schl\u00e4gen.<\/p>\n<h3>Funktionen und Technologien des Wilson Blade Pro V3 Padel:<\/h3>\n<p><strong>-Tropfenform<\/strong>: Bietet eine ideale Balance zwischen Kraft und Kontrolle.<\/p>\n<p><strong>-Kohlefaserrahmen<\/strong>: Am Kopf verst\u00e4rkt f\u00fcr l\u00e4ngere Haltbarkeit.<\/p>\n<p><strong>-Spin-Oberfl\u00e4che<\/strong>: Erm\u00f6glicht die kontrollierte Wirkung auf den Ball aus verschiedenen Bereichen des Schl\u00e4gers.<\/p>\n<p><strong>-Duo Grid Pattern<\/strong>: Optimiert Kraft und Kontrolle mit L\u00f6chern unterschiedlicher Gr\u00f6\u00dfe.<\/p>\n<p><strong>-Fester EVA-Schaum<\/strong>: Liefert saubere Schl\u00e4ge mit hervorragender Kontrolle.<\/p>\n<p><strong>-Sharp Hole-Technologie<\/em><\/strong>: Erh\u00f6ht die Effektivit\u00e4t des Aufschlags mit jedem Schlag.<\/p>\n<p><strong>-C2-Rohrkonstruktion<\/strong>: Gew\u00e4hrleistet Haltbarkeit und hervorragende Kontrolle.<\/p>\n<p><strong>-Anti-Bruch-Kante<\/strong>: Verst\u00e4rkt den Kopf des Schl\u00e4gers, um aggressivem Spiel standzuhalten.<\/p>\n<p>Mit dem Wilson Blade Pro V3 wird jeder Schlag zum Ausdruck von St\u00e4rke und Pr\u00e4zision. Wenn Sie ein Spieler sind, der seine Leistung maximieren und auf dem Platz hervorstechen m\u00f6chte, ist dieser Schl\u00e4ger das Werkzeug, das Sie brauchen, um Ihre Ziele zu erreichen. Verpassen Sie nicht die Gelegenheit, Ihr Spiel zu verbessern und das Spiel mit diesem Schl\u00e4ger der n\u00e4chsten Generation zu dominieren.<\/p>\n<h2>Wilson Blade Pro V3 Padel<\/h2>\n","protected":false},"excerpt":{"rendered":"<p>Mit dem Wilson Blade Pro V3 wird jeder Schlag zu einem Ausdruck von<strong>St\u00e4rke und Pr\u00e4zision<\/strong>. Wenn Sie ein Spieler sind, der seine Leistung maximieren und auf dem Platz hervorstechen m\u00f6chte, ist dieser Schl\u00e4ger das Werkzeug, das Sie brauchen, um Ihre Ziele zu erreichen. Verpassen Sie nicht die Gelegenheit, Ihr Spiel zu verbessern und das Spiel mit diesem Schl\u00e4ger der n\u00e4chsten Generation zu dominieren.<\/p>\n","protected":false},"featured_media":71298,"comment_status":"open","ping_status":"closed","template":"","meta":{"_acf_changed":false,"_joinchat":[]},"acabado":[1089],"balance":[1134],"dureza":[1159,1154],"forma":[1174],"jugador":[1189,1199],"marca":[1264],"nivel-de-juego":[1334,1344],"superficie":[1359],"tipo-de-juego":[1374],"product_brand":[],"product_cat":[299],"product_tag":[],"class_list":{"0":"post-72938","1":"product","2":"type-product","3":"status-publish","4":"has-post-thumbnail","6":"acabado-3d-entlasten","7":"balance-hoch","8":"dureza-dura-de","9":"dureza-media-de","10":"forma-hybrid","11":"jugador-mann","12":"jugador-mehrzweck","13":"marca-wilson-de","14":"superficie-rugosa-de","15":"tipo-de-juego-leistung","16":"product_cat-palas-de-padel-de","18":"first","19":"instock","20":"sale","21":"taxable","22":"shipping-taxable","23":"purchasable","24":"product-type-simple"},"acf":[],"yoast_head":"<!-- This site is optimized with the Yoast SEO plugin v27.4 - https:\/\/yoast.com\/product\/yoast-seo-wordpress\/ -->\n<title>WILSON BLADE PRO V3 - Revolution Padel Store<\/title>\n<meta name=\"description\" content=\"La raqueta de p\u00e1del Blade Pro V3 de Wilson ofrece un uno o dos punch de impresionante potencia explosiva y estabilidad para los jugadores de ataque. Para jugadores avanzados y competitivos, esta pala con forma de l\u00e1grima te ofrece todas las herramientas para elevar tu juego.El fuerte marco de fibra de carbono de la cara est\u00e1 reforzado en la cabeza para ofrecer mayor durabilidad durante el juego agresivo. Comparada con la V2, esta raqueta ofrece una sensaci\u00f3n m\u00e1s firme y sensible en el impacto. Proporciona m\u00e1s potencia con una sensaci\u00f3n explosiva, por lo que puedes esperar una sensaci\u00f3n estable incluso en los golpes descentrados.\" \/>\n<meta name=\"robots\" content=\"index, follow, max-snippet:-1, max-image-preview:large, max-video-preview:-1\" \/>\n<link rel=\"canonical\" href=\"https:\/\/revolutionpadelstore.com\/de\/produkt\/wilson-blade-pro-v3-1\/\" \/>\n<meta property=\"og:locale\" content=\"de_DE\" \/>\n<meta property=\"og:type\" content=\"article\" \/>\n<meta property=\"og:title\" content=\"COMPRAR WILSON BLADE PRO V3\" \/>\n<meta property=\"og:description\" content=\"La raqueta de p\u00e1del Blade Pro V3 de Wilson ofrece un uno o dos punch de impresionante potencia explosiva y estabilidad para los jugadores de ataque. Para jugadores avanzados y competitivos, esta pala con forma de l\u00e1grima te ofrece todas las herramientas para elevar tu juego.\" \/>\n<meta property=\"og:url\" content=\"https:\/\/revolutionpadelstore.com\/de\/produkt\/wilson-blade-pro-v3-1\/\" \/>\n<meta property=\"og:site_name\" content=\"Revolution Padel Store\" \/>\n<meta property=\"article:modified_time\" content=\"2026-04-08T09:10:52+00:00\" \/>\n<meta property=\"og:image\" content=\"https:\/\/revolutionpadelstore.com\/wp-content\/uploads\/2024\/07\/113593_pala_wilson_blade_pro_v3_padel_wr166911u_1500x1500_1_10af.webp\" \/>\n\t<meta property=\"og:image:width\" content=\"1500\" \/>\n\t<meta property=\"og:image:height\" content=\"1500\" \/>\n\t<meta property=\"og:image:type\" content=\"image\/webp\" \/>\n<meta name=\"twitter:card\" content=\"summary_large_image\" \/>\n<meta name=\"twitter:label1\" content=\"Gesch\u00e4tzte Lesezeit\" \/>\n\t<meta name=\"twitter:data1\" content=\"2\u00a0Minuten\" \/>\n<script type=\"application\/ld+json\" class=\"yoast-schema-graph\">{\"@context\":\"https:\\\/\\\/schema.org\",\"@graph\":[{\"@type\":\"WebPage\",\"@id\":\"https:\\\/\\\/revolutionpadelstore.com\\\/de\\\/produkt\\\/wilson-blade-pro-v3-1\\\/\",\"url\":\"https:\\\/\\\/revolutionpadelstore.com\\\/de\\\/produkt\\\/wilson-blade-pro-v3-1\\\/\",\"name\":\"WILSON BLADE PRO V3 - Revolution Padel Store\",\"isPartOf\":{\"@id\":\"https:\\\/\\\/revolutionpadelstore.com\\\/de\\\/#website\"},\"primaryImageOfPage\":{\"@id\":\"https:\\\/\\\/revolutionpadelstore.com\\\/de\\\/produkt\\\/wilson-blade-pro-v3-1\\\/#primaryimage\"},\"image\":{\"@id\":\"https:\\\/\\\/revolutionpadelstore.com\\\/de\\\/produkt\\\/wilson-blade-pro-v3-1\\\/#primaryimage\"},\"thumbnailUrl\":\"https:\\\/\\\/revolutionpadelstore.com\\\/wp-content\\\/uploads\\\/2024\\\/07\\\/113593_pala_wilson_blade_pro_v3_padel_wr166911u_1500x1500_1_10af.webp\",\"datePublished\":\"2024-07-24T11:19:13+00:00\",\"dateModified\":\"2026-04-08T09:10:52+00:00\",\"description\":\"La raqueta de p\u00e1del Blade Pro V3 de Wilson ofrece un uno o dos punch de impresionante potencia explosiva y estabilidad para los jugadores de ataque. Para jugadores avanzados y competitivos, esta pala con forma de l\u00e1grima te ofrece todas las herramientas para elevar tu juego.El fuerte marco de fibra de carbono de la cara est\u00e1 reforzado en la cabeza para ofrecer mayor durabilidad durante el juego agresivo. Comparada con la V2, esta raqueta ofrece una sensaci\u00f3n m\u00e1s firme y sensible en el impacto. Proporciona m\u00e1s potencia con una sensaci\u00f3n explosiva, por lo que puedes esperar una sensaci\u00f3n estable incluso en los golpes descentrados.\",\"breadcrumb\":{\"@id\":\"https:\\\/\\\/revolutionpadelstore.com\\\/de\\\/produkt\\\/wilson-blade-pro-v3-1\\\/#breadcrumb\"},\"inLanguage\":\"de\",\"potentialAction\":[{\"@type\":\"ReadAction\",\"target\":[\"https:\\\/\\\/revolutionpadelstore.com\\\/de\\\/produkt\\\/wilson-blade-pro-v3-1\\\/\"]}]},{\"@type\":\"ImageObject\",\"inLanguage\":\"de\",\"@id\":\"https:\\\/\\\/revolutionpadelstore.com\\\/de\\\/produkt\\\/wilson-blade-pro-v3-1\\\/#primaryimage\",\"url\":\"https:\\\/\\\/revolutionpadelstore.com\\\/wp-content\\\/uploads\\\/2024\\\/07\\\/113593_pala_wilson_blade_pro_v3_padel_wr166911u_1500x1500_1_10af.webp\",\"contentUrl\":\"https:\\\/\\\/revolutionpadelstore.com\\\/wp-content\\\/uploads\\\/2024\\\/07\\\/113593_pala_wilson_blade_pro_v3_padel_wr166911u_1500x1500_1_10af.webp\",\"width\":1500,\"height\":1500},{\"@type\":\"BreadcrumbList\",\"@id\":\"https:\\\/\\\/revolutionpadelstore.com\\\/de\\\/produkt\\\/wilson-blade-pro-v3-1\\\/#breadcrumb\",\"itemListElement\":[{\"@type\":\"ListItem\",\"position\":1,\"name\":\"Portada\",\"item\":\"https:\\\/\\\/revolutionpadelstore.com\\\/de\\\/\"},{\"@type\":\"ListItem\",\"position\":2,\"name\":\"Shop\",\"item\":\"https:\\\/\\\/revolutionpadelstore.com\\\/de\\\/tienda\\\/\"},{\"@type\":\"ListItem\",\"position\":3,\"name\":\"WILSON BLADE PRO V3\"}]},{\"@type\":\"WebSite\",\"@id\":\"https:\\\/\\\/revolutionpadelstore.com\\\/de\\\/#website\",\"url\":\"https:\\\/\\\/revolutionpadelstore.com\\\/de\\\/\",\"name\":\"Revolution Padel Store\",\"description\":\"\",\"publisher\":{\"@id\":\"https:\\\/\\\/revolutionpadelstore.com\\\/de\\\/#organization\"},\"potentialAction\":[{\"@type\":\"SearchAction\",\"target\":{\"@type\":\"EntryPoint\",\"urlTemplate\":\"https:\\\/\\\/revolutionpadelstore.com\\\/de\\\/?s={search_term_string}\"},\"query-input\":{\"@type\":\"PropertyValueSpecification\",\"valueRequired\":true,\"valueName\":\"search_term_string\"}}],\"inLanguage\":\"de\"},{\"@type\":\"Organization\",\"@id\":\"https:\\\/\\\/revolutionpadelstore.com\\\/de\\\/#organization\",\"name\":\"Revolution Padel Store\",\"url\":\"https:\\\/\\\/revolutionpadelstore.com\\\/de\\\/\",\"logo\":{\"@type\":\"ImageObject\",\"inLanguage\":\"de\",\"@id\":\"https:\\\/\\\/revolutionpadelstore.com\\\/de\\\/#\\\/schema\\\/logo\\\/image\\\/\",\"url\":\"https:\\\/\\\/revolutionpadelstore.com\\\/wp-content\\\/uploads\\\/2026\\\/02\\\/revolution-padel-store.jpg\",\"contentUrl\":\"https:\\\/\\\/revolutionpadelstore.com\\\/wp-content\\\/uploads\\\/2026\\\/02\\\/revolution-padel-store.jpg\",\"width\":2000,\"height\":2000,\"caption\":\"Revolution Padel Store\"},\"image\":{\"@id\":\"https:\\\/\\\/revolutionpadelstore.com\\\/de\\\/#\\\/schema\\\/logo\\\/image\\\/\"},\"sameAs\":[\"https:\\\/\\\/www.instagram.com\\\/revolutionpadelstore\\\/\"]}]}<\/script>\n<!-- \/ Yoast SEO plugin. -->","yoast_head_json":{"title":"WILSON BLADE PRO V3 - Revolution Padel Store","description":"La raqueta de p\u00e1del Blade Pro V3 de Wilson ofrece un uno o dos punch de impresionante potencia explosiva y estabilidad para los jugadores de ataque. Para jugadores avanzados y competitivos, esta pala con forma de l\u00e1grima te ofrece todas las herramientas para elevar tu juego.El fuerte marco de fibra de carbono de la cara est\u00e1 reforzado en la cabeza para ofrecer mayor durabilidad durante el juego agresivo. Comparada con la V2, esta raqueta ofrece una sensaci\u00f3n m\u00e1s firme y sensible en el impacto. Proporciona m\u00e1s potencia con una sensaci\u00f3n explosiva, por lo que puedes esperar una sensaci\u00f3n estable incluso en los golpes descentrados.","robots":{"index":"index","follow":"follow","max-snippet":"max-snippet:-1","max-image-preview":"max-image-preview:large","max-video-preview":"max-video-preview:-1"},"canonical":"https:\/\/revolutionpadelstore.com\/de\/produkt\/wilson-blade-pro-v3-1\/","og_locale":"de_DE","og_type":"article","og_title":"COMPRAR WILSON BLADE PRO V3","og_description":"La raqueta de p\u00e1del Blade Pro V3 de Wilson ofrece un uno o dos punch de impresionante potencia explosiva y estabilidad para los jugadores de ataque. Para jugadores avanzados y competitivos, esta pala con forma de l\u00e1grima te ofrece todas las herramientas para elevar tu juego.","og_url":"https:\/\/revolutionpadelstore.com\/de\/produkt\/wilson-blade-pro-v3-1\/","og_site_name":"Revolution Padel Store","article_modified_time":"2026-04-08T09:10:52+00:00","og_image":[{"width":1500,"height":1500,"url":"https:\/\/revolutionpadelstore.com\/wp-content\/uploads\/2024\/07\/113593_pala_wilson_blade_pro_v3_padel_wr166911u_1500x1500_1_10af.webp","type":"image\/webp"}],"twitter_card":"summary_large_image","twitter_misc":{"Gesch\u00e4tzte Lesezeit":"2\u00a0Minuten"},"schema":{"@context":"https:\/\/schema.org","@graph":[{"@type":"WebPage","@id":"https:\/\/revolutionpadelstore.com\/de\/produkt\/wilson-blade-pro-v3-1\/","url":"https:\/\/revolutionpadelstore.com\/de\/produkt\/wilson-blade-pro-v3-1\/","name":"WILSON BLADE PRO V3 - Revolution Padel Store","isPartOf":{"@id":"https:\/\/revolutionpadelstore.com\/de\/#website"},"primaryImageOfPage":{"@id":"https:\/\/revolutionpadelstore.com\/de\/produkt\/wilson-blade-pro-v3-1\/#primaryimage"},"image":{"@id":"https:\/\/revolutionpadelstore.com\/de\/produkt\/wilson-blade-pro-v3-1\/#primaryimage"},"thumbnailUrl":"https:\/\/revolutionpadelstore.com\/wp-content\/uploads\/2024\/07\/113593_pala_wilson_blade_pro_v3_padel_wr166911u_1500x1500_1_10af.webp","datePublished":"2024-07-24T11:19:13+00:00","dateModified":"2026-04-08T09:10:52+00:00","description":"La raqueta de p\u00e1del Blade Pro V3 de Wilson ofrece un uno o dos punch de impresionante potencia explosiva y estabilidad para los jugadores de ataque. Para jugadores avanzados y competitivos, esta pala con forma de l\u00e1grima te ofrece todas las herramientas para elevar tu juego.El fuerte marco de fibra de carbono de la cara est\u00e1 reforzado en la cabeza para ofrecer mayor durabilidad durante el juego agresivo. Comparada con la V2, esta raqueta ofrece una sensaci\u00f3n m\u00e1s firme y sensible en el impacto. Proporciona m\u00e1s potencia con una sensaci\u00f3n explosiva, por lo que puedes esperar una sensaci\u00f3n estable incluso en los golpes descentrados.","breadcrumb":{"@id":"https:\/\/revolutionpadelstore.com\/de\/produkt\/wilson-blade-pro-v3-1\/#breadcrumb"},"inLanguage":"de","potentialAction":[{"@type":"ReadAction","target":["https:\/\/revolutionpadelstore.com\/de\/produkt\/wilson-blade-pro-v3-1\/"]}]},{"@type":"ImageObject","inLanguage":"de","@id":"https:\/\/revolutionpadelstore.com\/de\/produkt\/wilson-blade-pro-v3-1\/#primaryimage","url":"https:\/\/revolutionpadelstore.com\/wp-content\/uploads\/2024\/07\/113593_pala_wilson_blade_pro_v3_padel_wr166911u_1500x1500_1_10af.webp","contentUrl":"https:\/\/revolutionpadelstore.com\/wp-content\/uploads\/2024\/07\/113593_pala_wilson_blade_pro_v3_padel_wr166911u_1500x1500_1_10af.webp","width":1500,"height":1500},{"@type":"BreadcrumbList","@id":"https:\/\/revolutionpadelstore.com\/de\/produkt\/wilson-blade-pro-v3-1\/#breadcrumb","itemListElement":[{"@type":"ListItem","position":1,"name":"Portada","item":"https:\/\/revolutionpadelstore.com\/de\/"},{"@type":"ListItem","position":2,"name":"Shop","item":"https:\/\/revolutionpadelstore.com\/de\/tienda\/"},{"@type":"ListItem","position":3,"name":"WILSON BLADE PRO V3"}]},{"@type":"WebSite","@id":"https:\/\/revolutionpadelstore.com\/de\/#website","url":"https:\/\/revolutionpadelstore.com\/de\/","name":"Revolution Padel Store","description":"","publisher":{"@id":"https:\/\/revolutionpadelstore.com\/de\/#organization"},"potentialAction":[{"@type":"SearchAction","target":{"@type":"EntryPoint","urlTemplate":"https:\/\/revolutionpadelstore.com\/de\/?s={search_term_string}"},"query-input":{"@type":"PropertyValueSpecification","valueRequired":true,"valueName":"search_term_string"}}],"inLanguage":"de"},{"@type":"Organization","@id":"https:\/\/revolutionpadelstore.com\/de\/#organization","name":"Revolution Padel Store","url":"https:\/\/revolutionpadelstore.com\/de\/","logo":{"@type":"ImageObject","inLanguage":"de","@id":"https:\/\/revolutionpadelstore.com\/de\/#\/schema\/logo\/image\/","url":"https:\/\/revolutionpadelstore.com\/wp-content\/uploads\/2026\/02\/revolution-padel-store.jpg","contentUrl":"https:\/\/revolutionpadelstore.com\/wp-content\/uploads\/2026\/02\/revolution-padel-store.jpg","width":2000,"height":2000,"caption":"Revolution Padel Store"},"image":{"@id":"https:\/\/revolutionpadelstore.com\/de\/#\/schema\/logo\/image\/"},"sameAs":["https:\/\/www.instagram.com\/revolutionpadelstore\/"]}]}},"_links":{"self":[{"href":"https:\/\/revolutionpadelstore.com\/de\/wp-json\/wp\/v2\/product\/72938","targetHints":{"allow":["GET"]}}],"collection":[{"href":"https:\/\/revolutionpadelstore.com\/de\/wp-json\/wp\/v2\/product"}],"about":[{"href":"https:\/\/revolutionpadelstore.com\/de\/wp-json\/wp\/v2\/types\/product"}],"replies":[{"embeddable":true,"href":"https:\/\/revolutionpadelstore.com\/de\/wp-json\/wp\/v2\/comments?post=72938"}],"wp:featuredmedia":[{"embeddable":true,"href":"https:\/\/revolutionpadelstore.com\/de\/wp-json\/wp\/v2\/media\/71298"}],"wp:attachment":[{"href":"https:\/\/revolutionpadelstore.com\/de\/wp-json\/wp\/v2\/media?parent=72938"}],"wp:term":[{"taxonomy":"acabado","embeddable":true,"href":"https:\/\/revolutionpadelstore.com\/de\/wp-json\/wp\/v2\/acabado?post=72938"},{"taxonomy":"balance","embeddable":true,"href":"https:\/\/revolutionpadelstore.com\/de\/wp-json\/wp\/v2\/balance?post=72938"},{"taxonomy":"dureza","embeddable":true,"href":"https:\/\/revolutionpadelstore.com\/de\/wp-json\/wp\/v2\/dureza?post=72938"},{"taxonomy":"forma","embeddable":true,"href":"https:\/\/revolutionpadelstore.com\/de\/wp-json\/wp\/v2\/forma?post=72938"},{"taxonomy":"jugador","embeddable":true,"href":"https:\/\/revolutionpadelstore.com\/de\/wp-json\/wp\/v2\/jugador?post=72938"},{"taxonomy":"marca","embeddable":true,"href":"https:\/\/revolutionpadelstore.com\/de\/wp-json\/wp\/v2\/marca?post=72938"},{"taxonomy":"nivel-de-juego","embeddable":true,"href":"https:\/\/revolutionpadelstore.com\/de\/wp-json\/wp\/v2\/nivel-de-juego?post=72938"},{"taxonomy":"superficie","embeddable":true,"href":"https:\/\/revolutionpadelstore.com\/de\/wp-json\/wp\/v2\/superficie?post=72938"},{"taxonomy":"tipo-de-juego","embeddable":true,"href":"https:\/\/revolutionpadelstore.com\/de\/wp-json\/wp\/v2\/tipo-de-juego?post=72938"},{"taxonomy":"product_brand","embeddable":true,"href":"https:\/\/revolutionpadelstore.com\/de\/wp-json\/wp\/v2\/product_brand?post=72938"},{"taxonomy":"product_cat","embeddable":true,"href":"https:\/\/revolutionpadelstore.com\/de\/wp-json\/wp\/v2\/product_cat?post=72938"},{"taxonomy":"product_tag","embeddable":true,"href":"https:\/\/revolutionpadelstore.com\/de\/wp-json\/wp\/v2\/product_tag?post=72938"}],"curies":[{"name":"wp","href":"https:\/\/api.w.org\/{rel}","templated":true}]}}