{"id":72933,"date":"2024-08-22T13:24:26","date_gmt":"2024-08-22T11:24:26","guid":{"rendered":"https:\/\/revolutionpadelstore.com\/mizuno-wave-enforce-court-61gb2437-06-rojo\/"},"modified":"2026-04-08T11:07:01","modified_gmt":"2026-04-08T09:07:01","slug":"mizuno-wave-enforce-court-padel-rojo-1","status":"publish","type":"product","link":"https:\/\/revolutionpadelstore.com\/de\/produkt\/mizuno-wave-enforce-court-padel-rojo-1\/","title":{"rendered":"MIZUNO WAVE ENFORCE COURT PADEL ROJO"},"content":{"rendered":"<h2>Mizuno Wave Enforce Court Rot<\/h2>\n<p>Die Mizuno Wave Enforce Court Red Padel-Schuhe zeichnen sich durch die Integration innovativer Technologien aus, die die Leistung auf dem Padel-Platz optimieren. Die <em>Mizuno Wave<\/em>-Technologie ist ein von der Natur inspiriertes Unterscheidungsmerkmal, das au\u00dfergew\u00f6hnliche D\u00e4mpfung und Stabilit\u00e4t in der Zwischensohle bietet. Diese Technologie sorgt daf\u00fcr, dass jeder Schritt fest und bequem ist und erm\u00f6glicht schnelle und sichere Bewegungen.<\/p>\n<p>Die X10-Technologie hingegen verwendet in den stark beanspruchten Bereichen der Sohle einen sehr haltbaren Carbon-Gummi. Dies verl\u00e4ngert nicht nur die Lebensdauer des Schuhs, sondern verbessert auch die Traktion der Mischsohle beim Fersenaufprall und sorgt so f\u00fcr besseren Halt auf dem Platz.<\/p>\n<p>Der Mizuno Wave Enforce Court in Rot bietet eine perfekte Kombination aus Haltbarkeit, Komfort und Leistung. Sie sind die ideale Wahl f\u00fcr Spieler, die ihr Spiel mit hochwertigem Schuhwerk und padelspezifischer Schuhtechnologie verbessern m\u00f6chten.<\/p>\n<h2>Mizuno Wave Enforce Court Rojo<\/h2>\n","protected":false},"excerpt":{"rendered":"<p>Mizuno Wave Enforce Court Red bietet D\u00e4mpfung, Stabilit\u00e4t, Leichtigkeit und Haltbarkeit. Entwickelt f\u00fcr Padel-Spieler, die bei ihren Padel-Spielen maximale Leistung suchen.<\/p>\n","protected":false},"featured_media":62790,"comment_status":"open","ping_status":"closed","template":"","meta":{"_acf_changed":false,"_joinchat":[]},"acabado":[],"balance":[],"dureza":[],"forma":[],"jugador":[1189],"marca":[1329],"nivel-de-juego":[],"superficie":[],"tipo-de-juego":[],"product_brand":[],"product_cat":[398],"product_tag":[],"class_list":{"0":"post-72933","1":"product","2":"type-product","3":"status-publish","4":"has-post-thumbnail","6":"jugador-mann","7":"marca-mizuno-de","8":"product_cat-herren-sneaker","10":"first","11":"outofstock","12":"sale","13":"taxable","14":"shipping-taxable","15":"purchasable","16":"product-type-variable"},"acf":[],"yoast_head":"<!-- This site is optimized with the Yoast SEO plugin v27.4 - https:\/\/yoast.com\/product\/yoast-seo-wordpress\/ -->\n<title>MIZUNO WAVE ENFORCE COURT PADEL ROJO - Revolution Padel Store<\/title>\n<meta name=\"description\" content=\"Las zapatillas de p\u00e1del Mizuno Wave Enforce Court Rojo destacan por incorporar tecnolog\u00edas innovadoras que optimizan el rendimiento en la pista de p\u00e1del. La tecnolog\u00eda Mizuno Wave es una caracter\u00edstica distintiva, inspirada en la naturaleza, que ofrece una amortiguaci\u00f3n y estabilidad excepcionales en la entresuela. Esta tecnolog\u00eda asegura que cada paso sea firme y c\u00f3modo, permitiendo movimientos r\u00e1pidos y seguros. El material Mizuno Enerzy, utilizado en la entresuela, se caracteriza por su tacto dleicado y capacidad de rebote. Este material no solo mejora la comodidad del jugador, sino que tambi\u00e9n aumenta la durabilidad del calzado, asegurando un rendimiento \u00f3ptimo durante m\u00e1s tiempo.\" \/>\n<meta name=\"robots\" content=\"index, follow, max-snippet:-1, max-image-preview:large, max-video-preview:-1\" \/>\n<link rel=\"canonical\" href=\"https:\/\/revolutionpadelstore.com\/de\/produkt\/mizuno-wave-enforce-court-padel-rojo-1\/\" \/>\n<meta property=\"og:locale\" content=\"de_DE\" \/>\n<meta property=\"og:type\" content=\"article\" \/>\n<meta property=\"og:title\" content=\"COMPRAR MIZUNO WAVE ENFORCE COURT 61GB2437 06 ROJO\" \/>\n<meta property=\"og:description\" content=\"Las zapatillas de p\u00e1del Mizuno Wave Enforce Court Rojo destacan por incorporar tecnolog\u00edas innovadoras que optimizan el rendimiento en la pista de p\u00e1del. La tecnolog\u00eda Mizuno Wave es una caracter\u00edstica distintiva, inspirada en la naturaleza, que ofrece una amortiguaci\u00f3n y estabilidad excepcionales en la entresuela. Esta tecnolog\u00eda asegura que cada paso sea firme y c\u00f3modo, permitiendo movimientos r\u00e1pidos y seguros.\" \/>\n<meta property=\"og:url\" content=\"https:\/\/revolutionpadelstore.com\/de\/produkt\/mizuno-wave-enforce-court-padel-rojo-1\/\" \/>\n<meta property=\"og:site_name\" content=\"Revolution Padel Store\" \/>\n<meta property=\"article:modified_time\" content=\"2026-04-08T09:07:01+00:00\" \/>\n<meta property=\"og:image\" content=\"https:\/\/revolutionpadelstore.com\/wp-content\/uploads\/2024\/08\/MIZUNO-ROJA.jpg\" \/>\n\t<meta property=\"og:image:width\" content=\"900\" \/>\n\t<meta property=\"og:image:height\" content=\"900\" \/>\n\t<meta property=\"og:image:type\" content=\"image\/jpeg\" \/>\n<meta name=\"twitter:card\" content=\"summary_large_image\" \/>\n<meta name=\"twitter:label1\" content=\"Gesch\u00e4tzte Lesezeit\" \/>\n\t<meta name=\"twitter:data1\" content=\"1\u00a0Minute\" \/>\n<script type=\"application\/ld+json\" class=\"yoast-schema-graph\">{\"@context\":\"https:\\\/\\\/schema.org\",\"@graph\":[{\"@type\":\"WebPage\",\"@id\":\"https:\\\/\\\/revolutionpadelstore.com\\\/de\\\/produkt\\\/mizuno-wave-enforce-court-padel-rojo-1\\\/\",\"url\":\"https:\\\/\\\/revolutionpadelstore.com\\\/de\\\/produkt\\\/mizuno-wave-enforce-court-padel-rojo-1\\\/\",\"name\":\"MIZUNO WAVE ENFORCE COURT PADEL ROJO - Revolution Padel Store\",\"isPartOf\":{\"@id\":\"https:\\\/\\\/revolutionpadelstore.com\\\/de\\\/#website\"},\"primaryImageOfPage\":{\"@id\":\"https:\\\/\\\/revolutionpadelstore.com\\\/de\\\/produkt\\\/mizuno-wave-enforce-court-padel-rojo-1\\\/#primaryimage\"},\"image\":{\"@id\":\"https:\\\/\\\/revolutionpadelstore.com\\\/de\\\/produkt\\\/mizuno-wave-enforce-court-padel-rojo-1\\\/#primaryimage\"},\"thumbnailUrl\":\"https:\\\/\\\/revolutionpadelstore.com\\\/wp-content\\\/uploads\\\/2024\\\/08\\\/MIZUNO-ROJA.jpg\",\"datePublished\":\"2024-08-22T11:24:26+00:00\",\"dateModified\":\"2026-04-08T09:07:01+00:00\",\"description\":\"Las zapatillas de p\u00e1del Mizuno Wave Enforce Court Rojo destacan por incorporar tecnolog\u00edas innovadoras que optimizan el rendimiento en la pista de p\u00e1del. La tecnolog\u00eda Mizuno Wave es una caracter\u00edstica distintiva, inspirada en la naturaleza, que ofrece una amortiguaci\u00f3n y estabilidad excepcionales en la entresuela. Esta tecnolog\u00eda asegura que cada paso sea firme y c\u00f3modo, permitiendo movimientos r\u00e1pidos y seguros. El material Mizuno Enerzy, utilizado en la entresuela, se caracteriza por su tacto dleicado y capacidad de rebote. Este material no solo mejora la comodidad del jugador, sino que tambi\u00e9n aumenta la durabilidad del calzado, asegurando un rendimiento \u00f3ptimo durante m\u00e1s tiempo.\",\"breadcrumb\":{\"@id\":\"https:\\\/\\\/revolutionpadelstore.com\\\/de\\\/produkt\\\/mizuno-wave-enforce-court-padel-rojo-1\\\/#breadcrumb\"},\"inLanguage\":\"de\",\"potentialAction\":[{\"@type\":\"ReadAction\",\"target\":[\"https:\\\/\\\/revolutionpadelstore.com\\\/de\\\/produkt\\\/mizuno-wave-enforce-court-padel-rojo-1\\\/\"]}]},{\"@type\":\"ImageObject\",\"inLanguage\":\"de\",\"@id\":\"https:\\\/\\\/revolutionpadelstore.com\\\/de\\\/produkt\\\/mizuno-wave-enforce-court-padel-rojo-1\\\/#primaryimage\",\"url\":\"https:\\\/\\\/revolutionpadelstore.com\\\/wp-content\\\/uploads\\\/2024\\\/08\\\/MIZUNO-ROJA.jpg\",\"contentUrl\":\"https:\\\/\\\/revolutionpadelstore.com\\\/wp-content\\\/uploads\\\/2024\\\/08\\\/MIZUNO-ROJA.jpg\",\"width\":900,\"height\":900},{\"@type\":\"BreadcrumbList\",\"@id\":\"https:\\\/\\\/revolutionpadelstore.com\\\/de\\\/produkt\\\/mizuno-wave-enforce-court-padel-rojo-1\\\/#breadcrumb\",\"itemListElement\":[{\"@type\":\"ListItem\",\"position\":1,\"name\":\"Portada\",\"item\":\"https:\\\/\\\/revolutionpadelstore.com\\\/de\\\/\"},{\"@type\":\"ListItem\",\"position\":2,\"name\":\"Shop\",\"item\":\"https:\\\/\\\/revolutionpadelstore.com\\\/de\\\/tienda\\\/\"},{\"@type\":\"ListItem\",\"position\":3,\"name\":\"MIZUNO WAVE ENFORCE COURT PADEL ROJO\"}]},{\"@type\":\"WebSite\",\"@id\":\"https:\\\/\\\/revolutionpadelstore.com\\\/de\\\/#website\",\"url\":\"https:\\\/\\\/revolutionpadelstore.com\\\/de\\\/\",\"name\":\"Revolution Padel Store\",\"description\":\"\",\"publisher\":{\"@id\":\"https:\\\/\\\/revolutionpadelstore.com\\\/de\\\/#organization\"},\"potentialAction\":[{\"@type\":\"SearchAction\",\"target\":{\"@type\":\"EntryPoint\",\"urlTemplate\":\"https:\\\/\\\/revolutionpadelstore.com\\\/de\\\/?s={search_term_string}\"},\"query-input\":{\"@type\":\"PropertyValueSpecification\",\"valueRequired\":true,\"valueName\":\"search_term_string\"}}],\"inLanguage\":\"de\"},{\"@type\":\"Organization\",\"@id\":\"https:\\\/\\\/revolutionpadelstore.com\\\/de\\\/#organization\",\"name\":\"Revolution Padel Store\",\"url\":\"https:\\\/\\\/revolutionpadelstore.com\\\/de\\\/\",\"logo\":{\"@type\":\"ImageObject\",\"inLanguage\":\"de\",\"@id\":\"https:\\\/\\\/revolutionpadelstore.com\\\/de\\\/#\\\/schema\\\/logo\\\/image\\\/\",\"url\":\"https:\\\/\\\/revolutionpadelstore.com\\\/wp-content\\\/uploads\\\/2026\\\/02\\\/revolution-padel-store.jpg\",\"contentUrl\":\"https:\\\/\\\/revolutionpadelstore.com\\\/wp-content\\\/uploads\\\/2026\\\/02\\\/revolution-padel-store.jpg\",\"width\":2000,\"height\":2000,\"caption\":\"Revolution Padel Store\"},\"image\":{\"@id\":\"https:\\\/\\\/revolutionpadelstore.com\\\/de\\\/#\\\/schema\\\/logo\\\/image\\\/\"},\"sameAs\":[\"https:\\\/\\\/www.instagram.com\\\/revolutionpadelstore\\\/\"]}]}<\/script>\n<!-- \/ Yoast SEO plugin. -->","yoast_head_json":{"title":"MIZUNO WAVE ENFORCE COURT PADEL ROJO - Revolution Padel Store","description":"Las zapatillas de p\u00e1del Mizuno Wave Enforce Court Rojo destacan por incorporar tecnolog\u00edas innovadoras que optimizan el rendimiento en la pista de p\u00e1del. La tecnolog\u00eda Mizuno Wave es una caracter\u00edstica distintiva, inspirada en la naturaleza, que ofrece una amortiguaci\u00f3n y estabilidad excepcionales en la entresuela. Esta tecnolog\u00eda asegura que cada paso sea firme y c\u00f3modo, permitiendo movimientos r\u00e1pidos y seguros. El material Mizuno Enerzy, utilizado en la entresuela, se caracteriza por su tacto dleicado y capacidad de rebote. Este material no solo mejora la comodidad del jugador, sino que tambi\u00e9n aumenta la durabilidad del calzado, asegurando un rendimiento \u00f3ptimo durante m\u00e1s tiempo.","robots":{"index":"index","follow":"follow","max-snippet":"max-snippet:-1","max-image-preview":"max-image-preview:large","max-video-preview":"max-video-preview:-1"},"canonical":"https:\/\/revolutionpadelstore.com\/de\/produkt\/mizuno-wave-enforce-court-padel-rojo-1\/","og_locale":"de_DE","og_type":"article","og_title":"COMPRAR MIZUNO WAVE ENFORCE COURT 61GB2437 06 ROJO","og_description":"Las zapatillas de p\u00e1del Mizuno Wave Enforce Court Rojo destacan por incorporar tecnolog\u00edas innovadoras que optimizan el rendimiento en la pista de p\u00e1del. La tecnolog\u00eda Mizuno Wave es una caracter\u00edstica distintiva, inspirada en la naturaleza, que ofrece una amortiguaci\u00f3n y estabilidad excepcionales en la entresuela. Esta tecnolog\u00eda asegura que cada paso sea firme y c\u00f3modo, permitiendo movimientos r\u00e1pidos y seguros.","og_url":"https:\/\/revolutionpadelstore.com\/de\/produkt\/mizuno-wave-enforce-court-padel-rojo-1\/","og_site_name":"Revolution Padel Store","article_modified_time":"2026-04-08T09:07:01+00:00","og_image":[{"width":900,"height":900,"url":"https:\/\/revolutionpadelstore.com\/wp-content\/uploads\/2024\/08\/MIZUNO-ROJA.jpg","type":"image\/jpeg"}],"twitter_card":"summary_large_image","twitter_misc":{"Gesch\u00e4tzte Lesezeit":"1\u00a0Minute"},"schema":{"@context":"https:\/\/schema.org","@graph":[{"@type":"WebPage","@id":"https:\/\/revolutionpadelstore.com\/de\/produkt\/mizuno-wave-enforce-court-padel-rojo-1\/","url":"https:\/\/revolutionpadelstore.com\/de\/produkt\/mizuno-wave-enforce-court-padel-rojo-1\/","name":"MIZUNO WAVE ENFORCE COURT PADEL ROJO - Revolution Padel Store","isPartOf":{"@id":"https:\/\/revolutionpadelstore.com\/de\/#website"},"primaryImageOfPage":{"@id":"https:\/\/revolutionpadelstore.com\/de\/produkt\/mizuno-wave-enforce-court-padel-rojo-1\/#primaryimage"},"image":{"@id":"https:\/\/revolutionpadelstore.com\/de\/produkt\/mizuno-wave-enforce-court-padel-rojo-1\/#primaryimage"},"thumbnailUrl":"https:\/\/revolutionpadelstore.com\/wp-content\/uploads\/2024\/08\/MIZUNO-ROJA.jpg","datePublished":"2024-08-22T11:24:26+00:00","dateModified":"2026-04-08T09:07:01+00:00","description":"Las zapatillas de p\u00e1del Mizuno Wave Enforce Court Rojo destacan por incorporar tecnolog\u00edas innovadoras que optimizan el rendimiento en la pista de p\u00e1del. La tecnolog\u00eda Mizuno Wave es una caracter\u00edstica distintiva, inspirada en la naturaleza, que ofrece una amortiguaci\u00f3n y estabilidad excepcionales en la entresuela. Esta tecnolog\u00eda asegura que cada paso sea firme y c\u00f3modo, permitiendo movimientos r\u00e1pidos y seguros. El material Mizuno Enerzy, utilizado en la entresuela, se caracteriza por su tacto dleicado y capacidad de rebote. Este material no solo mejora la comodidad del jugador, sino que tambi\u00e9n aumenta la durabilidad del calzado, asegurando un rendimiento \u00f3ptimo durante m\u00e1s tiempo.","breadcrumb":{"@id":"https:\/\/revolutionpadelstore.com\/de\/produkt\/mizuno-wave-enforce-court-padel-rojo-1\/#breadcrumb"},"inLanguage":"de","potentialAction":[{"@type":"ReadAction","target":["https:\/\/revolutionpadelstore.com\/de\/produkt\/mizuno-wave-enforce-court-padel-rojo-1\/"]}]},{"@type":"ImageObject","inLanguage":"de","@id":"https:\/\/revolutionpadelstore.com\/de\/produkt\/mizuno-wave-enforce-court-padel-rojo-1\/#primaryimage","url":"https:\/\/revolutionpadelstore.com\/wp-content\/uploads\/2024\/08\/MIZUNO-ROJA.jpg","contentUrl":"https:\/\/revolutionpadelstore.com\/wp-content\/uploads\/2024\/08\/MIZUNO-ROJA.jpg","width":900,"height":900},{"@type":"BreadcrumbList","@id":"https:\/\/revolutionpadelstore.com\/de\/produkt\/mizuno-wave-enforce-court-padel-rojo-1\/#breadcrumb","itemListElement":[{"@type":"ListItem","position":1,"name":"Portada","item":"https:\/\/revolutionpadelstore.com\/de\/"},{"@type":"ListItem","position":2,"name":"Shop","item":"https:\/\/revolutionpadelstore.com\/de\/tienda\/"},{"@type":"ListItem","position":3,"name":"MIZUNO WAVE ENFORCE COURT PADEL ROJO"}]},{"@type":"WebSite","@id":"https:\/\/revolutionpadelstore.com\/de\/#website","url":"https:\/\/revolutionpadelstore.com\/de\/","name":"Revolution Padel Store","description":"","publisher":{"@id":"https:\/\/revolutionpadelstore.com\/de\/#organization"},"potentialAction":[{"@type":"SearchAction","target":{"@type":"EntryPoint","urlTemplate":"https:\/\/revolutionpadelstore.com\/de\/?s={search_term_string}"},"query-input":{"@type":"PropertyValueSpecification","valueRequired":true,"valueName":"search_term_string"}}],"inLanguage":"de"},{"@type":"Organization","@id":"https:\/\/revolutionpadelstore.com\/de\/#organization","name":"Revolution Padel Store","url":"https:\/\/revolutionpadelstore.com\/de\/","logo":{"@type":"ImageObject","inLanguage":"de","@id":"https:\/\/revolutionpadelstore.com\/de\/#\/schema\/logo\/image\/","url":"https:\/\/revolutionpadelstore.com\/wp-content\/uploads\/2026\/02\/revolution-padel-store.jpg","contentUrl":"https:\/\/revolutionpadelstore.com\/wp-content\/uploads\/2026\/02\/revolution-padel-store.jpg","width":2000,"height":2000,"caption":"Revolution Padel Store"},"image":{"@id":"https:\/\/revolutionpadelstore.com\/de\/#\/schema\/logo\/image\/"},"sameAs":["https:\/\/www.instagram.com\/revolutionpadelstore\/"]}]}},"_links":{"self":[{"href":"https:\/\/revolutionpadelstore.com\/de\/wp-json\/wp\/v2\/product\/72933","targetHints":{"allow":["GET"]}}],"collection":[{"href":"https:\/\/revolutionpadelstore.com\/de\/wp-json\/wp\/v2\/product"}],"about":[{"href":"https:\/\/revolutionpadelstore.com\/de\/wp-json\/wp\/v2\/types\/product"}],"replies":[{"embeddable":true,"href":"https:\/\/revolutionpadelstore.com\/de\/wp-json\/wp\/v2\/comments?post=72933"}],"wp:featuredmedia":[{"embeddable":true,"href":"https:\/\/revolutionpadelstore.com\/de\/wp-json\/wp\/v2\/media\/62790"}],"wp:attachment":[{"href":"https:\/\/revolutionpadelstore.com\/de\/wp-json\/wp\/v2\/media?parent=72933"}],"wp:term":[{"taxonomy":"acabado","embeddable":true,"href":"https:\/\/revolutionpadelstore.com\/de\/wp-json\/wp\/v2\/acabado?post=72933"},{"taxonomy":"balance","embeddable":true,"href":"https:\/\/revolutionpadelstore.com\/de\/wp-json\/wp\/v2\/balance?post=72933"},{"taxonomy":"dureza","embeddable":true,"href":"https:\/\/revolutionpadelstore.com\/de\/wp-json\/wp\/v2\/dureza?post=72933"},{"taxonomy":"forma","embeddable":true,"href":"https:\/\/revolutionpadelstore.com\/de\/wp-json\/wp\/v2\/forma?post=72933"},{"taxonomy":"jugador","embeddable":true,"href":"https:\/\/revolutionpadelstore.com\/de\/wp-json\/wp\/v2\/jugador?post=72933"},{"taxonomy":"marca","embeddable":true,"href":"https:\/\/revolutionpadelstore.com\/de\/wp-json\/wp\/v2\/marca?post=72933"},{"taxonomy":"nivel-de-juego","embeddable":true,"href":"https:\/\/revolutionpadelstore.com\/de\/wp-json\/wp\/v2\/nivel-de-juego?post=72933"},{"taxonomy":"superficie","embeddable":true,"href":"https:\/\/revolutionpadelstore.com\/de\/wp-json\/wp\/v2\/superficie?post=72933"},{"taxonomy":"tipo-de-juego","embeddable":true,"href":"https:\/\/revolutionpadelstore.com\/de\/wp-json\/wp\/v2\/tipo-de-juego?post=72933"},{"taxonomy":"product_brand","embeddable":true,"href":"https:\/\/revolutionpadelstore.com\/de\/wp-json\/wp\/v2\/product_brand?post=72933"},{"taxonomy":"product_cat","embeddable":true,"href":"https:\/\/revolutionpadelstore.com\/de\/wp-json\/wp\/v2\/product_cat?post=72933"},{"taxonomy":"product_tag","embeddable":true,"href":"https:\/\/revolutionpadelstore.com\/de\/wp-json\/wp\/v2\/product_tag?post=72933"}],"curies":[{"name":"wp","href":"https:\/\/api.w.org\/{rel}","templated":true}]}}