{"id":72923,"date":"2024-08-22T17:21:49","date_gmt":"2024-08-22T15:21:49","guid":{"rendered":"https:\/\/revolutionpadelstore.com\/mizuno-wave-exceed-tour-6-cc-61gc2475-45-blanco-mujer\/"},"modified":"2026-04-08T11:03:58","modified_gmt":"2026-04-08T09:03:58","slug":"mizuno-wave-exceed-tour-6-cc-blanco-mujer-1","status":"publish","type":"product","link":"https:\/\/revolutionpadelstore.com\/de\/produkt\/mizuno-wave-exceed-tour-6-cc-blanco-mujer-1\/","title":{"rendered":"MIZUNO WAVE EXCEED TOUR 6 CC BLANCO MUJER"},"content":{"rendered":"<h2>Mizuno Wave Exceed Tour 6 CC Wei\u00df Damen, Reaktionsf\u00e4higkeit<\/h2>\n<p>Die <strong>Wave Exceed Tour 6 CC Damen-Padelschuhe<\/strong> in Wei\u00df von Mizuno sind das ideale Modell f\u00fcr Padelspieler, die einen leichten und widerstandsf\u00e4higen Schuh suchen, der ihnen zus\u00e4tzliche Geschwindigkeit und Vielseitigkeit im Clue bietet.<\/p>\n<p>Die Sohle ist <strong>f\u00fcr alle Arten von Oberfl\u00e4chen geeignet<\/strong> und verf\u00fcgt \u00fcber Flexkerben, die die Dynamik f\u00f6rdern und die Anpassungsf\u00e4higkeit auf dem Spielfeld verbessern. Auf diese Weise werden Sie auf jeder Strecke ein unglaubliches Gef\u00fchl von Grip und Traktion sp\u00fcren.<\/p>\n<p>Im Mittelfu\u00dfbereich verf\u00fcgt er \u00fcber eine diagonale D-Flex-Groove, die dem Spieler Richtungswechsel und sanftere, nat\u00fcrlichere Drehungen erm\u00f6glicht.<\/p>\n<h3>Atmungsaktivit\u00e4t und Frische<\/h3>\n<p>Der obere Teil besteht aus einer Kombination aus atmungsaktivem und weichem Mesh mit einem widerstandsf\u00e4higen und flexiblen TPU-Mesh, was eine perfekte <strong>Anpassung an die Form und Bewegung des Fu\u00dfes<\/strong> erm\u00f6glicht. Dank der 3D-SOLID-Technologie im Obermaterial wird eine beispiellose Weichheit und Atmungsaktivit\u00e4t erreicht. Das Dyna-Eyelet Wrap-Schn\u00fcrsystem umh\u00fcllt den Fu\u00df f\u00fcr optimalen Halt.<\/p>\n<p>Die Zwischensohle wiederum ist mit der <em>Enerzy<\/em>-Technologie ausgestattet, die eine optimale Energier\u00fcckgabe und D\u00e4mpfung f\u00fcr ein beispielloses Gef\u00fchl von Komfort und Reaktionsf\u00e4higkeit bietet. Die <em>Wave<\/em>-Technologie schafft es, die D\u00e4mpfung bei jedem Schritt zu erh\u00f6hen, indem sie die Kraft des Aufpralls verteilt. Dar\u00fcber hinaus sorgt das PoWnCe-Material f\u00fcr Haltbarkeit, Komfort und Leichtigkeit.<\/p>\n<h2>Mizuno Wave Exceed Tour 6 CC Blanco Mujer, capacidad de reacci\u00f3n<\/h2>\n","protected":false},"excerpt":{"rendered":"<p>Mizuno Wave Exceed Tour 6 CC Wei\u00dfer Damenschuh mit einer Sohle, die f\u00fcr jeden Untergrund geeignet ist. Weiches, flexibles und atmungsaktives Obermaterial, das ein Gef\u00fchl der Frische f\u00f6rdert.<\/p>\n","protected":false},"featured_media":62466,"comment_status":"open","ping_status":"closed","template":"","meta":{"_acf_changed":false,"_joinchat":[]},"acabado":[],"balance":[],"dureza":[],"forma":[],"jugador":[1194],"marca":[1329],"nivel-de-juego":[],"superficie":[],"tipo-de-juego":[],"product_brand":[],"product_cat":[453],"product_tag":[],"class_list":{"0":"post-72923","1":"product","2":"type-product","3":"status-publish","4":"has-post-thumbnail","6":"jugador-frau","7":"marca-mizuno-de","8":"product_cat-sneakers-fur-damen","10":"first","11":"instock","12":"sale","13":"taxable","14":"shipping-taxable","15":"purchasable","16":"product-type-variable","17":"has-default-attributes"},"acf":[],"yoast_head":"<!-- This site is optimized with the Yoast SEO plugin v27.4 - https:\/\/yoast.com\/product\/yoast-seo-wordpress\/ -->\n<title>MIZUNO WAVE EXCEED TOUR 6 CC BLANCO MUJER - Revolution Padel Store<\/title>\n<meta name=\"description\" content=\"Las zapatillas de p\u00e1del para mujer Wave Exceed Tour 6 CC en color blanco de Mizuno son el modelo ideal para aquellas jugadoras de p\u00e1del que buscan un calzado ligero y resistente que les conceda un plus de velocidad y versatilidad en la pista.La suela, apta para todo tipo de superficies, incluye unos surcos de flexi\u00f3n que favorecen el dinamismo y mejoran la capacidad de adaptaci\u00f3n en el terreno de juego. De esta manera, sentir\u00e1s unas incre\u00edbles sensaciones de agarre y tracci\u00f3n cualquier pista.\" \/>\n<meta name=\"robots\" content=\"index, follow, max-snippet:-1, max-image-preview:large, max-video-preview:-1\" \/>\n<link rel=\"canonical\" href=\"https:\/\/revolutionpadelstore.com\/de\/produkt\/mizuno-wave-exceed-tour-6-cc-blanco-mujer-1\/\" \/>\n<meta property=\"og:locale\" content=\"de_DE\" \/>\n<meta property=\"og:type\" content=\"article\" \/>\n<meta property=\"og:title\" content=\"COMPRAR MIZUNO WAVE EXCEED TOUR 6 CC 61GC2475 45 BLANCO MUJER\" \/>\n<meta property=\"og:description\" content=\"Zapatilla para mujer Mizuno Wave Exceed Tour 6 CC Blanco, con una suela apta para cualquier superficie. Parte superior suave, flexible y transpirable que favorece una sensaci\u00f3n de frescura.\" \/>\n<meta property=\"og:url\" content=\"https:\/\/revolutionpadelstore.com\/de\/produkt\/mizuno-wave-exceed-tour-6-cc-blanco-mujer-1\/\" \/>\n<meta property=\"og:site_name\" content=\"Revolution Padel Store\" \/>\n<meta property=\"article:modified_time\" content=\"2026-04-08T09:03:58+00:00\" \/>\n<meta property=\"og:image\" content=\"https:\/\/revolutionpadelstore.com\/wp-content\/uploads\/2024\/08\/111984_zapatillas_mizuno_wave_exceed_tour_6_cc_61gc2475_45_mujer_1000x1000_1_ed46.webp\" \/>\n\t<meta property=\"og:image:width\" content=\"1000\" \/>\n\t<meta property=\"og:image:height\" content=\"1000\" \/>\n\t<meta property=\"og:image:type\" content=\"image\/webp\" \/>\n<meta name=\"twitter:card\" content=\"summary_large_image\" \/>\n<meta name=\"twitter:label1\" content=\"Gesch\u00e4tzte Lesezeit\" \/>\n\t<meta name=\"twitter:data1\" content=\"2\u00a0Minuten\" \/>\n<script type=\"application\/ld+json\" class=\"yoast-schema-graph\">{\"@context\":\"https:\\\/\\\/schema.org\",\"@graph\":[{\"@type\":\"WebPage\",\"@id\":\"https:\\\/\\\/revolutionpadelstore.com\\\/de\\\/produkt\\\/mizuno-wave-exceed-tour-6-cc-blanco-mujer-1\\\/\",\"url\":\"https:\\\/\\\/revolutionpadelstore.com\\\/de\\\/produkt\\\/mizuno-wave-exceed-tour-6-cc-blanco-mujer-1\\\/\",\"name\":\"MIZUNO WAVE EXCEED TOUR 6 CC BLANCO MUJER - Revolution Padel Store\",\"isPartOf\":{\"@id\":\"https:\\\/\\\/revolutionpadelstore.com\\\/de\\\/#website\"},\"primaryImageOfPage\":{\"@id\":\"https:\\\/\\\/revolutionpadelstore.com\\\/de\\\/produkt\\\/mizuno-wave-exceed-tour-6-cc-blanco-mujer-1\\\/#primaryimage\"},\"image\":{\"@id\":\"https:\\\/\\\/revolutionpadelstore.com\\\/de\\\/produkt\\\/mizuno-wave-exceed-tour-6-cc-blanco-mujer-1\\\/#primaryimage\"},\"thumbnailUrl\":\"https:\\\/\\\/revolutionpadelstore.com\\\/wp-content\\\/uploads\\\/2024\\\/08\\\/111984_zapatillas_mizuno_wave_exceed_tour_6_cc_61gc2475_45_mujer_1000x1000_1_ed46.webp\",\"datePublished\":\"2024-08-22T15:21:49+00:00\",\"dateModified\":\"2026-04-08T09:03:58+00:00\",\"description\":\"Las zapatillas de p\u00e1del para mujer Wave Exceed Tour 6 CC en color blanco de Mizuno son el modelo ideal para aquellas jugadoras de p\u00e1del que buscan un calzado ligero y resistente que les conceda un plus de velocidad y versatilidad en la pista.La suela, apta para todo tipo de superficies, incluye unos surcos de flexi\u00f3n que favorecen el dinamismo y mejoran la capacidad de adaptaci\u00f3n en el terreno de juego. De esta manera, sentir\u00e1s unas incre\u00edbles sensaciones de agarre y tracci\u00f3n cualquier pista.\",\"breadcrumb\":{\"@id\":\"https:\\\/\\\/revolutionpadelstore.com\\\/de\\\/produkt\\\/mizuno-wave-exceed-tour-6-cc-blanco-mujer-1\\\/#breadcrumb\"},\"inLanguage\":\"de\",\"potentialAction\":[{\"@type\":\"ReadAction\",\"target\":[\"https:\\\/\\\/revolutionpadelstore.com\\\/de\\\/produkt\\\/mizuno-wave-exceed-tour-6-cc-blanco-mujer-1\\\/\"]}]},{\"@type\":\"ImageObject\",\"inLanguage\":\"de\",\"@id\":\"https:\\\/\\\/revolutionpadelstore.com\\\/de\\\/produkt\\\/mizuno-wave-exceed-tour-6-cc-blanco-mujer-1\\\/#primaryimage\",\"url\":\"https:\\\/\\\/revolutionpadelstore.com\\\/wp-content\\\/uploads\\\/2024\\\/08\\\/111984_zapatillas_mizuno_wave_exceed_tour_6_cc_61gc2475_45_mujer_1000x1000_1_ed46.webp\",\"contentUrl\":\"https:\\\/\\\/revolutionpadelstore.com\\\/wp-content\\\/uploads\\\/2024\\\/08\\\/111984_zapatillas_mizuno_wave_exceed_tour_6_cc_61gc2475_45_mujer_1000x1000_1_ed46.webp\",\"width\":1000,\"height\":1000},{\"@type\":\"BreadcrumbList\",\"@id\":\"https:\\\/\\\/revolutionpadelstore.com\\\/de\\\/produkt\\\/mizuno-wave-exceed-tour-6-cc-blanco-mujer-1\\\/#breadcrumb\",\"itemListElement\":[{\"@type\":\"ListItem\",\"position\":1,\"name\":\"Portada\",\"item\":\"https:\\\/\\\/revolutionpadelstore.com\\\/de\\\/\"},{\"@type\":\"ListItem\",\"position\":2,\"name\":\"Shop\",\"item\":\"https:\\\/\\\/revolutionpadelstore.com\\\/de\\\/tienda\\\/\"},{\"@type\":\"ListItem\",\"position\":3,\"name\":\"MIZUNO WAVE EXCEED TOUR 6 CC BLANCO MUJER\"}]},{\"@type\":\"WebSite\",\"@id\":\"https:\\\/\\\/revolutionpadelstore.com\\\/de\\\/#website\",\"url\":\"https:\\\/\\\/revolutionpadelstore.com\\\/de\\\/\",\"name\":\"Revolution Padel Store\",\"description\":\"\",\"publisher\":{\"@id\":\"https:\\\/\\\/revolutionpadelstore.com\\\/de\\\/#organization\"},\"potentialAction\":[{\"@type\":\"SearchAction\",\"target\":{\"@type\":\"EntryPoint\",\"urlTemplate\":\"https:\\\/\\\/revolutionpadelstore.com\\\/de\\\/?s={search_term_string}\"},\"query-input\":{\"@type\":\"PropertyValueSpecification\",\"valueRequired\":true,\"valueName\":\"search_term_string\"}}],\"inLanguage\":\"de\"},{\"@type\":\"Organization\",\"@id\":\"https:\\\/\\\/revolutionpadelstore.com\\\/de\\\/#organization\",\"name\":\"Revolution Padel Store\",\"url\":\"https:\\\/\\\/revolutionpadelstore.com\\\/de\\\/\",\"logo\":{\"@type\":\"ImageObject\",\"inLanguage\":\"de\",\"@id\":\"https:\\\/\\\/revolutionpadelstore.com\\\/de\\\/#\\\/schema\\\/logo\\\/image\\\/\",\"url\":\"https:\\\/\\\/revolutionpadelstore.com\\\/wp-content\\\/uploads\\\/2026\\\/02\\\/revolution-padel-store.jpg\",\"contentUrl\":\"https:\\\/\\\/revolutionpadelstore.com\\\/wp-content\\\/uploads\\\/2026\\\/02\\\/revolution-padel-store.jpg\",\"width\":2000,\"height\":2000,\"caption\":\"Revolution Padel Store\"},\"image\":{\"@id\":\"https:\\\/\\\/revolutionpadelstore.com\\\/de\\\/#\\\/schema\\\/logo\\\/image\\\/\"},\"sameAs\":[\"https:\\\/\\\/www.instagram.com\\\/revolutionpadelstore\\\/\"]}]}<\/script>\n<!-- \/ Yoast SEO plugin. -->","yoast_head_json":{"title":"MIZUNO WAVE EXCEED TOUR 6 CC BLANCO MUJER - Revolution Padel Store","description":"Las zapatillas de p\u00e1del para mujer Wave Exceed Tour 6 CC en color blanco de Mizuno son el modelo ideal para aquellas jugadoras de p\u00e1del que buscan un calzado ligero y resistente que les conceda un plus de velocidad y versatilidad en la pista.La suela, apta para todo tipo de superficies, incluye unos surcos de flexi\u00f3n que favorecen el dinamismo y mejoran la capacidad de adaptaci\u00f3n en el terreno de juego. De esta manera, sentir\u00e1s unas incre\u00edbles sensaciones de agarre y tracci\u00f3n cualquier pista.","robots":{"index":"index","follow":"follow","max-snippet":"max-snippet:-1","max-image-preview":"max-image-preview:large","max-video-preview":"max-video-preview:-1"},"canonical":"https:\/\/revolutionpadelstore.com\/de\/produkt\/mizuno-wave-exceed-tour-6-cc-blanco-mujer-1\/","og_locale":"de_DE","og_type":"article","og_title":"COMPRAR MIZUNO WAVE EXCEED TOUR 6 CC 61GC2475 45 BLANCO MUJER","og_description":"Zapatilla para mujer Mizuno Wave Exceed Tour 6 CC Blanco, con una suela apta para cualquier superficie. Parte superior suave, flexible y transpirable que favorece una sensaci\u00f3n de frescura.","og_url":"https:\/\/revolutionpadelstore.com\/de\/produkt\/mizuno-wave-exceed-tour-6-cc-blanco-mujer-1\/","og_site_name":"Revolution Padel Store","article_modified_time":"2026-04-08T09:03:58+00:00","og_image":[{"width":1000,"height":1000,"url":"https:\/\/revolutionpadelstore.com\/wp-content\/uploads\/2024\/08\/111984_zapatillas_mizuno_wave_exceed_tour_6_cc_61gc2475_45_mujer_1000x1000_1_ed46.webp","type":"image\/webp"}],"twitter_card":"summary_large_image","twitter_misc":{"Gesch\u00e4tzte Lesezeit":"2\u00a0Minuten"},"schema":{"@context":"https:\/\/schema.org","@graph":[{"@type":"WebPage","@id":"https:\/\/revolutionpadelstore.com\/de\/produkt\/mizuno-wave-exceed-tour-6-cc-blanco-mujer-1\/","url":"https:\/\/revolutionpadelstore.com\/de\/produkt\/mizuno-wave-exceed-tour-6-cc-blanco-mujer-1\/","name":"MIZUNO WAVE EXCEED TOUR 6 CC BLANCO MUJER - Revolution Padel Store","isPartOf":{"@id":"https:\/\/revolutionpadelstore.com\/de\/#website"},"primaryImageOfPage":{"@id":"https:\/\/revolutionpadelstore.com\/de\/produkt\/mizuno-wave-exceed-tour-6-cc-blanco-mujer-1\/#primaryimage"},"image":{"@id":"https:\/\/revolutionpadelstore.com\/de\/produkt\/mizuno-wave-exceed-tour-6-cc-blanco-mujer-1\/#primaryimage"},"thumbnailUrl":"https:\/\/revolutionpadelstore.com\/wp-content\/uploads\/2024\/08\/111984_zapatillas_mizuno_wave_exceed_tour_6_cc_61gc2475_45_mujer_1000x1000_1_ed46.webp","datePublished":"2024-08-22T15:21:49+00:00","dateModified":"2026-04-08T09:03:58+00:00","description":"Las zapatillas de p\u00e1del para mujer Wave Exceed Tour 6 CC en color blanco de Mizuno son el modelo ideal para aquellas jugadoras de p\u00e1del que buscan un calzado ligero y resistente que les conceda un plus de velocidad y versatilidad en la pista.La suela, apta para todo tipo de superficies, incluye unos surcos de flexi\u00f3n que favorecen el dinamismo y mejoran la capacidad de adaptaci\u00f3n en el terreno de juego. De esta manera, sentir\u00e1s unas incre\u00edbles sensaciones de agarre y tracci\u00f3n cualquier pista.","breadcrumb":{"@id":"https:\/\/revolutionpadelstore.com\/de\/produkt\/mizuno-wave-exceed-tour-6-cc-blanco-mujer-1\/#breadcrumb"},"inLanguage":"de","potentialAction":[{"@type":"ReadAction","target":["https:\/\/revolutionpadelstore.com\/de\/produkt\/mizuno-wave-exceed-tour-6-cc-blanco-mujer-1\/"]}]},{"@type":"ImageObject","inLanguage":"de","@id":"https:\/\/revolutionpadelstore.com\/de\/produkt\/mizuno-wave-exceed-tour-6-cc-blanco-mujer-1\/#primaryimage","url":"https:\/\/revolutionpadelstore.com\/wp-content\/uploads\/2024\/08\/111984_zapatillas_mizuno_wave_exceed_tour_6_cc_61gc2475_45_mujer_1000x1000_1_ed46.webp","contentUrl":"https:\/\/revolutionpadelstore.com\/wp-content\/uploads\/2024\/08\/111984_zapatillas_mizuno_wave_exceed_tour_6_cc_61gc2475_45_mujer_1000x1000_1_ed46.webp","width":1000,"height":1000},{"@type":"BreadcrumbList","@id":"https:\/\/revolutionpadelstore.com\/de\/produkt\/mizuno-wave-exceed-tour-6-cc-blanco-mujer-1\/#breadcrumb","itemListElement":[{"@type":"ListItem","position":1,"name":"Portada","item":"https:\/\/revolutionpadelstore.com\/de\/"},{"@type":"ListItem","position":2,"name":"Shop","item":"https:\/\/revolutionpadelstore.com\/de\/tienda\/"},{"@type":"ListItem","position":3,"name":"MIZUNO WAVE EXCEED TOUR 6 CC BLANCO MUJER"}]},{"@type":"WebSite","@id":"https:\/\/revolutionpadelstore.com\/de\/#website","url":"https:\/\/revolutionpadelstore.com\/de\/","name":"Revolution Padel Store","description":"","publisher":{"@id":"https:\/\/revolutionpadelstore.com\/de\/#organization"},"potentialAction":[{"@type":"SearchAction","target":{"@type":"EntryPoint","urlTemplate":"https:\/\/revolutionpadelstore.com\/de\/?s={search_term_string}"},"query-input":{"@type":"PropertyValueSpecification","valueRequired":true,"valueName":"search_term_string"}}],"inLanguage":"de"},{"@type":"Organization","@id":"https:\/\/revolutionpadelstore.com\/de\/#organization","name":"Revolution Padel Store","url":"https:\/\/revolutionpadelstore.com\/de\/","logo":{"@type":"ImageObject","inLanguage":"de","@id":"https:\/\/revolutionpadelstore.com\/de\/#\/schema\/logo\/image\/","url":"https:\/\/revolutionpadelstore.com\/wp-content\/uploads\/2026\/02\/revolution-padel-store.jpg","contentUrl":"https:\/\/revolutionpadelstore.com\/wp-content\/uploads\/2026\/02\/revolution-padel-store.jpg","width":2000,"height":2000,"caption":"Revolution Padel Store"},"image":{"@id":"https:\/\/revolutionpadelstore.com\/de\/#\/schema\/logo\/image\/"},"sameAs":["https:\/\/www.instagram.com\/revolutionpadelstore\/"]}]}},"_links":{"self":[{"href":"https:\/\/revolutionpadelstore.com\/de\/wp-json\/wp\/v2\/product\/72923","targetHints":{"allow":["GET"]}}],"collection":[{"href":"https:\/\/revolutionpadelstore.com\/de\/wp-json\/wp\/v2\/product"}],"about":[{"href":"https:\/\/revolutionpadelstore.com\/de\/wp-json\/wp\/v2\/types\/product"}],"replies":[{"embeddable":true,"href":"https:\/\/revolutionpadelstore.com\/de\/wp-json\/wp\/v2\/comments?post=72923"}],"wp:featuredmedia":[{"embeddable":true,"href":"https:\/\/revolutionpadelstore.com\/de\/wp-json\/wp\/v2\/media\/62466"}],"wp:attachment":[{"href":"https:\/\/revolutionpadelstore.com\/de\/wp-json\/wp\/v2\/media?parent=72923"}],"wp:term":[{"taxonomy":"acabado","embeddable":true,"href":"https:\/\/revolutionpadelstore.com\/de\/wp-json\/wp\/v2\/acabado?post=72923"},{"taxonomy":"balance","embeddable":true,"href":"https:\/\/revolutionpadelstore.com\/de\/wp-json\/wp\/v2\/balance?post=72923"},{"taxonomy":"dureza","embeddable":true,"href":"https:\/\/revolutionpadelstore.com\/de\/wp-json\/wp\/v2\/dureza?post=72923"},{"taxonomy":"forma","embeddable":true,"href":"https:\/\/revolutionpadelstore.com\/de\/wp-json\/wp\/v2\/forma?post=72923"},{"taxonomy":"jugador","embeddable":true,"href":"https:\/\/revolutionpadelstore.com\/de\/wp-json\/wp\/v2\/jugador?post=72923"},{"taxonomy":"marca","embeddable":true,"href":"https:\/\/revolutionpadelstore.com\/de\/wp-json\/wp\/v2\/marca?post=72923"},{"taxonomy":"nivel-de-juego","embeddable":true,"href":"https:\/\/revolutionpadelstore.com\/de\/wp-json\/wp\/v2\/nivel-de-juego?post=72923"},{"taxonomy":"superficie","embeddable":true,"href":"https:\/\/revolutionpadelstore.com\/de\/wp-json\/wp\/v2\/superficie?post=72923"},{"taxonomy":"tipo-de-juego","embeddable":true,"href":"https:\/\/revolutionpadelstore.com\/de\/wp-json\/wp\/v2\/tipo-de-juego?post=72923"},{"taxonomy":"product_brand","embeddable":true,"href":"https:\/\/revolutionpadelstore.com\/de\/wp-json\/wp\/v2\/product_brand?post=72923"},{"taxonomy":"product_cat","embeddable":true,"href":"https:\/\/revolutionpadelstore.com\/de\/wp-json\/wp\/v2\/product_cat?post=72923"},{"taxonomy":"product_tag","embeddable":true,"href":"https:\/\/revolutionpadelstore.com\/de\/wp-json\/wp\/v2\/product_tag?post=72923"}],"curies":[{"name":"wp","href":"https:\/\/api.w.org\/{rel}","templated":true}]}}