{"id":72918,"date":"2024-08-22T17:39:45","date_gmt":"2024-08-22T15:39:45","guid":{"rendered":"https:\/\/revolutionpadelstore.com\/cajon-pelotas-wilson-premier-padel\/"},"modified":"2026-04-08T11:03:34","modified_gmt":"2026-04-08T09:03:34","slug":"cajon-pelotas-wilson-premier-padel-1","status":"publish","type":"product","link":"https:\/\/revolutionpadelstore.com\/de\/produkt\/cajon-pelotas-wilson-premier-padel-1\/","title":{"rendered":"CAJON PELOTAS WILSON PREMIER PADEL"},"content":{"rendered":"<p>Die neuen <a href=\"https:\/\/www.padeliberico.es\/pelotas-padel-wilson\"><strong>Wilson-B\u00e4lle<\/strong> <\/a>Premier Padel sind f\u00fcr den Premier Padel-Circuit konzipiert. wie der Name schon sagt. Diese professionellen B\u00e4lle sind die besten, die derzeit auf dem Markt erh\u00e4ltlich sind, und werden von Wilson nach den h\u00f6chsten Qualit\u00e4tsstandards hergestellt.<\/p>\n<p>Zu den hervorzuhebenden Eigenschaften geh\u00f6rt die Haltbarkeit. Entwickelt, um l\u00e4nger zu halten, ohne an Leistung einzub\u00fc\u00dfen, perfekt f\u00fcr Spieler, die Widerstandsf\u00e4higkeit und Best\u00e4ndigkeit suchen.<\/p>\n<p><strong>Menge:<\/strong> Die Box enth\u00e4lt 24 Dosen mit je 3 B\u00e4llen, also insgesamt 72 B\u00e4lle.<\/p>\n","protected":false},"excerpt":{"rendered":"<p>Die neuen Wilson-B\u00e4lle Premier Padel sind f\u00fcr den Premier Padel-Circuit konzipiert. wie der Name schon sagt. Diese professionellen B\u00e4lle sind die besten, die derzeit auf dem Markt erh\u00e4ltlich sind, und werden von Wilson nach den h\u00f6chsten Qualit\u00e4tsstandards hergestellt. Zu den hervorzuhebenden Eigenschaften geh\u00f6rt die Haltbarkeit. Entwickelt, um l\u00e4nger zu halten, ohne an Leistung einzub\u00fc\u00dfen, perfekt [&hellip;]<\/p>\n","protected":false},"featured_media":62497,"comment_status":"open","ping_status":"closed","template":"","meta":{"_acf_changed":false,"_joinchat":[]},"acabado":[],"balance":[],"dureza":[],"forma":[],"jugador":[],"marca":[1264],"nivel-de-juego":[],"superficie":[],"tipo-de-juego":[],"product_brand":[],"product_cat":[603],"product_tag":[],"class_list":{"0":"post-72918","1":"product","2":"type-product","3":"status-publish","4":"has-post-thumbnail","6":"marca-wilson-de","7":"product_cat-balle","9":"first","10":"outofstock","11":"sale","12":"taxable","13":"shipping-taxable","14":"purchasable","15":"product-type-simple"},"acf":[],"yoast_head":"<!-- This site is optimized with the Yoast SEO plugin v27.4 - https:\/\/yoast.com\/product\/yoast-seo-wordpress\/ -->\n<title>CAJON PELOTAS WILSON PREMIER PADEL - Revolution Padel Store<\/title>\n<meta name=\"description\" content=\"Ya tenemos por aqu\u00ed, las que ser\u00e1n claramente unas de las mejores pelotas de p\u00e1del para los jugadores profesionales. Las nuevas pelotas Wilson Premier Padel est\u00e1n dise\u00f1adas para el circuito Premier Padel, como su nombre nos indica. Estas pelotas profesionales son de lo mejor disponible a d\u00eda de hoy en el mercado, fabricadas por Wilson con los est\u00e1ndares de calidad m\u00e1s exigentes.\" \/>\n<meta name=\"robots\" content=\"index, follow, max-snippet:-1, max-image-preview:large, max-video-preview:-1\" \/>\n<link rel=\"canonical\" href=\"https:\/\/revolutionpadelstore.com\/de\/produkt\/cajon-pelotas-wilson-premier-padel-1\/\" \/>\n<meta property=\"og:locale\" content=\"de_DE\" \/>\n<meta property=\"og:type\" content=\"article\" \/>\n<meta property=\"og:title\" content=\"COMPRAR CAJON PELOTAS WILSON PREMIER PADEL\" \/>\n<meta property=\"og:description\" content=\"Ya tenemos por aqu\u00ed, las que ser\u00e1n claramente unas de las mejores pelotas de p\u00e1del para los jugadores profesionales. Las nuevas pelotas Wilson Premier Padel est\u00e1n dise\u00f1adas para el circuito Premier Padel, como su nombre nos indica. Estas pelotas profesionales son de lo mejor disponible a d\u00eda de hoy en el mercado, fabricadas por Wilson con los est\u00e1ndares de calidad m\u00e1s exigentes.\" \/>\n<meta property=\"og:url\" content=\"https:\/\/revolutionpadelstore.com\/de\/produkt\/cajon-pelotas-wilson-premier-padel-1\/\" \/>\n<meta property=\"og:site_name\" content=\"Revolution Padel Store\" \/>\n<meta property=\"article:modified_time\" content=\"2026-04-08T09:03:34+00:00\" \/>\n<meta property=\"og:image\" content=\"https:\/\/revolutionpadelstore.com\/wp-content\/uploads\/2024\/08\/cajon-pelotas-wilson-premier-padel.jpg\" \/>\n\t<meta property=\"og:image:width\" content=\"800\" \/>\n\t<meta property=\"og:image:height\" content=\"800\" \/>\n\t<meta property=\"og:image:type\" content=\"image\/jpeg\" \/>\n<meta name=\"twitter:card\" content=\"summary_large_image\" \/>\n<meta name=\"twitter:label1\" content=\"Gesch\u00e4tzte Lesezeit\" \/>\n\t<meta name=\"twitter:data1\" content=\"1\u00a0Minute\" \/>\n<script type=\"application\/ld+json\" class=\"yoast-schema-graph\">{\"@context\":\"https:\\\/\\\/schema.org\",\"@graph\":[{\"@type\":\"WebPage\",\"@id\":\"https:\\\/\\\/revolutionpadelstore.com\\\/de\\\/produkt\\\/cajon-pelotas-wilson-premier-padel-1\\\/\",\"url\":\"https:\\\/\\\/revolutionpadelstore.com\\\/de\\\/produkt\\\/cajon-pelotas-wilson-premier-padel-1\\\/\",\"name\":\"CAJON PELOTAS WILSON PREMIER PADEL - Revolution Padel Store\",\"isPartOf\":{\"@id\":\"https:\\\/\\\/revolutionpadelstore.com\\\/de\\\/#website\"},\"primaryImageOfPage\":{\"@id\":\"https:\\\/\\\/revolutionpadelstore.com\\\/de\\\/produkt\\\/cajon-pelotas-wilson-premier-padel-1\\\/#primaryimage\"},\"image\":{\"@id\":\"https:\\\/\\\/revolutionpadelstore.com\\\/de\\\/produkt\\\/cajon-pelotas-wilson-premier-padel-1\\\/#primaryimage\"},\"thumbnailUrl\":\"https:\\\/\\\/revolutionpadelstore.com\\\/wp-content\\\/uploads\\\/2024\\\/08\\\/cajon-pelotas-wilson-premier-padel.jpg\",\"datePublished\":\"2024-08-22T15:39:45+00:00\",\"dateModified\":\"2026-04-08T09:03:34+00:00\",\"description\":\"Ya tenemos por aqu\u00ed, las que ser\u00e1n claramente unas de las mejores pelotas de p\u00e1del para los jugadores profesionales. Las nuevas pelotas Wilson Premier Padel est\u00e1n dise\u00f1adas para el circuito Premier Padel, como su nombre nos indica. Estas pelotas profesionales son de lo mejor disponible a d\u00eda de hoy en el mercado, fabricadas por Wilson con los est\u00e1ndares de calidad m\u00e1s exigentes.\",\"breadcrumb\":{\"@id\":\"https:\\\/\\\/revolutionpadelstore.com\\\/de\\\/produkt\\\/cajon-pelotas-wilson-premier-padel-1\\\/#breadcrumb\"},\"inLanguage\":\"de\",\"potentialAction\":[{\"@type\":\"ReadAction\",\"target\":[\"https:\\\/\\\/revolutionpadelstore.com\\\/de\\\/produkt\\\/cajon-pelotas-wilson-premier-padel-1\\\/\"]}]},{\"@type\":\"ImageObject\",\"inLanguage\":\"de\",\"@id\":\"https:\\\/\\\/revolutionpadelstore.com\\\/de\\\/produkt\\\/cajon-pelotas-wilson-premier-padel-1\\\/#primaryimage\",\"url\":\"https:\\\/\\\/revolutionpadelstore.com\\\/wp-content\\\/uploads\\\/2024\\\/08\\\/cajon-pelotas-wilson-premier-padel.jpg\",\"contentUrl\":\"https:\\\/\\\/revolutionpadelstore.com\\\/wp-content\\\/uploads\\\/2024\\\/08\\\/cajon-pelotas-wilson-premier-padel.jpg\",\"width\":800,\"height\":800},{\"@type\":\"BreadcrumbList\",\"@id\":\"https:\\\/\\\/revolutionpadelstore.com\\\/de\\\/produkt\\\/cajon-pelotas-wilson-premier-padel-1\\\/#breadcrumb\",\"itemListElement\":[{\"@type\":\"ListItem\",\"position\":1,\"name\":\"Portada\",\"item\":\"https:\\\/\\\/revolutionpadelstore.com\\\/de\\\/\"},{\"@type\":\"ListItem\",\"position\":2,\"name\":\"Shop\",\"item\":\"https:\\\/\\\/revolutionpadelstore.com\\\/de\\\/tienda\\\/\"},{\"@type\":\"ListItem\",\"position\":3,\"name\":\"CAJON PELOTAS WILSON PREMIER PADEL\"}]},{\"@type\":\"WebSite\",\"@id\":\"https:\\\/\\\/revolutionpadelstore.com\\\/de\\\/#website\",\"url\":\"https:\\\/\\\/revolutionpadelstore.com\\\/de\\\/\",\"name\":\"Revolution Padel Store\",\"description\":\"\",\"publisher\":{\"@id\":\"https:\\\/\\\/revolutionpadelstore.com\\\/de\\\/#organization\"},\"potentialAction\":[{\"@type\":\"SearchAction\",\"target\":{\"@type\":\"EntryPoint\",\"urlTemplate\":\"https:\\\/\\\/revolutionpadelstore.com\\\/de\\\/?s={search_term_string}\"},\"query-input\":{\"@type\":\"PropertyValueSpecification\",\"valueRequired\":true,\"valueName\":\"search_term_string\"}}],\"inLanguage\":\"de\"},{\"@type\":\"Organization\",\"@id\":\"https:\\\/\\\/revolutionpadelstore.com\\\/de\\\/#organization\",\"name\":\"Revolution Padel Store\",\"url\":\"https:\\\/\\\/revolutionpadelstore.com\\\/de\\\/\",\"logo\":{\"@type\":\"ImageObject\",\"inLanguage\":\"de\",\"@id\":\"https:\\\/\\\/revolutionpadelstore.com\\\/de\\\/#\\\/schema\\\/logo\\\/image\\\/\",\"url\":\"https:\\\/\\\/revolutionpadelstore.com\\\/wp-content\\\/uploads\\\/2026\\\/02\\\/revolution-padel-store.jpg\",\"contentUrl\":\"https:\\\/\\\/revolutionpadelstore.com\\\/wp-content\\\/uploads\\\/2026\\\/02\\\/revolution-padel-store.jpg\",\"width\":2000,\"height\":2000,\"caption\":\"Revolution Padel Store\"},\"image\":{\"@id\":\"https:\\\/\\\/revolutionpadelstore.com\\\/de\\\/#\\\/schema\\\/logo\\\/image\\\/\"},\"sameAs\":[\"https:\\\/\\\/www.instagram.com\\\/revolutionpadelstore\\\/\"]}]}<\/script>\n<!-- \/ Yoast SEO plugin. -->","yoast_head_json":{"title":"CAJON PELOTAS WILSON PREMIER PADEL - Revolution Padel Store","description":"Ya tenemos por aqu\u00ed, las que ser\u00e1n claramente unas de las mejores pelotas de p\u00e1del para los jugadores profesionales. Las nuevas pelotas Wilson Premier Padel est\u00e1n dise\u00f1adas para el circuito Premier Padel, como su nombre nos indica. Estas pelotas profesionales son de lo mejor disponible a d\u00eda de hoy en el mercado, fabricadas por Wilson con los est\u00e1ndares de calidad m\u00e1s exigentes.","robots":{"index":"index","follow":"follow","max-snippet":"max-snippet:-1","max-image-preview":"max-image-preview:large","max-video-preview":"max-video-preview:-1"},"canonical":"https:\/\/revolutionpadelstore.com\/de\/produkt\/cajon-pelotas-wilson-premier-padel-1\/","og_locale":"de_DE","og_type":"article","og_title":"COMPRAR CAJON PELOTAS WILSON PREMIER PADEL","og_description":"Ya tenemos por aqu\u00ed, las que ser\u00e1n claramente unas de las mejores pelotas de p\u00e1del para los jugadores profesionales. Las nuevas pelotas Wilson Premier Padel est\u00e1n dise\u00f1adas para el circuito Premier Padel, como su nombre nos indica. Estas pelotas profesionales son de lo mejor disponible a d\u00eda de hoy en el mercado, fabricadas por Wilson con los est\u00e1ndares de calidad m\u00e1s exigentes.","og_url":"https:\/\/revolutionpadelstore.com\/de\/produkt\/cajon-pelotas-wilson-premier-padel-1\/","og_site_name":"Revolution Padel Store","article_modified_time":"2026-04-08T09:03:34+00:00","og_image":[{"width":800,"height":800,"url":"https:\/\/revolutionpadelstore.com\/wp-content\/uploads\/2024\/08\/cajon-pelotas-wilson-premier-padel.jpg","type":"image\/jpeg"}],"twitter_card":"summary_large_image","twitter_misc":{"Gesch\u00e4tzte Lesezeit":"1\u00a0Minute"},"schema":{"@context":"https:\/\/schema.org","@graph":[{"@type":"WebPage","@id":"https:\/\/revolutionpadelstore.com\/de\/produkt\/cajon-pelotas-wilson-premier-padel-1\/","url":"https:\/\/revolutionpadelstore.com\/de\/produkt\/cajon-pelotas-wilson-premier-padel-1\/","name":"CAJON PELOTAS WILSON PREMIER PADEL - Revolution Padel Store","isPartOf":{"@id":"https:\/\/revolutionpadelstore.com\/de\/#website"},"primaryImageOfPage":{"@id":"https:\/\/revolutionpadelstore.com\/de\/produkt\/cajon-pelotas-wilson-premier-padel-1\/#primaryimage"},"image":{"@id":"https:\/\/revolutionpadelstore.com\/de\/produkt\/cajon-pelotas-wilson-premier-padel-1\/#primaryimage"},"thumbnailUrl":"https:\/\/revolutionpadelstore.com\/wp-content\/uploads\/2024\/08\/cajon-pelotas-wilson-premier-padel.jpg","datePublished":"2024-08-22T15:39:45+00:00","dateModified":"2026-04-08T09:03:34+00:00","description":"Ya tenemos por aqu\u00ed, las que ser\u00e1n claramente unas de las mejores pelotas de p\u00e1del para los jugadores profesionales. Las nuevas pelotas Wilson Premier Padel est\u00e1n dise\u00f1adas para el circuito Premier Padel, como su nombre nos indica. Estas pelotas profesionales son de lo mejor disponible a d\u00eda de hoy en el mercado, fabricadas por Wilson con los est\u00e1ndares de calidad m\u00e1s exigentes.","breadcrumb":{"@id":"https:\/\/revolutionpadelstore.com\/de\/produkt\/cajon-pelotas-wilson-premier-padel-1\/#breadcrumb"},"inLanguage":"de","potentialAction":[{"@type":"ReadAction","target":["https:\/\/revolutionpadelstore.com\/de\/produkt\/cajon-pelotas-wilson-premier-padel-1\/"]}]},{"@type":"ImageObject","inLanguage":"de","@id":"https:\/\/revolutionpadelstore.com\/de\/produkt\/cajon-pelotas-wilson-premier-padel-1\/#primaryimage","url":"https:\/\/revolutionpadelstore.com\/wp-content\/uploads\/2024\/08\/cajon-pelotas-wilson-premier-padel.jpg","contentUrl":"https:\/\/revolutionpadelstore.com\/wp-content\/uploads\/2024\/08\/cajon-pelotas-wilson-premier-padel.jpg","width":800,"height":800},{"@type":"BreadcrumbList","@id":"https:\/\/revolutionpadelstore.com\/de\/produkt\/cajon-pelotas-wilson-premier-padel-1\/#breadcrumb","itemListElement":[{"@type":"ListItem","position":1,"name":"Portada","item":"https:\/\/revolutionpadelstore.com\/de\/"},{"@type":"ListItem","position":2,"name":"Shop","item":"https:\/\/revolutionpadelstore.com\/de\/tienda\/"},{"@type":"ListItem","position":3,"name":"CAJON PELOTAS WILSON PREMIER PADEL"}]},{"@type":"WebSite","@id":"https:\/\/revolutionpadelstore.com\/de\/#website","url":"https:\/\/revolutionpadelstore.com\/de\/","name":"Revolution Padel Store","description":"","publisher":{"@id":"https:\/\/revolutionpadelstore.com\/de\/#organization"},"potentialAction":[{"@type":"SearchAction","target":{"@type":"EntryPoint","urlTemplate":"https:\/\/revolutionpadelstore.com\/de\/?s={search_term_string}"},"query-input":{"@type":"PropertyValueSpecification","valueRequired":true,"valueName":"search_term_string"}}],"inLanguage":"de"},{"@type":"Organization","@id":"https:\/\/revolutionpadelstore.com\/de\/#organization","name":"Revolution Padel Store","url":"https:\/\/revolutionpadelstore.com\/de\/","logo":{"@type":"ImageObject","inLanguage":"de","@id":"https:\/\/revolutionpadelstore.com\/de\/#\/schema\/logo\/image\/","url":"https:\/\/revolutionpadelstore.com\/wp-content\/uploads\/2026\/02\/revolution-padel-store.jpg","contentUrl":"https:\/\/revolutionpadelstore.com\/wp-content\/uploads\/2026\/02\/revolution-padel-store.jpg","width":2000,"height":2000,"caption":"Revolution Padel Store"},"image":{"@id":"https:\/\/revolutionpadelstore.com\/de\/#\/schema\/logo\/image\/"},"sameAs":["https:\/\/www.instagram.com\/revolutionpadelstore\/"]}]}},"_links":{"self":[{"href":"https:\/\/revolutionpadelstore.com\/de\/wp-json\/wp\/v2\/product\/72918","targetHints":{"allow":["GET"]}}],"collection":[{"href":"https:\/\/revolutionpadelstore.com\/de\/wp-json\/wp\/v2\/product"}],"about":[{"href":"https:\/\/revolutionpadelstore.com\/de\/wp-json\/wp\/v2\/types\/product"}],"replies":[{"embeddable":true,"href":"https:\/\/revolutionpadelstore.com\/de\/wp-json\/wp\/v2\/comments?post=72918"}],"wp:featuredmedia":[{"embeddable":true,"href":"https:\/\/revolutionpadelstore.com\/de\/wp-json\/wp\/v2\/media\/62497"}],"wp:attachment":[{"href":"https:\/\/revolutionpadelstore.com\/de\/wp-json\/wp\/v2\/media?parent=72918"}],"wp:term":[{"taxonomy":"acabado","embeddable":true,"href":"https:\/\/revolutionpadelstore.com\/de\/wp-json\/wp\/v2\/acabado?post=72918"},{"taxonomy":"balance","embeddable":true,"href":"https:\/\/revolutionpadelstore.com\/de\/wp-json\/wp\/v2\/balance?post=72918"},{"taxonomy":"dureza","embeddable":true,"href":"https:\/\/revolutionpadelstore.com\/de\/wp-json\/wp\/v2\/dureza?post=72918"},{"taxonomy":"forma","embeddable":true,"href":"https:\/\/revolutionpadelstore.com\/de\/wp-json\/wp\/v2\/forma?post=72918"},{"taxonomy":"jugador","embeddable":true,"href":"https:\/\/revolutionpadelstore.com\/de\/wp-json\/wp\/v2\/jugador?post=72918"},{"taxonomy":"marca","embeddable":true,"href":"https:\/\/revolutionpadelstore.com\/de\/wp-json\/wp\/v2\/marca?post=72918"},{"taxonomy":"nivel-de-juego","embeddable":true,"href":"https:\/\/revolutionpadelstore.com\/de\/wp-json\/wp\/v2\/nivel-de-juego?post=72918"},{"taxonomy":"superficie","embeddable":true,"href":"https:\/\/revolutionpadelstore.com\/de\/wp-json\/wp\/v2\/superficie?post=72918"},{"taxonomy":"tipo-de-juego","embeddable":true,"href":"https:\/\/revolutionpadelstore.com\/de\/wp-json\/wp\/v2\/tipo-de-juego?post=72918"},{"taxonomy":"product_brand","embeddable":true,"href":"https:\/\/revolutionpadelstore.com\/de\/wp-json\/wp\/v2\/product_brand?post=72918"},{"taxonomy":"product_cat","embeddable":true,"href":"https:\/\/revolutionpadelstore.com\/de\/wp-json\/wp\/v2\/product_cat?post=72918"},{"taxonomy":"product_tag","embeddable":true,"href":"https:\/\/revolutionpadelstore.com\/de\/wp-json\/wp\/v2\/product_tag?post=72918"}],"curies":[{"name":"wp","href":"https:\/\/api.w.org\/{rel}","templated":true}]}}