{"id":72913,"date":"2024-08-22T17:44:29","date_gmt":"2024-08-22T15:44:29","guid":{"rendered":"https:\/\/revolutionpadelstore.com\/cajon-pelotas-wilson-premier-padel-speed\/"},"modified":"2026-04-16T14:02:30","modified_gmt":"2026-04-16T12:02:30","slug":"cajon-pelotas-wilson-premier-padel-speed-1","status":"publish","type":"product","link":"https:\/\/revolutionpadelstore.com\/de\/produkt\/cajon-pelotas-wilson-premier-padel-speed-1\/","title":{"rendered":"CAJON PELOTAS WILSON PREMIER PADEL SPEED"},"content":{"rendered":"<p>Das Warten hat sich gelohnt. Wir haben jetzt die WILSON PREMIER PADEL SPEED BALL BOX im Angebot, die neuen Profib\u00e4lle f\u00fcr den Premier Padel Circuit, den besten Padel-Wettbewerb der Welt. Nach dieser neuen Vereinbarung zwischen Wilson und Premier Padel haben sie unglaubliche Padelb\u00e4lle entwickelt, die zu den schnellsten geh\u00f6ren, die es gibt, und zwar f\u00fcr alle Bedingungen, unter denen sie verwendet werden.<\/p>\n<p>Es sind <a href=\"https:\/\/www.padeliberico.es\/pelotas-softee\"><strong>Paddelb\u00e4lle<\/strong><\/a> sehr schnell, was unser Spiel in der Angriffszone deutlich verbessert. Dar\u00fcber hinaus haben sie sich, wie kaum anders m\u00f6glich, auf die Haltbarkeit konzentriert, was sie ideal f\u00fcr Spieler macht, die ein Modell suchen, das l\u00e4nger h\u00e4lt, ohne an Leistung einzub\u00fc\u00dfen.<\/p>\n<p>Diese Box enth\u00e4lt 24 Gl\u00e4ser mit je 3 Kugeln.<\/p>\n","protected":false},"excerpt":{"rendered":"<p>Die besten Padelb\u00e4lle auf dem Markt. Es ist der offizielle Ball des Premier Padel-Profizirkus.<\/p>\n","protected":false},"featured_media":62510,"comment_status":"open","ping_status":"closed","template":"","meta":{"_acf_changed":false,"_joinchat":[]},"acabado":[],"balance":[],"dureza":[],"forma":[],"jugador":[],"marca":[1264],"nivel-de-juego":[],"superficie":[],"tipo-de-juego":[],"product_brand":[],"product_cat":[603],"product_tag":[],"class_list":{"0":"post-72913","1":"product","2":"type-product","3":"status-publish","4":"has-post-thumbnail","6":"marca-wilson-de","7":"product_cat-balle","9":"first","10":"instock","11":"sale","12":"taxable","13":"shipping-taxable","14":"purchasable","15":"product-type-simple"},"acf":[],"yoast_head":"<!-- This site is optimized with the Yoast SEO plugin v27.4 - https:\/\/yoast.com\/product\/yoast-seo-wordpress\/ -->\n<title>CAJON PELOTAS WILSON PREMIER PADEL SPEED - Revolution Padel Store<\/title>\n<meta name=\"description\" content=\"La espera ha valido la pena. Ya tenemos disponible el CAJON PELOTAS WILSON PREMIER PADEL SPEED, las nuevas pelotas profesionales para el circuito Premier Padel, la mejor competici\u00f3n de p\u00e1del a nivel mundial. Tras este nuevo acuerdo de Wilson con Premier Padel, han creado unas pelotas de p\u00e1del incre\u00edbles, de las m\u00e1s r\u00e1pidas que hay para cualquier condici\u00f3n donde se usen.Son unas pelotas de p\u00e1del muy r\u00e1pidas con lo que nuestro juego en la zona de ataque se va a ver potenciado. Adem\u00e1s, se han enfocado como no puede ser de otro modo en la durabilidad, lo que las hace ideales para jugadores que buscan un modelo que dure m\u00e1s tiempo sin perder su rendimiento.\" \/>\n<meta name=\"robots\" content=\"index, follow, max-snippet:-1, max-image-preview:large, max-video-preview:-1\" \/>\n<link rel=\"canonical\" href=\"https:\/\/revolutionpadelstore.com\/de\/produkt\/cajon-pelotas-wilson-premier-padel-speed-1\/\" \/>\n<meta property=\"og:locale\" content=\"de_DE\" \/>\n<meta property=\"og:type\" content=\"article\" \/>\n<meta property=\"og:title\" content=\"CAJON PELOTAS WILSON PREMIER PADEL SPEED - Revolution Padel Store\" \/>\n<meta property=\"og:description\" content=\"La espera ha valido la pena. Ya tenemos disponible el CAJON PELOTAS WILSON PREMIER PADEL SPEED, las nuevas pelotas profesionales para el circuito Premier Padel, la mejor competici\u00f3n de p\u00e1del a nivel mundial. Tras este nuevo acuerdo de Wilson con Premier Padel, han creado unas pelotas de p\u00e1del incre\u00edbles, de las m\u00e1s r\u00e1pidas que hay para cualquier condici\u00f3n donde se usen.Son unas pelotas de p\u00e1del muy r\u00e1pidas con lo que nuestro juego en la zona de ataque se va a ver potenciado. Adem\u00e1s, se han enfocado como no puede ser de otro modo en la durabilidad, lo que las hace ideales para jugadores que buscan un modelo que dure m\u00e1s tiempo sin perder su rendimiento.\" \/>\n<meta property=\"og:url\" content=\"https:\/\/revolutionpadelstore.com\/de\/produkt\/cajon-pelotas-wilson-premier-padel-speed-1\/\" \/>\n<meta property=\"og:site_name\" content=\"Revolution Padel Store\" \/>\n<meta property=\"article:modified_time\" content=\"2026-04-16T12:02:30+00:00\" \/>\n<meta property=\"og:image\" content=\"https:\/\/revolutionpadelstore.com\/wp-content\/uploads\/2024\/08\/cajon-pelotas-wilson-premier-padel-speed.jpg\" \/>\n\t<meta property=\"og:image:width\" content=\"800\" \/>\n\t<meta property=\"og:image:height\" content=\"800\" \/>\n\t<meta property=\"og:image:type\" content=\"image\/jpeg\" \/>\n<meta name=\"twitter:card\" content=\"summary_large_image\" \/>\n<meta name=\"twitter:label1\" content=\"Gesch\u00e4tzte Lesezeit\" \/>\n\t<meta name=\"twitter:data1\" content=\"1\u00a0Minute\" \/>\n<script type=\"application\/ld+json\" class=\"yoast-schema-graph\">{\"@context\":\"https:\\\/\\\/schema.org\",\"@graph\":[{\"@type\":\"WebPage\",\"@id\":\"https:\\\/\\\/revolutionpadelstore.com\\\/de\\\/produkt\\\/cajon-pelotas-wilson-premier-padel-speed-1\\\/\",\"url\":\"https:\\\/\\\/revolutionpadelstore.com\\\/de\\\/produkt\\\/cajon-pelotas-wilson-premier-padel-speed-1\\\/\",\"name\":\"CAJON PELOTAS WILSON PREMIER PADEL SPEED - Revolution Padel Store\",\"isPartOf\":{\"@id\":\"https:\\\/\\\/revolutionpadelstore.com\\\/de\\\/#website\"},\"primaryImageOfPage\":{\"@id\":\"https:\\\/\\\/revolutionpadelstore.com\\\/de\\\/produkt\\\/cajon-pelotas-wilson-premier-padel-speed-1\\\/#primaryimage\"},\"image\":{\"@id\":\"https:\\\/\\\/revolutionpadelstore.com\\\/de\\\/produkt\\\/cajon-pelotas-wilson-premier-padel-speed-1\\\/#primaryimage\"},\"thumbnailUrl\":\"https:\\\/\\\/revolutionpadelstore.com\\\/wp-content\\\/uploads\\\/2024\\\/08\\\/cajon-pelotas-wilson-premier-padel-speed.jpg\",\"datePublished\":\"2024-08-22T15:44:29+00:00\",\"dateModified\":\"2026-04-16T12:02:30+00:00\",\"description\":\"La espera ha valido la pena. Ya tenemos disponible el CAJON PELOTAS WILSON PREMIER PADEL SPEED, las nuevas pelotas profesionales para el circuito Premier Padel, la mejor competici\u00f3n de p\u00e1del a nivel mundial. Tras este nuevo acuerdo de Wilson con Premier Padel, han creado unas pelotas de p\u00e1del incre\u00edbles, de las m\u00e1s r\u00e1pidas que hay para cualquier condici\u00f3n donde se usen.Son unas pelotas de p\u00e1del muy r\u00e1pidas con lo que nuestro juego en la zona de ataque se va a ver potenciado. Adem\u00e1s, se han enfocado como no puede ser de otro modo en la durabilidad, lo que las hace ideales para jugadores que buscan un modelo que dure m\u00e1s tiempo sin perder su rendimiento.\",\"breadcrumb\":{\"@id\":\"https:\\\/\\\/revolutionpadelstore.com\\\/de\\\/produkt\\\/cajon-pelotas-wilson-premier-padel-speed-1\\\/#breadcrumb\"},\"inLanguage\":\"de\",\"potentialAction\":[{\"@type\":\"ReadAction\",\"target\":[\"https:\\\/\\\/revolutionpadelstore.com\\\/de\\\/produkt\\\/cajon-pelotas-wilson-premier-padel-speed-1\\\/\"]}]},{\"@type\":\"ImageObject\",\"inLanguage\":\"de\",\"@id\":\"https:\\\/\\\/revolutionpadelstore.com\\\/de\\\/produkt\\\/cajon-pelotas-wilson-premier-padel-speed-1\\\/#primaryimage\",\"url\":\"https:\\\/\\\/revolutionpadelstore.com\\\/wp-content\\\/uploads\\\/2024\\\/08\\\/cajon-pelotas-wilson-premier-padel-speed.jpg\",\"contentUrl\":\"https:\\\/\\\/revolutionpadelstore.com\\\/wp-content\\\/uploads\\\/2024\\\/08\\\/cajon-pelotas-wilson-premier-padel-speed.jpg\",\"width\":800,\"height\":800},{\"@type\":\"BreadcrumbList\",\"@id\":\"https:\\\/\\\/revolutionpadelstore.com\\\/de\\\/produkt\\\/cajon-pelotas-wilson-premier-padel-speed-1\\\/#breadcrumb\",\"itemListElement\":[{\"@type\":\"ListItem\",\"position\":1,\"name\":\"Portada\",\"item\":\"https:\\\/\\\/revolutionpadelstore.com\\\/de\\\/\"},{\"@type\":\"ListItem\",\"position\":2,\"name\":\"Shop\",\"item\":\"https:\\\/\\\/revolutionpadelstore.com\\\/de\\\/tienda\\\/\"},{\"@type\":\"ListItem\",\"position\":3,\"name\":\"CAJON PELOTAS WILSON PREMIER PADEL SPEED\"}]},{\"@type\":\"WebSite\",\"@id\":\"https:\\\/\\\/revolutionpadelstore.com\\\/de\\\/#website\",\"url\":\"https:\\\/\\\/revolutionpadelstore.com\\\/de\\\/\",\"name\":\"Revolution Padel Store\",\"description\":\"\",\"publisher\":{\"@id\":\"https:\\\/\\\/revolutionpadelstore.com\\\/de\\\/#organization\"},\"potentialAction\":[{\"@type\":\"SearchAction\",\"target\":{\"@type\":\"EntryPoint\",\"urlTemplate\":\"https:\\\/\\\/revolutionpadelstore.com\\\/de\\\/?s={search_term_string}\"},\"query-input\":{\"@type\":\"PropertyValueSpecification\",\"valueRequired\":true,\"valueName\":\"search_term_string\"}}],\"inLanguage\":\"de\"},{\"@type\":\"Organization\",\"@id\":\"https:\\\/\\\/revolutionpadelstore.com\\\/de\\\/#organization\",\"name\":\"Revolution Padel Store\",\"url\":\"https:\\\/\\\/revolutionpadelstore.com\\\/de\\\/\",\"logo\":{\"@type\":\"ImageObject\",\"inLanguage\":\"de\",\"@id\":\"https:\\\/\\\/revolutionpadelstore.com\\\/de\\\/#\\\/schema\\\/logo\\\/image\\\/\",\"url\":\"https:\\\/\\\/revolutionpadelstore.com\\\/wp-content\\\/uploads\\\/2026\\\/02\\\/revolution-padel-store.jpg\",\"contentUrl\":\"https:\\\/\\\/revolutionpadelstore.com\\\/wp-content\\\/uploads\\\/2026\\\/02\\\/revolution-padel-store.jpg\",\"width\":2000,\"height\":2000,\"caption\":\"Revolution Padel Store\"},\"image\":{\"@id\":\"https:\\\/\\\/revolutionpadelstore.com\\\/de\\\/#\\\/schema\\\/logo\\\/image\\\/\"},\"sameAs\":[\"https:\\\/\\\/www.instagram.com\\\/revolutionpadelstore\\\/\"]}]}<\/script>\n<!-- \/ Yoast SEO plugin. -->","yoast_head_json":{"title":"CAJON PELOTAS WILSON PREMIER PADEL SPEED - Revolution Padel Store","description":"La espera ha valido la pena. Ya tenemos disponible el CAJON PELOTAS WILSON PREMIER PADEL SPEED, las nuevas pelotas profesionales para el circuito Premier Padel, la mejor competici\u00f3n de p\u00e1del a nivel mundial. Tras este nuevo acuerdo de Wilson con Premier Padel, han creado unas pelotas de p\u00e1del incre\u00edbles, de las m\u00e1s r\u00e1pidas que hay para cualquier condici\u00f3n donde se usen.Son unas pelotas de p\u00e1del muy r\u00e1pidas con lo que nuestro juego en la zona de ataque se va a ver potenciado. Adem\u00e1s, se han enfocado como no puede ser de otro modo en la durabilidad, lo que las hace ideales para jugadores que buscan un modelo que dure m\u00e1s tiempo sin perder su rendimiento.","robots":{"index":"index","follow":"follow","max-snippet":"max-snippet:-1","max-image-preview":"max-image-preview:large","max-video-preview":"max-video-preview:-1"},"canonical":"https:\/\/revolutionpadelstore.com\/de\/produkt\/cajon-pelotas-wilson-premier-padel-speed-1\/","og_locale":"de_DE","og_type":"article","og_title":"CAJON PELOTAS WILSON PREMIER PADEL SPEED - Revolution Padel Store","og_description":"La espera ha valido la pena. Ya tenemos disponible el CAJON PELOTAS WILSON PREMIER PADEL SPEED, las nuevas pelotas profesionales para el circuito Premier Padel, la mejor competici\u00f3n de p\u00e1del a nivel mundial. Tras este nuevo acuerdo de Wilson con Premier Padel, han creado unas pelotas de p\u00e1del incre\u00edbles, de las m\u00e1s r\u00e1pidas que hay para cualquier condici\u00f3n donde se usen.Son unas pelotas de p\u00e1del muy r\u00e1pidas con lo que nuestro juego en la zona de ataque se va a ver potenciado. Adem\u00e1s, se han enfocado como no puede ser de otro modo en la durabilidad, lo que las hace ideales para jugadores que buscan un modelo que dure m\u00e1s tiempo sin perder su rendimiento.","og_url":"https:\/\/revolutionpadelstore.com\/de\/produkt\/cajon-pelotas-wilson-premier-padel-speed-1\/","og_site_name":"Revolution Padel Store","article_modified_time":"2026-04-16T12:02:30+00:00","og_image":[{"width":800,"height":800,"url":"https:\/\/revolutionpadelstore.com\/wp-content\/uploads\/2024\/08\/cajon-pelotas-wilson-premier-padel-speed.jpg","type":"image\/jpeg"}],"twitter_card":"summary_large_image","twitter_misc":{"Gesch\u00e4tzte Lesezeit":"1\u00a0Minute"},"schema":{"@context":"https:\/\/schema.org","@graph":[{"@type":"WebPage","@id":"https:\/\/revolutionpadelstore.com\/de\/produkt\/cajon-pelotas-wilson-premier-padel-speed-1\/","url":"https:\/\/revolutionpadelstore.com\/de\/produkt\/cajon-pelotas-wilson-premier-padel-speed-1\/","name":"CAJON PELOTAS WILSON PREMIER PADEL SPEED - Revolution Padel Store","isPartOf":{"@id":"https:\/\/revolutionpadelstore.com\/de\/#website"},"primaryImageOfPage":{"@id":"https:\/\/revolutionpadelstore.com\/de\/produkt\/cajon-pelotas-wilson-premier-padel-speed-1\/#primaryimage"},"image":{"@id":"https:\/\/revolutionpadelstore.com\/de\/produkt\/cajon-pelotas-wilson-premier-padel-speed-1\/#primaryimage"},"thumbnailUrl":"https:\/\/revolutionpadelstore.com\/wp-content\/uploads\/2024\/08\/cajon-pelotas-wilson-premier-padel-speed.jpg","datePublished":"2024-08-22T15:44:29+00:00","dateModified":"2026-04-16T12:02:30+00:00","description":"La espera ha valido la pena. Ya tenemos disponible el CAJON PELOTAS WILSON PREMIER PADEL SPEED, las nuevas pelotas profesionales para el circuito Premier Padel, la mejor competici\u00f3n de p\u00e1del a nivel mundial. Tras este nuevo acuerdo de Wilson con Premier Padel, han creado unas pelotas de p\u00e1del incre\u00edbles, de las m\u00e1s r\u00e1pidas que hay para cualquier condici\u00f3n donde se usen.Son unas pelotas de p\u00e1del muy r\u00e1pidas con lo que nuestro juego en la zona de ataque se va a ver potenciado. Adem\u00e1s, se han enfocado como no puede ser de otro modo en la durabilidad, lo que las hace ideales para jugadores que buscan un modelo que dure m\u00e1s tiempo sin perder su rendimiento.","breadcrumb":{"@id":"https:\/\/revolutionpadelstore.com\/de\/produkt\/cajon-pelotas-wilson-premier-padel-speed-1\/#breadcrumb"},"inLanguage":"de","potentialAction":[{"@type":"ReadAction","target":["https:\/\/revolutionpadelstore.com\/de\/produkt\/cajon-pelotas-wilson-premier-padel-speed-1\/"]}]},{"@type":"ImageObject","inLanguage":"de","@id":"https:\/\/revolutionpadelstore.com\/de\/produkt\/cajon-pelotas-wilson-premier-padel-speed-1\/#primaryimage","url":"https:\/\/revolutionpadelstore.com\/wp-content\/uploads\/2024\/08\/cajon-pelotas-wilson-premier-padel-speed.jpg","contentUrl":"https:\/\/revolutionpadelstore.com\/wp-content\/uploads\/2024\/08\/cajon-pelotas-wilson-premier-padel-speed.jpg","width":800,"height":800},{"@type":"BreadcrumbList","@id":"https:\/\/revolutionpadelstore.com\/de\/produkt\/cajon-pelotas-wilson-premier-padel-speed-1\/#breadcrumb","itemListElement":[{"@type":"ListItem","position":1,"name":"Portada","item":"https:\/\/revolutionpadelstore.com\/de\/"},{"@type":"ListItem","position":2,"name":"Shop","item":"https:\/\/revolutionpadelstore.com\/de\/tienda\/"},{"@type":"ListItem","position":3,"name":"CAJON PELOTAS WILSON PREMIER PADEL SPEED"}]},{"@type":"WebSite","@id":"https:\/\/revolutionpadelstore.com\/de\/#website","url":"https:\/\/revolutionpadelstore.com\/de\/","name":"Revolution Padel Store","description":"","publisher":{"@id":"https:\/\/revolutionpadelstore.com\/de\/#organization"},"potentialAction":[{"@type":"SearchAction","target":{"@type":"EntryPoint","urlTemplate":"https:\/\/revolutionpadelstore.com\/de\/?s={search_term_string}"},"query-input":{"@type":"PropertyValueSpecification","valueRequired":true,"valueName":"search_term_string"}}],"inLanguage":"de"},{"@type":"Organization","@id":"https:\/\/revolutionpadelstore.com\/de\/#organization","name":"Revolution Padel Store","url":"https:\/\/revolutionpadelstore.com\/de\/","logo":{"@type":"ImageObject","inLanguage":"de","@id":"https:\/\/revolutionpadelstore.com\/de\/#\/schema\/logo\/image\/","url":"https:\/\/revolutionpadelstore.com\/wp-content\/uploads\/2026\/02\/revolution-padel-store.jpg","contentUrl":"https:\/\/revolutionpadelstore.com\/wp-content\/uploads\/2026\/02\/revolution-padel-store.jpg","width":2000,"height":2000,"caption":"Revolution Padel Store"},"image":{"@id":"https:\/\/revolutionpadelstore.com\/de\/#\/schema\/logo\/image\/"},"sameAs":["https:\/\/www.instagram.com\/revolutionpadelstore\/"]}]}},"_links":{"self":[{"href":"https:\/\/revolutionpadelstore.com\/de\/wp-json\/wp\/v2\/product\/72913","targetHints":{"allow":["GET"]}}],"collection":[{"href":"https:\/\/revolutionpadelstore.com\/de\/wp-json\/wp\/v2\/product"}],"about":[{"href":"https:\/\/revolutionpadelstore.com\/de\/wp-json\/wp\/v2\/types\/product"}],"replies":[{"embeddable":true,"href":"https:\/\/revolutionpadelstore.com\/de\/wp-json\/wp\/v2\/comments?post=72913"}],"wp:featuredmedia":[{"embeddable":true,"href":"https:\/\/revolutionpadelstore.com\/de\/wp-json\/wp\/v2\/media\/62510"}],"wp:attachment":[{"href":"https:\/\/revolutionpadelstore.com\/de\/wp-json\/wp\/v2\/media?parent=72913"}],"wp:term":[{"taxonomy":"acabado","embeddable":true,"href":"https:\/\/revolutionpadelstore.com\/de\/wp-json\/wp\/v2\/acabado?post=72913"},{"taxonomy":"balance","embeddable":true,"href":"https:\/\/revolutionpadelstore.com\/de\/wp-json\/wp\/v2\/balance?post=72913"},{"taxonomy":"dureza","embeddable":true,"href":"https:\/\/revolutionpadelstore.com\/de\/wp-json\/wp\/v2\/dureza?post=72913"},{"taxonomy":"forma","embeddable":true,"href":"https:\/\/revolutionpadelstore.com\/de\/wp-json\/wp\/v2\/forma?post=72913"},{"taxonomy":"jugador","embeddable":true,"href":"https:\/\/revolutionpadelstore.com\/de\/wp-json\/wp\/v2\/jugador?post=72913"},{"taxonomy":"marca","embeddable":true,"href":"https:\/\/revolutionpadelstore.com\/de\/wp-json\/wp\/v2\/marca?post=72913"},{"taxonomy":"nivel-de-juego","embeddable":true,"href":"https:\/\/revolutionpadelstore.com\/de\/wp-json\/wp\/v2\/nivel-de-juego?post=72913"},{"taxonomy":"superficie","embeddable":true,"href":"https:\/\/revolutionpadelstore.com\/de\/wp-json\/wp\/v2\/superficie?post=72913"},{"taxonomy":"tipo-de-juego","embeddable":true,"href":"https:\/\/revolutionpadelstore.com\/de\/wp-json\/wp\/v2\/tipo-de-juego?post=72913"},{"taxonomy":"product_brand","embeddable":true,"href":"https:\/\/revolutionpadelstore.com\/de\/wp-json\/wp\/v2\/product_brand?post=72913"},{"taxonomy":"product_cat","embeddable":true,"href":"https:\/\/revolutionpadelstore.com\/de\/wp-json\/wp\/v2\/product_cat?post=72913"},{"taxonomy":"product_tag","embeddable":true,"href":"https:\/\/revolutionpadelstore.com\/de\/wp-json\/wp\/v2\/product_tag?post=72913"}],"curies":[{"name":"wp","href":"https:\/\/api.w.org\/{rel}","templated":true}]}}