{"id":72898,"date":"2024-08-24T18:29:28","date_gmt":"2024-08-24T16:29:28","guid":{"rendered":"https:\/\/revolutionpadelstore.com\/zapatillas-head-motion-pro-boa-padel-whbk\/"},"modified":"2026-04-08T10:56:21","modified_gmt":"2026-04-08T08:56:21","slug":"zapatillas-head-motion-pro-boa-padel-whbk-1","status":"publish","type":"product","link":"https:\/\/revolutionpadelstore.com\/de\/produkt\/zapatillas-head-motion-pro-boa-padel-whbk-1\/","title":{"rendered":"ZAPATILLAS HEAD MOTION PRO BOA PADEL WHBK"},"content":{"rendered":"<h2><strong>Head Motion Pro Boa Padel Wei\u00dfe Schuhe<\/strong><\/h2>\n<p>Die <strong>Head Motion Pro Boa Padel White-Schuhe<\/strong> wurden speziell <strong>f\u00fcr Padel-Spieler entwickelt, die eine perfekte Passform und \u00fcberlegene Leistung<\/strong> auf dem Platz suchen. Diese in Zusammenarbeit mit professionellen HEAD-Spielern entwickelten Schuhe sind die ersten, die \u00fcber das BOA\u00ae-Dual-Adjustment-System verf\u00fcgen, das eine pr\u00e4zise und einfach zu handhabende mikroverstellbare Passform erm\u00f6glicht. Dieses innovative System sorgt daf\u00fcr, dass sich das Schuhwerk perfekt an den Fu\u00df anpasst und bei jeder Bewegung Komfort und Sicherheit bietet.<\/p>\n<p>Die in Zusammenarbeit mit MONDO getestete <strong>fortgeschrittene Tonsohle<\/strong> bietet <strong>au\u00dfergew\u00f6hnlichen Grip in alle Richtungen<\/strong> und optimiert die 360-Grad-Bewegung, die beim Padel entscheidend ist. Das atmungsaktive Mesh-Obermaterial und das K\u00fchlsystem sorgen daf\u00fcr, dass Ihre F\u00fc\u00dfe beim Spielen k\u00fchl und trocken bleiben. Dar\u00fcber hinaus bieten die elastische Sockenstruktur und die OrthoLite-Einlegesohle h\u00f6chsten Komfort, w\u00e4hrend die DynaFoam-Zwischensohle mit ihren kleinen Luftzellen f\u00fcr ein leichtes und langlebiges Ansprechverhalten sorgt.<\/p>\n<p>F\u00fcr alle, die <strong>Stabilit\u00e4t und Schutz<\/strong> suchen, bieten die Lateral Control+-Technologie und der Schaft aus thermoplastischem Polyurethan robusten Halt und verhindern ein Stolpern bei extremen Bewegungen. Das moderne, auff\u00e4llige Design mit dem HEAD-Logo sorgt daf\u00fcr, dass sich Spieler nicht nur wohlf\u00fchlen, sondern auch auf dem Platz gut aussehen. Zusammenfassend l\u00e4sst sich sagen, dass die Motion Pro Boa Padel ideal f\u00fcr Spieler sind, die bei ihrer Padel-Ausr\u00fcstung Pr\u00e4zision, Komfort und Stil verlangen.<\/p>\n<h2><strong>Zapatillas Head Motion Pro Boa Padel Blanco<\/strong><\/p>\n","protected":false},"excerpt":{"rendered":"<p>Die Head Motion Pro Boa Padel White-Schuhe bieten eine pr\u00e4zise Passform mit dem dualen BOA\u00ae-System, Atmungsaktivit\u00e4t, hervorragende Stabilit\u00e4t und modernes Design, ideal f\u00fcr Padelspieler, die Komfort und Leistung suchen.<\/p>\n","protected":false},"featured_media":68060,"comment_status":"open","ping_status":"closed","template":"","meta":{"_acf_changed":false,"_joinchat":[]},"acabado":[],"balance":[],"dureza":[],"forma":[],"jugador":[1189],"marca":[1219],"nivel-de-juego":[],"superficie":[],"tipo-de-juego":[],"product_brand":[],"product_cat":[398],"product_tag":[],"class_list":{"0":"post-72898","1":"product","2":"type-product","3":"status-publish","4":"has-post-thumbnail","6":"jugador-mann","7":"marca-kopf","8":"product_cat-herren-sneaker","10":"first","11":"outofstock","12":"sale","13":"taxable","14":"shipping-taxable","15":"purchasable","16":"product-type-variable"},"acf":[],"yoast_head":"<!-- This site is optimized with the Yoast SEO plugin v27.4 - https:\/\/yoast.com\/product\/yoast-seo-wordpress\/ -->\n<title>ZAPATILLAS HEAD MOTION PRO BOA PADEL WHBK - Revolution Padel Store<\/title>\n<meta name=\"description\" content=\"Las zapatillas Head Motion Pro Boa Padel Blanco est\u00e1n dise\u00f1adas espec\u00edficamente para jugadores de p\u00e1del que buscan un ajuste perfecto y un rendimiento superior en la pista. Desarrolladas en colaboraci\u00f3n con jugadores profesionales de HEAD, estas zapatillas son las primeras en incorporar el sistema de ajuste dual BOA\u00ae, que permite un ajuste micro-ajustable preciso y f\u00e1cil de manejar. Este sistema innovador asegura que el calzado se adapte perfectamente al pie, brindando comodidad y seguridad en cada movimiento.\" \/>\n<meta name=\"robots\" content=\"index, follow, max-snippet:-1, max-image-preview:large, max-video-preview:-1\" \/>\n<link rel=\"canonical\" href=\"https:\/\/revolutionpadelstore.com\/de\/produkt\/zapatillas-head-motion-pro-boa-padel-whbk-1\/\" \/>\n<meta property=\"og:locale\" content=\"de_DE\" \/>\n<meta property=\"og:type\" content=\"article\" \/>\n<meta property=\"og:title\" content=\"COMPRAR ZAPATILLAS HEAD MOTION PRO BOA PADEL WHBK\" \/>\n<meta property=\"og:description\" content=\"Las zapatillas Head Motion Pro Boa Padel Blanco est\u00e1n dise\u00f1adas espec\u00edficamente para jugadores de p\u00e1del que buscan un ajuste perfecto y un rendimiento superior en la pista. Desarrolladas en colaboraci\u00f3n con jugadores profesionales de HEAD, estas zapatillas son las primeras en incorporar el sistema de ajuste dual BOA\u00ae, que permite un ajuste micro-ajustable preciso y f\u00e1cil de manejar. Este sistema innovador asegura que el calzado se adapte perfectamente al pie, brindando comodidad y seguridad en cada movimiento.\" \/>\n<meta property=\"og:url\" content=\"https:\/\/revolutionpadelstore.com\/de\/produkt\/zapatillas-head-motion-pro-boa-padel-whbk-1\/\" \/>\n<meta property=\"og:site_name\" content=\"Revolution Padel Store\" \/>\n<meta property=\"article:modified_time\" content=\"2026-04-08T08:56:21+00:00\" \/>\n<meta property=\"og:image\" content=\"https:\/\/revolutionpadelstore.com\/wp-content\/uploads\/2024\/08\/BOA-BLANCA.webp\" \/>\n\t<meta property=\"og:image:width\" content=\"1200\" \/>\n\t<meta property=\"og:image:height\" content=\"1200\" \/>\n\t<meta property=\"og:image:type\" content=\"image\/webp\" \/>\n<meta name=\"twitter:card\" content=\"summary_large_image\" \/>\n<meta name=\"twitter:label1\" content=\"Gesch\u00e4tzte Lesezeit\" \/>\n\t<meta name=\"twitter:data1\" content=\"2\u00a0Minuten\" \/>\n<script type=\"application\/ld+json\" class=\"yoast-schema-graph\">{\"@context\":\"https:\\\/\\\/schema.org\",\"@graph\":[{\"@type\":\"WebPage\",\"@id\":\"https:\\\/\\\/revolutionpadelstore.com\\\/de\\\/produkt\\\/zapatillas-head-motion-pro-boa-padel-whbk-1\\\/\",\"url\":\"https:\\\/\\\/revolutionpadelstore.com\\\/de\\\/produkt\\\/zapatillas-head-motion-pro-boa-padel-whbk-1\\\/\",\"name\":\"ZAPATILLAS HEAD MOTION PRO BOA PADEL WHBK - Revolution Padel Store\",\"isPartOf\":{\"@id\":\"https:\\\/\\\/revolutionpadelstore.com\\\/de\\\/#website\"},\"primaryImageOfPage\":{\"@id\":\"https:\\\/\\\/revolutionpadelstore.com\\\/de\\\/produkt\\\/zapatillas-head-motion-pro-boa-padel-whbk-1\\\/#primaryimage\"},\"image\":{\"@id\":\"https:\\\/\\\/revolutionpadelstore.com\\\/de\\\/produkt\\\/zapatillas-head-motion-pro-boa-padel-whbk-1\\\/#primaryimage\"},\"thumbnailUrl\":\"https:\\\/\\\/revolutionpadelstore.com\\\/wp-content\\\/uploads\\\/2024\\\/08\\\/BOA-BLANCA.webp\",\"datePublished\":\"2024-08-24T16:29:28+00:00\",\"dateModified\":\"2026-04-08T08:56:21+00:00\",\"description\":\"Las zapatillas Head Motion Pro Boa Padel Blanco est\u00e1n dise\u00f1adas espec\u00edficamente para jugadores de p\u00e1del que buscan un ajuste perfecto y un rendimiento superior en la pista. Desarrolladas en colaboraci\u00f3n con jugadores profesionales de HEAD, estas zapatillas son las primeras en incorporar el sistema de ajuste dual BOA\u00ae, que permite un ajuste micro-ajustable preciso y f\u00e1cil de manejar. Este sistema innovador asegura que el calzado se adapte perfectamente al pie, brindando comodidad y seguridad en cada movimiento.\",\"breadcrumb\":{\"@id\":\"https:\\\/\\\/revolutionpadelstore.com\\\/de\\\/produkt\\\/zapatillas-head-motion-pro-boa-padel-whbk-1\\\/#breadcrumb\"},\"inLanguage\":\"de\",\"potentialAction\":[{\"@type\":\"ReadAction\",\"target\":[\"https:\\\/\\\/revolutionpadelstore.com\\\/de\\\/produkt\\\/zapatillas-head-motion-pro-boa-padel-whbk-1\\\/\"]}]},{\"@type\":\"ImageObject\",\"inLanguage\":\"de\",\"@id\":\"https:\\\/\\\/revolutionpadelstore.com\\\/de\\\/produkt\\\/zapatillas-head-motion-pro-boa-padel-whbk-1\\\/#primaryimage\",\"url\":\"https:\\\/\\\/revolutionpadelstore.com\\\/wp-content\\\/uploads\\\/2024\\\/08\\\/BOA-BLANCA.webp\",\"contentUrl\":\"https:\\\/\\\/revolutionpadelstore.com\\\/wp-content\\\/uploads\\\/2024\\\/08\\\/BOA-BLANCA.webp\",\"width\":1200,\"height\":1200},{\"@type\":\"BreadcrumbList\",\"@id\":\"https:\\\/\\\/revolutionpadelstore.com\\\/de\\\/produkt\\\/zapatillas-head-motion-pro-boa-padel-whbk-1\\\/#breadcrumb\",\"itemListElement\":[{\"@type\":\"ListItem\",\"position\":1,\"name\":\"Portada\",\"item\":\"https:\\\/\\\/revolutionpadelstore.com\\\/de\\\/\"},{\"@type\":\"ListItem\",\"position\":2,\"name\":\"Shop\",\"item\":\"https:\\\/\\\/revolutionpadelstore.com\\\/de\\\/tienda\\\/\"},{\"@type\":\"ListItem\",\"position\":3,\"name\":\"ZAPATILLAS HEAD MOTION PRO BOA PADEL WHBK\"}]},{\"@type\":\"WebSite\",\"@id\":\"https:\\\/\\\/revolutionpadelstore.com\\\/de\\\/#website\",\"url\":\"https:\\\/\\\/revolutionpadelstore.com\\\/de\\\/\",\"name\":\"Revolution Padel Store\",\"description\":\"\",\"publisher\":{\"@id\":\"https:\\\/\\\/revolutionpadelstore.com\\\/de\\\/#organization\"},\"potentialAction\":[{\"@type\":\"SearchAction\",\"target\":{\"@type\":\"EntryPoint\",\"urlTemplate\":\"https:\\\/\\\/revolutionpadelstore.com\\\/de\\\/?s={search_term_string}\"},\"query-input\":{\"@type\":\"PropertyValueSpecification\",\"valueRequired\":true,\"valueName\":\"search_term_string\"}}],\"inLanguage\":\"de\"},{\"@type\":\"Organization\",\"@id\":\"https:\\\/\\\/revolutionpadelstore.com\\\/de\\\/#organization\",\"name\":\"Revolution Padel Store\",\"url\":\"https:\\\/\\\/revolutionpadelstore.com\\\/de\\\/\",\"logo\":{\"@type\":\"ImageObject\",\"inLanguage\":\"de\",\"@id\":\"https:\\\/\\\/revolutionpadelstore.com\\\/de\\\/#\\\/schema\\\/logo\\\/image\\\/\",\"url\":\"https:\\\/\\\/revolutionpadelstore.com\\\/wp-content\\\/uploads\\\/2026\\\/02\\\/revolution-padel-store.jpg\",\"contentUrl\":\"https:\\\/\\\/revolutionpadelstore.com\\\/wp-content\\\/uploads\\\/2026\\\/02\\\/revolution-padel-store.jpg\",\"width\":2000,\"height\":2000,\"caption\":\"Revolution Padel Store\"},\"image\":{\"@id\":\"https:\\\/\\\/revolutionpadelstore.com\\\/de\\\/#\\\/schema\\\/logo\\\/image\\\/\"},\"sameAs\":[\"https:\\\/\\\/www.instagram.com\\\/revolutionpadelstore\\\/\"]}]}<\/script>\n<!-- \/ Yoast SEO plugin. -->","yoast_head_json":{"title":"ZAPATILLAS HEAD MOTION PRO BOA PADEL WHBK - Revolution Padel Store","description":"Las zapatillas Head Motion Pro Boa Padel Blanco est\u00e1n dise\u00f1adas espec\u00edficamente para jugadores de p\u00e1del que buscan un ajuste perfecto y un rendimiento superior en la pista. Desarrolladas en colaboraci\u00f3n con jugadores profesionales de HEAD, estas zapatillas son las primeras en incorporar el sistema de ajuste dual BOA\u00ae, que permite un ajuste micro-ajustable preciso y f\u00e1cil de manejar. Este sistema innovador asegura que el calzado se adapte perfectamente al pie, brindando comodidad y seguridad en cada movimiento.","robots":{"index":"index","follow":"follow","max-snippet":"max-snippet:-1","max-image-preview":"max-image-preview:large","max-video-preview":"max-video-preview:-1"},"canonical":"https:\/\/revolutionpadelstore.com\/de\/produkt\/zapatillas-head-motion-pro-boa-padel-whbk-1\/","og_locale":"de_DE","og_type":"article","og_title":"COMPRAR ZAPATILLAS HEAD MOTION PRO BOA PADEL WHBK","og_description":"Las zapatillas Head Motion Pro Boa Padel Blanco est\u00e1n dise\u00f1adas espec\u00edficamente para jugadores de p\u00e1del que buscan un ajuste perfecto y un rendimiento superior en la pista. Desarrolladas en colaboraci\u00f3n con jugadores profesionales de HEAD, estas zapatillas son las primeras en incorporar el sistema de ajuste dual BOA\u00ae, que permite un ajuste micro-ajustable preciso y f\u00e1cil de manejar. Este sistema innovador asegura que el calzado se adapte perfectamente al pie, brindando comodidad y seguridad en cada movimiento.","og_url":"https:\/\/revolutionpadelstore.com\/de\/produkt\/zapatillas-head-motion-pro-boa-padel-whbk-1\/","og_site_name":"Revolution Padel Store","article_modified_time":"2026-04-08T08:56:21+00:00","og_image":[{"width":1200,"height":1200,"url":"https:\/\/revolutionpadelstore.com\/wp-content\/uploads\/2024\/08\/BOA-BLANCA.webp","type":"image\/webp"}],"twitter_card":"summary_large_image","twitter_misc":{"Gesch\u00e4tzte Lesezeit":"2\u00a0Minuten"},"schema":{"@context":"https:\/\/schema.org","@graph":[{"@type":"WebPage","@id":"https:\/\/revolutionpadelstore.com\/de\/produkt\/zapatillas-head-motion-pro-boa-padel-whbk-1\/","url":"https:\/\/revolutionpadelstore.com\/de\/produkt\/zapatillas-head-motion-pro-boa-padel-whbk-1\/","name":"ZAPATILLAS HEAD MOTION PRO BOA PADEL WHBK - Revolution Padel Store","isPartOf":{"@id":"https:\/\/revolutionpadelstore.com\/de\/#website"},"primaryImageOfPage":{"@id":"https:\/\/revolutionpadelstore.com\/de\/produkt\/zapatillas-head-motion-pro-boa-padel-whbk-1\/#primaryimage"},"image":{"@id":"https:\/\/revolutionpadelstore.com\/de\/produkt\/zapatillas-head-motion-pro-boa-padel-whbk-1\/#primaryimage"},"thumbnailUrl":"https:\/\/revolutionpadelstore.com\/wp-content\/uploads\/2024\/08\/BOA-BLANCA.webp","datePublished":"2024-08-24T16:29:28+00:00","dateModified":"2026-04-08T08:56:21+00:00","description":"Las zapatillas Head Motion Pro Boa Padel Blanco est\u00e1n dise\u00f1adas espec\u00edficamente para jugadores de p\u00e1del que buscan un ajuste perfecto y un rendimiento superior en la pista. Desarrolladas en colaboraci\u00f3n con jugadores profesionales de HEAD, estas zapatillas son las primeras en incorporar el sistema de ajuste dual BOA\u00ae, que permite un ajuste micro-ajustable preciso y f\u00e1cil de manejar. Este sistema innovador asegura que el calzado se adapte perfectamente al pie, brindando comodidad y seguridad en cada movimiento.","breadcrumb":{"@id":"https:\/\/revolutionpadelstore.com\/de\/produkt\/zapatillas-head-motion-pro-boa-padel-whbk-1\/#breadcrumb"},"inLanguage":"de","potentialAction":[{"@type":"ReadAction","target":["https:\/\/revolutionpadelstore.com\/de\/produkt\/zapatillas-head-motion-pro-boa-padel-whbk-1\/"]}]},{"@type":"ImageObject","inLanguage":"de","@id":"https:\/\/revolutionpadelstore.com\/de\/produkt\/zapatillas-head-motion-pro-boa-padel-whbk-1\/#primaryimage","url":"https:\/\/revolutionpadelstore.com\/wp-content\/uploads\/2024\/08\/BOA-BLANCA.webp","contentUrl":"https:\/\/revolutionpadelstore.com\/wp-content\/uploads\/2024\/08\/BOA-BLANCA.webp","width":1200,"height":1200},{"@type":"BreadcrumbList","@id":"https:\/\/revolutionpadelstore.com\/de\/produkt\/zapatillas-head-motion-pro-boa-padel-whbk-1\/#breadcrumb","itemListElement":[{"@type":"ListItem","position":1,"name":"Portada","item":"https:\/\/revolutionpadelstore.com\/de\/"},{"@type":"ListItem","position":2,"name":"Shop","item":"https:\/\/revolutionpadelstore.com\/de\/tienda\/"},{"@type":"ListItem","position":3,"name":"ZAPATILLAS HEAD MOTION PRO BOA PADEL WHBK"}]},{"@type":"WebSite","@id":"https:\/\/revolutionpadelstore.com\/de\/#website","url":"https:\/\/revolutionpadelstore.com\/de\/","name":"Revolution Padel Store","description":"","publisher":{"@id":"https:\/\/revolutionpadelstore.com\/de\/#organization"},"potentialAction":[{"@type":"SearchAction","target":{"@type":"EntryPoint","urlTemplate":"https:\/\/revolutionpadelstore.com\/de\/?s={search_term_string}"},"query-input":{"@type":"PropertyValueSpecification","valueRequired":true,"valueName":"search_term_string"}}],"inLanguage":"de"},{"@type":"Organization","@id":"https:\/\/revolutionpadelstore.com\/de\/#organization","name":"Revolution Padel Store","url":"https:\/\/revolutionpadelstore.com\/de\/","logo":{"@type":"ImageObject","inLanguage":"de","@id":"https:\/\/revolutionpadelstore.com\/de\/#\/schema\/logo\/image\/","url":"https:\/\/revolutionpadelstore.com\/wp-content\/uploads\/2026\/02\/revolution-padel-store.jpg","contentUrl":"https:\/\/revolutionpadelstore.com\/wp-content\/uploads\/2026\/02\/revolution-padel-store.jpg","width":2000,"height":2000,"caption":"Revolution Padel Store"},"image":{"@id":"https:\/\/revolutionpadelstore.com\/de\/#\/schema\/logo\/image\/"},"sameAs":["https:\/\/www.instagram.com\/revolutionpadelstore\/"]}]}},"_links":{"self":[{"href":"https:\/\/revolutionpadelstore.com\/de\/wp-json\/wp\/v2\/product\/72898","targetHints":{"allow":["GET"]}}],"collection":[{"href":"https:\/\/revolutionpadelstore.com\/de\/wp-json\/wp\/v2\/product"}],"about":[{"href":"https:\/\/revolutionpadelstore.com\/de\/wp-json\/wp\/v2\/types\/product"}],"replies":[{"embeddable":true,"href":"https:\/\/revolutionpadelstore.com\/de\/wp-json\/wp\/v2\/comments?post=72898"}],"wp:featuredmedia":[{"embeddable":true,"href":"https:\/\/revolutionpadelstore.com\/de\/wp-json\/wp\/v2\/media\/68060"}],"wp:attachment":[{"href":"https:\/\/revolutionpadelstore.com\/de\/wp-json\/wp\/v2\/media?parent=72898"}],"wp:term":[{"taxonomy":"acabado","embeddable":true,"href":"https:\/\/revolutionpadelstore.com\/de\/wp-json\/wp\/v2\/acabado?post=72898"},{"taxonomy":"balance","embeddable":true,"href":"https:\/\/revolutionpadelstore.com\/de\/wp-json\/wp\/v2\/balance?post=72898"},{"taxonomy":"dureza","embeddable":true,"href":"https:\/\/revolutionpadelstore.com\/de\/wp-json\/wp\/v2\/dureza?post=72898"},{"taxonomy":"forma","embeddable":true,"href":"https:\/\/revolutionpadelstore.com\/de\/wp-json\/wp\/v2\/forma?post=72898"},{"taxonomy":"jugador","embeddable":true,"href":"https:\/\/revolutionpadelstore.com\/de\/wp-json\/wp\/v2\/jugador?post=72898"},{"taxonomy":"marca","embeddable":true,"href":"https:\/\/revolutionpadelstore.com\/de\/wp-json\/wp\/v2\/marca?post=72898"},{"taxonomy":"nivel-de-juego","embeddable":true,"href":"https:\/\/revolutionpadelstore.com\/de\/wp-json\/wp\/v2\/nivel-de-juego?post=72898"},{"taxonomy":"superficie","embeddable":true,"href":"https:\/\/revolutionpadelstore.com\/de\/wp-json\/wp\/v2\/superficie?post=72898"},{"taxonomy":"tipo-de-juego","embeddable":true,"href":"https:\/\/revolutionpadelstore.com\/de\/wp-json\/wp\/v2\/tipo-de-juego?post=72898"},{"taxonomy":"product_brand","embeddable":true,"href":"https:\/\/revolutionpadelstore.com\/de\/wp-json\/wp\/v2\/product_brand?post=72898"},{"taxonomy":"product_cat","embeddable":true,"href":"https:\/\/revolutionpadelstore.com\/de\/wp-json\/wp\/v2\/product_cat?post=72898"},{"taxonomy":"product_tag","embeddable":true,"href":"https:\/\/revolutionpadelstore.com\/de\/wp-json\/wp\/v2\/product_tag?post=72898"}],"curies":[{"name":"wp","href":"https:\/\/api.w.org\/{rel}","templated":true}]}}