{"id":72883,"date":"2024-08-24T23:44:33","date_gmt":"2024-08-24T21:44:33","guid":{"rendered":"https:\/\/revolutionpadelstore.com\/zapatilla-mizuno-wave-enforce-court-cc-blanco\/"},"modified":"2026-04-08T10:50:29","modified_gmt":"2026-04-08T08:50:29","slug":"zapatilla-mizuno-wave-enforce-court-cc-blanco-1","status":"publish","type":"product","link":"https:\/\/revolutionpadelstore.com\/de\/produkt\/zapatilla-mizuno-wave-enforce-court-cc-blanco-1\/","title":{"rendered":"ZAPATILLA MIZUNO WAVE ENFORCE COURT CC BLANCO"},"content":{"rendered":"<h2>Mizuno Wave Enforce Court CC Wei\u00df<\/h2>\n<p>Die <strong>Mizuno Wave Enforce Court CC White<\/strong> sind Padel-Schuhe f\u00fcr anspruchsvolle Spieler. In der Farbkombination Wei\u00df und Blau bieten diese Schuhe nicht nur ein attraktives Design, sondern auch gro\u00dfe Funktionalit\u00e4t auf dem Platz.<\/p>\n<p>Diese Schuhe richten sich an fortgeschrittene Spieler, die ein Spiel im hinteren Teil des Spielfelds bevorzugen. Der Mizuno Wave Enforce ist ideal f\u00fcr diejenigen, die festen Kontakt zum Boden haben und ein aggressives Spiel mit kraftvollen Schl\u00e4gen entwickeln. Er bietet wesentliche Unterst\u00fctzung f\u00fcr intensive Schlagbewegungen.<\/p>\n<p>Wenn Sie auf der Suche nach einem Schuh sind, der Sie bis zum Ende des Spiels kraftvoll und stabil h\u00e4lt, ist der Mizuno Wave Enforce Court CC die perfekte Wahl. Das fortschrittliche Design und die fortschrittlichen Technologien erm\u00f6glichen es Ihnen, Ihr Spiel auf h\u00f6chstem Niveau zu entwickeln.<\/p>\n<h2>Mizuno Wave Enforce Court CC Blanco<\/h2>\n","protected":false},"excerpt":{"rendered":"<p>Entdecken Sie die wei\u00dfen Mizuno Wave Enforce Court Cc Damen-Tennisschuhe von Mizuno, die Ihr Spiel verbessern sollen. Mit der MIZUNO ENERZY CORE-Technologie f\u00fcr eine hohe Energier\u00fcckgewinnung d\u00e4mpfen Sie den Aufprall des Bodens und \u00fcbertragen das Gewicht sanft. Mit flacher Sohle und seitlicher Verst\u00e4rkung zur Unterst\u00fctzung von Rotationsbewegungen, die f\u00fcr Stabilit\u00e4t und Halt sorgen.<\/p>\n","protected":false},"featured_media":68123,"comment_status":"open","ping_status":"closed","template":"","meta":{"_acf_changed":false,"_joinchat":[]},"acabado":[],"balance":[],"dureza":[],"forma":[],"jugador":[1194],"marca":[1329],"nivel-de-juego":[],"superficie":[],"tipo-de-juego":[],"product_brand":[],"product_cat":[453],"product_tag":[],"class_list":{"0":"post-72883","1":"product","2":"type-product","3":"status-publish","4":"has-post-thumbnail","6":"jugador-frau","7":"marca-mizuno-de","8":"product_cat-sneakers-fur-damen","10":"first","11":"outofstock","12":"sale","13":"taxable","14":"shipping-taxable","15":"purchasable","16":"product-type-variable"},"acf":[],"yoast_head":"<!-- This site is optimized with the Yoast SEO plugin v27.4 - https:\/\/yoast.com\/product\/yoast-seo-wordpress\/ -->\n<title>ZAPATILLA MIZUNO WAVE ENFORCE COURT CC BLANCO - Revolution Padel Store<\/title>\n<meta name=\"description\" content=\"Estas zapatillas est\u00e1n\u00a0dirigidas a jugadores avanzados\u00a0que prefieren un juego desde el fondo de la pista. Ideales para quienes mantienen un firme contacto con el suelo y desarrollan un juego agresivo con golpes potentes, las Mizuno Wave Enforce proporcionan un apoyo esencial para movimientos de golpeo intensos.\" \/>\n<meta name=\"robots\" content=\"index, follow, max-snippet:-1, max-image-preview:large, max-video-preview:-1\" \/>\n<link rel=\"canonical\" href=\"https:\/\/revolutionpadelstore.com\/de\/produkt\/zapatilla-mizuno-wave-enforce-court-cc-blanco-1\/\" \/>\n<meta property=\"og:locale\" content=\"de_DE\" \/>\n<meta property=\"og:type\" content=\"article\" \/>\n<meta property=\"og:title\" content=\"ZAPATILLA MIZUNO WAVE ENFORCE COURT CC BLANCO - Revolution Padel Store\" \/>\n<meta property=\"og:description\" content=\"Estas zapatillas est\u00e1n\u00a0dirigidas a jugadores avanzados\u00a0que prefieren un juego desde el fondo de la pista. Ideales para quienes mantienen un firme contacto con el suelo y desarrollan un juego agresivo con golpes potentes, las Mizuno Wave Enforce proporcionan un apoyo esencial para movimientos de golpeo intensos.\" \/>\n<meta property=\"og:url\" content=\"https:\/\/revolutionpadelstore.com\/de\/produkt\/zapatilla-mizuno-wave-enforce-court-cc-blanco-1\/\" \/>\n<meta property=\"og:site_name\" content=\"Revolution Padel Store\" \/>\n<meta property=\"article:modified_time\" content=\"2026-04-08T08:50:29+00:00\" \/>\n<meta property=\"og:image\" content=\"https:\/\/revolutionpadelstore.com\/wp-content\/uploads\/2024\/08\/ASSASAS.webp\" \/>\n\t<meta property=\"og:image:width\" content=\"661\" \/>\n\t<meta property=\"og:image:height\" content=\"783\" \/>\n\t<meta property=\"og:image:type\" content=\"image\/webp\" \/>\n<meta name=\"twitter:card\" content=\"summary_large_image\" \/>\n<meta name=\"twitter:label1\" content=\"Gesch\u00e4tzte Lesezeit\" \/>\n\t<meta name=\"twitter:data1\" content=\"1\u00a0Minute\" \/>\n<script type=\"application\/ld+json\" class=\"yoast-schema-graph\">{\"@context\":\"https:\\\/\\\/schema.org\",\"@graph\":[{\"@type\":\"WebPage\",\"@id\":\"https:\\\/\\\/revolutionpadelstore.com\\\/de\\\/produkt\\\/zapatilla-mizuno-wave-enforce-court-cc-blanco-1\\\/\",\"url\":\"https:\\\/\\\/revolutionpadelstore.com\\\/de\\\/produkt\\\/zapatilla-mizuno-wave-enforce-court-cc-blanco-1\\\/\",\"name\":\"ZAPATILLA MIZUNO WAVE ENFORCE COURT CC BLANCO - Revolution Padel Store\",\"isPartOf\":{\"@id\":\"https:\\\/\\\/revolutionpadelstore.com\\\/de\\\/#website\"},\"primaryImageOfPage\":{\"@id\":\"https:\\\/\\\/revolutionpadelstore.com\\\/de\\\/produkt\\\/zapatilla-mizuno-wave-enforce-court-cc-blanco-1\\\/#primaryimage\"},\"image\":{\"@id\":\"https:\\\/\\\/revolutionpadelstore.com\\\/de\\\/produkt\\\/zapatilla-mizuno-wave-enforce-court-cc-blanco-1\\\/#primaryimage\"},\"thumbnailUrl\":\"https:\\\/\\\/revolutionpadelstore.com\\\/wp-content\\\/uploads\\\/2024\\\/08\\\/ASSASAS.webp\",\"datePublished\":\"2024-08-24T21:44:33+00:00\",\"dateModified\":\"2026-04-08T08:50:29+00:00\",\"description\":\"Estas zapatillas est\u00e1n\u00a0dirigidas a jugadores avanzados\u00a0que prefieren un juego desde el fondo de la pista. Ideales para quienes mantienen un firme contacto con el suelo y desarrollan un juego agresivo con golpes potentes, las Mizuno Wave Enforce proporcionan un apoyo esencial para movimientos de golpeo intensos.\",\"breadcrumb\":{\"@id\":\"https:\\\/\\\/revolutionpadelstore.com\\\/de\\\/produkt\\\/zapatilla-mizuno-wave-enforce-court-cc-blanco-1\\\/#breadcrumb\"},\"inLanguage\":\"de\",\"potentialAction\":[{\"@type\":\"ReadAction\",\"target\":[\"https:\\\/\\\/revolutionpadelstore.com\\\/de\\\/produkt\\\/zapatilla-mizuno-wave-enforce-court-cc-blanco-1\\\/\"]}]},{\"@type\":\"ImageObject\",\"inLanguage\":\"de\",\"@id\":\"https:\\\/\\\/revolutionpadelstore.com\\\/de\\\/produkt\\\/zapatilla-mizuno-wave-enforce-court-cc-blanco-1\\\/#primaryimage\",\"url\":\"https:\\\/\\\/revolutionpadelstore.com\\\/wp-content\\\/uploads\\\/2024\\\/08\\\/ASSASAS.webp\",\"contentUrl\":\"https:\\\/\\\/revolutionpadelstore.com\\\/wp-content\\\/uploads\\\/2024\\\/08\\\/ASSASAS.webp\",\"width\":661,\"height\":783},{\"@type\":\"BreadcrumbList\",\"@id\":\"https:\\\/\\\/revolutionpadelstore.com\\\/de\\\/produkt\\\/zapatilla-mizuno-wave-enforce-court-cc-blanco-1\\\/#breadcrumb\",\"itemListElement\":[{\"@type\":\"ListItem\",\"position\":1,\"name\":\"Portada\",\"item\":\"https:\\\/\\\/revolutionpadelstore.com\\\/de\\\/\"},{\"@type\":\"ListItem\",\"position\":2,\"name\":\"Shop\",\"item\":\"https:\\\/\\\/revolutionpadelstore.com\\\/de\\\/tienda\\\/\"},{\"@type\":\"ListItem\",\"position\":3,\"name\":\"ZAPATILLA MIZUNO WAVE ENFORCE COURT CC BLANCO\"}]},{\"@type\":\"WebSite\",\"@id\":\"https:\\\/\\\/revolutionpadelstore.com\\\/de\\\/#website\",\"url\":\"https:\\\/\\\/revolutionpadelstore.com\\\/de\\\/\",\"name\":\"Revolution Padel Store\",\"description\":\"\",\"publisher\":{\"@id\":\"https:\\\/\\\/revolutionpadelstore.com\\\/de\\\/#organization\"},\"potentialAction\":[{\"@type\":\"SearchAction\",\"target\":{\"@type\":\"EntryPoint\",\"urlTemplate\":\"https:\\\/\\\/revolutionpadelstore.com\\\/de\\\/?s={search_term_string}\"},\"query-input\":{\"@type\":\"PropertyValueSpecification\",\"valueRequired\":true,\"valueName\":\"search_term_string\"}}],\"inLanguage\":\"de\"},{\"@type\":\"Organization\",\"@id\":\"https:\\\/\\\/revolutionpadelstore.com\\\/de\\\/#organization\",\"name\":\"Revolution Padel Store\",\"url\":\"https:\\\/\\\/revolutionpadelstore.com\\\/de\\\/\",\"logo\":{\"@type\":\"ImageObject\",\"inLanguage\":\"de\",\"@id\":\"https:\\\/\\\/revolutionpadelstore.com\\\/de\\\/#\\\/schema\\\/logo\\\/image\\\/\",\"url\":\"https:\\\/\\\/revolutionpadelstore.com\\\/wp-content\\\/uploads\\\/2026\\\/02\\\/revolution-padel-store.jpg\",\"contentUrl\":\"https:\\\/\\\/revolutionpadelstore.com\\\/wp-content\\\/uploads\\\/2026\\\/02\\\/revolution-padel-store.jpg\",\"width\":2000,\"height\":2000,\"caption\":\"Revolution Padel Store\"},\"image\":{\"@id\":\"https:\\\/\\\/revolutionpadelstore.com\\\/de\\\/#\\\/schema\\\/logo\\\/image\\\/\"},\"sameAs\":[\"https:\\\/\\\/www.instagram.com\\\/revolutionpadelstore\\\/\"]}]}<\/script>\n<!-- \/ Yoast SEO plugin. -->","yoast_head_json":{"title":"ZAPATILLA MIZUNO WAVE ENFORCE COURT CC BLANCO - Revolution Padel Store","description":"Estas zapatillas est\u00e1n\u00a0dirigidas a jugadores avanzados\u00a0que prefieren un juego desde el fondo de la pista. Ideales para quienes mantienen un firme contacto con el suelo y desarrollan un juego agresivo con golpes potentes, las Mizuno Wave Enforce proporcionan un apoyo esencial para movimientos de golpeo intensos.","robots":{"index":"index","follow":"follow","max-snippet":"max-snippet:-1","max-image-preview":"max-image-preview:large","max-video-preview":"max-video-preview:-1"},"canonical":"https:\/\/revolutionpadelstore.com\/de\/produkt\/zapatilla-mizuno-wave-enforce-court-cc-blanco-1\/","og_locale":"de_DE","og_type":"article","og_title":"ZAPATILLA MIZUNO WAVE ENFORCE COURT CC BLANCO - Revolution Padel Store","og_description":"Estas zapatillas est\u00e1n\u00a0dirigidas a jugadores avanzados\u00a0que prefieren un juego desde el fondo de la pista. Ideales para quienes mantienen un firme contacto con el suelo y desarrollan un juego agresivo con golpes potentes, las Mizuno Wave Enforce proporcionan un apoyo esencial para movimientos de golpeo intensos.","og_url":"https:\/\/revolutionpadelstore.com\/de\/produkt\/zapatilla-mizuno-wave-enforce-court-cc-blanco-1\/","og_site_name":"Revolution Padel Store","article_modified_time":"2026-04-08T08:50:29+00:00","og_image":[{"width":661,"height":783,"url":"https:\/\/revolutionpadelstore.com\/wp-content\/uploads\/2024\/08\/ASSASAS.webp","type":"image\/webp"}],"twitter_card":"summary_large_image","twitter_misc":{"Gesch\u00e4tzte Lesezeit":"1\u00a0Minute"},"schema":{"@context":"https:\/\/schema.org","@graph":[{"@type":"WebPage","@id":"https:\/\/revolutionpadelstore.com\/de\/produkt\/zapatilla-mizuno-wave-enforce-court-cc-blanco-1\/","url":"https:\/\/revolutionpadelstore.com\/de\/produkt\/zapatilla-mizuno-wave-enforce-court-cc-blanco-1\/","name":"ZAPATILLA MIZUNO WAVE ENFORCE COURT CC BLANCO - Revolution Padel Store","isPartOf":{"@id":"https:\/\/revolutionpadelstore.com\/de\/#website"},"primaryImageOfPage":{"@id":"https:\/\/revolutionpadelstore.com\/de\/produkt\/zapatilla-mizuno-wave-enforce-court-cc-blanco-1\/#primaryimage"},"image":{"@id":"https:\/\/revolutionpadelstore.com\/de\/produkt\/zapatilla-mizuno-wave-enforce-court-cc-blanco-1\/#primaryimage"},"thumbnailUrl":"https:\/\/revolutionpadelstore.com\/wp-content\/uploads\/2024\/08\/ASSASAS.webp","datePublished":"2024-08-24T21:44:33+00:00","dateModified":"2026-04-08T08:50:29+00:00","description":"Estas zapatillas est\u00e1n\u00a0dirigidas a jugadores avanzados\u00a0que prefieren un juego desde el fondo de la pista. Ideales para quienes mantienen un firme contacto con el suelo y desarrollan un juego agresivo con golpes potentes, las Mizuno Wave Enforce proporcionan un apoyo esencial para movimientos de golpeo intensos.","breadcrumb":{"@id":"https:\/\/revolutionpadelstore.com\/de\/produkt\/zapatilla-mizuno-wave-enforce-court-cc-blanco-1\/#breadcrumb"},"inLanguage":"de","potentialAction":[{"@type":"ReadAction","target":["https:\/\/revolutionpadelstore.com\/de\/produkt\/zapatilla-mizuno-wave-enforce-court-cc-blanco-1\/"]}]},{"@type":"ImageObject","inLanguage":"de","@id":"https:\/\/revolutionpadelstore.com\/de\/produkt\/zapatilla-mizuno-wave-enforce-court-cc-blanco-1\/#primaryimage","url":"https:\/\/revolutionpadelstore.com\/wp-content\/uploads\/2024\/08\/ASSASAS.webp","contentUrl":"https:\/\/revolutionpadelstore.com\/wp-content\/uploads\/2024\/08\/ASSASAS.webp","width":661,"height":783},{"@type":"BreadcrumbList","@id":"https:\/\/revolutionpadelstore.com\/de\/produkt\/zapatilla-mizuno-wave-enforce-court-cc-blanco-1\/#breadcrumb","itemListElement":[{"@type":"ListItem","position":1,"name":"Portada","item":"https:\/\/revolutionpadelstore.com\/de\/"},{"@type":"ListItem","position":2,"name":"Shop","item":"https:\/\/revolutionpadelstore.com\/de\/tienda\/"},{"@type":"ListItem","position":3,"name":"ZAPATILLA MIZUNO WAVE ENFORCE COURT CC BLANCO"}]},{"@type":"WebSite","@id":"https:\/\/revolutionpadelstore.com\/de\/#website","url":"https:\/\/revolutionpadelstore.com\/de\/","name":"Revolution Padel Store","description":"","publisher":{"@id":"https:\/\/revolutionpadelstore.com\/de\/#organization"},"potentialAction":[{"@type":"SearchAction","target":{"@type":"EntryPoint","urlTemplate":"https:\/\/revolutionpadelstore.com\/de\/?s={search_term_string}"},"query-input":{"@type":"PropertyValueSpecification","valueRequired":true,"valueName":"search_term_string"}}],"inLanguage":"de"},{"@type":"Organization","@id":"https:\/\/revolutionpadelstore.com\/de\/#organization","name":"Revolution Padel Store","url":"https:\/\/revolutionpadelstore.com\/de\/","logo":{"@type":"ImageObject","inLanguage":"de","@id":"https:\/\/revolutionpadelstore.com\/de\/#\/schema\/logo\/image\/","url":"https:\/\/revolutionpadelstore.com\/wp-content\/uploads\/2026\/02\/revolution-padel-store.jpg","contentUrl":"https:\/\/revolutionpadelstore.com\/wp-content\/uploads\/2026\/02\/revolution-padel-store.jpg","width":2000,"height":2000,"caption":"Revolution Padel Store"},"image":{"@id":"https:\/\/revolutionpadelstore.com\/de\/#\/schema\/logo\/image\/"},"sameAs":["https:\/\/www.instagram.com\/revolutionpadelstore\/"]}]}},"_links":{"self":[{"href":"https:\/\/revolutionpadelstore.com\/de\/wp-json\/wp\/v2\/product\/72883","targetHints":{"allow":["GET"]}}],"collection":[{"href":"https:\/\/revolutionpadelstore.com\/de\/wp-json\/wp\/v2\/product"}],"about":[{"href":"https:\/\/revolutionpadelstore.com\/de\/wp-json\/wp\/v2\/types\/product"}],"replies":[{"embeddable":true,"href":"https:\/\/revolutionpadelstore.com\/de\/wp-json\/wp\/v2\/comments?post=72883"}],"wp:featuredmedia":[{"embeddable":true,"href":"https:\/\/revolutionpadelstore.com\/de\/wp-json\/wp\/v2\/media\/68123"}],"wp:attachment":[{"href":"https:\/\/revolutionpadelstore.com\/de\/wp-json\/wp\/v2\/media?parent=72883"}],"wp:term":[{"taxonomy":"acabado","embeddable":true,"href":"https:\/\/revolutionpadelstore.com\/de\/wp-json\/wp\/v2\/acabado?post=72883"},{"taxonomy":"balance","embeddable":true,"href":"https:\/\/revolutionpadelstore.com\/de\/wp-json\/wp\/v2\/balance?post=72883"},{"taxonomy":"dureza","embeddable":true,"href":"https:\/\/revolutionpadelstore.com\/de\/wp-json\/wp\/v2\/dureza?post=72883"},{"taxonomy":"forma","embeddable":true,"href":"https:\/\/revolutionpadelstore.com\/de\/wp-json\/wp\/v2\/forma?post=72883"},{"taxonomy":"jugador","embeddable":true,"href":"https:\/\/revolutionpadelstore.com\/de\/wp-json\/wp\/v2\/jugador?post=72883"},{"taxonomy":"marca","embeddable":true,"href":"https:\/\/revolutionpadelstore.com\/de\/wp-json\/wp\/v2\/marca?post=72883"},{"taxonomy":"nivel-de-juego","embeddable":true,"href":"https:\/\/revolutionpadelstore.com\/de\/wp-json\/wp\/v2\/nivel-de-juego?post=72883"},{"taxonomy":"superficie","embeddable":true,"href":"https:\/\/revolutionpadelstore.com\/de\/wp-json\/wp\/v2\/superficie?post=72883"},{"taxonomy":"tipo-de-juego","embeddable":true,"href":"https:\/\/revolutionpadelstore.com\/de\/wp-json\/wp\/v2\/tipo-de-juego?post=72883"},{"taxonomy":"product_brand","embeddable":true,"href":"https:\/\/revolutionpadelstore.com\/de\/wp-json\/wp\/v2\/product_brand?post=72883"},{"taxonomy":"product_cat","embeddable":true,"href":"https:\/\/revolutionpadelstore.com\/de\/wp-json\/wp\/v2\/product_cat?post=72883"},{"taxonomy":"product_tag","embeddable":true,"href":"https:\/\/revolutionpadelstore.com\/de\/wp-json\/wp\/v2\/product_tag?post=72883"}],"curies":[{"name":"wp","href":"https:\/\/api.w.org\/{rel}","templated":true}]}}