{"id":72868,"date":"2024-09-04T12:07:41","date_gmt":"2024-09-04T10:07:41","guid":{"rendered":"https:\/\/revolutionpadelstore.com\/bullpadel-xplo-comfort-25\/"},"modified":"2026-04-20T14:02:10","modified_gmt":"2026-04-20T12:02:10","slug":"bullpadel-xplo-comfort-25-1","status":"publish","type":"product","link":"https:\/\/revolutionpadelstore.com\/de\/produkt\/bullpadel-xplo-comfort-25-1\/","title":{"rendered":"BULLPADEL XPLO COMFORT 25"},"content":{"rendered":"<h2>Bullpadel XPLO Comfort 25, Kraft und Komfort<\/h2>\n<p>Der Bullpadel XPLO Comfort 25 Padelschl\u00e4ger ist ein Modell, das sich durch Kraft und Vielseitigkeit auszeichnet, da seine Rautenform mit hoher Balance Ihnen explosive Schl\u00e4ge erm\u00f6glicht.<\/p>\n<p>Es hat ein Gewicht von <strong>365-375 Gramm<\/strong> und ein 38-mm-Profil, was die Handhabbarkeit f\u00fcr einen komfortableren, sichereren und effektiveren Schlag beg\u00fcnstigt.<\/p>\n<h2>Bullpadel XPLO Comfort 25 Schl\u00e4ger, f\u00fcr erfahrene Spieler<\/h2>\n<p>Dieser Bullpadel-Schl\u00e4ger f\u00fcr Herren wurde so konzipiert, dass er sich an die Bed\u00fcrfnisse fortgeschrittener oder erfahrener Offensivspieler anpasst, die den Platz jederzeit mit Leichtigkeit dominieren m\u00f6chten.<\/p>\n<p>Es ist der perfekte Padelschl\u00e4ger f\u00fcr alle, die ihr Spiel verbessern und ihr Potenzial mit einer Kombination aus hoher Leistung, Kraft und Komfort maximieren m\u00f6chten. Entwickelt f\u00fcr ein Angriffsspiel.<\/p>\n<h2>Funktionen und Technologien des XPLO Comfort 25<\/h2>\n<p>Multieva-Gummikern f\u00fcr bessere D\u00e4mpfung und schnelle Reaktion<\/p>\n<p>Kombination aus optimalem Komfort und explosiver Kraft mit Fibrix-Flats<\/p>\n<p><strong>3D-raues Finish<\/strong> der Schlagfl\u00e4chen f\u00fcr einen Schlag voller Spin<\/p>\n<p>Geometrische Form f\u00fcr Luftdominanz und maximale Kraft<\/p>\n<p><em>Geometrischer Kern<\/em> im Herzen f\u00fcr mehr Leistung<\/p>\n<p><strong>Sechseckige Struktur<\/strong> f\u00fcr gr\u00f6\u00dfere Verdrehfestigkeit und l\u00e4ngere Haltbarkeit<\/p>\n<p><em>Intelligente L\u00f6cher<\/em>, die die Steifigkeit der Hobel erh\u00f6hen und f\u00fcr ein h\u00e4rteres und trockeneres Gef\u00fchl sorgen<\/p>\n<p><strong>Optimale Vibrationsd\u00e4mpfung<\/strong> dank <em>Ease Vibe<\/em> f\u00fcr ein angenehmeres Erlebnis<\/p>\n<p><strong>Reduziertes Verletzungsrisiko<\/strong> durch ergonomisches Wabendesign <em>Hesacore<\/em><\/p>\n<h3>Holen Sie sich den Bullpadel XPLO Comfort 25 Padelschl\u00e4ger jetzt im REVOLUTION PADEL STORE<\/h3>\n<p>Nutzen Sie die Gelegenheit und verbessern Sie Ihr Spiel auf dem Platz dank der explosiven Kraft, die Ihnen der Bullpadel XPLO Comfort 25 Padelschl\u00e4ger verleiht, ein Diamantmodell mit hoher Balance f\u00fcr <strong>erfahrene Spieler<\/strong>, das Sie aus der Masse hervorstechen l\u00e4sst in jedem Schuss.<\/p>\n<h2>Bullpadel XPLO Comfort 25, potencia y comodidad<\/h2>\n","protected":false},"excerpt":{"rendered":"<p>Bullpadel XPLO Comfort 25 Schl\u00e4ger f\u00fcr fortgeschrittene Offensivspieler. Rautenform und hohe Balance f\u00fcr explosive Kraft bei Angriffsspielen.<\/p>\n","protected":false},"featured_media":99995,"comment_status":"open","ping_status":"closed","template":"","meta":{"_acf_changed":false,"_joinchat":[]},"acabado":[1089],"balance":[1134],"dureza":[1154],"forma":[1169],"jugador":[1189,1199],"marca":[1254],"nivel-de-juego":[1334],"superficie":[1359],"tipo-de-juego":[1374],"product_brand":[],"product_cat":[299],"product_tag":[],"class_list":{"0":"post-72868","1":"product","2":"type-product","3":"status-publish","4":"has-post-thumbnail","6":"acabado-3d-entlasten","7":"balance-hoch","8":"dureza-media-de","9":"forma-diamante-de","10":"jugador-mann","11":"jugador-mehrzweck","12":"marca-bullpadel-de","13":"superficie-rugosa-de","14":"tipo-de-juego-leistung","15":"product_cat-palas-de-padel-de","17":"first","18":"instock","19":"sale","20":"taxable","21":"shipping-taxable","22":"purchasable","23":"product-type-simple"},"acf":[],"yoast_head":"<!-- This site is optimized with the Yoast SEO plugin v27.4 - https:\/\/yoast.com\/product\/yoast-seo-wordpress\/ -->\n<title>BULLPADEL XPLO COMFORT 25 - Revolution Padel Store<\/title>\n<meta name=\"description\" content=\"Pala Bullpadel XPLO Comfort 25 para jugadores ofensivos de nivel avanzado. Forma de diamante y balance alto para una potencia explosiva en las jugadas de ataque.\" \/>\n<meta name=\"robots\" content=\"index, follow, max-snippet:-1, max-image-preview:large, max-video-preview:-1\" \/>\n<link rel=\"canonical\" href=\"https:\/\/revolutionpadelstore.com\/de\/produkt\/bullpadel-xplo-comfort-25-1\/\" \/>\n<meta property=\"og:locale\" content=\"de_DE\" \/>\n<meta property=\"og:type\" content=\"article\" \/>\n<meta property=\"og:title\" content=\"BULLPADEL XPLO COMFORT 25 - Revolution Padel Store\" \/>\n<meta property=\"og:description\" content=\"Pala Bullpadel XPLO Comfort 25 para jugadores ofensivos de nivel avanzado. Forma de diamante y balance alto para una potencia explosiva en las jugadas de ataque.\" \/>\n<meta property=\"og:url\" content=\"https:\/\/revolutionpadelstore.com\/de\/produkt\/bullpadel-xplo-comfort-25-1\/\" \/>\n<meta property=\"og:site_name\" content=\"Revolution Padel Store\" \/>\n<meta property=\"article:modified_time\" content=\"2026-04-20T12:02:10+00:00\" \/>\n<meta property=\"og:image\" content=\"https:\/\/revolutionpadelstore.com\/wp-content\/uploads\/2024\/09\/113778_pala_bullpadel_xplo_comfort_25_474992_1500x1500_1_c8d2.webp\" \/>\n\t<meta property=\"og:image:width\" content=\"1500\" \/>\n\t<meta property=\"og:image:height\" content=\"1500\" \/>\n\t<meta property=\"og:image:type\" content=\"image\/webp\" \/>\n<meta name=\"twitter:card\" content=\"summary_large_image\" \/>\n<meta name=\"twitter:label1\" content=\"Gesch\u00e4tzte Lesezeit\" \/>\n\t<meta name=\"twitter:data1\" content=\"2\u00a0Minuten\" \/>\n<script type=\"application\/ld+json\" class=\"yoast-schema-graph\">{\"@context\":\"https:\\\/\\\/schema.org\",\"@graph\":[{\"@type\":\"WebPage\",\"@id\":\"https:\\\/\\\/revolutionpadelstore.com\\\/de\\\/produkt\\\/bullpadel-xplo-comfort-25-1\\\/\",\"url\":\"https:\\\/\\\/revolutionpadelstore.com\\\/de\\\/produkt\\\/bullpadel-xplo-comfort-25-1\\\/\",\"name\":\"BULLPADEL XPLO COMFORT 25 - Revolution Padel Store\",\"isPartOf\":{\"@id\":\"https:\\\/\\\/revolutionpadelstore.com\\\/de\\\/#website\"},\"primaryImageOfPage\":{\"@id\":\"https:\\\/\\\/revolutionpadelstore.com\\\/de\\\/produkt\\\/bullpadel-xplo-comfort-25-1\\\/#primaryimage\"},\"image\":{\"@id\":\"https:\\\/\\\/revolutionpadelstore.com\\\/de\\\/produkt\\\/bullpadel-xplo-comfort-25-1\\\/#primaryimage\"},\"thumbnailUrl\":\"https:\\\/\\\/revolutionpadelstore.com\\\/wp-content\\\/uploads\\\/2024\\\/09\\\/113778_pala_bullpadel_xplo_comfort_25_474992_1500x1500_1_c8d2.webp\",\"datePublished\":\"2024-09-04T10:07:41+00:00\",\"dateModified\":\"2026-04-20T12:02:10+00:00\",\"description\":\"Pala Bullpadel XPLO Comfort 25 para jugadores ofensivos de nivel avanzado. Forma de diamante y balance alto para una potencia explosiva en las jugadas de ataque.\",\"breadcrumb\":{\"@id\":\"https:\\\/\\\/revolutionpadelstore.com\\\/de\\\/produkt\\\/bullpadel-xplo-comfort-25-1\\\/#breadcrumb\"},\"inLanguage\":\"de\",\"potentialAction\":[{\"@type\":\"ReadAction\",\"target\":[\"https:\\\/\\\/revolutionpadelstore.com\\\/de\\\/produkt\\\/bullpadel-xplo-comfort-25-1\\\/\"]}]},{\"@type\":\"ImageObject\",\"inLanguage\":\"de\",\"@id\":\"https:\\\/\\\/revolutionpadelstore.com\\\/de\\\/produkt\\\/bullpadel-xplo-comfort-25-1\\\/#primaryimage\",\"url\":\"https:\\\/\\\/revolutionpadelstore.com\\\/wp-content\\\/uploads\\\/2024\\\/09\\\/113778_pala_bullpadel_xplo_comfort_25_474992_1500x1500_1_c8d2.webp\",\"contentUrl\":\"https:\\\/\\\/revolutionpadelstore.com\\\/wp-content\\\/uploads\\\/2024\\\/09\\\/113778_pala_bullpadel_xplo_comfort_25_474992_1500x1500_1_c8d2.webp\",\"width\":1500,\"height\":1500},{\"@type\":\"BreadcrumbList\",\"@id\":\"https:\\\/\\\/revolutionpadelstore.com\\\/de\\\/produkt\\\/bullpadel-xplo-comfort-25-1\\\/#breadcrumb\",\"itemListElement\":[{\"@type\":\"ListItem\",\"position\":1,\"name\":\"Portada\",\"item\":\"https:\\\/\\\/revolutionpadelstore.com\\\/de\\\/\"},{\"@type\":\"ListItem\",\"position\":2,\"name\":\"Shop\",\"item\":\"https:\\\/\\\/revolutionpadelstore.com\\\/de\\\/tienda\\\/\"},{\"@type\":\"ListItem\",\"position\":3,\"name\":\"BULLPADEL XPLO COMFORT 25\"}]},{\"@type\":\"WebSite\",\"@id\":\"https:\\\/\\\/revolutionpadelstore.com\\\/de\\\/#website\",\"url\":\"https:\\\/\\\/revolutionpadelstore.com\\\/de\\\/\",\"name\":\"Revolution Padel Store\",\"description\":\"\",\"publisher\":{\"@id\":\"https:\\\/\\\/revolutionpadelstore.com\\\/de\\\/#organization\"},\"potentialAction\":[{\"@type\":\"SearchAction\",\"target\":{\"@type\":\"EntryPoint\",\"urlTemplate\":\"https:\\\/\\\/revolutionpadelstore.com\\\/de\\\/?s={search_term_string}\"},\"query-input\":{\"@type\":\"PropertyValueSpecification\",\"valueRequired\":true,\"valueName\":\"search_term_string\"}}],\"inLanguage\":\"de\"},{\"@type\":\"Organization\",\"@id\":\"https:\\\/\\\/revolutionpadelstore.com\\\/de\\\/#organization\",\"name\":\"Revolution Padel Store\",\"url\":\"https:\\\/\\\/revolutionpadelstore.com\\\/de\\\/\",\"logo\":{\"@type\":\"ImageObject\",\"inLanguage\":\"de\",\"@id\":\"https:\\\/\\\/revolutionpadelstore.com\\\/de\\\/#\\\/schema\\\/logo\\\/image\\\/\",\"url\":\"https:\\\/\\\/revolutionpadelstore.com\\\/wp-content\\\/uploads\\\/2026\\\/02\\\/revolution-padel-store.jpg\",\"contentUrl\":\"https:\\\/\\\/revolutionpadelstore.com\\\/wp-content\\\/uploads\\\/2026\\\/02\\\/revolution-padel-store.jpg\",\"width\":2000,\"height\":2000,\"caption\":\"Revolution Padel Store\"},\"image\":{\"@id\":\"https:\\\/\\\/revolutionpadelstore.com\\\/de\\\/#\\\/schema\\\/logo\\\/image\\\/\"},\"sameAs\":[\"https:\\\/\\\/www.instagram.com\\\/revolutionpadelstore\\\/\"]}]}<\/script>\n<!-- \/ Yoast SEO plugin. -->","yoast_head_json":{"title":"BULLPADEL XPLO COMFORT 25 - Revolution Padel Store","description":"Pala Bullpadel XPLO Comfort 25 para jugadores ofensivos de nivel avanzado. Forma de diamante y balance alto para una potencia explosiva en las jugadas de ataque.","robots":{"index":"index","follow":"follow","max-snippet":"max-snippet:-1","max-image-preview":"max-image-preview:large","max-video-preview":"max-video-preview:-1"},"canonical":"https:\/\/revolutionpadelstore.com\/de\/produkt\/bullpadel-xplo-comfort-25-1\/","og_locale":"de_DE","og_type":"article","og_title":"BULLPADEL XPLO COMFORT 25 - Revolution Padel Store","og_description":"Pala Bullpadel XPLO Comfort 25 para jugadores ofensivos de nivel avanzado. Forma de diamante y balance alto para una potencia explosiva en las jugadas de ataque.","og_url":"https:\/\/revolutionpadelstore.com\/de\/produkt\/bullpadel-xplo-comfort-25-1\/","og_site_name":"Revolution Padel Store","article_modified_time":"2026-04-20T12:02:10+00:00","og_image":[{"width":1500,"height":1500,"url":"https:\/\/revolutionpadelstore.com\/wp-content\/uploads\/2024\/09\/113778_pala_bullpadel_xplo_comfort_25_474992_1500x1500_1_c8d2.webp","type":"image\/webp"}],"twitter_card":"summary_large_image","twitter_misc":{"Gesch\u00e4tzte Lesezeit":"2\u00a0Minuten"},"schema":{"@context":"https:\/\/schema.org","@graph":[{"@type":"WebPage","@id":"https:\/\/revolutionpadelstore.com\/de\/produkt\/bullpadel-xplo-comfort-25-1\/","url":"https:\/\/revolutionpadelstore.com\/de\/produkt\/bullpadel-xplo-comfort-25-1\/","name":"BULLPADEL XPLO COMFORT 25 - Revolution Padel Store","isPartOf":{"@id":"https:\/\/revolutionpadelstore.com\/de\/#website"},"primaryImageOfPage":{"@id":"https:\/\/revolutionpadelstore.com\/de\/produkt\/bullpadel-xplo-comfort-25-1\/#primaryimage"},"image":{"@id":"https:\/\/revolutionpadelstore.com\/de\/produkt\/bullpadel-xplo-comfort-25-1\/#primaryimage"},"thumbnailUrl":"https:\/\/revolutionpadelstore.com\/wp-content\/uploads\/2024\/09\/113778_pala_bullpadel_xplo_comfort_25_474992_1500x1500_1_c8d2.webp","datePublished":"2024-09-04T10:07:41+00:00","dateModified":"2026-04-20T12:02:10+00:00","description":"Pala Bullpadel XPLO Comfort 25 para jugadores ofensivos de nivel avanzado. Forma de diamante y balance alto para una potencia explosiva en las jugadas de ataque.","breadcrumb":{"@id":"https:\/\/revolutionpadelstore.com\/de\/produkt\/bullpadel-xplo-comfort-25-1\/#breadcrumb"},"inLanguage":"de","potentialAction":[{"@type":"ReadAction","target":["https:\/\/revolutionpadelstore.com\/de\/produkt\/bullpadel-xplo-comfort-25-1\/"]}]},{"@type":"ImageObject","inLanguage":"de","@id":"https:\/\/revolutionpadelstore.com\/de\/produkt\/bullpadel-xplo-comfort-25-1\/#primaryimage","url":"https:\/\/revolutionpadelstore.com\/wp-content\/uploads\/2024\/09\/113778_pala_bullpadel_xplo_comfort_25_474992_1500x1500_1_c8d2.webp","contentUrl":"https:\/\/revolutionpadelstore.com\/wp-content\/uploads\/2024\/09\/113778_pala_bullpadel_xplo_comfort_25_474992_1500x1500_1_c8d2.webp","width":1500,"height":1500},{"@type":"BreadcrumbList","@id":"https:\/\/revolutionpadelstore.com\/de\/produkt\/bullpadel-xplo-comfort-25-1\/#breadcrumb","itemListElement":[{"@type":"ListItem","position":1,"name":"Portada","item":"https:\/\/revolutionpadelstore.com\/de\/"},{"@type":"ListItem","position":2,"name":"Shop","item":"https:\/\/revolutionpadelstore.com\/de\/tienda\/"},{"@type":"ListItem","position":3,"name":"BULLPADEL XPLO COMFORT 25"}]},{"@type":"WebSite","@id":"https:\/\/revolutionpadelstore.com\/de\/#website","url":"https:\/\/revolutionpadelstore.com\/de\/","name":"Revolution Padel Store","description":"","publisher":{"@id":"https:\/\/revolutionpadelstore.com\/de\/#organization"},"potentialAction":[{"@type":"SearchAction","target":{"@type":"EntryPoint","urlTemplate":"https:\/\/revolutionpadelstore.com\/de\/?s={search_term_string}"},"query-input":{"@type":"PropertyValueSpecification","valueRequired":true,"valueName":"search_term_string"}}],"inLanguage":"de"},{"@type":"Organization","@id":"https:\/\/revolutionpadelstore.com\/de\/#organization","name":"Revolution Padel Store","url":"https:\/\/revolutionpadelstore.com\/de\/","logo":{"@type":"ImageObject","inLanguage":"de","@id":"https:\/\/revolutionpadelstore.com\/de\/#\/schema\/logo\/image\/","url":"https:\/\/revolutionpadelstore.com\/wp-content\/uploads\/2026\/02\/revolution-padel-store.jpg","contentUrl":"https:\/\/revolutionpadelstore.com\/wp-content\/uploads\/2026\/02\/revolution-padel-store.jpg","width":2000,"height":2000,"caption":"Revolution Padel Store"},"image":{"@id":"https:\/\/revolutionpadelstore.com\/de\/#\/schema\/logo\/image\/"},"sameAs":["https:\/\/www.instagram.com\/revolutionpadelstore\/"]}]}},"_links":{"self":[{"href":"https:\/\/revolutionpadelstore.com\/de\/wp-json\/wp\/v2\/product\/72868","targetHints":{"allow":["GET"]}}],"collection":[{"href":"https:\/\/revolutionpadelstore.com\/de\/wp-json\/wp\/v2\/product"}],"about":[{"href":"https:\/\/revolutionpadelstore.com\/de\/wp-json\/wp\/v2\/types\/product"}],"replies":[{"embeddable":true,"href":"https:\/\/revolutionpadelstore.com\/de\/wp-json\/wp\/v2\/comments?post=72868"}],"wp:featuredmedia":[{"embeddable":true,"href":"https:\/\/revolutionpadelstore.com\/de\/wp-json\/wp\/v2\/media\/99995"}],"wp:attachment":[{"href":"https:\/\/revolutionpadelstore.com\/de\/wp-json\/wp\/v2\/media?parent=72868"}],"wp:term":[{"taxonomy":"acabado","embeddable":true,"href":"https:\/\/revolutionpadelstore.com\/de\/wp-json\/wp\/v2\/acabado?post=72868"},{"taxonomy":"balance","embeddable":true,"href":"https:\/\/revolutionpadelstore.com\/de\/wp-json\/wp\/v2\/balance?post=72868"},{"taxonomy":"dureza","embeddable":true,"href":"https:\/\/revolutionpadelstore.com\/de\/wp-json\/wp\/v2\/dureza?post=72868"},{"taxonomy":"forma","embeddable":true,"href":"https:\/\/revolutionpadelstore.com\/de\/wp-json\/wp\/v2\/forma?post=72868"},{"taxonomy":"jugador","embeddable":true,"href":"https:\/\/revolutionpadelstore.com\/de\/wp-json\/wp\/v2\/jugador?post=72868"},{"taxonomy":"marca","embeddable":true,"href":"https:\/\/revolutionpadelstore.com\/de\/wp-json\/wp\/v2\/marca?post=72868"},{"taxonomy":"nivel-de-juego","embeddable":true,"href":"https:\/\/revolutionpadelstore.com\/de\/wp-json\/wp\/v2\/nivel-de-juego?post=72868"},{"taxonomy":"superficie","embeddable":true,"href":"https:\/\/revolutionpadelstore.com\/de\/wp-json\/wp\/v2\/superficie?post=72868"},{"taxonomy":"tipo-de-juego","embeddable":true,"href":"https:\/\/revolutionpadelstore.com\/de\/wp-json\/wp\/v2\/tipo-de-juego?post=72868"},{"taxonomy":"product_brand","embeddable":true,"href":"https:\/\/revolutionpadelstore.com\/de\/wp-json\/wp\/v2\/product_brand?post=72868"},{"taxonomy":"product_cat","embeddable":true,"href":"https:\/\/revolutionpadelstore.com\/de\/wp-json\/wp\/v2\/product_cat?post=72868"},{"taxonomy":"product_tag","embeddable":true,"href":"https:\/\/revolutionpadelstore.com\/de\/wp-json\/wp\/v2\/product_tag?post=72868"}],"curies":[{"name":"wp","href":"https:\/\/api.w.org\/{rel}","templated":true}]}}