{"id":72853,"date":"2024-09-06T00:30:59","date_gmt":"2024-09-05T22:30:59","guid":{"rendered":"https:\/\/revolutionpadelstore.com\/bullpadel-vertex-04-hybrid-25\/"},"modified":"2026-04-08T10:44:27","modified_gmt":"2026-04-08T08:44:27","slug":"bullpadel-vertex-04-hybrid-25-1","status":"publish","type":"product","link":"https:\/\/revolutionpadelstore.com\/de\/produkt\/bullpadel-vertex-04-hybrid-25-1\/","title":{"rendered":"BULLPADEL VERTEX 04 HYBRID 25"},"content":{"rendered":"<p>Der beste VERTEX der Geschichte, der auf der Rennstrecke einen Unterschied macht. Der meistverkaufte Schl\u00e4ger auf dem Markt, der eine neue Zukunft in Sachen Spielbarkeit er\u00f6ffnet.<\/p>\n<p>Das Streben nach Perfektion ist eine Philosophie, die alle Sportler teilen. Unsere Aufgabe ist es, ihnen den Weg zu erleichtern, und zu diesem Zweck haben wir die neue Vertex-Linie entwickelt, die Total-Padelschl\u00e4ger, die sich ohne Nachteile an jeden Spielstil anpassen lassen.<\/p>\n<p>Innovation ist einer der Grundpfeiler bei der Entwicklung unserer Produkte. Unser Forschungs- und Entwicklungsteam arbeitet eng mit unseren Profispielern zusammen, um Spitzenleistungen zu erzielen. Ihr wertvolles Feedback spielt eine entscheidende Rolle bei der Entwicklung unserer Klingen und erm\u00f6glicht es uns, den Weg zur Entwicklung der au\u00dfergew\u00f6hnlichsten Klingen und Technologien f\u00fcr unsere Benutzer zu ebnen.<\/p>\n<p><strong>Curv:Aktiv Tech<\/strong><\/p>\n<p>Durch die Rotation seiner Fl\u00e4chen auf der Seite des Messers wird auf der Seite des Messers entlang des Profils ein variabler Querschnitt erzeugt. Dieser neue verdrehte Abschnitt macht den Vertex 04 Hybrid zu einem widerstandsf\u00e4higeren Schl\u00e4ger mit einer besseren Vibrationsverteilung und einem zus\u00e4tzlichen Beitrag zur Steifigkeit. Mit der Einf\u00fchrung dieser Technologie wird Ihr Spiel vom ersten Schlag bis zum Ball noch komfortabler und Sie f\u00fchlen sich in jeder Facette Ihres Spiels wohl.<\/p>\n<p><strong>LUFTKRAFT<\/strong><\/p>\n<p>Die AIR POWER ist die nat\u00fcrliche Weiterentwicklung des Air React Channel-Systems. Mit dieser neuen Technologie haben wir die Gr\u00f6\u00dfe des Kanals auf der Unterseite des Rahmens um 50 % vergr\u00f6\u00dfert. Wie erreichen wir es? Vergr\u00f6\u00dferung der L\u00e4nge der beteiligten Oberfl\u00e4chen der Hohlstruktur. Dies macht die Air Power zu einer viel effizienteren Zone im Vergleich zu einer soliden Klinge oder ihrer Vorg\u00e4ngerversion, dem Air React Channel. Mit Air Power sorgen wir f\u00fcr noch mehr Energier\u00fcckgabe beim Schlagen, mehr Agilit\u00e4t, mehr Leichtigkeit in der Fl\u00e4che und eine gr\u00f6\u00dfere Beschleunigung und machen den neuen Vertex 04 Hybrid zu einem reaktionsfreudigeren, stabileren, aerodynamischeren und handlicheren Schl\u00e4ger.<\/p>\n<p><strong>AIR POWER + CURV:AKTIV<\/strong><\/p>\n<p>Der Vertex 04 Hybrid kombiniert Air Power- und Curv:Aktiv-Technologien, um Gesamtleistung zu bieten und den ausgewogensten und vollst\u00e4ndigsten Schl\u00e4ger zu schaffen, der jemals von unserer Marke entwickelt wurde. Curv:Aktiv verst\u00e4rkt den Coanda-Effekt, indem es die Luft in Richtung des Air Power-Systems leitet, den Luftwiderstand verringert und die Aerodynamik des Blattes um bis zu 23 % verbessert. Das Ergebnis ist ein agilerer Schl\u00e4ger mit gr\u00f6\u00dferer Beschleunigungsf\u00e4higkeit, was sich in einwandfreiem Handling, absoluter Kontrolle und au\u00dfergew\u00f6hnlicher Reaktionsf\u00e4higkeit bei jedem Schlag niederschl\u00e4gt.<\/p>\n<p><strong>VERTEX CORE<\/strong><\/p>\n<p>Die \u00fcbliche Essenz, auf die n\u00e4chste Ebene gebracht. Das neue Vertex-Herz zeichnet sich durch seine doppelte diagonale Br\u00fccke aus und erf\u00e4hrt im Vergleich zu seinem Vorg\u00e4nger eine Neugestaltung seiner Struktur, um eine dreieckigere Geometrie zu erreichen, mit der die Kr\u00e4fte besser zwischen seinen Kanten verteilt werden k\u00f6nnen, wodurch Vibrationen und Torsionen eliminiert und die Steifigkeit erh\u00f6ht werden solide. Mit all dem wird der Spieler das Gef\u00fchl haben, einen Schl\u00e4ger zu haben, mit dem er sowohl von der R\u00fcckseite des Spielfelds als auch im Netz H\u00f6chstleistungen erzielen kann.<\/p>\n<p><strong>Ease Vibe<\/strong><\/p>\n<p>Die Ease Vibe sind hochmoderne D\u00e4mpfer, die Ihre Leistung auf dem Padel-Platz optimieren sollen. Die Ease Vibe sind in vier strategische L\u00f6cher im Schl\u00e4gerblatt integriert und wurden von der Polytechnischen Universit\u00e4t Madrid strengen Studien unterzogen. Dabei wurde nachgewiesen, dass sie bis zu 49 % der Vibrationen absorbieren k\u00f6nnen, die beim Schlagen des Balls entstehen. Dank ihrer neu gestalteten federf\u00f6rmigen Geometrie verbessern diese D\u00e4mpfer nicht nur die Schwingungsd\u00e4mpfung, sondern steigern auch ihre Gesamtleistung. Diese innovative Form erm\u00f6glicht eine einzigartige individuelle Anpassung des Schlaggef\u00fchls und der Balance des Schl\u00e4gers und gibt Ihnen die Flexibilit\u00e4t, Ihr Spiel an Ihre Bed\u00fcrfnisse anzupassen. Ganz gleich, ob Sie auf der Suche nach mehr Kontrolle oder Power sind, mit dem Ease Vibe k\u00f6nnen Sie Ihren Schl\u00e4ger anpassen, um jeden Schlag zu maximieren und ein komfortableres und effektiveres Spielerlebnis zu gew\u00e4hrleisten.<\/p>\n<p><strong>BENUTZERDEFINIERTES GEWICHT<\/strong><\/p>\n<p>Das CustomWeight-Gewichtssystem besteht aus Gel- oder Aluminiumplatten mit einem Gewicht von 3 g pro Einheit, die an den spezifischen Stellen, an denen sie platziert werden, f\u00fcr zus\u00e4tzliches Gewicht sorgen. Dadurch gelingt es uns, die Balance des Schl\u00e4gers an die Bed\u00fcrfnisse jedes Spielers anzupassen. Die Vertex-Struktur ist f\u00fcr die Platzierung von insgesamt 5 Gewichten ausgelegt. 4 auf der Oberseite der Klinge und eine weitere auf dem Kappenteil mit einem Gewicht von 5 g oder 10 g. Mit all dem k\u00f6nnen wir unterschiedliche Spezifikationen von bis zu 22 g mehr und einer Balance\u00e4nderung von +-1 cm erstellen.<\/p>\n<p><strong>TOP SPIN<\/strong><\/p>\n<p>Der Vertex 04 Hybrid erh\u00f6ht die Kornmenge in der letzten Schicht der Schlagfl\u00e4che des Schl\u00e4gers und erzielt so deutlichere und pr\u00e4zisere Effekte, die es Ihnen erm\u00f6glichen, jeden Schlag zu dominieren. Diese Erh\u00f6hung der K\u00f6rnungsmenge verbessert nicht nur die Erzeugung aggressiven Spins bei Slices, Volleys, Layups und Spikes, sondern macht diese Technologie auch im Laufe der Zeit haltbarer und gew\u00e4hrleistet so eine \u00fcberlegene und konstante Leistung f\u00fcr mehr Spiele.<\/p>\n<p><strong>HESACORE<\/strong><\/p>\n<p>Entdecken Sie den neuen Hesacore mit seiner erneuerten Formel, um Ihr Spiel noch besser zu sch\u00fctzen. Mit dem neuen Hesacore m\u00fcssen Sie sich keine Sorgen \u00fcber Armbeschwerden oder unerw\u00fcnschte Vibrationen machen, da unser verbessertes Anti-Vibrations-Elastomer daf\u00fcr verantwortlich ist, diese Empfindungen zu filtern und zu minimieren, sodass Sie sich ohne Ablenkungen auf Ihre Leistung konzentrieren k\u00f6nnen. Sein ergonomisches Wabendesign sorgt f\u00fcr eine gr\u00f6\u00dfere Kontaktfl\u00e4che zwischen Hand und Faust. Dadurch k\u00f6nnen die Finger auf den konkaven Oberfl\u00e4chen ruhen, was Kraftaufwand und Verletzungen reduziert und au\u00dferdem einen festen und bequemen Griff bietet, sodass Sie jederzeit die volle Kontrolle \u00fcber den Schl\u00e4ger behalten.<\/p>\n<p><strong>VIBRADRIVE<\/strong><\/p>\n<p>Vibradrive zeichnet sich durch den Einsatz eines hochelastischen Elastomers aus, das den Griff entlang seiner L\u00e4ngsachse fragmentiert. Der Einsatz dieses Elastomers ist ein Schl\u00fcsselelement zur Optimierung der Spielerleistung. Die au\u00dfergew\u00f6hnliche Elastizit\u00e4t des verwendeten Materials und seine strategische Lage machen den Vibradrive zu einem unverzichtbaren Element zur Vibrationsd\u00e4mpfung, insbesondere bei au\u00dfermittigen Aufprallsituationen.<\/p>\n<p><strong>Xtend-Carbon 12K<\/strong><\/p>\n<p>Der Vertex 04 Hybrid zeichnet sich durch seine Konstruktion mit X-Tend Carbon aus, einem fortschrittlichen Material aus 12K biaxial ineinander verschlungenen Carbonfilamenten. Dieses Carbon ist 20 bis 30 % leichter als herk\u00f6mmliches Carbon und bietet au\u00dfergew\u00f6hnliche Man\u00f6vrierf\u00e4higkeit und optimale Balance. Daher ist X-Tend Carbon das ideale Material f\u00fcr diesen Schl\u00e4ger und verbessert das Handling und die Reaktionsf\u00e4higkeit deutlich.<\/p>\n<p><strong>Multieva<\/strong><\/p>\n<p>Der Kern dieses Padelschl\u00e4gers wurde mit einer \u201eSandwich\u201c-Struktur entworfen, die aus drei Schichten EVA (Ethylen-Vinyl-Acetat) unterschiedlicher Dichte besteht und sorgf\u00e4ltig angepasst wurde, um die Leistung in jeder Spielsituation zu optimieren.<\/p>\n<p>1. \u00c4u\u00dfere Schichten: Die beiden \u00e4u\u00dferen Schichten bestehen aus EVA mit h\u00f6herer Dichte und Steifigkeit und sind darauf ausgelegt, die Kraft bei den explosivsten Schl\u00e4gen zu maximieren und eine schnelle und kraftvolle Reaktion beim Aufprall auf den Ball zu erm\u00f6glichen.<\/p>\n<p>2. Innenschicht: Die Innenschicht aus weicherem EVA mit geringerer Dichte fungiert als sto\u00dfd\u00e4mpfender Kern und erh\u00f6ht die Toleranz und den Komfort bei Schl\u00e4gen mit niedrigerer Geschwindigkeit. Diese innere Weichheit verbessert nicht nur das Schlaggef\u00fchl, sondern tr\u00e4gt auch dazu bei, Vibrationen zu reduzieren, das Verletzungsrisiko zu verringern und eine bessere Kontrolle bei den empfindlichsten Schl\u00e4gen zu erm\u00f6glichen.<\/p>\n","protected":false},"excerpt":{"rendered":"<p>Entwickelt f\u00fcr diejenigen, die jeden Punkt mit einer perfekten Kombination aus Geschwindigkeit, Reaktionsf\u00e4higkeit und Kontrolle dominieren m\u00f6chten, definiert der VERTEX 04 das gesamte Spiel neu. Jetzt in seiner Hybridversion bietet dieser Schl\u00e4ger eine niedrigere und besser handhabbare Balance, ideal f\u00fcr Spieler, die die Kontrolle lieber von der R\u00fcckseite des Spielfelds aus bevorzugen.<\/p>\n","protected":false},"featured_media":99977,"comment_status":"open","ping_status":"closed","template":"","meta":{"_acf_changed":false,"_joinchat":[]},"acabado":[1089],"balance":[1134,1139],"dureza":[1159,1154],"forma":[1174],"jugador":[1189,1199],"marca":[1254],"nivel-de-juego":[1334,1344],"superficie":[1359],"tipo-de-juego":[1384],"product_brand":[],"product_cat":[299],"product_tag":[],"class_list":{"0":"post-72853","1":"product","2":"type-product","3":"status-publish","4":"has-post-thumbnail","6":"acabado-3d-entlasten","7":"balance-hoch","8":"balance-mittel","9":"dureza-dura-de","10":"dureza-media-de","11":"forma-hybrid","12":"jugador-mann","13":"jugador-mehrzweck","14":"marca-bullpadel-de","15":"superficie-rugosa-de","16":"tipo-de-juego-mehrzweck","17":"product_cat-palas-de-padel-de","19":"first","20":"instock","21":"sale","22":"taxable","23":"shipping-taxable","24":"purchasable","25":"product-type-simple"},"acf":[],"yoast_head":"<!-- This site is optimized with the Yoast SEO plugin v27.3 - https:\/\/yoast.com\/product\/yoast-seo-wordpress\/ -->\n<title>BULLPADEL VERTEX 04 HYBRID 25 - Revolution Padel Store<\/title>\n<meta name=\"description\" content=\"La mejor VERTEX de la historia para marcar la diferencia en la pista. La pala m\u00e1s vendida del mercado implantando un nuevo futuro en la jugabilidad.La b\u00fasqueda de la perfecci\u00f3n es una filosof\u00eda compartida por todos los deportistas. Nuestra labor consiste en simplificarles el camino, y para ello desarrollamos la nueva linea Vertex, la pala total, dise\u00f1ada para adaptarse a cualquier estilo de juego, sin penalizaci\u00f3n.\" \/>\n<meta name=\"robots\" content=\"index, follow, max-snippet:-1, max-image-preview:large, max-video-preview:-1\" \/>\n<link rel=\"canonical\" href=\"https:\/\/revolutionpadelstore.com\/de\/produkt\/bullpadel-vertex-04-hybrid-25-1\/\" \/>\n<meta property=\"og:locale\" content=\"de_DE\" \/>\n<meta property=\"og:type\" content=\"article\" \/>\n<meta property=\"og:title\" content=\"BULLPADEL VERTEX 04 HYBRID 25 - Revolution Padel Store\" \/>\n<meta property=\"og:description\" content=\"La mejor VERTEX de la historia para marcar la diferencia en la pista. La pala m\u00e1s vendida del mercado implantando un nuevo futuro en la jugabilidad.La b\u00fasqueda de la perfecci\u00f3n es una filosof\u00eda compartida por todos los deportistas. Nuestra labor consiste en simplificarles el camino, y para ello desarrollamos la nueva linea Vertex, la pala total, dise\u00f1ada para adaptarse a cualquier estilo de juego, sin penalizaci\u00f3n.\" \/>\n<meta property=\"og:url\" content=\"https:\/\/revolutionpadelstore.com\/de\/produkt\/bullpadel-vertex-04-hybrid-25-1\/\" \/>\n<meta property=\"og:site_name\" content=\"Revolution Padel Store\" \/>\n<meta property=\"article:modified_time\" content=\"2026-04-08T08:44:27+00:00\" \/>\n<meta property=\"og:image\" content=\"https:\/\/revolutionpadelstore.com\/wp-content\/uploads\/2024\/09\/113773_pala_bullpadel_vertex_04_hybrid_25_448116_1500x1500_1_c30d.webp\" \/>\n\t<meta property=\"og:image:width\" content=\"1500\" \/>\n\t<meta property=\"og:image:height\" content=\"1500\" \/>\n\t<meta property=\"og:image:type\" content=\"image\/webp\" \/>\n<meta name=\"twitter:card\" content=\"summary_large_image\" \/>\n<meta name=\"twitter:label1\" content=\"Gesch\u00e4tzte Lesezeit\" \/>\n\t<meta name=\"twitter:data1\" content=\"6\u00a0Minuten\" \/>\n<script type=\"application\/ld+json\" class=\"yoast-schema-graph\">{\"@context\":\"https:\\\/\\\/schema.org\",\"@graph\":[{\"@type\":\"WebPage\",\"@id\":\"https:\\\/\\\/revolutionpadelstore.com\\\/de\\\/produkt\\\/bullpadel-vertex-04-hybrid-25-1\\\/\",\"url\":\"https:\\\/\\\/revolutionpadelstore.com\\\/de\\\/produkt\\\/bullpadel-vertex-04-hybrid-25-1\\\/\",\"name\":\"BULLPADEL VERTEX 04 HYBRID 25 - Revolution Padel Store\",\"isPartOf\":{\"@id\":\"https:\\\/\\\/revolutionpadelstore.com\\\/de\\\/#website\"},\"primaryImageOfPage\":{\"@id\":\"https:\\\/\\\/revolutionpadelstore.com\\\/de\\\/produkt\\\/bullpadel-vertex-04-hybrid-25-1\\\/#primaryimage\"},\"image\":{\"@id\":\"https:\\\/\\\/revolutionpadelstore.com\\\/de\\\/produkt\\\/bullpadel-vertex-04-hybrid-25-1\\\/#primaryimage\"},\"thumbnailUrl\":\"https:\\\/\\\/revolutionpadelstore.com\\\/wp-content\\\/uploads\\\/2024\\\/09\\\/113773_pala_bullpadel_vertex_04_hybrid_25_448116_1500x1500_1_c30d.webp\",\"datePublished\":\"2024-09-05T22:30:59+00:00\",\"dateModified\":\"2026-04-08T08:44:27+00:00\",\"description\":\"La mejor VERTEX de la historia para marcar la diferencia en la pista. La pala m\u00e1s vendida del mercado implantando un nuevo futuro en la jugabilidad.La b\u00fasqueda de la perfecci\u00f3n es una filosof\u00eda compartida por todos los deportistas. Nuestra labor consiste en simplificarles el camino, y para ello desarrollamos la nueva linea Vertex, la pala total, dise\u00f1ada para adaptarse a cualquier estilo de juego, sin penalizaci\u00f3n.\",\"breadcrumb\":{\"@id\":\"https:\\\/\\\/revolutionpadelstore.com\\\/de\\\/produkt\\\/bullpadel-vertex-04-hybrid-25-1\\\/#breadcrumb\"},\"inLanguage\":\"de\",\"potentialAction\":[{\"@type\":\"ReadAction\",\"target\":[\"https:\\\/\\\/revolutionpadelstore.com\\\/de\\\/produkt\\\/bullpadel-vertex-04-hybrid-25-1\\\/\"]}]},{\"@type\":\"ImageObject\",\"inLanguage\":\"de\",\"@id\":\"https:\\\/\\\/revolutionpadelstore.com\\\/de\\\/produkt\\\/bullpadel-vertex-04-hybrid-25-1\\\/#primaryimage\",\"url\":\"https:\\\/\\\/revolutionpadelstore.com\\\/wp-content\\\/uploads\\\/2024\\\/09\\\/113773_pala_bullpadel_vertex_04_hybrid_25_448116_1500x1500_1_c30d.webp\",\"contentUrl\":\"https:\\\/\\\/revolutionpadelstore.com\\\/wp-content\\\/uploads\\\/2024\\\/09\\\/113773_pala_bullpadel_vertex_04_hybrid_25_448116_1500x1500_1_c30d.webp\",\"width\":1500,\"height\":1500},{\"@type\":\"BreadcrumbList\",\"@id\":\"https:\\\/\\\/revolutionpadelstore.com\\\/de\\\/produkt\\\/bullpadel-vertex-04-hybrid-25-1\\\/#breadcrumb\",\"itemListElement\":[{\"@type\":\"ListItem\",\"position\":1,\"name\":\"Portada\",\"item\":\"https:\\\/\\\/revolutionpadelstore.com\\\/de\\\/\"},{\"@type\":\"ListItem\",\"position\":2,\"name\":\"Shop\",\"item\":\"https:\\\/\\\/revolutionpadelstore.com\\\/de\\\/tienda\\\/\"},{\"@type\":\"ListItem\",\"position\":3,\"name\":\"BULLPADEL VERTEX 04 HYBRID 25\"}]},{\"@type\":\"WebSite\",\"@id\":\"https:\\\/\\\/revolutionpadelstore.com\\\/de\\\/#website\",\"url\":\"https:\\\/\\\/revolutionpadelstore.com\\\/de\\\/\",\"name\":\"Revolution Padel Store\",\"description\":\"\",\"publisher\":{\"@id\":\"https:\\\/\\\/revolutionpadelstore.com\\\/de\\\/#organization\"},\"potentialAction\":[{\"@type\":\"SearchAction\",\"target\":{\"@type\":\"EntryPoint\",\"urlTemplate\":\"https:\\\/\\\/revolutionpadelstore.com\\\/de\\\/?s={search_term_string}\"},\"query-input\":{\"@type\":\"PropertyValueSpecification\",\"valueRequired\":true,\"valueName\":\"search_term_string\"}}],\"inLanguage\":\"de\"},{\"@type\":\"Organization\",\"@id\":\"https:\\\/\\\/revolutionpadelstore.com\\\/de\\\/#organization\",\"name\":\"Revolution Padel Store\",\"url\":\"https:\\\/\\\/revolutionpadelstore.com\\\/de\\\/\",\"logo\":{\"@type\":\"ImageObject\",\"inLanguage\":\"de\",\"@id\":\"https:\\\/\\\/revolutionpadelstore.com\\\/de\\\/#\\\/schema\\\/logo\\\/image\\\/\",\"url\":\"https:\\\/\\\/revolutionpadelstore.com\\\/wp-content\\\/uploads\\\/2026\\\/02\\\/revolution-padel-store.jpg\",\"contentUrl\":\"https:\\\/\\\/revolutionpadelstore.com\\\/wp-content\\\/uploads\\\/2026\\\/02\\\/revolution-padel-store.jpg\",\"width\":2000,\"height\":2000,\"caption\":\"Revolution Padel Store\"},\"image\":{\"@id\":\"https:\\\/\\\/revolutionpadelstore.com\\\/de\\\/#\\\/schema\\\/logo\\\/image\\\/\"},\"sameAs\":[\"https:\\\/\\\/www.instagram.com\\\/revolutionpadelstore\\\/\"]}]}<\/script>\n<!-- \/ Yoast SEO plugin. -->","yoast_head_json":{"title":"BULLPADEL VERTEX 04 HYBRID 25 - Revolution Padel Store","description":"La mejor VERTEX de la historia para marcar la diferencia en la pista. La pala m\u00e1s vendida del mercado implantando un nuevo futuro en la jugabilidad.La b\u00fasqueda de la perfecci\u00f3n es una filosof\u00eda compartida por todos los deportistas. Nuestra labor consiste en simplificarles el camino, y para ello desarrollamos la nueva linea Vertex, la pala total, dise\u00f1ada para adaptarse a cualquier estilo de juego, sin penalizaci\u00f3n.","robots":{"index":"index","follow":"follow","max-snippet":"max-snippet:-1","max-image-preview":"max-image-preview:large","max-video-preview":"max-video-preview:-1"},"canonical":"https:\/\/revolutionpadelstore.com\/de\/produkt\/bullpadel-vertex-04-hybrid-25-1\/","og_locale":"de_DE","og_type":"article","og_title":"BULLPADEL VERTEX 04 HYBRID 25 - Revolution Padel Store","og_description":"La mejor VERTEX de la historia para marcar la diferencia en la pista. La pala m\u00e1s vendida del mercado implantando un nuevo futuro en la jugabilidad.La b\u00fasqueda de la perfecci\u00f3n es una filosof\u00eda compartida por todos los deportistas. Nuestra labor consiste en simplificarles el camino, y para ello desarrollamos la nueva linea Vertex, la pala total, dise\u00f1ada para adaptarse a cualquier estilo de juego, sin penalizaci\u00f3n.","og_url":"https:\/\/revolutionpadelstore.com\/de\/produkt\/bullpadel-vertex-04-hybrid-25-1\/","og_site_name":"Revolution Padel Store","article_modified_time":"2026-04-08T08:44:27+00:00","og_image":[{"width":1500,"height":1500,"url":"https:\/\/revolutionpadelstore.com\/wp-content\/uploads\/2024\/09\/113773_pala_bullpadel_vertex_04_hybrid_25_448116_1500x1500_1_c30d.webp","type":"image\/webp"}],"twitter_card":"summary_large_image","twitter_misc":{"Gesch\u00e4tzte Lesezeit":"6\u00a0Minuten"},"schema":{"@context":"https:\/\/schema.org","@graph":[{"@type":"WebPage","@id":"https:\/\/revolutionpadelstore.com\/de\/produkt\/bullpadel-vertex-04-hybrid-25-1\/","url":"https:\/\/revolutionpadelstore.com\/de\/produkt\/bullpadel-vertex-04-hybrid-25-1\/","name":"BULLPADEL VERTEX 04 HYBRID 25 - Revolution Padel Store","isPartOf":{"@id":"https:\/\/revolutionpadelstore.com\/de\/#website"},"primaryImageOfPage":{"@id":"https:\/\/revolutionpadelstore.com\/de\/produkt\/bullpadel-vertex-04-hybrid-25-1\/#primaryimage"},"image":{"@id":"https:\/\/revolutionpadelstore.com\/de\/produkt\/bullpadel-vertex-04-hybrid-25-1\/#primaryimage"},"thumbnailUrl":"https:\/\/revolutionpadelstore.com\/wp-content\/uploads\/2024\/09\/113773_pala_bullpadel_vertex_04_hybrid_25_448116_1500x1500_1_c30d.webp","datePublished":"2024-09-05T22:30:59+00:00","dateModified":"2026-04-08T08:44:27+00:00","description":"La mejor VERTEX de la historia para marcar la diferencia en la pista. La pala m\u00e1s vendida del mercado implantando un nuevo futuro en la jugabilidad.La b\u00fasqueda de la perfecci\u00f3n es una filosof\u00eda compartida por todos los deportistas. Nuestra labor consiste en simplificarles el camino, y para ello desarrollamos la nueva linea Vertex, la pala total, dise\u00f1ada para adaptarse a cualquier estilo de juego, sin penalizaci\u00f3n.","breadcrumb":{"@id":"https:\/\/revolutionpadelstore.com\/de\/produkt\/bullpadel-vertex-04-hybrid-25-1\/#breadcrumb"},"inLanguage":"de","potentialAction":[{"@type":"ReadAction","target":["https:\/\/revolutionpadelstore.com\/de\/produkt\/bullpadel-vertex-04-hybrid-25-1\/"]}]},{"@type":"ImageObject","inLanguage":"de","@id":"https:\/\/revolutionpadelstore.com\/de\/produkt\/bullpadel-vertex-04-hybrid-25-1\/#primaryimage","url":"https:\/\/revolutionpadelstore.com\/wp-content\/uploads\/2024\/09\/113773_pala_bullpadel_vertex_04_hybrid_25_448116_1500x1500_1_c30d.webp","contentUrl":"https:\/\/revolutionpadelstore.com\/wp-content\/uploads\/2024\/09\/113773_pala_bullpadel_vertex_04_hybrid_25_448116_1500x1500_1_c30d.webp","width":1500,"height":1500},{"@type":"BreadcrumbList","@id":"https:\/\/revolutionpadelstore.com\/de\/produkt\/bullpadel-vertex-04-hybrid-25-1\/#breadcrumb","itemListElement":[{"@type":"ListItem","position":1,"name":"Portada","item":"https:\/\/revolutionpadelstore.com\/de\/"},{"@type":"ListItem","position":2,"name":"Shop","item":"https:\/\/revolutionpadelstore.com\/de\/tienda\/"},{"@type":"ListItem","position":3,"name":"BULLPADEL VERTEX 04 HYBRID 25"}]},{"@type":"WebSite","@id":"https:\/\/revolutionpadelstore.com\/de\/#website","url":"https:\/\/revolutionpadelstore.com\/de\/","name":"Revolution Padel Store","description":"","publisher":{"@id":"https:\/\/revolutionpadelstore.com\/de\/#organization"},"potentialAction":[{"@type":"SearchAction","target":{"@type":"EntryPoint","urlTemplate":"https:\/\/revolutionpadelstore.com\/de\/?s={search_term_string}"},"query-input":{"@type":"PropertyValueSpecification","valueRequired":true,"valueName":"search_term_string"}}],"inLanguage":"de"},{"@type":"Organization","@id":"https:\/\/revolutionpadelstore.com\/de\/#organization","name":"Revolution Padel Store","url":"https:\/\/revolutionpadelstore.com\/de\/","logo":{"@type":"ImageObject","inLanguage":"de","@id":"https:\/\/revolutionpadelstore.com\/de\/#\/schema\/logo\/image\/","url":"https:\/\/revolutionpadelstore.com\/wp-content\/uploads\/2026\/02\/revolution-padel-store.jpg","contentUrl":"https:\/\/revolutionpadelstore.com\/wp-content\/uploads\/2026\/02\/revolution-padel-store.jpg","width":2000,"height":2000,"caption":"Revolution Padel Store"},"image":{"@id":"https:\/\/revolutionpadelstore.com\/de\/#\/schema\/logo\/image\/"},"sameAs":["https:\/\/www.instagram.com\/revolutionpadelstore\/"]}]}},"_links":{"self":[{"href":"https:\/\/revolutionpadelstore.com\/de\/wp-json\/wp\/v2\/product\/72853","targetHints":{"allow":["GET"]}}],"collection":[{"href":"https:\/\/revolutionpadelstore.com\/de\/wp-json\/wp\/v2\/product"}],"about":[{"href":"https:\/\/revolutionpadelstore.com\/de\/wp-json\/wp\/v2\/types\/product"}],"replies":[{"embeddable":true,"href":"https:\/\/revolutionpadelstore.com\/de\/wp-json\/wp\/v2\/comments?post=72853"}],"wp:featuredmedia":[{"embeddable":true,"href":"https:\/\/revolutionpadelstore.com\/de\/wp-json\/wp\/v2\/media\/99977"}],"wp:attachment":[{"href":"https:\/\/revolutionpadelstore.com\/de\/wp-json\/wp\/v2\/media?parent=72853"}],"wp:term":[{"taxonomy":"acabado","embeddable":true,"href":"https:\/\/revolutionpadelstore.com\/de\/wp-json\/wp\/v2\/acabado?post=72853"},{"taxonomy":"balance","embeddable":true,"href":"https:\/\/revolutionpadelstore.com\/de\/wp-json\/wp\/v2\/balance?post=72853"},{"taxonomy":"dureza","embeddable":true,"href":"https:\/\/revolutionpadelstore.com\/de\/wp-json\/wp\/v2\/dureza?post=72853"},{"taxonomy":"forma","embeddable":true,"href":"https:\/\/revolutionpadelstore.com\/de\/wp-json\/wp\/v2\/forma?post=72853"},{"taxonomy":"jugador","embeddable":true,"href":"https:\/\/revolutionpadelstore.com\/de\/wp-json\/wp\/v2\/jugador?post=72853"},{"taxonomy":"marca","embeddable":true,"href":"https:\/\/revolutionpadelstore.com\/de\/wp-json\/wp\/v2\/marca?post=72853"},{"taxonomy":"nivel-de-juego","embeddable":true,"href":"https:\/\/revolutionpadelstore.com\/de\/wp-json\/wp\/v2\/nivel-de-juego?post=72853"},{"taxonomy":"superficie","embeddable":true,"href":"https:\/\/revolutionpadelstore.com\/de\/wp-json\/wp\/v2\/superficie?post=72853"},{"taxonomy":"tipo-de-juego","embeddable":true,"href":"https:\/\/revolutionpadelstore.com\/de\/wp-json\/wp\/v2\/tipo-de-juego?post=72853"},{"taxonomy":"product_brand","embeddable":true,"href":"https:\/\/revolutionpadelstore.com\/de\/wp-json\/wp\/v2\/product_brand?post=72853"},{"taxonomy":"product_cat","embeddable":true,"href":"https:\/\/revolutionpadelstore.com\/de\/wp-json\/wp\/v2\/product_cat?post=72853"},{"taxonomy":"product_tag","embeddable":true,"href":"https:\/\/revolutionpadelstore.com\/de\/wp-json\/wp\/v2\/product_tag?post=72853"}],"curies":[{"name":"wp","href":"https:\/\/api.w.org\/{rel}","templated":true}]}}