{"id":72848,"date":"2024-09-06T00:38:02","date_gmt":"2024-09-05T22:38:02","guid":{"rendered":"https:\/\/revolutionpadelstore.com\/bullpadel-elite-w-25\/"},"modified":"2026-04-21T02:02:36","modified_gmt":"2026-04-21T00:02:36","slug":"bullpadel-elite-w-25-1","status":"publish","type":"product","link":"https:\/\/revolutionpadelstore.com\/de\/produkt\/bullpadel-elite-w-25-1\/","title":{"rendered":"BULLPADEL ELITE W 25"},"content":{"rendered":"<p>Elite ist ein leichterer Schl\u00e4ger, der speziell f\u00fcr die anspruchsvollsten Spieler entwickelt wurde. Mit einem reduzierten Gewicht und einem Hybridformat bietet es ein agiles Handling, das es Ihnen erm\u00f6glicht, mit Selbstvertrauen und Schlagkraft mit Stil zu spielen, egal ob Sie von der Grundlinie aus dominieren oder das Netz zerst\u00f6ren.<br \/>\nEntwickelt, um au\u00dfergew\u00f6hnliche Leistung zu bieten, bietet es die perfekte Balance zwischen Kraft, Kontrolle und Man\u00f6vrierf\u00e4higkeit, sodass Sie bei jedem Schlag Ihr volles Potenzial entfalten k\u00f6nnen. Denn wenn Stil auf Spiel trifft, warum sollte man sich dann mit weniger als dem Au\u00dfergew\u00f6hnlichen zufrieden geben? Entdecken Sie Elite-Technologien und alles, was sie Ihnen bieten k\u00f6nnen, um Ihre Technik zu perfektionieren und in jedem Punkt hervorzustechen.<\/p>\n<p><strong>ELITE-KERN<\/strong><br \/>\nDas Elite-Herz mit seiner umgekehrten dreieckigen Geometrie und der Verst\u00e4rkung im Anfangsbereich der Arme erh\u00f6ht das Volumen und die Masse an Schl\u00fcsselpunkten der Struktur, was das Tr\u00e4gheitsmoment des Schl\u00e4gers erh\u00f6ht. Dadurch bietet der Schl\u00e4ger eine h\u00f6here Festigkeit und Stabilit\u00e4t, wodurch das Verdrehen beim Schlagen des Balls deutlich reduziert wird. Dies f\u00fchrt zu einer besseren Kontrolle und einem Gef\u00fchl der Sicherheit bei jedem Schlag, ideal f\u00fcr Spieler, die Pr\u00e4zision und Konstanz in ihrem Spiel suchen.<\/p>\n<p><strong>Luftreaktionskanal<\/strong><br \/>\nElite verf\u00fcgt \u00fcber die Air React Channel-Technologie. Der erste Luftkanal, der in der Welt des Paddle-Tennis entwickelt wurde und zu einer Designreferenz in der Branche wurde.<br \/>\nDiese Technologie reduziert den Luftwiderstand im Herzbereich des Schl\u00e4gers und macht den Schl\u00e4ger agiler und leichter, was eine h\u00f6here Beschleunigungsgeschwindigkeit und eine schnellere, effektivere Ausf\u00fchrung bei jedem Schlag erm\u00f6glicht.<br \/>\nDar\u00fcber hinaus verbessert der Air React Channel nicht nur die Aerodynamik des Schl\u00e4gers, sondern st\u00e4rkt dank seiner vier Arme im Herzen auch seine strukturelle Integrit\u00e4t, optimiert die Energier\u00fcckgabe, erh\u00f6ht die Abgangsgeschwindigkeit des Balls und erh\u00f6ht die Reaktivit\u00e4t Ihres Spiels .<\/p>\n<p><strong>VIBRADRIVE<\/strong><br \/>\nVibradrive zeichnet sich durch den Einsatz eines hochelastischen Elastomers aus, das den Griff entlang seiner L\u00e4ngsachse fragmentiert. Die au\u00dfergew\u00f6hnliche Elastizit\u00e4t des verwendeten Materials und seine strategische Lage machen den Vibradrive zu einem unverzichtbaren Element zur Vibrationsd\u00e4mpfung, insbesondere bei au\u00dfermittigen Aufprallsituationen.<\/p>\n<p><strong>FIBRIX<\/strong><br \/>\nElite wurde entwickelt, um in jeder Ecke des Spielfelds ein komfortables und vielseitiges Spielerlebnis zu bieten. Sein Fibrix-Material, das flexible Glasfasern mit starrem Carbon kombiniert, sorgt f\u00fcr eine weiche und zug\u00e4ngliche Haptik, ohne die Reaktionsf\u00e4higkeit zu beeintr\u00e4chtigen. Mit diesem Hybridmaterial k\u00f6nnen Sie daher in allen Aspekten des Spiels hervorragende Leistungen erbringen und Ihre Leistung und Ihr Selbstvertrauen auf dem Platz f\u00fcr das gesamte Spiel steigern.<\/p>\n<p><strong>Multieva<\/strong><br \/>\nDer Kern dieses Padelschl\u00e4gers wurde mit einer \u201eSandwich\u201c-Struktur entworfen, die aus drei Schichten EVA (Ethylen-Vinyl-Acetat) unterschiedlicher Dichte besteht und sorgf\u00e4ltig angepasst wurde, um die Leistung in jeder Spielsituation zu optimieren.<br \/>\n1. \u00c4u\u00dfere Schichten: Die beiden \u00e4u\u00dferen Schichten bestehen aus EVA mit h\u00f6herer Dichte und Steifigkeit und sind darauf ausgelegt, die Kraft bei den explosivsten Schl\u00e4gen zu maximieren und eine schnelle und kraftvolle Reaktion beim Aufprall auf den Ball zu erm\u00f6glichen.<br \/>\n2. Innenschicht: Die Innenschicht aus weicherem EVA mit geringerer Dichte fungiert als sto\u00dfd\u00e4mpfender Kern und erh\u00f6ht die Toleranz und den Komfort bei Schl\u00e4gen mit niedrigerer Geschwindigkeit. Diese innere Weichheit verbessert nicht nur das Schlaggef\u00fchl, sondern tr\u00e4gt auch dazu bei, Vibrationen zu reduzieren, das Verletzungsrisiko zu verringern und eine bessere Kontrolle bei den empfindlichsten Schl\u00e4gen zu erm\u00f6glichen.<\/p>\n","protected":false},"excerpt":{"rendered":"<p><strong>Elite<\/strong>, der <strong>Gemma Triay<\/strong>-Schl\u00e4ger, ist die perfekte Balance zwischen Eleganz, Kontrolle und Kraft. Geschaffen f\u00fcr den Spieler, der alles will: Stil, Leistung und Pr\u00e4senz. Mit seinem schicken Design wird Elite zu einer nat\u00fcrlichen Erweiterung Ihres Stils und vereint Leistung und Mode nahtlos. Elite ist nicht nur ein Gaming-Tool; Es handelt sich um eine Absichtserkl\u00e4rung.<strong>Elite<\/strong><\/p>\n","protected":false},"featured_media":99941,"comment_status":"open","ping_status":"closed","template":"","meta":{"_acf_changed":false,"_joinchat":[]},"acabado":[1084],"balance":[1134,1139],"dureza":[1154],"forma":[1174],"jugador":[1194],"marca":[1254],"nivel-de-juego":[1334,1339],"superficie":[],"tipo-de-juego":[1384],"product_brand":[],"product_cat":[299],"product_tag":[],"class_list":{"0":"post-72848","1":"product","2":"type-product","3":"status-publish","4":"has-post-thumbnail","6":"acabado-kumpel","7":"balance-hoch","8":"balance-mittel","9":"dureza-media-de","10":"forma-hybrid","11":"jugador-frau","12":"marca-bullpadel-de","13":"tipo-de-juego-mehrzweck","14":"product_cat-palas-de-padel-de","16":"first","17":"instock","18":"sale","19":"taxable","20":"shipping-taxable","21":"purchasable","22":"product-type-simple"},"acf":[],"yoast_head":"<!-- This site is optimized with the Yoast SEO plugin v27.4 - https:\/\/yoast.com\/product\/yoast-seo-wordpress\/ -->\n<title>BULLPADEL ELITE W 25 - Revolution Padel Store<\/title>\n<meta name=\"description\" content=\"Elite una pala m\u00e1s liviana, dise\u00f1ada especialmente para las jugadoras m\u00e1s exigentes. Con un peso reducido y un formato h\u00edbrido, ofrece un manejo \u00e1gil permiti\u00e9ndote jugar con confianza e impactar con estilo, ya sea dominando desde la l\u00ednea de fondo o arrasando en la red.Dise\u00f1ada para ofrecer un rendimiento excepcional, proporciona el equilibrio perfecto entre potencia, control y maniobrabilidad, capacit\u00e1ndote para desatar todo tu potencial con cada golpe. Porque cuando el estilo se encuentra con el juego, \u00bfpor qu\u00e9 conformarse con algo menos que extraordinario? Descubre las tecnolog\u00edas de Elite y todo lo que puede ofrecerte para perfeccionar tu t\u00e9cnica y destacar en cada punto.\" \/>\n<meta name=\"robots\" content=\"index, follow, max-snippet:-1, max-image-preview:large, max-video-preview:-1\" \/>\n<link rel=\"canonical\" href=\"https:\/\/revolutionpadelstore.com\/de\/produkt\/bullpadel-elite-w-25-1\/\" \/>\n<meta property=\"og:locale\" content=\"de_DE\" \/>\n<meta property=\"og:type\" content=\"article\" \/>\n<meta property=\"og:title\" content=\"BULLPADEL ELITE W 25 - Revolution Padel Store\" \/>\n<meta property=\"og:description\" content=\"Elite una pala m\u00e1s liviana, dise\u00f1ada especialmente para las jugadoras m\u00e1s exigentes. Con un peso reducido y un formato h\u00edbrido, ofrece un manejo \u00e1gil permiti\u00e9ndote jugar con confianza e impactar con estilo, ya sea dominando desde la l\u00ednea de fondo o arrasando en la red.Dise\u00f1ada para ofrecer un rendimiento excepcional, proporciona el equilibrio perfecto entre potencia, control y maniobrabilidad, capacit\u00e1ndote para desatar todo tu potencial con cada golpe. Porque cuando el estilo se encuentra con el juego, \u00bfpor qu\u00e9 conformarse con algo menos que extraordinario? Descubre las tecnolog\u00edas de Elite y todo lo que puede ofrecerte para perfeccionar tu t\u00e9cnica y destacar en cada punto.\" \/>\n<meta property=\"og:url\" content=\"https:\/\/revolutionpadelstore.com\/de\/produkt\/bullpadel-elite-w-25-1\/\" \/>\n<meta property=\"og:site_name\" content=\"Revolution Padel Store\" \/>\n<meta property=\"article:modified_time\" content=\"2026-04-21T00:02:36+00:00\" \/>\n<meta property=\"og:image\" content=\"https:\/\/revolutionpadelstore.com\/wp-content\/uploads\/2024\/09\/113751_pala_bullpadel_elite_w_25_448124_mujer_1500x1500_1_904c.webp\" \/>\n\t<meta property=\"og:image:width\" content=\"1500\" \/>\n\t<meta property=\"og:image:height\" content=\"1500\" \/>\n\t<meta property=\"og:image:type\" content=\"image\/webp\" \/>\n<meta name=\"twitter:card\" content=\"summary_large_image\" \/>\n<meta name=\"twitter:label1\" content=\"Gesch\u00e4tzte Lesezeit\" \/>\n\t<meta name=\"twitter:data1\" content=\"3\u00a0Minuten\" \/>\n<script type=\"application\/ld+json\" class=\"yoast-schema-graph\">{\"@context\":\"https:\\\/\\\/schema.org\",\"@graph\":[{\"@type\":\"WebPage\",\"@id\":\"https:\\\/\\\/revolutionpadelstore.com\\\/de\\\/produkt\\\/bullpadel-elite-w-25-1\\\/\",\"url\":\"https:\\\/\\\/revolutionpadelstore.com\\\/de\\\/produkt\\\/bullpadel-elite-w-25-1\\\/\",\"name\":\"BULLPADEL ELITE W 25 - Revolution Padel Store\",\"isPartOf\":{\"@id\":\"https:\\\/\\\/revolutionpadelstore.com\\\/de\\\/#website\"},\"primaryImageOfPage\":{\"@id\":\"https:\\\/\\\/revolutionpadelstore.com\\\/de\\\/produkt\\\/bullpadel-elite-w-25-1\\\/#primaryimage\"},\"image\":{\"@id\":\"https:\\\/\\\/revolutionpadelstore.com\\\/de\\\/produkt\\\/bullpadel-elite-w-25-1\\\/#primaryimage\"},\"thumbnailUrl\":\"https:\\\/\\\/revolutionpadelstore.com\\\/wp-content\\\/uploads\\\/2024\\\/09\\\/113751_pala_bullpadel_elite_w_25_448124_mujer_1500x1500_1_904c.webp\",\"datePublished\":\"2024-09-05T22:38:02+00:00\",\"dateModified\":\"2026-04-21T00:02:36+00:00\",\"description\":\"Elite una pala m\u00e1s liviana, dise\u00f1ada especialmente para las jugadoras m\u00e1s exigentes. Con un peso reducido y un formato h\u00edbrido, ofrece un manejo \u00e1gil permiti\u00e9ndote jugar con confianza e impactar con estilo, ya sea dominando desde la l\u00ednea de fondo o arrasando en la red.Dise\u00f1ada para ofrecer un rendimiento excepcional, proporciona el equilibrio perfecto entre potencia, control y maniobrabilidad, capacit\u00e1ndote para desatar todo tu potencial con cada golpe. Porque cuando el estilo se encuentra con el juego, \u00bfpor qu\u00e9 conformarse con algo menos que extraordinario? Descubre las tecnolog\u00edas de Elite y todo lo que puede ofrecerte para perfeccionar tu t\u00e9cnica y destacar en cada punto.\",\"breadcrumb\":{\"@id\":\"https:\\\/\\\/revolutionpadelstore.com\\\/de\\\/produkt\\\/bullpadel-elite-w-25-1\\\/#breadcrumb\"},\"inLanguage\":\"de\",\"potentialAction\":[{\"@type\":\"ReadAction\",\"target\":[\"https:\\\/\\\/revolutionpadelstore.com\\\/de\\\/produkt\\\/bullpadel-elite-w-25-1\\\/\"]}]},{\"@type\":\"ImageObject\",\"inLanguage\":\"de\",\"@id\":\"https:\\\/\\\/revolutionpadelstore.com\\\/de\\\/produkt\\\/bullpadel-elite-w-25-1\\\/#primaryimage\",\"url\":\"https:\\\/\\\/revolutionpadelstore.com\\\/wp-content\\\/uploads\\\/2024\\\/09\\\/113751_pala_bullpadel_elite_w_25_448124_mujer_1500x1500_1_904c.webp\",\"contentUrl\":\"https:\\\/\\\/revolutionpadelstore.com\\\/wp-content\\\/uploads\\\/2024\\\/09\\\/113751_pala_bullpadel_elite_w_25_448124_mujer_1500x1500_1_904c.webp\",\"width\":1500,\"height\":1500},{\"@type\":\"BreadcrumbList\",\"@id\":\"https:\\\/\\\/revolutionpadelstore.com\\\/de\\\/produkt\\\/bullpadel-elite-w-25-1\\\/#breadcrumb\",\"itemListElement\":[{\"@type\":\"ListItem\",\"position\":1,\"name\":\"Portada\",\"item\":\"https:\\\/\\\/revolutionpadelstore.com\\\/de\\\/\"},{\"@type\":\"ListItem\",\"position\":2,\"name\":\"Shop\",\"item\":\"https:\\\/\\\/revolutionpadelstore.com\\\/de\\\/tienda\\\/\"},{\"@type\":\"ListItem\",\"position\":3,\"name\":\"BULLPADEL ELITE W 25\"}]},{\"@type\":\"WebSite\",\"@id\":\"https:\\\/\\\/revolutionpadelstore.com\\\/de\\\/#website\",\"url\":\"https:\\\/\\\/revolutionpadelstore.com\\\/de\\\/\",\"name\":\"Revolution Padel Store\",\"description\":\"\",\"publisher\":{\"@id\":\"https:\\\/\\\/revolutionpadelstore.com\\\/de\\\/#organization\"},\"potentialAction\":[{\"@type\":\"SearchAction\",\"target\":{\"@type\":\"EntryPoint\",\"urlTemplate\":\"https:\\\/\\\/revolutionpadelstore.com\\\/de\\\/?s={search_term_string}\"},\"query-input\":{\"@type\":\"PropertyValueSpecification\",\"valueRequired\":true,\"valueName\":\"search_term_string\"}}],\"inLanguage\":\"de\"},{\"@type\":\"Organization\",\"@id\":\"https:\\\/\\\/revolutionpadelstore.com\\\/de\\\/#organization\",\"name\":\"Revolution Padel Store\",\"url\":\"https:\\\/\\\/revolutionpadelstore.com\\\/de\\\/\",\"logo\":{\"@type\":\"ImageObject\",\"inLanguage\":\"de\",\"@id\":\"https:\\\/\\\/revolutionpadelstore.com\\\/de\\\/#\\\/schema\\\/logo\\\/image\\\/\",\"url\":\"https:\\\/\\\/revolutionpadelstore.com\\\/wp-content\\\/uploads\\\/2026\\\/02\\\/revolution-padel-store.jpg\",\"contentUrl\":\"https:\\\/\\\/revolutionpadelstore.com\\\/wp-content\\\/uploads\\\/2026\\\/02\\\/revolution-padel-store.jpg\",\"width\":2000,\"height\":2000,\"caption\":\"Revolution Padel Store\"},\"image\":{\"@id\":\"https:\\\/\\\/revolutionpadelstore.com\\\/de\\\/#\\\/schema\\\/logo\\\/image\\\/\"},\"sameAs\":[\"https:\\\/\\\/www.instagram.com\\\/revolutionpadelstore\\\/\"]}]}<\/script>\n<!-- \/ Yoast SEO plugin. -->","yoast_head_json":{"title":"BULLPADEL ELITE W 25 - Revolution Padel Store","description":"Elite una pala m\u00e1s liviana, dise\u00f1ada especialmente para las jugadoras m\u00e1s exigentes. Con un peso reducido y un formato h\u00edbrido, ofrece un manejo \u00e1gil permiti\u00e9ndote jugar con confianza e impactar con estilo, ya sea dominando desde la l\u00ednea de fondo o arrasando en la red.Dise\u00f1ada para ofrecer un rendimiento excepcional, proporciona el equilibrio perfecto entre potencia, control y maniobrabilidad, capacit\u00e1ndote para desatar todo tu potencial con cada golpe. Porque cuando el estilo se encuentra con el juego, \u00bfpor qu\u00e9 conformarse con algo menos que extraordinario? Descubre las tecnolog\u00edas de Elite y todo lo que puede ofrecerte para perfeccionar tu t\u00e9cnica y destacar en cada punto.","robots":{"index":"index","follow":"follow","max-snippet":"max-snippet:-1","max-image-preview":"max-image-preview:large","max-video-preview":"max-video-preview:-1"},"canonical":"https:\/\/revolutionpadelstore.com\/de\/produkt\/bullpadel-elite-w-25-1\/","og_locale":"de_DE","og_type":"article","og_title":"BULLPADEL ELITE W 25 - Revolution Padel Store","og_description":"Elite una pala m\u00e1s liviana, dise\u00f1ada especialmente para las jugadoras m\u00e1s exigentes. Con un peso reducido y un formato h\u00edbrido, ofrece un manejo \u00e1gil permiti\u00e9ndote jugar con confianza e impactar con estilo, ya sea dominando desde la l\u00ednea de fondo o arrasando en la red.Dise\u00f1ada para ofrecer un rendimiento excepcional, proporciona el equilibrio perfecto entre potencia, control y maniobrabilidad, capacit\u00e1ndote para desatar todo tu potencial con cada golpe. Porque cuando el estilo se encuentra con el juego, \u00bfpor qu\u00e9 conformarse con algo menos que extraordinario? Descubre las tecnolog\u00edas de Elite y todo lo que puede ofrecerte para perfeccionar tu t\u00e9cnica y destacar en cada punto.","og_url":"https:\/\/revolutionpadelstore.com\/de\/produkt\/bullpadel-elite-w-25-1\/","og_site_name":"Revolution Padel Store","article_modified_time":"2026-04-21T00:02:36+00:00","og_image":[{"width":1500,"height":1500,"url":"https:\/\/revolutionpadelstore.com\/wp-content\/uploads\/2024\/09\/113751_pala_bullpadel_elite_w_25_448124_mujer_1500x1500_1_904c.webp","type":"image\/webp"}],"twitter_card":"summary_large_image","twitter_misc":{"Gesch\u00e4tzte Lesezeit":"3\u00a0Minuten"},"schema":{"@context":"https:\/\/schema.org","@graph":[{"@type":"WebPage","@id":"https:\/\/revolutionpadelstore.com\/de\/produkt\/bullpadel-elite-w-25-1\/","url":"https:\/\/revolutionpadelstore.com\/de\/produkt\/bullpadel-elite-w-25-1\/","name":"BULLPADEL ELITE W 25 - Revolution Padel Store","isPartOf":{"@id":"https:\/\/revolutionpadelstore.com\/de\/#website"},"primaryImageOfPage":{"@id":"https:\/\/revolutionpadelstore.com\/de\/produkt\/bullpadel-elite-w-25-1\/#primaryimage"},"image":{"@id":"https:\/\/revolutionpadelstore.com\/de\/produkt\/bullpadel-elite-w-25-1\/#primaryimage"},"thumbnailUrl":"https:\/\/revolutionpadelstore.com\/wp-content\/uploads\/2024\/09\/113751_pala_bullpadel_elite_w_25_448124_mujer_1500x1500_1_904c.webp","datePublished":"2024-09-05T22:38:02+00:00","dateModified":"2026-04-21T00:02:36+00:00","description":"Elite una pala m\u00e1s liviana, dise\u00f1ada especialmente para las jugadoras m\u00e1s exigentes. Con un peso reducido y un formato h\u00edbrido, ofrece un manejo \u00e1gil permiti\u00e9ndote jugar con confianza e impactar con estilo, ya sea dominando desde la l\u00ednea de fondo o arrasando en la red.Dise\u00f1ada para ofrecer un rendimiento excepcional, proporciona el equilibrio perfecto entre potencia, control y maniobrabilidad, capacit\u00e1ndote para desatar todo tu potencial con cada golpe. Porque cuando el estilo se encuentra con el juego, \u00bfpor qu\u00e9 conformarse con algo menos que extraordinario? Descubre las tecnolog\u00edas de Elite y todo lo que puede ofrecerte para perfeccionar tu t\u00e9cnica y destacar en cada punto.","breadcrumb":{"@id":"https:\/\/revolutionpadelstore.com\/de\/produkt\/bullpadel-elite-w-25-1\/#breadcrumb"},"inLanguage":"de","potentialAction":[{"@type":"ReadAction","target":["https:\/\/revolutionpadelstore.com\/de\/produkt\/bullpadel-elite-w-25-1\/"]}]},{"@type":"ImageObject","inLanguage":"de","@id":"https:\/\/revolutionpadelstore.com\/de\/produkt\/bullpadel-elite-w-25-1\/#primaryimage","url":"https:\/\/revolutionpadelstore.com\/wp-content\/uploads\/2024\/09\/113751_pala_bullpadel_elite_w_25_448124_mujer_1500x1500_1_904c.webp","contentUrl":"https:\/\/revolutionpadelstore.com\/wp-content\/uploads\/2024\/09\/113751_pala_bullpadel_elite_w_25_448124_mujer_1500x1500_1_904c.webp","width":1500,"height":1500},{"@type":"BreadcrumbList","@id":"https:\/\/revolutionpadelstore.com\/de\/produkt\/bullpadel-elite-w-25-1\/#breadcrumb","itemListElement":[{"@type":"ListItem","position":1,"name":"Portada","item":"https:\/\/revolutionpadelstore.com\/de\/"},{"@type":"ListItem","position":2,"name":"Shop","item":"https:\/\/revolutionpadelstore.com\/de\/tienda\/"},{"@type":"ListItem","position":3,"name":"BULLPADEL ELITE W 25"}]},{"@type":"WebSite","@id":"https:\/\/revolutionpadelstore.com\/de\/#website","url":"https:\/\/revolutionpadelstore.com\/de\/","name":"Revolution Padel Store","description":"","publisher":{"@id":"https:\/\/revolutionpadelstore.com\/de\/#organization"},"potentialAction":[{"@type":"SearchAction","target":{"@type":"EntryPoint","urlTemplate":"https:\/\/revolutionpadelstore.com\/de\/?s={search_term_string}"},"query-input":{"@type":"PropertyValueSpecification","valueRequired":true,"valueName":"search_term_string"}}],"inLanguage":"de"},{"@type":"Organization","@id":"https:\/\/revolutionpadelstore.com\/de\/#organization","name":"Revolution Padel Store","url":"https:\/\/revolutionpadelstore.com\/de\/","logo":{"@type":"ImageObject","inLanguage":"de","@id":"https:\/\/revolutionpadelstore.com\/de\/#\/schema\/logo\/image\/","url":"https:\/\/revolutionpadelstore.com\/wp-content\/uploads\/2026\/02\/revolution-padel-store.jpg","contentUrl":"https:\/\/revolutionpadelstore.com\/wp-content\/uploads\/2026\/02\/revolution-padel-store.jpg","width":2000,"height":2000,"caption":"Revolution Padel Store"},"image":{"@id":"https:\/\/revolutionpadelstore.com\/de\/#\/schema\/logo\/image\/"},"sameAs":["https:\/\/www.instagram.com\/revolutionpadelstore\/"]}]}},"_links":{"self":[{"href":"https:\/\/revolutionpadelstore.com\/de\/wp-json\/wp\/v2\/product\/72848","targetHints":{"allow":["GET"]}}],"collection":[{"href":"https:\/\/revolutionpadelstore.com\/de\/wp-json\/wp\/v2\/product"}],"about":[{"href":"https:\/\/revolutionpadelstore.com\/de\/wp-json\/wp\/v2\/types\/product"}],"replies":[{"embeddable":true,"href":"https:\/\/revolutionpadelstore.com\/de\/wp-json\/wp\/v2\/comments?post=72848"}],"wp:featuredmedia":[{"embeddable":true,"href":"https:\/\/revolutionpadelstore.com\/de\/wp-json\/wp\/v2\/media\/99941"}],"wp:attachment":[{"href":"https:\/\/revolutionpadelstore.com\/de\/wp-json\/wp\/v2\/media?parent=72848"}],"wp:term":[{"taxonomy":"acabado","embeddable":true,"href":"https:\/\/revolutionpadelstore.com\/de\/wp-json\/wp\/v2\/acabado?post=72848"},{"taxonomy":"balance","embeddable":true,"href":"https:\/\/revolutionpadelstore.com\/de\/wp-json\/wp\/v2\/balance?post=72848"},{"taxonomy":"dureza","embeddable":true,"href":"https:\/\/revolutionpadelstore.com\/de\/wp-json\/wp\/v2\/dureza?post=72848"},{"taxonomy":"forma","embeddable":true,"href":"https:\/\/revolutionpadelstore.com\/de\/wp-json\/wp\/v2\/forma?post=72848"},{"taxonomy":"jugador","embeddable":true,"href":"https:\/\/revolutionpadelstore.com\/de\/wp-json\/wp\/v2\/jugador?post=72848"},{"taxonomy":"marca","embeddable":true,"href":"https:\/\/revolutionpadelstore.com\/de\/wp-json\/wp\/v2\/marca?post=72848"},{"taxonomy":"nivel-de-juego","embeddable":true,"href":"https:\/\/revolutionpadelstore.com\/de\/wp-json\/wp\/v2\/nivel-de-juego?post=72848"},{"taxonomy":"superficie","embeddable":true,"href":"https:\/\/revolutionpadelstore.com\/de\/wp-json\/wp\/v2\/superficie?post=72848"},{"taxonomy":"tipo-de-juego","embeddable":true,"href":"https:\/\/revolutionpadelstore.com\/de\/wp-json\/wp\/v2\/tipo-de-juego?post=72848"},{"taxonomy":"product_brand","embeddable":true,"href":"https:\/\/revolutionpadelstore.com\/de\/wp-json\/wp\/v2\/product_brand?post=72848"},{"taxonomy":"product_cat","embeddable":true,"href":"https:\/\/revolutionpadelstore.com\/de\/wp-json\/wp\/v2\/product_cat?post=72848"},{"taxonomy":"product_tag","embeddable":true,"href":"https:\/\/revolutionpadelstore.com\/de\/wp-json\/wp\/v2\/product_tag?post=72848"}],"curies":[{"name":"wp","href":"https:\/\/api.w.org\/{rel}","templated":true}]}}