{"id":72843,"date":"2024-09-06T00:45:59","date_gmt":"2024-09-05T22:45:59","guid":{"rendered":"https:\/\/revolutionpadelstore.com\/bullpadel-flow-woman-25\/"},"modified":"2026-04-08T10:43:23","modified_gmt":"2026-04-08T08:43:23","slug":"bullpadel-flow-woman-25-1","status":"publish","type":"product","link":"https:\/\/revolutionpadelstore.com\/de\/produkt\/bullpadel-flow-woman-25-1\/","title":{"rendered":"BULLPADEL FLOW WOMAN 25"},"content":{"rendered":"<p>Inspiriert von Alejandra Salazars Spiel wurde dieser Powerschl\u00e4ger speziell f\u00fcr Frauen entwickelt, die eine perfekte Balance zwischen Leichtigkeit und Leistung suchen. Mit einem zus\u00e4tzlichen Hauch von Power im Vergleich zu seinem Vorg\u00e4nger passt sich Flow an neue Spielstile an und erm\u00f6glicht Ihnen, bei jedem Ballwechsel flie\u00dfend zu sein.<\/p>\n<p>Seine fortschrittliche Struktur und die hochwertigen Materialien verleihen Ihnen die n\u00f6tige Kraft und Pr\u00e4zision, um Schl\u00e4ge nah am Netz zu dominieren und tadellose Korbw\u00fcrfe auszuf\u00fchren, die der Eleganz und Meisterschaft von Alejandra Salazar selbst nacheifern.<\/p>\n<p>Bewegen Sie sich mit beneidenswerter Fl\u00fcssigkeit, bringen Sie die Tanzfl\u00e4che zum Tanzen und genie\u00dfen Sie die Leichtigkeit, die Sie sich w\u00fcnschen, um bei jeder Bewegung zu gl\u00e4nzen.<\/p>\n<p><strong>FLOWFORCE<\/strong><\/p>\n<p>Mit diesem Modell stellt Bullpadel das FLOWFORCE-Konzept vor. Die Technologie aus dem Herzen Ihres Padelschl\u00e4gers, die strategisch in den Arm des Schl\u00e4gers integriert ist und f\u00fcr strukturelle Verst\u00e4rkung sorgt.<\/p>\n<p>Diese Verst\u00e4rkungen st\u00e4rken nicht nur die Struktur des Schl\u00e4gers, sondern optimieren auch die Energie\u00fcbertragung, sodass Sie mit gr\u00f6\u00dferer Kraft und Pr\u00e4zision schlagen k\u00f6nnen. Mit FLOWFORCE wird jeder Schlag zu einem fl\u00fcssigen und kraftvollen Erlebnis, das Ihnen das Gef\u00fchl v\u00f6lliger Kontrolle \u00fcber den Ball gibt und es Ihnen erm\u00f6glicht, das Tempo des Spiels selbstbewusst zu bestimmen.<\/p>\n<p>Ganz gleich, ob Sie einen perfekt platzierten Korbleger ausf\u00fchren oder einen unaufhaltsamen Schmetterball ausf\u00fchren, die FLOWFORCE-Technologie gibt Ihnen die Unterst\u00fctzung, die Sie brauchen, um bei jedem Ballwechsel hervorragende Leistungen zu erbringen.<\/p>\n<p><strong>3D-K\u00f6rnung<\/strong><\/p>\n<p>Der Flow erh\u00f6ht die Kornmenge in der letzten Schicht der Schlagfl\u00e4che des Schl\u00e4gers und implementiert ein Punktmuster mit 3D-Relief, das speziell entwickelt wurde, um die Wirkung bei jedem Schlag zu maximieren. Dieses Muster wurde in Zusammenarbeit mit Alejandra Salazar sorgf\u00e4ltig untersucht und getestet, die eng an der Entwicklung gearbeitet hat, um das Design zu ermitteln, das ihre Offensivschl\u00e4ge am besten beg\u00fcnstigt. Dank dieser gemeinsamen Arbeit k\u00f6nnen Sie mit dem Flow Korbleger mit einer Pr\u00e4zision und Kraft ausf\u00fchren, die mit der von Salazar selbst vergleichbar ist, und so Ihr Spiel am Netz auf ein h\u00f6heres Niveau heben.<\/p>\n<p><strong>VIBRADRIVE<\/strong><\/p>\n<p>Vibradrive zeichnet sich durch den Einsatz eines hochelastischen Elastomers aus, das den Griff entlang seiner L\u00e4ngsachse fragmentiert. Die au\u00dfergew\u00f6hnliche Elastizit\u00e4t des verwendeten Materials und seine strategische Lage machen den Vibradrive zu einem unverzichtbaren Element zur Vibrationsd\u00e4mpfung, insbesondere bei au\u00dfermittigen Aufprallsituationen.<\/p>\n<p><strong>FIBRIX<\/strong><\/p>\n<p>Der Flow-Schl\u00e4ger verf\u00fcgt auf der letzten Seite \u00fcber eine Endkonstruktion mit Fibrix, einer Kombination aus flexiblen Glasfasern und starrem Carbon, die f\u00fcr ein weicheres und zug\u00e4nglicheres Schlaggef\u00fchl sorgt und eine h\u00f6here Ballausbeute erm\u00f6glicht. Dies gew\u00e4hrleistet eine einfache und effektive Reaktion und konzentriert sich darauf, sich fl\u00fcssig und sicher auf dem Platz bewegen zu k\u00f6nnen.<\/p>\n<p><strong>Multieva<\/strong><\/p>\n<p>Der Kern dieses Padelschl\u00e4gers wurde mit einer \u201eSandwich\u201c-Struktur entworfen, die aus drei Schichten EVA (Ethylen-Vinyl-Acetat) unterschiedlicher Dichte besteht und sorgf\u00e4ltig angepasst wurde, um die Leistung in jeder Spielsituation zu optimieren.<\/p>\n<p>1. \u00c4u\u00dfere Schichten: Die beiden \u00e4u\u00dferen Schichten bestehen aus EVA mit h\u00f6herer Dichte und Steifigkeit und sind darauf ausgelegt, die Kraft bei den explosivsten Schl\u00e4gen zu maximieren und eine schnelle und kraftvolle Reaktion beim Aufprall auf den Ball zu erm\u00f6glichen.<\/p>\n<p>2. Innenschicht: Die Innenschicht aus weicherem EVA mit geringerer Dichte fungiert als sto\u00dfd\u00e4mpfender Kern und erh\u00f6ht die Toleranz und den Komfort bei Schl\u00e4gen mit niedrigerer Geschwindigkeit. Diese innere Weichheit verbessert nicht nur das Schlaggef\u00fchl, sondern tr\u00e4gt auch dazu bei, Vibrationen zu reduzieren, das Verletzungsrisiko zu verringern und eine bessere Kontrolle bei den empfindlichsten Schl\u00e4gen zu erm\u00f6glichen.<\/p>\n","protected":false},"excerpt":{"rendered":"<p>Stellen Sie sich vor, Sie stehen auf dem Spielfeld und f\u00fchlen sich v\u00f6llig in das Spiel vertieft, als ob jeder Schlag mit nat\u00fcrlicher und charmanter Eleganz floss. Flow gibt Ihnen dieses magische Gef\u00fchl, den perfekten Zustand, in dem Sie sich ganz auf den Spa\u00df am Paddle-Tennis konzentrieren k\u00f6nnen, wie Alejandra Salazar in ihren inspirierendsten Momenten.<\/p>\n","protected":false},"featured_media":99947,"comment_status":"open","ping_status":"closed","template":"","meta":{"_acf_changed":false,"_joinchat":[]},"acabado":[1089],"balance":[1134,1139],"dureza":[1154],"forma":[1169],"jugador":[1194],"marca":[1254],"nivel-de-juego":[1334],"superficie":[1359],"tipo-de-juego":[1379,1374],"product_brand":[],"product_cat":[299],"product_tag":[],"class_list":{"0":"post-72843","1":"product","2":"type-product","3":"status-publish","4":"has-post-thumbnail","6":"acabado-3d-entlasten","7":"balance-hoch","8":"balance-mittel","9":"dureza-media-de","10":"forma-diamante-de","11":"jugador-frau","12":"marca-bullpadel-de","13":"superficie-rugosa-de","14":"tipo-de-juego-angriff","15":"tipo-de-juego-leistung","16":"product_cat-palas-de-padel-de","18":"first","19":"instock","20":"sale","21":"taxable","22":"shipping-taxable","23":"purchasable","24":"product-type-simple"},"acf":[],"yoast_head":"<!-- This site is optimized with the Yoast SEO plugin v27.4 - https:\/\/yoast.com\/product\/yoast-seo-wordpress\/ -->\n<title>BULLPADEL FLOW WOMAN 25 - Revolution Padel Store<\/title>\n<meta name=\"description\" content=\"Imagina estar en la pista y sentirte completamente inmersa en el juego, como si cada golpe fluyera con una elegancia natural y encantadora. Flow te brinda esa sensaci\u00f3n m\u00e1gica, el estado perfecto en el que est\u00e1s totalmente centrada en disfrutar del p\u00e1del, como Alejandra Salazar en sus momentos m\u00e1s inspiradores.\" \/>\n<meta name=\"robots\" content=\"index, follow, max-snippet:-1, max-image-preview:large, max-video-preview:-1\" \/>\n<link rel=\"canonical\" href=\"https:\/\/revolutionpadelstore.com\/de\/produkt\/bullpadel-flow-woman-25-1\/\" \/>\n<meta property=\"og:locale\" content=\"de_DE\" \/>\n<meta property=\"og:type\" content=\"article\" \/>\n<meta property=\"og:title\" content=\"BULLPADEL FLOW WOMAN 25 - Revolution Padel Store\" \/>\n<meta property=\"og:description\" content=\"Imagina estar en la pista y sentirte completamente inmersa en el juego, como si cada golpe fluyera con una elegancia natural y encantadora. Flow te brinda esa sensaci\u00f3n m\u00e1gica, el estado perfecto en el que est\u00e1s totalmente centrada en disfrutar del p\u00e1del, como Alejandra Salazar en sus momentos m\u00e1s inspiradores.\" \/>\n<meta property=\"og:url\" content=\"https:\/\/revolutionpadelstore.com\/de\/produkt\/bullpadel-flow-woman-25-1\/\" \/>\n<meta property=\"og:site_name\" content=\"Revolution Padel Store\" \/>\n<meta property=\"article:modified_time\" content=\"2026-04-08T08:43:23+00:00\" \/>\n<meta property=\"og:image\" content=\"https:\/\/revolutionpadelstore.com\/wp-content\/uploads\/2024\/09\/113753_pala_bullpadel_flow_woman_25_448123_mujer_1500x1500_1_1b91.webp\" \/>\n\t<meta property=\"og:image:width\" content=\"1500\" \/>\n\t<meta property=\"og:image:height\" content=\"1500\" \/>\n\t<meta property=\"og:image:type\" content=\"image\/webp\" \/>\n<meta name=\"twitter:card\" content=\"summary_large_image\" \/>\n<meta name=\"twitter:label1\" content=\"Gesch\u00e4tzte Lesezeit\" \/>\n\t<meta name=\"twitter:data1\" content=\"3\u00a0Minuten\" \/>\n<script type=\"application\/ld+json\" class=\"yoast-schema-graph\">{\"@context\":\"https:\\\/\\\/schema.org\",\"@graph\":[{\"@type\":\"WebPage\",\"@id\":\"https:\\\/\\\/revolutionpadelstore.com\\\/de\\\/produkt\\\/bullpadel-flow-woman-25-1\\\/\",\"url\":\"https:\\\/\\\/revolutionpadelstore.com\\\/de\\\/produkt\\\/bullpadel-flow-woman-25-1\\\/\",\"name\":\"BULLPADEL FLOW WOMAN 25 - Revolution Padel Store\",\"isPartOf\":{\"@id\":\"https:\\\/\\\/revolutionpadelstore.com\\\/de\\\/#website\"},\"primaryImageOfPage\":{\"@id\":\"https:\\\/\\\/revolutionpadelstore.com\\\/de\\\/produkt\\\/bullpadel-flow-woman-25-1\\\/#primaryimage\"},\"image\":{\"@id\":\"https:\\\/\\\/revolutionpadelstore.com\\\/de\\\/produkt\\\/bullpadel-flow-woman-25-1\\\/#primaryimage\"},\"thumbnailUrl\":\"https:\\\/\\\/revolutionpadelstore.com\\\/wp-content\\\/uploads\\\/2024\\\/09\\\/113753_pala_bullpadel_flow_woman_25_448123_mujer_1500x1500_1_1b91.webp\",\"datePublished\":\"2024-09-05T22:45:59+00:00\",\"dateModified\":\"2026-04-08T08:43:23+00:00\",\"description\":\"Imagina estar en la pista y sentirte completamente inmersa en el juego, como si cada golpe fluyera con una elegancia natural y encantadora. Flow te brinda esa sensaci\u00f3n m\u00e1gica, el estado perfecto en el que est\u00e1s totalmente centrada en disfrutar del p\u00e1del, como Alejandra Salazar en sus momentos m\u00e1s inspiradores.\",\"breadcrumb\":{\"@id\":\"https:\\\/\\\/revolutionpadelstore.com\\\/de\\\/produkt\\\/bullpadel-flow-woman-25-1\\\/#breadcrumb\"},\"inLanguage\":\"de\",\"potentialAction\":[{\"@type\":\"ReadAction\",\"target\":[\"https:\\\/\\\/revolutionpadelstore.com\\\/de\\\/produkt\\\/bullpadel-flow-woman-25-1\\\/\"]}]},{\"@type\":\"ImageObject\",\"inLanguage\":\"de\",\"@id\":\"https:\\\/\\\/revolutionpadelstore.com\\\/de\\\/produkt\\\/bullpadel-flow-woman-25-1\\\/#primaryimage\",\"url\":\"https:\\\/\\\/revolutionpadelstore.com\\\/wp-content\\\/uploads\\\/2024\\\/09\\\/113753_pala_bullpadel_flow_woman_25_448123_mujer_1500x1500_1_1b91.webp\",\"contentUrl\":\"https:\\\/\\\/revolutionpadelstore.com\\\/wp-content\\\/uploads\\\/2024\\\/09\\\/113753_pala_bullpadel_flow_woman_25_448123_mujer_1500x1500_1_1b91.webp\",\"width\":1500,\"height\":1500},{\"@type\":\"BreadcrumbList\",\"@id\":\"https:\\\/\\\/revolutionpadelstore.com\\\/de\\\/produkt\\\/bullpadel-flow-woman-25-1\\\/#breadcrumb\",\"itemListElement\":[{\"@type\":\"ListItem\",\"position\":1,\"name\":\"Portada\",\"item\":\"https:\\\/\\\/revolutionpadelstore.com\\\/de\\\/\"},{\"@type\":\"ListItem\",\"position\":2,\"name\":\"Shop\",\"item\":\"https:\\\/\\\/revolutionpadelstore.com\\\/de\\\/tienda\\\/\"},{\"@type\":\"ListItem\",\"position\":3,\"name\":\"BULLPADEL FLOW WOMAN 25\"}]},{\"@type\":\"WebSite\",\"@id\":\"https:\\\/\\\/revolutionpadelstore.com\\\/de\\\/#website\",\"url\":\"https:\\\/\\\/revolutionpadelstore.com\\\/de\\\/\",\"name\":\"Revolution Padel Store\",\"description\":\"\",\"publisher\":{\"@id\":\"https:\\\/\\\/revolutionpadelstore.com\\\/de\\\/#organization\"},\"potentialAction\":[{\"@type\":\"SearchAction\",\"target\":{\"@type\":\"EntryPoint\",\"urlTemplate\":\"https:\\\/\\\/revolutionpadelstore.com\\\/de\\\/?s={search_term_string}\"},\"query-input\":{\"@type\":\"PropertyValueSpecification\",\"valueRequired\":true,\"valueName\":\"search_term_string\"}}],\"inLanguage\":\"de\"},{\"@type\":\"Organization\",\"@id\":\"https:\\\/\\\/revolutionpadelstore.com\\\/de\\\/#organization\",\"name\":\"Revolution Padel Store\",\"url\":\"https:\\\/\\\/revolutionpadelstore.com\\\/de\\\/\",\"logo\":{\"@type\":\"ImageObject\",\"inLanguage\":\"de\",\"@id\":\"https:\\\/\\\/revolutionpadelstore.com\\\/de\\\/#\\\/schema\\\/logo\\\/image\\\/\",\"url\":\"https:\\\/\\\/revolutionpadelstore.com\\\/wp-content\\\/uploads\\\/2026\\\/02\\\/revolution-padel-store.jpg\",\"contentUrl\":\"https:\\\/\\\/revolutionpadelstore.com\\\/wp-content\\\/uploads\\\/2026\\\/02\\\/revolution-padel-store.jpg\",\"width\":2000,\"height\":2000,\"caption\":\"Revolution Padel Store\"},\"image\":{\"@id\":\"https:\\\/\\\/revolutionpadelstore.com\\\/de\\\/#\\\/schema\\\/logo\\\/image\\\/\"},\"sameAs\":[\"https:\\\/\\\/www.instagram.com\\\/revolutionpadelstore\\\/\"]}]}<\/script>\n<!-- \/ Yoast SEO plugin. -->","yoast_head_json":{"title":"BULLPADEL FLOW WOMAN 25 - Revolution Padel Store","description":"Imagina estar en la pista y sentirte completamente inmersa en el juego, como si cada golpe fluyera con una elegancia natural y encantadora. Flow te brinda esa sensaci\u00f3n m\u00e1gica, el estado perfecto en el que est\u00e1s totalmente centrada en disfrutar del p\u00e1del, como Alejandra Salazar en sus momentos m\u00e1s inspiradores.","robots":{"index":"index","follow":"follow","max-snippet":"max-snippet:-1","max-image-preview":"max-image-preview:large","max-video-preview":"max-video-preview:-1"},"canonical":"https:\/\/revolutionpadelstore.com\/de\/produkt\/bullpadel-flow-woman-25-1\/","og_locale":"de_DE","og_type":"article","og_title":"BULLPADEL FLOW WOMAN 25 - Revolution Padel Store","og_description":"Imagina estar en la pista y sentirte completamente inmersa en el juego, como si cada golpe fluyera con una elegancia natural y encantadora. Flow te brinda esa sensaci\u00f3n m\u00e1gica, el estado perfecto en el que est\u00e1s totalmente centrada en disfrutar del p\u00e1del, como Alejandra Salazar en sus momentos m\u00e1s inspiradores.","og_url":"https:\/\/revolutionpadelstore.com\/de\/produkt\/bullpadel-flow-woman-25-1\/","og_site_name":"Revolution Padel Store","article_modified_time":"2026-04-08T08:43:23+00:00","og_image":[{"width":1500,"height":1500,"url":"https:\/\/revolutionpadelstore.com\/wp-content\/uploads\/2024\/09\/113753_pala_bullpadel_flow_woman_25_448123_mujer_1500x1500_1_1b91.webp","type":"image\/webp"}],"twitter_card":"summary_large_image","twitter_misc":{"Gesch\u00e4tzte Lesezeit":"3\u00a0Minuten"},"schema":{"@context":"https:\/\/schema.org","@graph":[{"@type":"WebPage","@id":"https:\/\/revolutionpadelstore.com\/de\/produkt\/bullpadel-flow-woman-25-1\/","url":"https:\/\/revolutionpadelstore.com\/de\/produkt\/bullpadel-flow-woman-25-1\/","name":"BULLPADEL FLOW WOMAN 25 - Revolution Padel Store","isPartOf":{"@id":"https:\/\/revolutionpadelstore.com\/de\/#website"},"primaryImageOfPage":{"@id":"https:\/\/revolutionpadelstore.com\/de\/produkt\/bullpadel-flow-woman-25-1\/#primaryimage"},"image":{"@id":"https:\/\/revolutionpadelstore.com\/de\/produkt\/bullpadel-flow-woman-25-1\/#primaryimage"},"thumbnailUrl":"https:\/\/revolutionpadelstore.com\/wp-content\/uploads\/2024\/09\/113753_pala_bullpadel_flow_woman_25_448123_mujer_1500x1500_1_1b91.webp","datePublished":"2024-09-05T22:45:59+00:00","dateModified":"2026-04-08T08:43:23+00:00","description":"Imagina estar en la pista y sentirte completamente inmersa en el juego, como si cada golpe fluyera con una elegancia natural y encantadora. Flow te brinda esa sensaci\u00f3n m\u00e1gica, el estado perfecto en el que est\u00e1s totalmente centrada en disfrutar del p\u00e1del, como Alejandra Salazar en sus momentos m\u00e1s inspiradores.","breadcrumb":{"@id":"https:\/\/revolutionpadelstore.com\/de\/produkt\/bullpadel-flow-woman-25-1\/#breadcrumb"},"inLanguage":"de","potentialAction":[{"@type":"ReadAction","target":["https:\/\/revolutionpadelstore.com\/de\/produkt\/bullpadel-flow-woman-25-1\/"]}]},{"@type":"ImageObject","inLanguage":"de","@id":"https:\/\/revolutionpadelstore.com\/de\/produkt\/bullpadel-flow-woman-25-1\/#primaryimage","url":"https:\/\/revolutionpadelstore.com\/wp-content\/uploads\/2024\/09\/113753_pala_bullpadel_flow_woman_25_448123_mujer_1500x1500_1_1b91.webp","contentUrl":"https:\/\/revolutionpadelstore.com\/wp-content\/uploads\/2024\/09\/113753_pala_bullpadel_flow_woman_25_448123_mujer_1500x1500_1_1b91.webp","width":1500,"height":1500},{"@type":"BreadcrumbList","@id":"https:\/\/revolutionpadelstore.com\/de\/produkt\/bullpadel-flow-woman-25-1\/#breadcrumb","itemListElement":[{"@type":"ListItem","position":1,"name":"Portada","item":"https:\/\/revolutionpadelstore.com\/de\/"},{"@type":"ListItem","position":2,"name":"Shop","item":"https:\/\/revolutionpadelstore.com\/de\/tienda\/"},{"@type":"ListItem","position":3,"name":"BULLPADEL FLOW WOMAN 25"}]},{"@type":"WebSite","@id":"https:\/\/revolutionpadelstore.com\/de\/#website","url":"https:\/\/revolutionpadelstore.com\/de\/","name":"Revolution Padel Store","description":"","publisher":{"@id":"https:\/\/revolutionpadelstore.com\/de\/#organization"},"potentialAction":[{"@type":"SearchAction","target":{"@type":"EntryPoint","urlTemplate":"https:\/\/revolutionpadelstore.com\/de\/?s={search_term_string}"},"query-input":{"@type":"PropertyValueSpecification","valueRequired":true,"valueName":"search_term_string"}}],"inLanguage":"de"},{"@type":"Organization","@id":"https:\/\/revolutionpadelstore.com\/de\/#organization","name":"Revolution Padel Store","url":"https:\/\/revolutionpadelstore.com\/de\/","logo":{"@type":"ImageObject","inLanguage":"de","@id":"https:\/\/revolutionpadelstore.com\/de\/#\/schema\/logo\/image\/","url":"https:\/\/revolutionpadelstore.com\/wp-content\/uploads\/2026\/02\/revolution-padel-store.jpg","contentUrl":"https:\/\/revolutionpadelstore.com\/wp-content\/uploads\/2026\/02\/revolution-padel-store.jpg","width":2000,"height":2000,"caption":"Revolution Padel Store"},"image":{"@id":"https:\/\/revolutionpadelstore.com\/de\/#\/schema\/logo\/image\/"},"sameAs":["https:\/\/www.instagram.com\/revolutionpadelstore\/"]}]}},"_links":{"self":[{"href":"https:\/\/revolutionpadelstore.com\/de\/wp-json\/wp\/v2\/product\/72843","targetHints":{"allow":["GET"]}}],"collection":[{"href":"https:\/\/revolutionpadelstore.com\/de\/wp-json\/wp\/v2\/product"}],"about":[{"href":"https:\/\/revolutionpadelstore.com\/de\/wp-json\/wp\/v2\/types\/product"}],"replies":[{"embeddable":true,"href":"https:\/\/revolutionpadelstore.com\/de\/wp-json\/wp\/v2\/comments?post=72843"}],"wp:featuredmedia":[{"embeddable":true,"href":"https:\/\/revolutionpadelstore.com\/de\/wp-json\/wp\/v2\/media\/99947"}],"wp:attachment":[{"href":"https:\/\/revolutionpadelstore.com\/de\/wp-json\/wp\/v2\/media?parent=72843"}],"wp:term":[{"taxonomy":"acabado","embeddable":true,"href":"https:\/\/revolutionpadelstore.com\/de\/wp-json\/wp\/v2\/acabado?post=72843"},{"taxonomy":"balance","embeddable":true,"href":"https:\/\/revolutionpadelstore.com\/de\/wp-json\/wp\/v2\/balance?post=72843"},{"taxonomy":"dureza","embeddable":true,"href":"https:\/\/revolutionpadelstore.com\/de\/wp-json\/wp\/v2\/dureza?post=72843"},{"taxonomy":"forma","embeddable":true,"href":"https:\/\/revolutionpadelstore.com\/de\/wp-json\/wp\/v2\/forma?post=72843"},{"taxonomy":"jugador","embeddable":true,"href":"https:\/\/revolutionpadelstore.com\/de\/wp-json\/wp\/v2\/jugador?post=72843"},{"taxonomy":"marca","embeddable":true,"href":"https:\/\/revolutionpadelstore.com\/de\/wp-json\/wp\/v2\/marca?post=72843"},{"taxonomy":"nivel-de-juego","embeddable":true,"href":"https:\/\/revolutionpadelstore.com\/de\/wp-json\/wp\/v2\/nivel-de-juego?post=72843"},{"taxonomy":"superficie","embeddable":true,"href":"https:\/\/revolutionpadelstore.com\/de\/wp-json\/wp\/v2\/superficie?post=72843"},{"taxonomy":"tipo-de-juego","embeddable":true,"href":"https:\/\/revolutionpadelstore.com\/de\/wp-json\/wp\/v2\/tipo-de-juego?post=72843"},{"taxonomy":"product_brand","embeddable":true,"href":"https:\/\/revolutionpadelstore.com\/de\/wp-json\/wp\/v2\/product_brand?post=72843"},{"taxonomy":"product_cat","embeddable":true,"href":"https:\/\/revolutionpadelstore.com\/de\/wp-json\/wp\/v2\/product_cat?post=72843"},{"taxonomy":"product_tag","embeddable":true,"href":"https:\/\/revolutionpadelstore.com\/de\/wp-json\/wp\/v2\/product_tag?post=72843"}],"curies":[{"name":"wp","href":"https:\/\/api.w.org\/{rel}","templated":true}]}}