{"id":72838,"date":"2024-09-08T18:09:27","date_gmt":"2024-09-08T16:09:27","guid":{"rendered":"https:\/\/revolutionpadelstore.com\/bullpadel-hack-04-25\/"},"modified":"2026-04-10T02:05:32","modified_gmt":"2026-04-10T00:05:32","slug":"bullpadel-hack-04-25-1","status":"publish","type":"product","link":"https:\/\/revolutionpadelstore.com\/de\/produkt\/bullpadel-hack-04-25-1\/","title":{"rendered":"BULLPADEL HACK 04 25"},"content":{"rendered":"<p>Die Hack-Reihe hat mit ihrer 10-j\u00e4hrigen Entwicklungsgeschichte unausl\u00f6schliche Spuren in der Geschichte der Pisten hinterlassen. Als Vertriebsf\u00fchrer und Tr\u00e4ger eines revolution\u00e4ren Ansatzes war der Hack schon immer ein Standardtr\u00e4ger roher Kraft. Definieren Sie jetzt Ihr Spielerlebnis neu, f\u00fcr ein neues Konzept. Die <strong>dynamische Kraft<\/strong>.<\/p>\n<p>Das unerm\u00fcdliche Streben nach Perfektion ist der Motor, der alle Sportler antreibt. In unserem Wunsch, das Spiel f\u00fcr unsere Spieler einfacher zu machen, entwickeln wir unsere Produkte entsprechend ihrer Bed\u00fcrfnisse weiter und ber\u00fccksichtigen dabei die Entwicklung des Spiels, die unsere professionellen Spieler an uns weitergeben.<\/p>\n<p>Aus diesem Grund b\u00fcndelt Hack 04 seine wertvollen Meinungen, um mit seinen neuen Technologien Spitzenleistungen zu erzielen.<\/p>\n<p><strong>Gesamt, Kanal<\/strong><\/p>\n<p>Der HACK 04 \u00fcbertrifft alle Erwartungen und f\u00fchrt das Konzept der dynamischen Kraft ein. Der Schl\u00fcssel liegt in der F\u00e4higkeit, die durch die Bewegung des Spielers erzeugte Geschwindigkeit zu maximieren und kinetische Energie in kraftvolle und pr\u00e4zise Schl\u00e4ge umzuwandeln.<\/p>\n<p>Die Aerodynamik des HACK 04 wurde sorgf\u00e4ltig verfeinert, um die Schwunggeschwindigkeit durch die Einf\u00fchrung eines Kanals um den gesamten Umfang zu optimieren. Ihr Ziel? Reduzieren Sie den Luftwiderstand auf ein Maximum, indem Sie das Air React Channel-System miteinander verbinden.<\/p>\n<p>Dieser Umfangskanal verbessert au\u00dferdem die Torsionsstabilit\u00e4t und sorgt f\u00fcr eine gr\u00f6\u00dfere Steifigkeit des Rahmens, wodurch die Energie\u00fcbertragung bei jedem Schlag optimiert wird.<\/p>\n<p>Mit dem neuen HACK 04 sp\u00fcren Sie rasante Beschleunigung und verwandeln diese in kraftvolle Schl\u00e4ge.<\/p>\n<p><strong>Tricore<\/strong><\/p>\n<p>Das neue TRICORE-Herz erh\u00f6ht die Dicke seiner Vektoren, um Vibrationen zu reduzieren und Stabilit\u00e4t und Kraft zu verbessern. Au\u00dferdem. Jetzt geht der AIR REACT CHANNEL komplett durch das Herz! Der Luftstrom ist schneller und ohne Turbulenzen, was die Handhabbarkeit und BESCHLEUNIGUNG verbessert, schnellere Bewegungen erm\u00f6glicht und die Kraft bei jedem Schlag erh\u00f6ht.<\/p>\n<p><strong>Luftreaktionskanal<\/strong><\/p>\n<p>Mit diesem Hack 04 wird in der Welt des Padelsports die Aerodynamik betont. Um das Profil zu erg\u00e4nzen, das sich entlang des gesamten Rahmens des Schl\u00e4gers erstreckt, verf\u00fcgt der Hack 04 \u00fcber die Air React Channel-Technologie. Der erste Luftkanal, der in der Welt des Paddle-Tennis entwickelt wurde und zu einer Designreferenz in der Branche wurde.<\/p>\n<p>Diese Technologie reduziert den Luftwiderstand im Herzbereich des Schl\u00e4gers und macht den Schl\u00e4ger agiler und leichter, was eine h\u00f6here Beschleunigungsgeschwindigkeit und eine schnellere, effektivere Ausf\u00fchrung bei jedem Schlag erm\u00f6glicht.<\/p>\n<p>Dar\u00fcber hinaus verbessert der Air React Channel nicht nur die Aerodynamik des Schl\u00e4gers, sondern st\u00e4rkt dank seiner vier Arme im Herzen auch seine strukturelle Integrit\u00e4t, optimiert die Energier\u00fcckgabe, erh\u00f6ht die Abgangsgeschwindigkeit des Balls und erh\u00f6ht die Reaktivit\u00e4t Ihres Spiels .<\/p>\n<p><strong>Ease Vibe<\/strong><\/p>\n<p>Die Ease Vibe sind hochmoderne D\u00e4mpfer, die Ihre Leistung auf dem Padel-Platz optimieren sollen. Die Ease Vibe sind in vier strategische L\u00f6cher im Schl\u00e4gerblatt integriert und wurden von der Polytechnischen Universit\u00e4t Madrid strengen Studien unterzogen. Dabei wurde nachgewiesen, dass sie bis zu 49 % der Vibrationen absorbieren k\u00f6nnen, die beim Schlagen des Balls entstehen.<\/p>\n<p>Dank ihrer neu gestalteten federf\u00f6rmigen Geometrie verbessern diese D\u00e4mpfer nicht nur die Schwingungsd\u00e4mpfung, sondern steigern auch ihre Gesamtleistung. Diese innovative Form erm\u00f6glicht eine einzigartige individuelle Anpassung des Schlaggef\u00fchls und der Balance des Schl\u00e4gers und gibt Ihnen die Flexibilit\u00e4t, Ihr Spiel an Ihre Bed\u00fcrfnisse anzupassen. Ganz gleich, ob Sie auf der Suche nach mehr Kontrolle oder Power sind, mit dem Ease Vibe k\u00f6nnen Sie Ihren Schl\u00e4ger anpassen, um jeden Schlag zu maximieren und ein komfortableres und effektiveres Spielerlebnis zu gew\u00e4hrleisten.<\/p>\n<p><strong>Benutzerdefiniertes Gewicht<\/strong><\/p>\n<p>Das CustomWeight-Gewichtssystem besteht aus gelbeschichteten Platten mit einem Gewicht von 3 g pro Einheit, die an den spezifischen Stellen, an denen sie platziert werden, f\u00fcr zus\u00e4tzliches Gewicht sorgen. Dadurch gelingt es uns, die Balance des Schl\u00e4gers an die Bed\u00fcrfnisse jedes Spielers anzupassen. Die HACK 04-Struktur ist f\u00fcr die Platzierung von insgesamt 5 Gewichten ausgelegt. 4 auf der Oberseite der Klinge und eine weitere auf dem Kappenteil mit einem Gewicht von 5 g oder 10 g. Mit all dem k\u00f6nnen wir unterschiedliche Spezifikationen von bis zu 22 g mehr und einer Balance\u00e4nderung von +-1 cm erstellen.<\/p>\n<p><strong>SmartHoles<\/strong><\/p>\n<p>Die Verteilung der L\u00f6cher in einem Padelschl\u00e4ger spielt eine wichtige Rolle f\u00fcr die Leistung und beeinflusst Faktoren wie Kontrolle, Ballabgabe oder Kraft. Das neue Lochmuster der Hack 04-Linie wurde mit einem Format aus konzentrischen Kreisen neu gestaltet, das eine ausgewogenere Verteilung, gr\u00f6\u00dfere Flexibilit\u00e4t auf der Schlagfl\u00e4che des Schl\u00e4gers und damit eine gr\u00f6\u00dfere Ballausbeute und einen gr\u00f6\u00dferen Sweetspot erm\u00f6glicht.<\/p>\n<p><strong>3D-K\u00f6rnung<\/strong><\/p>\n<p>Der Bullpadel HACK 04 verf\u00fcgt \u00fcber eine neue raue 3D-Oberfl\u00e4che mit konzentrischen Kreisen, die zur Optimierung der Effekte entwickelt wurde. Beim Aufprall des Balls erzeugt diese neue Rauheit eine gr\u00f6\u00dfere Reibung und sorgt so f\u00fcr einen l\u00e4ngeren und pr\u00e4ziseren Kontakt, was sich in gewinnbringenden Effekten niederschl\u00e4gt, sowohl bei Sch\u00fcssen von der Grundlinie als auch bei subtilen Sch\u00fcssen in der N\u00e4he des Netzes.<\/p>\n<p><strong>Hesacore<\/strong><\/p>\n<p>Entdecken Sie den neuen Hesacore und seine erneuerte Formel, um den Schutz Ihres Spiels zu erh\u00f6hen. Vergessen Sie mit dem neuen Hesacore Armbeschwerden und unerw\u00fcnschte Vibrationen: Unser fortschrittliches Anti-Vibrations-Elastomer filtert und minimiert diese Empfindungen, sodass Sie sich ohne Ablenkungen auf Ihre Leistung konzentrieren k\u00f6nnen.<\/p>\n<p>Sein ergonomisches Wabendesign maximiert den Kontakt zwischen Hand und Faust, sodass die Finger auf den konkaven Oberfl\u00e4chen ruhen k\u00f6nnen. Dies verringert die Belastung und das Verletzungsrisiko und sorgt gleichzeitig f\u00fcr einen festen und bequemen Halt. Mit dem neuen Hesacore behalten Sie jederzeit die volle Kontrolle \u00fcber Ihren Schl\u00e4ger.<\/p>\n<p><strong>Vibradrive<\/strong><\/p>\n<p>Vibradrive zeichnet sich durch den Einsatz eines hochelastischen Elastomers aus, das den Griff entlang seiner L\u00e4ngsachse fragmentiert. Die au\u00dfergew\u00f6hnliche Elastizit\u00e4t des verwendeten Materials und seine strategische Lage machen den Vibradrive zu einem unverzichtbaren Element zur Vibrationsd\u00e4mpfung, insbesondere bei au\u00dfermittigen Aufprallsituationen.<\/p>\n<p><strong>TriCarbon 18K<\/strong><\/p>\n<p>Der Hack 04 enth\u00e4lt die von Bullpadel entwickelte fortschrittliche Tricarbon-Kohlefaser. Dieses innovative Material besteht aus 18K ultraleichten und d\u00fcnneren Carbonfilamenten, die in drei strategischen Richtungen miteinander verflochten sind.<\/p>\n<p>Dank dieser dreidimensionalen Struktur verbessert Tricarbon nicht nur die Reaktionsgeschwindigkeit des Kerns im Moment des Aufpralls, sondern optimiert auch die R\u00fcckkehr der Klinge nach dem Schlag. Dies f\u00fchrt zu einer effizienteren Energie\u00fcbertragung, wodurch jede Bewegung schneller abl\u00e4uft.<\/p>\n<p><strong>Multieva<\/strong><\/p>\n<p>Der Kern dieses Padelschl\u00e4gers wurde mit einer \u201eSandwich\u201c-Struktur entworfen, die aus drei Schichten EVA (Ethylen-Vinyl-Acetat) unterschiedlicher Dichte besteht und sorgf\u00e4ltig angepasst wurde, um die Leistung in jeder Spielsituation zu optimieren.<\/p>\n<p>1. \u00c4u\u00dfere Schichten: Die beiden \u00e4u\u00dferen Schichten bestehen aus EVA mit h\u00f6herer Dichte und Steifigkeit und sind darauf ausgelegt, die Kraft bei den explosivsten Schl\u00e4gen zu maximieren und eine schnelle und kraftvolle Reaktion beim Aufprall auf den Ball zu erm\u00f6glichen.<\/p>\n<p>2. Innenschicht: Die Innenschicht aus weicherem EVA mit geringerer Dichte fungiert als sto\u00dfd\u00e4mpfender Kern und erh\u00f6ht die Toleranz und den Komfort bei Schl\u00e4gen mit niedrigerer Geschwindigkeit. Diese innere Weichheit verbessert nicht nur das Schlaggef\u00fchl, sondern tr\u00e4gt auch dazu bei, Vibrationen zu reduzieren, das Verletzungsrisiko zu verringern und eine bessere Kontrolle bei den heikelsten Schl\u00e4gen zu erm\u00f6glichen.<\/p>\n<p>Durch diese Materialkombination passt sich der Schl\u00e4ger dynamisch an verschiedene Spielstile an.<\/p>\n","protected":false},"excerpt":{"rendered":"<p>Wir pr\u00e4sentieren Ihnen den neuen Bullpadel <strong>HACK 04<\/strong>, den Padelschl\u00e4ger von <strong>Paquito Navarro<\/strong> mit seiner innovativen Total Channel-Technologie und der Dreifachbr\u00fccke im Herzen. Entdecken Sie seine dynamische Kraft und entfesseln Sie mit Ihren Bewegungen einen Sturm.<\/p>\n<p>Ein schnellerer, kraftvollerer, dynamischerer und agilerer Padelschl\u00e4ger. Entwickelt, um den Ball bei jedem Schlag in Brand zu setzen, dank der Kombination aus seinem exklusiven Total Channel und seinem un\u00fcbertroffenen Sweet Spot, der es Ihnen erm\u00f6glicht, Ihre Schl\u00e4ge einfacher zu beschleunigen, um sie auf ein neues Level zu bringen.<br \/>\nWenn Sie gerne schnell spielen, ist der neue HACK 04 Ihr Schl\u00e4ger!<\/p>\n","protected":false},"featured_media":99953,"comment_status":"open","ping_status":"closed","template":"","meta":{"_acf_changed":false,"_joinchat":[]},"acabado":[1089],"balance":[1134,1139],"dureza":[1159],"forma":[1169],"jugador":[1189,1199],"marca":[1254],"nivel-de-juego":[1334,1344],"superficie":[1359],"tipo-de-juego":[1379,1374],"product_brand":[],"product_cat":[299],"product_tag":[],"class_list":{"0":"post-72838","1":"product","2":"type-product","3":"status-publish","4":"has-post-thumbnail","6":"acabado-3d-entlasten","7":"balance-hoch","8":"balance-mittel","9":"dureza-dura-de","10":"forma-diamante-de","11":"jugador-mann","12":"jugador-mehrzweck","13":"marca-bullpadel-de","14":"superficie-rugosa-de","15":"tipo-de-juego-angriff","16":"tipo-de-juego-leistung","17":"product_cat-palas-de-padel-de","19":"first","20":"instock","21":"sale","22":"taxable","23":"shipping-taxable","24":"purchasable","25":"product-type-simple"},"acf":[],"yoast_head":"<!-- This site is optimized with the Yoast SEO plugin v27.4 - https:\/\/yoast.com\/product\/yoast-seo-wordpress\/ -->\n<title>BULLPADEL HACK 04 25 - Revolution Padel Store<\/title>\n<meta name=\"description\" content=\"La gama Hack, con una trayectoria de 10 a\u00f1os de desarrollo, ha dejado una huella imborrable en la historia de las pistas. L\u00edder en ventas y portadora de un enfoque revolucionario, la Hack siempre fue un estandarte de la potencia bruta. Ahora redefine su experiencia de juego, por un nuevo concepto. La\u00a0potencia din\u00e1mica.\" \/>\n<meta name=\"robots\" content=\"index, follow, max-snippet:-1, max-image-preview:large, max-video-preview:-1\" \/>\n<link rel=\"canonical\" href=\"https:\/\/revolutionpadelstore.com\/de\/produkt\/bullpadel-hack-04-25-1\/\" \/>\n<meta property=\"og:locale\" content=\"de_DE\" \/>\n<meta property=\"og:type\" content=\"article\" \/>\n<meta property=\"og:title\" content=\"BULLPADEL HACK 04 25 - Revolution Padel Store\" \/>\n<meta property=\"og:description\" content=\"La gama Hack, con una trayectoria de 10 a\u00f1os de desarrollo, ha dejado una huella imborrable en la historia de las pistas. L\u00edder en ventas y portadora de un enfoque revolucionario, la Hack siempre fue un estandarte de la potencia bruta. Ahora redefine su experiencia de juego, por un nuevo concepto. La\u00a0potencia din\u00e1mica.\" \/>\n<meta property=\"og:url\" content=\"https:\/\/revolutionpadelstore.com\/de\/produkt\/bullpadel-hack-04-25-1\/\" \/>\n<meta property=\"og:site_name\" content=\"Revolution Padel Store\" \/>\n<meta property=\"article:modified_time\" content=\"2026-04-10T00:05:32+00:00\" \/>\n<meta property=\"og:image\" content=\"https:\/\/revolutionpadelstore.com\/wp-content\/uploads\/2024\/09\/113754_pala_bullpadel_hack_04_25_448113_1500x1500_1_2c48.webp\" \/>\n\t<meta property=\"og:image:width\" content=\"1500\" \/>\n\t<meta property=\"og:image:height\" content=\"1500\" \/>\n\t<meta property=\"og:image:type\" content=\"image\/webp\" \/>\n<meta name=\"twitter:card\" content=\"summary_large_image\" \/>\n<meta name=\"twitter:label1\" content=\"Gesch\u00e4tzte Lesezeit\" \/>\n\t<meta name=\"twitter:data1\" content=\"6\u00a0Minuten\" \/>\n<script type=\"application\/ld+json\" class=\"yoast-schema-graph\">{\"@context\":\"https:\\\/\\\/schema.org\",\"@graph\":[{\"@type\":\"WebPage\",\"@id\":\"https:\\\/\\\/revolutionpadelstore.com\\\/de\\\/produkt\\\/bullpadel-hack-04-25-1\\\/\",\"url\":\"https:\\\/\\\/revolutionpadelstore.com\\\/de\\\/produkt\\\/bullpadel-hack-04-25-1\\\/\",\"name\":\"BULLPADEL HACK 04 25 - Revolution Padel Store\",\"isPartOf\":{\"@id\":\"https:\\\/\\\/revolutionpadelstore.com\\\/de\\\/#website\"},\"primaryImageOfPage\":{\"@id\":\"https:\\\/\\\/revolutionpadelstore.com\\\/de\\\/produkt\\\/bullpadel-hack-04-25-1\\\/#primaryimage\"},\"image\":{\"@id\":\"https:\\\/\\\/revolutionpadelstore.com\\\/de\\\/produkt\\\/bullpadel-hack-04-25-1\\\/#primaryimage\"},\"thumbnailUrl\":\"https:\\\/\\\/revolutionpadelstore.com\\\/wp-content\\\/uploads\\\/2024\\\/09\\\/113754_pala_bullpadel_hack_04_25_448113_1500x1500_1_2c48.webp\",\"datePublished\":\"2024-09-08T16:09:27+00:00\",\"dateModified\":\"2026-04-10T00:05:32+00:00\",\"description\":\"La gama Hack, con una trayectoria de 10 a\u00f1os de desarrollo, ha dejado una huella imborrable en la historia de las pistas. L\u00edder en ventas y portadora de un enfoque revolucionario, la Hack siempre fue un estandarte de la potencia bruta. Ahora redefine su experiencia de juego, por un nuevo concepto. La\u00a0potencia din\u00e1mica.\",\"breadcrumb\":{\"@id\":\"https:\\\/\\\/revolutionpadelstore.com\\\/de\\\/produkt\\\/bullpadel-hack-04-25-1\\\/#breadcrumb\"},\"inLanguage\":\"de\",\"potentialAction\":[{\"@type\":\"ReadAction\",\"target\":[\"https:\\\/\\\/revolutionpadelstore.com\\\/de\\\/produkt\\\/bullpadel-hack-04-25-1\\\/\"]}]},{\"@type\":\"ImageObject\",\"inLanguage\":\"de\",\"@id\":\"https:\\\/\\\/revolutionpadelstore.com\\\/de\\\/produkt\\\/bullpadel-hack-04-25-1\\\/#primaryimage\",\"url\":\"https:\\\/\\\/revolutionpadelstore.com\\\/wp-content\\\/uploads\\\/2024\\\/09\\\/113754_pala_bullpadel_hack_04_25_448113_1500x1500_1_2c48.webp\",\"contentUrl\":\"https:\\\/\\\/revolutionpadelstore.com\\\/wp-content\\\/uploads\\\/2024\\\/09\\\/113754_pala_bullpadel_hack_04_25_448113_1500x1500_1_2c48.webp\",\"width\":1500,\"height\":1500},{\"@type\":\"BreadcrumbList\",\"@id\":\"https:\\\/\\\/revolutionpadelstore.com\\\/de\\\/produkt\\\/bullpadel-hack-04-25-1\\\/#breadcrumb\",\"itemListElement\":[{\"@type\":\"ListItem\",\"position\":1,\"name\":\"Portada\",\"item\":\"https:\\\/\\\/revolutionpadelstore.com\\\/de\\\/\"},{\"@type\":\"ListItem\",\"position\":2,\"name\":\"Shop\",\"item\":\"https:\\\/\\\/revolutionpadelstore.com\\\/de\\\/tienda\\\/\"},{\"@type\":\"ListItem\",\"position\":3,\"name\":\"BULLPADEL HACK 04 25\"}]},{\"@type\":\"WebSite\",\"@id\":\"https:\\\/\\\/revolutionpadelstore.com\\\/de\\\/#website\",\"url\":\"https:\\\/\\\/revolutionpadelstore.com\\\/de\\\/\",\"name\":\"Revolution Padel Store\",\"description\":\"\",\"publisher\":{\"@id\":\"https:\\\/\\\/revolutionpadelstore.com\\\/de\\\/#organization\"},\"potentialAction\":[{\"@type\":\"SearchAction\",\"target\":{\"@type\":\"EntryPoint\",\"urlTemplate\":\"https:\\\/\\\/revolutionpadelstore.com\\\/de\\\/?s={search_term_string}\"},\"query-input\":{\"@type\":\"PropertyValueSpecification\",\"valueRequired\":true,\"valueName\":\"search_term_string\"}}],\"inLanguage\":\"de\"},{\"@type\":\"Organization\",\"@id\":\"https:\\\/\\\/revolutionpadelstore.com\\\/de\\\/#organization\",\"name\":\"Revolution Padel Store\",\"url\":\"https:\\\/\\\/revolutionpadelstore.com\\\/de\\\/\",\"logo\":{\"@type\":\"ImageObject\",\"inLanguage\":\"de\",\"@id\":\"https:\\\/\\\/revolutionpadelstore.com\\\/de\\\/#\\\/schema\\\/logo\\\/image\\\/\",\"url\":\"https:\\\/\\\/revolutionpadelstore.com\\\/wp-content\\\/uploads\\\/2026\\\/02\\\/revolution-padel-store.jpg\",\"contentUrl\":\"https:\\\/\\\/revolutionpadelstore.com\\\/wp-content\\\/uploads\\\/2026\\\/02\\\/revolution-padel-store.jpg\",\"width\":2000,\"height\":2000,\"caption\":\"Revolution Padel Store\"},\"image\":{\"@id\":\"https:\\\/\\\/revolutionpadelstore.com\\\/de\\\/#\\\/schema\\\/logo\\\/image\\\/\"},\"sameAs\":[\"https:\\\/\\\/www.instagram.com\\\/revolutionpadelstore\\\/\"]}]}<\/script>\n<!-- \/ Yoast SEO plugin. -->","yoast_head_json":{"title":"BULLPADEL HACK 04 25 - Revolution Padel Store","description":"La gama Hack, con una trayectoria de 10 a\u00f1os de desarrollo, ha dejado una huella imborrable en la historia de las pistas. L\u00edder en ventas y portadora de un enfoque revolucionario, la Hack siempre fue un estandarte de la potencia bruta. Ahora redefine su experiencia de juego, por un nuevo concepto. La\u00a0potencia din\u00e1mica.","robots":{"index":"index","follow":"follow","max-snippet":"max-snippet:-1","max-image-preview":"max-image-preview:large","max-video-preview":"max-video-preview:-1"},"canonical":"https:\/\/revolutionpadelstore.com\/de\/produkt\/bullpadel-hack-04-25-1\/","og_locale":"de_DE","og_type":"article","og_title":"BULLPADEL HACK 04 25 - Revolution Padel Store","og_description":"La gama Hack, con una trayectoria de 10 a\u00f1os de desarrollo, ha dejado una huella imborrable en la historia de las pistas. L\u00edder en ventas y portadora de un enfoque revolucionario, la Hack siempre fue un estandarte de la potencia bruta. Ahora redefine su experiencia de juego, por un nuevo concepto. La\u00a0potencia din\u00e1mica.","og_url":"https:\/\/revolutionpadelstore.com\/de\/produkt\/bullpadel-hack-04-25-1\/","og_site_name":"Revolution Padel Store","article_modified_time":"2026-04-10T00:05:32+00:00","og_image":[{"width":1500,"height":1500,"url":"https:\/\/revolutionpadelstore.com\/wp-content\/uploads\/2024\/09\/113754_pala_bullpadel_hack_04_25_448113_1500x1500_1_2c48.webp","type":"image\/webp"}],"twitter_card":"summary_large_image","twitter_misc":{"Gesch\u00e4tzte Lesezeit":"6\u00a0Minuten"},"schema":{"@context":"https:\/\/schema.org","@graph":[{"@type":"WebPage","@id":"https:\/\/revolutionpadelstore.com\/de\/produkt\/bullpadel-hack-04-25-1\/","url":"https:\/\/revolutionpadelstore.com\/de\/produkt\/bullpadel-hack-04-25-1\/","name":"BULLPADEL HACK 04 25 - Revolution Padel Store","isPartOf":{"@id":"https:\/\/revolutionpadelstore.com\/de\/#website"},"primaryImageOfPage":{"@id":"https:\/\/revolutionpadelstore.com\/de\/produkt\/bullpadel-hack-04-25-1\/#primaryimage"},"image":{"@id":"https:\/\/revolutionpadelstore.com\/de\/produkt\/bullpadel-hack-04-25-1\/#primaryimage"},"thumbnailUrl":"https:\/\/revolutionpadelstore.com\/wp-content\/uploads\/2024\/09\/113754_pala_bullpadel_hack_04_25_448113_1500x1500_1_2c48.webp","datePublished":"2024-09-08T16:09:27+00:00","dateModified":"2026-04-10T00:05:32+00:00","description":"La gama Hack, con una trayectoria de 10 a\u00f1os de desarrollo, ha dejado una huella imborrable en la historia de las pistas. L\u00edder en ventas y portadora de un enfoque revolucionario, la Hack siempre fue un estandarte de la potencia bruta. Ahora redefine su experiencia de juego, por un nuevo concepto. La\u00a0potencia din\u00e1mica.","breadcrumb":{"@id":"https:\/\/revolutionpadelstore.com\/de\/produkt\/bullpadel-hack-04-25-1\/#breadcrumb"},"inLanguage":"de","potentialAction":[{"@type":"ReadAction","target":["https:\/\/revolutionpadelstore.com\/de\/produkt\/bullpadel-hack-04-25-1\/"]}]},{"@type":"ImageObject","inLanguage":"de","@id":"https:\/\/revolutionpadelstore.com\/de\/produkt\/bullpadel-hack-04-25-1\/#primaryimage","url":"https:\/\/revolutionpadelstore.com\/wp-content\/uploads\/2024\/09\/113754_pala_bullpadel_hack_04_25_448113_1500x1500_1_2c48.webp","contentUrl":"https:\/\/revolutionpadelstore.com\/wp-content\/uploads\/2024\/09\/113754_pala_bullpadel_hack_04_25_448113_1500x1500_1_2c48.webp","width":1500,"height":1500},{"@type":"BreadcrumbList","@id":"https:\/\/revolutionpadelstore.com\/de\/produkt\/bullpadel-hack-04-25-1\/#breadcrumb","itemListElement":[{"@type":"ListItem","position":1,"name":"Portada","item":"https:\/\/revolutionpadelstore.com\/de\/"},{"@type":"ListItem","position":2,"name":"Shop","item":"https:\/\/revolutionpadelstore.com\/de\/tienda\/"},{"@type":"ListItem","position":3,"name":"BULLPADEL HACK 04 25"}]},{"@type":"WebSite","@id":"https:\/\/revolutionpadelstore.com\/de\/#website","url":"https:\/\/revolutionpadelstore.com\/de\/","name":"Revolution Padel Store","description":"","publisher":{"@id":"https:\/\/revolutionpadelstore.com\/de\/#organization"},"potentialAction":[{"@type":"SearchAction","target":{"@type":"EntryPoint","urlTemplate":"https:\/\/revolutionpadelstore.com\/de\/?s={search_term_string}"},"query-input":{"@type":"PropertyValueSpecification","valueRequired":true,"valueName":"search_term_string"}}],"inLanguage":"de"},{"@type":"Organization","@id":"https:\/\/revolutionpadelstore.com\/de\/#organization","name":"Revolution Padel Store","url":"https:\/\/revolutionpadelstore.com\/de\/","logo":{"@type":"ImageObject","inLanguage":"de","@id":"https:\/\/revolutionpadelstore.com\/de\/#\/schema\/logo\/image\/","url":"https:\/\/revolutionpadelstore.com\/wp-content\/uploads\/2026\/02\/revolution-padel-store.jpg","contentUrl":"https:\/\/revolutionpadelstore.com\/wp-content\/uploads\/2026\/02\/revolution-padel-store.jpg","width":2000,"height":2000,"caption":"Revolution Padel Store"},"image":{"@id":"https:\/\/revolutionpadelstore.com\/de\/#\/schema\/logo\/image\/"},"sameAs":["https:\/\/www.instagram.com\/revolutionpadelstore\/"]}]}},"_links":{"self":[{"href":"https:\/\/revolutionpadelstore.com\/de\/wp-json\/wp\/v2\/product\/72838","targetHints":{"allow":["GET"]}}],"collection":[{"href":"https:\/\/revolutionpadelstore.com\/de\/wp-json\/wp\/v2\/product"}],"about":[{"href":"https:\/\/revolutionpadelstore.com\/de\/wp-json\/wp\/v2\/types\/product"}],"replies":[{"embeddable":true,"href":"https:\/\/revolutionpadelstore.com\/de\/wp-json\/wp\/v2\/comments?post=72838"}],"wp:featuredmedia":[{"embeddable":true,"href":"https:\/\/revolutionpadelstore.com\/de\/wp-json\/wp\/v2\/media\/99953"}],"wp:attachment":[{"href":"https:\/\/revolutionpadelstore.com\/de\/wp-json\/wp\/v2\/media?parent=72838"}],"wp:term":[{"taxonomy":"acabado","embeddable":true,"href":"https:\/\/revolutionpadelstore.com\/de\/wp-json\/wp\/v2\/acabado?post=72838"},{"taxonomy":"balance","embeddable":true,"href":"https:\/\/revolutionpadelstore.com\/de\/wp-json\/wp\/v2\/balance?post=72838"},{"taxonomy":"dureza","embeddable":true,"href":"https:\/\/revolutionpadelstore.com\/de\/wp-json\/wp\/v2\/dureza?post=72838"},{"taxonomy":"forma","embeddable":true,"href":"https:\/\/revolutionpadelstore.com\/de\/wp-json\/wp\/v2\/forma?post=72838"},{"taxonomy":"jugador","embeddable":true,"href":"https:\/\/revolutionpadelstore.com\/de\/wp-json\/wp\/v2\/jugador?post=72838"},{"taxonomy":"marca","embeddable":true,"href":"https:\/\/revolutionpadelstore.com\/de\/wp-json\/wp\/v2\/marca?post=72838"},{"taxonomy":"nivel-de-juego","embeddable":true,"href":"https:\/\/revolutionpadelstore.com\/de\/wp-json\/wp\/v2\/nivel-de-juego?post=72838"},{"taxonomy":"superficie","embeddable":true,"href":"https:\/\/revolutionpadelstore.com\/de\/wp-json\/wp\/v2\/superficie?post=72838"},{"taxonomy":"tipo-de-juego","embeddable":true,"href":"https:\/\/revolutionpadelstore.com\/de\/wp-json\/wp\/v2\/tipo-de-juego?post=72838"},{"taxonomy":"product_brand","embeddable":true,"href":"https:\/\/revolutionpadelstore.com\/de\/wp-json\/wp\/v2\/product_brand?post=72838"},{"taxonomy":"product_cat","embeddable":true,"href":"https:\/\/revolutionpadelstore.com\/de\/wp-json\/wp\/v2\/product_cat?post=72838"},{"taxonomy":"product_tag","embeddable":true,"href":"https:\/\/revolutionpadelstore.com\/de\/wp-json\/wp\/v2\/product_tag?post=72838"}],"curies":[{"name":"wp","href":"https:\/\/api.w.org\/{rel}","templated":true}]}}