{"id":72828,"date":"2024-09-08T18:25:29","date_gmt":"2024-09-08T16:25:29","guid":{"rendered":"https:\/\/revolutionpadelstore.com\/bullpadel-neuron-25\/"},"modified":"2026-04-08T10:41:46","modified_gmt":"2026-04-08T08:41:46","slug":"bullpadel-neuron-25-1","status":"publish","type":"product","link":"https:\/\/revolutionpadelstore.com\/de\/produkt\/bullpadel-neuron-25-1\/","title":{"rendered":"BULLPADEL NEURON 25"},"content":{"rendered":"<p>Sie wollten die Herrschaft, wir geben Ihnen die Kontrolle.<br \/>\n\u00dcbernehmen Sie mit unserem Neuron-Schl\u00e4ger die volle Kontrolle auf dem Platz! Dieser Schl\u00e4ger wurde f\u00fcr Spieler entwickelt, die Pr\u00e4zision und Dominanz suchen, und ist Ihr bester Verb\u00fcndeter. Zusammen mit einem eleganten Design wird jeder Schlag ein Spektakel der Pr\u00e4zision sein. Entdecken Sie Fedes Geheimnis und bringen Sie Ihr Spiel mit den neuesten Bullpadel-LAB-Technologien bis in die letzte Ecke des Spielfelds!<\/p>\n<p><strong>WELLENSYSTEM<\/strong><br \/>\nTauchen Sie ein in die Innovation mit unserem exklusiven gewellten Wave-Rahmen, einer Struktur, die sorgf\u00e4ltig entwickelt wurde, um die Ballkontrolle in bester Form zum Ausdruck zu bringen. Dieses einzigartige Design optimiert die Flexibilit\u00e4t und Steifigkeit an bestimmten Stellen des Rahmens und sorgt f\u00fcr ein trockenes, festes Gef\u00fchl, das es Ihnen erm\u00f6glicht, jeden Schlag mit beispielloser Pr\u00e4zision zu meistern. Dank der Wave-Konfiguration genie\u00dfen Sie eine au\u00dfergew\u00f6hnliche Kontrolle \u00fcber den Ball und sp\u00fcren jeden Aufprall klar und pr\u00e4zise. Dar\u00fcber hinaus beg\u00fcnstigt das gebogene Design des Wave die Ableitung von Vibrationen entlang seines Wegs, wodurch spezifische Konzentrationen von L\u00e4ngskompressionen vermieden werden und ein konstantes und kontrolliertes Schlagerlebnis gew\u00e4hrleistet wird. Mit dieser Technologie haben Sie die volle Kontrolle \u00fcber das Spiel und k\u00f6nnen sich auf einen harten und pr\u00e4zisen Ballkontakt bei jedem Punkt verlassen.<\/p>\n<p><strong>WELLENBR\u00dcCKE<\/strong><br \/>\nDas Neuron-Herz verf\u00fcgt \u00fcber eine horizontale Br\u00fccke, die eine gr\u00f6\u00dfere Stabilit\u00e4t gegen\u00fcber den Drehungen bietet, die durch das Schlagen des Balls entstehen. Tragen Sie zur Stabilit\u00e4t des Schl\u00e4gers w\u00e4hrend des Schlags bei, tragen Sie dazu bei, das Gewicht des Schlags gleichm\u00e4\u00dfiger auf der Oberfl\u00e4che des Schl\u00e4gers zu verteilen und so Torsion und Vibration zu reduzieren, wodurch Sie w\u00e4hrend des Spiels ein solideres und kontrollierteres Gef\u00fchl haben.<\/p>\n<p><strong>AERO-KANAL<\/strong><br \/>\nDer strategisch an der Oberseite des Schl\u00e4gerblatts platzierte Kanal wurde integriert, um die Bewegung im Spiel zu verbessern und die Aerodynamik zu verbessern. Der Air Channel erm\u00f6glicht es den Spielern, die Spitze des Schl\u00e4gers mit gr\u00f6\u00dferer Beschleunigung und besserem Handling zu bewegen, was eine fl\u00fcssigere und agilere Bewegung auf dem Platz beg\u00fcnstigt.<\/p>\n<p><strong>Benutzerdefiniertes Gewicht<\/strong><br \/>\nDas CustomWeight-Gewichtssystem f\u00fcr den Neuron-Schl\u00e4ger besteht aus Aluminiumplatten, die f\u00fcr zus\u00e4tzliches Gewicht im Griffbereich sorgen. Dadurch gelingt es uns, die Balance des Schl\u00e4gers an die Bed\u00fcrfnisse jedes Spielers anzupassen.<br \/>\nIm Fall von Neuron ist es so konzipiert, dass insgesamt 1 Gewicht auf der Unterseite des Griffs platziert wird. Sie k\u00f6nnen zwischen der Zugabe von 5 g oder 10 g w\u00e4hlen. Mit all dem k\u00f6nnen wir verschiedene Spezifikationen und eine \u00c4nderung der Balance erstellen, um unseren Schl\u00e4ger f\u00fcr eine noch bessere Kontrolle anzupassen.<\/p>\n<p><strong>INTELLIGENTE L\u00d6CHER<\/strong><br \/>\nDie Verteilung der L\u00f6cher in einem Padelschl\u00e4ger ist entscheidend f\u00fcr die Leistung, da sie Faktoren wie Kontrolle und Schlaggef\u00fchl beeinflusst. Beim Neuron wurde das spezielle Lochdesign optimiert, um ein festeres Gef\u00fchl zu vermitteln, sodass Sie den Ball bei jedem Schlag besser sp\u00fcren k\u00f6nnen. Dies verbessert die Kontrolle erheblich und erm\u00f6glicht es den Spielern, bei jedem Spielzug unabh\u00e4ngig vom Spielniveau eine h\u00f6here Pr\u00e4zision beizubehalten.<\/p>\n<p><strong>3D-K\u00f6rnung<\/strong><br \/>\nDer Neuron verf\u00fcgt \u00fcber eine neue, speziell markierte raue Oberfl\u00e4che, die die Kontrolle \u00fcber Ihre Spinschl\u00e4ge verbessert. Beim Aufprall des Balls erzeugt diese betonte Kante eine gr\u00f6\u00dfere Reibung und sorgt so f\u00fcr einen pr\u00e4ziseren und kontrollierteren Kontakt. Dies f\u00fchrt zu einer v\u00f6lligen Beherrschung des Spins, sowohl bei Sch\u00fcssen von der Grundlinie als auch bei heikleren Aktionen in der N\u00e4he des Netzes.<\/p>\n<p><strong>Hesacore<\/strong><br \/>\nEntdecken Sie den neuen Hesacore und seine erneuerte Formel, um den Schutz Ihres Spiels zu erh\u00f6hen. Vergessen Sie mit dem neuen Hesacore Armbeschwerden und unerw\u00fcnschte Vibrationen: Unser fortschrittliches Anti-Vibrations-Elastomer filtert und minimiert diese Empfindungen, sodass Sie sich ohne Ablenkungen auf Ihre Leistung konzentrieren k\u00f6nnen.<br \/>\nSein ergonomisches Wabendesign maximiert den Kontakt zwischen Hand und Faust, sodass die Finger auf den konkaven Oberfl\u00e4chen ruhen k\u00f6nnen. Dies verringert die Belastung und das Verletzungsrisiko und sorgt gleichzeitig f\u00fcr einen festen und bequemen Halt. Mit dem neuen Hesacore behalten Sie jederzeit die volle Kontrolle \u00fcber Ihren Schl\u00e4ger.<\/p>\n<p><strong>Vibradrive<\/strong><br \/>\nVibradrive zeichnet sich durch den Einsatz eines hochelastischen Elastomers aus, das den Griff entlang seiner L\u00e4ngsachse fragmentiert. Die au\u00dfergew\u00f6hnliche Elastizit\u00e4t des verwendeten Materials und seine strategische Lage machen den Vibradrive zu einem unverzichtbaren Element zur Vibrationsd\u00e4mpfung, insbesondere bei au\u00dfermittigen Aufprallsituationen.<\/p>\n<p><strong>X-Tend Carbon 3K<\/strong><br \/>\nDer Neuron verf\u00fcgt \u00fcber schwereres 3K-Carbon, bestehend aus 3000 Filamenten, die f\u00fcr einen h\u00e4rteren und pr\u00e4ziseren Ballkontakt sorgen. Dieses Material sorgt zusammen mit einem speziell entwickelten Epoxidharz f\u00fcr zus\u00e4tzliche Kontrolle bei jedem Schlag und eine h\u00f6here Festigkeit des gesamten Schl\u00e4gers. Die 3K-Carbon-Struktur optimiert in Kombination mit diesem fortschrittlichen Harz die Energie\u00fcbertragung und vermittelt ein Gef\u00fchl von Sicherheit und Pr\u00e4zision, das es Ihnen erm\u00f6glicht, jedes Spiel mit vollem Selbstvertrauen zu dominieren.<\/p>\n<p><strong>Multieva<\/strong><br \/>\nDer Kern dieses Padelschl\u00e4gers wurde mit einer \u201eSandwich\u201c-Struktur entworfen, die aus drei Schichten EVA (Ethylen-Vinyl-Acetat) unterschiedlicher Dichte besteht und sorgf\u00e4ltig angepasst wurde, um die Leistung in jeder Spielsituation zu optimieren.<br \/>\n1. Au\u00dfenschichten: Die beiden Au\u00dfenschichten bestehen aus weicherem EVA mit geringerer Dichte und fungieren als sto\u00dfd\u00e4mpfender Kern, der die Toleranz und den Komfort bei Schl\u00e4gen mit geringerer Geschwindigkeit erh\u00f6ht. Diese innere Weichheit verbessert nicht nur das Schlaggef\u00fchl, sondern tr\u00e4gt auch dazu bei, Vibrationen zu reduzieren, das Verletzungsrisiko zu verringern und eine bessere Kontrolle bei den heikelsten Schl\u00e4gen zu erm\u00f6glichen.<br \/>\n2. Innenschicht: Die Innenschicht besteht aus EVA mit h\u00f6herer Dichte und Steifigkeit und ist so konzipiert, dass sie einen harten Ballkontakt bietet, der absolute Kontrolle bei jedem Schlag garantiert. Diese Zusammensetzung erm\u00f6glicht eine pr\u00e4zise und kontrollierte Reaktion beim Auftreffen des Balls und vermittelt ein Gef\u00fchl von Sicherheit und Kontrolle bei jedem Spielzug.<br \/>\nDurch diese Materialkombination passt sich der Schl\u00e4ger dynamisch an verschiedene Spielstile an.<\/p>\n","protected":false},"excerpt":{"rendered":"<p>Mit <strong>Neuron<\/strong>, dem Schl\u00e4ger von <strong>Federico Chingotto<\/strong>, haben Sie den einzigen Schl\u00e4ger, der dem schnellen Verstand folgen kann, mit dem Sie das n\u00e4chste Spiel erwarten. Ein Padelschl\u00e4ger, der sich an Ihre K\u00f6rpergr\u00f6\u00dfe anpasst und eine sofortige und pr\u00e4zise Reaktion bei jedem Schlag erm\u00f6glicht.<\/p>\n<p>Dieser vom Bullpadel-Lab-Team entwickelte und mit der neuesten Technologie wie dem Wave-System integrierte Schl\u00e4ger ist darauf ausgelegt, Ihr Spiel zu kontrollieren und die Verbindung zwischen Ihrem Geist und dem Ball zu maximieren. Probieren Sie die einzigartige Haptik aus und Sie werden authentische Kontrolle in Ihrer Hand sp\u00fcren.<\/p>\n","protected":false},"featured_media":99965,"comment_status":"open","ping_status":"closed","template":"","meta":{"_acf_changed":false,"_joinchat":[]},"acabado":[1089],"balance":[1139],"dureza":[1154],"forma":[1174],"jugador":[1189,1199],"marca":[1254],"nivel-de-juego":[1334],"superficie":[1359],"tipo-de-juego":[1369,1384],"product_brand":[],"product_cat":[299],"product_tag":[],"class_list":{"0":"post-72828","1":"product","2":"type-product","3":"status-publish","4":"has-post-thumbnail","6":"acabado-3d-entlasten","7":"balance-mittel","8":"dureza-media-de","9":"forma-hybrid","10":"jugador-mann","11":"jugador-mehrzweck","12":"marca-bullpadel-de","13":"superficie-rugosa-de","14":"tipo-de-juego-kontrolle","15":"tipo-de-juego-mehrzweck","16":"product_cat-palas-de-padel-de","18":"first","19":"instock","20":"sale","21":"taxable","22":"shipping-taxable","23":"purchasable","24":"product-type-simple"},"acf":[],"yoast_head":"<!-- This site is optimized with the Yoast SEO plugin v27.4 - https:\/\/yoast.com\/product\/yoast-seo-wordpress\/ -->\n<title>BULLPADEL NEURON 25 - Revolution Padel Store<\/title>\n<meta name=\"description\" content=\"Deseabas dominio, te damos Control.\u00a1Hazte con el control total en la pista con nuestra pala Neuron! Dise\u00f1ada para los jugadores que buscan precisi\u00f3n y dominio, esta pala es tu mejor aliada. Junto a un dise\u00f1o elegante, cada golpe ser\u00e1 un espect\u00e1culo de precisi\u00f3n. \u00a1Descubre el secreto de Fede y lleva tu juego al \u00faltimo rinc\u00f3n de la pista con las \u00faltimas tecnolog\u00edas del Bullpadel-LAB!\" \/>\n<meta name=\"robots\" content=\"index, follow, max-snippet:-1, max-image-preview:large, max-video-preview:-1\" \/>\n<link rel=\"canonical\" href=\"https:\/\/revolutionpadelstore.com\/de\/produkt\/bullpadel-neuron-25-1\/\" \/>\n<meta property=\"og:locale\" content=\"de_DE\" \/>\n<meta property=\"og:type\" content=\"article\" \/>\n<meta property=\"og:title\" content=\"BULLPADEL NEURON 25 - Revolution Padel Store\" \/>\n<meta property=\"og:description\" content=\"Deseabas dominio, te damos Control.\u00a1Hazte con el control total en la pista con nuestra pala Neuron! Dise\u00f1ada para los jugadores que buscan precisi\u00f3n y dominio, esta pala es tu mejor aliada. Junto a un dise\u00f1o elegante, cada golpe ser\u00e1 un espect\u00e1culo de precisi\u00f3n. \u00a1Descubre el secreto de Fede y lleva tu juego al \u00faltimo rinc\u00f3n de la pista con las \u00faltimas tecnolog\u00edas del Bullpadel-LAB!\" \/>\n<meta property=\"og:url\" content=\"https:\/\/revolutionpadelstore.com\/de\/produkt\/bullpadel-neuron-25-1\/\" \/>\n<meta property=\"og:site_name\" content=\"Revolution Padel Store\" \/>\n<meta property=\"article:modified_time\" content=\"2026-04-08T08:41:46+00:00\" \/>\n<meta property=\"og:image\" content=\"https:\/\/revolutionpadelstore.com\/wp-content\/uploads\/2024\/09\/113768_pala_bullpadel_neuron_25_448120_1500x1500_1_612c.webp\" \/>\n\t<meta property=\"og:image:width\" content=\"1500\" \/>\n\t<meta property=\"og:image:height\" content=\"1500\" \/>\n\t<meta property=\"og:image:type\" content=\"image\/webp\" \/>\n<meta name=\"twitter:card\" content=\"summary_large_image\" \/>\n<meta name=\"twitter:label1\" content=\"Gesch\u00e4tzte Lesezeit\" \/>\n\t<meta name=\"twitter:data1\" content=\"5\u00a0Minuten\" \/>\n<script type=\"application\/ld+json\" class=\"yoast-schema-graph\">{\"@context\":\"https:\\\/\\\/schema.org\",\"@graph\":[{\"@type\":\"WebPage\",\"@id\":\"https:\\\/\\\/revolutionpadelstore.com\\\/de\\\/produkt\\\/bullpadel-neuron-25-1\\\/\",\"url\":\"https:\\\/\\\/revolutionpadelstore.com\\\/de\\\/produkt\\\/bullpadel-neuron-25-1\\\/\",\"name\":\"BULLPADEL NEURON 25 - Revolution Padel Store\",\"isPartOf\":{\"@id\":\"https:\\\/\\\/revolutionpadelstore.com\\\/de\\\/#website\"},\"primaryImageOfPage\":{\"@id\":\"https:\\\/\\\/revolutionpadelstore.com\\\/de\\\/produkt\\\/bullpadel-neuron-25-1\\\/#primaryimage\"},\"image\":{\"@id\":\"https:\\\/\\\/revolutionpadelstore.com\\\/de\\\/produkt\\\/bullpadel-neuron-25-1\\\/#primaryimage\"},\"thumbnailUrl\":\"https:\\\/\\\/revolutionpadelstore.com\\\/wp-content\\\/uploads\\\/2024\\\/09\\\/113768_pala_bullpadel_neuron_25_448120_1500x1500_1_612c.webp\",\"datePublished\":\"2024-09-08T16:25:29+00:00\",\"dateModified\":\"2026-04-08T08:41:46+00:00\",\"description\":\"Deseabas dominio, te damos Control.\u00a1Hazte con el control total en la pista con nuestra pala Neuron! Dise\u00f1ada para los jugadores que buscan precisi\u00f3n y dominio, esta pala es tu mejor aliada. Junto a un dise\u00f1o elegante, cada golpe ser\u00e1 un espect\u00e1culo de precisi\u00f3n. \u00a1Descubre el secreto de Fede y lleva tu juego al \u00faltimo rinc\u00f3n de la pista con las \u00faltimas tecnolog\u00edas del Bullpadel-LAB!\",\"breadcrumb\":{\"@id\":\"https:\\\/\\\/revolutionpadelstore.com\\\/de\\\/produkt\\\/bullpadel-neuron-25-1\\\/#breadcrumb\"},\"inLanguage\":\"de\",\"potentialAction\":[{\"@type\":\"ReadAction\",\"target\":[\"https:\\\/\\\/revolutionpadelstore.com\\\/de\\\/produkt\\\/bullpadel-neuron-25-1\\\/\"]}]},{\"@type\":\"ImageObject\",\"inLanguage\":\"de\",\"@id\":\"https:\\\/\\\/revolutionpadelstore.com\\\/de\\\/produkt\\\/bullpadel-neuron-25-1\\\/#primaryimage\",\"url\":\"https:\\\/\\\/revolutionpadelstore.com\\\/wp-content\\\/uploads\\\/2024\\\/09\\\/113768_pala_bullpadel_neuron_25_448120_1500x1500_1_612c.webp\",\"contentUrl\":\"https:\\\/\\\/revolutionpadelstore.com\\\/wp-content\\\/uploads\\\/2024\\\/09\\\/113768_pala_bullpadel_neuron_25_448120_1500x1500_1_612c.webp\",\"width\":1500,\"height\":1500},{\"@type\":\"BreadcrumbList\",\"@id\":\"https:\\\/\\\/revolutionpadelstore.com\\\/de\\\/produkt\\\/bullpadel-neuron-25-1\\\/#breadcrumb\",\"itemListElement\":[{\"@type\":\"ListItem\",\"position\":1,\"name\":\"Portada\",\"item\":\"https:\\\/\\\/revolutionpadelstore.com\\\/de\\\/\"},{\"@type\":\"ListItem\",\"position\":2,\"name\":\"Shop\",\"item\":\"https:\\\/\\\/revolutionpadelstore.com\\\/de\\\/tienda\\\/\"},{\"@type\":\"ListItem\",\"position\":3,\"name\":\"BULLPADEL NEURON 25\"}]},{\"@type\":\"WebSite\",\"@id\":\"https:\\\/\\\/revolutionpadelstore.com\\\/de\\\/#website\",\"url\":\"https:\\\/\\\/revolutionpadelstore.com\\\/de\\\/\",\"name\":\"Revolution Padel Store\",\"description\":\"\",\"publisher\":{\"@id\":\"https:\\\/\\\/revolutionpadelstore.com\\\/de\\\/#organization\"},\"potentialAction\":[{\"@type\":\"SearchAction\",\"target\":{\"@type\":\"EntryPoint\",\"urlTemplate\":\"https:\\\/\\\/revolutionpadelstore.com\\\/de\\\/?s={search_term_string}\"},\"query-input\":{\"@type\":\"PropertyValueSpecification\",\"valueRequired\":true,\"valueName\":\"search_term_string\"}}],\"inLanguage\":\"de\"},{\"@type\":\"Organization\",\"@id\":\"https:\\\/\\\/revolutionpadelstore.com\\\/de\\\/#organization\",\"name\":\"Revolution Padel Store\",\"url\":\"https:\\\/\\\/revolutionpadelstore.com\\\/de\\\/\",\"logo\":{\"@type\":\"ImageObject\",\"inLanguage\":\"de\",\"@id\":\"https:\\\/\\\/revolutionpadelstore.com\\\/de\\\/#\\\/schema\\\/logo\\\/image\\\/\",\"url\":\"https:\\\/\\\/revolutionpadelstore.com\\\/wp-content\\\/uploads\\\/2026\\\/02\\\/revolution-padel-store.jpg\",\"contentUrl\":\"https:\\\/\\\/revolutionpadelstore.com\\\/wp-content\\\/uploads\\\/2026\\\/02\\\/revolution-padel-store.jpg\",\"width\":2000,\"height\":2000,\"caption\":\"Revolution Padel Store\"},\"image\":{\"@id\":\"https:\\\/\\\/revolutionpadelstore.com\\\/de\\\/#\\\/schema\\\/logo\\\/image\\\/\"},\"sameAs\":[\"https:\\\/\\\/www.instagram.com\\\/revolutionpadelstore\\\/\"]}]}<\/script>\n<!-- \/ Yoast SEO plugin. -->","yoast_head_json":{"title":"BULLPADEL NEURON 25 - Revolution Padel Store","description":"Deseabas dominio, te damos Control.\u00a1Hazte con el control total en la pista con nuestra pala Neuron! Dise\u00f1ada para los jugadores que buscan precisi\u00f3n y dominio, esta pala es tu mejor aliada. Junto a un dise\u00f1o elegante, cada golpe ser\u00e1 un espect\u00e1culo de precisi\u00f3n. \u00a1Descubre el secreto de Fede y lleva tu juego al \u00faltimo rinc\u00f3n de la pista con las \u00faltimas tecnolog\u00edas del Bullpadel-LAB!","robots":{"index":"index","follow":"follow","max-snippet":"max-snippet:-1","max-image-preview":"max-image-preview:large","max-video-preview":"max-video-preview:-1"},"canonical":"https:\/\/revolutionpadelstore.com\/de\/produkt\/bullpadel-neuron-25-1\/","og_locale":"de_DE","og_type":"article","og_title":"BULLPADEL NEURON 25 - Revolution Padel Store","og_description":"Deseabas dominio, te damos Control.\u00a1Hazte con el control total en la pista con nuestra pala Neuron! Dise\u00f1ada para los jugadores que buscan precisi\u00f3n y dominio, esta pala es tu mejor aliada. Junto a un dise\u00f1o elegante, cada golpe ser\u00e1 un espect\u00e1culo de precisi\u00f3n. \u00a1Descubre el secreto de Fede y lleva tu juego al \u00faltimo rinc\u00f3n de la pista con las \u00faltimas tecnolog\u00edas del Bullpadel-LAB!","og_url":"https:\/\/revolutionpadelstore.com\/de\/produkt\/bullpadel-neuron-25-1\/","og_site_name":"Revolution Padel Store","article_modified_time":"2026-04-08T08:41:46+00:00","og_image":[{"width":1500,"height":1500,"url":"https:\/\/revolutionpadelstore.com\/wp-content\/uploads\/2024\/09\/113768_pala_bullpadel_neuron_25_448120_1500x1500_1_612c.webp","type":"image\/webp"}],"twitter_card":"summary_large_image","twitter_misc":{"Gesch\u00e4tzte Lesezeit":"5\u00a0Minuten"},"schema":{"@context":"https:\/\/schema.org","@graph":[{"@type":"WebPage","@id":"https:\/\/revolutionpadelstore.com\/de\/produkt\/bullpadel-neuron-25-1\/","url":"https:\/\/revolutionpadelstore.com\/de\/produkt\/bullpadel-neuron-25-1\/","name":"BULLPADEL NEURON 25 - Revolution Padel Store","isPartOf":{"@id":"https:\/\/revolutionpadelstore.com\/de\/#website"},"primaryImageOfPage":{"@id":"https:\/\/revolutionpadelstore.com\/de\/produkt\/bullpadel-neuron-25-1\/#primaryimage"},"image":{"@id":"https:\/\/revolutionpadelstore.com\/de\/produkt\/bullpadel-neuron-25-1\/#primaryimage"},"thumbnailUrl":"https:\/\/revolutionpadelstore.com\/wp-content\/uploads\/2024\/09\/113768_pala_bullpadel_neuron_25_448120_1500x1500_1_612c.webp","datePublished":"2024-09-08T16:25:29+00:00","dateModified":"2026-04-08T08:41:46+00:00","description":"Deseabas dominio, te damos Control.\u00a1Hazte con el control total en la pista con nuestra pala Neuron! Dise\u00f1ada para los jugadores que buscan precisi\u00f3n y dominio, esta pala es tu mejor aliada. Junto a un dise\u00f1o elegante, cada golpe ser\u00e1 un espect\u00e1culo de precisi\u00f3n. \u00a1Descubre el secreto de Fede y lleva tu juego al \u00faltimo rinc\u00f3n de la pista con las \u00faltimas tecnolog\u00edas del Bullpadel-LAB!","breadcrumb":{"@id":"https:\/\/revolutionpadelstore.com\/de\/produkt\/bullpadel-neuron-25-1\/#breadcrumb"},"inLanguage":"de","potentialAction":[{"@type":"ReadAction","target":["https:\/\/revolutionpadelstore.com\/de\/produkt\/bullpadel-neuron-25-1\/"]}]},{"@type":"ImageObject","inLanguage":"de","@id":"https:\/\/revolutionpadelstore.com\/de\/produkt\/bullpadel-neuron-25-1\/#primaryimage","url":"https:\/\/revolutionpadelstore.com\/wp-content\/uploads\/2024\/09\/113768_pala_bullpadel_neuron_25_448120_1500x1500_1_612c.webp","contentUrl":"https:\/\/revolutionpadelstore.com\/wp-content\/uploads\/2024\/09\/113768_pala_bullpadel_neuron_25_448120_1500x1500_1_612c.webp","width":1500,"height":1500},{"@type":"BreadcrumbList","@id":"https:\/\/revolutionpadelstore.com\/de\/produkt\/bullpadel-neuron-25-1\/#breadcrumb","itemListElement":[{"@type":"ListItem","position":1,"name":"Portada","item":"https:\/\/revolutionpadelstore.com\/de\/"},{"@type":"ListItem","position":2,"name":"Shop","item":"https:\/\/revolutionpadelstore.com\/de\/tienda\/"},{"@type":"ListItem","position":3,"name":"BULLPADEL NEURON 25"}]},{"@type":"WebSite","@id":"https:\/\/revolutionpadelstore.com\/de\/#website","url":"https:\/\/revolutionpadelstore.com\/de\/","name":"Revolution Padel Store","description":"","publisher":{"@id":"https:\/\/revolutionpadelstore.com\/de\/#organization"},"potentialAction":[{"@type":"SearchAction","target":{"@type":"EntryPoint","urlTemplate":"https:\/\/revolutionpadelstore.com\/de\/?s={search_term_string}"},"query-input":{"@type":"PropertyValueSpecification","valueRequired":true,"valueName":"search_term_string"}}],"inLanguage":"de"},{"@type":"Organization","@id":"https:\/\/revolutionpadelstore.com\/de\/#organization","name":"Revolution Padel Store","url":"https:\/\/revolutionpadelstore.com\/de\/","logo":{"@type":"ImageObject","inLanguage":"de","@id":"https:\/\/revolutionpadelstore.com\/de\/#\/schema\/logo\/image\/","url":"https:\/\/revolutionpadelstore.com\/wp-content\/uploads\/2026\/02\/revolution-padel-store.jpg","contentUrl":"https:\/\/revolutionpadelstore.com\/wp-content\/uploads\/2026\/02\/revolution-padel-store.jpg","width":2000,"height":2000,"caption":"Revolution Padel Store"},"image":{"@id":"https:\/\/revolutionpadelstore.com\/de\/#\/schema\/logo\/image\/"},"sameAs":["https:\/\/www.instagram.com\/revolutionpadelstore\/"]}]}},"_links":{"self":[{"href":"https:\/\/revolutionpadelstore.com\/de\/wp-json\/wp\/v2\/product\/72828","targetHints":{"allow":["GET"]}}],"collection":[{"href":"https:\/\/revolutionpadelstore.com\/de\/wp-json\/wp\/v2\/product"}],"about":[{"href":"https:\/\/revolutionpadelstore.com\/de\/wp-json\/wp\/v2\/types\/product"}],"replies":[{"embeddable":true,"href":"https:\/\/revolutionpadelstore.com\/de\/wp-json\/wp\/v2\/comments?post=72828"}],"wp:featuredmedia":[{"embeddable":true,"href":"https:\/\/revolutionpadelstore.com\/de\/wp-json\/wp\/v2\/media\/99965"}],"wp:attachment":[{"href":"https:\/\/revolutionpadelstore.com\/de\/wp-json\/wp\/v2\/media?parent=72828"}],"wp:term":[{"taxonomy":"acabado","embeddable":true,"href":"https:\/\/revolutionpadelstore.com\/de\/wp-json\/wp\/v2\/acabado?post=72828"},{"taxonomy":"balance","embeddable":true,"href":"https:\/\/revolutionpadelstore.com\/de\/wp-json\/wp\/v2\/balance?post=72828"},{"taxonomy":"dureza","embeddable":true,"href":"https:\/\/revolutionpadelstore.com\/de\/wp-json\/wp\/v2\/dureza?post=72828"},{"taxonomy":"forma","embeddable":true,"href":"https:\/\/revolutionpadelstore.com\/de\/wp-json\/wp\/v2\/forma?post=72828"},{"taxonomy":"jugador","embeddable":true,"href":"https:\/\/revolutionpadelstore.com\/de\/wp-json\/wp\/v2\/jugador?post=72828"},{"taxonomy":"marca","embeddable":true,"href":"https:\/\/revolutionpadelstore.com\/de\/wp-json\/wp\/v2\/marca?post=72828"},{"taxonomy":"nivel-de-juego","embeddable":true,"href":"https:\/\/revolutionpadelstore.com\/de\/wp-json\/wp\/v2\/nivel-de-juego?post=72828"},{"taxonomy":"superficie","embeddable":true,"href":"https:\/\/revolutionpadelstore.com\/de\/wp-json\/wp\/v2\/superficie?post=72828"},{"taxonomy":"tipo-de-juego","embeddable":true,"href":"https:\/\/revolutionpadelstore.com\/de\/wp-json\/wp\/v2\/tipo-de-juego?post=72828"},{"taxonomy":"product_brand","embeddable":true,"href":"https:\/\/revolutionpadelstore.com\/de\/wp-json\/wp\/v2\/product_brand?post=72828"},{"taxonomy":"product_cat","embeddable":true,"href":"https:\/\/revolutionpadelstore.com\/de\/wp-json\/wp\/v2\/product_cat?post=72828"},{"taxonomy":"product_tag","embeddable":true,"href":"https:\/\/revolutionpadelstore.com\/de\/wp-json\/wp\/v2\/product_tag?post=72828"}],"curies":[{"name":"wp","href":"https:\/\/api.w.org\/{rel}","templated":true}]}}