{"id":72813,"date":"2024-09-15T17:47:01","date_gmt":"2024-09-15T15:47:01","guid":{"rendered":"https:\/\/revolutionpadelstore.com\/wilson-blade-ls-v3-padel-2\/"},"modified":"2026-04-08T10:40:03","modified_gmt":"2026-04-08T08:40:03","slug":"wilson-blade-ls-v3-padel-2-1","status":"publish","type":"product","link":"https:\/\/revolutionpadelstore.com\/de\/produkt\/wilson-blade-ls-v3-padel-2-1\/","title":{"rendered":"WILSON BLADE LS V3 PADEL 2"},"content":{"rendered":"<h2>Wilson Blade LS V3 Padel 2<\/h2>\n<p>Der <strong>Wilson Blade LS V3 Padel ist ein leichter, leistungsstarker Tropfenschl\u00e4ger<\/strong>, ideal f\u00fcr Spieler, die Leistung suchen, ohne Kompromisse bei der Stabilit\u00e4t einzugehen. Dieses Modell wurde im Hinblick auf Komfort und Kontrolle entwickelt und sticht innerhalb der Blade V3-Reihe von Wilson als das leichteste Modell heraus, das ein agiles und effektives Spiel erm\u00f6glicht. Die Kombination hochwertiger Materialien sorgt f\u00fcr eine hervorragende Reaktion bei jedem Schlag und macht diesen Schl\u00e4ger zu einer bevorzugten Option f\u00fcr Spieler mittleren Niveaus, die ihre Leistung auf dem Platz verbessern m\u00f6chten.<\/p>\n<h2>Wilson Blade LS V3 Padel 2 f\u00fcr fortgeschrittene Spieler<\/h2>\n<p>Dieses Modell wurde speziell f\u00fcr fortgeschrittene Spieler entwickelt, die ein Gleichgewicht zwischen Kontrolle und Kraft suchen. Seine leichte Struktur erm\u00f6glicht schnelle, pr\u00e4zise Bewegungen, w\u00e4hrend seine Reaktionsf\u00e4higkeit f\u00fcr einen starken, kontrollierten Aufprall bei jedem Schlag sorgt. Dar\u00fcber hinaus ist der Schl\u00e4ger mit fortschrittlicher Technologie ausgestattet, die die Leistung maximiert und es den Spielern erm\u00f6glicht, ihr Potenzial voll auszusch\u00f6pfen.<\/p>\n<h3><strong>Funktionen und Technologien des Wilson Blade LS V3 Padel 2<\/strong>:<\/h3>\n<p><strong>-Spin-Oberfl\u00e4che<\/em><\/strong>: Verbessert die <strong>Spin-Kontrolle<\/strong> und erm\u00f6glicht es Ihnen, bei verschiedenen Arten von Schl\u00e4gen pr\u00e4zisen Spin zu erzeugen.<\/p>\n<p>&#8211;<strong>Duo Grid Pattern<\/em><\/strong>: Optimiert Kraft und Kontrolle durch ein Design aus <strong>strategisch platzierten L\u00f6chern<\/strong>.<\/p>\n<p><strong>-Weiches EVA-Gummi<\/strong> im Kern: Sorgt f\u00fcr effektive Sto\u00dfd\u00e4mpfung und kombiniert <strong>Komfort und Leichtigkeit<\/strong>.<\/p>\n<p>&#8211;<strong>Sharp Hole-Technologie<\/em><\/strong>: Erh\u00f6ht den Spin und die Kontrolle bei jedem Schlag dank eines fortschrittlichen Bohrprozesses.<\/p>\n<p>Das Design dieses Schl\u00e4gers ist modern und attraktiv, mit einer leuchtend gr\u00fcnen Farbe, die auf dem Platz hervorsticht. Das Markenlogo in Gr\u00fcn in einem anderen Kontrastton verleiht einen Hauch von Modernit\u00e4t. Wenn Sie auf der Suche nach einem Schl\u00e4ger sind, der Stil, Leistung und Haltbarkeit vereint, ist der Wilson Blade LS V3 Padel die perfekte Wahl, um Ihr Spiel auf die n\u00e4chste Stufe zu heben.<\/p>\n<h2>Wilson Blade LS V3 Padel 2<\/h2>\n","protected":false},"excerpt":{"rendered":"<p>Das Design dieses Schl\u00e4gers ist modern und attraktiv, mit einer <strong>lebendigen gr\u00fcnen Farbe<\/strong>, die auf dem Platz hervorsticht. Das Markenlogo in Gr\u00fcn in einem anderen Kontrastton verleiht einen Hauch von Modernit\u00e4t. Wenn Sie nach einem Schl\u00e4ger suchen, der Stil, Leistung und Haltbarkeit vereint, ist der Wilson Blade LS V3 Padel die perfekte Wahl, um Ihr Spiel auf die n\u00e4chste Stufe zu bringen.<\/p>\n","protected":false},"featured_media":71305,"comment_status":"open","ping_status":"closed","template":"","meta":{"_acf_changed":false,"_joinchat":[]},"acabado":[1089],"balance":[1139],"dureza":[1154],"forma":[1184],"jugador":[1189,1199],"marca":[1264],"nivel-de-juego":[1349],"superficie":[1359],"tipo-de-juego":[1384],"product_brand":[],"product_cat":[299],"product_tag":[],"class_list":{"0":"post-72813","1":"product","2":"type-product","3":"status-publish","4":"has-post-thumbnail","6":"acabado-3d-entlasten","7":"balance-mittel","8":"dureza-media-de","9":"forma-lagrima-de","10":"jugador-mann","11":"jugador-mehrzweck","12":"marca-wilson-de","13":"superficie-rugosa-de","14":"tipo-de-juego-mehrzweck","15":"product_cat-palas-de-padel-de","17":"first","18":"instock","19":"sale","20":"taxable","21":"shipping-taxable","22":"purchasable","23":"product-type-simple"},"acf":[],"yoast_head":"<!-- This site is optimized with the Yoast SEO plugin v27.4 - https:\/\/yoast.com\/product\/yoast-seo-wordpress\/ -->\n<title>WILSON BLADE LS V3 PADEL 2 - Revolution Padel Store<\/title>\n<meta name=\"description\" content=\"El dise\u00f1o de esta pala es moderno y atractivo, con un\u00a0vibrante color verde\u00a0que se destaca en la pista. El logo de la marca en verde en otro tono para hacer contraste a\u00f1ade un toque de modernidad. Si est\u00e1s buscando una pala que combine estilo, rendimiento y durabilidad, la Wilson Blade LS V3 Padel es la elecci\u00f3n perfecta para llevar tu juego al siguiente nivel.\" \/>\n<meta name=\"robots\" content=\"index, follow, max-snippet:-1, max-image-preview:large, max-video-preview:-1\" \/>\n<link rel=\"canonical\" href=\"https:\/\/revolutionpadelstore.com\/de\/produkt\/wilson-blade-ls-v3-padel-2-1\/\" \/>\n<meta property=\"og:locale\" content=\"de_DE\" \/>\n<meta property=\"og:type\" content=\"article\" \/>\n<meta property=\"og:title\" content=\"WILSON BLADE LS V3 PADEL 2 - Revolution Padel Store\" \/>\n<meta property=\"og:description\" content=\"El dise\u00f1o de esta pala es moderno y atractivo, con un\u00a0vibrante color verde\u00a0que se destaca en la pista. El logo de la marca en verde en otro tono para hacer contraste a\u00f1ade un toque de modernidad. Si est\u00e1s buscando una pala que combine estilo, rendimiento y durabilidad, la Wilson Blade LS V3 Padel es la elecci\u00f3n perfecta para llevar tu juego al siguiente nivel.\" \/>\n<meta property=\"og:url\" content=\"https:\/\/revolutionpadelstore.com\/de\/produkt\/wilson-blade-ls-v3-padel-2-1\/\" \/>\n<meta property=\"og:site_name\" content=\"Revolution Padel Store\" \/>\n<meta property=\"article:modified_time\" content=\"2026-04-08T08:40:03+00:00\" \/>\n<meta property=\"og:image\" content=\"https:\/\/revolutionpadelstore.com\/wp-content\/uploads\/2024\/09\/113569_pala_wilson_blade_ls_v3_padel_2_wr167111u2_1500x1500_1_cadf.webp\" \/>\n\t<meta property=\"og:image:width\" content=\"1500\" \/>\n\t<meta property=\"og:image:height\" content=\"1500\" \/>\n\t<meta property=\"og:image:type\" content=\"image\/webp\" \/>\n<meta name=\"twitter:card\" content=\"summary_large_image\" \/>\n<meta name=\"twitter:label1\" content=\"Gesch\u00e4tzte Lesezeit\" \/>\n\t<meta name=\"twitter:data1\" content=\"2\u00a0Minuten\" \/>\n<script type=\"application\/ld+json\" class=\"yoast-schema-graph\">{\"@context\":\"https:\\\/\\\/schema.org\",\"@graph\":[{\"@type\":\"WebPage\",\"@id\":\"https:\\\/\\\/revolutionpadelstore.com\\\/de\\\/produkt\\\/wilson-blade-ls-v3-padel-2-1\\\/\",\"url\":\"https:\\\/\\\/revolutionpadelstore.com\\\/de\\\/produkt\\\/wilson-blade-ls-v3-padel-2-1\\\/\",\"name\":\"WILSON BLADE LS V3 PADEL 2 - Revolution Padel Store\",\"isPartOf\":{\"@id\":\"https:\\\/\\\/revolutionpadelstore.com\\\/de\\\/#website\"},\"primaryImageOfPage\":{\"@id\":\"https:\\\/\\\/revolutionpadelstore.com\\\/de\\\/produkt\\\/wilson-blade-ls-v3-padel-2-1\\\/#primaryimage\"},\"image\":{\"@id\":\"https:\\\/\\\/revolutionpadelstore.com\\\/de\\\/produkt\\\/wilson-blade-ls-v3-padel-2-1\\\/#primaryimage\"},\"thumbnailUrl\":\"https:\\\/\\\/revolutionpadelstore.com\\\/wp-content\\\/uploads\\\/2024\\\/09\\\/113569_pala_wilson_blade_ls_v3_padel_2_wr167111u2_1500x1500_1_cadf.webp\",\"datePublished\":\"2024-09-15T15:47:01+00:00\",\"dateModified\":\"2026-04-08T08:40:03+00:00\",\"description\":\"El dise\u00f1o de esta pala es moderno y atractivo, con un\u00a0vibrante color verde\u00a0que se destaca en la pista. El logo de la marca en verde en otro tono para hacer contraste a\u00f1ade un toque de modernidad. Si est\u00e1s buscando una pala que combine estilo, rendimiento y durabilidad, la Wilson Blade LS V3 Padel es la elecci\u00f3n perfecta para llevar tu juego al siguiente nivel.\",\"breadcrumb\":{\"@id\":\"https:\\\/\\\/revolutionpadelstore.com\\\/de\\\/produkt\\\/wilson-blade-ls-v3-padel-2-1\\\/#breadcrumb\"},\"inLanguage\":\"de\",\"potentialAction\":[{\"@type\":\"ReadAction\",\"target\":[\"https:\\\/\\\/revolutionpadelstore.com\\\/de\\\/produkt\\\/wilson-blade-ls-v3-padel-2-1\\\/\"]}]},{\"@type\":\"ImageObject\",\"inLanguage\":\"de\",\"@id\":\"https:\\\/\\\/revolutionpadelstore.com\\\/de\\\/produkt\\\/wilson-blade-ls-v3-padel-2-1\\\/#primaryimage\",\"url\":\"https:\\\/\\\/revolutionpadelstore.com\\\/wp-content\\\/uploads\\\/2024\\\/09\\\/113569_pala_wilson_blade_ls_v3_padel_2_wr167111u2_1500x1500_1_cadf.webp\",\"contentUrl\":\"https:\\\/\\\/revolutionpadelstore.com\\\/wp-content\\\/uploads\\\/2024\\\/09\\\/113569_pala_wilson_blade_ls_v3_padel_2_wr167111u2_1500x1500_1_cadf.webp\",\"width\":1500,\"height\":1500},{\"@type\":\"BreadcrumbList\",\"@id\":\"https:\\\/\\\/revolutionpadelstore.com\\\/de\\\/produkt\\\/wilson-blade-ls-v3-padel-2-1\\\/#breadcrumb\",\"itemListElement\":[{\"@type\":\"ListItem\",\"position\":1,\"name\":\"Portada\",\"item\":\"https:\\\/\\\/revolutionpadelstore.com\\\/de\\\/\"},{\"@type\":\"ListItem\",\"position\":2,\"name\":\"Shop\",\"item\":\"https:\\\/\\\/revolutionpadelstore.com\\\/de\\\/tienda\\\/\"},{\"@type\":\"ListItem\",\"position\":3,\"name\":\"WILSON BLADE LS V3 PADEL 2\"}]},{\"@type\":\"WebSite\",\"@id\":\"https:\\\/\\\/revolutionpadelstore.com\\\/de\\\/#website\",\"url\":\"https:\\\/\\\/revolutionpadelstore.com\\\/de\\\/\",\"name\":\"Revolution Padel Store\",\"description\":\"\",\"publisher\":{\"@id\":\"https:\\\/\\\/revolutionpadelstore.com\\\/de\\\/#organization\"},\"potentialAction\":[{\"@type\":\"SearchAction\",\"target\":{\"@type\":\"EntryPoint\",\"urlTemplate\":\"https:\\\/\\\/revolutionpadelstore.com\\\/de\\\/?s={search_term_string}\"},\"query-input\":{\"@type\":\"PropertyValueSpecification\",\"valueRequired\":true,\"valueName\":\"search_term_string\"}}],\"inLanguage\":\"de\"},{\"@type\":\"Organization\",\"@id\":\"https:\\\/\\\/revolutionpadelstore.com\\\/de\\\/#organization\",\"name\":\"Revolution Padel Store\",\"url\":\"https:\\\/\\\/revolutionpadelstore.com\\\/de\\\/\",\"logo\":{\"@type\":\"ImageObject\",\"inLanguage\":\"de\",\"@id\":\"https:\\\/\\\/revolutionpadelstore.com\\\/de\\\/#\\\/schema\\\/logo\\\/image\\\/\",\"url\":\"https:\\\/\\\/revolutionpadelstore.com\\\/wp-content\\\/uploads\\\/2026\\\/02\\\/revolution-padel-store.jpg\",\"contentUrl\":\"https:\\\/\\\/revolutionpadelstore.com\\\/wp-content\\\/uploads\\\/2026\\\/02\\\/revolution-padel-store.jpg\",\"width\":2000,\"height\":2000,\"caption\":\"Revolution Padel Store\"},\"image\":{\"@id\":\"https:\\\/\\\/revolutionpadelstore.com\\\/de\\\/#\\\/schema\\\/logo\\\/image\\\/\"},\"sameAs\":[\"https:\\\/\\\/www.instagram.com\\\/revolutionpadelstore\\\/\"]}]}<\/script>\n<!-- \/ Yoast SEO plugin. -->","yoast_head_json":{"title":"WILSON BLADE LS V3 PADEL 2 - Revolution Padel Store","description":"El dise\u00f1o de esta pala es moderno y atractivo, con un\u00a0vibrante color verde\u00a0que se destaca en la pista. El logo de la marca en verde en otro tono para hacer contraste a\u00f1ade un toque de modernidad. Si est\u00e1s buscando una pala que combine estilo, rendimiento y durabilidad, la Wilson Blade LS V3 Padel es la elecci\u00f3n perfecta para llevar tu juego al siguiente nivel.","robots":{"index":"index","follow":"follow","max-snippet":"max-snippet:-1","max-image-preview":"max-image-preview:large","max-video-preview":"max-video-preview:-1"},"canonical":"https:\/\/revolutionpadelstore.com\/de\/produkt\/wilson-blade-ls-v3-padel-2-1\/","og_locale":"de_DE","og_type":"article","og_title":"WILSON BLADE LS V3 PADEL 2 - Revolution Padel Store","og_description":"El dise\u00f1o de esta pala es moderno y atractivo, con un\u00a0vibrante color verde\u00a0que se destaca en la pista. El logo de la marca en verde en otro tono para hacer contraste a\u00f1ade un toque de modernidad. Si est\u00e1s buscando una pala que combine estilo, rendimiento y durabilidad, la Wilson Blade LS V3 Padel es la elecci\u00f3n perfecta para llevar tu juego al siguiente nivel.","og_url":"https:\/\/revolutionpadelstore.com\/de\/produkt\/wilson-blade-ls-v3-padel-2-1\/","og_site_name":"Revolution Padel Store","article_modified_time":"2026-04-08T08:40:03+00:00","og_image":[{"width":1500,"height":1500,"url":"https:\/\/revolutionpadelstore.com\/wp-content\/uploads\/2024\/09\/113569_pala_wilson_blade_ls_v3_padel_2_wr167111u2_1500x1500_1_cadf.webp","type":"image\/webp"}],"twitter_card":"summary_large_image","twitter_misc":{"Gesch\u00e4tzte Lesezeit":"2\u00a0Minuten"},"schema":{"@context":"https:\/\/schema.org","@graph":[{"@type":"WebPage","@id":"https:\/\/revolutionpadelstore.com\/de\/produkt\/wilson-blade-ls-v3-padel-2-1\/","url":"https:\/\/revolutionpadelstore.com\/de\/produkt\/wilson-blade-ls-v3-padel-2-1\/","name":"WILSON BLADE LS V3 PADEL 2 - Revolution Padel Store","isPartOf":{"@id":"https:\/\/revolutionpadelstore.com\/de\/#website"},"primaryImageOfPage":{"@id":"https:\/\/revolutionpadelstore.com\/de\/produkt\/wilson-blade-ls-v3-padel-2-1\/#primaryimage"},"image":{"@id":"https:\/\/revolutionpadelstore.com\/de\/produkt\/wilson-blade-ls-v3-padel-2-1\/#primaryimage"},"thumbnailUrl":"https:\/\/revolutionpadelstore.com\/wp-content\/uploads\/2024\/09\/113569_pala_wilson_blade_ls_v3_padel_2_wr167111u2_1500x1500_1_cadf.webp","datePublished":"2024-09-15T15:47:01+00:00","dateModified":"2026-04-08T08:40:03+00:00","description":"El dise\u00f1o de esta pala es moderno y atractivo, con un\u00a0vibrante color verde\u00a0que se destaca en la pista. El logo de la marca en verde en otro tono para hacer contraste a\u00f1ade un toque de modernidad. Si est\u00e1s buscando una pala que combine estilo, rendimiento y durabilidad, la Wilson Blade LS V3 Padel es la elecci\u00f3n perfecta para llevar tu juego al siguiente nivel.","breadcrumb":{"@id":"https:\/\/revolutionpadelstore.com\/de\/produkt\/wilson-blade-ls-v3-padel-2-1\/#breadcrumb"},"inLanguage":"de","potentialAction":[{"@type":"ReadAction","target":["https:\/\/revolutionpadelstore.com\/de\/produkt\/wilson-blade-ls-v3-padel-2-1\/"]}]},{"@type":"ImageObject","inLanguage":"de","@id":"https:\/\/revolutionpadelstore.com\/de\/produkt\/wilson-blade-ls-v3-padel-2-1\/#primaryimage","url":"https:\/\/revolutionpadelstore.com\/wp-content\/uploads\/2024\/09\/113569_pala_wilson_blade_ls_v3_padel_2_wr167111u2_1500x1500_1_cadf.webp","contentUrl":"https:\/\/revolutionpadelstore.com\/wp-content\/uploads\/2024\/09\/113569_pala_wilson_blade_ls_v3_padel_2_wr167111u2_1500x1500_1_cadf.webp","width":1500,"height":1500},{"@type":"BreadcrumbList","@id":"https:\/\/revolutionpadelstore.com\/de\/produkt\/wilson-blade-ls-v3-padel-2-1\/#breadcrumb","itemListElement":[{"@type":"ListItem","position":1,"name":"Portada","item":"https:\/\/revolutionpadelstore.com\/de\/"},{"@type":"ListItem","position":2,"name":"Shop","item":"https:\/\/revolutionpadelstore.com\/de\/tienda\/"},{"@type":"ListItem","position":3,"name":"WILSON BLADE LS V3 PADEL 2"}]},{"@type":"WebSite","@id":"https:\/\/revolutionpadelstore.com\/de\/#website","url":"https:\/\/revolutionpadelstore.com\/de\/","name":"Revolution Padel Store","description":"","publisher":{"@id":"https:\/\/revolutionpadelstore.com\/de\/#organization"},"potentialAction":[{"@type":"SearchAction","target":{"@type":"EntryPoint","urlTemplate":"https:\/\/revolutionpadelstore.com\/de\/?s={search_term_string}"},"query-input":{"@type":"PropertyValueSpecification","valueRequired":true,"valueName":"search_term_string"}}],"inLanguage":"de"},{"@type":"Organization","@id":"https:\/\/revolutionpadelstore.com\/de\/#organization","name":"Revolution Padel Store","url":"https:\/\/revolutionpadelstore.com\/de\/","logo":{"@type":"ImageObject","inLanguage":"de","@id":"https:\/\/revolutionpadelstore.com\/de\/#\/schema\/logo\/image\/","url":"https:\/\/revolutionpadelstore.com\/wp-content\/uploads\/2026\/02\/revolution-padel-store.jpg","contentUrl":"https:\/\/revolutionpadelstore.com\/wp-content\/uploads\/2026\/02\/revolution-padel-store.jpg","width":2000,"height":2000,"caption":"Revolution Padel Store"},"image":{"@id":"https:\/\/revolutionpadelstore.com\/de\/#\/schema\/logo\/image\/"},"sameAs":["https:\/\/www.instagram.com\/revolutionpadelstore\/"]}]}},"_links":{"self":[{"href":"https:\/\/revolutionpadelstore.com\/de\/wp-json\/wp\/v2\/product\/72813","targetHints":{"allow":["GET"]}}],"collection":[{"href":"https:\/\/revolutionpadelstore.com\/de\/wp-json\/wp\/v2\/product"}],"about":[{"href":"https:\/\/revolutionpadelstore.com\/de\/wp-json\/wp\/v2\/types\/product"}],"replies":[{"embeddable":true,"href":"https:\/\/revolutionpadelstore.com\/de\/wp-json\/wp\/v2\/comments?post=72813"}],"wp:featuredmedia":[{"embeddable":true,"href":"https:\/\/revolutionpadelstore.com\/de\/wp-json\/wp\/v2\/media\/71305"}],"wp:attachment":[{"href":"https:\/\/revolutionpadelstore.com\/de\/wp-json\/wp\/v2\/media?parent=72813"}],"wp:term":[{"taxonomy":"acabado","embeddable":true,"href":"https:\/\/revolutionpadelstore.com\/de\/wp-json\/wp\/v2\/acabado?post=72813"},{"taxonomy":"balance","embeddable":true,"href":"https:\/\/revolutionpadelstore.com\/de\/wp-json\/wp\/v2\/balance?post=72813"},{"taxonomy":"dureza","embeddable":true,"href":"https:\/\/revolutionpadelstore.com\/de\/wp-json\/wp\/v2\/dureza?post=72813"},{"taxonomy":"forma","embeddable":true,"href":"https:\/\/revolutionpadelstore.com\/de\/wp-json\/wp\/v2\/forma?post=72813"},{"taxonomy":"jugador","embeddable":true,"href":"https:\/\/revolutionpadelstore.com\/de\/wp-json\/wp\/v2\/jugador?post=72813"},{"taxonomy":"marca","embeddable":true,"href":"https:\/\/revolutionpadelstore.com\/de\/wp-json\/wp\/v2\/marca?post=72813"},{"taxonomy":"nivel-de-juego","embeddable":true,"href":"https:\/\/revolutionpadelstore.com\/de\/wp-json\/wp\/v2\/nivel-de-juego?post=72813"},{"taxonomy":"superficie","embeddable":true,"href":"https:\/\/revolutionpadelstore.com\/de\/wp-json\/wp\/v2\/superficie?post=72813"},{"taxonomy":"tipo-de-juego","embeddable":true,"href":"https:\/\/revolutionpadelstore.com\/de\/wp-json\/wp\/v2\/tipo-de-juego?post=72813"},{"taxonomy":"product_brand","embeddable":true,"href":"https:\/\/revolutionpadelstore.com\/de\/wp-json\/wp\/v2\/product_brand?post=72813"},{"taxonomy":"product_cat","embeddable":true,"href":"https:\/\/revolutionpadelstore.com\/de\/wp-json\/wp\/v2\/product_cat?post=72813"},{"taxonomy":"product_tag","embeddable":true,"href":"https:\/\/revolutionpadelstore.com\/de\/wp-json\/wp\/v2\/product_tag?post=72813"}],"curies":[{"name":"wp","href":"https:\/\/api.w.org\/{rel}","templated":true}]}}