{"id":72803,"date":"2024-09-16T08:19:19","date_gmt":"2024-09-16T06:19:19","guid":{"rendered":"https:\/\/revolutionpadelstore.com\/munequeras-wilson-bela-extra-wide-white\/"},"modified":"2026-04-08T10:39:04","modified_gmt":"2026-04-08T08:39:04","slug":"munequeras-wilson-bela-extra-wide-white-1","status":"publish","type":"product","link":"https:\/\/revolutionpadelstore.com\/de\/produkt\/munequeras-wilson-bela-extra-wide-white-1\/","title":{"rendered":"MU\u00d1EQUERAS WILSON BELA EXTRA WIDE WHITE"},"content":{"rendered":"<p>Das extrabreite wei\u00dfe Armband von Wilson Bela ist unverzichtbar, wenn wir den Schwei\u00df auf unseren Armen und auf der Stirn trocken halten wollen. Hohe Atmungsaktivit\u00e4t und hoher Tragekomfort. Belasteguins Signatur verleiht ihm eine coolere Note.<\/p>\n<p>Es ist nicht nur mit dem \u201eW\u201c und Belas Signatur bestickt, was ihm einen Hauch von Eleganz verleiht, sondern es besteht auch aus einer Kombination aus Baumwolle, Nylon und Lucra, die es sehr angenehm zu tragen und mit einem hohen Ma\u00df an Atmungsaktivit\u00e4t auch im Freien bietet Die hei\u00dfesten Tage und die intensivsten Spiele.<\/p>\n<p><strong>Vielleicht ist Schwei\u00df in Ihrem Spiel kein Problem.<\/strong><\/p>\n","protected":false},"excerpt":{"rendered":"<p>Das extrabreite wei\u00dfe Armband von Wilson Bela ist unverzichtbar, wenn wir den Schwei\u00df auf unseren Armen und auf der Stirn trocken halten wollen. Hohe Atmungsaktivit\u00e4t und hoher Tragekomfort.<\/p>\n","protected":false},"featured_media":71485,"comment_status":"open","ping_status":"closed","template":"","meta":{"_acf_changed":false,"_joinchat":[]},"acabado":[],"balance":[],"dureza":[],"forma":[],"jugador":[],"marca":[1264],"nivel-de-juego":[],"superficie":[],"tipo-de-juego":[],"product_brand":[],"product_cat":[558],"product_tag":[],"class_list":{"0":"post-72803","1":"product","2":"type-product","3":"status-publish","4":"has-post-thumbnail","6":"marca-wilson-de","7":"product_cat-zubehor","9":"first","10":"outofstock","11":"sale","12":"taxable","13":"shipping-taxable","14":"purchasable","15":"product-type-simple"},"acf":[],"yoast_head":"<!-- This site is optimized with the Yoast SEO plugin v27.4 - https:\/\/yoast.com\/product\/yoast-seo-wordpress\/ -->\n<title>MU\u00d1EQUERAS WILSON BELA EXTRA WIDE WHITE - Revolution Padel Store<\/title>\n<meta name=\"description\" content=\"La mu\u00f1equera Wilson Bela extra-ancha color blanca es una imprescindible si queremos mantener el sudor de nuestros brazos y frente secos. Alta capacidad de transpiraci\u00f3n y un alto nivel de confort.\" \/>\n<meta name=\"robots\" content=\"index, follow, max-snippet:-1, max-image-preview:large, max-video-preview:-1\" \/>\n<link rel=\"canonical\" href=\"https:\/\/revolutionpadelstore.com\/de\/produkt\/munequeras-wilson-bela-extra-wide-white-1\/\" \/>\n<meta property=\"og:locale\" content=\"de_DE\" \/>\n<meta property=\"og:type\" content=\"article\" \/>\n<meta property=\"og:title\" content=\"MU\u00d1EQUERAS WILSON BELA EXTRA WIDE WHITE - Revolution Padel Store\" \/>\n<meta property=\"og:description\" content=\"La mu\u00f1equera Wilson Bela extra-ancha color blanca es una imprescindible si queremos mantener el sudor de nuestros brazos y frente secos. Alta capacidad de transpiraci\u00f3n y un alto nivel de confort.\" \/>\n<meta property=\"og:url\" content=\"https:\/\/revolutionpadelstore.com\/de\/produkt\/munequeras-wilson-bela-extra-wide-white-1\/\" \/>\n<meta property=\"og:site_name\" content=\"Revolution Padel Store\" \/>\n<meta property=\"article:modified_time\" content=\"2026-04-08T08:39:04+00:00\" \/>\n<meta property=\"og:image\" content=\"https:\/\/revolutionpadelstore.com\/wp-content\/uploads\/2024\/09\/munequeras-wilson-bela-extra-wide-white.webp\" \/>\n\t<meta property=\"og:image:width\" content=\"1100\" \/>\n\t<meta property=\"og:image:height\" content=\"1422\" \/>\n\t<meta property=\"og:image:type\" content=\"image\/webp\" \/>\n<meta name=\"twitter:card\" content=\"summary_large_image\" \/>\n<meta name=\"twitter:label1\" content=\"Gesch\u00e4tzte Lesezeit\" \/>\n\t<meta name=\"twitter:data1\" content=\"1\u00a0Minute\" \/>\n<script type=\"application\/ld+json\" class=\"yoast-schema-graph\">{\"@context\":\"https:\\\/\\\/schema.org\",\"@graph\":[{\"@type\":\"WebPage\",\"@id\":\"https:\\\/\\\/revolutionpadelstore.com\\\/de\\\/produkt\\\/munequeras-wilson-bela-extra-wide-white-1\\\/\",\"url\":\"https:\\\/\\\/revolutionpadelstore.com\\\/de\\\/produkt\\\/munequeras-wilson-bela-extra-wide-white-1\\\/\",\"name\":\"MU\u00d1EQUERAS WILSON BELA EXTRA WIDE WHITE - Revolution Padel Store\",\"isPartOf\":{\"@id\":\"https:\\\/\\\/revolutionpadelstore.com\\\/de\\\/#website\"},\"primaryImageOfPage\":{\"@id\":\"https:\\\/\\\/revolutionpadelstore.com\\\/de\\\/produkt\\\/munequeras-wilson-bela-extra-wide-white-1\\\/#primaryimage\"},\"image\":{\"@id\":\"https:\\\/\\\/revolutionpadelstore.com\\\/de\\\/produkt\\\/munequeras-wilson-bela-extra-wide-white-1\\\/#primaryimage\"},\"thumbnailUrl\":\"https:\\\/\\\/revolutionpadelstore.com\\\/wp-content\\\/uploads\\\/2024\\\/09\\\/munequeras-wilson-bela-extra-wide-white.webp\",\"datePublished\":\"2024-09-16T06:19:19+00:00\",\"dateModified\":\"2026-04-08T08:39:04+00:00\",\"description\":\"La mu\u00f1equera Wilson Bela extra-ancha color blanca es una imprescindible si queremos mantener el sudor de nuestros brazos y frente secos. Alta capacidad de transpiraci\u00f3n y un alto nivel de confort.\",\"breadcrumb\":{\"@id\":\"https:\\\/\\\/revolutionpadelstore.com\\\/de\\\/produkt\\\/munequeras-wilson-bela-extra-wide-white-1\\\/#breadcrumb\"},\"inLanguage\":\"de\",\"potentialAction\":[{\"@type\":\"ReadAction\",\"target\":[\"https:\\\/\\\/revolutionpadelstore.com\\\/de\\\/produkt\\\/munequeras-wilson-bela-extra-wide-white-1\\\/\"]}]},{\"@type\":\"ImageObject\",\"inLanguage\":\"de\",\"@id\":\"https:\\\/\\\/revolutionpadelstore.com\\\/de\\\/produkt\\\/munequeras-wilson-bela-extra-wide-white-1\\\/#primaryimage\",\"url\":\"https:\\\/\\\/revolutionpadelstore.com\\\/wp-content\\\/uploads\\\/2024\\\/09\\\/munequeras-wilson-bela-extra-wide-white.webp\",\"contentUrl\":\"https:\\\/\\\/revolutionpadelstore.com\\\/wp-content\\\/uploads\\\/2024\\\/09\\\/munequeras-wilson-bela-extra-wide-white.webp\",\"width\":1100,\"height\":1422},{\"@type\":\"BreadcrumbList\",\"@id\":\"https:\\\/\\\/revolutionpadelstore.com\\\/de\\\/produkt\\\/munequeras-wilson-bela-extra-wide-white-1\\\/#breadcrumb\",\"itemListElement\":[{\"@type\":\"ListItem\",\"position\":1,\"name\":\"Portada\",\"item\":\"https:\\\/\\\/revolutionpadelstore.com\\\/de\\\/\"},{\"@type\":\"ListItem\",\"position\":2,\"name\":\"Shop\",\"item\":\"https:\\\/\\\/revolutionpadelstore.com\\\/de\\\/tienda\\\/\"},{\"@type\":\"ListItem\",\"position\":3,\"name\":\"MU\u00d1EQUERAS WILSON BELA EXTRA WIDE WHITE\"}]},{\"@type\":\"WebSite\",\"@id\":\"https:\\\/\\\/revolutionpadelstore.com\\\/de\\\/#website\",\"url\":\"https:\\\/\\\/revolutionpadelstore.com\\\/de\\\/\",\"name\":\"Revolution Padel Store\",\"description\":\"\",\"publisher\":{\"@id\":\"https:\\\/\\\/revolutionpadelstore.com\\\/de\\\/#organization\"},\"potentialAction\":[{\"@type\":\"SearchAction\",\"target\":{\"@type\":\"EntryPoint\",\"urlTemplate\":\"https:\\\/\\\/revolutionpadelstore.com\\\/de\\\/?s={search_term_string}\"},\"query-input\":{\"@type\":\"PropertyValueSpecification\",\"valueRequired\":true,\"valueName\":\"search_term_string\"}}],\"inLanguage\":\"de\"},{\"@type\":\"Organization\",\"@id\":\"https:\\\/\\\/revolutionpadelstore.com\\\/de\\\/#organization\",\"name\":\"Revolution Padel Store\",\"url\":\"https:\\\/\\\/revolutionpadelstore.com\\\/de\\\/\",\"logo\":{\"@type\":\"ImageObject\",\"inLanguage\":\"de\",\"@id\":\"https:\\\/\\\/revolutionpadelstore.com\\\/de\\\/#\\\/schema\\\/logo\\\/image\\\/\",\"url\":\"https:\\\/\\\/revolutionpadelstore.com\\\/wp-content\\\/uploads\\\/2026\\\/02\\\/revolution-padel-store.jpg\",\"contentUrl\":\"https:\\\/\\\/revolutionpadelstore.com\\\/wp-content\\\/uploads\\\/2026\\\/02\\\/revolution-padel-store.jpg\",\"width\":2000,\"height\":2000,\"caption\":\"Revolution Padel Store\"},\"image\":{\"@id\":\"https:\\\/\\\/revolutionpadelstore.com\\\/de\\\/#\\\/schema\\\/logo\\\/image\\\/\"},\"sameAs\":[\"https:\\\/\\\/www.instagram.com\\\/revolutionpadelstore\\\/\"]}]}<\/script>\n<!-- \/ Yoast SEO plugin. -->","yoast_head_json":{"title":"MU\u00d1EQUERAS WILSON BELA EXTRA WIDE WHITE - Revolution Padel Store","description":"La mu\u00f1equera Wilson Bela extra-ancha color blanca es una imprescindible si queremos mantener el sudor de nuestros brazos y frente secos. Alta capacidad de transpiraci\u00f3n y un alto nivel de confort.","robots":{"index":"index","follow":"follow","max-snippet":"max-snippet:-1","max-image-preview":"max-image-preview:large","max-video-preview":"max-video-preview:-1"},"canonical":"https:\/\/revolutionpadelstore.com\/de\/produkt\/munequeras-wilson-bela-extra-wide-white-1\/","og_locale":"de_DE","og_type":"article","og_title":"MU\u00d1EQUERAS WILSON BELA EXTRA WIDE WHITE - Revolution Padel Store","og_description":"La mu\u00f1equera Wilson Bela extra-ancha color blanca es una imprescindible si queremos mantener el sudor de nuestros brazos y frente secos. Alta capacidad de transpiraci\u00f3n y un alto nivel de confort.","og_url":"https:\/\/revolutionpadelstore.com\/de\/produkt\/munequeras-wilson-bela-extra-wide-white-1\/","og_site_name":"Revolution Padel Store","article_modified_time":"2026-04-08T08:39:04+00:00","og_image":[{"width":1100,"height":1422,"url":"https:\/\/revolutionpadelstore.com\/wp-content\/uploads\/2024\/09\/munequeras-wilson-bela-extra-wide-white.webp","type":"image\/webp"}],"twitter_card":"summary_large_image","twitter_misc":{"Gesch\u00e4tzte Lesezeit":"1\u00a0Minute"},"schema":{"@context":"https:\/\/schema.org","@graph":[{"@type":"WebPage","@id":"https:\/\/revolutionpadelstore.com\/de\/produkt\/munequeras-wilson-bela-extra-wide-white-1\/","url":"https:\/\/revolutionpadelstore.com\/de\/produkt\/munequeras-wilson-bela-extra-wide-white-1\/","name":"MU\u00d1EQUERAS WILSON BELA EXTRA WIDE WHITE - Revolution Padel Store","isPartOf":{"@id":"https:\/\/revolutionpadelstore.com\/de\/#website"},"primaryImageOfPage":{"@id":"https:\/\/revolutionpadelstore.com\/de\/produkt\/munequeras-wilson-bela-extra-wide-white-1\/#primaryimage"},"image":{"@id":"https:\/\/revolutionpadelstore.com\/de\/produkt\/munequeras-wilson-bela-extra-wide-white-1\/#primaryimage"},"thumbnailUrl":"https:\/\/revolutionpadelstore.com\/wp-content\/uploads\/2024\/09\/munequeras-wilson-bela-extra-wide-white.webp","datePublished":"2024-09-16T06:19:19+00:00","dateModified":"2026-04-08T08:39:04+00:00","description":"La mu\u00f1equera Wilson Bela extra-ancha color blanca es una imprescindible si queremos mantener el sudor de nuestros brazos y frente secos. Alta capacidad de transpiraci\u00f3n y un alto nivel de confort.","breadcrumb":{"@id":"https:\/\/revolutionpadelstore.com\/de\/produkt\/munequeras-wilson-bela-extra-wide-white-1\/#breadcrumb"},"inLanguage":"de","potentialAction":[{"@type":"ReadAction","target":["https:\/\/revolutionpadelstore.com\/de\/produkt\/munequeras-wilson-bela-extra-wide-white-1\/"]}]},{"@type":"ImageObject","inLanguage":"de","@id":"https:\/\/revolutionpadelstore.com\/de\/produkt\/munequeras-wilson-bela-extra-wide-white-1\/#primaryimage","url":"https:\/\/revolutionpadelstore.com\/wp-content\/uploads\/2024\/09\/munequeras-wilson-bela-extra-wide-white.webp","contentUrl":"https:\/\/revolutionpadelstore.com\/wp-content\/uploads\/2024\/09\/munequeras-wilson-bela-extra-wide-white.webp","width":1100,"height":1422},{"@type":"BreadcrumbList","@id":"https:\/\/revolutionpadelstore.com\/de\/produkt\/munequeras-wilson-bela-extra-wide-white-1\/#breadcrumb","itemListElement":[{"@type":"ListItem","position":1,"name":"Portada","item":"https:\/\/revolutionpadelstore.com\/de\/"},{"@type":"ListItem","position":2,"name":"Shop","item":"https:\/\/revolutionpadelstore.com\/de\/tienda\/"},{"@type":"ListItem","position":3,"name":"MU\u00d1EQUERAS WILSON BELA EXTRA WIDE WHITE"}]},{"@type":"WebSite","@id":"https:\/\/revolutionpadelstore.com\/de\/#website","url":"https:\/\/revolutionpadelstore.com\/de\/","name":"Revolution Padel Store","description":"","publisher":{"@id":"https:\/\/revolutionpadelstore.com\/de\/#organization"},"potentialAction":[{"@type":"SearchAction","target":{"@type":"EntryPoint","urlTemplate":"https:\/\/revolutionpadelstore.com\/de\/?s={search_term_string}"},"query-input":{"@type":"PropertyValueSpecification","valueRequired":true,"valueName":"search_term_string"}}],"inLanguage":"de"},{"@type":"Organization","@id":"https:\/\/revolutionpadelstore.com\/de\/#organization","name":"Revolution Padel Store","url":"https:\/\/revolutionpadelstore.com\/de\/","logo":{"@type":"ImageObject","inLanguage":"de","@id":"https:\/\/revolutionpadelstore.com\/de\/#\/schema\/logo\/image\/","url":"https:\/\/revolutionpadelstore.com\/wp-content\/uploads\/2026\/02\/revolution-padel-store.jpg","contentUrl":"https:\/\/revolutionpadelstore.com\/wp-content\/uploads\/2026\/02\/revolution-padel-store.jpg","width":2000,"height":2000,"caption":"Revolution Padel Store"},"image":{"@id":"https:\/\/revolutionpadelstore.com\/de\/#\/schema\/logo\/image\/"},"sameAs":["https:\/\/www.instagram.com\/revolutionpadelstore\/"]}]}},"_links":{"self":[{"href":"https:\/\/revolutionpadelstore.com\/de\/wp-json\/wp\/v2\/product\/72803","targetHints":{"allow":["GET"]}}],"collection":[{"href":"https:\/\/revolutionpadelstore.com\/de\/wp-json\/wp\/v2\/product"}],"about":[{"href":"https:\/\/revolutionpadelstore.com\/de\/wp-json\/wp\/v2\/types\/product"}],"replies":[{"embeddable":true,"href":"https:\/\/revolutionpadelstore.com\/de\/wp-json\/wp\/v2\/comments?post=72803"}],"wp:featuredmedia":[{"embeddable":true,"href":"https:\/\/revolutionpadelstore.com\/de\/wp-json\/wp\/v2\/media\/71485"}],"wp:attachment":[{"href":"https:\/\/revolutionpadelstore.com\/de\/wp-json\/wp\/v2\/media?parent=72803"}],"wp:term":[{"taxonomy":"acabado","embeddable":true,"href":"https:\/\/revolutionpadelstore.com\/de\/wp-json\/wp\/v2\/acabado?post=72803"},{"taxonomy":"balance","embeddable":true,"href":"https:\/\/revolutionpadelstore.com\/de\/wp-json\/wp\/v2\/balance?post=72803"},{"taxonomy":"dureza","embeddable":true,"href":"https:\/\/revolutionpadelstore.com\/de\/wp-json\/wp\/v2\/dureza?post=72803"},{"taxonomy":"forma","embeddable":true,"href":"https:\/\/revolutionpadelstore.com\/de\/wp-json\/wp\/v2\/forma?post=72803"},{"taxonomy":"jugador","embeddable":true,"href":"https:\/\/revolutionpadelstore.com\/de\/wp-json\/wp\/v2\/jugador?post=72803"},{"taxonomy":"marca","embeddable":true,"href":"https:\/\/revolutionpadelstore.com\/de\/wp-json\/wp\/v2\/marca?post=72803"},{"taxonomy":"nivel-de-juego","embeddable":true,"href":"https:\/\/revolutionpadelstore.com\/de\/wp-json\/wp\/v2\/nivel-de-juego?post=72803"},{"taxonomy":"superficie","embeddable":true,"href":"https:\/\/revolutionpadelstore.com\/de\/wp-json\/wp\/v2\/superficie?post=72803"},{"taxonomy":"tipo-de-juego","embeddable":true,"href":"https:\/\/revolutionpadelstore.com\/de\/wp-json\/wp\/v2\/tipo-de-juego?post=72803"},{"taxonomy":"product_brand","embeddable":true,"href":"https:\/\/revolutionpadelstore.com\/de\/wp-json\/wp\/v2\/product_brand?post=72803"},{"taxonomy":"product_cat","embeddable":true,"href":"https:\/\/revolutionpadelstore.com\/de\/wp-json\/wp\/v2\/product_cat?post=72803"},{"taxonomy":"product_tag","embeddable":true,"href":"https:\/\/revolutionpadelstore.com\/de\/wp-json\/wp\/v2\/product_tag?post=72803"}],"curies":[{"name":"wp","href":"https:\/\/api.w.org\/{rel}","templated":true}]}}