{"id":72793,"date":"2024-09-22T19:45:17","date_gmt":"2024-09-22T17:45:17","guid":{"rendered":"https:\/\/revolutionpadelstore.com\/bullpadel-vertex-04-25-w\/"},"modified":"2026-04-08T10:38:36","modified_gmt":"2026-04-08T08:38:36","slug":"bullpadel-vertex-04-25-w","status":"publish","type":"product","link":"https:\/\/revolutionpadelstore.com\/de\/produkt\/bullpadel-vertex-04-25-w\/","title":{"rendered":"BULLPADEL VERTEX 04 25 W"},"content":{"rendered":"<h2>Bullpadel Vertex 04 25 W, Leistung im Dienste weiblicher Spieler<\/h2>\n<p>Der Schl\u00e4ger Bullpadel Vertex 04 aus der Kollektion 2025 wird einer der leistungsst\u00e4rksten Damenschl\u00e4ger auf dem Markt sein. Es ist die Wahl des Profispielers Delfi Brea. Sein sportliches und modernes Design ist perfekt, um Ihrem Look einen ganz pers\u00f6nlichen Stil zu verleihen. Sein Gewicht, das zwischen 340 und 360 Gramm liegt, macht es sehr handlich und leicht.<\/p>\n<h2>Bullpadel Vertex 04 25 W, hohe Leistung auf dem Platz<\/h2>\n<p>Dieser Vertex 04 wurde f\u00fcr Spieler auf Expertenniveau entwickelt und verf\u00fcgt \u00fcber eine Diamantform und eine hohe Balance, die maximale Kraft bietet, ohne die Kontrolle \u00fcber den Ball zu verlieren. Dieser Hochleistungsschl\u00e4ger wird Ihnen helfen, Ihr Niveau zu verbessern, w\u00e4hrend Sie in jedem Punkt entscheidend sind. Dar\u00fcber hinaus genie\u00dfen Sie dank der rauen Topspin-Oberfl\u00e4che einen besseren Grip und Spin am Ball.<\/p>\n<h2>Eigenschaften Bullpadel Vertex 04 25 W<\/h2>\n<p>Dieser Bullpadel Vertex 04 pr\u00e4sentiert neue Features im Rahmen. Einerseits das <strong>Curvatik-System<\/strong>, eine Struktur, die bei Torsionen <strong>mehr Widerstand<\/strong> bietet. An der Seite der Klinge wurde ein kleinerer Abschnitt als beim Vertex 03 eingef\u00fchrt, der die <strong>Steifigkeit<\/strong> erh\u00f6ht und eine <strong>bessere<\/strong> \u00dcbertragung von Spannungen erreicht. Dieses System ist mit der <strong>Air Power<\/strong> verbunden, einem in einem Hohlst\u00fcck erzeugten Kanal an der Unterseite, mit dem die Struktur verst\u00e4rkt wird.<\/p>\n<p>Der \u00e4u\u00dfere Kern besteht aus <strong>Fibrix-Hybridfaser<\/strong>, der innere Kern aus <strong>MultiEva<\/strong> und der Rohrrahmen aus <strong>CarbonTube<\/strong> aus 100 % Carbon . Dar\u00fcber hinaus verf\u00fcgt es \u00fcber das neue Vertex-Herz.<\/p>\n<h2>Bullpadel Vertex 04 25 W, potencia al servicio de las jugadoras<\/h2>\n","protected":false},"excerpt":{"rendered":"<p>Der Schl\u00e4ger Bullpadel Vertex 04 aus der Kollektion 2025 wird einer der leistungsst\u00e4rksten Damenschl\u00e4ger auf dem Markt sein. Es ist die Wahl des Profispielers Delfi Brea <\/p>\n","protected":false},"featured_media":99983,"comment_status":"open","ping_status":"closed","template":"","meta":{"_acf_changed":false,"_joinchat":[]},"acabado":[1094,1104],"balance":[1134],"dureza":[1154],"forma":[1169],"jugador":[1194],"marca":[1254],"nivel-de-juego":[1334,1344],"superficie":[1359],"tipo-de-juego":[1374],"product_brand":[],"product_cat":[299],"product_tag":[],"class_list":{"0":"post-72793","1":"product","2":"type-product","3":"status-publish","4":"has-post-thumbnail","6":"acabado-arenoso-de","7":"acabado-rau","8":"balance-hoch","9":"dureza-media-de","10":"forma-diamante-de","11":"jugador-frau","12":"marca-bullpadel-de","13":"superficie-rugosa-de","14":"tipo-de-juego-leistung","15":"product_cat-palas-de-padel-de","17":"first","18":"instock","19":"sale","20":"taxable","21":"shipping-taxable","22":"purchasable","23":"product-type-simple"},"acf":[],"yoast_head":"<!-- This site is optimized with the Yoast SEO plugin v27.3 - https:\/\/yoast.com\/product\/yoast-seo-wordpress\/ -->\n<title>BULLPADEL VERTEX 04 25 W - Revolution Padel Store<\/title>\n<meta name=\"description\" content=\"La\u00a0pala Bullpadel Vertex 04, de la colecci\u00f3n para 2025, ser\u00e1 una de las palas para mujer m\u00e1s\u00a0potentes\u00a0del mercado. Es la elegida por la jugadora profesional,\u00a0Delfi Brea. Su dise\u00f1o, deportivo y moderno, es perfecto para dar a tu look, un estilo muy personalizado. Su peso, que oscila entre los 340 y 360 gramos, la hacen muy\u00a0manejable\u00a0y\u00a0ligera.\" \/>\n<meta name=\"robots\" content=\"index, follow, max-snippet:-1, max-image-preview:large, max-video-preview:-1\" \/>\n<link rel=\"canonical\" href=\"https:\/\/revolutionpadelstore.com\/de\/produkt\/bullpadel-vertex-04-25-w\/\" \/>\n<meta property=\"og:locale\" content=\"de_DE\" \/>\n<meta property=\"og:type\" content=\"article\" \/>\n<meta property=\"og:title\" content=\"BULLPADEL VERTEX 04 25 W - Revolution Padel Store\" \/>\n<meta property=\"og:description\" content=\"La\u00a0pala Bullpadel Vertex 04, de la colecci\u00f3n para 2025, ser\u00e1 una de las palas para mujer m\u00e1s\u00a0potentes\u00a0del mercado. Es la elegida por la jugadora profesional,\u00a0Delfi Brea. Su dise\u00f1o, deportivo y moderno, es perfecto para dar a tu look, un estilo muy personalizado. Su peso, que oscila entre los 340 y 360 gramos, la hacen muy\u00a0manejable\u00a0y\u00a0ligera.\" \/>\n<meta property=\"og:url\" content=\"https:\/\/revolutionpadelstore.com\/de\/produkt\/bullpadel-vertex-04-25-w\/\" \/>\n<meta property=\"og:site_name\" content=\"Revolution Padel Store\" \/>\n<meta property=\"article:modified_time\" content=\"2026-04-08T08:38:36+00:00\" \/>\n<meta property=\"og:image\" content=\"https:\/\/revolutionpadelstore.com\/wp-content\/uploads\/2024\/09\/113774_pala_bullpadel_vertex_04_w_25_448118_mujer_1500x1500_1_bbd1.webp\" \/>\n\t<meta property=\"og:image:width\" content=\"1500\" \/>\n\t<meta property=\"og:image:height\" content=\"1500\" \/>\n\t<meta property=\"og:image:type\" content=\"image\/webp\" \/>\n<meta name=\"twitter:card\" content=\"summary_large_image\" \/>\n<meta name=\"twitter:label1\" content=\"Gesch\u00e4tzte Lesezeit\" \/>\n\t<meta name=\"twitter:data1\" content=\"2\u00a0Minuten\" \/>\n<script type=\"application\/ld+json\" class=\"yoast-schema-graph\">{\"@context\":\"https:\\\/\\\/schema.org\",\"@graph\":[{\"@type\":\"WebPage\",\"@id\":\"https:\\\/\\\/revolutionpadelstore.com\\\/de\\\/produkt\\\/bullpadel-vertex-04-25-w\\\/\",\"url\":\"https:\\\/\\\/revolutionpadelstore.com\\\/de\\\/produkt\\\/bullpadel-vertex-04-25-w\\\/\",\"name\":\"BULLPADEL VERTEX 04 25 W - Revolution Padel Store\",\"isPartOf\":{\"@id\":\"https:\\\/\\\/revolutionpadelstore.com\\\/de\\\/#website\"},\"primaryImageOfPage\":{\"@id\":\"https:\\\/\\\/revolutionpadelstore.com\\\/de\\\/produkt\\\/bullpadel-vertex-04-25-w\\\/#primaryimage\"},\"image\":{\"@id\":\"https:\\\/\\\/revolutionpadelstore.com\\\/de\\\/produkt\\\/bullpadel-vertex-04-25-w\\\/#primaryimage\"},\"thumbnailUrl\":\"https:\\\/\\\/revolutionpadelstore.com\\\/wp-content\\\/uploads\\\/2024\\\/09\\\/113774_pala_bullpadel_vertex_04_w_25_448118_mujer_1500x1500_1_bbd1.webp\",\"datePublished\":\"2024-09-22T17:45:17+00:00\",\"dateModified\":\"2026-04-08T08:38:36+00:00\",\"description\":\"La\u00a0pala Bullpadel Vertex 04, de la colecci\u00f3n para 2025, ser\u00e1 una de las palas para mujer m\u00e1s\u00a0potentes\u00a0del mercado. Es la elegida por la jugadora profesional,\u00a0Delfi Brea. Su dise\u00f1o, deportivo y moderno, es perfecto para dar a tu look, un estilo muy personalizado. Su peso, que oscila entre los 340 y 360 gramos, la hacen muy\u00a0manejable\u00a0y\u00a0ligera.\",\"breadcrumb\":{\"@id\":\"https:\\\/\\\/revolutionpadelstore.com\\\/de\\\/produkt\\\/bullpadel-vertex-04-25-w\\\/#breadcrumb\"},\"inLanguage\":\"de\",\"potentialAction\":[{\"@type\":\"ReadAction\",\"target\":[\"https:\\\/\\\/revolutionpadelstore.com\\\/de\\\/produkt\\\/bullpadel-vertex-04-25-w\\\/\"]}]},{\"@type\":\"ImageObject\",\"inLanguage\":\"de\",\"@id\":\"https:\\\/\\\/revolutionpadelstore.com\\\/de\\\/produkt\\\/bullpadel-vertex-04-25-w\\\/#primaryimage\",\"url\":\"https:\\\/\\\/revolutionpadelstore.com\\\/wp-content\\\/uploads\\\/2024\\\/09\\\/113774_pala_bullpadel_vertex_04_w_25_448118_mujer_1500x1500_1_bbd1.webp\",\"contentUrl\":\"https:\\\/\\\/revolutionpadelstore.com\\\/wp-content\\\/uploads\\\/2024\\\/09\\\/113774_pala_bullpadel_vertex_04_w_25_448118_mujer_1500x1500_1_bbd1.webp\",\"width\":1500,\"height\":1500},{\"@type\":\"BreadcrumbList\",\"@id\":\"https:\\\/\\\/revolutionpadelstore.com\\\/de\\\/produkt\\\/bullpadel-vertex-04-25-w\\\/#breadcrumb\",\"itemListElement\":[{\"@type\":\"ListItem\",\"position\":1,\"name\":\"Portada\",\"item\":\"https:\\\/\\\/revolutionpadelstore.com\\\/de\\\/\"},{\"@type\":\"ListItem\",\"position\":2,\"name\":\"Shop\",\"item\":\"https:\\\/\\\/revolutionpadelstore.com\\\/de\\\/tienda\\\/\"},{\"@type\":\"ListItem\",\"position\":3,\"name\":\"BULLPADEL VERTEX 04 25 W\"}]},{\"@type\":\"WebSite\",\"@id\":\"https:\\\/\\\/revolutionpadelstore.com\\\/de\\\/#website\",\"url\":\"https:\\\/\\\/revolutionpadelstore.com\\\/de\\\/\",\"name\":\"Revolution Padel Store\",\"description\":\"\",\"publisher\":{\"@id\":\"https:\\\/\\\/revolutionpadelstore.com\\\/de\\\/#organization\"},\"potentialAction\":[{\"@type\":\"SearchAction\",\"target\":{\"@type\":\"EntryPoint\",\"urlTemplate\":\"https:\\\/\\\/revolutionpadelstore.com\\\/de\\\/?s={search_term_string}\"},\"query-input\":{\"@type\":\"PropertyValueSpecification\",\"valueRequired\":true,\"valueName\":\"search_term_string\"}}],\"inLanguage\":\"de\"},{\"@type\":\"Organization\",\"@id\":\"https:\\\/\\\/revolutionpadelstore.com\\\/de\\\/#organization\",\"name\":\"Revolution Padel Store\",\"url\":\"https:\\\/\\\/revolutionpadelstore.com\\\/de\\\/\",\"logo\":{\"@type\":\"ImageObject\",\"inLanguage\":\"de\",\"@id\":\"https:\\\/\\\/revolutionpadelstore.com\\\/de\\\/#\\\/schema\\\/logo\\\/image\\\/\",\"url\":\"https:\\\/\\\/revolutionpadelstore.com\\\/wp-content\\\/uploads\\\/2026\\\/02\\\/revolution-padel-store.jpg\",\"contentUrl\":\"https:\\\/\\\/revolutionpadelstore.com\\\/wp-content\\\/uploads\\\/2026\\\/02\\\/revolution-padel-store.jpg\",\"width\":2000,\"height\":2000,\"caption\":\"Revolution Padel Store\"},\"image\":{\"@id\":\"https:\\\/\\\/revolutionpadelstore.com\\\/de\\\/#\\\/schema\\\/logo\\\/image\\\/\"},\"sameAs\":[\"https:\\\/\\\/www.instagram.com\\\/revolutionpadelstore\\\/\"]}]}<\/script>\n<!-- \/ Yoast SEO plugin. -->","yoast_head_json":{"title":"BULLPADEL VERTEX 04 25 W - Revolution Padel Store","description":"La\u00a0pala Bullpadel Vertex 04, de la colecci\u00f3n para 2025, ser\u00e1 una de las palas para mujer m\u00e1s\u00a0potentes\u00a0del mercado. Es la elegida por la jugadora profesional,\u00a0Delfi Brea. Su dise\u00f1o, deportivo y moderno, es perfecto para dar a tu look, un estilo muy personalizado. Su peso, que oscila entre los 340 y 360 gramos, la hacen muy\u00a0manejable\u00a0y\u00a0ligera.","robots":{"index":"index","follow":"follow","max-snippet":"max-snippet:-1","max-image-preview":"max-image-preview:large","max-video-preview":"max-video-preview:-1"},"canonical":"https:\/\/revolutionpadelstore.com\/de\/produkt\/bullpadel-vertex-04-25-w\/","og_locale":"de_DE","og_type":"article","og_title":"BULLPADEL VERTEX 04 25 W - Revolution Padel Store","og_description":"La\u00a0pala Bullpadel Vertex 04, de la colecci\u00f3n para 2025, ser\u00e1 una de las palas para mujer m\u00e1s\u00a0potentes\u00a0del mercado. Es la elegida por la jugadora profesional,\u00a0Delfi Brea. Su dise\u00f1o, deportivo y moderno, es perfecto para dar a tu look, un estilo muy personalizado. Su peso, que oscila entre los 340 y 360 gramos, la hacen muy\u00a0manejable\u00a0y\u00a0ligera.","og_url":"https:\/\/revolutionpadelstore.com\/de\/produkt\/bullpadel-vertex-04-25-w\/","og_site_name":"Revolution Padel Store","article_modified_time":"2026-04-08T08:38:36+00:00","og_image":[{"width":1500,"height":1500,"url":"https:\/\/revolutionpadelstore.com\/wp-content\/uploads\/2024\/09\/113774_pala_bullpadel_vertex_04_w_25_448118_mujer_1500x1500_1_bbd1.webp","type":"image\/webp"}],"twitter_card":"summary_large_image","twitter_misc":{"Gesch\u00e4tzte Lesezeit":"2\u00a0Minuten"},"schema":{"@context":"https:\/\/schema.org","@graph":[{"@type":"WebPage","@id":"https:\/\/revolutionpadelstore.com\/de\/produkt\/bullpadel-vertex-04-25-w\/","url":"https:\/\/revolutionpadelstore.com\/de\/produkt\/bullpadel-vertex-04-25-w\/","name":"BULLPADEL VERTEX 04 25 W - Revolution Padel Store","isPartOf":{"@id":"https:\/\/revolutionpadelstore.com\/de\/#website"},"primaryImageOfPage":{"@id":"https:\/\/revolutionpadelstore.com\/de\/produkt\/bullpadel-vertex-04-25-w\/#primaryimage"},"image":{"@id":"https:\/\/revolutionpadelstore.com\/de\/produkt\/bullpadel-vertex-04-25-w\/#primaryimage"},"thumbnailUrl":"https:\/\/revolutionpadelstore.com\/wp-content\/uploads\/2024\/09\/113774_pala_bullpadel_vertex_04_w_25_448118_mujer_1500x1500_1_bbd1.webp","datePublished":"2024-09-22T17:45:17+00:00","dateModified":"2026-04-08T08:38:36+00:00","description":"La\u00a0pala Bullpadel Vertex 04, de la colecci\u00f3n para 2025, ser\u00e1 una de las palas para mujer m\u00e1s\u00a0potentes\u00a0del mercado. Es la elegida por la jugadora profesional,\u00a0Delfi Brea. Su dise\u00f1o, deportivo y moderno, es perfecto para dar a tu look, un estilo muy personalizado. Su peso, que oscila entre los 340 y 360 gramos, la hacen muy\u00a0manejable\u00a0y\u00a0ligera.","breadcrumb":{"@id":"https:\/\/revolutionpadelstore.com\/de\/produkt\/bullpadel-vertex-04-25-w\/#breadcrumb"},"inLanguage":"de","potentialAction":[{"@type":"ReadAction","target":["https:\/\/revolutionpadelstore.com\/de\/produkt\/bullpadel-vertex-04-25-w\/"]}]},{"@type":"ImageObject","inLanguage":"de","@id":"https:\/\/revolutionpadelstore.com\/de\/produkt\/bullpadel-vertex-04-25-w\/#primaryimage","url":"https:\/\/revolutionpadelstore.com\/wp-content\/uploads\/2024\/09\/113774_pala_bullpadel_vertex_04_w_25_448118_mujer_1500x1500_1_bbd1.webp","contentUrl":"https:\/\/revolutionpadelstore.com\/wp-content\/uploads\/2024\/09\/113774_pala_bullpadel_vertex_04_w_25_448118_mujer_1500x1500_1_bbd1.webp","width":1500,"height":1500},{"@type":"BreadcrumbList","@id":"https:\/\/revolutionpadelstore.com\/de\/produkt\/bullpadel-vertex-04-25-w\/#breadcrumb","itemListElement":[{"@type":"ListItem","position":1,"name":"Portada","item":"https:\/\/revolutionpadelstore.com\/de\/"},{"@type":"ListItem","position":2,"name":"Shop","item":"https:\/\/revolutionpadelstore.com\/de\/tienda\/"},{"@type":"ListItem","position":3,"name":"BULLPADEL VERTEX 04 25 W"}]},{"@type":"WebSite","@id":"https:\/\/revolutionpadelstore.com\/de\/#website","url":"https:\/\/revolutionpadelstore.com\/de\/","name":"Revolution Padel Store","description":"","publisher":{"@id":"https:\/\/revolutionpadelstore.com\/de\/#organization"},"potentialAction":[{"@type":"SearchAction","target":{"@type":"EntryPoint","urlTemplate":"https:\/\/revolutionpadelstore.com\/de\/?s={search_term_string}"},"query-input":{"@type":"PropertyValueSpecification","valueRequired":true,"valueName":"search_term_string"}}],"inLanguage":"de"},{"@type":"Organization","@id":"https:\/\/revolutionpadelstore.com\/de\/#organization","name":"Revolution Padel Store","url":"https:\/\/revolutionpadelstore.com\/de\/","logo":{"@type":"ImageObject","inLanguage":"de","@id":"https:\/\/revolutionpadelstore.com\/de\/#\/schema\/logo\/image\/","url":"https:\/\/revolutionpadelstore.com\/wp-content\/uploads\/2026\/02\/revolution-padel-store.jpg","contentUrl":"https:\/\/revolutionpadelstore.com\/wp-content\/uploads\/2026\/02\/revolution-padel-store.jpg","width":2000,"height":2000,"caption":"Revolution Padel Store"},"image":{"@id":"https:\/\/revolutionpadelstore.com\/de\/#\/schema\/logo\/image\/"},"sameAs":["https:\/\/www.instagram.com\/revolutionpadelstore\/"]}]}},"_links":{"self":[{"href":"https:\/\/revolutionpadelstore.com\/de\/wp-json\/wp\/v2\/product\/72793","targetHints":{"allow":["GET"]}}],"collection":[{"href":"https:\/\/revolutionpadelstore.com\/de\/wp-json\/wp\/v2\/product"}],"about":[{"href":"https:\/\/revolutionpadelstore.com\/de\/wp-json\/wp\/v2\/types\/product"}],"replies":[{"embeddable":true,"href":"https:\/\/revolutionpadelstore.com\/de\/wp-json\/wp\/v2\/comments?post=72793"}],"wp:featuredmedia":[{"embeddable":true,"href":"https:\/\/revolutionpadelstore.com\/de\/wp-json\/wp\/v2\/media\/99983"}],"wp:attachment":[{"href":"https:\/\/revolutionpadelstore.com\/de\/wp-json\/wp\/v2\/media?parent=72793"}],"wp:term":[{"taxonomy":"acabado","embeddable":true,"href":"https:\/\/revolutionpadelstore.com\/de\/wp-json\/wp\/v2\/acabado?post=72793"},{"taxonomy":"balance","embeddable":true,"href":"https:\/\/revolutionpadelstore.com\/de\/wp-json\/wp\/v2\/balance?post=72793"},{"taxonomy":"dureza","embeddable":true,"href":"https:\/\/revolutionpadelstore.com\/de\/wp-json\/wp\/v2\/dureza?post=72793"},{"taxonomy":"forma","embeddable":true,"href":"https:\/\/revolutionpadelstore.com\/de\/wp-json\/wp\/v2\/forma?post=72793"},{"taxonomy":"jugador","embeddable":true,"href":"https:\/\/revolutionpadelstore.com\/de\/wp-json\/wp\/v2\/jugador?post=72793"},{"taxonomy":"marca","embeddable":true,"href":"https:\/\/revolutionpadelstore.com\/de\/wp-json\/wp\/v2\/marca?post=72793"},{"taxonomy":"nivel-de-juego","embeddable":true,"href":"https:\/\/revolutionpadelstore.com\/de\/wp-json\/wp\/v2\/nivel-de-juego?post=72793"},{"taxonomy":"superficie","embeddable":true,"href":"https:\/\/revolutionpadelstore.com\/de\/wp-json\/wp\/v2\/superficie?post=72793"},{"taxonomy":"tipo-de-juego","embeddable":true,"href":"https:\/\/revolutionpadelstore.com\/de\/wp-json\/wp\/v2\/tipo-de-juego?post=72793"},{"taxonomy":"product_brand","embeddable":true,"href":"https:\/\/revolutionpadelstore.com\/de\/wp-json\/wp\/v2\/product_brand?post=72793"},{"taxonomy":"product_cat","embeddable":true,"href":"https:\/\/revolutionpadelstore.com\/de\/wp-json\/wp\/v2\/product_cat?post=72793"},{"taxonomy":"product_tag","embeddable":true,"href":"https:\/\/revolutionpadelstore.com\/de\/wp-json\/wp\/v2\/product_tag?post=72793"}],"curies":[{"name":"wp","href":"https:\/\/api.w.org\/{rel}","templated":true}]}}