{"id":72783,"date":"2024-09-25T08:40:22","date_gmt":"2024-09-25T06:40:22","guid":{"rendered":"https:\/\/revolutionpadelstore.com\/nox-at10-genius-attack-18k-alum-by-agustin-tapia-2025\/"},"modified":"2026-04-21T02:02:40","modified_gmt":"2026-04-21T00:02:40","slug":"nox-at10-genius-attack-18k-alum-by-agustin-tapia-2025-1","status":"publish","type":"product","link":"https:\/\/revolutionpadelstore.com\/de\/produkt\/nox-at10-genius-attack-18k-alum-by-agustin-tapia-2025-1\/","title":{"rendered":"NOX AT10 GENIUS ATTACK 18K ALUM BY AGUSTIN TAPIA 2025"},"content":{"rendered":"<h2>Nox AT10 Genius Attack 18K Alum von Agustin Tapia 2025<\/h2>\n<p>Der <strong>Nox AT10 Genius Attack 18K Alum von Agust\u00edn Tapia 2025<\/strong> ist ein Padelschl\u00e4ger, der in Zusammenarbeit mit dem renommierten Spieler <strong>Agust\u00edn Tapia<\/strong> f\u00fcr Elitespieler entwickelt wurde. Dieser Schl\u00e4ger ist Teil der exklusiven <strong>Luxury Series 2025<\/strong> und zeichnet sich durch seine innovative Konstruktion und sein elegantes Design in Schwarz, Blau und Bronze aus. Mit einem <strong>Diamant<\/strong>-Format und 18K-Alum-Carbon-Oberfl\u00e4chen ist der Schl\u00e4ger so konzipiert, dass er in jedem Spiel maximale Leistung bietet.<\/p>\n<h2>Nox AT10 Genius Attack 18K Alum 2025 f\u00fcr professionelle Power-Spieler<\/h2>\n<p>Der Nox AT10 Genius Attack 18K Alum ist ideal f\u00fcr fortgeschrittene oder professionelle Spieler, die Wert auf Kraft und Pr\u00e4zision legen. Das Rautenformat beg\u00fcnstigt einen st\u00e4rkeren und aggressiveren Schuss und eignet sich daher perfekt f\u00fcr diejenigen, die das Spiel vom Netz aus dominieren und kraftvoll Punkte erzielen m\u00f6chten. Der verl\u00e4ngerte Griff sorgt f\u00fcr eine bessere Kontrolle, ideal f\u00fcr diejenigen, die einen l\u00e4ngeren, bequemeren Griff bevorzugen.<\/p>\n<h3><strong>Funktionen und Technologien Nox AT10 Genius Attack 18K Alum 2025<\/strong><\/h3>\n<p style=\"padding-left: 40px\"><strong>-Diamantformat<\/strong>, um die Leistung beim Finishing zu erh\u00f6hen.<\/p>\n<p style=\"padding-left: 40px\"><strong>-18K Alum Carbon Flats<\/strong>, die f\u00fcr einen soliden und lang anhaltenden Schlag sorgen.<\/p>\n<p style=\"padding-left: 40px\"><strong>-Core<\/strong> MLD Black EVA, mit <strong>mehrschichtiger Verteilung verschiedener Dichten<\/strong> zur Optimierung der Ballausgabe.<\/p>\n<p style=\"padding-left: 40px\">-EOS<em>Flap<\/em>Technologie, Perforationen, die die <strong>Verwaltbarkeit<\/strong> verbessern.<\/p>\n<p style=\"padding-left: 40px\">-DCS (<em>Dynamic Composit Structure<\/em>), gr\u00f6\u00dfere Materialmenge, um <strong>Br\u00fcche<\/strong> in den Au\u00dfenbereichen zu vermeiden.<\/p>\n<p style=\"padding-left: 40px\"><em>-Smartstrap\u00ae<\/em>, <strong>Sicherheitsleine<\/strong> austauschbar.<\/p>\n<p style=\"padding-left: 40px\"><em>-Oversize Grip<\/em>, <strong>10 mm l\u00e4ngerer Griff<\/strong>.<\/p>\n<p style=\"padding-left: 40px\"><em>-Pulse System,<\/em> System, das <strong> Vibrationen reduziert<\/strong> mit Gummieins\u00e4tzen.<\/p>\n<p style=\"padding-left: 40px\"><em>-Exklusiver Spin,<\/em><strong> raue Oberfl\u00e4che<\/strong> zur besseren Kontrolle \u00fcber den Ball.<\/p>\n<p>Wenn Sie auf der Suche nach einem Schl\u00e4ger sind, der fortschrittliche Technologie, Leistung und elegantes Design vereint, ist der Nox AT10 Genius Attack 18K Alum die perfekte Wahl. Verst\u00e4rken Sie Ihre Schl\u00e4ge und spielen Sie wie ein Profi.<\/p>\n<h2>Nox AT10 Genius Attack 18K Alum By Agustin Tapia 2025<\/h2>\n","protected":false},"excerpt":{"rendered":"<p>Der Nox AT10 Genius Attack 18K Alum kombiniert Kraft und Kontrolle, ideal f\u00fcr fortgeschrittene Spieler, die optimale Leistung suchen. Mit fortschrittlichen Technologien und exklusivem Design sticht es auf der Rennstrecke hervor.<\/p>\n","protected":false},"featured_media":125341,"comment_status":"open","ping_status":"closed","template":"","meta":{"_acf_changed":false,"_joinchat":[]},"acabado":[1104],"balance":[1134],"dureza":[1159],"forma":[1169],"jugador":[1189,1199],"marca":[1259],"nivel-de-juego":[1334,1344],"superficie":[1359],"tipo-de-juego":[1379],"product_brand":[],"product_cat":[299],"product_tag":[],"class_list":{"0":"post-72783","1":"product","2":"type-product","3":"status-publish","4":"has-post-thumbnail","6":"acabado-rau","7":"balance-hoch","8":"dureza-dura-de","9":"forma-diamante-de","10":"jugador-mann","11":"jugador-mehrzweck","12":"marca-nox-de","13":"superficie-rugosa-de","14":"tipo-de-juego-angriff","15":"product_cat-palas-de-padel-de","17":"first","18":"instock","19":"sale","20":"taxable","21":"shipping-taxable","22":"purchasable","23":"product-type-simple"},"acf":[],"yoast_head":"<!-- This site is optimized with the Yoast SEO plugin v27.4 - https:\/\/yoast.com\/product\/yoast-seo-wordpress\/ -->\n<title>NOX AT10 GENIUS ATTACK 18K ALUM BY AGUSTIN TAPIA 2025 - Revolution Padel Store<\/title>\n<meta name=\"description\" content=\"La\u00a0Nox AT10 Genius Attack 18K Alum By Agust\u00edn Tapia 2025\u00a0es una pala de p\u00e1del dise\u00f1ada para jugadores de \u00e9lite, en colaboraci\u00f3n con el reconocido jugador\u00a0Agust\u00edn Tapia. Esta pala forma parte de la exclusiva\u00a0Luxury Series 2025, destacando por su innovadora construcci\u00f3n y elegante dise\u00f1o en negro, azul y bronce. Con un formato\u00a0diamante\u00a0y planos en carbono 18K Alum, la pala est\u00e1 dise\u00f1ada para ofrecer el m\u00e1ximo rendimiento en cada partido.\" \/>\n<meta name=\"robots\" content=\"index, follow, max-snippet:-1, max-image-preview:large, max-video-preview:-1\" \/>\n<link rel=\"canonical\" href=\"https:\/\/revolutionpadelstore.com\/de\/produkt\/nox-at10-genius-attack-18k-alum-by-agustin-tapia-2025-1\/\" \/>\n<meta property=\"og:locale\" content=\"de_DE\" \/>\n<meta property=\"og:type\" content=\"article\" \/>\n<meta property=\"og:title\" content=\"NOX AT10 GENIUS ATTACK 18K ALUM BY AGUSTIN TAPIA 2025 - Revolution Padel Store\" \/>\n<meta property=\"og:description\" content=\"La\u00a0Nox AT10 Genius Attack 18K Alum By Agust\u00edn Tapia 2025\u00a0es una pala de p\u00e1del dise\u00f1ada para jugadores de \u00e9lite, en colaboraci\u00f3n con el reconocido jugador\u00a0Agust\u00edn Tapia. Esta pala forma parte de la exclusiva\u00a0Luxury Series 2025, destacando por su innovadora construcci\u00f3n y elegante dise\u00f1o en negro, azul y bronce. Con un formato\u00a0diamante\u00a0y planos en carbono 18K Alum, la pala est\u00e1 dise\u00f1ada para ofrecer el m\u00e1ximo rendimiento en cada partido.\" \/>\n<meta property=\"og:url\" content=\"https:\/\/revolutionpadelstore.com\/de\/produkt\/nox-at10-genius-attack-18k-alum-by-agustin-tapia-2025-1\/\" \/>\n<meta property=\"og:site_name\" content=\"Revolution Padel Store\" \/>\n<meta property=\"article:modified_time\" content=\"2026-04-21T00:02:40+00:00\" \/>\n<meta property=\"og:image\" content=\"https:\/\/revolutionpadelstore.com\/wp-content\/uploads\/2024\/10\/113542_pala_nox_at10_genius_attack_18k_alum_by_agustin_tapia_pat10geniusat1825__2d50.webp\" \/>\n\t<meta property=\"og:image:width\" content=\"1500\" \/>\n\t<meta property=\"og:image:height\" content=\"1500\" \/>\n\t<meta property=\"og:image:type\" content=\"image\/webp\" \/>\n<meta name=\"twitter:card\" content=\"summary_large_image\" \/>\n<meta name=\"twitter:label1\" content=\"Gesch\u00e4tzte Lesezeit\" \/>\n\t<meta name=\"twitter:data1\" content=\"2\u00a0Minuten\" \/>\n<script type=\"application\/ld+json\" class=\"yoast-schema-graph\">{\"@context\":\"https:\\\/\\\/schema.org\",\"@graph\":[{\"@type\":\"WebPage\",\"@id\":\"https:\\\/\\\/revolutionpadelstore.com\\\/de\\\/produkt\\\/nox-at10-genius-attack-18k-alum-by-agustin-tapia-2025-1\\\/\",\"url\":\"https:\\\/\\\/revolutionpadelstore.com\\\/de\\\/produkt\\\/nox-at10-genius-attack-18k-alum-by-agustin-tapia-2025-1\\\/\",\"name\":\"NOX AT10 GENIUS ATTACK 18K ALUM BY AGUSTIN TAPIA 2025 - Revolution Padel Store\",\"isPartOf\":{\"@id\":\"https:\\\/\\\/revolutionpadelstore.com\\\/de\\\/#website\"},\"primaryImageOfPage\":{\"@id\":\"https:\\\/\\\/revolutionpadelstore.com\\\/de\\\/produkt\\\/nox-at10-genius-attack-18k-alum-by-agustin-tapia-2025-1\\\/#primaryimage\"},\"image\":{\"@id\":\"https:\\\/\\\/revolutionpadelstore.com\\\/de\\\/produkt\\\/nox-at10-genius-attack-18k-alum-by-agustin-tapia-2025-1\\\/#primaryimage\"},\"thumbnailUrl\":\"https:\\\/\\\/revolutionpadelstore.com\\\/wp-content\\\/uploads\\\/2024\\\/10\\\/113542_pala_nox_at10_genius_attack_18k_alum_by_agustin_tapia_pat10geniusat1825__2d50.webp\",\"datePublished\":\"2024-09-25T06:40:22+00:00\",\"dateModified\":\"2026-04-21T00:02:40+00:00\",\"description\":\"La\u00a0Nox AT10 Genius Attack 18K Alum By Agust\u00edn Tapia 2025\u00a0es una pala de p\u00e1del dise\u00f1ada para jugadores de \u00e9lite, en colaboraci\u00f3n con el reconocido jugador\u00a0Agust\u00edn Tapia. Esta pala forma parte de la exclusiva\u00a0Luxury Series 2025, destacando por su innovadora construcci\u00f3n y elegante dise\u00f1o en negro, azul y bronce. Con un formato\u00a0diamante\u00a0y planos en carbono 18K Alum, la pala est\u00e1 dise\u00f1ada para ofrecer el m\u00e1ximo rendimiento en cada partido.\",\"breadcrumb\":{\"@id\":\"https:\\\/\\\/revolutionpadelstore.com\\\/de\\\/produkt\\\/nox-at10-genius-attack-18k-alum-by-agustin-tapia-2025-1\\\/#breadcrumb\"},\"inLanguage\":\"de\",\"potentialAction\":[{\"@type\":\"ReadAction\",\"target\":[\"https:\\\/\\\/revolutionpadelstore.com\\\/de\\\/produkt\\\/nox-at10-genius-attack-18k-alum-by-agustin-tapia-2025-1\\\/\"]}]},{\"@type\":\"ImageObject\",\"inLanguage\":\"de\",\"@id\":\"https:\\\/\\\/revolutionpadelstore.com\\\/de\\\/produkt\\\/nox-at10-genius-attack-18k-alum-by-agustin-tapia-2025-1\\\/#primaryimage\",\"url\":\"https:\\\/\\\/revolutionpadelstore.com\\\/wp-content\\\/uploads\\\/2024\\\/10\\\/113542_pala_nox_at10_genius_attack_18k_alum_by_agustin_tapia_pat10geniusat1825__2d50.webp\",\"contentUrl\":\"https:\\\/\\\/revolutionpadelstore.com\\\/wp-content\\\/uploads\\\/2024\\\/10\\\/113542_pala_nox_at10_genius_attack_18k_alum_by_agustin_tapia_pat10geniusat1825__2d50.webp\",\"width\":1500,\"height\":1500},{\"@type\":\"BreadcrumbList\",\"@id\":\"https:\\\/\\\/revolutionpadelstore.com\\\/de\\\/produkt\\\/nox-at10-genius-attack-18k-alum-by-agustin-tapia-2025-1\\\/#breadcrumb\",\"itemListElement\":[{\"@type\":\"ListItem\",\"position\":1,\"name\":\"Portada\",\"item\":\"https:\\\/\\\/revolutionpadelstore.com\\\/de\\\/\"},{\"@type\":\"ListItem\",\"position\":2,\"name\":\"Shop\",\"item\":\"https:\\\/\\\/revolutionpadelstore.com\\\/de\\\/tienda\\\/\"},{\"@type\":\"ListItem\",\"position\":3,\"name\":\"NOX AT10 GENIUS ATTACK 18K ALUM BY AGUSTIN TAPIA 2025\"}]},{\"@type\":\"WebSite\",\"@id\":\"https:\\\/\\\/revolutionpadelstore.com\\\/de\\\/#website\",\"url\":\"https:\\\/\\\/revolutionpadelstore.com\\\/de\\\/\",\"name\":\"Revolution Padel Store\",\"description\":\"\",\"publisher\":{\"@id\":\"https:\\\/\\\/revolutionpadelstore.com\\\/de\\\/#organization\"},\"potentialAction\":[{\"@type\":\"SearchAction\",\"target\":{\"@type\":\"EntryPoint\",\"urlTemplate\":\"https:\\\/\\\/revolutionpadelstore.com\\\/de\\\/?s={search_term_string}\"},\"query-input\":{\"@type\":\"PropertyValueSpecification\",\"valueRequired\":true,\"valueName\":\"search_term_string\"}}],\"inLanguage\":\"de\"},{\"@type\":\"Organization\",\"@id\":\"https:\\\/\\\/revolutionpadelstore.com\\\/de\\\/#organization\",\"name\":\"Revolution Padel Store\",\"url\":\"https:\\\/\\\/revolutionpadelstore.com\\\/de\\\/\",\"logo\":{\"@type\":\"ImageObject\",\"inLanguage\":\"de\",\"@id\":\"https:\\\/\\\/revolutionpadelstore.com\\\/de\\\/#\\\/schema\\\/logo\\\/image\\\/\",\"url\":\"https:\\\/\\\/revolutionpadelstore.com\\\/wp-content\\\/uploads\\\/2026\\\/02\\\/revolution-padel-store.jpg\",\"contentUrl\":\"https:\\\/\\\/revolutionpadelstore.com\\\/wp-content\\\/uploads\\\/2026\\\/02\\\/revolution-padel-store.jpg\",\"width\":2000,\"height\":2000,\"caption\":\"Revolution Padel Store\"},\"image\":{\"@id\":\"https:\\\/\\\/revolutionpadelstore.com\\\/de\\\/#\\\/schema\\\/logo\\\/image\\\/\"},\"sameAs\":[\"https:\\\/\\\/www.instagram.com\\\/revolutionpadelstore\\\/\"]}]}<\/script>\n<!-- \/ Yoast SEO plugin. -->","yoast_head_json":{"title":"NOX AT10 GENIUS ATTACK 18K ALUM BY AGUSTIN TAPIA 2025 - Revolution Padel Store","description":"La\u00a0Nox AT10 Genius Attack 18K Alum By Agust\u00edn Tapia 2025\u00a0es una pala de p\u00e1del dise\u00f1ada para jugadores de \u00e9lite, en colaboraci\u00f3n con el reconocido jugador\u00a0Agust\u00edn Tapia. Esta pala forma parte de la exclusiva\u00a0Luxury Series 2025, destacando por su innovadora construcci\u00f3n y elegante dise\u00f1o en negro, azul y bronce. Con un formato\u00a0diamante\u00a0y planos en carbono 18K Alum, la pala est\u00e1 dise\u00f1ada para ofrecer el m\u00e1ximo rendimiento en cada partido.","robots":{"index":"index","follow":"follow","max-snippet":"max-snippet:-1","max-image-preview":"max-image-preview:large","max-video-preview":"max-video-preview:-1"},"canonical":"https:\/\/revolutionpadelstore.com\/de\/produkt\/nox-at10-genius-attack-18k-alum-by-agustin-tapia-2025-1\/","og_locale":"de_DE","og_type":"article","og_title":"NOX AT10 GENIUS ATTACK 18K ALUM BY AGUSTIN TAPIA 2025 - Revolution Padel Store","og_description":"La\u00a0Nox AT10 Genius Attack 18K Alum By Agust\u00edn Tapia 2025\u00a0es una pala de p\u00e1del dise\u00f1ada para jugadores de \u00e9lite, en colaboraci\u00f3n con el reconocido jugador\u00a0Agust\u00edn Tapia. Esta pala forma parte de la exclusiva\u00a0Luxury Series 2025, destacando por su innovadora construcci\u00f3n y elegante dise\u00f1o en negro, azul y bronce. Con un formato\u00a0diamante\u00a0y planos en carbono 18K Alum, la pala est\u00e1 dise\u00f1ada para ofrecer el m\u00e1ximo rendimiento en cada partido.","og_url":"https:\/\/revolutionpadelstore.com\/de\/produkt\/nox-at10-genius-attack-18k-alum-by-agustin-tapia-2025-1\/","og_site_name":"Revolution Padel Store","article_modified_time":"2026-04-21T00:02:40+00:00","og_image":[{"width":1500,"height":1500,"url":"https:\/\/revolutionpadelstore.com\/wp-content\/uploads\/2024\/10\/113542_pala_nox_at10_genius_attack_18k_alum_by_agustin_tapia_pat10geniusat1825__2d50.webp","type":"image\/webp"}],"twitter_card":"summary_large_image","twitter_misc":{"Gesch\u00e4tzte Lesezeit":"2\u00a0Minuten"},"schema":{"@context":"https:\/\/schema.org","@graph":[{"@type":"WebPage","@id":"https:\/\/revolutionpadelstore.com\/de\/produkt\/nox-at10-genius-attack-18k-alum-by-agustin-tapia-2025-1\/","url":"https:\/\/revolutionpadelstore.com\/de\/produkt\/nox-at10-genius-attack-18k-alum-by-agustin-tapia-2025-1\/","name":"NOX AT10 GENIUS ATTACK 18K ALUM BY AGUSTIN TAPIA 2025 - Revolution Padel Store","isPartOf":{"@id":"https:\/\/revolutionpadelstore.com\/de\/#website"},"primaryImageOfPage":{"@id":"https:\/\/revolutionpadelstore.com\/de\/produkt\/nox-at10-genius-attack-18k-alum-by-agustin-tapia-2025-1\/#primaryimage"},"image":{"@id":"https:\/\/revolutionpadelstore.com\/de\/produkt\/nox-at10-genius-attack-18k-alum-by-agustin-tapia-2025-1\/#primaryimage"},"thumbnailUrl":"https:\/\/revolutionpadelstore.com\/wp-content\/uploads\/2024\/10\/113542_pala_nox_at10_genius_attack_18k_alum_by_agustin_tapia_pat10geniusat1825__2d50.webp","datePublished":"2024-09-25T06:40:22+00:00","dateModified":"2026-04-21T00:02:40+00:00","description":"La\u00a0Nox AT10 Genius Attack 18K Alum By Agust\u00edn Tapia 2025\u00a0es una pala de p\u00e1del dise\u00f1ada para jugadores de \u00e9lite, en colaboraci\u00f3n con el reconocido jugador\u00a0Agust\u00edn Tapia. Esta pala forma parte de la exclusiva\u00a0Luxury Series 2025, destacando por su innovadora construcci\u00f3n y elegante dise\u00f1o en negro, azul y bronce. Con un formato\u00a0diamante\u00a0y planos en carbono 18K Alum, la pala est\u00e1 dise\u00f1ada para ofrecer el m\u00e1ximo rendimiento en cada partido.","breadcrumb":{"@id":"https:\/\/revolutionpadelstore.com\/de\/produkt\/nox-at10-genius-attack-18k-alum-by-agustin-tapia-2025-1\/#breadcrumb"},"inLanguage":"de","potentialAction":[{"@type":"ReadAction","target":["https:\/\/revolutionpadelstore.com\/de\/produkt\/nox-at10-genius-attack-18k-alum-by-agustin-tapia-2025-1\/"]}]},{"@type":"ImageObject","inLanguage":"de","@id":"https:\/\/revolutionpadelstore.com\/de\/produkt\/nox-at10-genius-attack-18k-alum-by-agustin-tapia-2025-1\/#primaryimage","url":"https:\/\/revolutionpadelstore.com\/wp-content\/uploads\/2024\/10\/113542_pala_nox_at10_genius_attack_18k_alum_by_agustin_tapia_pat10geniusat1825__2d50.webp","contentUrl":"https:\/\/revolutionpadelstore.com\/wp-content\/uploads\/2024\/10\/113542_pala_nox_at10_genius_attack_18k_alum_by_agustin_tapia_pat10geniusat1825__2d50.webp","width":1500,"height":1500},{"@type":"BreadcrumbList","@id":"https:\/\/revolutionpadelstore.com\/de\/produkt\/nox-at10-genius-attack-18k-alum-by-agustin-tapia-2025-1\/#breadcrumb","itemListElement":[{"@type":"ListItem","position":1,"name":"Portada","item":"https:\/\/revolutionpadelstore.com\/de\/"},{"@type":"ListItem","position":2,"name":"Shop","item":"https:\/\/revolutionpadelstore.com\/de\/tienda\/"},{"@type":"ListItem","position":3,"name":"NOX AT10 GENIUS ATTACK 18K ALUM BY AGUSTIN TAPIA 2025"}]},{"@type":"WebSite","@id":"https:\/\/revolutionpadelstore.com\/de\/#website","url":"https:\/\/revolutionpadelstore.com\/de\/","name":"Revolution Padel Store","description":"","publisher":{"@id":"https:\/\/revolutionpadelstore.com\/de\/#organization"},"potentialAction":[{"@type":"SearchAction","target":{"@type":"EntryPoint","urlTemplate":"https:\/\/revolutionpadelstore.com\/de\/?s={search_term_string}"},"query-input":{"@type":"PropertyValueSpecification","valueRequired":true,"valueName":"search_term_string"}}],"inLanguage":"de"},{"@type":"Organization","@id":"https:\/\/revolutionpadelstore.com\/de\/#organization","name":"Revolution Padel Store","url":"https:\/\/revolutionpadelstore.com\/de\/","logo":{"@type":"ImageObject","inLanguage":"de","@id":"https:\/\/revolutionpadelstore.com\/de\/#\/schema\/logo\/image\/","url":"https:\/\/revolutionpadelstore.com\/wp-content\/uploads\/2026\/02\/revolution-padel-store.jpg","contentUrl":"https:\/\/revolutionpadelstore.com\/wp-content\/uploads\/2026\/02\/revolution-padel-store.jpg","width":2000,"height":2000,"caption":"Revolution Padel Store"},"image":{"@id":"https:\/\/revolutionpadelstore.com\/de\/#\/schema\/logo\/image\/"},"sameAs":["https:\/\/www.instagram.com\/revolutionpadelstore\/"]}]}},"_links":{"self":[{"href":"https:\/\/revolutionpadelstore.com\/de\/wp-json\/wp\/v2\/product\/72783","targetHints":{"allow":["GET"]}}],"collection":[{"href":"https:\/\/revolutionpadelstore.com\/de\/wp-json\/wp\/v2\/product"}],"about":[{"href":"https:\/\/revolutionpadelstore.com\/de\/wp-json\/wp\/v2\/types\/product"}],"replies":[{"embeddable":true,"href":"https:\/\/revolutionpadelstore.com\/de\/wp-json\/wp\/v2\/comments?post=72783"}],"wp:featuredmedia":[{"embeddable":true,"href":"https:\/\/revolutionpadelstore.com\/de\/wp-json\/wp\/v2\/media\/125341"}],"wp:attachment":[{"href":"https:\/\/revolutionpadelstore.com\/de\/wp-json\/wp\/v2\/media?parent=72783"}],"wp:term":[{"taxonomy":"acabado","embeddable":true,"href":"https:\/\/revolutionpadelstore.com\/de\/wp-json\/wp\/v2\/acabado?post=72783"},{"taxonomy":"balance","embeddable":true,"href":"https:\/\/revolutionpadelstore.com\/de\/wp-json\/wp\/v2\/balance?post=72783"},{"taxonomy":"dureza","embeddable":true,"href":"https:\/\/revolutionpadelstore.com\/de\/wp-json\/wp\/v2\/dureza?post=72783"},{"taxonomy":"forma","embeddable":true,"href":"https:\/\/revolutionpadelstore.com\/de\/wp-json\/wp\/v2\/forma?post=72783"},{"taxonomy":"jugador","embeddable":true,"href":"https:\/\/revolutionpadelstore.com\/de\/wp-json\/wp\/v2\/jugador?post=72783"},{"taxonomy":"marca","embeddable":true,"href":"https:\/\/revolutionpadelstore.com\/de\/wp-json\/wp\/v2\/marca?post=72783"},{"taxonomy":"nivel-de-juego","embeddable":true,"href":"https:\/\/revolutionpadelstore.com\/de\/wp-json\/wp\/v2\/nivel-de-juego?post=72783"},{"taxonomy":"superficie","embeddable":true,"href":"https:\/\/revolutionpadelstore.com\/de\/wp-json\/wp\/v2\/superficie?post=72783"},{"taxonomy":"tipo-de-juego","embeddable":true,"href":"https:\/\/revolutionpadelstore.com\/de\/wp-json\/wp\/v2\/tipo-de-juego?post=72783"},{"taxonomy":"product_brand","embeddable":true,"href":"https:\/\/revolutionpadelstore.com\/de\/wp-json\/wp\/v2\/product_brand?post=72783"},{"taxonomy":"product_cat","embeddable":true,"href":"https:\/\/revolutionpadelstore.com\/de\/wp-json\/wp\/v2\/product_cat?post=72783"},{"taxonomy":"product_tag","embeddable":true,"href":"https:\/\/revolutionpadelstore.com\/de\/wp-json\/wp\/v2\/product_tag?post=72783"}],"curies":[{"name":"wp","href":"https:\/\/api.w.org\/{rel}","templated":true}]}}