{"id":72778,"date":"2024-09-25T08:50:42","date_gmt":"2024-09-25T06:50:42","guid":{"rendered":"https:\/\/revolutionpadelstore.com\/nox-at10-genius-12k-by-agustin-tapia-2025\/"},"modified":"2026-04-01T07:16:45","modified_gmt":"2026-04-01T05:16:45","slug":"nox-at10-genius-12k-by-agustin-tapia-2025-1","status":"publish","type":"product","link":"https:\/\/revolutionpadelstore.com\/de\/produkt\/nox-at10-genius-12k-by-agustin-tapia-2025-1\/","title":{"rendered":"NOX AT10 GENIUS 12K BY AGUSTIN TAPIA 2025"},"content":{"rendered":"<h2>Nox AT10 Genius 12K von Agust\u00edn Tapia 2025, solide Hits<\/h2>\n<p>Der <strong>Nox AT10 Genius 12K Padelschl\u00e4ger<\/strong> ist das vom Spieler <strong>Agust\u00edn Tapia<\/strong> f\u00fcr die Saison 2025 entworfene Modell. Es handelt sich um einen tropfenf\u00f6rmigen Schl\u00e4ger mit einer angepassten Balance Verteidigungsschl\u00e4gen zus\u00e4tzliche Geschwindigkeit zu verleihen.<\/p>\n<p>Mit einem Gewicht zwischen 360 und 375 Gramm und der EOS-Klappe erhalten Sie einen leicht zu handhabenden, schnellen und t\u00f6dlichen Padelschl\u00e4ger auf dem Spielfeld.<\/p>\n<h2>AT10 Genius 12K Agust\u00edn Tapia Schaufel, f\u00fcr Profis<\/h2>\n<p>Konzipiert f\u00fcr <strong>Padel-Spieler auf fortgeschrittenem Niveau<\/strong>, die Wert auf Solidit\u00e4t und Steifigkeit beim Schlagen legen. Es handelt sich um einen Nox-Schl\u00e4ger f\u00fcr M\u00e4nner, der sich ideal f\u00fcr diejenigen eignet, die bei jedem Spiel hervorragende Kontrolle und Kraft suchen.<\/p>\n<p>Es sorgt f\u00fcr Geschwindigkeit und erm\u00f6glicht es Ihnen, dem Ball viel mehr Spin zu verleihen.<\/p>\n<h2>Funktionen und Technologien des AT10 Genius 12K 2025<\/h2>\n<p style=\"padding-left: 40px\">-12K Carbon Flats, die das Gewicht der Klinge reduzieren und die Steifigkeit erh\u00f6hen<\/p>\n<p style=\"padding-left: 40px\"><em>-Exklusiver Spin<\/em> mit doppelter Rauheit f\u00fcr <strong>mehr Kontrolle und mehr Spin<\/strong><\/p>\n<p style=\"padding-left: 40px\">-Best\u00e4ndiger r\u00f6hrenf\u00f6rmiger Carbonrahmen<\/p>\n<p style=\"padding-left: 40px\">-MLD Schwarzer EVA-Mehrschichtkern, mittlere bis hohe H\u00e4rte, f\u00fcr ein <strong>solideres Schlaggef\u00fchl<\/strong><\/p>\n<p style=\"padding-left: 40px\">-Die <em>EOS Flap<\/em> optimiert die Handhabung des Schl\u00e4gers durch effiziente Gewichtsumverteilung<\/p>\n<p style=\"padding-left: 40px\">-Erh\u00f6hter Halt mit dem <em>Custom Grip<\/em><\/p>\n<p style=\"padding-left: 40px\">-Reduzierte Vibrationen und mehr Komfort dank des <em>Pulse Systems<\/em><\/p>\n<p style=\"padding-left: 40px\"><em>-Dynamische Verbundstruktur<\/em>, die den H\u00e4rteunterschied zwischen Rahmen und Schlagfl\u00e4che minimiert<\/p>\n<p style=\"padding-left: 40px\">&#8211;<em>Smartstrap<\/em>-System, austauschbare Sicherheitsschnur, sicherer und hygienischer<\/p>\n<p style=\"padding-left: 40px\">-Serie der Luxusserie<\/em><\/p>\n<p style=\"padding-left: 40px\">-Tropfenform und Gewicht von 360\u2013375 Gramm.<\/p>\n<h3>Kaufen Sie den Nox AT10 Genius 12K By Agust\u00edn Tapia 2025 Schl\u00e4ger jetzt im Revolution Padel Store<\/h3>\n<p>Genie\u00dfen Sie unglaubliche Sensationen in jedem Spiel oder jeder Trainingseinheit dank der gro\u00dfartigen Eigenschaften des Nox AT10 Genius 12K By Agust\u00edn Tapia 2025 Teardrop-Schl\u00e4gers f\u00fcr fortgeschrittene Spieler.<\/strong><\/p>\n","protected":false},"excerpt":{"rendered":"<p>Nox AT10 Genius 12K von Agust\u00edn Tapia 2025, tropfenf\u00f6rmiger Schl\u00e4ger mit 12K Carbon-Fl\u00e4chen mit rauer Oberfl\u00e4che und schwarzem EVA-Gummikern. Hervorragende Vibrationsd\u00e4mpfung f\u00fcr einen komfortableren und solideren Schlag.<\/p>\n","protected":false},"featured_media":125329,"comment_status":"open","ping_status":"closed","template":"","meta":{"_acf_changed":false,"_joinchat":[]},"acabado":[1094,1104],"balance":[1139],"dureza":[1154],"forma":[1184],"jugador":[1189,1199],"marca":[1259],"nivel-de-juego":[1334],"superficie":[1359],"tipo-de-juego":[1384],"product_brand":[],"product_cat":[299],"product_tag":[],"class_list":{"0":"post-72778","1":"product","2":"type-product","3":"status-publish","4":"has-post-thumbnail","6":"acabado-arenoso-de","7":"acabado-rau","8":"balance-mittel","9":"dureza-media-de","10":"forma-lagrima-de","11":"jugador-mann","12":"jugador-mehrzweck","13":"marca-nox-de","14":"superficie-rugosa-de","15":"tipo-de-juego-mehrzweck","16":"product_cat-palas-de-padel-de","18":"first","19":"instock","20":"sale","21":"taxable","22":"shipping-taxable","23":"purchasable","24":"product-type-simple"},"acf":[],"yoast_head":"<!-- This site is optimized with the Yoast SEO plugin v27.3 - https:\/\/yoast.com\/product\/yoast-seo-wordpress\/ -->\n<title>NOX AT10 GENIUS 12K BY AGUSTIN TAPIA 2025 - Revolution Padel Store<\/title>\n<meta name=\"description\" content=\"La\u00a0pala de p\u00e1del AT10 Genius 12K de Nox\u00a0es el modelo dise\u00f1ado por el jugador\u00a0Agust\u00edn Tapia\u00a0para esta temporada 2025. Es una pala con\u00a0forma de l\u00e1grima\u00a0con un balance ajustado con el objetivo de a\u00f1adir un extra de velocidad en los golpes defensivos.Con un peso que oscila entre los 360-375 gramos y el\u00a0EOS Flap\u00a0se consigue una pala f\u00e1cilmente manejable, r\u00e1pida y letal en el terreno de juego. Dise\u00f1ada para aquellos\u00a0jugadores de p\u00e1del de nivel avanzado\u00a0que buscan solidez y rigidez en el golpeo. Es una pala Nox para hombre ideal para los que buscan un control y potencia sobresalientes en cada jugada.\" \/>\n<meta name=\"robots\" content=\"index, follow, max-snippet:-1, max-image-preview:large, max-video-preview:-1\" \/>\n<link rel=\"canonical\" href=\"https:\/\/revolutionpadelstore.com\/de\/produkt\/nox-at10-genius-12k-by-agustin-tapia-2025-1\/\" \/>\n<meta property=\"og:locale\" content=\"de_DE\" \/>\n<meta property=\"og:type\" content=\"article\" \/>\n<meta property=\"og:title\" content=\"NOX AT10 GENIUS 12K BY AGUSTIN TAPIA 2025 - Revolution Padel Store\" \/>\n<meta property=\"og:description\" content=\"La\u00a0pala de p\u00e1del AT10 Genius 12K de Nox\u00a0es el modelo dise\u00f1ado por el jugador\u00a0Agust\u00edn Tapia\u00a0para esta temporada 2025. Es una pala con\u00a0forma de l\u00e1grima\u00a0con un balance ajustado con el objetivo de a\u00f1adir un extra de velocidad en los golpes defensivos.Con un peso que oscila entre los 360-375 gramos y el\u00a0EOS Flap\u00a0se consigue una pala f\u00e1cilmente manejable, r\u00e1pida y letal en el terreno de juego. Dise\u00f1ada para aquellos\u00a0jugadores de p\u00e1del de nivel avanzado\u00a0que buscan solidez y rigidez en el golpeo. Es una pala Nox para hombre ideal para los que buscan un control y potencia sobresalientes en cada jugada.\" \/>\n<meta property=\"og:url\" content=\"https:\/\/revolutionpadelstore.com\/de\/produkt\/nox-at10-genius-12k-by-agustin-tapia-2025-1\/\" \/>\n<meta property=\"og:site_name\" content=\"Revolution Padel Store\" \/>\n<meta property=\"article:modified_time\" content=\"2026-04-01T05:16:45+00:00\" \/>\n<meta property=\"og:image\" content=\"https:\/\/revolutionpadelstore.com\/wp-content\/uploads\/2024\/10\/113539_pala_nox_at10_genius_12k_by_agustin_tapia_pat10genius25_1500x1500_1_d12d.webp\" \/>\n\t<meta property=\"og:image:width\" content=\"1500\" \/>\n\t<meta property=\"og:image:height\" content=\"1500\" \/>\n\t<meta property=\"og:image:type\" content=\"image\/webp\" \/>\n<meta name=\"twitter:card\" content=\"summary_large_image\" \/>\n<meta name=\"twitter:label1\" content=\"Gesch\u00e4tzte Lesezeit\" \/>\n\t<meta name=\"twitter:data1\" content=\"2\u00a0Minuten\" \/>\n<script type=\"application\/ld+json\" class=\"yoast-schema-graph\">{\"@context\":\"https:\\\/\\\/schema.org\",\"@graph\":[{\"@type\":\"WebPage\",\"@id\":\"https:\\\/\\\/revolutionpadelstore.com\\\/de\\\/produkt\\\/nox-at10-genius-12k-by-agustin-tapia-2025-1\\\/\",\"url\":\"https:\\\/\\\/revolutionpadelstore.com\\\/de\\\/produkt\\\/nox-at10-genius-12k-by-agustin-tapia-2025-1\\\/\",\"name\":\"NOX AT10 GENIUS 12K BY AGUSTIN TAPIA 2025 - Revolution Padel Store\",\"isPartOf\":{\"@id\":\"https:\\\/\\\/revolutionpadelstore.com\\\/de\\\/#website\"},\"primaryImageOfPage\":{\"@id\":\"https:\\\/\\\/revolutionpadelstore.com\\\/de\\\/produkt\\\/nox-at10-genius-12k-by-agustin-tapia-2025-1\\\/#primaryimage\"},\"image\":{\"@id\":\"https:\\\/\\\/revolutionpadelstore.com\\\/de\\\/produkt\\\/nox-at10-genius-12k-by-agustin-tapia-2025-1\\\/#primaryimage\"},\"thumbnailUrl\":\"https:\\\/\\\/revolutionpadelstore.com\\\/wp-content\\\/uploads\\\/2024\\\/10\\\/113539_pala_nox_at10_genius_12k_by_agustin_tapia_pat10genius25_1500x1500_1_d12d.webp\",\"datePublished\":\"2024-09-25T06:50:42+00:00\",\"dateModified\":\"2026-04-01T05:16:45+00:00\",\"description\":\"La\u00a0pala de p\u00e1del AT10 Genius 12K de Nox\u00a0es el modelo dise\u00f1ado por el jugador\u00a0Agust\u00edn Tapia\u00a0para esta temporada 2025. Es una pala con\u00a0forma de l\u00e1grima\u00a0con un balance ajustado con el objetivo de a\u00f1adir un extra de velocidad en los golpes defensivos.Con un peso que oscila entre los 360-375 gramos y el\u00a0EOS Flap\u00a0se consigue una pala f\u00e1cilmente manejable, r\u00e1pida y letal en el terreno de juego. Dise\u00f1ada para aquellos\u00a0jugadores de p\u00e1del de nivel avanzado\u00a0que buscan solidez y rigidez en el golpeo. Es una pala Nox para hombre ideal para los que buscan un control y potencia sobresalientes en cada jugada.\",\"breadcrumb\":{\"@id\":\"https:\\\/\\\/revolutionpadelstore.com\\\/de\\\/produkt\\\/nox-at10-genius-12k-by-agustin-tapia-2025-1\\\/#breadcrumb\"},\"inLanguage\":\"de\",\"potentialAction\":[{\"@type\":\"ReadAction\",\"target\":[\"https:\\\/\\\/revolutionpadelstore.com\\\/de\\\/produkt\\\/nox-at10-genius-12k-by-agustin-tapia-2025-1\\\/\"]}]},{\"@type\":\"ImageObject\",\"inLanguage\":\"de\",\"@id\":\"https:\\\/\\\/revolutionpadelstore.com\\\/de\\\/produkt\\\/nox-at10-genius-12k-by-agustin-tapia-2025-1\\\/#primaryimage\",\"url\":\"https:\\\/\\\/revolutionpadelstore.com\\\/wp-content\\\/uploads\\\/2024\\\/10\\\/113539_pala_nox_at10_genius_12k_by_agustin_tapia_pat10genius25_1500x1500_1_d12d.webp\",\"contentUrl\":\"https:\\\/\\\/revolutionpadelstore.com\\\/wp-content\\\/uploads\\\/2024\\\/10\\\/113539_pala_nox_at10_genius_12k_by_agustin_tapia_pat10genius25_1500x1500_1_d12d.webp\",\"width\":1500,\"height\":1500},{\"@type\":\"BreadcrumbList\",\"@id\":\"https:\\\/\\\/revolutionpadelstore.com\\\/de\\\/produkt\\\/nox-at10-genius-12k-by-agustin-tapia-2025-1\\\/#breadcrumb\",\"itemListElement\":[{\"@type\":\"ListItem\",\"position\":1,\"name\":\"Portada\",\"item\":\"https:\\\/\\\/revolutionpadelstore.com\\\/de\\\/\"},{\"@type\":\"ListItem\",\"position\":2,\"name\":\"Shop\",\"item\":\"https:\\\/\\\/revolutionpadelstore.com\\\/de\\\/tienda\\\/\"},{\"@type\":\"ListItem\",\"position\":3,\"name\":\"NOX AT10 GENIUS 12K BY AGUSTIN TAPIA 2025\"}]},{\"@type\":\"WebSite\",\"@id\":\"https:\\\/\\\/revolutionpadelstore.com\\\/de\\\/#website\",\"url\":\"https:\\\/\\\/revolutionpadelstore.com\\\/de\\\/\",\"name\":\"Revolution Padel Store\",\"description\":\"\",\"publisher\":{\"@id\":\"https:\\\/\\\/revolutionpadelstore.com\\\/de\\\/#organization\"},\"potentialAction\":[{\"@type\":\"SearchAction\",\"target\":{\"@type\":\"EntryPoint\",\"urlTemplate\":\"https:\\\/\\\/revolutionpadelstore.com\\\/de\\\/?s={search_term_string}\"},\"query-input\":{\"@type\":\"PropertyValueSpecification\",\"valueRequired\":true,\"valueName\":\"search_term_string\"}}],\"inLanguage\":\"de\"},{\"@type\":\"Organization\",\"@id\":\"https:\\\/\\\/revolutionpadelstore.com\\\/de\\\/#organization\",\"name\":\"Revolution Padel Store\",\"url\":\"https:\\\/\\\/revolutionpadelstore.com\\\/de\\\/\",\"logo\":{\"@type\":\"ImageObject\",\"inLanguage\":\"de\",\"@id\":\"https:\\\/\\\/revolutionpadelstore.com\\\/de\\\/#\\\/schema\\\/logo\\\/image\\\/\",\"url\":\"https:\\\/\\\/revolutionpadelstore.com\\\/wp-content\\\/uploads\\\/2026\\\/02\\\/revolution-padel-store.jpg\",\"contentUrl\":\"https:\\\/\\\/revolutionpadelstore.com\\\/wp-content\\\/uploads\\\/2026\\\/02\\\/revolution-padel-store.jpg\",\"width\":2000,\"height\":2000,\"caption\":\"Revolution Padel Store\"},\"image\":{\"@id\":\"https:\\\/\\\/revolutionpadelstore.com\\\/de\\\/#\\\/schema\\\/logo\\\/image\\\/\"},\"sameAs\":[\"https:\\\/\\\/www.instagram.com\\\/revolutionpadelstore\\\/\"]}]}<\/script>\n<!-- \/ Yoast SEO plugin. -->","yoast_head_json":{"title":"NOX AT10 GENIUS 12K BY AGUSTIN TAPIA 2025 - Revolution Padel Store","description":"La\u00a0pala de p\u00e1del AT10 Genius 12K de Nox\u00a0es el modelo dise\u00f1ado por el jugador\u00a0Agust\u00edn Tapia\u00a0para esta temporada 2025. Es una pala con\u00a0forma de l\u00e1grima\u00a0con un balance ajustado con el objetivo de a\u00f1adir un extra de velocidad en los golpes defensivos.Con un peso que oscila entre los 360-375 gramos y el\u00a0EOS Flap\u00a0se consigue una pala f\u00e1cilmente manejable, r\u00e1pida y letal en el terreno de juego. Dise\u00f1ada para aquellos\u00a0jugadores de p\u00e1del de nivel avanzado\u00a0que buscan solidez y rigidez en el golpeo. Es una pala Nox para hombre ideal para los que buscan un control y potencia sobresalientes en cada jugada.","robots":{"index":"index","follow":"follow","max-snippet":"max-snippet:-1","max-image-preview":"max-image-preview:large","max-video-preview":"max-video-preview:-1"},"canonical":"https:\/\/revolutionpadelstore.com\/de\/produkt\/nox-at10-genius-12k-by-agustin-tapia-2025-1\/","og_locale":"de_DE","og_type":"article","og_title":"NOX AT10 GENIUS 12K BY AGUSTIN TAPIA 2025 - Revolution Padel Store","og_description":"La\u00a0pala de p\u00e1del AT10 Genius 12K de Nox\u00a0es el modelo dise\u00f1ado por el jugador\u00a0Agust\u00edn Tapia\u00a0para esta temporada 2025. Es una pala con\u00a0forma de l\u00e1grima\u00a0con un balance ajustado con el objetivo de a\u00f1adir un extra de velocidad en los golpes defensivos.Con un peso que oscila entre los 360-375 gramos y el\u00a0EOS Flap\u00a0se consigue una pala f\u00e1cilmente manejable, r\u00e1pida y letal en el terreno de juego. Dise\u00f1ada para aquellos\u00a0jugadores de p\u00e1del de nivel avanzado\u00a0que buscan solidez y rigidez en el golpeo. Es una pala Nox para hombre ideal para los que buscan un control y potencia sobresalientes en cada jugada.","og_url":"https:\/\/revolutionpadelstore.com\/de\/produkt\/nox-at10-genius-12k-by-agustin-tapia-2025-1\/","og_site_name":"Revolution Padel Store","article_modified_time":"2026-04-01T05:16:45+00:00","og_image":[{"width":1500,"height":1500,"url":"https:\/\/revolutionpadelstore.com\/wp-content\/uploads\/2024\/10\/113539_pala_nox_at10_genius_12k_by_agustin_tapia_pat10genius25_1500x1500_1_d12d.webp","type":"image\/webp"}],"twitter_card":"summary_large_image","twitter_misc":{"Gesch\u00e4tzte Lesezeit":"2\u00a0Minuten"},"schema":{"@context":"https:\/\/schema.org","@graph":[{"@type":"WebPage","@id":"https:\/\/revolutionpadelstore.com\/de\/produkt\/nox-at10-genius-12k-by-agustin-tapia-2025-1\/","url":"https:\/\/revolutionpadelstore.com\/de\/produkt\/nox-at10-genius-12k-by-agustin-tapia-2025-1\/","name":"NOX AT10 GENIUS 12K BY AGUSTIN TAPIA 2025 - Revolution Padel Store","isPartOf":{"@id":"https:\/\/revolutionpadelstore.com\/de\/#website"},"primaryImageOfPage":{"@id":"https:\/\/revolutionpadelstore.com\/de\/produkt\/nox-at10-genius-12k-by-agustin-tapia-2025-1\/#primaryimage"},"image":{"@id":"https:\/\/revolutionpadelstore.com\/de\/produkt\/nox-at10-genius-12k-by-agustin-tapia-2025-1\/#primaryimage"},"thumbnailUrl":"https:\/\/revolutionpadelstore.com\/wp-content\/uploads\/2024\/10\/113539_pala_nox_at10_genius_12k_by_agustin_tapia_pat10genius25_1500x1500_1_d12d.webp","datePublished":"2024-09-25T06:50:42+00:00","dateModified":"2026-04-01T05:16:45+00:00","description":"La\u00a0pala de p\u00e1del AT10 Genius 12K de Nox\u00a0es el modelo dise\u00f1ado por el jugador\u00a0Agust\u00edn Tapia\u00a0para esta temporada 2025. Es una pala con\u00a0forma de l\u00e1grima\u00a0con un balance ajustado con el objetivo de a\u00f1adir un extra de velocidad en los golpes defensivos.Con un peso que oscila entre los 360-375 gramos y el\u00a0EOS Flap\u00a0se consigue una pala f\u00e1cilmente manejable, r\u00e1pida y letal en el terreno de juego. Dise\u00f1ada para aquellos\u00a0jugadores de p\u00e1del de nivel avanzado\u00a0que buscan solidez y rigidez en el golpeo. Es una pala Nox para hombre ideal para los que buscan un control y potencia sobresalientes en cada jugada.","breadcrumb":{"@id":"https:\/\/revolutionpadelstore.com\/de\/produkt\/nox-at10-genius-12k-by-agustin-tapia-2025-1\/#breadcrumb"},"inLanguage":"de","potentialAction":[{"@type":"ReadAction","target":["https:\/\/revolutionpadelstore.com\/de\/produkt\/nox-at10-genius-12k-by-agustin-tapia-2025-1\/"]}]},{"@type":"ImageObject","inLanguage":"de","@id":"https:\/\/revolutionpadelstore.com\/de\/produkt\/nox-at10-genius-12k-by-agustin-tapia-2025-1\/#primaryimage","url":"https:\/\/revolutionpadelstore.com\/wp-content\/uploads\/2024\/10\/113539_pala_nox_at10_genius_12k_by_agustin_tapia_pat10genius25_1500x1500_1_d12d.webp","contentUrl":"https:\/\/revolutionpadelstore.com\/wp-content\/uploads\/2024\/10\/113539_pala_nox_at10_genius_12k_by_agustin_tapia_pat10genius25_1500x1500_1_d12d.webp","width":1500,"height":1500},{"@type":"BreadcrumbList","@id":"https:\/\/revolutionpadelstore.com\/de\/produkt\/nox-at10-genius-12k-by-agustin-tapia-2025-1\/#breadcrumb","itemListElement":[{"@type":"ListItem","position":1,"name":"Portada","item":"https:\/\/revolutionpadelstore.com\/de\/"},{"@type":"ListItem","position":2,"name":"Shop","item":"https:\/\/revolutionpadelstore.com\/de\/tienda\/"},{"@type":"ListItem","position":3,"name":"NOX AT10 GENIUS 12K BY AGUSTIN TAPIA 2025"}]},{"@type":"WebSite","@id":"https:\/\/revolutionpadelstore.com\/de\/#website","url":"https:\/\/revolutionpadelstore.com\/de\/","name":"Revolution Padel Store","description":"","publisher":{"@id":"https:\/\/revolutionpadelstore.com\/de\/#organization"},"potentialAction":[{"@type":"SearchAction","target":{"@type":"EntryPoint","urlTemplate":"https:\/\/revolutionpadelstore.com\/de\/?s={search_term_string}"},"query-input":{"@type":"PropertyValueSpecification","valueRequired":true,"valueName":"search_term_string"}}],"inLanguage":"de"},{"@type":"Organization","@id":"https:\/\/revolutionpadelstore.com\/de\/#organization","name":"Revolution Padel Store","url":"https:\/\/revolutionpadelstore.com\/de\/","logo":{"@type":"ImageObject","inLanguage":"de","@id":"https:\/\/revolutionpadelstore.com\/de\/#\/schema\/logo\/image\/","url":"https:\/\/revolutionpadelstore.com\/wp-content\/uploads\/2026\/02\/revolution-padel-store.jpg","contentUrl":"https:\/\/revolutionpadelstore.com\/wp-content\/uploads\/2026\/02\/revolution-padel-store.jpg","width":2000,"height":2000,"caption":"Revolution Padel Store"},"image":{"@id":"https:\/\/revolutionpadelstore.com\/de\/#\/schema\/logo\/image\/"},"sameAs":["https:\/\/www.instagram.com\/revolutionpadelstore\/"]}]}},"_links":{"self":[{"href":"https:\/\/revolutionpadelstore.com\/de\/wp-json\/wp\/v2\/product\/72778","targetHints":{"allow":["GET"]}}],"collection":[{"href":"https:\/\/revolutionpadelstore.com\/de\/wp-json\/wp\/v2\/product"}],"about":[{"href":"https:\/\/revolutionpadelstore.com\/de\/wp-json\/wp\/v2\/types\/product"}],"replies":[{"embeddable":true,"href":"https:\/\/revolutionpadelstore.com\/de\/wp-json\/wp\/v2\/comments?post=72778"}],"wp:featuredmedia":[{"embeddable":true,"href":"https:\/\/revolutionpadelstore.com\/de\/wp-json\/wp\/v2\/media\/125329"}],"wp:attachment":[{"href":"https:\/\/revolutionpadelstore.com\/de\/wp-json\/wp\/v2\/media?parent=72778"}],"wp:term":[{"taxonomy":"acabado","embeddable":true,"href":"https:\/\/revolutionpadelstore.com\/de\/wp-json\/wp\/v2\/acabado?post=72778"},{"taxonomy":"balance","embeddable":true,"href":"https:\/\/revolutionpadelstore.com\/de\/wp-json\/wp\/v2\/balance?post=72778"},{"taxonomy":"dureza","embeddable":true,"href":"https:\/\/revolutionpadelstore.com\/de\/wp-json\/wp\/v2\/dureza?post=72778"},{"taxonomy":"forma","embeddable":true,"href":"https:\/\/revolutionpadelstore.com\/de\/wp-json\/wp\/v2\/forma?post=72778"},{"taxonomy":"jugador","embeddable":true,"href":"https:\/\/revolutionpadelstore.com\/de\/wp-json\/wp\/v2\/jugador?post=72778"},{"taxonomy":"marca","embeddable":true,"href":"https:\/\/revolutionpadelstore.com\/de\/wp-json\/wp\/v2\/marca?post=72778"},{"taxonomy":"nivel-de-juego","embeddable":true,"href":"https:\/\/revolutionpadelstore.com\/de\/wp-json\/wp\/v2\/nivel-de-juego?post=72778"},{"taxonomy":"superficie","embeddable":true,"href":"https:\/\/revolutionpadelstore.com\/de\/wp-json\/wp\/v2\/superficie?post=72778"},{"taxonomy":"tipo-de-juego","embeddable":true,"href":"https:\/\/revolutionpadelstore.com\/de\/wp-json\/wp\/v2\/tipo-de-juego?post=72778"},{"taxonomy":"product_brand","embeddable":true,"href":"https:\/\/revolutionpadelstore.com\/de\/wp-json\/wp\/v2\/product_brand?post=72778"},{"taxonomy":"product_cat","embeddable":true,"href":"https:\/\/revolutionpadelstore.com\/de\/wp-json\/wp\/v2\/product_cat?post=72778"},{"taxonomy":"product_tag","embeddable":true,"href":"https:\/\/revolutionpadelstore.com\/de\/wp-json\/wp\/v2\/product_tag?post=72778"}],"curies":[{"name":"wp","href":"https:\/\/api.w.org\/{rel}","templated":true}]}}