{"id":72773,"date":"2024-09-25T14:58:55","date_gmt":"2024-09-25T12:58:55","guid":{"rendered":"https:\/\/revolutionpadelstore.com\/nox-at10-genius-18k-alum-by-agustin-tapia-2025\/"},"modified":"2026-04-20T14:02:16","modified_gmt":"2026-04-20T12:02:16","slug":"nox-at10-genius-18k-alum-by-agustin-tapia-2025-1","status":"publish","type":"product","link":"https:\/\/revolutionpadelstore.com\/de\/produkt\/nox-at10-genius-18k-alum-by-agustin-tapia-2025-1\/","title":{"rendered":"NOX AT10 GENIUS 18K ALUM BY AGUSTIN TAPIA 2025"},"content":{"rendered":"<h2>Nox AT10 Genius 18K Alaun von Agust\u00edn Tapia 2025, Festigkeit und Haltbarkeit<\/h2>\n<p>Der Padelschl\u00e4ger<strong>AT10 Genius 18K Alum By Agust\u00edn Tapia<\/strong> ist ein Tropfenmodell, das in Zusammenarbeit mit Agust\u00edn Tapia entwickelt wurde und ein ideales Gleichgewicht zwischen mehr Geschwindigkeit bei defensiven Schl\u00e4gen und mehr Kraft bei Angriffen bietet.<\/p>\n<p>Mit einem Gewicht zwischen <strong>360 und 375 Gramm<\/strong> zeichnet sich dieser Schl\u00e4ger dadurch aus, dass er handlich und wendig ist, was ein schnelles und pr\u00e4zises Spiel erm\u00f6glicht.<\/strong><\/p>\n<h2>AT10 Genius 18K Alum Agust\u00edn Tapia Schaufel, f\u00fcr Profis<\/h2>\n<p>Der AT10 Genius 18K Alum 2025 ist ideal f\u00fcr erfahrene Padelspieler, die ein Hochleistungsmodell suchen, das aus widerstandsf\u00e4higen Materialien hergestellt und mit den neuesten Technologien ausgestattet ist, um Ihre Leistung auf der Strecke zu verbessern.<\/p>\n<p>Es bietet ein komfortables, solides und kontrolliertes Schlaggef\u00fchl und ist somit perfekt f\u00fcr die anspruchsvollsten Spieler, die sowohl Verteidigung als auch Angriff genie\u00dfen.<\/p>\n<h2>Merkmale des AT10 Genius 18K Alum 2025<\/h2>\n<p style=\"padding-left: 40px\">-Flats aus <strong>18K Alum Carbon<\/strong>f\u00fcr einen viel komfortableren, solideren Griff und eine homogenere Leistung<\/p>\n<p style=\"padding-left: 40px\">-Oberfl\u00e4che mit exklusivem Spin 3D-Muster und rauem Sand-Finish, um dem Ball mehr Spin und Kontrolle zu verleihen<\/p>\n<p style=\"padding-left: 40px\">-Carbon Frame Rohrrahmen f\u00fcr mehr Haltbarkeit und Steifigkeit<\/p>\n<p style=\"padding-left: 40px\">-Mehrschichtiger Kern <em>MLD Black EVA<\/em>, der <strong>die Ballausgabe<\/strong> in der Verteidigung optimiert und f\u00fcr mehr Kraft bei Angriffsschl\u00e4gen sorgt<\/strong>p&gt;<\/p>\n<p style=\"padding-left: 40px\">-Besseres Handling und neu verteiltes Gewicht dank der EOS-Klappe<\/p>\n<p style=\"padding-left: 40px\">-Mit<em>Custom Grip<\/em>f\u00fcr mehr Grip und weniger Vibrationen<\/p>\n<p style=\"padding-left: 40px\">-Vibrationen nach dem Aufprall werden durch das <em>Pulse System<\/em><\/p>\n<p> reduziert<\/p>\n<p style=\"padding-left: 40px\">-Reduzierung von Rissen an der Au\u00dfenseite mit der<em>Dynamic Composite Structure<\/em><\/p>\n<p style=\"padding-left: 40px\">-Austauschbares <em>Smartstrap<\/em> Sicherheitsband<\/p>\n<p style=\"padding-left: 40px\">-Tropfenform<\/p>\n<p style=\"padding-left: 40px\">-Serie der Luxusserie<\/em><\/p>\n<h3>Holen Sie sich den Nox AT10 Genius 18K Alum von Agust\u00edn Tapia 2025 im Revolution Padel Store<\/h3>\n<p>Mit dem AT10 Genius 18K Alum By Agust\u00edn Tapia 2025 Teardrop-Schl\u00e4ger von Nox erzielen Sie pr\u00e4zise, \u200b\u200bspinreiche und komfortable Schl\u00e4ge. Entwickelt f\u00fcr <strong>fortgeschrittene, vielseitige Spieler<\/strong><\/p>\n","protected":false},"excerpt":{"rendered":"<p>Nox AT10 Genius 18K Teardrop-Schl\u00e4ger von Agust\u00edn Tapia 2025, mit einem mehrschichtigen Kern aus MLD Black EVA und rauen Fl\u00e4chen aus 18K aluminisiertem Carbon f\u00fcr l\u00e4ngere Haltbarkeit.<\/p>\n","protected":false},"featured_media":72110,"comment_status":"open","ping_status":"closed","template":"","meta":{"_acf_changed":false,"_joinchat":[]},"acabado":[1094,1104],"balance":[1139],"dureza":[1154],"forma":[1184],"jugador":[1189,1199],"marca":[1259],"nivel-de-juego":[1334,1344],"superficie":[1359],"tipo-de-juego":[1384],"product_brand":[],"product_cat":[299],"product_tag":[],"class_list":{"0":"post-72773","1":"product","2":"type-product","3":"status-publish","4":"has-post-thumbnail","6":"acabado-arenoso-de","7":"acabado-rau","8":"balance-mittel","9":"dureza-media-de","10":"forma-lagrima-de","11":"jugador-mann","12":"jugador-mehrzweck","13":"marca-nox-de","14":"superficie-rugosa-de","15":"tipo-de-juego-mehrzweck","16":"product_cat-palas-de-padel-de","18":"first","19":"instock","20":"sale","21":"taxable","22":"shipping-taxable","23":"purchasable","24":"product-type-simple"},"acf":[],"yoast_head":"<!-- This site is optimized with the Yoast SEO plugin v27.4 - https:\/\/yoast.com\/product\/yoast-seo-wordpress\/ -->\n<title>NOX AT10 GENIUS 18K ALUM BY AGUSTIN TAPIA 2025 - Revolution Padel Store<\/title>\n<meta name=\"description\" content=\"La\u00a0pala de p\u00e1del AT10 Genius 18K Alum By Agust\u00edn Tapia\u00a0es un modelo de l\u00e1grima creado en colaboraci\u00f3n con Agust\u00edn Tapia que proporciona un balance ideal para a\u00f1adir velocidad en golpes defensivos y potencia en los ataques.Con un peso que var\u00eda entre los\u00a0360 y 375 gramos, esta pala se caracteriza por ser manejable y \u00e1gil, lo que facilita un\u00a0juego r\u00e1pido y preciso.\" \/>\n<meta name=\"robots\" content=\"index, follow, max-snippet:-1, max-image-preview:large, max-video-preview:-1\" \/>\n<link rel=\"canonical\" href=\"https:\/\/revolutionpadelstore.com\/de\/produkt\/nox-at10-genius-18k-alum-by-agustin-tapia-2025-1\/\" \/>\n<meta property=\"og:locale\" content=\"de_DE\" \/>\n<meta property=\"og:type\" content=\"article\" \/>\n<meta property=\"og:title\" content=\"NOX AT10 GENIUS 18K ALUM BY AGUSTIN TAPIA 2025 - Revolution Padel Store\" \/>\n<meta property=\"og:description\" content=\"La\u00a0pala de p\u00e1del AT10 Genius 18K Alum By Agust\u00edn Tapia\u00a0es un modelo de l\u00e1grima creado en colaboraci\u00f3n con Agust\u00edn Tapia que proporciona un balance ideal para a\u00f1adir velocidad en golpes defensivos y potencia en los ataques.Con un peso que var\u00eda entre los\u00a0360 y 375 gramos, esta pala se caracteriza por ser manejable y \u00e1gil, lo que facilita un\u00a0juego r\u00e1pido y preciso.\" \/>\n<meta property=\"og:url\" content=\"https:\/\/revolutionpadelstore.com\/de\/produkt\/nox-at10-genius-18k-alum-by-agustin-tapia-2025-1\/\" \/>\n<meta property=\"og:site_name\" content=\"Revolution Padel Store\" \/>\n<meta property=\"article:modified_time\" content=\"2026-04-20T12:02:16+00:00\" \/>\n<meta property=\"og:image\" content=\"https:\/\/revolutionpadelstore.com\/wp-content\/uploads\/2024\/09\/113540_pala_nox_at10_genius_18k_alum_by_agustin_tapia_pat10genius1825_1500x1500_6e6f.webp\" \/>\n\t<meta property=\"og:image:width\" content=\"1500\" \/>\n\t<meta property=\"og:image:height\" content=\"1500\" \/>\n\t<meta property=\"og:image:type\" content=\"image\/webp\" \/>\n<meta name=\"twitter:card\" content=\"summary_large_image\" \/>\n<meta name=\"twitter:label1\" content=\"Gesch\u00e4tzte Lesezeit\" \/>\n\t<meta name=\"twitter:data1\" content=\"2\u00a0Minuten\" \/>\n<script type=\"application\/ld+json\" class=\"yoast-schema-graph\">{\"@context\":\"https:\\\/\\\/schema.org\",\"@graph\":[{\"@type\":\"WebPage\",\"@id\":\"https:\\\/\\\/revolutionpadelstore.com\\\/de\\\/produkt\\\/nox-at10-genius-18k-alum-by-agustin-tapia-2025-1\\\/\",\"url\":\"https:\\\/\\\/revolutionpadelstore.com\\\/de\\\/produkt\\\/nox-at10-genius-18k-alum-by-agustin-tapia-2025-1\\\/\",\"name\":\"NOX AT10 GENIUS 18K ALUM BY AGUSTIN TAPIA 2025 - Revolution Padel Store\",\"isPartOf\":{\"@id\":\"https:\\\/\\\/revolutionpadelstore.com\\\/de\\\/#website\"},\"primaryImageOfPage\":{\"@id\":\"https:\\\/\\\/revolutionpadelstore.com\\\/de\\\/produkt\\\/nox-at10-genius-18k-alum-by-agustin-tapia-2025-1\\\/#primaryimage\"},\"image\":{\"@id\":\"https:\\\/\\\/revolutionpadelstore.com\\\/de\\\/produkt\\\/nox-at10-genius-18k-alum-by-agustin-tapia-2025-1\\\/#primaryimage\"},\"thumbnailUrl\":\"https:\\\/\\\/revolutionpadelstore.com\\\/wp-content\\\/uploads\\\/2024\\\/09\\\/113540_pala_nox_at10_genius_18k_alum_by_agustin_tapia_pat10genius1825_1500x1500_6e6f.webp\",\"datePublished\":\"2024-09-25T12:58:55+00:00\",\"dateModified\":\"2026-04-20T12:02:16+00:00\",\"description\":\"La\u00a0pala de p\u00e1del AT10 Genius 18K Alum By Agust\u00edn Tapia\u00a0es un modelo de l\u00e1grima creado en colaboraci\u00f3n con Agust\u00edn Tapia que proporciona un balance ideal para a\u00f1adir velocidad en golpes defensivos y potencia en los ataques.Con un peso que var\u00eda entre los\u00a0360 y 375 gramos, esta pala se caracteriza por ser manejable y \u00e1gil, lo que facilita un\u00a0juego r\u00e1pido y preciso.\",\"breadcrumb\":{\"@id\":\"https:\\\/\\\/revolutionpadelstore.com\\\/de\\\/produkt\\\/nox-at10-genius-18k-alum-by-agustin-tapia-2025-1\\\/#breadcrumb\"},\"inLanguage\":\"de\",\"potentialAction\":[{\"@type\":\"ReadAction\",\"target\":[\"https:\\\/\\\/revolutionpadelstore.com\\\/de\\\/produkt\\\/nox-at10-genius-18k-alum-by-agustin-tapia-2025-1\\\/\"]}]},{\"@type\":\"ImageObject\",\"inLanguage\":\"de\",\"@id\":\"https:\\\/\\\/revolutionpadelstore.com\\\/de\\\/produkt\\\/nox-at10-genius-18k-alum-by-agustin-tapia-2025-1\\\/#primaryimage\",\"url\":\"https:\\\/\\\/revolutionpadelstore.com\\\/wp-content\\\/uploads\\\/2024\\\/09\\\/113540_pala_nox_at10_genius_18k_alum_by_agustin_tapia_pat10genius1825_1500x1500_6e6f.webp\",\"contentUrl\":\"https:\\\/\\\/revolutionpadelstore.com\\\/wp-content\\\/uploads\\\/2024\\\/09\\\/113540_pala_nox_at10_genius_18k_alum_by_agustin_tapia_pat10genius1825_1500x1500_6e6f.webp\",\"width\":1500,\"height\":1500},{\"@type\":\"BreadcrumbList\",\"@id\":\"https:\\\/\\\/revolutionpadelstore.com\\\/de\\\/produkt\\\/nox-at10-genius-18k-alum-by-agustin-tapia-2025-1\\\/#breadcrumb\",\"itemListElement\":[{\"@type\":\"ListItem\",\"position\":1,\"name\":\"Portada\",\"item\":\"https:\\\/\\\/revolutionpadelstore.com\\\/de\\\/\"},{\"@type\":\"ListItem\",\"position\":2,\"name\":\"Shop\",\"item\":\"https:\\\/\\\/revolutionpadelstore.com\\\/de\\\/tienda\\\/\"},{\"@type\":\"ListItem\",\"position\":3,\"name\":\"NOX AT10 GENIUS 18K ALUM BY AGUSTIN TAPIA 2025\"}]},{\"@type\":\"WebSite\",\"@id\":\"https:\\\/\\\/revolutionpadelstore.com\\\/de\\\/#website\",\"url\":\"https:\\\/\\\/revolutionpadelstore.com\\\/de\\\/\",\"name\":\"Revolution Padel Store\",\"description\":\"\",\"publisher\":{\"@id\":\"https:\\\/\\\/revolutionpadelstore.com\\\/de\\\/#organization\"},\"potentialAction\":[{\"@type\":\"SearchAction\",\"target\":{\"@type\":\"EntryPoint\",\"urlTemplate\":\"https:\\\/\\\/revolutionpadelstore.com\\\/de\\\/?s={search_term_string}\"},\"query-input\":{\"@type\":\"PropertyValueSpecification\",\"valueRequired\":true,\"valueName\":\"search_term_string\"}}],\"inLanguage\":\"de\"},{\"@type\":\"Organization\",\"@id\":\"https:\\\/\\\/revolutionpadelstore.com\\\/de\\\/#organization\",\"name\":\"Revolution Padel Store\",\"url\":\"https:\\\/\\\/revolutionpadelstore.com\\\/de\\\/\",\"logo\":{\"@type\":\"ImageObject\",\"inLanguage\":\"de\",\"@id\":\"https:\\\/\\\/revolutionpadelstore.com\\\/de\\\/#\\\/schema\\\/logo\\\/image\\\/\",\"url\":\"https:\\\/\\\/revolutionpadelstore.com\\\/wp-content\\\/uploads\\\/2026\\\/02\\\/revolution-padel-store.jpg\",\"contentUrl\":\"https:\\\/\\\/revolutionpadelstore.com\\\/wp-content\\\/uploads\\\/2026\\\/02\\\/revolution-padel-store.jpg\",\"width\":2000,\"height\":2000,\"caption\":\"Revolution Padel Store\"},\"image\":{\"@id\":\"https:\\\/\\\/revolutionpadelstore.com\\\/de\\\/#\\\/schema\\\/logo\\\/image\\\/\"},\"sameAs\":[\"https:\\\/\\\/www.instagram.com\\\/revolutionpadelstore\\\/\"]}]}<\/script>\n<!-- \/ Yoast SEO plugin. -->","yoast_head_json":{"title":"NOX AT10 GENIUS 18K ALUM BY AGUSTIN TAPIA 2025 - Revolution Padel Store","description":"La\u00a0pala de p\u00e1del AT10 Genius 18K Alum By Agust\u00edn Tapia\u00a0es un modelo de l\u00e1grima creado en colaboraci\u00f3n con Agust\u00edn Tapia que proporciona un balance ideal para a\u00f1adir velocidad en golpes defensivos y potencia en los ataques.Con un peso que var\u00eda entre los\u00a0360 y 375 gramos, esta pala se caracteriza por ser manejable y \u00e1gil, lo que facilita un\u00a0juego r\u00e1pido y preciso.","robots":{"index":"index","follow":"follow","max-snippet":"max-snippet:-1","max-image-preview":"max-image-preview:large","max-video-preview":"max-video-preview:-1"},"canonical":"https:\/\/revolutionpadelstore.com\/de\/produkt\/nox-at10-genius-18k-alum-by-agustin-tapia-2025-1\/","og_locale":"de_DE","og_type":"article","og_title":"NOX AT10 GENIUS 18K ALUM BY AGUSTIN TAPIA 2025 - Revolution Padel Store","og_description":"La\u00a0pala de p\u00e1del AT10 Genius 18K Alum By Agust\u00edn Tapia\u00a0es un modelo de l\u00e1grima creado en colaboraci\u00f3n con Agust\u00edn Tapia que proporciona un balance ideal para a\u00f1adir velocidad en golpes defensivos y potencia en los ataques.Con un peso que var\u00eda entre los\u00a0360 y 375 gramos, esta pala se caracteriza por ser manejable y \u00e1gil, lo que facilita un\u00a0juego r\u00e1pido y preciso.","og_url":"https:\/\/revolutionpadelstore.com\/de\/produkt\/nox-at10-genius-18k-alum-by-agustin-tapia-2025-1\/","og_site_name":"Revolution Padel Store","article_modified_time":"2026-04-20T12:02:16+00:00","og_image":[{"width":1500,"height":1500,"url":"https:\/\/revolutionpadelstore.com\/wp-content\/uploads\/2024\/09\/113540_pala_nox_at10_genius_18k_alum_by_agustin_tapia_pat10genius1825_1500x1500_6e6f.webp","type":"image\/webp"}],"twitter_card":"summary_large_image","twitter_misc":{"Gesch\u00e4tzte Lesezeit":"2\u00a0Minuten"},"schema":{"@context":"https:\/\/schema.org","@graph":[{"@type":"WebPage","@id":"https:\/\/revolutionpadelstore.com\/de\/produkt\/nox-at10-genius-18k-alum-by-agustin-tapia-2025-1\/","url":"https:\/\/revolutionpadelstore.com\/de\/produkt\/nox-at10-genius-18k-alum-by-agustin-tapia-2025-1\/","name":"NOX AT10 GENIUS 18K ALUM BY AGUSTIN TAPIA 2025 - Revolution Padel Store","isPartOf":{"@id":"https:\/\/revolutionpadelstore.com\/de\/#website"},"primaryImageOfPage":{"@id":"https:\/\/revolutionpadelstore.com\/de\/produkt\/nox-at10-genius-18k-alum-by-agustin-tapia-2025-1\/#primaryimage"},"image":{"@id":"https:\/\/revolutionpadelstore.com\/de\/produkt\/nox-at10-genius-18k-alum-by-agustin-tapia-2025-1\/#primaryimage"},"thumbnailUrl":"https:\/\/revolutionpadelstore.com\/wp-content\/uploads\/2024\/09\/113540_pala_nox_at10_genius_18k_alum_by_agustin_tapia_pat10genius1825_1500x1500_6e6f.webp","datePublished":"2024-09-25T12:58:55+00:00","dateModified":"2026-04-20T12:02:16+00:00","description":"La\u00a0pala de p\u00e1del AT10 Genius 18K Alum By Agust\u00edn Tapia\u00a0es un modelo de l\u00e1grima creado en colaboraci\u00f3n con Agust\u00edn Tapia que proporciona un balance ideal para a\u00f1adir velocidad en golpes defensivos y potencia en los ataques.Con un peso que var\u00eda entre los\u00a0360 y 375 gramos, esta pala se caracteriza por ser manejable y \u00e1gil, lo que facilita un\u00a0juego r\u00e1pido y preciso.","breadcrumb":{"@id":"https:\/\/revolutionpadelstore.com\/de\/produkt\/nox-at10-genius-18k-alum-by-agustin-tapia-2025-1\/#breadcrumb"},"inLanguage":"de","potentialAction":[{"@type":"ReadAction","target":["https:\/\/revolutionpadelstore.com\/de\/produkt\/nox-at10-genius-18k-alum-by-agustin-tapia-2025-1\/"]}]},{"@type":"ImageObject","inLanguage":"de","@id":"https:\/\/revolutionpadelstore.com\/de\/produkt\/nox-at10-genius-18k-alum-by-agustin-tapia-2025-1\/#primaryimage","url":"https:\/\/revolutionpadelstore.com\/wp-content\/uploads\/2024\/09\/113540_pala_nox_at10_genius_18k_alum_by_agustin_tapia_pat10genius1825_1500x1500_6e6f.webp","contentUrl":"https:\/\/revolutionpadelstore.com\/wp-content\/uploads\/2024\/09\/113540_pala_nox_at10_genius_18k_alum_by_agustin_tapia_pat10genius1825_1500x1500_6e6f.webp","width":1500,"height":1500},{"@type":"BreadcrumbList","@id":"https:\/\/revolutionpadelstore.com\/de\/produkt\/nox-at10-genius-18k-alum-by-agustin-tapia-2025-1\/#breadcrumb","itemListElement":[{"@type":"ListItem","position":1,"name":"Portada","item":"https:\/\/revolutionpadelstore.com\/de\/"},{"@type":"ListItem","position":2,"name":"Shop","item":"https:\/\/revolutionpadelstore.com\/de\/tienda\/"},{"@type":"ListItem","position":3,"name":"NOX AT10 GENIUS 18K ALUM BY AGUSTIN TAPIA 2025"}]},{"@type":"WebSite","@id":"https:\/\/revolutionpadelstore.com\/de\/#website","url":"https:\/\/revolutionpadelstore.com\/de\/","name":"Revolution Padel Store","description":"","publisher":{"@id":"https:\/\/revolutionpadelstore.com\/de\/#organization"},"potentialAction":[{"@type":"SearchAction","target":{"@type":"EntryPoint","urlTemplate":"https:\/\/revolutionpadelstore.com\/de\/?s={search_term_string}"},"query-input":{"@type":"PropertyValueSpecification","valueRequired":true,"valueName":"search_term_string"}}],"inLanguage":"de"},{"@type":"Organization","@id":"https:\/\/revolutionpadelstore.com\/de\/#organization","name":"Revolution Padel Store","url":"https:\/\/revolutionpadelstore.com\/de\/","logo":{"@type":"ImageObject","inLanguage":"de","@id":"https:\/\/revolutionpadelstore.com\/de\/#\/schema\/logo\/image\/","url":"https:\/\/revolutionpadelstore.com\/wp-content\/uploads\/2026\/02\/revolution-padel-store.jpg","contentUrl":"https:\/\/revolutionpadelstore.com\/wp-content\/uploads\/2026\/02\/revolution-padel-store.jpg","width":2000,"height":2000,"caption":"Revolution Padel Store"},"image":{"@id":"https:\/\/revolutionpadelstore.com\/de\/#\/schema\/logo\/image\/"},"sameAs":["https:\/\/www.instagram.com\/revolutionpadelstore\/"]}]}},"_links":{"self":[{"href":"https:\/\/revolutionpadelstore.com\/de\/wp-json\/wp\/v2\/product\/72773","targetHints":{"allow":["GET"]}}],"collection":[{"href":"https:\/\/revolutionpadelstore.com\/de\/wp-json\/wp\/v2\/product"}],"about":[{"href":"https:\/\/revolutionpadelstore.com\/de\/wp-json\/wp\/v2\/types\/product"}],"replies":[{"embeddable":true,"href":"https:\/\/revolutionpadelstore.com\/de\/wp-json\/wp\/v2\/comments?post=72773"}],"wp:featuredmedia":[{"embeddable":true,"href":"https:\/\/revolutionpadelstore.com\/de\/wp-json\/wp\/v2\/media\/72110"}],"wp:attachment":[{"href":"https:\/\/revolutionpadelstore.com\/de\/wp-json\/wp\/v2\/media?parent=72773"}],"wp:term":[{"taxonomy":"acabado","embeddable":true,"href":"https:\/\/revolutionpadelstore.com\/de\/wp-json\/wp\/v2\/acabado?post=72773"},{"taxonomy":"balance","embeddable":true,"href":"https:\/\/revolutionpadelstore.com\/de\/wp-json\/wp\/v2\/balance?post=72773"},{"taxonomy":"dureza","embeddable":true,"href":"https:\/\/revolutionpadelstore.com\/de\/wp-json\/wp\/v2\/dureza?post=72773"},{"taxonomy":"forma","embeddable":true,"href":"https:\/\/revolutionpadelstore.com\/de\/wp-json\/wp\/v2\/forma?post=72773"},{"taxonomy":"jugador","embeddable":true,"href":"https:\/\/revolutionpadelstore.com\/de\/wp-json\/wp\/v2\/jugador?post=72773"},{"taxonomy":"marca","embeddable":true,"href":"https:\/\/revolutionpadelstore.com\/de\/wp-json\/wp\/v2\/marca?post=72773"},{"taxonomy":"nivel-de-juego","embeddable":true,"href":"https:\/\/revolutionpadelstore.com\/de\/wp-json\/wp\/v2\/nivel-de-juego?post=72773"},{"taxonomy":"superficie","embeddable":true,"href":"https:\/\/revolutionpadelstore.com\/de\/wp-json\/wp\/v2\/superficie?post=72773"},{"taxonomy":"tipo-de-juego","embeddable":true,"href":"https:\/\/revolutionpadelstore.com\/de\/wp-json\/wp\/v2\/tipo-de-juego?post=72773"},{"taxonomy":"product_brand","embeddable":true,"href":"https:\/\/revolutionpadelstore.com\/de\/wp-json\/wp\/v2\/product_brand?post=72773"},{"taxonomy":"product_cat","embeddable":true,"href":"https:\/\/revolutionpadelstore.com\/de\/wp-json\/wp\/v2\/product_cat?post=72773"},{"taxonomy":"product_tag","embeddable":true,"href":"https:\/\/revolutionpadelstore.com\/de\/wp-json\/wp\/v2\/product_tag?post=72773"}],"curies":[{"name":"wp","href":"https:\/\/api.w.org\/{rel}","templated":true}]}}