{"id":72768,"date":"2024-09-25T22:28:19","date_gmt":"2024-09-25T20:28:19","guid":{"rendered":"https:\/\/revolutionpadelstore.com\/nox-at10-genius-attack-12k-by-agustin-tapia-2025\/"},"modified":"2026-04-01T07:15:47","modified_gmt":"2026-04-01T05:15:47","slug":"nox-at10-genius-attack-12k-by-agustin-tapia-2025-1","status":"publish","type":"product","link":"https:\/\/revolutionpadelstore.com\/de\/produkt\/nox-at10-genius-attack-12k-by-agustin-tapia-2025-1\/","title":{"rendered":"NOX AT10 GENIUS ATTACK 12K BY AGUSTIN TAPIA 2025"},"content":{"rendered":"<h2>Nox AT10 Genius Attack 12K von Agustin Tapia 2025<\/h2>\n<p>Der Nox AT10 Genius Attack 12K von Agust\u00edn Tapia 2025 ist ein High-End-Padelschl\u00e4ger, der in Zusammenarbeit mit dem Profispieler Agust\u00edn Tapia entwickelt wurde. Dieser Schl\u00e4ger ist Teil der Kollektion <strong>Luxury Series 2025<\/strong> von Nox und zeichnet sich durch sein exklusives Design in Schwarz mit orangefarbenen Details und durch die Integration der fortschrittlichsten Technologien auf dem Markt aus.<\/p>\n<p>Mit seinem <strong>Diamantformat<\/strong> ist er f\u00fcr Spieler konzipiert, die Kraft und Pr\u00e4zision bei ihren Schl\u00e4gen suchen.<\/p>\n<h2>Nox AT10 Genius Attack 12K 2025 f\u00fcr fortgeschrittene Spieler<\/h2>\n<p>Der Nox AT10 Genius Attack 12K ist ideal f\u00fcr fortgeschrittene oder professionelle Spieler, die bei jedem Schlag Wert auf Kraft legen. Sein Diamantformat und der schwarze EVA-MLD-Kern sorgen f\u00fcr einen explosiven Ballaussto\u00df, perfekt f\u00fcr diejenigen, die gerne nah am Netz spielen und auf der Suche nach starken Punkten sind. Dar\u00fcber hinaus verbessert der verl\u00e4ngerte Griff die Kontrolle und eignet sich daher f\u00fcr Spieler, die einen l\u00e4ngeren Griff bevorzugen.<\/p>\n<h3><strong>Funktionen und Technologien des Nox AT10 Genius Attack 12K 2025 Schl\u00e4gers<\/strong><\/h3>\n<p style=\"padding-left: 40px\"><strong>-Diamantformat<\/strong>, ideal zur Erzeugung gr\u00f6\u00dferer Leistung.<\/p>\n<p style=\"padding-left: 40px\"><strong>-12K-Carbon-Flugzeuge<\/strong> f\u00fcr einen soliden und pr\u00e4zisen Treffer.<\/p>\n<p style=\"padding-left: 40px\"><strong>-Carbonrahmen<\/strong> zur Erh\u00f6hung der Haltbarkeit und Steifigkeit.<\/p>\n<p style=\"padding-left: 40px\"><strong>-MLD-Kern aus <em>schwarzem<\/em> EVA, <strong>mehrschichtig, um die Ballausgabe zu optimieren<\/strong> und die Auktionen zu verbessern.<\/p>\n<p style=\"padding-left: 40px\">-EOS <em>Flap<\/em>-Technologie, <strong>seitliche Perforationen, die die Handhabbarkeit verbessern<\/strong>.<\/p>\n<p style=\"padding-left: 40px\"><strong>-DCS-Technologie<\/strong> minimiert die H\u00e4rte in den \u00e4u\u00dferen Teilen der Klinge, um <strong>Bruch<\/strong> zu vermeiden.<\/p>\n<p style=\"padding-left: 40px\"><em>-Smartstrap\u00ae<\/em>,<strong>austauschbares Sicherheitsband<\/strong>.<\/p>\n<p style=\"padding-left: 40px\"><em>-Oversize Grip<\/em>, <strong>verl\u00e4ngerter Griff<\/strong> um 10 mm.<\/p>\n<p style=\"padding-left: 40px\"><em>-Pulse System<\/em>, <strong> Gummieins\u00e4tze, die Vibrationen reduzieren<\/strong>.<\/p>\n<p style=\"padding-left: 40px\"><em>-Exklusiver Spin<\/em>, <strong>raue Oberfl\u00e4che<\/strong>, die dem Ball mehr Halt bietet.<\/p>\n<p>Wenn Sie auf der Suche nach einem Schl\u00e4ger sind, der Design, Leistung und Spitzentechnologie vereint, ist der Nox AT10 Genius Attack 12K eine unschlagbare Option. Entwickelt f\u00fcr die anspruchsvollsten Spieler, erm\u00f6glicht es Ihnen, Ihr Spiel auf die n\u00e4chste Stufe zu bringen.<\/p>\n<h2>Nox AT10 Genius Attack 12K By Agustin Tapia 2025<\/h2>\n","protected":false},"excerpt":{"rendered":"<p>Der Nox AT10 Genius Attack 12K von Agust\u00edn Tapia 2025 vereint Kraft, Kontrolle und Haltbarkeit und wurde f\u00fcr fortgeschrittene Spieler entwickelt, die optimale Leistung und modernste Technologie suchen.<\/p>\n","protected":false},"featured_media":125335,"comment_status":"open","ping_status":"closed","template":"","meta":{"_acf_changed":false,"_joinchat":[]},"acabado":[1094],"balance":[1134],"dureza":[1154],"forma":[1169],"jugador":[1189,1199],"marca":[1259],"nivel-de-juego":[1334],"superficie":[1359],"tipo-de-juego":[1374],"product_brand":[],"product_cat":[299],"product_tag":[],"class_list":{"0":"post-72768","1":"product","2":"type-product","3":"status-publish","4":"has-post-thumbnail","6":"acabado-arenoso-de","7":"balance-hoch","8":"dureza-media-de","9":"forma-diamante-de","10":"jugador-mann","11":"jugador-mehrzweck","12":"marca-nox-de","13":"superficie-rugosa-de","14":"tipo-de-juego-leistung","15":"product_cat-palas-de-padel-de","17":"first","18":"instock","19":"sale","20":"taxable","21":"shipping-taxable","22":"purchasable","23":"product-type-simple"},"acf":[],"yoast_head":"<!-- This site is optimized with the Yoast SEO plugin v27.3 - https:\/\/yoast.com\/product\/yoast-seo-wordpress\/ -->\n<title>NOX AT10 GENIUS ATTACK 12K BY AGUSTIN TAPIA 2025 - Revolution Padel Store<\/title>\n<meta name=\"description\" content=\"La\u00a0Nox AT10 Genius Attack 12K By Agust\u00edn Tapia 2025\u00a0es una pala de p\u00e1del de alta gama dise\u00f1ada en colaboraci\u00f3n con el jugador profesional\u00a0Agust\u00edn Tapia. Esta pala forma parte de la colecci\u00f3n\u00a0Luxury Series 2025\u00a0de Nox, destacando por su dise\u00f1o exclusivo en negro con detalles en naranja y por incorporar las tecnolog\u00edas m\u00e1s avanzadas del mercado. Con un\u00a0formato diamante, est\u00e1 pensada para jugadores que buscan potencia y precisi\u00f3n en sus golpes\" \/>\n<meta name=\"robots\" content=\"index, follow, max-snippet:-1, max-image-preview:large, max-video-preview:-1\" \/>\n<link rel=\"canonical\" href=\"https:\/\/revolutionpadelstore.com\/de\/produkt\/nox-at10-genius-attack-12k-by-agustin-tapia-2025-1\/\" \/>\n<meta property=\"og:locale\" content=\"de_DE\" \/>\n<meta property=\"og:type\" content=\"article\" \/>\n<meta property=\"og:title\" content=\"NOX AT10 GENIUS ATTACK 12K BY AGUSTIN TAPIA 2025 - Revolution Padel Store\" \/>\n<meta property=\"og:description\" content=\"La\u00a0Nox AT10 Genius Attack 12K By Agust\u00edn Tapia 2025\u00a0es una pala de p\u00e1del de alta gama dise\u00f1ada en colaboraci\u00f3n con el jugador profesional\u00a0Agust\u00edn Tapia. Esta pala forma parte de la colecci\u00f3n\u00a0Luxury Series 2025\u00a0de Nox, destacando por su dise\u00f1o exclusivo en negro con detalles en naranja y por incorporar las tecnolog\u00edas m\u00e1s avanzadas del mercado. Con un\u00a0formato diamante, est\u00e1 pensada para jugadores que buscan potencia y precisi\u00f3n en sus golpes\" \/>\n<meta property=\"og:url\" content=\"https:\/\/revolutionpadelstore.com\/de\/produkt\/nox-at10-genius-attack-12k-by-agustin-tapia-2025-1\/\" \/>\n<meta property=\"og:site_name\" content=\"Revolution Padel Store\" \/>\n<meta property=\"article:modified_time\" content=\"2026-04-01T05:15:47+00:00\" \/>\n<meta property=\"og:image\" content=\"https:\/\/revolutionpadelstore.com\/wp-content\/uploads\/2024\/10\/113541_pala_nox_at10_genius_attack_12k_by_agustin_tapia_pat10geniusat25_1500x15_2b18.webp\" \/>\n\t<meta property=\"og:image:width\" content=\"1500\" \/>\n\t<meta property=\"og:image:height\" content=\"1500\" \/>\n\t<meta property=\"og:image:type\" content=\"image\/webp\" \/>\n<meta name=\"twitter:card\" content=\"summary_large_image\" \/>\n<meta name=\"twitter:label1\" content=\"Gesch\u00e4tzte Lesezeit\" \/>\n\t<meta name=\"twitter:data1\" content=\"2\u00a0Minuten\" \/>\n<script type=\"application\/ld+json\" class=\"yoast-schema-graph\">{\"@context\":\"https:\\\/\\\/schema.org\",\"@graph\":[{\"@type\":\"WebPage\",\"@id\":\"https:\\\/\\\/revolutionpadelstore.com\\\/de\\\/produkt\\\/nox-at10-genius-attack-12k-by-agustin-tapia-2025-1\\\/\",\"url\":\"https:\\\/\\\/revolutionpadelstore.com\\\/de\\\/produkt\\\/nox-at10-genius-attack-12k-by-agustin-tapia-2025-1\\\/\",\"name\":\"NOX AT10 GENIUS ATTACK 12K BY AGUSTIN TAPIA 2025 - Revolution Padel Store\",\"isPartOf\":{\"@id\":\"https:\\\/\\\/revolutionpadelstore.com\\\/de\\\/#website\"},\"primaryImageOfPage\":{\"@id\":\"https:\\\/\\\/revolutionpadelstore.com\\\/de\\\/produkt\\\/nox-at10-genius-attack-12k-by-agustin-tapia-2025-1\\\/#primaryimage\"},\"image\":{\"@id\":\"https:\\\/\\\/revolutionpadelstore.com\\\/de\\\/produkt\\\/nox-at10-genius-attack-12k-by-agustin-tapia-2025-1\\\/#primaryimage\"},\"thumbnailUrl\":\"https:\\\/\\\/revolutionpadelstore.com\\\/wp-content\\\/uploads\\\/2024\\\/10\\\/113541_pala_nox_at10_genius_attack_12k_by_agustin_tapia_pat10geniusat25_1500x15_2b18.webp\",\"datePublished\":\"2024-09-25T20:28:19+00:00\",\"dateModified\":\"2026-04-01T05:15:47+00:00\",\"description\":\"La\u00a0Nox AT10 Genius Attack 12K By Agust\u00edn Tapia 2025\u00a0es una pala de p\u00e1del de alta gama dise\u00f1ada en colaboraci\u00f3n con el jugador profesional\u00a0Agust\u00edn Tapia. Esta pala forma parte de la colecci\u00f3n\u00a0Luxury Series 2025\u00a0de Nox, destacando por su dise\u00f1o exclusivo en negro con detalles en naranja y por incorporar las tecnolog\u00edas m\u00e1s avanzadas del mercado. Con un\u00a0formato diamante, est\u00e1 pensada para jugadores que buscan potencia y precisi\u00f3n en sus golpes\",\"breadcrumb\":{\"@id\":\"https:\\\/\\\/revolutionpadelstore.com\\\/de\\\/produkt\\\/nox-at10-genius-attack-12k-by-agustin-tapia-2025-1\\\/#breadcrumb\"},\"inLanguage\":\"de\",\"potentialAction\":[{\"@type\":\"ReadAction\",\"target\":[\"https:\\\/\\\/revolutionpadelstore.com\\\/de\\\/produkt\\\/nox-at10-genius-attack-12k-by-agustin-tapia-2025-1\\\/\"]}]},{\"@type\":\"ImageObject\",\"inLanguage\":\"de\",\"@id\":\"https:\\\/\\\/revolutionpadelstore.com\\\/de\\\/produkt\\\/nox-at10-genius-attack-12k-by-agustin-tapia-2025-1\\\/#primaryimage\",\"url\":\"https:\\\/\\\/revolutionpadelstore.com\\\/wp-content\\\/uploads\\\/2024\\\/10\\\/113541_pala_nox_at10_genius_attack_12k_by_agustin_tapia_pat10geniusat25_1500x15_2b18.webp\",\"contentUrl\":\"https:\\\/\\\/revolutionpadelstore.com\\\/wp-content\\\/uploads\\\/2024\\\/10\\\/113541_pala_nox_at10_genius_attack_12k_by_agustin_tapia_pat10geniusat25_1500x15_2b18.webp\",\"width\":1500,\"height\":1500},{\"@type\":\"BreadcrumbList\",\"@id\":\"https:\\\/\\\/revolutionpadelstore.com\\\/de\\\/produkt\\\/nox-at10-genius-attack-12k-by-agustin-tapia-2025-1\\\/#breadcrumb\",\"itemListElement\":[{\"@type\":\"ListItem\",\"position\":1,\"name\":\"Portada\",\"item\":\"https:\\\/\\\/revolutionpadelstore.com\\\/de\\\/\"},{\"@type\":\"ListItem\",\"position\":2,\"name\":\"Shop\",\"item\":\"https:\\\/\\\/revolutionpadelstore.com\\\/de\\\/tienda\\\/\"},{\"@type\":\"ListItem\",\"position\":3,\"name\":\"NOX AT10 GENIUS ATTACK 12K BY AGUSTIN TAPIA 2025\"}]},{\"@type\":\"WebSite\",\"@id\":\"https:\\\/\\\/revolutionpadelstore.com\\\/de\\\/#website\",\"url\":\"https:\\\/\\\/revolutionpadelstore.com\\\/de\\\/\",\"name\":\"Revolution Padel Store\",\"description\":\"\",\"publisher\":{\"@id\":\"https:\\\/\\\/revolutionpadelstore.com\\\/de\\\/#organization\"},\"potentialAction\":[{\"@type\":\"SearchAction\",\"target\":{\"@type\":\"EntryPoint\",\"urlTemplate\":\"https:\\\/\\\/revolutionpadelstore.com\\\/de\\\/?s={search_term_string}\"},\"query-input\":{\"@type\":\"PropertyValueSpecification\",\"valueRequired\":true,\"valueName\":\"search_term_string\"}}],\"inLanguage\":\"de\"},{\"@type\":\"Organization\",\"@id\":\"https:\\\/\\\/revolutionpadelstore.com\\\/de\\\/#organization\",\"name\":\"Revolution Padel Store\",\"url\":\"https:\\\/\\\/revolutionpadelstore.com\\\/de\\\/\",\"logo\":{\"@type\":\"ImageObject\",\"inLanguage\":\"de\",\"@id\":\"https:\\\/\\\/revolutionpadelstore.com\\\/de\\\/#\\\/schema\\\/logo\\\/image\\\/\",\"url\":\"https:\\\/\\\/revolutionpadelstore.com\\\/wp-content\\\/uploads\\\/2026\\\/02\\\/revolution-padel-store.jpg\",\"contentUrl\":\"https:\\\/\\\/revolutionpadelstore.com\\\/wp-content\\\/uploads\\\/2026\\\/02\\\/revolution-padel-store.jpg\",\"width\":2000,\"height\":2000,\"caption\":\"Revolution Padel Store\"},\"image\":{\"@id\":\"https:\\\/\\\/revolutionpadelstore.com\\\/de\\\/#\\\/schema\\\/logo\\\/image\\\/\"},\"sameAs\":[\"https:\\\/\\\/www.instagram.com\\\/revolutionpadelstore\\\/\"]}]}<\/script>\n<!-- \/ Yoast SEO plugin. -->","yoast_head_json":{"title":"NOX AT10 GENIUS ATTACK 12K BY AGUSTIN TAPIA 2025 - Revolution Padel Store","description":"La\u00a0Nox AT10 Genius Attack 12K By Agust\u00edn Tapia 2025\u00a0es una pala de p\u00e1del de alta gama dise\u00f1ada en colaboraci\u00f3n con el jugador profesional\u00a0Agust\u00edn Tapia. Esta pala forma parte de la colecci\u00f3n\u00a0Luxury Series 2025\u00a0de Nox, destacando por su dise\u00f1o exclusivo en negro con detalles en naranja y por incorporar las tecnolog\u00edas m\u00e1s avanzadas del mercado. Con un\u00a0formato diamante, est\u00e1 pensada para jugadores que buscan potencia y precisi\u00f3n en sus golpes","robots":{"index":"index","follow":"follow","max-snippet":"max-snippet:-1","max-image-preview":"max-image-preview:large","max-video-preview":"max-video-preview:-1"},"canonical":"https:\/\/revolutionpadelstore.com\/de\/produkt\/nox-at10-genius-attack-12k-by-agustin-tapia-2025-1\/","og_locale":"de_DE","og_type":"article","og_title":"NOX AT10 GENIUS ATTACK 12K BY AGUSTIN TAPIA 2025 - Revolution Padel Store","og_description":"La\u00a0Nox AT10 Genius Attack 12K By Agust\u00edn Tapia 2025\u00a0es una pala de p\u00e1del de alta gama dise\u00f1ada en colaboraci\u00f3n con el jugador profesional\u00a0Agust\u00edn Tapia. Esta pala forma parte de la colecci\u00f3n\u00a0Luxury Series 2025\u00a0de Nox, destacando por su dise\u00f1o exclusivo en negro con detalles en naranja y por incorporar las tecnolog\u00edas m\u00e1s avanzadas del mercado. Con un\u00a0formato diamante, est\u00e1 pensada para jugadores que buscan potencia y precisi\u00f3n en sus golpes","og_url":"https:\/\/revolutionpadelstore.com\/de\/produkt\/nox-at10-genius-attack-12k-by-agustin-tapia-2025-1\/","og_site_name":"Revolution Padel Store","article_modified_time":"2026-04-01T05:15:47+00:00","og_image":[{"width":1500,"height":1500,"url":"https:\/\/revolutionpadelstore.com\/wp-content\/uploads\/2024\/10\/113541_pala_nox_at10_genius_attack_12k_by_agustin_tapia_pat10geniusat25_1500x15_2b18.webp","type":"image\/webp"}],"twitter_card":"summary_large_image","twitter_misc":{"Gesch\u00e4tzte Lesezeit":"2\u00a0Minuten"},"schema":{"@context":"https:\/\/schema.org","@graph":[{"@type":"WebPage","@id":"https:\/\/revolutionpadelstore.com\/de\/produkt\/nox-at10-genius-attack-12k-by-agustin-tapia-2025-1\/","url":"https:\/\/revolutionpadelstore.com\/de\/produkt\/nox-at10-genius-attack-12k-by-agustin-tapia-2025-1\/","name":"NOX AT10 GENIUS ATTACK 12K BY AGUSTIN TAPIA 2025 - Revolution Padel Store","isPartOf":{"@id":"https:\/\/revolutionpadelstore.com\/de\/#website"},"primaryImageOfPage":{"@id":"https:\/\/revolutionpadelstore.com\/de\/produkt\/nox-at10-genius-attack-12k-by-agustin-tapia-2025-1\/#primaryimage"},"image":{"@id":"https:\/\/revolutionpadelstore.com\/de\/produkt\/nox-at10-genius-attack-12k-by-agustin-tapia-2025-1\/#primaryimage"},"thumbnailUrl":"https:\/\/revolutionpadelstore.com\/wp-content\/uploads\/2024\/10\/113541_pala_nox_at10_genius_attack_12k_by_agustin_tapia_pat10geniusat25_1500x15_2b18.webp","datePublished":"2024-09-25T20:28:19+00:00","dateModified":"2026-04-01T05:15:47+00:00","description":"La\u00a0Nox AT10 Genius Attack 12K By Agust\u00edn Tapia 2025\u00a0es una pala de p\u00e1del de alta gama dise\u00f1ada en colaboraci\u00f3n con el jugador profesional\u00a0Agust\u00edn Tapia. Esta pala forma parte de la colecci\u00f3n\u00a0Luxury Series 2025\u00a0de Nox, destacando por su dise\u00f1o exclusivo en negro con detalles en naranja y por incorporar las tecnolog\u00edas m\u00e1s avanzadas del mercado. Con un\u00a0formato diamante, est\u00e1 pensada para jugadores que buscan potencia y precisi\u00f3n en sus golpes","breadcrumb":{"@id":"https:\/\/revolutionpadelstore.com\/de\/produkt\/nox-at10-genius-attack-12k-by-agustin-tapia-2025-1\/#breadcrumb"},"inLanguage":"de","potentialAction":[{"@type":"ReadAction","target":["https:\/\/revolutionpadelstore.com\/de\/produkt\/nox-at10-genius-attack-12k-by-agustin-tapia-2025-1\/"]}]},{"@type":"ImageObject","inLanguage":"de","@id":"https:\/\/revolutionpadelstore.com\/de\/produkt\/nox-at10-genius-attack-12k-by-agustin-tapia-2025-1\/#primaryimage","url":"https:\/\/revolutionpadelstore.com\/wp-content\/uploads\/2024\/10\/113541_pala_nox_at10_genius_attack_12k_by_agustin_tapia_pat10geniusat25_1500x15_2b18.webp","contentUrl":"https:\/\/revolutionpadelstore.com\/wp-content\/uploads\/2024\/10\/113541_pala_nox_at10_genius_attack_12k_by_agustin_tapia_pat10geniusat25_1500x15_2b18.webp","width":1500,"height":1500},{"@type":"BreadcrumbList","@id":"https:\/\/revolutionpadelstore.com\/de\/produkt\/nox-at10-genius-attack-12k-by-agustin-tapia-2025-1\/#breadcrumb","itemListElement":[{"@type":"ListItem","position":1,"name":"Portada","item":"https:\/\/revolutionpadelstore.com\/de\/"},{"@type":"ListItem","position":2,"name":"Shop","item":"https:\/\/revolutionpadelstore.com\/de\/tienda\/"},{"@type":"ListItem","position":3,"name":"NOX AT10 GENIUS ATTACK 12K BY AGUSTIN TAPIA 2025"}]},{"@type":"WebSite","@id":"https:\/\/revolutionpadelstore.com\/de\/#website","url":"https:\/\/revolutionpadelstore.com\/de\/","name":"Revolution Padel Store","description":"","publisher":{"@id":"https:\/\/revolutionpadelstore.com\/de\/#organization"},"potentialAction":[{"@type":"SearchAction","target":{"@type":"EntryPoint","urlTemplate":"https:\/\/revolutionpadelstore.com\/de\/?s={search_term_string}"},"query-input":{"@type":"PropertyValueSpecification","valueRequired":true,"valueName":"search_term_string"}}],"inLanguage":"de"},{"@type":"Organization","@id":"https:\/\/revolutionpadelstore.com\/de\/#organization","name":"Revolution Padel Store","url":"https:\/\/revolutionpadelstore.com\/de\/","logo":{"@type":"ImageObject","inLanguage":"de","@id":"https:\/\/revolutionpadelstore.com\/de\/#\/schema\/logo\/image\/","url":"https:\/\/revolutionpadelstore.com\/wp-content\/uploads\/2026\/02\/revolution-padel-store.jpg","contentUrl":"https:\/\/revolutionpadelstore.com\/wp-content\/uploads\/2026\/02\/revolution-padel-store.jpg","width":2000,"height":2000,"caption":"Revolution Padel Store"},"image":{"@id":"https:\/\/revolutionpadelstore.com\/de\/#\/schema\/logo\/image\/"},"sameAs":["https:\/\/www.instagram.com\/revolutionpadelstore\/"]}]}},"_links":{"self":[{"href":"https:\/\/revolutionpadelstore.com\/de\/wp-json\/wp\/v2\/product\/72768","targetHints":{"allow":["GET"]}}],"collection":[{"href":"https:\/\/revolutionpadelstore.com\/de\/wp-json\/wp\/v2\/product"}],"about":[{"href":"https:\/\/revolutionpadelstore.com\/de\/wp-json\/wp\/v2\/types\/product"}],"replies":[{"embeddable":true,"href":"https:\/\/revolutionpadelstore.com\/de\/wp-json\/wp\/v2\/comments?post=72768"}],"wp:featuredmedia":[{"embeddable":true,"href":"https:\/\/revolutionpadelstore.com\/de\/wp-json\/wp\/v2\/media\/125335"}],"wp:attachment":[{"href":"https:\/\/revolutionpadelstore.com\/de\/wp-json\/wp\/v2\/media?parent=72768"}],"wp:term":[{"taxonomy":"acabado","embeddable":true,"href":"https:\/\/revolutionpadelstore.com\/de\/wp-json\/wp\/v2\/acabado?post=72768"},{"taxonomy":"balance","embeddable":true,"href":"https:\/\/revolutionpadelstore.com\/de\/wp-json\/wp\/v2\/balance?post=72768"},{"taxonomy":"dureza","embeddable":true,"href":"https:\/\/revolutionpadelstore.com\/de\/wp-json\/wp\/v2\/dureza?post=72768"},{"taxonomy":"forma","embeddable":true,"href":"https:\/\/revolutionpadelstore.com\/de\/wp-json\/wp\/v2\/forma?post=72768"},{"taxonomy":"jugador","embeddable":true,"href":"https:\/\/revolutionpadelstore.com\/de\/wp-json\/wp\/v2\/jugador?post=72768"},{"taxonomy":"marca","embeddable":true,"href":"https:\/\/revolutionpadelstore.com\/de\/wp-json\/wp\/v2\/marca?post=72768"},{"taxonomy":"nivel-de-juego","embeddable":true,"href":"https:\/\/revolutionpadelstore.com\/de\/wp-json\/wp\/v2\/nivel-de-juego?post=72768"},{"taxonomy":"superficie","embeddable":true,"href":"https:\/\/revolutionpadelstore.com\/de\/wp-json\/wp\/v2\/superficie?post=72768"},{"taxonomy":"tipo-de-juego","embeddable":true,"href":"https:\/\/revolutionpadelstore.com\/de\/wp-json\/wp\/v2\/tipo-de-juego?post=72768"},{"taxonomy":"product_brand","embeddable":true,"href":"https:\/\/revolutionpadelstore.com\/de\/wp-json\/wp\/v2\/product_brand?post=72768"},{"taxonomy":"product_cat","embeddable":true,"href":"https:\/\/revolutionpadelstore.com\/de\/wp-json\/wp\/v2\/product_cat?post=72768"},{"taxonomy":"product_tag","embeddable":true,"href":"https:\/\/revolutionpadelstore.com\/de\/wp-json\/wp\/v2\/product_tag?post=72768"}],"curies":[{"name":"wp","href":"https:\/\/api.w.org\/{rel}","templated":true}]}}