{"id":72758,"date":"2024-09-25T22:52:04","date_gmt":"2024-09-25T20:52:04","guid":{"rendered":"https:\/\/revolutionpadelstore.com\/nox-la10-quantum-12k-by-leo-augsburguer-2025\/"},"modified":"2026-04-01T07:14:48","modified_gmt":"2026-04-01T05:14:48","slug":"nox-la10-quantum-12k-by-leo-augsburguer-2025-1","status":"publish","type":"product","link":"https:\/\/revolutionpadelstore.com\/de\/produkt\/nox-la10-quantum-12k-by-leo-augsburguer-2025-1\/","title":{"rendered":"NOX LA10 QUANTUM 12K BY LEO AUGSBURGUER 2025"},"content":{"rendered":"<h2>Nox LA10 Quantum 12K von Leo Augsburguer 2025, maximale Leistung<\/h2>\n<p>Der Nox LA10 Quantum 12K Padelschl\u00e4ger, der in Zusammenarbeit mit dem Spieler Leo Augsburguer f\u00fcr die Saison 2025 entwickelt wurde, verf\u00fcgt \u00fcber eine neu gestaltete rautenf\u00f6rmige Form, die es Ihnen erm\u00f6glicht, bei jedem Schlag maximale Kraft zu erzielen.<\/p>\n<p>Sein Gewicht von <strong>360-375 Gramm<\/strong> erleichtert die Handhabung und bietet Komfort an langen Tagen, perfekt f\u00fcr anspruchsvolle Wettk\u00e4mpfe. Modernes und auff\u00e4lliges Design mit Farbe im Herzen, die mit der Farbe des Gummis synchronisiert ist.<\/p>\n<h2>LA10 Quantum 12K von Nox, f\u00fcr angreifende Spieler<\/h2>\n<p>Die neuesten Technologien und fortschrittlichen Technologien machen es zur idealen Option f\u00fcr <strong>fortgeschrittene oder professionelle Padelspieler<\/strong>, die einen soliden, stabilen und festen Schlag suchen.<\/p>\n<p>Es ist das ideale Modell f\u00fcr Angriffsspiele mit unglaublicher Kraft. Mit maximaler Aggressivit\u00e4t werden Sie am Netz t\u00f6dlich sein.<\/p>\n<h2>Funktionen und Technologien des Nox LA10 Quantum 12K<\/h2>\n<p style=\"padding-left: 40px\">-Hochdichter <em>HR3-Farb-EVA<\/em>-Kern mit guter Erholungsf\u00e4higkeit, gro\u00dfartiger Ballausgabe und Schlagkraft<\/p>\n<p style=\"padding-left: 40px\">-Carbonrahmen f\u00fcr unglaubliche Haltbarkeit<\/p>\n<p style=\"padding-left: 40px\">-12K Carbon Flats, die eine h\u00f6here Steifigkeit und ein geringeres Gewicht erreichen<\/p>\n<p style=\"padding-left: 40px\">-Oberfl\u00e4che mit exklusivem <em>SPIN 3D<\/em>-Muster und rauem Sand, der Effekte erm\u00f6glicht<\/p>\n<p style=\"padding-left: 40px\">-Mit <em>EOS Flap<\/em>-Technologie f\u00fcr mehr Halt und besseres Handling<\/p>\n<p style=\"padding-left: 40px\">-Mit <em>Custom Grip<\/em>, der zur Absorption von Vibrationen beitr\u00e4gt<\/p>\n<p style=\"padding-left: 40px\">-Austauschbares Smartstrap-Sicherheitsband<\/p>\n<p style=\"padding-left: 40px\">-Reaktive Farbe<em> Photochrome Farbe<\/em> im Herzen<\/p>\n<p style=\"padding-left: 40px\"><em>-Pulse System<\/em> f\u00fcr einen stabileren und komfortableren Schlag<\/p>\n<h3>Verbessern Sie Ihr Spiel mit dem Nox LA10 Quantum 12K von Leo Augsburguer<\/h3>\n<p>Mit dem <strong>Nox LA10 Quantum 12K By Leo Augsburguer<\/strong> k\u00f6nnen Sie in jedem Spielzug unaufhaltsame Geschwindigkeit genie\u00dfen und Ihre Gegner mit unglaublichen Effekten \u00fcberraschen.<\/p>\n<p><strong>Diamantklinge<\/strong> entwickelt, um fortgeschrittenen Spielern enorme Kraft bei Angriffsschl\u00e4gen zu verleihen.<\/p>\n<h2>Nox LA10 Quantum 12K By Leo Augsburguer 2025, m\u00e1xima potencia<\/h2>\n","protected":false},"excerpt":{"rendered":"<p>Diamantschl\u00e4ger f\u00fcr Offensivspieler, die eine gr\u00f6\u00dfere Aggressivit\u00e4t am Netz suchen. Nox LA1O Quantum 12K von Leo Augsburguer 2025, mit groben 12K-Carbon-Fl\u00e4chen.<\/p>\n","protected":false},"featured_media":125359,"comment_status":"open","ping_status":"closed","template":"","meta":{"_acf_changed":false,"_joinchat":[]},"acabado":[1089,1104],"balance":[1134],"dureza":[1159,1154],"forma":[1169],"jugador":[1189,1199],"marca":[1259],"nivel-de-juego":[1334,1344],"superficie":[1359],"tipo-de-juego":[],"product_brand":[],"product_cat":[299],"product_tag":[],"class_list":{"0":"post-72758","1":"product","2":"type-product","3":"status-publish","4":"has-post-thumbnail","6":"acabado-3d-entlasten","7":"acabado-rau","8":"balance-hoch","9":"dureza-dura-de","10":"dureza-media-de","11":"forma-diamante-de","12":"jugador-mann","13":"jugador-mehrzweck","14":"marca-nox-de","15":"superficie-rugosa-de","16":"product_cat-palas-de-padel-de","18":"first","19":"instock","20":"sale","21":"taxable","22":"shipping-taxable","23":"purchasable","24":"product-type-simple"},"acf":[],"yoast_head":"<!-- This site is optimized with the Yoast SEO plugin v27.3 - https:\/\/yoast.com\/product\/yoast-seo-wordpress\/ -->\n<title>NOX LA10 QUANTUM 12K BY LEO AUGSBURGUER 2025 - Revolution Padel Store<\/title>\n<meta name=\"description\" content=\"La\u00a0pala de p\u00e1del Nox LA10 Quantum 12K, dise\u00f1ada en colaboraci\u00f3n con el jugador\u00a0Leo Augsburguer\u00a0para la temporada 2025, presenta un molde redise\u00f1ado con\u00a0forma de diamante\u00a0que te permitir\u00e1 imprimir m\u00e1xima potencia en cada golpe.Su peso de\u00a0360-375 gramos\u00a0facilita su manejo y aporta confort durante largas jornadas, perfecto para competiciones exigentes. Dise\u00f1o moderno y llamativo fabricado con pintura en el coraz\u00f3n que se sincroniza con el color de la goma.\" \/>\n<meta name=\"robots\" content=\"index, follow, max-snippet:-1, max-image-preview:large, max-video-preview:-1\" \/>\n<link rel=\"canonical\" href=\"https:\/\/revolutionpadelstore.com\/de\/produkt\/nox-la10-quantum-12k-by-leo-augsburguer-2025-1\/\" \/>\n<meta property=\"og:locale\" content=\"de_DE\" \/>\n<meta property=\"og:type\" content=\"article\" \/>\n<meta property=\"og:title\" content=\"NOX LA10 QUANTUM 12K BY LEO AUGSBURGUER 2025 - Revolution Padel Store\" \/>\n<meta property=\"og:description\" content=\"La\u00a0pala de p\u00e1del Nox LA10 Quantum 12K, dise\u00f1ada en colaboraci\u00f3n con el jugador\u00a0Leo Augsburguer\u00a0para la temporada 2025, presenta un molde redise\u00f1ado con\u00a0forma de diamante\u00a0que te permitir\u00e1 imprimir m\u00e1xima potencia en cada golpe.Su peso de\u00a0360-375 gramos\u00a0facilita su manejo y aporta confort durante largas jornadas, perfecto para competiciones exigentes. Dise\u00f1o moderno y llamativo fabricado con pintura en el coraz\u00f3n que se sincroniza con el color de la goma.\" \/>\n<meta property=\"og:url\" content=\"https:\/\/revolutionpadelstore.com\/de\/produkt\/nox-la10-quantum-12k-by-leo-augsburguer-2025-1\/\" \/>\n<meta property=\"og:site_name\" content=\"Revolution Padel Store\" \/>\n<meta property=\"article:modified_time\" content=\"2026-04-01T05:14:48+00:00\" \/>\n<meta property=\"og:image\" content=\"https:\/\/revolutionpadelstore.com\/wp-content\/uploads\/2024\/10\/113547_pala_nox_la10_quantum_12k_by_leo_augsburguer_pla10luxq25_1500x1500_1_2ccd.webp\" \/>\n\t<meta property=\"og:image:width\" content=\"1500\" \/>\n\t<meta property=\"og:image:height\" content=\"1500\" \/>\n\t<meta property=\"og:image:type\" content=\"image\/webp\" \/>\n<meta name=\"twitter:card\" content=\"summary_large_image\" \/>\n<meta name=\"twitter:label1\" content=\"Gesch\u00e4tzte Lesezeit\" \/>\n\t<meta name=\"twitter:data1\" content=\"2\u00a0Minuten\" \/>\n<script type=\"application\/ld+json\" class=\"yoast-schema-graph\">{\"@context\":\"https:\\\/\\\/schema.org\",\"@graph\":[{\"@type\":\"WebPage\",\"@id\":\"https:\\\/\\\/revolutionpadelstore.com\\\/de\\\/produkt\\\/nox-la10-quantum-12k-by-leo-augsburguer-2025-1\\\/\",\"url\":\"https:\\\/\\\/revolutionpadelstore.com\\\/de\\\/produkt\\\/nox-la10-quantum-12k-by-leo-augsburguer-2025-1\\\/\",\"name\":\"NOX LA10 QUANTUM 12K BY LEO AUGSBURGUER 2025 - Revolution Padel Store\",\"isPartOf\":{\"@id\":\"https:\\\/\\\/revolutionpadelstore.com\\\/de\\\/#website\"},\"primaryImageOfPage\":{\"@id\":\"https:\\\/\\\/revolutionpadelstore.com\\\/de\\\/produkt\\\/nox-la10-quantum-12k-by-leo-augsburguer-2025-1\\\/#primaryimage\"},\"image\":{\"@id\":\"https:\\\/\\\/revolutionpadelstore.com\\\/de\\\/produkt\\\/nox-la10-quantum-12k-by-leo-augsburguer-2025-1\\\/#primaryimage\"},\"thumbnailUrl\":\"https:\\\/\\\/revolutionpadelstore.com\\\/wp-content\\\/uploads\\\/2024\\\/10\\\/113547_pala_nox_la10_quantum_12k_by_leo_augsburguer_pla10luxq25_1500x1500_1_2ccd.webp\",\"datePublished\":\"2024-09-25T20:52:04+00:00\",\"dateModified\":\"2026-04-01T05:14:48+00:00\",\"description\":\"La\u00a0pala de p\u00e1del Nox LA10 Quantum 12K, dise\u00f1ada en colaboraci\u00f3n con el jugador\u00a0Leo Augsburguer\u00a0para la temporada 2025, presenta un molde redise\u00f1ado con\u00a0forma de diamante\u00a0que te permitir\u00e1 imprimir m\u00e1xima potencia en cada golpe.Su peso de\u00a0360-375 gramos\u00a0facilita su manejo y aporta confort durante largas jornadas, perfecto para competiciones exigentes. Dise\u00f1o moderno y llamativo fabricado con pintura en el coraz\u00f3n que se sincroniza con el color de la goma.\",\"breadcrumb\":{\"@id\":\"https:\\\/\\\/revolutionpadelstore.com\\\/de\\\/produkt\\\/nox-la10-quantum-12k-by-leo-augsburguer-2025-1\\\/#breadcrumb\"},\"inLanguage\":\"de\",\"potentialAction\":[{\"@type\":\"ReadAction\",\"target\":[\"https:\\\/\\\/revolutionpadelstore.com\\\/de\\\/produkt\\\/nox-la10-quantum-12k-by-leo-augsburguer-2025-1\\\/\"]}]},{\"@type\":\"ImageObject\",\"inLanguage\":\"de\",\"@id\":\"https:\\\/\\\/revolutionpadelstore.com\\\/de\\\/produkt\\\/nox-la10-quantum-12k-by-leo-augsburguer-2025-1\\\/#primaryimage\",\"url\":\"https:\\\/\\\/revolutionpadelstore.com\\\/wp-content\\\/uploads\\\/2024\\\/10\\\/113547_pala_nox_la10_quantum_12k_by_leo_augsburguer_pla10luxq25_1500x1500_1_2ccd.webp\",\"contentUrl\":\"https:\\\/\\\/revolutionpadelstore.com\\\/wp-content\\\/uploads\\\/2024\\\/10\\\/113547_pala_nox_la10_quantum_12k_by_leo_augsburguer_pla10luxq25_1500x1500_1_2ccd.webp\",\"width\":1500,\"height\":1500},{\"@type\":\"BreadcrumbList\",\"@id\":\"https:\\\/\\\/revolutionpadelstore.com\\\/de\\\/produkt\\\/nox-la10-quantum-12k-by-leo-augsburguer-2025-1\\\/#breadcrumb\",\"itemListElement\":[{\"@type\":\"ListItem\",\"position\":1,\"name\":\"Portada\",\"item\":\"https:\\\/\\\/revolutionpadelstore.com\\\/de\\\/\"},{\"@type\":\"ListItem\",\"position\":2,\"name\":\"Shop\",\"item\":\"https:\\\/\\\/revolutionpadelstore.com\\\/de\\\/tienda\\\/\"},{\"@type\":\"ListItem\",\"position\":3,\"name\":\"NOX LA10 QUANTUM 12K BY LEO AUGSBURGUER 2025\"}]},{\"@type\":\"WebSite\",\"@id\":\"https:\\\/\\\/revolutionpadelstore.com\\\/de\\\/#website\",\"url\":\"https:\\\/\\\/revolutionpadelstore.com\\\/de\\\/\",\"name\":\"Revolution Padel Store\",\"description\":\"\",\"publisher\":{\"@id\":\"https:\\\/\\\/revolutionpadelstore.com\\\/de\\\/#organization\"},\"potentialAction\":[{\"@type\":\"SearchAction\",\"target\":{\"@type\":\"EntryPoint\",\"urlTemplate\":\"https:\\\/\\\/revolutionpadelstore.com\\\/de\\\/?s={search_term_string}\"},\"query-input\":{\"@type\":\"PropertyValueSpecification\",\"valueRequired\":true,\"valueName\":\"search_term_string\"}}],\"inLanguage\":\"de\"},{\"@type\":\"Organization\",\"@id\":\"https:\\\/\\\/revolutionpadelstore.com\\\/de\\\/#organization\",\"name\":\"Revolution Padel Store\",\"url\":\"https:\\\/\\\/revolutionpadelstore.com\\\/de\\\/\",\"logo\":{\"@type\":\"ImageObject\",\"inLanguage\":\"de\",\"@id\":\"https:\\\/\\\/revolutionpadelstore.com\\\/de\\\/#\\\/schema\\\/logo\\\/image\\\/\",\"url\":\"https:\\\/\\\/revolutionpadelstore.com\\\/wp-content\\\/uploads\\\/2026\\\/02\\\/revolution-padel-store.jpg\",\"contentUrl\":\"https:\\\/\\\/revolutionpadelstore.com\\\/wp-content\\\/uploads\\\/2026\\\/02\\\/revolution-padel-store.jpg\",\"width\":2000,\"height\":2000,\"caption\":\"Revolution Padel Store\"},\"image\":{\"@id\":\"https:\\\/\\\/revolutionpadelstore.com\\\/de\\\/#\\\/schema\\\/logo\\\/image\\\/\"},\"sameAs\":[\"https:\\\/\\\/www.instagram.com\\\/revolutionpadelstore\\\/\"]}]}<\/script>\n<!-- \/ Yoast SEO plugin. -->","yoast_head_json":{"title":"NOX LA10 QUANTUM 12K BY LEO AUGSBURGUER 2025 - Revolution Padel Store","description":"La\u00a0pala de p\u00e1del Nox LA10 Quantum 12K, dise\u00f1ada en colaboraci\u00f3n con el jugador\u00a0Leo Augsburguer\u00a0para la temporada 2025, presenta un molde redise\u00f1ado con\u00a0forma de diamante\u00a0que te permitir\u00e1 imprimir m\u00e1xima potencia en cada golpe.Su peso de\u00a0360-375 gramos\u00a0facilita su manejo y aporta confort durante largas jornadas, perfecto para competiciones exigentes. Dise\u00f1o moderno y llamativo fabricado con pintura en el coraz\u00f3n que se sincroniza con el color de la goma.","robots":{"index":"index","follow":"follow","max-snippet":"max-snippet:-1","max-image-preview":"max-image-preview:large","max-video-preview":"max-video-preview:-1"},"canonical":"https:\/\/revolutionpadelstore.com\/de\/produkt\/nox-la10-quantum-12k-by-leo-augsburguer-2025-1\/","og_locale":"de_DE","og_type":"article","og_title":"NOX LA10 QUANTUM 12K BY LEO AUGSBURGUER 2025 - Revolution Padel Store","og_description":"La\u00a0pala de p\u00e1del Nox LA10 Quantum 12K, dise\u00f1ada en colaboraci\u00f3n con el jugador\u00a0Leo Augsburguer\u00a0para la temporada 2025, presenta un molde redise\u00f1ado con\u00a0forma de diamante\u00a0que te permitir\u00e1 imprimir m\u00e1xima potencia en cada golpe.Su peso de\u00a0360-375 gramos\u00a0facilita su manejo y aporta confort durante largas jornadas, perfecto para competiciones exigentes. Dise\u00f1o moderno y llamativo fabricado con pintura en el coraz\u00f3n que se sincroniza con el color de la goma.","og_url":"https:\/\/revolutionpadelstore.com\/de\/produkt\/nox-la10-quantum-12k-by-leo-augsburguer-2025-1\/","og_site_name":"Revolution Padel Store","article_modified_time":"2026-04-01T05:14:48+00:00","og_image":[{"width":1500,"height":1500,"url":"https:\/\/revolutionpadelstore.com\/wp-content\/uploads\/2024\/10\/113547_pala_nox_la10_quantum_12k_by_leo_augsburguer_pla10luxq25_1500x1500_1_2ccd.webp","type":"image\/webp"}],"twitter_card":"summary_large_image","twitter_misc":{"Gesch\u00e4tzte Lesezeit":"2\u00a0Minuten"},"schema":{"@context":"https:\/\/schema.org","@graph":[{"@type":"WebPage","@id":"https:\/\/revolutionpadelstore.com\/de\/produkt\/nox-la10-quantum-12k-by-leo-augsburguer-2025-1\/","url":"https:\/\/revolutionpadelstore.com\/de\/produkt\/nox-la10-quantum-12k-by-leo-augsburguer-2025-1\/","name":"NOX LA10 QUANTUM 12K BY LEO AUGSBURGUER 2025 - Revolution Padel Store","isPartOf":{"@id":"https:\/\/revolutionpadelstore.com\/de\/#website"},"primaryImageOfPage":{"@id":"https:\/\/revolutionpadelstore.com\/de\/produkt\/nox-la10-quantum-12k-by-leo-augsburguer-2025-1\/#primaryimage"},"image":{"@id":"https:\/\/revolutionpadelstore.com\/de\/produkt\/nox-la10-quantum-12k-by-leo-augsburguer-2025-1\/#primaryimage"},"thumbnailUrl":"https:\/\/revolutionpadelstore.com\/wp-content\/uploads\/2024\/10\/113547_pala_nox_la10_quantum_12k_by_leo_augsburguer_pla10luxq25_1500x1500_1_2ccd.webp","datePublished":"2024-09-25T20:52:04+00:00","dateModified":"2026-04-01T05:14:48+00:00","description":"La\u00a0pala de p\u00e1del Nox LA10 Quantum 12K, dise\u00f1ada en colaboraci\u00f3n con el jugador\u00a0Leo Augsburguer\u00a0para la temporada 2025, presenta un molde redise\u00f1ado con\u00a0forma de diamante\u00a0que te permitir\u00e1 imprimir m\u00e1xima potencia en cada golpe.Su peso de\u00a0360-375 gramos\u00a0facilita su manejo y aporta confort durante largas jornadas, perfecto para competiciones exigentes. Dise\u00f1o moderno y llamativo fabricado con pintura en el coraz\u00f3n que se sincroniza con el color de la goma.","breadcrumb":{"@id":"https:\/\/revolutionpadelstore.com\/de\/produkt\/nox-la10-quantum-12k-by-leo-augsburguer-2025-1\/#breadcrumb"},"inLanguage":"de","potentialAction":[{"@type":"ReadAction","target":["https:\/\/revolutionpadelstore.com\/de\/produkt\/nox-la10-quantum-12k-by-leo-augsburguer-2025-1\/"]}]},{"@type":"ImageObject","inLanguage":"de","@id":"https:\/\/revolutionpadelstore.com\/de\/produkt\/nox-la10-quantum-12k-by-leo-augsburguer-2025-1\/#primaryimage","url":"https:\/\/revolutionpadelstore.com\/wp-content\/uploads\/2024\/10\/113547_pala_nox_la10_quantum_12k_by_leo_augsburguer_pla10luxq25_1500x1500_1_2ccd.webp","contentUrl":"https:\/\/revolutionpadelstore.com\/wp-content\/uploads\/2024\/10\/113547_pala_nox_la10_quantum_12k_by_leo_augsburguer_pla10luxq25_1500x1500_1_2ccd.webp","width":1500,"height":1500},{"@type":"BreadcrumbList","@id":"https:\/\/revolutionpadelstore.com\/de\/produkt\/nox-la10-quantum-12k-by-leo-augsburguer-2025-1\/#breadcrumb","itemListElement":[{"@type":"ListItem","position":1,"name":"Portada","item":"https:\/\/revolutionpadelstore.com\/de\/"},{"@type":"ListItem","position":2,"name":"Shop","item":"https:\/\/revolutionpadelstore.com\/de\/tienda\/"},{"@type":"ListItem","position":3,"name":"NOX LA10 QUANTUM 12K BY LEO AUGSBURGUER 2025"}]},{"@type":"WebSite","@id":"https:\/\/revolutionpadelstore.com\/de\/#website","url":"https:\/\/revolutionpadelstore.com\/de\/","name":"Revolution Padel Store","description":"","publisher":{"@id":"https:\/\/revolutionpadelstore.com\/de\/#organization"},"potentialAction":[{"@type":"SearchAction","target":{"@type":"EntryPoint","urlTemplate":"https:\/\/revolutionpadelstore.com\/de\/?s={search_term_string}"},"query-input":{"@type":"PropertyValueSpecification","valueRequired":true,"valueName":"search_term_string"}}],"inLanguage":"de"},{"@type":"Organization","@id":"https:\/\/revolutionpadelstore.com\/de\/#organization","name":"Revolution Padel Store","url":"https:\/\/revolutionpadelstore.com\/de\/","logo":{"@type":"ImageObject","inLanguage":"de","@id":"https:\/\/revolutionpadelstore.com\/de\/#\/schema\/logo\/image\/","url":"https:\/\/revolutionpadelstore.com\/wp-content\/uploads\/2026\/02\/revolution-padel-store.jpg","contentUrl":"https:\/\/revolutionpadelstore.com\/wp-content\/uploads\/2026\/02\/revolution-padel-store.jpg","width":2000,"height":2000,"caption":"Revolution Padel Store"},"image":{"@id":"https:\/\/revolutionpadelstore.com\/de\/#\/schema\/logo\/image\/"},"sameAs":["https:\/\/www.instagram.com\/revolutionpadelstore\/"]}]}},"_links":{"self":[{"href":"https:\/\/revolutionpadelstore.com\/de\/wp-json\/wp\/v2\/product\/72758","targetHints":{"allow":["GET"]}}],"collection":[{"href":"https:\/\/revolutionpadelstore.com\/de\/wp-json\/wp\/v2\/product"}],"about":[{"href":"https:\/\/revolutionpadelstore.com\/de\/wp-json\/wp\/v2\/types\/product"}],"replies":[{"embeddable":true,"href":"https:\/\/revolutionpadelstore.com\/de\/wp-json\/wp\/v2\/comments?post=72758"}],"wp:featuredmedia":[{"embeddable":true,"href":"https:\/\/revolutionpadelstore.com\/de\/wp-json\/wp\/v2\/media\/125359"}],"wp:attachment":[{"href":"https:\/\/revolutionpadelstore.com\/de\/wp-json\/wp\/v2\/media?parent=72758"}],"wp:term":[{"taxonomy":"acabado","embeddable":true,"href":"https:\/\/revolutionpadelstore.com\/de\/wp-json\/wp\/v2\/acabado?post=72758"},{"taxonomy":"balance","embeddable":true,"href":"https:\/\/revolutionpadelstore.com\/de\/wp-json\/wp\/v2\/balance?post=72758"},{"taxonomy":"dureza","embeddable":true,"href":"https:\/\/revolutionpadelstore.com\/de\/wp-json\/wp\/v2\/dureza?post=72758"},{"taxonomy":"forma","embeddable":true,"href":"https:\/\/revolutionpadelstore.com\/de\/wp-json\/wp\/v2\/forma?post=72758"},{"taxonomy":"jugador","embeddable":true,"href":"https:\/\/revolutionpadelstore.com\/de\/wp-json\/wp\/v2\/jugador?post=72758"},{"taxonomy":"marca","embeddable":true,"href":"https:\/\/revolutionpadelstore.com\/de\/wp-json\/wp\/v2\/marca?post=72758"},{"taxonomy":"nivel-de-juego","embeddable":true,"href":"https:\/\/revolutionpadelstore.com\/de\/wp-json\/wp\/v2\/nivel-de-juego?post=72758"},{"taxonomy":"superficie","embeddable":true,"href":"https:\/\/revolutionpadelstore.com\/de\/wp-json\/wp\/v2\/superficie?post=72758"},{"taxonomy":"tipo-de-juego","embeddable":true,"href":"https:\/\/revolutionpadelstore.com\/de\/wp-json\/wp\/v2\/tipo-de-juego?post=72758"},{"taxonomy":"product_brand","embeddable":true,"href":"https:\/\/revolutionpadelstore.com\/de\/wp-json\/wp\/v2\/product_brand?post=72758"},{"taxonomy":"product_cat","embeddable":true,"href":"https:\/\/revolutionpadelstore.com\/de\/wp-json\/wp\/v2\/product_cat?post=72758"},{"taxonomy":"product_tag","embeddable":true,"href":"https:\/\/revolutionpadelstore.com\/de\/wp-json\/wp\/v2\/product_tag?post=72758"}],"curies":[{"name":"wp","href":"https:\/\/api.w.org\/{rel}","templated":true}]}}