{"id":72753,"date":"2024-09-25T22:58:23","date_gmt":"2024-09-25T20:58:23","guid":{"rendered":"https:\/\/revolutionpadelstore.com\/nox-tl10-quantum-12k-by-tino-libaak-2025\/"},"modified":"2026-04-01T07:14:22","modified_gmt":"2026-04-01T05:14:22","slug":"nox-tl10-quantum-12k-by-tino-libaak-2025-1","status":"publish","type":"product","link":"https:\/\/revolutionpadelstore.com\/de\/produkt\/nox-tl10-quantum-12k-by-tino-libaak-2025-1\/","title":{"rendered":"NOX TL10 QUANTUM 12K BY TINO LIBAAK 2025"},"content":{"rendered":"<h2>Nox TL10 Quantum 12K von Tino Libaak 2025, ideale Vielseitigkeit<\/h2>\n<p>Der Nox TL 10 Quantum 12K ist ein Padelschl\u00e4ger, der in Zusammenarbeit mit dem Spieler Tino Libaak f\u00fcr die neue Saison 2025 entwickelt wurde. Er wurde in Tropfenform hergestellt, um eine unglaubliche Vielseitigkeit bei jedem Padel-Match oder Training zu bieten.<\/p>\n<p>Es handelt sich um ein Modell, das einfach zu handhaben und dank seines Gewichts von 3<strong>60-375 Gramm<\/strong> sehr komfortabel ist. Seine schwarze \u00c4sthetik mit blauen Details zeichnet sich durch seine markante, moderne und harmonische Wirkung aus.<\/p>\n<h2>TL10 Quantum 12K von Nox, f\u00fcr fortgeschrittene Spieler<\/h2>\n<p>Dieser <strong>Nox-Padelschl\u00e4ger f\u00fcr Herren<\/strong> wurde speziell entwickelt, um ein beispielloses Ma\u00df an Vielseitigkeit und Leistung zu erreichen, das fortgeschrittenen oder professionellen Padelspielern hilft, sich effektiv an jede Situation auf dem Spielfeld anzupassen .<\/p>\n<p>Dieses Modell sorgt f\u00fcr ein mittleres Spielgef\u00fchl, Komfort und schnelles Spiel, sodass Sie ein t\u00f6dlicher Spieler auf dem Platz sind.<\/p>\n<h2>Funktionen und Technologien des Nox TL10 Quantum 12K<\/h2>\n<p style=\"padding-left: 40px\">-Flats aus <strong>12K Carbon<\/strong> f\u00fcr mehr Haltbarkeit und Widerstandsf\u00e4higkeit<\/p>\n<p style=\"padding-left: 40px\">-Hochdichter Gummikern <em>HR3 Color EVA<\/em>, der f\u00fcr Kraft und gute Ballausgabe sorgt<\/p>\n<p style=\"padding-left: 40px\"><em>-Carbon-Rahmen<\/em> f\u00fcr besseren Schutz vor St\u00f6\u00dfen und Br\u00fcchen<\/p>\n<p style=\"padding-left: 40px\">&#8211; Schlagfl\u00e4chen mit <em>Exclusive Spin<\/em>-Technologie, mit doppelt rauer Oberfl\u00e4che, um dem Ball mehr Spin zu verleihen<\/p>\n<p style=\"padding-left: 40px\"><em>-Custom Grip<\/em> und <em>Pulse System<\/em> f\u00fcr einen festeren Halt und effektive Vibrationsreduzierung<\/p>\n<p style=\"padding-left: 40px\">-Mit <em>EOS Flap<\/em>-Technologie f\u00fcr mehr Halt und besseres Handling<\/p>\n<p style=\"padding-left: 40px\">-Smartstrap, austauschbare Sicherheitsschnur nach Ihren Bed\u00fcrfnissen<\/p>\n<p style=\"padding-left: 40px\">-Kern mit reaktiver Farbe <em>Photochromic Paint<\/em>, die sich mit der Farbe des Gummis synchronisiert<\/p>\n<h3>Einzigartiges Erlebnis mit dem Nox TL10 Quantum 12K von Tino Libaak<\/h3>\n<p>Der Schl\u00e4ger Nox TL10 Quantum 12K von Tino Libaak wird Ihr perfekter Verb\u00fcndeter in jedem Spiel sein, da er Ihnen ausgewogene Kraft und Kontrolle bietet.<\/p>\n<h2>Nox TL10 Quantum 12K By Tino Libaak 2025,\u00a0polivalencia ideal<\/h2>\n","protected":false},"excerpt":{"rendered":"<p>Nox TL10 Quantum 12K Teardrop-Schl\u00e4ger von Tino Libaak, mit 12K-Carbonfl\u00e4chen mit rauer Oberfl\u00e4che f\u00fcr mehr Widerstand und einfacheres Schlagen mit Spin.<\/p>\n","protected":false},"featured_media":125371,"comment_status":"open","ping_status":"closed","template":"","meta":{"_acf_changed":false,"_joinchat":[]},"acabado":[1104],"balance":[1139],"dureza":[1154],"forma":[1184],"jugador":[1189,1199],"marca":[1259],"nivel-de-juego":[1334,1344],"superficie":[1359],"tipo-de-juego":[],"product_brand":[],"product_cat":[299],"product_tag":[],"class_list":{"0":"post-72753","1":"product","2":"type-product","3":"status-publish","4":"has-post-thumbnail","6":"acabado-rau","7":"balance-mittel","8":"dureza-media-de","9":"forma-lagrima-de","10":"jugador-mann","11":"jugador-mehrzweck","12":"marca-nox-de","13":"superficie-rugosa-de","14":"product_cat-palas-de-padel-de","16":"first","17":"instock","18":"sale","19":"taxable","20":"shipping-taxable","21":"purchasable","22":"product-type-simple"},"acf":[],"yoast_head":"<!-- This site is optimized with the Yoast SEO plugin v27.3 - https:\/\/yoast.com\/product\/yoast-seo-wordpress\/ -->\n<title>NOX TL10 QUANTUM 12K BY TINO LIBAAK 2025 - Revolution Padel Store<\/title>\n<meta name=\"description\" content=\"Esta\u00a0pala de p\u00e1del Nox para hombre\u00a0se ha dise\u00f1ado espec\u00edficamente para conseguir un nivel de versatilidad y potencia sin igual, lo que ayudar\u00e1 a los\u00a0jugadores de p\u00e1del de nivel avanzado o profesional\u00a0a adaptarse con eficacia a cualquier situaci\u00f3n en el terreno de juego.Este modelo asegura un tacto intermedio, comodidad y juego r\u00e1pido, para que seas un jugador letal en la pista.\" \/>\n<meta name=\"robots\" content=\"index, follow, max-snippet:-1, max-image-preview:large, max-video-preview:-1\" \/>\n<link rel=\"canonical\" href=\"https:\/\/revolutionpadelstore.com\/de\/produkt\/nox-tl10-quantum-12k-by-tino-libaak-2025-1\/\" \/>\n<meta property=\"og:locale\" content=\"de_DE\" \/>\n<meta property=\"og:type\" content=\"article\" \/>\n<meta property=\"og:title\" content=\"NOX TL10 QUANTUM 12K BY TINO LIBAAK 2025 - Revolution Padel Store\" \/>\n<meta property=\"og:description\" content=\"Esta\u00a0pala de p\u00e1del Nox para hombre\u00a0se ha dise\u00f1ado espec\u00edficamente para conseguir un nivel de versatilidad y potencia sin igual, lo que ayudar\u00e1 a los\u00a0jugadores de p\u00e1del de nivel avanzado o profesional\u00a0a adaptarse con eficacia a cualquier situaci\u00f3n en el terreno de juego.Este modelo asegura un tacto intermedio, comodidad y juego r\u00e1pido, para que seas un jugador letal en la pista.\" \/>\n<meta property=\"og:url\" content=\"https:\/\/revolutionpadelstore.com\/de\/produkt\/nox-tl10-quantum-12k-by-tino-libaak-2025-1\/\" \/>\n<meta property=\"og:site_name\" content=\"Revolution Padel Store\" \/>\n<meta property=\"article:modified_time\" content=\"2026-04-01T05:14:22+00:00\" \/>\n<meta property=\"og:image\" content=\"https:\/\/revolutionpadelstore.com\/wp-content\/uploads\/2024\/10\/113549_pala_nox_tl10_quantum_12k_by_tino_libaak_ptl10luxq25_1500x1500_1_3434.webp\" \/>\n\t<meta property=\"og:image:width\" content=\"1500\" \/>\n\t<meta property=\"og:image:height\" content=\"1500\" \/>\n\t<meta property=\"og:image:type\" content=\"image\/webp\" \/>\n<meta name=\"twitter:card\" content=\"summary_large_image\" \/>\n<meta name=\"twitter:label1\" content=\"Gesch\u00e4tzte Lesezeit\" \/>\n\t<meta name=\"twitter:data1\" content=\"2\u00a0Minuten\" \/>\n<script type=\"application\/ld+json\" class=\"yoast-schema-graph\">{\"@context\":\"https:\\\/\\\/schema.org\",\"@graph\":[{\"@type\":\"WebPage\",\"@id\":\"https:\\\/\\\/revolutionpadelstore.com\\\/de\\\/produkt\\\/nox-tl10-quantum-12k-by-tino-libaak-2025-1\\\/\",\"url\":\"https:\\\/\\\/revolutionpadelstore.com\\\/de\\\/produkt\\\/nox-tl10-quantum-12k-by-tino-libaak-2025-1\\\/\",\"name\":\"NOX TL10 QUANTUM 12K BY TINO LIBAAK 2025 - Revolution Padel Store\",\"isPartOf\":{\"@id\":\"https:\\\/\\\/revolutionpadelstore.com\\\/de\\\/#website\"},\"primaryImageOfPage\":{\"@id\":\"https:\\\/\\\/revolutionpadelstore.com\\\/de\\\/produkt\\\/nox-tl10-quantum-12k-by-tino-libaak-2025-1\\\/#primaryimage\"},\"image\":{\"@id\":\"https:\\\/\\\/revolutionpadelstore.com\\\/de\\\/produkt\\\/nox-tl10-quantum-12k-by-tino-libaak-2025-1\\\/#primaryimage\"},\"thumbnailUrl\":\"https:\\\/\\\/revolutionpadelstore.com\\\/wp-content\\\/uploads\\\/2024\\\/10\\\/113549_pala_nox_tl10_quantum_12k_by_tino_libaak_ptl10luxq25_1500x1500_1_3434.webp\",\"datePublished\":\"2024-09-25T20:58:23+00:00\",\"dateModified\":\"2026-04-01T05:14:22+00:00\",\"description\":\"Esta\u00a0pala de p\u00e1del Nox para hombre\u00a0se ha dise\u00f1ado espec\u00edficamente para conseguir un nivel de versatilidad y potencia sin igual, lo que ayudar\u00e1 a los\u00a0jugadores de p\u00e1del de nivel avanzado o profesional\u00a0a adaptarse con eficacia a cualquier situaci\u00f3n en el terreno de juego.Este modelo asegura un tacto intermedio, comodidad y juego r\u00e1pido, para que seas un jugador letal en la pista.\",\"breadcrumb\":{\"@id\":\"https:\\\/\\\/revolutionpadelstore.com\\\/de\\\/produkt\\\/nox-tl10-quantum-12k-by-tino-libaak-2025-1\\\/#breadcrumb\"},\"inLanguage\":\"de\",\"potentialAction\":[{\"@type\":\"ReadAction\",\"target\":[\"https:\\\/\\\/revolutionpadelstore.com\\\/de\\\/produkt\\\/nox-tl10-quantum-12k-by-tino-libaak-2025-1\\\/\"]}]},{\"@type\":\"ImageObject\",\"inLanguage\":\"de\",\"@id\":\"https:\\\/\\\/revolutionpadelstore.com\\\/de\\\/produkt\\\/nox-tl10-quantum-12k-by-tino-libaak-2025-1\\\/#primaryimage\",\"url\":\"https:\\\/\\\/revolutionpadelstore.com\\\/wp-content\\\/uploads\\\/2024\\\/10\\\/113549_pala_nox_tl10_quantum_12k_by_tino_libaak_ptl10luxq25_1500x1500_1_3434.webp\",\"contentUrl\":\"https:\\\/\\\/revolutionpadelstore.com\\\/wp-content\\\/uploads\\\/2024\\\/10\\\/113549_pala_nox_tl10_quantum_12k_by_tino_libaak_ptl10luxq25_1500x1500_1_3434.webp\",\"width\":1500,\"height\":1500},{\"@type\":\"BreadcrumbList\",\"@id\":\"https:\\\/\\\/revolutionpadelstore.com\\\/de\\\/produkt\\\/nox-tl10-quantum-12k-by-tino-libaak-2025-1\\\/#breadcrumb\",\"itemListElement\":[{\"@type\":\"ListItem\",\"position\":1,\"name\":\"Portada\",\"item\":\"https:\\\/\\\/revolutionpadelstore.com\\\/de\\\/\"},{\"@type\":\"ListItem\",\"position\":2,\"name\":\"Shop\",\"item\":\"https:\\\/\\\/revolutionpadelstore.com\\\/de\\\/tienda\\\/\"},{\"@type\":\"ListItem\",\"position\":3,\"name\":\"NOX TL10 QUANTUM 12K BY TINO LIBAAK 2025\"}]},{\"@type\":\"WebSite\",\"@id\":\"https:\\\/\\\/revolutionpadelstore.com\\\/de\\\/#website\",\"url\":\"https:\\\/\\\/revolutionpadelstore.com\\\/de\\\/\",\"name\":\"Revolution Padel Store\",\"description\":\"\",\"publisher\":{\"@id\":\"https:\\\/\\\/revolutionpadelstore.com\\\/de\\\/#organization\"},\"potentialAction\":[{\"@type\":\"SearchAction\",\"target\":{\"@type\":\"EntryPoint\",\"urlTemplate\":\"https:\\\/\\\/revolutionpadelstore.com\\\/de\\\/?s={search_term_string}\"},\"query-input\":{\"@type\":\"PropertyValueSpecification\",\"valueRequired\":true,\"valueName\":\"search_term_string\"}}],\"inLanguage\":\"de\"},{\"@type\":\"Organization\",\"@id\":\"https:\\\/\\\/revolutionpadelstore.com\\\/de\\\/#organization\",\"name\":\"Revolution Padel Store\",\"url\":\"https:\\\/\\\/revolutionpadelstore.com\\\/de\\\/\",\"logo\":{\"@type\":\"ImageObject\",\"inLanguage\":\"de\",\"@id\":\"https:\\\/\\\/revolutionpadelstore.com\\\/de\\\/#\\\/schema\\\/logo\\\/image\\\/\",\"url\":\"https:\\\/\\\/revolutionpadelstore.com\\\/wp-content\\\/uploads\\\/2026\\\/02\\\/revolution-padel-store.jpg\",\"contentUrl\":\"https:\\\/\\\/revolutionpadelstore.com\\\/wp-content\\\/uploads\\\/2026\\\/02\\\/revolution-padel-store.jpg\",\"width\":2000,\"height\":2000,\"caption\":\"Revolution Padel Store\"},\"image\":{\"@id\":\"https:\\\/\\\/revolutionpadelstore.com\\\/de\\\/#\\\/schema\\\/logo\\\/image\\\/\"},\"sameAs\":[\"https:\\\/\\\/www.instagram.com\\\/revolutionpadelstore\\\/\"]}]}<\/script>\n<!-- \/ Yoast SEO plugin. -->","yoast_head_json":{"title":"NOX TL10 QUANTUM 12K BY TINO LIBAAK 2025 - Revolution Padel Store","description":"Esta\u00a0pala de p\u00e1del Nox para hombre\u00a0se ha dise\u00f1ado espec\u00edficamente para conseguir un nivel de versatilidad y potencia sin igual, lo que ayudar\u00e1 a los\u00a0jugadores de p\u00e1del de nivel avanzado o profesional\u00a0a adaptarse con eficacia a cualquier situaci\u00f3n en el terreno de juego.Este modelo asegura un tacto intermedio, comodidad y juego r\u00e1pido, para que seas un jugador letal en la pista.","robots":{"index":"index","follow":"follow","max-snippet":"max-snippet:-1","max-image-preview":"max-image-preview:large","max-video-preview":"max-video-preview:-1"},"canonical":"https:\/\/revolutionpadelstore.com\/de\/produkt\/nox-tl10-quantum-12k-by-tino-libaak-2025-1\/","og_locale":"de_DE","og_type":"article","og_title":"NOX TL10 QUANTUM 12K BY TINO LIBAAK 2025 - Revolution Padel Store","og_description":"Esta\u00a0pala de p\u00e1del Nox para hombre\u00a0se ha dise\u00f1ado espec\u00edficamente para conseguir un nivel de versatilidad y potencia sin igual, lo que ayudar\u00e1 a los\u00a0jugadores de p\u00e1del de nivel avanzado o profesional\u00a0a adaptarse con eficacia a cualquier situaci\u00f3n en el terreno de juego.Este modelo asegura un tacto intermedio, comodidad y juego r\u00e1pido, para que seas un jugador letal en la pista.","og_url":"https:\/\/revolutionpadelstore.com\/de\/produkt\/nox-tl10-quantum-12k-by-tino-libaak-2025-1\/","og_site_name":"Revolution Padel Store","article_modified_time":"2026-04-01T05:14:22+00:00","og_image":[{"width":1500,"height":1500,"url":"https:\/\/revolutionpadelstore.com\/wp-content\/uploads\/2024\/10\/113549_pala_nox_tl10_quantum_12k_by_tino_libaak_ptl10luxq25_1500x1500_1_3434.webp","type":"image\/webp"}],"twitter_card":"summary_large_image","twitter_misc":{"Gesch\u00e4tzte Lesezeit":"2\u00a0Minuten"},"schema":{"@context":"https:\/\/schema.org","@graph":[{"@type":"WebPage","@id":"https:\/\/revolutionpadelstore.com\/de\/produkt\/nox-tl10-quantum-12k-by-tino-libaak-2025-1\/","url":"https:\/\/revolutionpadelstore.com\/de\/produkt\/nox-tl10-quantum-12k-by-tino-libaak-2025-1\/","name":"NOX TL10 QUANTUM 12K BY TINO LIBAAK 2025 - Revolution Padel Store","isPartOf":{"@id":"https:\/\/revolutionpadelstore.com\/de\/#website"},"primaryImageOfPage":{"@id":"https:\/\/revolutionpadelstore.com\/de\/produkt\/nox-tl10-quantum-12k-by-tino-libaak-2025-1\/#primaryimage"},"image":{"@id":"https:\/\/revolutionpadelstore.com\/de\/produkt\/nox-tl10-quantum-12k-by-tino-libaak-2025-1\/#primaryimage"},"thumbnailUrl":"https:\/\/revolutionpadelstore.com\/wp-content\/uploads\/2024\/10\/113549_pala_nox_tl10_quantum_12k_by_tino_libaak_ptl10luxq25_1500x1500_1_3434.webp","datePublished":"2024-09-25T20:58:23+00:00","dateModified":"2026-04-01T05:14:22+00:00","description":"Esta\u00a0pala de p\u00e1del Nox para hombre\u00a0se ha dise\u00f1ado espec\u00edficamente para conseguir un nivel de versatilidad y potencia sin igual, lo que ayudar\u00e1 a los\u00a0jugadores de p\u00e1del de nivel avanzado o profesional\u00a0a adaptarse con eficacia a cualquier situaci\u00f3n en el terreno de juego.Este modelo asegura un tacto intermedio, comodidad y juego r\u00e1pido, para que seas un jugador letal en la pista.","breadcrumb":{"@id":"https:\/\/revolutionpadelstore.com\/de\/produkt\/nox-tl10-quantum-12k-by-tino-libaak-2025-1\/#breadcrumb"},"inLanguage":"de","potentialAction":[{"@type":"ReadAction","target":["https:\/\/revolutionpadelstore.com\/de\/produkt\/nox-tl10-quantum-12k-by-tino-libaak-2025-1\/"]}]},{"@type":"ImageObject","inLanguage":"de","@id":"https:\/\/revolutionpadelstore.com\/de\/produkt\/nox-tl10-quantum-12k-by-tino-libaak-2025-1\/#primaryimage","url":"https:\/\/revolutionpadelstore.com\/wp-content\/uploads\/2024\/10\/113549_pala_nox_tl10_quantum_12k_by_tino_libaak_ptl10luxq25_1500x1500_1_3434.webp","contentUrl":"https:\/\/revolutionpadelstore.com\/wp-content\/uploads\/2024\/10\/113549_pala_nox_tl10_quantum_12k_by_tino_libaak_ptl10luxq25_1500x1500_1_3434.webp","width":1500,"height":1500},{"@type":"BreadcrumbList","@id":"https:\/\/revolutionpadelstore.com\/de\/produkt\/nox-tl10-quantum-12k-by-tino-libaak-2025-1\/#breadcrumb","itemListElement":[{"@type":"ListItem","position":1,"name":"Portada","item":"https:\/\/revolutionpadelstore.com\/de\/"},{"@type":"ListItem","position":2,"name":"Shop","item":"https:\/\/revolutionpadelstore.com\/de\/tienda\/"},{"@type":"ListItem","position":3,"name":"NOX TL10 QUANTUM 12K BY TINO LIBAAK 2025"}]},{"@type":"WebSite","@id":"https:\/\/revolutionpadelstore.com\/de\/#website","url":"https:\/\/revolutionpadelstore.com\/de\/","name":"Revolution Padel Store","description":"","publisher":{"@id":"https:\/\/revolutionpadelstore.com\/de\/#organization"},"potentialAction":[{"@type":"SearchAction","target":{"@type":"EntryPoint","urlTemplate":"https:\/\/revolutionpadelstore.com\/de\/?s={search_term_string}"},"query-input":{"@type":"PropertyValueSpecification","valueRequired":true,"valueName":"search_term_string"}}],"inLanguage":"de"},{"@type":"Organization","@id":"https:\/\/revolutionpadelstore.com\/de\/#organization","name":"Revolution Padel Store","url":"https:\/\/revolutionpadelstore.com\/de\/","logo":{"@type":"ImageObject","inLanguage":"de","@id":"https:\/\/revolutionpadelstore.com\/de\/#\/schema\/logo\/image\/","url":"https:\/\/revolutionpadelstore.com\/wp-content\/uploads\/2026\/02\/revolution-padel-store.jpg","contentUrl":"https:\/\/revolutionpadelstore.com\/wp-content\/uploads\/2026\/02\/revolution-padel-store.jpg","width":2000,"height":2000,"caption":"Revolution Padel Store"},"image":{"@id":"https:\/\/revolutionpadelstore.com\/de\/#\/schema\/logo\/image\/"},"sameAs":["https:\/\/www.instagram.com\/revolutionpadelstore\/"]}]}},"_links":{"self":[{"href":"https:\/\/revolutionpadelstore.com\/de\/wp-json\/wp\/v2\/product\/72753","targetHints":{"allow":["GET"]}}],"collection":[{"href":"https:\/\/revolutionpadelstore.com\/de\/wp-json\/wp\/v2\/product"}],"about":[{"href":"https:\/\/revolutionpadelstore.com\/de\/wp-json\/wp\/v2\/types\/product"}],"replies":[{"embeddable":true,"href":"https:\/\/revolutionpadelstore.com\/de\/wp-json\/wp\/v2\/comments?post=72753"}],"wp:featuredmedia":[{"embeddable":true,"href":"https:\/\/revolutionpadelstore.com\/de\/wp-json\/wp\/v2\/media\/125371"}],"wp:attachment":[{"href":"https:\/\/revolutionpadelstore.com\/de\/wp-json\/wp\/v2\/media?parent=72753"}],"wp:term":[{"taxonomy":"acabado","embeddable":true,"href":"https:\/\/revolutionpadelstore.com\/de\/wp-json\/wp\/v2\/acabado?post=72753"},{"taxonomy":"balance","embeddable":true,"href":"https:\/\/revolutionpadelstore.com\/de\/wp-json\/wp\/v2\/balance?post=72753"},{"taxonomy":"dureza","embeddable":true,"href":"https:\/\/revolutionpadelstore.com\/de\/wp-json\/wp\/v2\/dureza?post=72753"},{"taxonomy":"forma","embeddable":true,"href":"https:\/\/revolutionpadelstore.com\/de\/wp-json\/wp\/v2\/forma?post=72753"},{"taxonomy":"jugador","embeddable":true,"href":"https:\/\/revolutionpadelstore.com\/de\/wp-json\/wp\/v2\/jugador?post=72753"},{"taxonomy":"marca","embeddable":true,"href":"https:\/\/revolutionpadelstore.com\/de\/wp-json\/wp\/v2\/marca?post=72753"},{"taxonomy":"nivel-de-juego","embeddable":true,"href":"https:\/\/revolutionpadelstore.com\/de\/wp-json\/wp\/v2\/nivel-de-juego?post=72753"},{"taxonomy":"superficie","embeddable":true,"href":"https:\/\/revolutionpadelstore.com\/de\/wp-json\/wp\/v2\/superficie?post=72753"},{"taxonomy":"tipo-de-juego","embeddable":true,"href":"https:\/\/revolutionpadelstore.com\/de\/wp-json\/wp\/v2\/tipo-de-juego?post=72753"},{"taxonomy":"product_brand","embeddable":true,"href":"https:\/\/revolutionpadelstore.com\/de\/wp-json\/wp\/v2\/product_brand?post=72753"},{"taxonomy":"product_cat","embeddable":true,"href":"https:\/\/revolutionpadelstore.com\/de\/wp-json\/wp\/v2\/product_cat?post=72753"},{"taxonomy":"product_tag","embeddable":true,"href":"https:\/\/revolutionpadelstore.com\/de\/wp-json\/wp\/v2\/product_tag?post=72753"}],"curies":[{"name":"wp","href":"https:\/\/api.w.org\/{rel}","templated":true}]}}