{"id":72748,"date":"2024-09-25T23:09:47","date_gmt":"2024-09-25T21:09:47","guid":{"rendered":"https:\/\/revolutionpadelstore.com\/nox-at10-pro-cup-comfort-by-agustin-tapia-2025\/"},"modified":"2026-04-01T07:13:53","modified_gmt":"2026-04-01T05:13:53","slug":"nox-at10-pro-cup-comfort-by-agustin-tapia-2025-1","status":"publish","type":"product","link":"https:\/\/revolutionpadelstore.com\/de\/produkt\/nox-at10-pro-cup-comfort-by-agustin-tapia-2025-1\/","title":{"rendered":"NOX AT10 PRO CUP COMFORT BY AGUSTIN TAPIA 2025"},"content":{"rendered":"<h2>Nox AT10 Pro Cup Comfort von Agust\u00edn Tapia 2025, dominiert mit Technik<\/h2>\n<p>Der Nox AT10 Pro Cup Comfort Schl\u00e4ger ist Teil der Kollektion 2025 der Marke. Ausgew\u00e4hlt wurde es von einem der besten Spieler der Welt, dem Argentinier <strong>Agust\u00edn Tapia<\/strong>. Sie werden jeden Punkt meistern und Ihre Technik und Leistung verbessern. Sein Design in Silber und die 3D-Textur sorgen f\u00fcr zus\u00e4tzlichen Stil.<\/p>\n<h2>Nox AT10 Pro Cup Comfort von Agust\u00edn Tapia 2025, Balance f\u00fcr Ihr Spiel<\/h2>\n<p>Dieser neue Nox-Schl\u00e4ger bietet fortgeschrittenen und professionellen Spielern mehr Komfort im Spiel. Seine Tropfenform und mittlere Balance sorgen f\u00fcr eine perfekte Balance zwischen Kontrolle und Kraft. Sie werden bei jedem Schlag sp\u00fcren, wie Sie jeden Punkt nach Belieben dominieren.<\/p>\n<p>Es ist ideal f\u00fcr technisch versiertere Spieler, genau wie der argentinische \u201e<strong>Mozart<\/strong>\u201c. Es verf\u00fcgt \u00fcber zahlreiche hochwertige Technologien.<\/p>\n<h2>Mit Nox AT10 Pro Cup Comfort von Agust\u00edn Tapia 2025<\/h2>\n<p style=\"padding-left: 40px\"><em>-Fiberglas<\/em>, ein Glasfasergewebe, das eine mittlere <strong>Steifigkeit<\/strong> bietet.<\/p>\n<p style=\"padding-left: 40px\">-Tropfenform und mittlere Balance.<\/p>\n<p style=\"padding-left: 40px\"><em>-HR3 Rubber<\/em>, ein Kern, der das Ged\u00e4chtnis verbessert, sodass er seinen Zustand vor dem Schlagen des Balls wiederherstellt. Mit diesem Gummi erreichen Sie maximale Leistung.<\/p>\n<p style=\"padding-left: 40px\"><em>-Carbonrahmen<\/em>, mehr Steifigkeit und <strong>Haltbarkeit<\/strong> f\u00fcr den Rahmen und die Klinge im Allgemeinen.<\/p>\n<p style=\"padding-left: 40px\"><em>-Smart Strap<\/em>, ein System, mit dem Sie das Kabel einfach <strong>auswechseln<\/strong> k\u00f6nnen und so die Hygiene verbessern, ohne die Garantie dadurch zu verlieren die untere Kappe manipulieren zu m\u00fcssen.<\/p>\n<p style=\"padding-left: 40px\">-3D-Textur.<\/p>\n<h3>Nox AT10 Pro Cup Comfort von Agust\u00edn Tapia 2025 im Revolution Padel Store erh\u00e4ltlich<\/h3>\n<p>Wenn Sie ein wettbewerbsintensiver, technischer Spieler sind, der in Ihrem Spiel Wert auf Ausgewogenheit legt, wird dieser neue Nox AT10 Pro Cup Comfort Ihr bester Verb\u00fcndeter auf dem Platz sein. F\u00fchlen Sie sich wie <strong>Agust\u00edn Tapia<\/strong> und genie\u00dfen Sie Ihren Lieblingssport in voller Auslastung.<\/p>\n<h2>Nox AT10 Pro Cup Comfort By Agust\u00edn Tapia 2025, domina a base de t\u00e9cnica<\/h2>\n","protected":false},"excerpt":{"rendered":"<p>Nox AT10 Pro Cup Komfortschl\u00e4ger von Agust\u00edn Tapia f\u00fcr Wettkampfspieler auf hohem Niveau. Tropfenform f\u00fcr ein ideales Gleichgewicht zwischen Kraft und Kontrolle.<\/p>\n","protected":false},"featured_media":125347,"comment_status":"open","ping_status":"closed","template":"","meta":{"_acf_changed":false,"_joinchat":[]},"acabado":[1089],"balance":[1139],"dureza":[1154],"forma":[1184],"jugador":[1189,1199],"marca":[1259],"nivel-de-juego":[1334],"superficie":[1359],"tipo-de-juego":[1384],"product_brand":[],"product_cat":[299],"product_tag":[],"class_list":{"0":"post-72748","1":"product","2":"type-product","3":"status-publish","4":"has-post-thumbnail","6":"acabado-3d-entlasten","7":"balance-mittel","8":"dureza-media-de","9":"forma-lagrima-de","10":"jugador-mann","11":"jugador-mehrzweck","12":"marca-nox-de","13":"superficie-rugosa-de","14":"tipo-de-juego-mehrzweck","15":"product_cat-palas-de-padel-de","17":"first","18":"instock","19":"sale","20":"taxable","21":"shipping-taxable","22":"purchasable","23":"product-type-simple"},"acf":[],"yoast_head":"<!-- This site is optimized with the Yoast SEO plugin v27.3 - https:\/\/yoast.com\/product\/yoast-seo-wordpress\/ -->\n<title>NOX AT10 PRO CUP COMFORT BY AGUSTIN TAPIA 2025 - Revolution Padel Store<\/title>\n<meta name=\"description\" content=\"Esta nueva pala de Nox llega para dotar de una mayor\u00a0comodidad\u00a0en el juego a jugadores de nivel avanzado y profesional. Su\u00a0forma de l\u00e1grima\u00a0y balance medio, otorgan un equilibrio perfecto entre\u00a0control y potencia. Sentir\u00e1s en cada golpeo c\u00f3mo dominas a tu antojo cada punto. Es ideal para jugadores m\u00e1s t\u00e9cnicos, al igual que el \u201cMozart\u201d argentino. Cuenta con numerosas tecnolog\u00edas de gran calidad.\" \/>\n<meta name=\"robots\" content=\"index, follow, max-snippet:-1, max-image-preview:large, max-video-preview:-1\" \/>\n<link rel=\"canonical\" href=\"https:\/\/revolutionpadelstore.com\/de\/produkt\/nox-at10-pro-cup-comfort-by-agustin-tapia-2025-1\/\" \/>\n<meta property=\"og:locale\" content=\"de_DE\" \/>\n<meta property=\"og:type\" content=\"article\" \/>\n<meta property=\"og:title\" content=\"NOX AT10 PRO CUP COMFORT BY AGUSTIN TAPIA 2025 - Revolution Padel Store\" \/>\n<meta property=\"og:description\" content=\"Esta nueva pala de Nox llega para dotar de una mayor\u00a0comodidad\u00a0en el juego a jugadores de nivel avanzado y profesional. Su\u00a0forma de l\u00e1grima\u00a0y balance medio, otorgan un equilibrio perfecto entre\u00a0control y potencia. Sentir\u00e1s en cada golpeo c\u00f3mo dominas a tu antojo cada punto. Es ideal para jugadores m\u00e1s t\u00e9cnicos, al igual que el \u201cMozart\u201d argentino. Cuenta con numerosas tecnolog\u00edas de gran calidad.\" \/>\n<meta property=\"og:url\" content=\"https:\/\/revolutionpadelstore.com\/de\/produkt\/nox-at10-pro-cup-comfort-by-agustin-tapia-2025-1\/\" \/>\n<meta property=\"og:site_name\" content=\"Revolution Padel Store\" \/>\n<meta property=\"article:modified_time\" content=\"2026-04-01T05:13:53+00:00\" \/>\n<meta property=\"og:image\" content=\"https:\/\/revolutionpadelstore.com\/wp-content\/uploads\/2024\/10\/113543_pala_nox_at10_pro_cup_comfort_by_agustin_tapia_pat10pcc25_1500x1500_1_438f.webp\" \/>\n\t<meta property=\"og:image:width\" content=\"1500\" \/>\n\t<meta property=\"og:image:height\" content=\"1500\" \/>\n\t<meta property=\"og:image:type\" content=\"image\/webp\" \/>\n<meta name=\"twitter:card\" content=\"summary_large_image\" \/>\n<meta name=\"twitter:label1\" content=\"Gesch\u00e4tzte Lesezeit\" \/>\n\t<meta name=\"twitter:data1\" content=\"2\u00a0Minuten\" \/>\n<script type=\"application\/ld+json\" class=\"yoast-schema-graph\">{\"@context\":\"https:\\\/\\\/schema.org\",\"@graph\":[{\"@type\":\"WebPage\",\"@id\":\"https:\\\/\\\/revolutionpadelstore.com\\\/de\\\/produkt\\\/nox-at10-pro-cup-comfort-by-agustin-tapia-2025-1\\\/\",\"url\":\"https:\\\/\\\/revolutionpadelstore.com\\\/de\\\/produkt\\\/nox-at10-pro-cup-comfort-by-agustin-tapia-2025-1\\\/\",\"name\":\"NOX AT10 PRO CUP COMFORT BY AGUSTIN TAPIA 2025 - Revolution Padel Store\",\"isPartOf\":{\"@id\":\"https:\\\/\\\/revolutionpadelstore.com\\\/de\\\/#website\"},\"primaryImageOfPage\":{\"@id\":\"https:\\\/\\\/revolutionpadelstore.com\\\/de\\\/produkt\\\/nox-at10-pro-cup-comfort-by-agustin-tapia-2025-1\\\/#primaryimage\"},\"image\":{\"@id\":\"https:\\\/\\\/revolutionpadelstore.com\\\/de\\\/produkt\\\/nox-at10-pro-cup-comfort-by-agustin-tapia-2025-1\\\/#primaryimage\"},\"thumbnailUrl\":\"https:\\\/\\\/revolutionpadelstore.com\\\/wp-content\\\/uploads\\\/2024\\\/10\\\/113543_pala_nox_at10_pro_cup_comfort_by_agustin_tapia_pat10pcc25_1500x1500_1_438f.webp\",\"datePublished\":\"2024-09-25T21:09:47+00:00\",\"dateModified\":\"2026-04-01T05:13:53+00:00\",\"description\":\"Esta nueva pala de Nox llega para dotar de una mayor\u00a0comodidad\u00a0en el juego a jugadores de nivel avanzado y profesional. Su\u00a0forma de l\u00e1grima\u00a0y balance medio, otorgan un equilibrio perfecto entre\u00a0control y potencia. Sentir\u00e1s en cada golpeo c\u00f3mo dominas a tu antojo cada punto. Es ideal para jugadores m\u00e1s t\u00e9cnicos, al igual que el \u201cMozart\u201d argentino. Cuenta con numerosas tecnolog\u00edas de gran calidad.\",\"breadcrumb\":{\"@id\":\"https:\\\/\\\/revolutionpadelstore.com\\\/de\\\/produkt\\\/nox-at10-pro-cup-comfort-by-agustin-tapia-2025-1\\\/#breadcrumb\"},\"inLanguage\":\"de\",\"potentialAction\":[{\"@type\":\"ReadAction\",\"target\":[\"https:\\\/\\\/revolutionpadelstore.com\\\/de\\\/produkt\\\/nox-at10-pro-cup-comfort-by-agustin-tapia-2025-1\\\/\"]}]},{\"@type\":\"ImageObject\",\"inLanguage\":\"de\",\"@id\":\"https:\\\/\\\/revolutionpadelstore.com\\\/de\\\/produkt\\\/nox-at10-pro-cup-comfort-by-agustin-tapia-2025-1\\\/#primaryimage\",\"url\":\"https:\\\/\\\/revolutionpadelstore.com\\\/wp-content\\\/uploads\\\/2024\\\/10\\\/113543_pala_nox_at10_pro_cup_comfort_by_agustin_tapia_pat10pcc25_1500x1500_1_438f.webp\",\"contentUrl\":\"https:\\\/\\\/revolutionpadelstore.com\\\/wp-content\\\/uploads\\\/2024\\\/10\\\/113543_pala_nox_at10_pro_cup_comfort_by_agustin_tapia_pat10pcc25_1500x1500_1_438f.webp\",\"width\":1500,\"height\":1500},{\"@type\":\"BreadcrumbList\",\"@id\":\"https:\\\/\\\/revolutionpadelstore.com\\\/de\\\/produkt\\\/nox-at10-pro-cup-comfort-by-agustin-tapia-2025-1\\\/#breadcrumb\",\"itemListElement\":[{\"@type\":\"ListItem\",\"position\":1,\"name\":\"Portada\",\"item\":\"https:\\\/\\\/revolutionpadelstore.com\\\/de\\\/\"},{\"@type\":\"ListItem\",\"position\":2,\"name\":\"Shop\",\"item\":\"https:\\\/\\\/revolutionpadelstore.com\\\/de\\\/tienda\\\/\"},{\"@type\":\"ListItem\",\"position\":3,\"name\":\"NOX AT10 PRO CUP COMFORT BY AGUSTIN TAPIA 2025\"}]},{\"@type\":\"WebSite\",\"@id\":\"https:\\\/\\\/revolutionpadelstore.com\\\/de\\\/#website\",\"url\":\"https:\\\/\\\/revolutionpadelstore.com\\\/de\\\/\",\"name\":\"Revolution Padel Store\",\"description\":\"\",\"publisher\":{\"@id\":\"https:\\\/\\\/revolutionpadelstore.com\\\/de\\\/#organization\"},\"potentialAction\":[{\"@type\":\"SearchAction\",\"target\":{\"@type\":\"EntryPoint\",\"urlTemplate\":\"https:\\\/\\\/revolutionpadelstore.com\\\/de\\\/?s={search_term_string}\"},\"query-input\":{\"@type\":\"PropertyValueSpecification\",\"valueRequired\":true,\"valueName\":\"search_term_string\"}}],\"inLanguage\":\"de\"},{\"@type\":\"Organization\",\"@id\":\"https:\\\/\\\/revolutionpadelstore.com\\\/de\\\/#organization\",\"name\":\"Revolution Padel Store\",\"url\":\"https:\\\/\\\/revolutionpadelstore.com\\\/de\\\/\",\"logo\":{\"@type\":\"ImageObject\",\"inLanguage\":\"de\",\"@id\":\"https:\\\/\\\/revolutionpadelstore.com\\\/de\\\/#\\\/schema\\\/logo\\\/image\\\/\",\"url\":\"https:\\\/\\\/revolutionpadelstore.com\\\/wp-content\\\/uploads\\\/2026\\\/02\\\/revolution-padel-store.jpg\",\"contentUrl\":\"https:\\\/\\\/revolutionpadelstore.com\\\/wp-content\\\/uploads\\\/2026\\\/02\\\/revolution-padel-store.jpg\",\"width\":2000,\"height\":2000,\"caption\":\"Revolution Padel Store\"},\"image\":{\"@id\":\"https:\\\/\\\/revolutionpadelstore.com\\\/de\\\/#\\\/schema\\\/logo\\\/image\\\/\"},\"sameAs\":[\"https:\\\/\\\/www.instagram.com\\\/revolutionpadelstore\\\/\"]}]}<\/script>\n<!-- \/ Yoast SEO plugin. -->","yoast_head_json":{"title":"NOX AT10 PRO CUP COMFORT BY AGUSTIN TAPIA 2025 - Revolution Padel Store","description":"Esta nueva pala de Nox llega para dotar de una mayor\u00a0comodidad\u00a0en el juego a jugadores de nivel avanzado y profesional. Su\u00a0forma de l\u00e1grima\u00a0y balance medio, otorgan un equilibrio perfecto entre\u00a0control y potencia. Sentir\u00e1s en cada golpeo c\u00f3mo dominas a tu antojo cada punto. Es ideal para jugadores m\u00e1s t\u00e9cnicos, al igual que el \u201cMozart\u201d argentino. Cuenta con numerosas tecnolog\u00edas de gran calidad.","robots":{"index":"index","follow":"follow","max-snippet":"max-snippet:-1","max-image-preview":"max-image-preview:large","max-video-preview":"max-video-preview:-1"},"canonical":"https:\/\/revolutionpadelstore.com\/de\/produkt\/nox-at10-pro-cup-comfort-by-agustin-tapia-2025-1\/","og_locale":"de_DE","og_type":"article","og_title":"NOX AT10 PRO CUP COMFORT BY AGUSTIN TAPIA 2025 - Revolution Padel Store","og_description":"Esta nueva pala de Nox llega para dotar de una mayor\u00a0comodidad\u00a0en el juego a jugadores de nivel avanzado y profesional. Su\u00a0forma de l\u00e1grima\u00a0y balance medio, otorgan un equilibrio perfecto entre\u00a0control y potencia. Sentir\u00e1s en cada golpeo c\u00f3mo dominas a tu antojo cada punto. Es ideal para jugadores m\u00e1s t\u00e9cnicos, al igual que el \u201cMozart\u201d argentino. Cuenta con numerosas tecnolog\u00edas de gran calidad.","og_url":"https:\/\/revolutionpadelstore.com\/de\/produkt\/nox-at10-pro-cup-comfort-by-agustin-tapia-2025-1\/","og_site_name":"Revolution Padel Store","article_modified_time":"2026-04-01T05:13:53+00:00","og_image":[{"width":1500,"height":1500,"url":"https:\/\/revolutionpadelstore.com\/wp-content\/uploads\/2024\/10\/113543_pala_nox_at10_pro_cup_comfort_by_agustin_tapia_pat10pcc25_1500x1500_1_438f.webp","type":"image\/webp"}],"twitter_card":"summary_large_image","twitter_misc":{"Gesch\u00e4tzte Lesezeit":"2\u00a0Minuten"},"schema":{"@context":"https:\/\/schema.org","@graph":[{"@type":"WebPage","@id":"https:\/\/revolutionpadelstore.com\/de\/produkt\/nox-at10-pro-cup-comfort-by-agustin-tapia-2025-1\/","url":"https:\/\/revolutionpadelstore.com\/de\/produkt\/nox-at10-pro-cup-comfort-by-agustin-tapia-2025-1\/","name":"NOX AT10 PRO CUP COMFORT BY AGUSTIN TAPIA 2025 - Revolution Padel Store","isPartOf":{"@id":"https:\/\/revolutionpadelstore.com\/de\/#website"},"primaryImageOfPage":{"@id":"https:\/\/revolutionpadelstore.com\/de\/produkt\/nox-at10-pro-cup-comfort-by-agustin-tapia-2025-1\/#primaryimage"},"image":{"@id":"https:\/\/revolutionpadelstore.com\/de\/produkt\/nox-at10-pro-cup-comfort-by-agustin-tapia-2025-1\/#primaryimage"},"thumbnailUrl":"https:\/\/revolutionpadelstore.com\/wp-content\/uploads\/2024\/10\/113543_pala_nox_at10_pro_cup_comfort_by_agustin_tapia_pat10pcc25_1500x1500_1_438f.webp","datePublished":"2024-09-25T21:09:47+00:00","dateModified":"2026-04-01T05:13:53+00:00","description":"Esta nueva pala de Nox llega para dotar de una mayor\u00a0comodidad\u00a0en el juego a jugadores de nivel avanzado y profesional. Su\u00a0forma de l\u00e1grima\u00a0y balance medio, otorgan un equilibrio perfecto entre\u00a0control y potencia. Sentir\u00e1s en cada golpeo c\u00f3mo dominas a tu antojo cada punto. Es ideal para jugadores m\u00e1s t\u00e9cnicos, al igual que el \u201cMozart\u201d argentino. Cuenta con numerosas tecnolog\u00edas de gran calidad.","breadcrumb":{"@id":"https:\/\/revolutionpadelstore.com\/de\/produkt\/nox-at10-pro-cup-comfort-by-agustin-tapia-2025-1\/#breadcrumb"},"inLanguage":"de","potentialAction":[{"@type":"ReadAction","target":["https:\/\/revolutionpadelstore.com\/de\/produkt\/nox-at10-pro-cup-comfort-by-agustin-tapia-2025-1\/"]}]},{"@type":"ImageObject","inLanguage":"de","@id":"https:\/\/revolutionpadelstore.com\/de\/produkt\/nox-at10-pro-cup-comfort-by-agustin-tapia-2025-1\/#primaryimage","url":"https:\/\/revolutionpadelstore.com\/wp-content\/uploads\/2024\/10\/113543_pala_nox_at10_pro_cup_comfort_by_agustin_tapia_pat10pcc25_1500x1500_1_438f.webp","contentUrl":"https:\/\/revolutionpadelstore.com\/wp-content\/uploads\/2024\/10\/113543_pala_nox_at10_pro_cup_comfort_by_agustin_tapia_pat10pcc25_1500x1500_1_438f.webp","width":1500,"height":1500},{"@type":"BreadcrumbList","@id":"https:\/\/revolutionpadelstore.com\/de\/produkt\/nox-at10-pro-cup-comfort-by-agustin-tapia-2025-1\/#breadcrumb","itemListElement":[{"@type":"ListItem","position":1,"name":"Portada","item":"https:\/\/revolutionpadelstore.com\/de\/"},{"@type":"ListItem","position":2,"name":"Shop","item":"https:\/\/revolutionpadelstore.com\/de\/tienda\/"},{"@type":"ListItem","position":3,"name":"NOX AT10 PRO CUP COMFORT BY AGUSTIN TAPIA 2025"}]},{"@type":"WebSite","@id":"https:\/\/revolutionpadelstore.com\/de\/#website","url":"https:\/\/revolutionpadelstore.com\/de\/","name":"Revolution Padel Store","description":"","publisher":{"@id":"https:\/\/revolutionpadelstore.com\/de\/#organization"},"potentialAction":[{"@type":"SearchAction","target":{"@type":"EntryPoint","urlTemplate":"https:\/\/revolutionpadelstore.com\/de\/?s={search_term_string}"},"query-input":{"@type":"PropertyValueSpecification","valueRequired":true,"valueName":"search_term_string"}}],"inLanguage":"de"},{"@type":"Organization","@id":"https:\/\/revolutionpadelstore.com\/de\/#organization","name":"Revolution Padel Store","url":"https:\/\/revolutionpadelstore.com\/de\/","logo":{"@type":"ImageObject","inLanguage":"de","@id":"https:\/\/revolutionpadelstore.com\/de\/#\/schema\/logo\/image\/","url":"https:\/\/revolutionpadelstore.com\/wp-content\/uploads\/2026\/02\/revolution-padel-store.jpg","contentUrl":"https:\/\/revolutionpadelstore.com\/wp-content\/uploads\/2026\/02\/revolution-padel-store.jpg","width":2000,"height":2000,"caption":"Revolution Padel Store"},"image":{"@id":"https:\/\/revolutionpadelstore.com\/de\/#\/schema\/logo\/image\/"},"sameAs":["https:\/\/www.instagram.com\/revolutionpadelstore\/"]}]}},"_links":{"self":[{"href":"https:\/\/revolutionpadelstore.com\/de\/wp-json\/wp\/v2\/product\/72748","targetHints":{"allow":["GET"]}}],"collection":[{"href":"https:\/\/revolutionpadelstore.com\/de\/wp-json\/wp\/v2\/product"}],"about":[{"href":"https:\/\/revolutionpadelstore.com\/de\/wp-json\/wp\/v2\/types\/product"}],"replies":[{"embeddable":true,"href":"https:\/\/revolutionpadelstore.com\/de\/wp-json\/wp\/v2\/comments?post=72748"}],"wp:featuredmedia":[{"embeddable":true,"href":"https:\/\/revolutionpadelstore.com\/de\/wp-json\/wp\/v2\/media\/125347"}],"wp:attachment":[{"href":"https:\/\/revolutionpadelstore.com\/de\/wp-json\/wp\/v2\/media?parent=72748"}],"wp:term":[{"taxonomy":"acabado","embeddable":true,"href":"https:\/\/revolutionpadelstore.com\/de\/wp-json\/wp\/v2\/acabado?post=72748"},{"taxonomy":"balance","embeddable":true,"href":"https:\/\/revolutionpadelstore.com\/de\/wp-json\/wp\/v2\/balance?post=72748"},{"taxonomy":"dureza","embeddable":true,"href":"https:\/\/revolutionpadelstore.com\/de\/wp-json\/wp\/v2\/dureza?post=72748"},{"taxonomy":"forma","embeddable":true,"href":"https:\/\/revolutionpadelstore.com\/de\/wp-json\/wp\/v2\/forma?post=72748"},{"taxonomy":"jugador","embeddable":true,"href":"https:\/\/revolutionpadelstore.com\/de\/wp-json\/wp\/v2\/jugador?post=72748"},{"taxonomy":"marca","embeddable":true,"href":"https:\/\/revolutionpadelstore.com\/de\/wp-json\/wp\/v2\/marca?post=72748"},{"taxonomy":"nivel-de-juego","embeddable":true,"href":"https:\/\/revolutionpadelstore.com\/de\/wp-json\/wp\/v2\/nivel-de-juego?post=72748"},{"taxonomy":"superficie","embeddable":true,"href":"https:\/\/revolutionpadelstore.com\/de\/wp-json\/wp\/v2\/superficie?post=72748"},{"taxonomy":"tipo-de-juego","embeddable":true,"href":"https:\/\/revolutionpadelstore.com\/de\/wp-json\/wp\/v2\/tipo-de-juego?post=72748"},{"taxonomy":"product_brand","embeddable":true,"href":"https:\/\/revolutionpadelstore.com\/de\/wp-json\/wp\/v2\/product_brand?post=72748"},{"taxonomy":"product_cat","embeddable":true,"href":"https:\/\/revolutionpadelstore.com\/de\/wp-json\/wp\/v2\/product_cat?post=72748"},{"taxonomy":"product_tag","embeddable":true,"href":"https:\/\/revolutionpadelstore.com\/de\/wp-json\/wp\/v2\/product_tag?post=72748"}],"curies":[{"name":"wp","href":"https:\/\/api.w.org\/{rel}","templated":true}]}}